{"id":895,"date":"2023-09-27T06:40:47","date_gmt":"2023-09-27T06:40:47","guid":{"rendered":"http:\/\/www.jinyupaint.com\/?post_type=product&#038;p=895"},"modified":"2025-02-18T09:22:43","modified_gmt":"2025-02-18T09:22:43","slug":"e2325-self-leveling-colored-cement","status":"publish","type":"product","link":"https:\/\/www.jinyupaint.com\/sv\/produkt\/e2325-self-leveling-colored-cement","title":{"rendered":"E2325 Sj\u00e4lvutj\u00e4mnande f\u00e4rgad cement"},"content":{"rendered":"<h2 data-start=\"459\" data-end=\"487\"><strong data-start=\"464\" data-end=\"487\">Huvudfunktion<\/strong><\/h2>\n<ul data-start=\"599\" data-end=\"985\">\n<li data-start=\"599\" data-end=\"697\">Enkel, bekv\u00e4m och snabb konstruktion som \u00e4r idealisk f\u00f6r sj\u00e4lvutj\u00e4mnande betongapplikationer.<\/li>\n<li data-start=\"698\" data-end=\"820\">Slitstark, h\u00e5llbar, ekonomisk och milj\u00f6v\u00e4nlig, perfekt f\u00f6r utj\u00e4mning av betonggolv.<\/li>\n<li data-start=\"821\" data-end=\"920\">Produkten har utm\u00e4rkt flytf\u00f6rm\u00e5ga, vilket g\u00f6r den perfekt f\u00f6r sj\u00e4lvutj\u00e4mnande cementinstallationer.<\/li>\n<li data-start=\"921\" data-end=\"985\">Kort byggtid, vilket s\u00e4kerst\u00e4ller snabbare projektavslut.<\/li>\n<\/ul>\n<h2 data-start=\"1080\" data-end=\"1117\"><strong data-start=\"1085\" data-end=\"1117\">Detaljerad introduktion<\/strong><\/h2>\n<p data-start=\"1218\" data-end=\"1651\">E2325 sj\u00e4lvutj\u00e4mnande murbruk med f\u00e4rgad cement \u00e4r en blandning av specialcement, utvalda ballastmaterial och tillsatser. N\u00e4r det blandas med vatten bildar det ett sj\u00e4lvutj\u00e4mnande grundmaterial med stark flytf\u00f6rm\u00e5ga och h\u00f6g h\u00e5llfasthet. Det finns i f\u00e4rger som gr\u00e5tt, r\u00f6tt, gult, bl\u00e5tt och kromgr\u00f6nt och \u00e4r l\u00e4mpligt f\u00f6r olika till\u00e4mpningar med sj\u00e4lvutj\u00e4mnande betong, vilket ger en j\u00e4mn yta p\u00e5 b\u00e5de nya och renoverade golv.<\/p>\n<h2 data-start=\"1720\" data-end=\"1753\"><strong data-start=\"1725\" data-end=\"1753\">Till\u00e4mpningsomr\u00e5de<\/strong><\/h2>\n<p data-start=\"1830\" data-end=\"2147\">Denna produkt \u00e4r idealisk f\u00f6r exakt avj\u00e4mning av betonggolv och passar perfekt f\u00f6r sj\u00e4lvutj\u00e4mnande betongentrepren\u00f6rer, golvrenoveringsprojekt och nybyggnation av golv. Anv\u00e4nds ofta i industrianl\u00e4ggningar, p\u00e5 parkeringsplatser, i bostadsomr\u00e5den och p\u00e5 kontor. \u00c4ven l\u00e4mplig f\u00f6r anv\u00e4ndning i h\u00f6gtrafikerade omr\u00e5den.<\/p>\n<h2 data-start=\"2256\" data-end=\"2291\"><strong data-start=\"2261\" data-end=\"2291\">Information om produkten\u00a0<\/strong><\/h2>\n<p data-start=\"2357\" data-end=\"2481\">Produkten \u00e4r ett torrblandat pulvermaterial, speciellt utformat f\u00f6r sj\u00e4lvutj\u00e4mnande cementapplikationer.<\/p>\n<ul data-start=\"2482\" data-end=\"2695\">\n<li data-start=\"2482\" data-end=\"2541\"><strong data-start=\"2484\" data-end=\"2497\">F\u00f6rpackning<\/strong>: Fukts\u00e4kra pappersp\u00e5sar, 25 kg per p\u00e5se.<\/li>\n<li data-start=\"2542\" data-end=\"2695\"><strong data-start=\"2544\" data-end=\"2555\">F\u00f6rvaring<\/strong>: F\u00f6rvara i ett svalt, torrt och v\u00e4lventilerat lager, p\u00e5 avst\u00e5nd fr\u00e5n fukt och v\u00e4rmek\u00e4llor. Rekommenderad f\u00f6rvaringstemperatur: 5-35\u00b0C.<\/li>\n<\/ul>\n<h2 data-start=\"2739\" data-end=\"2769\"><strong data-start=\"2744\" data-end=\"2769\">Tekniska data\u00a0<\/strong><\/h2>\n<ul data-start=\"3427\" data-end=\"3474\">\n<li data-start=\"2833\" data-end=\"2875\"><strong data-start=\"2835\" data-end=\"2863\">24 timmars tryckh\u00e5llfasthet<\/strong>: \u22656,0 Mpa<\/li>\n<li data-start=\"2876\" data-end=\"2915\"><strong data-start=\"2878\" data-end=\"2903\">24 timmars b\u00f6jh\u00e5llfasthet<\/strong>: \u22652,0 Mpa<\/li>\n<li data-start=\"2916\" data-end=\"2954\"><strong data-start=\"2918\" data-end=\"2946\">28d tryckh\u00e5llfasthet<\/strong>: \u2265C30<\/li>\n<li data-start=\"2955\" data-end=\"2989\"><strong data-start=\"2957\" data-end=\"2982\">28d b\u00f6jh\u00e5llfasthet<\/strong>: \u2265F9<\/li>\n<li data-start=\"2990\" data-end=\"3015\"><strong data-start=\"2992\" data-end=\"3004\">V\u00e4tska<\/strong>: \u2265130 mm<\/li>\n<li data-start=\"3016\" data-end=\"3055\"><strong data-start=\"3018\" data-end=\"3044\">F\u00f6rbr\u00e4nningsprestanda<\/strong>: Klass A<\/li>\n<li data-start=\"3016\" data-end=\"3055\">\n<h2><strong data-start=\"3104\" data-end=\"3129\">Systemmeddelande<\/strong><\/h2>\n<\/li>\n<li data-start=\"3212\" data-end=\"3288\"><strong data-start=\"3214\" data-end=\"3230\">Bottenlager<\/strong>: 1-2 lager av sj\u00e4lvutj\u00e4mnande cement som gr\u00e4nssnitt<\/li>\n<li data-start=\"3289\" data-end=\"3349\"><strong data-start=\"3291\" data-end=\"3308\">Ytskikt<\/strong>: 1 lager sj\u00e4lvutj\u00e4mnande betong<\/li>\n<li data-start=\"3350\" data-end=\"3412\"><strong data-start=\"3352\" data-end=\"3372\">Skyddande agent<\/strong>: Applicera 2-3 lager av skyddsmedel<\/li>\n<\/ul>\n<h2>Systemets rekommenderade dosering<\/h2>\n<p><strong>Golvsystem:<\/strong> Sj\u00e4lvutj\u00e4mnande system med 5-6 mm cement<\/p>\n<p>Materialnamn Dosering Anm\u00e4rkningar<\/p>\n<p>Gr\u00e4nssnittsagent 0,2-0,25 kg\/\u33a1 beroende p\u00e5 markf\u00f6rh\u00e5llanden<\/p>\n<p>Cement sj\u00e4lvutj\u00e4mnande 8,5-10 kg\/\u33a1<\/p>\n<p>Cement sj\u00e4lvutj\u00e4mnande skyddsmedel 0,15 kg\/\u33a1<\/p>\n<p>N430 polyuretan topplack 0,08-0,1 kg\/\u33a1<\/p>\n<h2>Krav p\u00e5 gr\u00e4sr\u00f6tterna<\/h2>\n<p>Betonggolvets kvalitet b\u00f6r vara h\u00f6gre \u00e4n C25, dragh\u00e5llfastheten b\u00f6r vara \u22651,5 MPa och planheten b\u00f6r vara \u00b14 mm\/2 m baserad p\u00e5 linjal. Underlaget m\u00e5ste vara torrt, rent och fritt fr\u00e5n olja och andra f\u00f6roreningar.<\/p>\n<h2>Grundl\u00e4ggande behandling<\/h2>\n<p>Anv\u00e4nd en sandbl\u00e4stringsmaskin eller en golvslipmaskin f\u00f6r att sandbl\u00e4stra och polera hela marken som ska anl\u00e4ggas f\u00f6r att avl\u00e4gsna flytande damm p\u00e5 ytan av b\u00e4rlagret.<\/p>\n<h2>Byggf\u00f6rh\u00e5llanden<\/h2>\n<p><strong>Markens bastemperatur:<\/strong> 8-35\u2103<\/p>\n<p><strong>Temperatur i byggmilj\u00f6n:<\/strong> 8-35\u2103<\/p>\n<p><strong>Markens fuktinneh\u00e5ll:<\/strong> &lt;8%<\/p>\n<p><strong>Relativ luftfuktighet i byggmilj\u00f6n:<\/strong> &lt;80%<\/p>\n<h2>Byggmetoder\/verktyg<\/h2>\n<p>The construction of cement self-leveling is generally carried out by scraping. Tools used: toothed scraper. Protective agent: general wax mopping.<\/p>\n<h2>Applicable time<\/h2>\n<p>Ambient temperature Walking time Driving time<\/p>\n<p>10-15\u2103 2 days 7 days<\/p>\n<p>15-20\u2103 2 days 7 days<\/p>\n<p>20-30\u2103 1 day 7 days<\/p>\n<h2>Safeguard<\/h2>\n<p><strong>Skin Contact:<\/strong> Wash with plenty of water and remove contaminated clothing and shoes. Eye contact: Rinse with running water or saline and seek medical attention if necessary. Inhalation: Move to fresh air and keep respiratory tract open. If you feel unwell, please seek medical attention. Ingestion: Clean mouth, induce vomiting, seek medical attention.<\/p>\n<h2>F\u00f6rsiktighets\u00e5tg\u00e4rder<\/h2>\n<p>After the base layer is polished, pay attention to whether there are any cracks on the ground. If there are any cracks, they should be dealt with first before proceeding with the next step. The cement surface must be flat, and the height difference within two meters must be less than 4mm.<\/p>\n<h2><strong>First-aid<\/strong><\/h2>\n<p><strong>Skin Contact:<\/strong> Wash with plenty of water and remove contaminated clothing and shoes.<\/p>\n<p><strong>Kontakt med \u00f6gonen:<\/strong> Rinse with running water or saline and seek medical attention if necessary.<\/p>\n<p><strong>Inandning:<\/strong> Move to fresh air and keep respiratory tract open. If you feel unwell, please seek medical attention.<\/p>\n<p><strong>F\u00f6rt\u00e4ring:<\/strong> Clean mouth, induce vomiting, seek medical attention.<\/p>","protected":false},"excerpt":{"rendered":"<p>E2325 Self-Leveling Colored Cement \u00e4r det perfekta valet f\u00f6r h\u00f6gpresterande sj\u00e4lvutj\u00e4mnande betongapplikationer. Oavsett om det g\u00e4ller nya golvinstallationer eller renoveringsprojekt ger denna h\u00e5llbara och kostnadseffektiva l\u00f6sning en sl\u00e4t och j\u00e4mn yta. Den finns i flera f\u00e4rger och \u00e4r perfekt f\u00f6r avj\u00e4mning av betonggolv i bost\u00e4der, kommersiella och industriella projekt.<\/p>","protected":false},"featured_media":897,"template":"","meta":{"om_disable_all_campaigns":false,"_monsterinsights_skip_tracking":false,"_monsterinsights_sitenote_active":false,"_monsterinsights_sitenote_note":"","_monsterinsights_sitenote_category":0,"_uf_show_specific_survey":0,"_uf_disable_surveys":false},"product_brand":[],"product_cat":[110],"product_tag":[146],"class_list":{"0":"post-895","1":"product","2":"type-product","3":"status-publish","4":"has-post-thumbnail","6":"product_cat-self-leveling-cement","7":"product_tag-self-leveling-cement","9":"first","10":"instock","11":"shipping-taxable","12":"product-type-simple"},"yoast_head":"<!-- This site is optimized with the Yoast SEO Premium plugin v26.2 (Yoast SEO v26.5) - https:\/\/yoast.com\/wordpress\/plugins\/seo\/ -->\n<title>E2325 Self-Leveling Colored Cement \u2013 Best Self Leveling Concrete - KAIDA PAINT\u00ae<\/title>\n<meta name=\"description\" content=\"E2325 Self-Leveling Colored Cement is ideal for self leveling concrete projects. Perfect for concrete floor leveling applications in industrial, residential, and commercial areas, providing a smooth, durable, and high-quality finish.\" \/>\n<meta name=\"robots\" content=\"index, follow, max-snippet:-1, max-image-preview:large, max-video-preview:-1\" \/>\n<link rel=\"canonical\" href=\"https:\/\/www.jinyupaint.com\/sv\/produkt\/e2325-self-leveling-colored-cement\/\" \/>\n<meta property=\"og:locale\" content=\"sv_SE\" \/>\n<meta property=\"og:type\" content=\"article\" \/>\n<meta property=\"og:title\" content=\"E2325 Self-leveling Colored Cement\" \/>\n<meta property=\"og:description\" content=\"E2325 Self-Leveling Colored Cement is ideal for self leveling concrete projects. Perfect for concrete floor leveling applications in industrial, residential, and commercial areas, providing a smooth, durable, and high-quality finish.\" \/>\n<meta property=\"og:url\" content=\"https:\/\/www.jinyupaint.com\/sv\/produkt\/e2325-self-leveling-colored-cement\/\" \/>\n<meta property=\"og:site_name\" content=\"KAIDA PAINT\u00ae\" \/>\n<meta property=\"article:modified_time\" content=\"2025-02-18T09:22:43+00:00\" \/>\n<meta property=\"og:image\" content=\"https:\/\/www.jinyupaint.com\/wp-content\/uploads\/2023\/09\/cement-self-leveling-1.jpg\" \/>\n\t<meta property=\"og:image:width\" content=\"750\" \/>\n\t<meta property=\"og:image:height\" content=\"750\" \/>\n\t<meta property=\"og:image:type\" content=\"image\/jpeg\" \/>\n<meta name=\"twitter:card\" content=\"summary_large_image\" \/>\n<meta name=\"twitter:label1\" content=\"Ber\u00e4knad l\u00e4stid\" \/>\n\t<meta name=\"twitter:data1\" content=\"3 minuter\" \/>\n<script type=\"application\/ld+json\" class=\"yoast-schema-graph\">{\"@context\":\"https:\/\/schema.org\",\"@graph\":[{\"@type\":\"WebPage\",\"@id\":\"https:\/\/www.jinyupaint.com\/product\/e2325-self-leveling-colored-cement\",\"url\":\"https:\/\/www.jinyupaint.com\/product\/e2325-self-leveling-colored-cement\",\"name\":\"E2325 Self-Leveling Colored Cement \u2013 Best Self Leveling Concrete - KAIDA PAINT\u00ae\",\"isPartOf\":{\"@id\":\"https:\/\/www.jinyupaint.com\/#website\"},\"primaryImageOfPage\":{\"@id\":\"https:\/\/www.jinyupaint.com\/product\/e2325-self-leveling-colored-cement#primaryimage\"},\"image\":{\"@id\":\"https:\/\/www.jinyupaint.com\/product\/e2325-self-leveling-colored-cement#primaryimage\"},\"thumbnailUrl\":\"https:\/\/www.jinyupaint.com\/wp-content\/uploads\/2023\/09\/cement-self-leveling-1.jpg\",\"datePublished\":\"2023-09-27T06:40:47+00:00\",\"dateModified\":\"2025-02-18T09:22:43+00:00\",\"description\":\"E2325 Self-Leveling Colored Cement is ideal for self leveling concrete projects. Perfect for concrete floor leveling applications in industrial, residential, and commercial areas, providing a smooth, durable, and high-quality finish.\",\"breadcrumb\":{\"@id\":\"https:\/\/www.jinyupaint.com\/product\/e2325-self-leveling-colored-cement#breadcrumb\"},\"inLanguage\":\"sv-SE\",\"potentialAction\":[{\"@type\":\"ReadAction\",\"target\":[\"https:\/\/www.jinyupaint.com\/product\/e2325-self-leveling-colored-cement\"]}]},{\"@type\":\"ImageObject\",\"inLanguage\":\"sv-SE\",\"@id\":\"https:\/\/www.jinyupaint.com\/product\/e2325-self-leveling-colored-cement#primaryimage\",\"url\":\"https:\/\/www.jinyupaint.com\/wp-content\/uploads\/2023\/09\/cement-self-leveling-1.jpg\",\"contentUrl\":\"https:\/\/www.jinyupaint.com\/wp-content\/uploads\/2023\/09\/cement-self-leveling-1.jpg\",\"width\":750,\"height\":750},{\"@type\":\"BreadcrumbList\",\"@id\":\"https:\/\/www.jinyupaint.com\/product\/e2325-self-leveling-colored-cement#breadcrumb\",\"itemListElement\":[{\"@type\":\"ListItem\",\"position\":1,\"name\":\"Home\",\"item\":\"https:\/\/www.jinyupaint.com\/\"},{\"@type\":\"ListItem\",\"position\":2,\"name\":\"Shop\",\"item\":\"https:\/\/www.jinyupaint.com\/shop.html\"},{\"@type\":\"ListItem\",\"position\":3,\"name\":\"E2325 Self-leveling Colored Cement\"}]},{\"@type\":\"WebSite\",\"@id\":\"https:\/\/www.jinyupaint.com\/#website\",\"url\":\"https:\/\/www.jinyupaint.com\/\",\"name\":\"JINYU\u00ae PAINT\",\"description\":\"JINYU PAINT\u00ae Manufacturer\",\"potentialAction\":[{\"@type\":\"SearchAction\",\"target\":{\"@type\":\"EntryPoint\",\"urlTemplate\":\"https:\/\/www.jinyupaint.com\/?s={search_term_string}\"},\"query-input\":{\"@type\":\"PropertyValueSpecification\",\"valueRequired\":true,\"valueName\":\"search_term_string\"}}],\"inLanguage\":\"sv-SE\"}]}<\/script>\n<!-- \/ Yoast SEO Premium plugin. -->","yoast_head_json":{"title":"E2325 Sj\u00e4lvutj\u00e4mnande f\u00e4rgad cement - B\u00e4sta sj\u00e4lvutj\u00e4mnande betongen - KAIDA PAINT\u00ae","description":"E2325 Self-Leveling Colored Cement \u00e4r idealisk f\u00f6r sj\u00e4lvutj\u00e4mnande betongprojekt. Perfekt f\u00f6r avj\u00e4mning av betonggolv i industri-, bostads- och kommersiella omr\u00e5den och ger en j\u00e4mn, h\u00e5llbar och h\u00f6gkvalitativ yta.","robots":{"index":"index","follow":"follow","max-snippet":"max-snippet:-1","max-image-preview":"max-image-preview:large","max-video-preview":"max-video-preview:-1"},"canonical":"https:\/\/www.jinyupaint.com\/sv\/produkt\/e2325-self-leveling-colored-cement\/","og_locale":"sv_SE","og_type":"article","og_title":"E2325 Self-leveling Colored Cement","og_description":"E2325 Self-Leveling Colored Cement is ideal for self leveling concrete projects. Perfect for concrete floor leveling applications in industrial, residential, and commercial areas, providing a smooth, durable, and high-quality finish.","og_url":"https:\/\/www.jinyupaint.com\/sv\/produkt\/e2325-self-leveling-colored-cement\/","og_site_name":"KAIDA PAINT\u00ae","article_modified_time":"2025-02-18T09:22:43+00:00","og_image":[{"width":750,"height":750,"url":"https:\/\/www.jinyupaint.com\/wp-content\/uploads\/2023\/09\/cement-self-leveling-1.jpg","type":"image\/jpeg"}],"twitter_card":"summary_large_image","twitter_misc":{"Ber\u00e4knad l\u00e4stid":"3 minuter"},"schema":{"@context":"https:\/\/schema.org","@graph":[{"@type":"WebPage","@id":"https:\/\/www.jinyupaint.com\/product\/e2325-self-leveling-colored-cement","url":"https:\/\/www.jinyupaint.com\/product\/e2325-self-leveling-colored-cement","name":"E2325 Sj\u00e4lvutj\u00e4mnande f\u00e4rgad cement - B\u00e4sta sj\u00e4lvutj\u00e4mnande betongen - KAIDA PAINT\u00ae","isPartOf":{"@id":"https:\/\/www.jinyupaint.com\/#website"},"primaryImageOfPage":{"@id":"https:\/\/www.jinyupaint.com\/product\/e2325-self-leveling-colored-cement#primaryimage"},"image":{"@id":"https:\/\/www.jinyupaint.com\/product\/e2325-self-leveling-colored-cement#primaryimage"},"thumbnailUrl":"https:\/\/www.jinyupaint.com\/wp-content\/uploads\/2023\/09\/cement-self-leveling-1.jpg","datePublished":"2023-09-27T06:40:47+00:00","dateModified":"2025-02-18T09:22:43+00:00","description":"E2325 Self-Leveling Colored Cement \u00e4r idealisk f\u00f6r sj\u00e4lvutj\u00e4mnande betongprojekt. Perfekt f\u00f6r avj\u00e4mning av betonggolv i industri-, bostads- och kommersiella omr\u00e5den och ger en j\u00e4mn, h\u00e5llbar och h\u00f6gkvalitativ yta.","breadcrumb":{"@id":"https:\/\/www.jinyupaint.com\/product\/e2325-self-leveling-colored-cement#breadcrumb"},"inLanguage":"sv-SE","potentialAction":[{"@type":"ReadAction","target":["https:\/\/www.jinyupaint.com\/product\/e2325-self-leveling-colored-cement"]}]},{"@type":"ImageObject","inLanguage":"sv-SE","@id":"https:\/\/www.jinyupaint.com\/product\/e2325-self-leveling-colored-cement#primaryimage","url":"https:\/\/www.jinyupaint.com\/wp-content\/uploads\/2023\/09\/cement-self-leveling-1.jpg","contentUrl":"https:\/\/www.jinyupaint.com\/wp-content\/uploads\/2023\/09\/cement-self-leveling-1.jpg","width":750,"height":750},{"@type":"BreadcrumbList","@id":"https:\/\/www.jinyupaint.com\/product\/e2325-self-leveling-colored-cement#breadcrumb","itemListElement":[{"@type":"ListItem","position":1,"name":"Home","item":"https:\/\/www.jinyupaint.com\/"},{"@type":"ListItem","position":2,"name":"Shop","item":"https:\/\/www.jinyupaint.com\/shop.html"},{"@type":"ListItem","position":3,"name":"E2325 Self-leveling Colored Cement"}]},{"@type":"WebSite","@id":"https:\/\/www.jinyupaint.com\/#website","url":"https:\/\/www.jinyupaint.com\/","name":"JINYU\u00ae F\u00c4RGER","description":"JINYU PAINT\u00ae Tillverkare","potentialAction":[{"@type":"SearchAction","target":{"@type":"EntryPoint","urlTemplate":"https:\/\/www.jinyupaint.com\/?s={search_term_string}"},"query-input":{"@type":"PropertyValueSpecification","valueRequired":true,"valueName":"search_term_string"}}],"inLanguage":"sv-SE"}]}},"_links":{"self":[{"href":"https:\/\/www.jinyupaint.com\/sv\/wp-json\/wp\/v2\/product\/895","targetHints":{"allow":["GET"]}}],"collection":[{"href":"https:\/\/www.jinyupaint.com\/sv\/wp-json\/wp\/v2\/product"}],"about":[{"href":"https:\/\/www.jinyupaint.com\/sv\/wp-json\/wp\/v2\/types\/product"}],"wp:featuredmedia":[{"embeddable":true,"href":"https:\/\/www.jinyupaint.com\/sv\/wp-json\/wp\/v2\/media\/897"}],"wp:attachment":[{"href":"https:\/\/www.jinyupaint.com\/sv\/wp-json\/wp\/v2\/media?parent=895"}],"wp:term":[{"taxonomy":"product_brand","embeddable":true,"href":"https:\/\/www.jinyupaint.com\/sv\/wp-json\/wp\/v2\/product_brand?post=895"},{"taxonomy":"product_cat","embeddable":true,"href":"https:\/\/www.jinyupaint.com\/sv\/wp-json\/wp\/v2\/product_cat?post=895"},{"taxonomy":"product_tag","embeddable":true,"href":"https:\/\/www.jinyupaint.com\/sv\/wp-json\/wp\/v2\/product_tag?post=895"}],"curies":[{"name":"wp","href":"https:\/\/api.w.org\/{rel}","templated":true}]}}