{"id":893,"date":"2023-09-27T06:24:38","date_gmt":"2023-09-27T06:24:38","guid":{"rendered":"http:\/\/www.jinyupaint.com\/?post_type=product&#038;p=893"},"modified":"2025-02-20T08:30:05","modified_gmt":"2025-02-20T08:30:05","slug":"epoxy-paint-top-coat-e8300","status":"publish","type":"product","link":"https:\/\/www.jinyupaint.com\/sv\/produkt\/epoxy-paint-top-coat-e8300","title":{"rendered":"E8300 Sj\u00e4lvutj\u00e4mnande epoxigolv topplack"},"content":{"rendered":"<h2><strong>Produktintroduktion<\/strong><\/h2>\n<p>E8300 Self-Leveling Epoxy Floor Top Coat \u00e4r en tv\u00e5komponents epoxitopplack med l\u00e5g VOC som \u00e4r avsedd f\u00f6r kr\u00e4vande golvbel\u00e4ggningar. Produkten best\u00e5r av flytande epoxiharts med l\u00e5g viskositet, importerade tillsatser, pigment, slitstarka fyllmedel och h\u00e4rdare och ger en j\u00e4mn, s\u00f6ml\u00f6s och h\u00e5llbar yta. Den \u00e4r idealisk f\u00f6r bel\u00e4ggning av golv i industrianl\u00e4ggningar, lagerlokaler, underjordiska parkeringsplatser och kontorslokaler och ger b\u00e5de estetiskt tilltalande och l\u00e5ngvarig prestanda.<\/p>\n<h2><strong>Viktiga funktioner<\/strong><\/h2>\n<ul>\n<li><strong>H\u00f6g glans och livfulla f\u00e4rger<\/strong>: Ger en ljus, fyllig finish som f\u00f6rh\u00f6jer den estetiska k\u00e4nslan i alla utrymmen.<\/li>\n<li><strong>Sj\u00e4lvutj\u00e4mnande egenskaper<\/strong>: Ger en sl\u00e4t, s\u00f6ml\u00f6s yta utan rullm\u00e4rken.<\/li>\n<li><strong>H\u00e5llbar och l\u00e5nglivad<\/strong>: Ger h\u00f6g slagt\u00e5lighet och tryckh\u00e5llfasthet f\u00f6r l\u00e5ngsiktig prestanda.<\/li>\n<li><strong>Enkel ans\u00f6kan<\/strong>: L\u00e4mplig f\u00f6r skrapning och skumd\u00e4mpning, med utm\u00e4rkt bearbetbarhet.<\/li>\n<\/ul>\n<h2><strong>Tekniska specifikationer<\/strong><\/h2>\n<ul>\n<li><strong>Skick<\/strong>: Enhetlig, fri fr\u00e5n klumpar eller orenheter.<\/li>\n<li><strong>Bindningsstyrka<\/strong>: \u22652,5MPa.<\/li>\n<li><strong>Tryckh\u00e5llfasthet<\/strong>: \u226570MPa.<\/li>\n<li><strong>H\u00e5rdhet<\/strong>: &gt;1H.<\/li>\n<li><strong>Torktid<\/strong>\u00a0(vid 25\u2103, 50% relativ luftfuktighet):\n<ul>\n<li>Torr yta: &lt;6 timmar.<\/li>\n<li>Fullst\u00e4ndig h\u00e4rdning: &lt;48 timmar.<\/li>\n<\/ul>\n<\/li>\n<\/ul>\n<h2><strong>Information om produkten<\/strong><\/h2>\n<ul>\n<li><strong>Komponenter<\/strong>:\n<ul>\n<li>Komponent A: Fast f\u00e4rgad visk\u00f6s v\u00e4tska, 20 kg\/fat.<\/li>\n<li>Komponent B: Visk\u00f6s v\u00e4tska, 4 kg\/fat.<\/li>\n<\/ul>\n<\/li>\n<li><strong>Blandningsf\u00f6rh\u00e5llande<\/strong>: A:B = 5:1 (i viktprocent).<\/li>\n<li><strong>F\u00f6rpackning<\/strong>: Tryckta metalltrummor. Rekommenderad stapling upp till tre lager.<\/li>\n<li><strong>F\u00f6rvaring<\/strong>: F\u00f6rvaras vid 5-35\u00b0C p\u00e5 en sval, torr och ventilerad plats. H\u00e5lls borta fr\u00e5n eld och v\u00e4rmek\u00e4llor. Undvik direkt solljus.<\/li>\n<\/ul>\n<h2><strong>Riktlinjer f\u00f6r ans\u00f6kan<\/strong><\/h2>\n<ul>\n<li><strong>F\u00f6rberedelse av ytan<\/strong>:\n<ul>\n<li>Se till att betonggolvet \u00e4r torrt, rent och fritt fr\u00e5n damm, fett och andra f\u00f6roreningar.<\/li>\n<li>Anv\u00e4nd spackel f\u00f6r att j\u00e4mna ut sprickor och h\u00e5l och applicera en primer f\u00f6r att f\u00f6rsegla underlaget.<\/li>\n<\/ul>\n<\/li>\n<li><strong>T\u00e4ckning<\/strong>: Ungef\u00e4r\u00a0<strong>0,8-1 kg\/kvadratmeter<\/strong>.<\/li>\n<li><strong>Till\u00e4mpningsmetod<\/strong>: Applicera genom att skrapa med en spackel och anv\u00e4nd en skumd\u00e4mpande roller f\u00f6r en j\u00e4mn yta.<\/li>\n<li><strong>Livet p\u00e5 krukan<\/strong>: Anv\u00e4nd inom 30 minuter efter blandning.<\/li>\n<li><strong>Utsp\u00e4dning<\/strong>: 0-5% (om n\u00f6dv\u00e4ndigt).<\/li>\n<\/ul>\n<h2><strong>Byggf\u00f6rh\u00e5llanden<\/strong><\/h2>\n<ul>\n<li><strong>Marktemperatur<\/strong>: 5-35\u2103.<\/li>\n<li><strong>Omgivande temperatur<\/strong>: 5-35\u2103.<\/li>\n<li><strong>Fukthalt<\/strong>: &lt;8%.<\/li>\n<li><strong>Relativ luftfuktighet<\/strong>: &lt;80%.<\/li>\n<\/ul>\n<h2><strong>S\u00e4kerhet &amp; F\u00f6rsta hj\u00e4lpen<\/strong><\/h2>\n<ul>\n<li><strong>Hudkontakt<\/strong>: Tv\u00e4tta med rikligt med vatten och ta av f\u00f6rorenade kl\u00e4der.<\/li>\n<li><strong>\u00d6gonkontakt<\/strong>: Sk\u00f6lj med rinnande vatten eller saltl\u00f6sning. S\u00f6k l\u00e4karv\u00e5rd om det beh\u00f6vs.<\/li>\n<li><strong>Inandning<\/strong>: Flytta till frisk luft. H\u00e5ll luftv\u00e4garna \u00f6ppna. Upps\u00f6k l\u00e4kare om du m\u00e5r d\u00e5ligt.<\/li>\n<li><strong>F\u00f6rt\u00e4ring<\/strong>: Sk\u00f6lj munnen, framkalla kr\u00e4kning och upps\u00f6k l\u00e4kare.<\/li>\n<\/ul>\n<h2><strong>F\u00f6rsiktighets\u00e5tg\u00e4rder<\/strong><\/h2>\n<ul>\n<li><strong>S\u00e4kerhetsdatablad (SDS)<\/strong>: Beg\u00e4r fr\u00e5n tillverkaren f\u00f6r s\u00e4ker anv\u00e4ndning.<\/li>\n<li><strong>Ventilation<\/strong>: Se till att ventilationen \u00e4r tillr\u00e4cklig under appliceringen.<\/li>\n<li><strong>F\u00f6rvaring<\/strong>: Omr\u00f6r v\u00e4l f\u00f6re anv\u00e4ndning om utf\u00e4llning intr\u00e4ffar. Undvik att anv\u00e4nda som reparationsmaterial p\u00e5 grund av l\u00f6sningsmedelsinneh\u00e5llet.<\/li>\n<\/ul>","protected":false},"excerpt":{"rendered":"<p>E8300 Self-Leveling Epoxy Floor Top Coat \u00e4r en h\u00f6gpresterande, tv\u00e5komponents epoxitopplack med l\u00e5g VOC som \u00e4r avsedd f\u00f6r industriella och kommersiella golvbel\u00e4ggningar. Med sina sj\u00e4lvutj\u00e4mnande egenskaper, h\u00f6gglansiga finish och livfulla f\u00e4rgalternativ \u00e4r denna produkt perfekt f\u00f6r lager, parkeringsplatser och kontorsutrymmen. Den erbjuder utm\u00e4rkt h\u00e5llbarhet, slagt\u00e5lighet och enkel applicering, vilket g\u00f6r den till ett perfekt val f\u00f6r b\u00e5de professionella och DIY-projekt.<\/p>","protected":false},"featured_media":3253,"template":"","meta":{"om_disable_all_campaigns":false,"_monsterinsights_skip_tracking":false,"_monsterinsights_sitenote_active":false,"_monsterinsights_sitenote_note":"","_monsterinsights_sitenote_category":0,"_uf_show_specific_survey":0,"_uf_disable_surveys":false},"product_brand":[],"product_cat":[43,96,128,108,102],"product_tag":[94,139,137,131,136],"class_list":{"0":"post-893","1":"product","2":"type-product","3":"status-publish","4":"has-post-thumbnail","6":"product_cat-epoxy-floor-coating","7":"product_cat-epoxy-top-coat","8":"product_cat-flooring-system","9":"product_cat-self-leveling-epoxy-floor-coating","10":"product_cat-solvent-free-coating","11":"product_tag-epoxy-floor-coating","12":"product_tag-epoxy-floor-system","13":"product_tag-epoxy-top-coat","14":"product_tag-self-leveling-floor-coating","15":"product_tag-solvent-free-coating","17":"first","18":"instock","19":"shipping-taxable","20":"product-type-simple"},"yoast_head":"<!-- This site is optimized with the Yoast SEO Premium plugin v26.2 (Yoast SEO v26.5) - https:\/\/yoast.com\/wordpress\/plugins\/seo\/ -->\n<title>E8300 Self-Leveling Epoxy Floor Top Coat | Durable, High-Gloss Finish<\/title>\n<meta name=\"description\" content=\"Discover E8300 Self-Leveling Epoxy Floor Top Coat \u2013 a durable, high-gloss solution for industrial and commercial floors. Easy to apply, available in vibrant colors. Order now!\" \/>\n<meta name=\"robots\" content=\"index, follow, max-snippet:-1, max-image-preview:large, max-video-preview:-1\" \/>\n<link rel=\"canonical\" href=\"https:\/\/www.jinyupaint.com\/sv\/produkt\/epoxy-paint-top-coat-e8300\/\" \/>\n<meta property=\"og:locale\" content=\"sv_SE\" \/>\n<meta property=\"og:type\" content=\"article\" \/>\n<meta property=\"og:title\" content=\"E8300 Self-leveling Epoxy Floor Top Coat\" \/>\n<meta property=\"og:description\" content=\"Discover E8300 Self-Leveling Epoxy Floor Top Coat \u2013 a durable, high-gloss solution for industrial and commercial floors. Easy to apply, available in vibrant colors. Order now!\" \/>\n<meta property=\"og:url\" content=\"https:\/\/www.jinyupaint.com\/sv\/produkt\/epoxy-paint-top-coat-e8300\/\" \/>\n<meta property=\"og:site_name\" content=\"KAIDA PAINT\u00ae\" \/>\n<meta property=\"article:modified_time\" content=\"2025-02-20T08:30:05+00:00\" \/>\n<meta property=\"og:image\" content=\"https:\/\/www.jinyupaint.com\/wp-content\/uploads\/2023\/09\/E8300-Self-Leveling-Epoxy-Floor-Top-Coat.jpg\" \/>\n\t<meta property=\"og:image:width\" content=\"750\" \/>\n\t<meta property=\"og:image:height\" content=\"750\" \/>\n\t<meta property=\"og:image:type\" content=\"image\/jpeg\" \/>\n<meta name=\"twitter:card\" content=\"summary_large_image\" \/>\n<meta name=\"twitter:label1\" content=\"Ber\u00e4knad l\u00e4stid\" \/>\n\t<meta name=\"twitter:data1\" content=\"2 minuter\" \/>\n<script type=\"application\/ld+json\" class=\"yoast-schema-graph\">{\"@context\":\"https:\/\/schema.org\",\"@graph\":[{\"@type\":\"WebPage\",\"@id\":\"https:\/\/www.jinyupaint.com\/product\/epoxy-paint-top-coat-e8300\",\"url\":\"https:\/\/www.jinyupaint.com\/product\/epoxy-paint-top-coat-e8300\",\"name\":\"E8300 Self-Leveling Epoxy Floor Top Coat | Durable, High-Gloss Finish\",\"isPartOf\":{\"@id\":\"https:\/\/www.jinyupaint.com\/#website\"},\"primaryImageOfPage\":{\"@id\":\"https:\/\/www.jinyupaint.com\/product\/epoxy-paint-top-coat-e8300#primaryimage\"},\"image\":{\"@id\":\"https:\/\/www.jinyupaint.com\/product\/epoxy-paint-top-coat-e8300#primaryimage\"},\"thumbnailUrl\":\"https:\/\/www.jinyupaint.com\/wp-content\/uploads\/2023\/09\/E8300-Self-Leveling-Epoxy-Floor-Top-Coat.jpg\",\"datePublished\":\"2023-09-27T06:24:38+00:00\",\"dateModified\":\"2025-02-20T08:30:05+00:00\",\"description\":\"Discover E8300 Self-Leveling Epoxy Floor Top Coat \u2013 a durable, high-gloss solution for industrial and commercial floors. Easy to apply, available in vibrant colors. Order now!\",\"breadcrumb\":{\"@id\":\"https:\/\/www.jinyupaint.com\/product\/epoxy-paint-top-coat-e8300#breadcrumb\"},\"inLanguage\":\"sv-SE\",\"potentialAction\":[{\"@type\":\"ReadAction\",\"target\":[\"https:\/\/www.jinyupaint.com\/product\/epoxy-paint-top-coat-e8300\"]}]},{\"@type\":\"ImageObject\",\"inLanguage\":\"sv-SE\",\"@id\":\"https:\/\/www.jinyupaint.com\/product\/epoxy-paint-top-coat-e8300#primaryimage\",\"url\":\"https:\/\/www.jinyupaint.com\/wp-content\/uploads\/2023\/09\/E8300-Self-Leveling-Epoxy-Floor-Top-Coat.jpg\",\"contentUrl\":\"https:\/\/www.jinyupaint.com\/wp-content\/uploads\/2023\/09\/E8300-Self-Leveling-Epoxy-Floor-Top-Coat.jpg\",\"width\":750,\"height\":750,\"caption\":\"E8300 Self-leveling Epoxy Floor Top Coat\"},{\"@type\":\"BreadcrumbList\",\"@id\":\"https:\/\/www.jinyupaint.com\/product\/epoxy-paint-top-coat-e8300#breadcrumb\",\"itemListElement\":[{\"@type\":\"ListItem\",\"position\":1,\"name\":\"Home\",\"item\":\"https:\/\/www.jinyupaint.com\/\"},{\"@type\":\"ListItem\",\"position\":2,\"name\":\"Shop\",\"item\":\"https:\/\/www.jinyupaint.com\/shop.html\"},{\"@type\":\"ListItem\",\"position\":3,\"name\":\"E8300 Self-leveling Epoxy Floor Top Coat\"}]},{\"@type\":\"WebSite\",\"@id\":\"https:\/\/www.jinyupaint.com\/#website\",\"url\":\"https:\/\/www.jinyupaint.com\/\",\"name\":\"JINYU\u00ae PAINT\",\"description\":\"JINYU PAINT\u00ae Manufacturer\",\"potentialAction\":[{\"@type\":\"SearchAction\",\"target\":{\"@type\":\"EntryPoint\",\"urlTemplate\":\"https:\/\/www.jinyupaint.com\/?s={search_term_string}\"},\"query-input\":{\"@type\":\"PropertyValueSpecification\",\"valueRequired\":true,\"valueName\":\"search_term_string\"}}],\"inLanguage\":\"sv-SE\"}]}<\/script>\n<!-- \/ Yoast SEO Premium plugin. -->","yoast_head_json":{"title":"E8300 Sj\u00e4lvutj\u00e4mnande epoxigolvt\u00e4ckf\u00e4rg | Slitstark, h\u00f6gglansig finish","description":"Uppt\u00e4ck E8300 Self-Leveling Epoxy Floor Top Coat - en h\u00e5llbar, h\u00f6gglansig l\u00f6sning f\u00f6r industriella och kommersiella golv. Enkel att applicera och finns i livfulla f\u00e4rger. Best\u00e4ll nu!","robots":{"index":"index","follow":"follow","max-snippet":"max-snippet:-1","max-image-preview":"max-image-preview:large","max-video-preview":"max-video-preview:-1"},"canonical":"https:\/\/www.jinyupaint.com\/sv\/produkt\/epoxy-paint-top-coat-e8300\/","og_locale":"sv_SE","og_type":"article","og_title":"E8300 Self-leveling Epoxy Floor Top Coat","og_description":"Discover E8300 Self-Leveling Epoxy Floor Top Coat \u2013 a durable, high-gloss solution for industrial and commercial floors. Easy to apply, available in vibrant colors. Order now!","og_url":"https:\/\/www.jinyupaint.com\/sv\/produkt\/epoxy-paint-top-coat-e8300\/","og_site_name":"KAIDA PAINT\u00ae","article_modified_time":"2025-02-20T08:30:05+00:00","og_image":[{"width":750,"height":750,"url":"https:\/\/www.jinyupaint.com\/wp-content\/uploads\/2023\/09\/E8300-Self-Leveling-Epoxy-Floor-Top-Coat.jpg","type":"image\/jpeg"}],"twitter_card":"summary_large_image","twitter_misc":{"Ber\u00e4knad l\u00e4stid":"2 minuter"},"schema":{"@context":"https:\/\/schema.org","@graph":[{"@type":"WebPage","@id":"https:\/\/www.jinyupaint.com\/product\/epoxy-paint-top-coat-e8300","url":"https:\/\/www.jinyupaint.com\/product\/epoxy-paint-top-coat-e8300","name":"E8300 Sj\u00e4lvutj\u00e4mnande epoxigolvt\u00e4ckf\u00e4rg | Slitstark, h\u00f6gglansig finish","isPartOf":{"@id":"https:\/\/www.jinyupaint.com\/#website"},"primaryImageOfPage":{"@id":"https:\/\/www.jinyupaint.com\/product\/epoxy-paint-top-coat-e8300#primaryimage"},"image":{"@id":"https:\/\/www.jinyupaint.com\/product\/epoxy-paint-top-coat-e8300#primaryimage"},"thumbnailUrl":"https:\/\/www.jinyupaint.com\/wp-content\/uploads\/2023\/09\/E8300-Self-Leveling-Epoxy-Floor-Top-Coat.jpg","datePublished":"2023-09-27T06:24:38+00:00","dateModified":"2025-02-20T08:30:05+00:00","description":"Uppt\u00e4ck E8300 Self-Leveling Epoxy Floor Top Coat - en h\u00e5llbar, h\u00f6gglansig l\u00f6sning f\u00f6r industriella och kommersiella golv. Enkel att applicera och finns i livfulla f\u00e4rger. Best\u00e4ll nu!","breadcrumb":{"@id":"https:\/\/www.jinyupaint.com\/product\/epoxy-paint-top-coat-e8300#breadcrumb"},"inLanguage":"sv-SE","potentialAction":[{"@type":"ReadAction","target":["https:\/\/www.jinyupaint.com\/product\/epoxy-paint-top-coat-e8300"]}]},{"@type":"ImageObject","inLanguage":"sv-SE","@id":"https:\/\/www.jinyupaint.com\/product\/epoxy-paint-top-coat-e8300#primaryimage","url":"https:\/\/www.jinyupaint.com\/wp-content\/uploads\/2023\/09\/E8300-Self-Leveling-Epoxy-Floor-Top-Coat.jpg","contentUrl":"https:\/\/www.jinyupaint.com\/wp-content\/uploads\/2023\/09\/E8300-Self-Leveling-Epoxy-Floor-Top-Coat.jpg","width":750,"height":750,"caption":"E8300 Self-leveling Epoxy Floor Top Coat"},{"@type":"BreadcrumbList","@id":"https:\/\/www.jinyupaint.com\/product\/epoxy-paint-top-coat-e8300#breadcrumb","itemListElement":[{"@type":"ListItem","position":1,"name":"Home","item":"https:\/\/www.jinyupaint.com\/"},{"@type":"ListItem","position":2,"name":"Shop","item":"https:\/\/www.jinyupaint.com\/shop.html"},{"@type":"ListItem","position":3,"name":"E8300 Self-leveling Epoxy Floor Top Coat"}]},{"@type":"WebSite","@id":"https:\/\/www.jinyupaint.com\/#website","url":"https:\/\/www.jinyupaint.com\/","name":"JINYU\u00ae F\u00c4RGER","description":"JINYU PAINT\u00ae Tillverkare","potentialAction":[{"@type":"SearchAction","target":{"@type":"EntryPoint","urlTemplate":"https:\/\/www.jinyupaint.com\/?s={search_term_string}"},"query-input":{"@type":"PropertyValueSpecification","valueRequired":true,"valueName":"search_term_string"}}],"inLanguage":"sv-SE"}]}},"_links":{"self":[{"href":"https:\/\/www.jinyupaint.com\/sv\/wp-json\/wp\/v2\/product\/893","targetHints":{"allow":["GET"]}}],"collection":[{"href":"https:\/\/www.jinyupaint.com\/sv\/wp-json\/wp\/v2\/product"}],"about":[{"href":"https:\/\/www.jinyupaint.com\/sv\/wp-json\/wp\/v2\/types\/product"}],"wp:featuredmedia":[{"embeddable":true,"href":"https:\/\/www.jinyupaint.com\/sv\/wp-json\/wp\/v2\/media\/3253"}],"wp:attachment":[{"href":"https:\/\/www.jinyupaint.com\/sv\/wp-json\/wp\/v2\/media?parent=893"}],"wp:term":[{"taxonomy":"product_brand","embeddable":true,"href":"https:\/\/www.jinyupaint.com\/sv\/wp-json\/wp\/v2\/product_brand?post=893"},{"taxonomy":"product_cat","embeddable":true,"href":"https:\/\/www.jinyupaint.com\/sv\/wp-json\/wp\/v2\/product_cat?post=893"},{"taxonomy":"product_tag","embeddable":true,"href":"https:\/\/www.jinyupaint.com\/sv\/wp-json\/wp\/v2\/product_tag?post=893"}],"curies":[{"name":"wp","href":"https:\/\/api.w.org\/{rel}","templated":true}]}}