{"id":6165,"date":"2025-10-24T07:01:05","date_gmt":"2025-10-24T07:01:05","guid":{"rendered":"https:\/\/www.jinyupaint.com\/?post_type=product&#038;p=6165"},"modified":"2025-12-01T04:06:07","modified_gmt":"2025-12-01T04:06:07","slug":"fortiflex-deco-flake-sb-seamless-resin-flooring-with-decorative-flake-finish","status":"publish","type":"product","link":"https:\/\/www.jinyupaint.com\/sv\/produkt\/fortiflex-deco-flake-sb-seamless-resin-flooring-with-decorative-flake-finish","title":{"rendered":"FortiFlex Deco Flake SB S\u00f6ml\u00f6st plastgolv med dekorativ flingfinish"},"content":{"rendered":"<h2><strong>Produkt\u00f6versikt<\/strong><\/h2>\n<p class=\"ds-markdown-paragraph\">Ett snabbh\u00e4rdande, dekorativt flinggolvsystem som kombinerar estetisk m\u00e5ngsidighet med industriell h\u00e5llbarhet.<br \/>\nFortiFlex Deco Flake SB har en enda applicering av dekorativa vinylchips som \u00e4r helt inkapslade i en pigmenterad baslack av polyaspartisk harts och f\u00f6rseglade med en h\u00f6gglansig, klar topplack av polyaspartisk harts.<br \/>\nDetta system ger ett fantastiskt mosaikm\u00f6nstrat golv som inte bara \u00e4r vackert utan ocks\u00e5 tillr\u00e4ckligt t\u00e5ligt f\u00f6r kommersiella och institutionella milj\u00f6er med mycket trafik.<\/p>\n<h2><strong>Viktiga f\u00f6rdelar i korthet<\/strong><\/h2>\n<ul>\n<li>\n<strong>Estetiskt tilltalande<\/strong>\u00a0- Anpassningsbara, obegr\u00e4nsade f\u00e4rgalternativ med h\u00f6gglansig finish\n<\/li>\n<li>\n<strong>S\u00f6ml\u00f6s och sanit\u00e4r<\/strong>\u00a0- Inga foglinjer eller s\u00f6mmar som f\u00e5ngar upp smuts eller bakterier\n<\/li>\n<li>\n<strong>Motst\u00e5ndskraftig mot kemikalier och fl\u00e4ckar<\/strong>\u00a0- T\u00e5l kr\u00e4vande reng\u00f6ringsmedel, oljor och kemikalier\n<\/li>\n<li>\n<strong>Snabb h\u00e4rdningstid<\/strong>\u00a0- Snabb \u00e5terg\u00e5ng till drift; perfekt f\u00f6r tidsk\u00e4nsliga installationer\n<\/li>\n<li>\n<strong>H\u00e5llbar och l\u00e5nglivad<\/strong>\u00a0- Motst\u00e5ndskraftig mot n\u00f6tning, st\u00f6tar och termisk chock\n<\/li>\n<li>\n<strong>Bidrar till LEED v4-po\u00e4ng<\/strong>\u00a0- St\u00f6djer initiativ f\u00f6r gr\u00f6nt byggande\n<\/li>\n<\/ul>\n<h2><strong>Rekommenderade anv\u00e4ndningsomr\u00e5den<\/strong><\/h2>\n<ul>\n<li>V\u00e5rdinr\u00e4ttningar och \u00e4ldreboenden<\/li>\n<li>Renrum och laboratorier f\u00f6r l\u00e4kemedel<\/li>\n<li>Garage- och butiksgolv<\/li>\n<li>Omkl\u00e4dningsrum och toaletter<\/li>\n<li>Skolor, cafeterior och institutionella utrymmen<\/li>\n<\/ul>\n<h2><strong>System\u00f6versikt<\/strong><\/h2>\n<p class=\"ds-markdown-paragraph\">Ett komplett 4-stegs golvsystem som \u00e4r utformat f\u00f6r prestanda och enkel applicering:<\/p>\n<ol start=\"1\">\n<li>\n<p class=\"ds-markdown-paragraph\"><strong>Primer<\/strong>\u00a0- S\u00e4kerst\u00e4ller stark vidh\u00e4ftning till betongunderlag<\/p>\n<\/li>\n<li>\n<p class=\"ds-markdown-paragraph\"><strong>Baslack<\/strong>\u00a0- Pigmenterat polyaspartiskt harts med vinylflingor f\u00f6r s\u00e4ndning<\/p>\n<\/li>\n<li>\n<p class=\"ds-markdown-paragraph\"><strong>S\u00e4ndning<\/strong>\u00a0- Dekorativa vinylchips som appliceras i ett enda, j\u00e4mnt lager<\/p>\n<\/li>\n<li>\n<p class=\"ds-markdown-paragraph\"><strong>Injekteringsbruk\/f\u00f6rsegling<\/strong>\u00a0- Klar polyaspartisk topplack f\u00f6r skydd och glans<\/p>\n<\/li>\n<\/ol>\n<h2><strong>F\u00e4rgval och kundanpassning<\/strong><\/h2>\n<p class=\"ds-markdown-paragraph\">V\u00e4lj bland popul\u00e4ra standardf\u00e4rger som\u00a0<strong>Linfr\u00f6, Ocelot, mandelmj\u00f6lk, Agave, Kingsnake, Korat, Chinchilla, Limestone, Greyhound, Black Bean, Speckled Ash och Moon<\/strong>-eller skapa din egen blandning.<\/p>\n<p><a href=\"https:\/\/www.jinyupaint.com\/wp-content\/uploads\/2025\/10\/vinyl-chip-color-chart-samples.jpg\"><img fetchpriority=\"high\" decoding=\"async\" class=\"alignnone size-full wp-image-6220\" src=\"https:\/\/www.jinyupaint.com\/wp-content\/uploads\/2025\/10\/vinyl-chip-color-chart-samples.jpg\" alt=\"Fysisk f\u00e4rgkarta och provsp\u00e5n f\u00f6r FortiFlex-golvsystemet, som visar en rad standardf\u00e4rger p\u00e5 vinylsp\u00e5n, bland annat Flaxseed, Almond Milk och Kingsnake.\" width=\"1200\" height=\"300\" srcset=\"https:\/\/www.jinyupaint.com\/wp-content\/uploads\/2025\/10\/vinyl-chip-color-chart-samples.jpg 1200w, https:\/\/www.jinyupaint.com\/wp-content\/uploads\/2025\/10\/vinyl-chip-color-chart-samples-300x75.jpg 300w, https:\/\/www.jinyupaint.com\/wp-content\/uploads\/2025\/10\/vinyl-chip-color-chart-samples-1024x256.jpg 1024w, https:\/\/www.jinyupaint.com\/wp-content\/uploads\/2025\/10\/vinyl-chip-color-chart-samples-768x192.jpg 768w, https:\/\/www.jinyupaint.com\/wp-content\/uploads\/2025\/10\/vinyl-chip-color-chart-samples-18x5.jpg 18w, https:\/\/www.jinyupaint.com\/wp-content\/uploads\/2025\/10\/vinyl-chip-color-chart-samples-600x150.jpg 600w\" sizes=\"(max-width: 1200px) 100vw, 1200px\" \/><\/a><\/p>\n<h2><strong>Teknisk spetskompetens: Byggd med polyaspartikul\u00e4rt harts<\/strong><\/h2>\n<p class=\"ds-markdown-paragraph\">Till skillnad fr\u00e5n traditionella epoxigolv anv\u00e4nder FortiFlex avancerad polyaspartisk hartsteknik. H\u00e4r \u00e4r varf\u00f6r det \u00e4r viktigt:<\/p>\n<ul>\n<li><strong>Snabbare bot<\/strong>: Installera p\u00e5 timmar, inte dagar - minimera stillest\u00e5ndstiden<\/li>\n<li><strong>UV-stabilitet<\/strong>: Motst\u00e5r gulf\u00e4rgning och nedbrytning<\/li>\n<li><strong>Flexibilitet<\/strong>: T\u00e5l r\u00f6relser i underlaget utan att spricka<\/li>\n<li><strong>Kemisk best\u00e4ndighet<\/strong>: \u00d6verl\u00e4gsen prestanda mot fl\u00e4ckar, br\u00e4nslen och reng\u00f6ringsmedel<\/li>\n<\/ul>\n<h2><strong>Typiska fysikaliska egenskaper<\/strong><\/h2>\n<div class=\"ds-scroll-area _1210dd7\">\n<div class=\"ds-scroll-area__gutters\">\n<div class=\"ds-scroll-area__horizontal-gutter\"><\/div>\n<div class=\"ds-scroll-area__vertical-gutter\"><\/div>\n<\/div>\n<table>\n<thead>\n<tr>\n<th>Fastighet<\/th>\n<th>V\u00e4rde<\/th>\n<\/tr>\n<\/thead>\n<tbody>\n<tr>\n<td>N\u00f6tningsbest\u00e4ndighet (ASTM D4060)<\/td>\n<td>80 mg f\u00f6rlust<\/td>\n<\/tr>\n<tr>\n<td>Vidh\u00e4ftning till betong (ASTM D4541)<\/td>\n<td>425 psi (betongen br\u00f6t samman)<\/td>\n<\/tr>\n<tr>\n<td>Motst\u00e5ndskraft mot st\u00f6tar (MIL-D-3134J)<\/td>\n<td>100 tum-pund<\/td>\n<\/tr>\n<tr>\n<td>Brandfarlighet<\/td>\n<td>Sj\u00e4lvsl\u00e4ckande \u00f6ver betong<\/td>\n<\/tr>\n<tr>\n<td>V\u00e4rmebest\u00e4ndighet (ASTM D2794)<\/td>\n<td>Ingen glidning eller fl\u00f6de vid 158\u00b0F<\/td>\n<\/tr>\n<\/tbody>\n<\/table>\n<\/div>\n<h2><strong>Vanliga fr\u00e5gor och svar<\/strong><\/h2>\n<h3><strong>Vad \u00e4r ett golv av polyaspartiskt harts?<\/strong><\/h3>\n<p class=\"ds-markdown-paragraph\">Polyaspartic resin \u00e4r n\u00e4sta generations bel\u00e4ggningsteknik som ger snabbare h\u00e4rdning, \u00f6verl\u00e4gsen UV-best\u00e4ndighet och f\u00f6rb\u00e4ttrad h\u00e5llbarhet j\u00e4mf\u00f6rt med traditionella epoxisystem. Det \u00e4r den idealiska basen f\u00f6r dekorativa flinggolv i kr\u00e4vande milj\u00f6er.<\/p>\n<h3><strong>Hur reng\u00f6r och underh\u00e5ller jag mitt klinkergolv?<\/strong><\/h3>\n<p class=\"ds-markdown-paragraph\">Tack vare den s\u00f6ml\u00f6sa, icke-por\u00f6sa ytan \u00e4r rutinm\u00e4ssig sopning och tillf\u00e4llig fuktmoppning allt som beh\u00f6vs. Undvik h\u00e5rda slipande reng\u00f6ringsmedel f\u00f6r att bevara den blanka ytan.<\/p>\n<h3><strong>Kan den installeras i ett garage?<\/strong><\/h3>\n<p class=\"ds-markdown-paragraph\">Absolut inte. FortiFlex Deco Flake SB \u00e4r ett f\u00f6rstahandsval f\u00f6r bel\u00e4ggning av garagegolv med flingor p\u00e5 grund av dess kemiska best\u00e4ndighet, h\u00e5llbarhet och snabba leveranstid.<\/p>\n<h3><strong>Kan jag f\u00e5 anpassade f\u00e4rger p\u00e5 flingorna?<\/strong><\/h3>\n<p class=\"ds-markdown-paragraph\">Ja, det g\u00f6r vi. Vi erbjuder obegr\u00e4nsat med anpassade blandningar s\u00e5 att du kan designa ett dekorativt flinggolv som matchar ditt varum\u00e4rke eller din designvision.<\/p>\n<h2><strong>Skillnaden med KAIDA PAINT<\/strong><\/h2>\n<p class=\"ds-markdown-paragraph\">N\u00e4r du v\u00e4ljer FortiFlex f\u00e5r du inte bara ett golv - du f\u00e5r..:<\/p>\n<ul>\n<li>Teknisk support och specifikationstj\u00e4nster i v\u00e4rldsklass<\/li>\n<li>O\u00f6vertr\u00e4ffad regional kommersiell teamassistans<\/li>\n<li>Ett p\u00e5litligt varum\u00e4rke med decennier av expertis inom h\u00f6gpresterande golv<\/li>\n<\/ul>\n<h2><strong>\u00c4r du redo att f\u00f6r\u00e4ndra ditt utrymme?<\/strong><\/h2>\n<p class=\"ds-markdown-paragraph\">Oavsett om du ska designa en v\u00e5rdinr\u00e4ttning, en skolkafeteria eller ett slitstarkt garagegolv ger FortiFlex Deco Flake SB sk\u00f6nhet, snabbhet och styrka i ett och samma avancerade system.<\/p>\n<p class=\"ds-markdown-paragraph\">\ud83d\udcde\u00a0<strong>Kontakta oss idag<\/strong>\u00a0f\u00f6r ett prov, en offert eller f\u00f6r att tala med en specialist p\u00e5 plastgolv.<\/p>","protected":false},"excerpt":{"rendered":"<div class=\"_4f9bf79 _43c05b5\">\n<div class=\"ds-message _63c77b1\">\n<div class=\"ds-markdown\">\n<p class=\"ds-markdown-paragraph\"><strong>FortiFlex Deco Flake SB: Snabbh\u00e4rdande s\u00f6ml\u00f6st golv med dekorativ flingfinish<\/strong><\/p>\n<p class=\"ds-markdown-paragraph\">F\u00f6rvandla ditt utrymme med FortiFlex Deco Flake SB - ett h\u00f6gpresterande, s\u00f6ml\u00f6st plastgolvsystem som kombinerar sk\u00f6nhet, snabbhet och h\u00e5llbarhet. Med hj\u00e4lp av avancerad polyaspartisk hartsteknik h\u00e4rdar detta system snabbt, vilket g\u00f6r att det snabbt kan tas i bruk igen med minimal stillest\u00e5ndstid. Dekorativa vinylflingor sprutas in i en pigmenterad baslack och f\u00f6rseglas med en klar, h\u00f6gglansig topplack, vilket skapar en anpassad mosaikfinish som \u00e4r b\u00e5de fantastisk och t\u00e5lig.<\/p>\n<p class=\"ds-markdown-paragraph\">Accelera \u00e4r perfekt f\u00f6r kr\u00e4vande milj\u00f6er som v\u00e5rdinr\u00e4ttningar, garage, skolor och omkl\u00e4dningsrum och \u00e4r motst\u00e5ndskraftigt mot kemikalier, fl\u00e4ckar och n\u00f6tning samtidigt som det \u00e4r l\u00e4tt att reng\u00f6ra. V\u00e4lj bland ett brett utbud av standardf\u00e4rger eller skapa din egen unika blandning med v\u00e5rt Flooring Visualizer Tool. Oavsett om du uppgraderar ett kommersiellt utrymme eller installerar ett slitstarkt garagegolv ger Accelera en s\u00f6ml\u00f6s, hygienisk och l\u00e5ngvarig l\u00f6sning som \u00e4r utformad f\u00f6r att fungera.<\/p>\n<p class=\"ds-markdown-paragraph\">Uppgradera till ett golv som arbetar lika h\u00e5rt som du g\u00f6r - p\u00e5 ett vackert s\u00e4tt.<\/p>\n<\/div>\n<\/div>\n<div class=\"ds-theme\"><\/div>\n<div class=\"ds-flex _0a3d93b\">\n<div class=\"ds-flex _965abe9\">\n<div class=\"ds-icon-button db183363\" tabindex=\"-1\" role=\"button\" aria-disabled=\"false\">\n<div class=\"ds-icon-button__hover-bg\"><\/div>\n<div class=\"ds-icon\"><\/div>\n<\/div>\n<div class=\"ds-icon-button db183363\" tabindex=\"-1\" role=\"button\" aria-disabled=\"false\">\n<div class=\"ds-icon-button__hover-bg\"><\/div>\n<div class=\"ds-icon\"><\/div>\n<\/div>\n<div class=\"ds-icon-button db183363\" tabindex=\"-1\" role=\"button\" aria-disabled=\"false\">\n<div class=\"ds-icon-button__hover-bg\"><\/div>\n<div class=\"ds-icon\"><\/div>\n<\/div>\n<div class=\"ds-icon-button db183363\" tabindex=\"-1\" role=\"button\" aria-disabled=\"false\">\n<div class=\"ds-icon-button__hover-bg\"><\/div>\n<div class=\"ds-icon\"><\/div>\n<\/div>\n<div class=\"ds-icon-button db183363\" tabindex=\"-1\" role=\"button\" aria-disabled=\"false\">\n<div class=\"ds-icon-button__hover-bg\"><\/div>\n<div class=\"ds-icon\"><\/div>\n<\/div>\n<\/div>\n<div><\/div>\n<\/div>\n<\/div>\n<div class=\"_9663006\">\n<div class=\"d29f3d7d ds-message _63c77b1\"><\/div>\n<\/div>","protected":false},"featured_media":6166,"template":"","meta":{"om_disable_all_campaigns":false,"_monsterinsights_skip_tracking":false,"_monsterinsights_sitenote_active":false,"_monsterinsights_sitenote_note":"","_monsterinsights_sitenote_category":0,"_uf_show_specific_survey":0,"_uf_disable_surveys":false},"product_brand":[],"product_cat":[128,801],"product_tag":[640,845,835,844,836,843,842,841,834],"class_list":{"0":"post-6165","1":"product","2":"type-product","3":"status-publish","4":"has-post-thumbnail","6":"product_cat-flooring-system","7":"product_cat-polyaspartic-and-polyurea-coatings","8":"product_tag-chemical-resistant-flooring","9":"product_tag-commercial-flake-flooring","10":"product_tag-decorative-flake-flooring","11":"product_tag-decorative-vinyl-chips-flooring","12":"product_tag-epoxy-flake-system","13":"product_tag-fast-cure-floor-coating","14":"product_tag-garage-floor-coating-with-flakes","15":"product_tag-polyaspartic-resin-flooring","16":"product_tag-seamless-resin-flooring","18":"first","19":"instock","20":"shipping-taxable","21":"product-type-simple"},"yoast_head":"<!-- This site is optimized with the Yoast SEO Premium plugin v26.2 (Yoast SEO v26.5) - https:\/\/yoast.com\/wordpress\/plugins\/seo\/ -->\n<title>FortiFlex Deco Flake SB Seamless Resin Flooring with Decorative Flake Finish - KAIDA PAINT\u00ae<\/title>\n<meta name=\"description\" content=\"KAIDA PAINT FortiFlex Deco Flake SB is a seamless resin flooring system with decorative vinyl chips in durable polyaspartic resin. Fast-curing, chemical-resistant finish for garages, healthcare facilities &amp; commercial spaces. Custom colors available.\" \/>\n<meta name=\"robots\" content=\"index, follow, max-snippet:-1, max-image-preview:large, max-video-preview:-1\" \/>\n<link rel=\"canonical\" href=\"https:\/\/www.jinyupaint.com\/sv\/produkt\/fortiflex-deco-flake-sb-seamless-resin-flooring-with-decorative-flake-finish\/\" \/>\n<meta property=\"og:locale\" content=\"sv_SE\" \/>\n<meta property=\"og:type\" content=\"article\" \/>\n<meta property=\"og:title\" content=\"FortiFlex Deco Flake SB Seamless Resin Flooring with Decorative Flake Finish\" \/>\n<meta property=\"og:description\" content=\"KAIDA PAINT FortiFlex Deco Flake SB is a seamless resin flooring system with decorative vinyl chips in durable polyaspartic resin. Fast-curing, chemical-resistant finish for garages, healthcare facilities &amp; commercial spaces. Custom colors available.\" \/>\n<meta property=\"og:url\" content=\"https:\/\/www.jinyupaint.com\/sv\/produkt\/fortiflex-deco-flake-sb-seamless-resin-flooring-with-decorative-flake-finish\/\" \/>\n<meta property=\"og:site_name\" content=\"KAIDA PAINT\u00ae\" \/>\n<meta property=\"article:modified_time\" content=\"2025-12-01T04:06:07+00:00\" \/>\n<meta property=\"og:image\" content=\"https:\/\/www.jinyupaint.com\/wp-content\/uploads\/2025\/10\/FortiFlex-Deco-Flake-SB.jpg\" \/>\n\t<meta property=\"og:image:width\" content=\"800\" \/>\n\t<meta property=\"og:image:height\" content=\"800\" \/>\n\t<meta property=\"og:image:type\" content=\"image\/jpeg\" \/>\n<meta name=\"twitter:card\" content=\"summary_large_image\" \/>\n<meta name=\"twitter:label1\" content=\"Ber\u00e4knad l\u00e4stid\" \/>\n\t<meta name=\"twitter:data1\" content=\"3 minuter\" \/>\n<script type=\"application\/ld+json\" class=\"yoast-schema-graph\">{\"@context\":\"https:\/\/schema.org\",\"@graph\":[{\"@type\":\"WebPage\",\"@id\":\"https:\/\/www.jinyupaint.com\/product\/fortiflex-deco-flake-sb-seamless-resin-flooring-with-decorative-flake-finish\",\"url\":\"https:\/\/www.jinyupaint.com\/product\/fortiflex-deco-flake-sb-seamless-resin-flooring-with-decorative-flake-finish\",\"name\":\"FortiFlex Deco Flake SB Seamless Resin Flooring with Decorative Flake Finish - KAIDA PAINT\u00ae\",\"isPartOf\":{\"@id\":\"https:\/\/www.jinyupaint.com\/#website\"},\"primaryImageOfPage\":{\"@id\":\"https:\/\/www.jinyupaint.com\/product\/fortiflex-deco-flake-sb-seamless-resin-flooring-with-decorative-flake-finish#primaryimage\"},\"image\":{\"@id\":\"https:\/\/www.jinyupaint.com\/product\/fortiflex-deco-flake-sb-seamless-resin-flooring-with-decorative-flake-finish#primaryimage\"},\"thumbnailUrl\":\"https:\/\/www.jinyupaint.com\/wp-content\/uploads\/2025\/10\/FortiFlex-Deco-Flake-SB.jpg\",\"datePublished\":\"2025-10-24T07:01:05+00:00\",\"dateModified\":\"2025-12-01T04:06:07+00:00\",\"description\":\"KAIDA PAINT FortiFlex Deco Flake SB is a seamless resin flooring system with decorative vinyl chips in durable polyaspartic resin. Fast-curing, chemical-resistant finish for garages, healthcare facilities & commercial spaces. Custom colors available.\",\"breadcrumb\":{\"@id\":\"https:\/\/www.jinyupaint.com\/product\/fortiflex-deco-flake-sb-seamless-resin-flooring-with-decorative-flake-finish#breadcrumb\"},\"inLanguage\":\"sv-SE\",\"potentialAction\":[{\"@type\":\"ReadAction\",\"target\":[\"https:\/\/www.jinyupaint.com\/product\/fortiflex-deco-flake-sb-seamless-resin-flooring-with-decorative-flake-finish\"]}]},{\"@type\":\"ImageObject\",\"inLanguage\":\"sv-SE\",\"@id\":\"https:\/\/www.jinyupaint.com\/product\/fortiflex-deco-flake-sb-seamless-resin-flooring-with-decorative-flake-finish#primaryimage\",\"url\":\"https:\/\/www.jinyupaint.com\/wp-content\/uploads\/2025\/10\/FortiFlex-Deco-Flake-SB.jpg\",\"contentUrl\":\"https:\/\/www.jinyupaint.com\/wp-content\/uploads\/2025\/10\/FortiFlex-Deco-Flake-SB.jpg\",\"width\":800,\"height\":800,\"caption\":\"FortiFlex Deco Flake SB\"},{\"@type\":\"BreadcrumbList\",\"@id\":\"https:\/\/www.jinyupaint.com\/product\/fortiflex-deco-flake-sb-seamless-resin-flooring-with-decorative-flake-finish#breadcrumb\",\"itemListElement\":[{\"@type\":\"ListItem\",\"position\":1,\"name\":\"Home\",\"item\":\"https:\/\/www.jinyupaint.com\/\"},{\"@type\":\"ListItem\",\"position\":2,\"name\":\"Shop\",\"item\":\"https:\/\/www.jinyupaint.com\/shop.html\"},{\"@type\":\"ListItem\",\"position\":3,\"name\":\"FortiFlex Deco Flake SB Seamless Resin Flooring with Decorative Flake Finish\"}]},{\"@type\":\"WebSite\",\"@id\":\"https:\/\/www.jinyupaint.com\/#website\",\"url\":\"https:\/\/www.jinyupaint.com\/\",\"name\":\"JINYU\u00ae PAINT\",\"description\":\"JINYU PAINT\u00ae Manufacturer\",\"potentialAction\":[{\"@type\":\"SearchAction\",\"target\":{\"@type\":\"EntryPoint\",\"urlTemplate\":\"https:\/\/www.jinyupaint.com\/?s={search_term_string}\"},\"query-input\":{\"@type\":\"PropertyValueSpecification\",\"valueRequired\":true,\"valueName\":\"search_term_string\"}}],\"inLanguage\":\"sv-SE\"}]}<\/script>\n<!-- \/ Yoast SEO Premium plugin. -->","yoast_head_json":{"title":"FortiFlex Deco Flake SB S\u00f6ml\u00f6st plastgolv med dekorativ flakfinish - KAIDA PAINT\u00ae","description":"KAIDA PAINT FortiFlex Deco Flake SB \u00e4r ett s\u00f6ml\u00f6st plastgolvsystem med dekorativa vinylchips i slitstark polyaspartisk plast. Snabbh\u00e4rdande, kemikaliebest\u00e4ndig ytbehandling f\u00f6r garage, v\u00e5rdinr\u00e4ttningar och kommersiella utrymmen. Anpassade f\u00e4rger tillg\u00e4ngliga.","robots":{"index":"index","follow":"follow","max-snippet":"max-snippet:-1","max-image-preview":"max-image-preview:large","max-video-preview":"max-video-preview:-1"},"canonical":"https:\/\/www.jinyupaint.com\/sv\/produkt\/fortiflex-deco-flake-sb-seamless-resin-flooring-with-decorative-flake-finish\/","og_locale":"sv_SE","og_type":"article","og_title":"FortiFlex Deco Flake SB Seamless Resin Flooring with Decorative Flake Finish","og_description":"KAIDA PAINT FortiFlex Deco Flake SB is a seamless resin flooring system with decorative vinyl chips in durable polyaspartic resin. Fast-curing, chemical-resistant finish for garages, healthcare facilities & commercial spaces. Custom colors available.","og_url":"https:\/\/www.jinyupaint.com\/sv\/produkt\/fortiflex-deco-flake-sb-seamless-resin-flooring-with-decorative-flake-finish\/","og_site_name":"KAIDA PAINT\u00ae","article_modified_time":"2025-12-01T04:06:07+00:00","og_image":[{"width":800,"height":800,"url":"https:\/\/www.jinyupaint.com\/wp-content\/uploads\/2025\/10\/FortiFlex-Deco-Flake-SB.jpg","type":"image\/jpeg"}],"twitter_card":"summary_large_image","twitter_misc":{"Ber\u00e4knad l\u00e4stid":"3 minuter"},"schema":{"@context":"https:\/\/schema.org","@graph":[{"@type":"WebPage","@id":"https:\/\/www.jinyupaint.com\/product\/fortiflex-deco-flake-sb-seamless-resin-flooring-with-decorative-flake-finish","url":"https:\/\/www.jinyupaint.com\/product\/fortiflex-deco-flake-sb-seamless-resin-flooring-with-decorative-flake-finish","name":"FortiFlex Deco Flake SB S\u00f6ml\u00f6st plastgolv med dekorativ flakfinish - KAIDA PAINT\u00ae","isPartOf":{"@id":"https:\/\/www.jinyupaint.com\/#website"},"primaryImageOfPage":{"@id":"https:\/\/www.jinyupaint.com\/product\/fortiflex-deco-flake-sb-seamless-resin-flooring-with-decorative-flake-finish#primaryimage"},"image":{"@id":"https:\/\/www.jinyupaint.com\/product\/fortiflex-deco-flake-sb-seamless-resin-flooring-with-decorative-flake-finish#primaryimage"},"thumbnailUrl":"https:\/\/www.jinyupaint.com\/wp-content\/uploads\/2025\/10\/FortiFlex-Deco-Flake-SB.jpg","datePublished":"2025-10-24T07:01:05+00:00","dateModified":"2025-12-01T04:06:07+00:00","description":"KAIDA PAINT FortiFlex Deco Flake SB \u00e4r ett s\u00f6ml\u00f6st plastgolvsystem med dekorativa vinylchips i slitstark polyaspartisk plast. Snabbh\u00e4rdande, kemikaliebest\u00e4ndig ytbehandling f\u00f6r garage, v\u00e5rdinr\u00e4ttningar och kommersiella utrymmen. Anpassade f\u00e4rger tillg\u00e4ngliga.","breadcrumb":{"@id":"https:\/\/www.jinyupaint.com\/product\/fortiflex-deco-flake-sb-seamless-resin-flooring-with-decorative-flake-finish#breadcrumb"},"inLanguage":"sv-SE","potentialAction":[{"@type":"ReadAction","target":["https:\/\/www.jinyupaint.com\/product\/fortiflex-deco-flake-sb-seamless-resin-flooring-with-decorative-flake-finish"]}]},{"@type":"ImageObject","inLanguage":"sv-SE","@id":"https:\/\/www.jinyupaint.com\/product\/fortiflex-deco-flake-sb-seamless-resin-flooring-with-decorative-flake-finish#primaryimage","url":"https:\/\/www.jinyupaint.com\/wp-content\/uploads\/2025\/10\/FortiFlex-Deco-Flake-SB.jpg","contentUrl":"https:\/\/www.jinyupaint.com\/wp-content\/uploads\/2025\/10\/FortiFlex-Deco-Flake-SB.jpg","width":800,"height":800,"caption":"FortiFlex Deco Flake SB"},{"@type":"BreadcrumbList","@id":"https:\/\/www.jinyupaint.com\/product\/fortiflex-deco-flake-sb-seamless-resin-flooring-with-decorative-flake-finish#breadcrumb","itemListElement":[{"@type":"ListItem","position":1,"name":"Home","item":"https:\/\/www.jinyupaint.com\/"},{"@type":"ListItem","position":2,"name":"Shop","item":"https:\/\/www.jinyupaint.com\/shop.html"},{"@type":"ListItem","position":3,"name":"FortiFlex Deco Flake SB Seamless Resin Flooring with Decorative Flake Finish"}]},{"@type":"WebSite","@id":"https:\/\/www.jinyupaint.com\/#website","url":"https:\/\/www.jinyupaint.com\/","name":"JINYU\u00ae F\u00c4RGER","description":"JINYU PAINT\u00ae Tillverkare","potentialAction":[{"@type":"SearchAction","target":{"@type":"EntryPoint","urlTemplate":"https:\/\/www.jinyupaint.com\/?s={search_term_string}"},"query-input":{"@type":"PropertyValueSpecification","valueRequired":true,"valueName":"search_term_string"}}],"inLanguage":"sv-SE"}]}},"_links":{"self":[{"href":"https:\/\/www.jinyupaint.com\/sv\/wp-json\/wp\/v2\/product\/6165","targetHints":{"allow":["GET"]}}],"collection":[{"href":"https:\/\/www.jinyupaint.com\/sv\/wp-json\/wp\/v2\/product"}],"about":[{"href":"https:\/\/www.jinyupaint.com\/sv\/wp-json\/wp\/v2\/types\/product"}],"wp:featuredmedia":[{"embeddable":true,"href":"https:\/\/www.jinyupaint.com\/sv\/wp-json\/wp\/v2\/media\/6166"}],"wp:attachment":[{"href":"https:\/\/www.jinyupaint.com\/sv\/wp-json\/wp\/v2\/media?parent=6165"}],"wp:term":[{"taxonomy":"product_brand","embeddable":true,"href":"https:\/\/www.jinyupaint.com\/sv\/wp-json\/wp\/v2\/product_brand?post=6165"},{"taxonomy":"product_cat","embeddable":true,"href":"https:\/\/www.jinyupaint.com\/sv\/wp-json\/wp\/v2\/product_cat?post=6165"},{"taxonomy":"product_tag","embeddable":true,"href":"https:\/\/www.jinyupaint.com\/sv\/wp-json\/wp\/v2\/product_tag?post=6165"}],"curies":[{"name":"wp","href":"https:\/\/api.w.org\/{rel}","templated":true}]}}