{"id":6157,"date":"2025-10-24T02:07:18","date_gmt":"2025-10-24T02:07:18","guid":{"rendered":"https:\/\/www.jinyupaint.com\/?post_type=product&#038;p=6157"},"modified":"2025-12-01T04:35:57","modified_gmt":"2025-12-01T04:35:57","slug":"fortiflex-lh-polyaspartic-coating-for-low-humidity-seamless-floors-system","status":"publish","type":"product","link":"https:\/\/www.jinyupaint.com\/sv\/produkt\/fortiflex-lh-polyaspartic-coating-for-low-humidity-seamless-floors-system","title":{"rendered":"FortiFlex LH Polyaspartic-bel\u00e4ggning f\u00f6r s\u00f6ml\u00f6sa golvsystem med l\u00e5g luftfuktighet"},"content":{"rendered":"<h2><strong>FortiFlex LH: Den ultimata snabbh\u00e4rdande golvl\u00f6sningen f\u00f6r milj\u00f6er med l\u00e5g luftfuktighet<\/strong><\/h2>\n<p class=\"ds-markdown-paragraph\">N\u00e4r luftfuktigheten sjunker ska inte ditt golv beh\u00f6va lida. M\u00f6t FortiFlexLH - en h\u00f6gpresterande, tv\u00e5komponents polyaspartisk bel\u00e4ggning med 100% fasta \u00e4mnen som \u00e4r speciellt framtagen f\u00f6r f\u00f6rh\u00e5llanden med l\u00e5g luftfuktighet. Oavsett om du har hand om en restaurang, v\u00e5rdinr\u00e4ttning eller butikslokal ger denna avancerade polymerblandning snabb installation, \u00f6verl\u00e4gsen h\u00e5llbarhet och s\u00f6ml\u00f6s sk\u00f6nhet - samtidigt som den motst\u00e5r fl\u00e4ckar, kemikalier och UV-nedbrytning.<\/p>\n<h2><strong>Vad \u00e4r FortiFlex LH?<\/strong><\/h2>\n<p class=\"ds-markdown-paragraph\">FortiFlex LH \u00e4r en del av KAIDA PAINT-familjen med snabba, s\u00f6ml\u00f6sa golvsystem. Den kombinerar en patentskyddad blandning av polymerer med ett snabbh\u00e4rdande harts och h\u00e4rdare, vilket ger:<\/p>\n<ul>\n<li>\n<strong>Snabb h\u00e4rdningstid<\/strong>-minimerar stillest\u00e5ndstiden och p\u00e5skyndar projektgenomf\u00f6randet\n<\/li>\n<li>\n<strong>UV-stabilitet<\/strong>-f\u00f6rhindrar gulning och bibeh\u00e5ller f\u00e4rgens integritet\n<\/li>\n<li>\n<strong>Utm\u00e4rkt fl\u00e4ck- och kemikaliebest\u00e4ndighet<\/strong>-t\u00e5l starka reng\u00f6ringsmedel, oljor och mycket annat\n<\/li>\n<li>\n<strong>L\u00e5g VOC, l\u00e5g lukt<\/strong>-S\u00e4kert i utrymmen d\u00e4r m\u00e4nniskor vistas, t.ex. sjukhus och livsmedelsbutiker\n<\/li>\n<li>\n<strong>S\u00f6ml\u00f6s, icke-por\u00f6s yta<\/strong>-ideal f\u00f6r hygieniska milj\u00f6er\n<\/li>\n<\/ul>\n<h2><strong>Vem anv\u00e4nder FortiFlex LH-golv?<\/strong><\/h2>\n<p class=\"ds-markdown-paragraph\">Fr\u00e5n livsmedelsservice till l\u00e4kemedel, FortiFlex LH \u00e4r betrodd i alla branscher d\u00e4r renlighet, hastighet och h\u00e5llbarhet \u00e4r viktigt:<\/p>\n<ul>\n<li>\n<p class=\"ds-markdown-paragraph\">\ud83c\udfe5 V\u00e5rdinr\u00e4ttningar<\/p>\n<\/li>\n<li>\n<p class=\"ds-markdown-paragraph\">\ud83d\uded2 Detaljhandel &amp; livsmedelsbutiker<\/p>\n<\/li>\n<li>\n<p class=\"ds-markdown-paragraph\">\ud83c\udf74 Restauranger och stork\u00f6k<\/p>\n<\/li>\n<li>\n<p class=\"ds-markdown-paragraph\">\ud83d\udc8a L\u00e4kemedelstillverkning<\/p>\n<\/li>\n<li>\n<p class=\"ds-markdown-paragraph\">\ud83c\udfed L\u00e4tt industriella utrymmen<\/p>\n<\/li>\n<\/ul>\n<h2><strong>Viktiga egenskaper och prestandaf\u00f6rdelar<\/strong><\/h2>\n<h4>\ud83d\ude80\u00a0<strong>Snabba applicerings- och h\u00e4rdningstider<\/strong><\/h4>\n<ul>\n<li><strong>Arbetstid:<\/strong>\u00a0S\u00e5 lite som 10 minuter<\/li>\n<li><strong>Klar f\u00f6r fottrafik:<\/strong>\u00a0P\u00e5 bara 1,5-4 timmar, beroende p\u00e5 temperatur<\/li>\n<li><strong>Full service:<\/strong>\u00a0Inom 24 timmar<\/li>\n<\/ul>\n<p class=\"ds-markdown-paragraph\"><em>Perfekt f\u00f6r f\u00f6retag som inte har r\u00e5d med l\u00e5nga avst\u00e4ngningar.<\/em><\/p>\n<h4>\ud83c\udf1e\u00a0<strong>UV-stabil och f\u00e4rgbest\u00e4ndig<\/strong><\/h4>\n<p class=\"ds-markdown-paragraph\">Till skillnad fr\u00e5n m\u00e5nga andra epoxisystem gulnar eller bleks inte FortiFlex LH under UV-exponering. Dina golv ser nya ut i flera \u00e5r.<\/p>\n<h4>\ud83e\uddea\u00a0<strong>Motst\u00e5ndskraftig mot kemikalier och fl\u00e4ckar<\/strong><\/h4>\n<p class=\"ds-markdown-paragraph\">Motst\u00e5r vanliga kemikalier, t.ex. oljor, syror och reng\u00f6ringsmedel. Perfekt f\u00f6r milj\u00f6er d\u00e4r spill \u00e4r vanligt f\u00f6rekommande.<\/p>\n<h4>\ud83e\uddf9\u00a0<strong>L\u00e5gt underh\u00e5ll och hygienisk<\/strong><\/h4>\n<p class=\"ds-markdown-paragraph\">Den s\u00f6ml\u00f6sa ytan f\u00f6rhindrar att smuts och fukt ansamlas, vilket g\u00f6r reng\u00f6ringen enkel och fr\u00e4mjar hygieniska f\u00f6rh\u00e5llanden.<\/p>\n<h2><strong>Tekniska specifikationer<\/strong><\/h2>\n<div class=\"ds-scroll-area _1210dd7\">\n<div class=\"ds-scroll-area__gutters\">\n<div class=\"ds-scroll-area__horizontal-gutter\"><\/div>\n<div class=\"ds-scroll-area__vertical-gutter\"><\/div>\n<\/div>\n<table>\n<thead>\n<tr>\n<th>Fastighet<\/th>\n<th>V\u00e4rde<\/th>\n<\/tr>\n<\/thead>\n<tbody>\n<tr>\n<td><strong>Glansniv\u00e5<\/strong><\/td>\n<td>90 (glans), 50-55 (satin)<\/td>\n<\/tr>\n<tr>\n<td><strong>Vikt fasta \u00e4mnen<\/strong><\/td>\n<td>98% \u00b1 2%<\/td>\n<\/tr>\n<tr>\n<td><strong>VOC-inneh\u00e5ll<\/strong><\/td>\n<td>&lt;50 g\/L<\/td>\n<\/tr>\n<tr>\n<td><strong>Blandningsf\u00f6rh\u00e5llande<\/strong><\/td>\n<td>2-komponent, f\u00f6rdoserade satser<\/td>\n<\/tr>\n<tr>\n<td><strong>Motst\u00e5ndskraft mot n\u00f6tning<\/strong><\/td>\n<td>22-27 mg (ASTM D4060)<\/td>\n<\/tr>\n<tr>\n<td><strong>Tryckh\u00e5llfasthet<\/strong><\/td>\n<td>12.500 psi<\/td>\n<\/tr>\n<tr>\n<td><strong>H\u00e5rdhet (Shore D)<\/strong><\/td>\n<td>70 (glans)<\/td>\n<\/tr>\n<tr>\n<td><strong>Flamspridningsindex<\/strong><\/td>\n<td>Klass B<\/td>\n<\/tr>\n<\/tbody>\n<\/table>\n<\/div>\n<h2><strong>Tidsplan f\u00f6r torkning<\/strong><\/h2>\n<div class=\"ds-scroll-area _1210dd7\">\n<div class=\"ds-scroll-area__gutters\">\n<div class=\"ds-scroll-area__horizontal-gutter\"><\/div>\n<div class=\"ds-scroll-area__vertical-gutter\"><\/div>\n<\/div>\n<table>\n<thead>\n<tr>\n<th>Skick<\/th>\n<th>G\u00e5ngtrafik (glans)<\/th>\n<th>Fottrafik (satin)<\/th>\n<\/tr>\n<\/thead>\n<tbody>\n<tr>\n<td>16\u00b0C (60\u00b0F)<\/td>\n<td>2,5-3 timmar<\/td>\n<td>3-4 timmar<\/td>\n<\/tr>\n<tr>\n<td>21\u00b0C (70\u00b0F)<\/td>\n<td>2-2,5 timmar<\/td>\n<td>2,5-3 timmar<\/td>\n<\/tr>\n<tr>\n<td>27\u00b0C (80\u00b0F)<\/td>\n<td>1,5-2 timmar<\/td>\n<td>2-2,5 timmar<\/td>\n<\/tr>\n<\/tbody>\n<\/table>\n<\/div>\n<p class=\"ds-markdown-paragraph\"><em>Tid f\u00f6r omm\u00e5lning:<\/em>\u00a0&lt;16 timmar (glans), 24 timmar (satin)<br \/>\n<em>Fullst\u00e4ndig kemisk best\u00e4ndighet:<\/em>\u00a07 dagar<\/p>\n<h2><strong>Spreadpriser och t\u00e4ckning<\/strong><\/h2>\n<h4>Stora byggsatser:<\/h4>\n<ul>\n<li>Primer: 115 SF\/Kit<\/li>\n<li>Kvarts eller Chip Broadcast: 65-75 SF\/Kit<\/li>\n<li>Topplack: 65 SF\/Kit<\/li>\n<\/ul>\n<h4>Sm\u00e5 byggsatser:<\/h4>\n<ul>\n<li>\n<p class=\"ds-markdown-paragraph\">Primer: 38 SF\/Kit<\/p>\n<\/li>\n<li>\n<p class=\"ds-markdown-paragraph\">Kvarts eller Chip Broadcast: 22-25 SF\/Kit<\/p>\n<\/li>\n<li>\n<p class=\"ds-markdown-paragraph\">Topplack: 22 SF\/Kit<\/p>\n<\/li>\n<\/ul>\n<h2><strong>Idealiska till\u00e4mpningsf\u00f6rh\u00e5llanden<\/strong><\/h2>\n<ul>\n<li>\n<p class=\"ds-markdown-paragraph\"><strong>Temperatur:<\/strong>\u00a060\u00b0F-85\u00b0F<\/p>\n<\/li>\n<li>\n<p class=\"ds-markdown-paragraph\"><strong>Luftfuktighet:<\/strong> 10%-30% (Anv\u00e4nd FortiFlex LH i milj\u00f6er med l\u00e5g luftfuktighet)<\/p>\n<\/li>\n<li>\n<p class=\"ds-markdown-paragraph\"><strong>Ytpreparering:<\/strong>\u00a0Endast rena, sunda och torra substrat<\/p>\n<\/li>\n<\/ul>\n<h2><strong>Varf\u00f6r v\u00e4lja FortiFlex LH framf\u00f6r andra ytbel\u00e4ggningar?<\/strong><\/h2>\n<blockquote>\n<p class=\"ds-markdown-paragraph\">\u201cVi testade flera\u00a0<strong>polyaspartiska golvbel\u00e4ggningar<\/strong> f\u00f6r v\u00e5r klinik. FortiFlex LH var den enda som h\u00e4rdade j\u00e4mnt i v\u00e5r kontrollerade milj\u00f6 - inga bubblor, inga f\u00f6rdr\u00f6jningar.\u201d<br \/>\n- Facility Manager, h\u00e4lso- och sjukv\u00e5rdssektorn<\/p>\n<\/blockquote>\n<ul>\n<li>\n<p class=\"ds-markdown-paragraph\">\ud83e\udde9\u00a0<strong>S\u00f6ml\u00f6sa golvsystem<\/strong>\u00a0inneb\u00e4r att det inte finns n\u00e5gra fogar eller sprickor d\u00e4r bakterier kan g\u00f6mma sig<\/p>\n<\/li>\n<li>\n<p class=\"ds-markdown-paragraph\">\ud83e\uddea\u00a0<strong>Polymerblandningsteknik<\/strong>\u00a0erbjuder flexibilitet och slagt\u00e5lighet<\/p>\n<\/li>\n<li>\n<p class=\"ds-markdown-paragraph\">\ud83d\udd52\u00a0<strong>Snabb h\u00e4rdning<\/strong>\u00a0= mindre stillest\u00e5ndstid = l\u00e4gre arbetskostnader<\/p>\n<\/li>\n<\/ul>\n<h2><strong>Vanliga fr\u00e5gor (FAQ)<\/strong><\/h2>\n<h4>\u2753 Kan jag applicera FortiFlex LH \u00f6ver befintlig epoxi?<\/h4>\n<p class=\"ds-markdown-paragraph\">Nej. Applicera inte \u00f6ver epoxier som h\u00e4rdats med snabbh\u00e4rdare.<\/p>\n<h4>\u2753 Vad skiljer den fr\u00e5n standard\u00a0<strong>polyaspartisk bel\u00e4ggning f\u00f6r garagegolv<\/strong>?<\/h4>\n<p class=\"ds-markdown-paragraph\">FortiFlex LH \u00e4r formulerad f\u00f6r <strong>l\u00e5g luftfuktighet<\/strong>\u00a0vilket g\u00f6r den mer tillf\u00f6rlitlig i torra klimat eller klimatkontrollerade byggnader.<\/p>\n<h4>\u2753 \u00c4r den halks\u00e4ker?<\/h4>\n<p class=\"ds-markdown-paragraph\">Ja - med en statisk friktionskoefficient &gt;0,6 uppfyller den s\u00e4kerhetsstandarderna f\u00f6r de flesta kommersiella utrymmen.<\/p>\n<h2><strong>\u00c4r du redo att f\u00f6r\u00e4ndra dina golv?<\/strong><\/h2>\n<p class=\"ds-markdown-paragraph\">L\u00e5t inte luftfuktigheten sakta ner dig. Med FortiFlex LH f\u00e5r du ett h\u00e5llbart, vackert och snabbinstallerat golvsystem som backas upp av KAIDA PAINT.<\/p>\n<p class=\"ds-markdown-paragraph\">\ud83d\udcde\u00a0<strong>Kontakta oss idag<\/strong>\u00a0f\u00f6r ett provpaket eller r\u00e5dfr\u00e5ga en golvspecialist.<\/p>\n<h2><strong>Best\u00e4llning &amp; support<\/strong><\/h2>\n<p class=\"ds-markdown-paragraph\">FortiFlex LH finns i f\u00f6rbest\u00e4llda glans- och satinpaket.<br \/>\n<strong>H\u00e5llbarhetstid:<\/strong><\/p>\n<ul>\n<li>\n<p class=\"ds-markdown-paragraph\">Glansigt harts (del A): 12 m\u00e5nader<\/p>\n<\/li>\n<li>\n<p class=\"ds-markdown-paragraph\">Satin Resin (del A): 6 m\u00e5nader<\/p>\n<\/li>\n<li>\n<p class=\"ds-markdown-paragraph\">H\u00e4rdare (del B): 6 m\u00e5nader<\/p>\n<\/li>\n<\/ul>","protected":false},"excerpt":{"rendered":"<p class=\"ds-markdown-paragraph\"><strong>FortiFlex LH: Det avancerade, snabbh\u00e4rdande golvet f\u00f6r kr\u00e4vande milj\u00f6er<\/strong><\/p>\n<p class=\"ds-markdown-paragraph\">M\u00f6t FortiFlex LH, en h\u00f6gpresterande polyaspartisk bel\u00e4ggning som \u00e4r speciellt framtagen f\u00f6r f\u00f6rh\u00e5llanden med l\u00e5g luftfuktighet. Som ett 100% solitt, s\u00f6ml\u00f6st golvsystem ger det en oslagbar kombination av snabbhet och h\u00e5llbarhet. Den egenutvecklade polymerblandningen h\u00e4rdar anm\u00e4rkningsv\u00e4rt snabbt, vilket avsev\u00e4rt minskar stillest\u00e5ndstiden f\u00f6r installationen och g\u00f6r att ditt utrymme kan tas i bruk igen inom n\u00e5gra timmar. Ut\u00f6ver den snabba appliceringen erbjuder FortiFlex LH exceptionell UV-stabilitet f\u00f6r att f\u00f6rhindra gulning, \u00f6verl\u00e4gsen best\u00e4ndighet mot fl\u00e4ckar och kemikalier samt en formula med l\u00e5g lukt och VOC som \u00e4r idealisk f\u00f6r kommersiella utrymmen som v\u00e5rdinr\u00e4ttningar, restauranger och butiker. F\u00f6r en t\u00e5lig, vacker och snabb golvl\u00f6sning som fungerar tillf\u00f6rlitligt i kontrollerade milj\u00f6er \u00e4r FortiFlex LH det definitiva valet.<\/p>","protected":false},"featured_media":6151,"template":"","meta":{"om_disable_all_campaigns":false,"_monsterinsights_skip_tracking":false,"_monsterinsights_sitenote_active":false,"_monsterinsights_sitenote_note":"","_monsterinsights_sitenote_category":0,"_uf_show_specific_survey":0,"_uf_disable_surveys":false},"product_brand":[],"product_cat":[128,801],"product_tag":[831,830,828,823,729,829,820,832],"class_list":{"0":"post-6157","1":"product","2":"type-product","3":"status-publish","4":"has-post-thumbnail","6":"product_cat-flooring-system","7":"product_cat-polyaspartic-and-polyurea-coatings","8":"product_tag-chemical-resistant-floors","9":"product_tag-commercial-flooring","10":"product_tag-fast-curing-flooring","11":"product_tag-low-voc-floor-coating","12":"product_tag-polyaspartic-coating","13":"product_tag-polymer-blend-coating","14":"product_tag-seamless-floor-systems","15":"product_tag-uv-stable-flooring","17":"first","18":"instock","19":"shipping-taxable","20":"product-type-simple"},"yoast_head":"<!-- This site is optimized with the Yoast SEO Premium plugin v26.2 (Yoast SEO v26.5) - https:\/\/yoast.com\/wordpress\/plugins\/seo\/ -->\n<title>FortiFlex LH Polyaspartic Coating | Fast-Cure Seamless Floor System - KAIDA PAINT\u00ae<\/title>\n<meta name=\"description\" content=\"FortiFlex LH is a 100% solids polyaspartic coating for low-humidity environments. Features fast curing (1.5-4 hours), UV stability, and excellent chemical resistance. Ideal for healthcare, retail, and commercial floors.\" \/>\n<meta name=\"robots\" content=\"index, follow, max-snippet:-1, max-image-preview:large, max-video-preview:-1\" \/>\n<link rel=\"canonical\" href=\"https:\/\/www.jinyupaint.com\/sv\/produkt\/fortiflex-lh-polyaspartic-coating-for-low-humidity-seamless-floors-system\/\" \/>\n<meta property=\"og:locale\" content=\"sv_SE\" \/>\n<meta property=\"og:type\" content=\"article\" \/>\n<meta property=\"og:title\" content=\"FortiFlex LH Polyaspartic Coating for Low Humidity Seamless Floors System\" \/>\n<meta property=\"og:description\" content=\"FortiFlex LH is a 100% solids polyaspartic coating for low-humidity environments. Features fast curing (1.5-4 hours), UV stability, and excellent chemical resistance. Ideal for healthcare, retail, and commercial floors.\" \/>\n<meta property=\"og:url\" content=\"https:\/\/www.jinyupaint.com\/sv\/produkt\/fortiflex-lh-polyaspartic-coating-for-low-humidity-seamless-floors-system\/\" \/>\n<meta property=\"og:site_name\" content=\"KAIDA PAINT\u00ae\" \/>\n<meta property=\"article:modified_time\" content=\"2025-12-01T04:35:57+00:00\" \/>\n<meta property=\"og:image\" content=\"https:\/\/www.jinyupaint.com\/wp-content\/uploads\/2025\/10\/KAIDA-PAINT-Manufacturer.jpg\" \/>\n\t<meta property=\"og:image:width\" content=\"800\" \/>\n\t<meta property=\"og:image:height\" content=\"800\" \/>\n\t<meta property=\"og:image:type\" content=\"image\/jpeg\" \/>\n<meta name=\"twitter:card\" content=\"summary_large_image\" \/>\n<meta name=\"twitter:label1\" content=\"Ber\u00e4knad l\u00e4stid\" \/>\n\t<meta name=\"twitter:data1\" content=\"3 minuter\" \/>\n<script type=\"application\/ld+json\" class=\"yoast-schema-graph\">{\"@context\":\"https:\/\/schema.org\",\"@graph\":[{\"@type\":\"WebPage\",\"@id\":\"https:\/\/www.jinyupaint.com\/product\/fortiflex-lh-polyaspartic-coating-for-low-humidity-seamless-floors-system\",\"url\":\"https:\/\/www.jinyupaint.com\/product\/fortiflex-lh-polyaspartic-coating-for-low-humidity-seamless-floors-system\",\"name\":\"FortiFlex LH Polyaspartic Coating | Fast-Cure Seamless Floor System - KAIDA PAINT\u00ae\",\"isPartOf\":{\"@id\":\"https:\/\/www.jinyupaint.com\/#website\"},\"primaryImageOfPage\":{\"@id\":\"https:\/\/www.jinyupaint.com\/product\/fortiflex-lh-polyaspartic-coating-for-low-humidity-seamless-floors-system#primaryimage\"},\"image\":{\"@id\":\"https:\/\/www.jinyupaint.com\/product\/fortiflex-lh-polyaspartic-coating-for-low-humidity-seamless-floors-system#primaryimage\"},\"thumbnailUrl\":\"https:\/\/www.jinyupaint.com\/wp-content\/uploads\/2025\/10\/KAIDA-PAINT-Manufacturer.jpg\",\"datePublished\":\"2025-10-24T02:07:18+00:00\",\"dateModified\":\"2025-12-01T04:35:57+00:00\",\"description\":\"FortiFlex LH is a 100% solids polyaspartic coating for low-humidity environments. Features fast curing (1.5-4 hours), UV stability, and excellent chemical resistance. Ideal for healthcare, retail, and commercial floors.\",\"breadcrumb\":{\"@id\":\"https:\/\/www.jinyupaint.com\/product\/fortiflex-lh-polyaspartic-coating-for-low-humidity-seamless-floors-system#breadcrumb\"},\"inLanguage\":\"sv-SE\",\"potentialAction\":[{\"@type\":\"ReadAction\",\"target\":[\"https:\/\/www.jinyupaint.com\/product\/fortiflex-lh-polyaspartic-coating-for-low-humidity-seamless-floors-system\"]}]},{\"@type\":\"ImageObject\",\"inLanguage\":\"sv-SE\",\"@id\":\"https:\/\/www.jinyupaint.com\/product\/fortiflex-lh-polyaspartic-coating-for-low-humidity-seamless-floors-system#primaryimage\",\"url\":\"https:\/\/www.jinyupaint.com\/wp-content\/uploads\/2025\/10\/KAIDA-PAINT-Manufacturer.jpg\",\"contentUrl\":\"https:\/\/www.jinyupaint.com\/wp-content\/uploads\/2025\/10\/KAIDA-PAINT-Manufacturer.jpg\",\"width\":800,\"height\":800,\"caption\":\"KAIDA PAINT Manufacturer\"},{\"@type\":\"BreadcrumbList\",\"@id\":\"https:\/\/www.jinyupaint.com\/product\/fortiflex-lh-polyaspartic-coating-for-low-humidity-seamless-floors-system#breadcrumb\",\"itemListElement\":[{\"@type\":\"ListItem\",\"position\":1,\"name\":\"Home\",\"item\":\"https:\/\/www.jinyupaint.com\/\"},{\"@type\":\"ListItem\",\"position\":2,\"name\":\"Shop\",\"item\":\"https:\/\/www.jinyupaint.com\/shop.html\"},{\"@type\":\"ListItem\",\"position\":3,\"name\":\"FortiFlex LH Polyaspartic Coating for Low Humidity Seamless Floors System\"}]},{\"@type\":\"WebSite\",\"@id\":\"https:\/\/www.jinyupaint.com\/#website\",\"url\":\"https:\/\/www.jinyupaint.com\/\",\"name\":\"JINYU\u00ae PAINT\",\"description\":\"JINYU PAINT\u00ae Manufacturer\",\"potentialAction\":[{\"@type\":\"SearchAction\",\"target\":{\"@type\":\"EntryPoint\",\"urlTemplate\":\"https:\/\/www.jinyupaint.com\/?s={search_term_string}\"},\"query-input\":{\"@type\":\"PropertyValueSpecification\",\"valueRequired\":true,\"valueName\":\"search_term_string\"}}],\"inLanguage\":\"sv-SE\"}]}<\/script>\n<!-- \/ Yoast SEO Premium plugin. -->","yoast_head_json":{"title":"FortiFlex LH polyaspartisk ytbehandling | Snabbh\u00e4rdande s\u00f6ml\u00f6st golvsystem - KAIDA PAINT","description":"FortiFlex LH \u00e4r en 100% fast polyaspartisk bel\u00e4ggning f\u00f6r milj\u00f6er med l\u00e5g luftfuktighet. Snabbh\u00e4rdande (1,5-4 timmar), UV-stabilitet och utm\u00e4rkt kemikaliebest\u00e4ndighet. Idealisk f\u00f6r golv inom sjukv\u00e5rd, detaljhandel och kommersiella lokaler.","robots":{"index":"index","follow":"follow","max-snippet":"max-snippet:-1","max-image-preview":"max-image-preview:large","max-video-preview":"max-video-preview:-1"},"canonical":"https:\/\/www.jinyupaint.com\/sv\/produkt\/fortiflex-lh-polyaspartic-coating-for-low-humidity-seamless-floors-system\/","og_locale":"sv_SE","og_type":"article","og_title":"FortiFlex LH Polyaspartic Coating for Low Humidity Seamless Floors System","og_description":"FortiFlex LH is a 100% solids polyaspartic coating for low-humidity environments. Features fast curing (1.5-4 hours), UV stability, and excellent chemical resistance. Ideal for healthcare, retail, and commercial floors.","og_url":"https:\/\/www.jinyupaint.com\/sv\/produkt\/fortiflex-lh-polyaspartic-coating-for-low-humidity-seamless-floors-system\/","og_site_name":"KAIDA PAINT\u00ae","article_modified_time":"2025-12-01T04:35:57+00:00","og_image":[{"width":800,"height":800,"url":"https:\/\/www.jinyupaint.com\/wp-content\/uploads\/2025\/10\/KAIDA-PAINT-Manufacturer.jpg","type":"image\/jpeg"}],"twitter_card":"summary_large_image","twitter_misc":{"Ber\u00e4knad l\u00e4stid":"3 minuter"},"schema":{"@context":"https:\/\/schema.org","@graph":[{"@type":"WebPage","@id":"https:\/\/www.jinyupaint.com\/product\/fortiflex-lh-polyaspartic-coating-for-low-humidity-seamless-floors-system","url":"https:\/\/www.jinyupaint.com\/product\/fortiflex-lh-polyaspartic-coating-for-low-humidity-seamless-floors-system","name":"FortiFlex LH polyaspartisk ytbehandling | Snabbh\u00e4rdande s\u00f6ml\u00f6st golvsystem - KAIDA PAINT","isPartOf":{"@id":"https:\/\/www.jinyupaint.com\/#website"},"primaryImageOfPage":{"@id":"https:\/\/www.jinyupaint.com\/product\/fortiflex-lh-polyaspartic-coating-for-low-humidity-seamless-floors-system#primaryimage"},"image":{"@id":"https:\/\/www.jinyupaint.com\/product\/fortiflex-lh-polyaspartic-coating-for-low-humidity-seamless-floors-system#primaryimage"},"thumbnailUrl":"https:\/\/www.jinyupaint.com\/wp-content\/uploads\/2025\/10\/KAIDA-PAINT-Manufacturer.jpg","datePublished":"2025-10-24T02:07:18+00:00","dateModified":"2025-12-01T04:35:57+00:00","description":"FortiFlex LH \u00e4r en 100% fast polyaspartisk bel\u00e4ggning f\u00f6r milj\u00f6er med l\u00e5g luftfuktighet. Snabbh\u00e4rdande (1,5-4 timmar), UV-stabilitet och utm\u00e4rkt kemikaliebest\u00e4ndighet. Idealisk f\u00f6r golv inom sjukv\u00e5rd, detaljhandel och kommersiella lokaler.","breadcrumb":{"@id":"https:\/\/www.jinyupaint.com\/product\/fortiflex-lh-polyaspartic-coating-for-low-humidity-seamless-floors-system#breadcrumb"},"inLanguage":"sv-SE","potentialAction":[{"@type":"ReadAction","target":["https:\/\/www.jinyupaint.com\/product\/fortiflex-lh-polyaspartic-coating-for-low-humidity-seamless-floors-system"]}]},{"@type":"ImageObject","inLanguage":"sv-SE","@id":"https:\/\/www.jinyupaint.com\/product\/fortiflex-lh-polyaspartic-coating-for-low-humidity-seamless-floors-system#primaryimage","url":"https:\/\/www.jinyupaint.com\/wp-content\/uploads\/2025\/10\/KAIDA-PAINT-Manufacturer.jpg","contentUrl":"https:\/\/www.jinyupaint.com\/wp-content\/uploads\/2025\/10\/KAIDA-PAINT-Manufacturer.jpg","width":800,"height":800,"caption":"KAIDA PAINT Manufacturer"},{"@type":"BreadcrumbList","@id":"https:\/\/www.jinyupaint.com\/product\/fortiflex-lh-polyaspartic-coating-for-low-humidity-seamless-floors-system#breadcrumb","itemListElement":[{"@type":"ListItem","position":1,"name":"Home","item":"https:\/\/www.jinyupaint.com\/"},{"@type":"ListItem","position":2,"name":"Shop","item":"https:\/\/www.jinyupaint.com\/shop.html"},{"@type":"ListItem","position":3,"name":"FortiFlex LH Polyaspartic Coating for Low Humidity Seamless Floors System"}]},{"@type":"WebSite","@id":"https:\/\/www.jinyupaint.com\/#website","url":"https:\/\/www.jinyupaint.com\/","name":"JINYU\u00ae F\u00c4RGER","description":"JINYU PAINT\u00ae Tillverkare","potentialAction":[{"@type":"SearchAction","target":{"@type":"EntryPoint","urlTemplate":"https:\/\/www.jinyupaint.com\/?s={search_term_string}"},"query-input":{"@type":"PropertyValueSpecification","valueRequired":true,"valueName":"search_term_string"}}],"inLanguage":"sv-SE"}]}},"_links":{"self":[{"href":"https:\/\/www.jinyupaint.com\/sv\/wp-json\/wp\/v2\/product\/6157","targetHints":{"allow":["GET"]}}],"collection":[{"href":"https:\/\/www.jinyupaint.com\/sv\/wp-json\/wp\/v2\/product"}],"about":[{"href":"https:\/\/www.jinyupaint.com\/sv\/wp-json\/wp\/v2\/types\/product"}],"wp:featuredmedia":[{"embeddable":true,"href":"https:\/\/www.jinyupaint.com\/sv\/wp-json\/wp\/v2\/media\/6151"}],"wp:attachment":[{"href":"https:\/\/www.jinyupaint.com\/sv\/wp-json\/wp\/v2\/media?parent=6157"}],"wp:term":[{"taxonomy":"product_brand","embeddable":true,"href":"https:\/\/www.jinyupaint.com\/sv\/wp-json\/wp\/v2\/product_brand?post=6157"},{"taxonomy":"product_cat","embeddable":true,"href":"https:\/\/www.jinyupaint.com\/sv\/wp-json\/wp\/v2\/product_cat?post=6157"},{"taxonomy":"product_tag","embeddable":true,"href":"https:\/\/www.jinyupaint.com\/sv\/wp-json\/wp\/v2\/product_tag?post=6157"}],"curies":[{"name":"wp","href":"https:\/\/api.w.org\/{rel}","templated":true}]}}