{"id":6148,"date":"2025-10-24T00:54:30","date_gmt":"2025-10-24T00:54:30","guid":{"rendered":"https:\/\/www.jinyupaint.com\/?post_type=product&#038;p=6148"},"modified":"2025-12-01T04:45:26","modified_gmt":"2025-12-01T04:45:26","slug":"armorseal-pxt-clear-high-performance-polyaspartic-topcoat","status":"publish","type":"product","link":"https:\/\/www.jinyupaint.com\/sv\/produkt\/armorseal-pxt-clear-high-performance-polyaspartic-topcoat","title":{"rendered":"ArmorSeal PXT Clear h\u00f6gpresterande polyaspartisk topplack"},"content":{"rendered":"<p class=\"ds-markdown-paragraph\">ArmorSeal PXT Clear \u00e4r en h\u00f6gkvalitativ, tv\u00e5komponents, alifatisk polyaspartisk topplack som \u00e4r konstruerad f\u00f6r att ge o\u00f6vertr\u00e4ffad h\u00e5llbarhet och estetik. Denna snabbh\u00e4rdande bel\u00e4ggning med h\u00f6g torrhalt \u00e4r avsedd f\u00f6r vattent\u00e4ta membransystem och appliceras enkelt i ett eller flera skikt och p\u00e5verkas inte av fukt. Oavsett om du skyddar parkeringsd\u00e4ck, poolomgivningar eller dekorativa flingor, kombinerar ArmorSeal PXT Clear snabbhet, styrka och h\u00e5llbarhet.<\/p>\n<h2><strong>Viktiga funktioner och f\u00f6rdelar<\/strong><\/h2>\n<h4>\u2705\u00a0<strong>Snabbh\u00e4rdande teknik<\/strong><\/h4>\n<ul>\n<li><strong>Klisterfri p\u00e5 1 timme, klar f\u00f6r g\u00e5ngtrafik p\u00e5 6-8 timmar<\/strong><br \/>\nPerfekt f\u00f6r projekt med sn\u00e4va tidsramar. Minimera stillest\u00e5ndstiden utan att kompromissa med prestandan.<\/li>\n<\/ul>\n<h4>\u2705\u00a0<strong>Exceptionell h\u00e5llbarhet<\/strong><\/h4>\n<ul>\n<li><strong>Shore D-h\u00e5rdhet: 65 \u00b1 2 | Dragh\u00e5llfasthet: 3500 psi<\/strong><br \/>\nMotst\u00e5r n\u00f6tning, st\u00f6tar och tung trafik - idealisk f\u00f6r\u00a0<strong>Garagegolv<\/strong>, industriomr\u00e5den och kommersiella omr\u00e5den med h\u00f6g anv\u00e4ndning.<\/li>\n<\/ul>\n<h4>\u2705\u00a0<strong>UV-best\u00e4ndighet och v\u00e4derbest\u00e4ndighet<\/strong><\/h4>\n<ul>\n<li><strong>Ej gulnande | Glansbest\u00e4ndighet<\/strong><br \/>\nH\u00e5ller ytorna som nya i flera \u00e5r, \u00e4ven i direkt solljus. Perfekt f\u00f6r\u00a0<strong>poold\u00e4ck<\/strong>\u00a0och\u00a0<strong>balkonger<\/strong>.<\/li>\n<\/ul>\n<h4>\u2705\u00a0<strong>S\u00f6ml\u00f6s och kemikalieresistent<\/strong><\/h4>\n<ul>\n<li><strong>T\u00e5l oljor, syror och l\u00f6sningsmedel<\/strong><br \/>\nSkyddar mot vanliga f\u00f6roreningar som motorolja, bromsv\u00e4tska och utsp\u00e4dda syror. Se tabellen \u00f6ver kemisk best\u00e4ndighet f\u00f6r mer information.<\/li>\n<\/ul>\n<h4>\u2705\u00a0<strong>Milj\u00f6v\u00e4nlig<\/strong><\/h4>\n<ul>\n<li><strong>L\u00e5g VOC (&lt;100 g\/L)<\/strong><br \/>\nEtt s\u00e4krare val f\u00f6r inomhus- och utomhusapplikationer som uppfyller moderna milj\u00f6standarder.<\/li>\n<\/ul>\n<h2><strong>Tekniska specifikationer<\/strong><\/h2>\n<div class=\"ds-scroll-area _1210dd7\">\n<div class=\"ds-scroll-area__gutters\">\n<div class=\"ds-scroll-area__horizontal-gutter\"><\/div>\n<div class=\"ds-scroll-area__vertical-gutter\"><\/div>\n<\/div>\n<table>\n<thead>\n<tr>\n<th><strong>Fastighet<\/strong><\/th>\n<th><strong>V\u00e4rde<\/strong><\/th>\n<\/tr>\n<\/thead>\n<tbody>\n<tr>\n<td>Volym fasta \u00e4mnen<\/td>\n<td>88% \u00b1 2 (ASTM D2697)<\/td>\n<\/tr>\n<tr>\n<td>Vikt fasta \u00e4mnen<\/td>\n<td>90% \u00b1 2 (ASTM D2369)<\/td>\n<\/tr>\n<tr>\n<td>Blandningsf\u00f6rh\u00e5llande<\/td>\n<td>1:1 i volym<\/td>\n<\/tr>\n<tr>\n<td>T\u00e4ckningsgrad<\/td>\n<td>200 ft\u00b2\/gallon (18,5 m\u00b2\/3,78 l)<\/td>\n<\/tr>\n<tr>\n<td>Livet p\u00e5 krukan<\/td>\n<td>45-60 minuter<\/td>\n<\/tr>\n<tr>\n<td>Torrtid (@75\u00b0F, 50% RH)<\/td>\n<td>Klisterfri: 1 timme<\/td>\n<td>Fullst\u00e4ndig h\u00e4rdning: 24 timmar<\/td>\n<\/tr>\n<\/tbody>\n<\/table>\n<\/div>\n<h2><strong>Idealiska till\u00e4mpningar<\/strong><\/h2>\n<p class=\"ds-markdown-paragraph\">ArmorSeal PXT Clear \u00e4r den b\u00e4sta polyaspartiska golvbel\u00e4ggningen f\u00f6r:<\/p>\n<ul>\n<li><strong>Parkeringsd\u00e4ck och garage<\/strong><\/li>\n<li><strong>Bass\u00e4ngterrasser och balkonger<\/strong><\/li>\n<li><strong>Dekorativa fling- och kvartssystem<\/strong><\/li>\n<li><strong>Kommersiella och industriella golv<\/strong><\/li>\n<\/ul>\n<h2><strong>Ytf\u00f6rberedelse och applicering<\/strong><\/h2>\n<h4><strong>Steg 1: F\u00f6rbered ytan<\/strong><\/h4>\n<ul>\n<li>Se till att betongen \u00e4r helt h\u00e4rdad (minst 28 dagar), ren och strukturellt sund.<\/li>\n<li>Utf\u00f6r fukttestning - den interna luftfuktigheten m\u00e5ste vara l\u00e4gre \u00e4n 75% (ASTM F2170).<\/li>\n<\/ul>\n<h4><strong>Steg 2: Blanda och applicera<\/strong><\/h4>\n<ol start=\"1\">\n<li>\n<p class=\"ds-markdown-paragraph\"><strong>Blanda lika delar A och B<\/strong>\u00a0med hj\u00e4lp av en Jiffy-mixer och en l\u00e5ngsamtg\u00e5ende borrmaskin.<\/p>\n<\/li>\n<li>\n<p class=\"ds-markdown-paragraph\"><strong>Applicera inom 45-60 minuter<\/strong>\u00a0av blandning f\u00f6r att undvika pot-life-problem.<\/p>\n<\/li>\n<li>\n<p class=\"ds-markdown-paragraph\"><strong>Sprid ut med en gummiskrapa<\/strong>och rulla sedan tillbaka f\u00f6r j\u00e4mn tjocklek.<\/p>\n<\/li>\n<li>\n<p class=\"ds-markdown-paragraph\"><strong>R\u00e4kna med 12 timmar f\u00f6r l\u00e4tt trafik<\/strong>, 40 timmar f\u00f6r tung trafik\/fordonstrafik.<\/p>\n<\/li>\n<\/ol>\n<p class=\"ds-markdown-paragraph\">\u26a0\ufe0f\u00a0<strong>Proffstips:<\/strong>\u00a0Anv\u00e4nd skor med spikar f\u00f6r att underl\u00e4tta f\u00f6rflyttning under appliceringen. Undvik att applicera tjockare \u00e4n 16 mil i ett skikt f\u00f6r att f\u00f6rhindra grumling.<\/p>\n<h2><strong>Varf\u00f6r v\u00e4lja ArmorSeal PXT Clear<\/strong><strong>?<\/strong><\/h2>\n<h4>\ud83d\udd2c\u00a0<strong>Uppbackad av vetenskapen, betrodd av proffsen<\/strong><\/h4>\n<p class=\"ds-markdown-paragraph\">Med \u00f6verl\u00e4gsen rivh\u00e5llfasthet (400 pli) och ultimat t\u00f6jning (50%) b\u00f6jer sig denna bel\u00e4ggning med substratets r\u00f6relser, vilket minskar sprickbildning.<\/p>\n<h4>\ud83c\udf0d\u00a0<strong>Testad i den verkliga v\u00e4rlden<\/strong><\/h4>\n<p class=\"ds-markdown-paragraph\">Fr\u00e5n polyaspartiska garagegolv till epoxi- och polyaspartiska hybridsystem har ArmorSeal PXT Clear visat sig fungera i kr\u00e4vande milj\u00f6er.<\/p>\n<h4>\ud83d\udee1\ufe0f KAIDA PAINT<strong>\u00a0Garanti<\/strong><\/h4>\n<p class=\"ds-markdown-paragraph\">Varje burk omfattas av KAIDA PAINT:s kvalitets\u00e5tagande. Se produktdatabladet f\u00f6r fullst\u00e4ndig garantiinformation.<\/p>\n<h2><strong>Vanliga fr\u00e5gor och svar<\/strong><\/h2>\n<h4>\u2753\u00a0<strong>Hur \u00e4r polyaspartic j\u00e4mf\u00f6rt med epoxi?<\/strong><\/h4>\n<p class=\"ds-markdown-paragraph\">Polyaspartiska topplacker h\u00e4rdar snabbare, har b\u00e4ttre UV-stabilitet och ger l\u00e4ngre livsl\u00e4ngd \u00e4n traditionella epoxier.<\/p>\n<h4>\u2753\u00a0<strong>Kan jag applicera detta \u00f6ver en befintlig bel\u00e4ggning?<\/strong><\/h4>\n<p class=\"ds-markdown-paragraph\">Ja, n\u00e4r den appliceras \u00f6ver ett kompatibelt grundat och basm\u00e5lat system. F\u00f6r specifika fall, kontakta en KAIDA PAINT-representant.<\/p>\n<h4>\u2753\u00a0<strong>Vad \u00e4r kostnaden f\u00f6r polyaspartisk golvbel\u00e4ggning?<\/strong><\/h4>\n<p class=\"ds-markdown-paragraph\">\u00c4ven om priserna varierar erbjuder ArmorSeal PXT Clear ett exceptionellt v\u00e4rde genom sin l\u00e5nga livsl\u00e4ngd, minskade underh\u00e5llsbehov och minimala stillest\u00e5ndstid.<\/p>\n<h2><strong>Best\u00e4llningsinformation<\/strong><\/h2>\n<ul>\n<li><strong>Del A (klar):<\/strong>\u00a0GP4750CA1 | 1 Gallon (3,8L)<\/li>\n<li><strong>Del B (H\u00e4rdare):<\/strong>\u00a0GP4750CB1 | 1 gallon (3,8 liter)<\/li>\n<li><strong>H\u00e5llbarhetstid:<\/strong>\u00a012 m\u00e5nader (o\u00f6ppnad, f\u00f6rvarad vid 65-90\u00b0F)<\/li>\n<\/ul>\n<h2><strong>\u00c4r du redo att f\u00f6r\u00e4ndra ditt utrymme?<\/strong><\/h2>\n<p class=\"ds-markdown-paragraph\">Oavsett om du \u00e4r en entrepren\u00f6r som s\u00f6ker en p\u00e5litlig polyaspartisk bel\u00e4ggning n\u00e4ra mig eller en g\u00f6r-det-sj\u00e4lvare som utforskar kostnaden f\u00f6r polyaspartisk golvbel\u00e4ggning, ger ArmorSeal PXT Clear professionella resultat med l\u00e4tthet.<\/p>\n<p class=\"ds-markdown-paragraph\"><strong>\ud83d\udcde Kontakta KAIDA PAINT idag f\u00f6r teknisk support eller f\u00f6r att hitta en distribut\u00f6r.<\/strong><\/p>","protected":false},"excerpt":{"rendered":"<p>M\u00f6t ArmorSeal PXT Clear, den avancerade polyaspartiska topplacken som \u00e4r framtagen f\u00f6r dem som v\u00e4grar kompromissa mellan snabbhet och h\u00e5llbarhet. Denna snabbh\u00e4rdande tv\u00e5komponentsformel ger ett robust skydd med h\u00f6g glans som appliceras s\u00f6ml\u00f6st och \u00e4r anm\u00e4rkningsv\u00e4rt ok\u00e4nsligt f\u00f6r fukt. Den \u00e4r idealisk f\u00f6r kr\u00e4vande milj\u00f6er som parkeringsd\u00e4ck, poolomr\u00e5den och balkonger och ger \u00f6verl\u00e4gsen best\u00e4ndighet mot UV-str\u00e5lar, kemikalier och dagligt slitage. Uppn\u00e5 en l\u00e5ngvarig, briljant finish med minimal stillest\u00e5ndstid och se till att dina projekt inte bara slutf\u00f6rs snabbare utan ocks\u00e5 byggs f\u00f6r att h\u00e5lla.<\/p>","protected":false},"featured_media":6151,"template":"","meta":{"om_disable_all_campaigns":false,"_monsterinsights_skip_tracking":false,"_monsterinsights_sitenote_active":false,"_monsterinsights_sitenote_note":"","_monsterinsights_sitenote_category":0,"_uf_show_specific_survey":0,"_uf_disable_surveys":false},"product_brand":[],"product_cat":[128,801],"product_tag":[808,812,802,803,811],"class_list":{"0":"post-6148","1":"product","2":"type-product","3":"status-publish","4":"has-post-thumbnail","6":"product_cat-flooring-system","7":"product_cat-polyaspartic-and-polyurea-coatings","8":"product_tag-commercial-floor-coating","9":"product_tag-concrete-sealer","10":"product_tag-polyaspartic-floor-coating","11":"product_tag-polyaspartic-garage-floor","12":"product_tag-polyaspartic-topcoat","14":"first","15":"instock","16":"shipping-taxable","17":"product-type-simple"},"yoast_head":"<!-- This site is optimized with the Yoast SEO Premium plugin v26.2 (Yoast SEO v26.5) - https:\/\/yoast.com\/wordpress\/plugins\/seo\/ -->\n<title>ArmorSeal PXT Clear High-Performance Polyaspartic Topcoat - KAIDA PAINT\u00ae<\/title>\n<meta name=\"description\" content=\"ArmorSeal PXT Clear is a professional-grade, aliphatic polyaspartic topcoat offering rapid curing, UV resistance, and seamless chemical protection. Ideal for garage floors, pool decks, and commercial spaces. Trusted by contractors for durability and ease of application.\" \/>\n<meta name=\"robots\" content=\"index, follow, max-snippet:-1, max-image-preview:large, max-video-preview:-1\" \/>\n<link rel=\"canonical\" href=\"https:\/\/www.jinyupaint.com\/sv\/produkt\/armorseal-pxt-clear-high-performance-polyaspartic-topcoat\/\" \/>\n<meta property=\"og:locale\" content=\"sv_SE\" \/>\n<meta property=\"og:type\" content=\"article\" \/>\n<meta property=\"og:title\" content=\"ArmorSeal PXT Clear High-Performance Polyaspartic Topcoat\" \/>\n<meta property=\"og:description\" content=\"ArmorSeal PXT Clear is a professional-grade, aliphatic polyaspartic topcoat offering rapid curing, UV resistance, and seamless chemical protection. Ideal for garage floors, pool decks, and commercial spaces. Trusted by contractors for durability and ease of application.\" \/>\n<meta property=\"og:url\" content=\"https:\/\/www.jinyupaint.com\/sv\/produkt\/armorseal-pxt-clear-high-performance-polyaspartic-topcoat\/\" \/>\n<meta property=\"og:site_name\" content=\"KAIDA PAINT\u00ae\" \/>\n<meta property=\"article:modified_time\" content=\"2025-12-01T04:45:26+00:00\" \/>\n<meta property=\"og:image\" content=\"https:\/\/www.jinyupaint.com\/wp-content\/uploads\/2025\/10\/KAIDA-PAINT-Manufacturer.jpg\" \/>\n\t<meta property=\"og:image:width\" content=\"800\" \/>\n\t<meta property=\"og:image:height\" content=\"800\" \/>\n\t<meta property=\"og:image:type\" content=\"image\/jpeg\" \/>\n<meta name=\"twitter:card\" content=\"summary_large_image\" \/>\n<meta name=\"twitter:label1\" content=\"Ber\u00e4knad l\u00e4stid\" \/>\n\t<meta name=\"twitter:data1\" content=\"3 minuter\" \/>\n<script type=\"application\/ld+json\" class=\"yoast-schema-graph\">{\"@context\":\"https:\/\/schema.org\",\"@graph\":[{\"@type\":\"WebPage\",\"@id\":\"https:\/\/www.jinyupaint.com\/product\/armorseal-pxt-clear-high-performance-polyaspartic-topcoat\",\"url\":\"https:\/\/www.jinyupaint.com\/product\/armorseal-pxt-clear-high-performance-polyaspartic-topcoat\",\"name\":\"ArmorSeal PXT Clear High-Performance Polyaspartic Topcoat - KAIDA PAINT\u00ae\",\"isPartOf\":{\"@id\":\"https:\/\/www.jinyupaint.com\/#website\"},\"primaryImageOfPage\":{\"@id\":\"https:\/\/www.jinyupaint.com\/product\/armorseal-pxt-clear-high-performance-polyaspartic-topcoat#primaryimage\"},\"image\":{\"@id\":\"https:\/\/www.jinyupaint.com\/product\/armorseal-pxt-clear-high-performance-polyaspartic-topcoat#primaryimage\"},\"thumbnailUrl\":\"https:\/\/www.jinyupaint.com\/wp-content\/uploads\/2025\/10\/KAIDA-PAINT-Manufacturer.jpg\",\"datePublished\":\"2025-10-24T00:54:30+00:00\",\"dateModified\":\"2025-12-01T04:45:26+00:00\",\"description\":\"ArmorSeal PXT Clear is a professional-grade, aliphatic polyaspartic topcoat offering rapid curing, UV resistance, and seamless chemical protection. Ideal for garage floors, pool decks, and commercial spaces. Trusted by contractors for durability and ease of application.\",\"breadcrumb\":{\"@id\":\"https:\/\/www.jinyupaint.com\/product\/armorseal-pxt-clear-high-performance-polyaspartic-topcoat#breadcrumb\"},\"inLanguage\":\"sv-SE\",\"potentialAction\":[{\"@type\":\"ReadAction\",\"target\":[\"https:\/\/www.jinyupaint.com\/product\/armorseal-pxt-clear-high-performance-polyaspartic-topcoat\"]}]},{\"@type\":\"ImageObject\",\"inLanguage\":\"sv-SE\",\"@id\":\"https:\/\/www.jinyupaint.com\/product\/armorseal-pxt-clear-high-performance-polyaspartic-topcoat#primaryimage\",\"url\":\"https:\/\/www.jinyupaint.com\/wp-content\/uploads\/2025\/10\/KAIDA-PAINT-Manufacturer.jpg\",\"contentUrl\":\"https:\/\/www.jinyupaint.com\/wp-content\/uploads\/2025\/10\/KAIDA-PAINT-Manufacturer.jpg\",\"width\":800,\"height\":800,\"caption\":\"KAIDA PAINT Manufacturer\"},{\"@type\":\"BreadcrumbList\",\"@id\":\"https:\/\/www.jinyupaint.com\/product\/armorseal-pxt-clear-high-performance-polyaspartic-topcoat#breadcrumb\",\"itemListElement\":[{\"@type\":\"ListItem\",\"position\":1,\"name\":\"Home\",\"item\":\"https:\/\/www.jinyupaint.com\/\"},{\"@type\":\"ListItem\",\"position\":2,\"name\":\"Shop\",\"item\":\"https:\/\/www.jinyupaint.com\/shop.html\"},{\"@type\":\"ListItem\",\"position\":3,\"name\":\"ArmorSeal PXT Clear High-Performance Polyaspartic Topcoat\"}]},{\"@type\":\"WebSite\",\"@id\":\"https:\/\/www.jinyupaint.com\/#website\",\"url\":\"https:\/\/www.jinyupaint.com\/\",\"name\":\"JINYU\u00ae PAINT\",\"description\":\"JINYU PAINT\u00ae Manufacturer\",\"potentialAction\":[{\"@type\":\"SearchAction\",\"target\":{\"@type\":\"EntryPoint\",\"urlTemplate\":\"https:\/\/www.jinyupaint.com\/?s={search_term_string}\"},\"query-input\":{\"@type\":\"PropertyValueSpecification\",\"valueRequired\":true,\"valueName\":\"search_term_string\"}}],\"inLanguage\":\"sv-SE\"}]}<\/script>\n<!-- \/ Yoast SEO Premium plugin. -->","yoast_head_json":{"title":"ArmorSeal PXT Clear h\u00f6gpresterande polyaspartisk t\u00e4ckf\u00e4rg - KAIDA PAINT\u00ae.","description":"ArmorSeal PXT Clear \u00e4r en alifatisk polyaspartisk topplack av professionell kvalitet som ger snabb h\u00e4rdning, UV-best\u00e4ndighet och s\u00f6ml\u00f6st kemiskt skydd. Idealisk f\u00f6r garagegolv, poold\u00e4ck och kommersiella utrymmen. Betrodd av entrepren\u00f6rer f\u00f6r sin h\u00e5llbarhet och enkla applicering.","robots":{"index":"index","follow":"follow","max-snippet":"max-snippet:-1","max-image-preview":"max-image-preview:large","max-video-preview":"max-video-preview:-1"},"canonical":"https:\/\/www.jinyupaint.com\/sv\/produkt\/armorseal-pxt-clear-high-performance-polyaspartic-topcoat\/","og_locale":"sv_SE","og_type":"article","og_title":"ArmorSeal PXT Clear High-Performance Polyaspartic Topcoat","og_description":"ArmorSeal PXT Clear is a professional-grade, aliphatic polyaspartic topcoat offering rapid curing, UV resistance, and seamless chemical protection. Ideal for garage floors, pool decks, and commercial spaces. Trusted by contractors for durability and ease of application.","og_url":"https:\/\/www.jinyupaint.com\/sv\/produkt\/armorseal-pxt-clear-high-performance-polyaspartic-topcoat\/","og_site_name":"KAIDA PAINT\u00ae","article_modified_time":"2025-12-01T04:45:26+00:00","og_image":[{"width":800,"height":800,"url":"https:\/\/www.jinyupaint.com\/wp-content\/uploads\/2025\/10\/KAIDA-PAINT-Manufacturer.jpg","type":"image\/jpeg"}],"twitter_card":"summary_large_image","twitter_misc":{"Ber\u00e4knad l\u00e4stid":"3 minuter"},"schema":{"@context":"https:\/\/schema.org","@graph":[{"@type":"WebPage","@id":"https:\/\/www.jinyupaint.com\/product\/armorseal-pxt-clear-high-performance-polyaspartic-topcoat","url":"https:\/\/www.jinyupaint.com\/product\/armorseal-pxt-clear-high-performance-polyaspartic-topcoat","name":"ArmorSeal PXT Clear h\u00f6gpresterande polyaspartisk t\u00e4ckf\u00e4rg - KAIDA PAINT\u00ae.","isPartOf":{"@id":"https:\/\/www.jinyupaint.com\/#website"},"primaryImageOfPage":{"@id":"https:\/\/www.jinyupaint.com\/product\/armorseal-pxt-clear-high-performance-polyaspartic-topcoat#primaryimage"},"image":{"@id":"https:\/\/www.jinyupaint.com\/product\/armorseal-pxt-clear-high-performance-polyaspartic-topcoat#primaryimage"},"thumbnailUrl":"https:\/\/www.jinyupaint.com\/wp-content\/uploads\/2025\/10\/KAIDA-PAINT-Manufacturer.jpg","datePublished":"2025-10-24T00:54:30+00:00","dateModified":"2025-12-01T04:45:26+00:00","description":"ArmorSeal PXT Clear \u00e4r en alifatisk polyaspartisk topplack av professionell kvalitet som ger snabb h\u00e4rdning, UV-best\u00e4ndighet och s\u00f6ml\u00f6st kemiskt skydd. Idealisk f\u00f6r garagegolv, poold\u00e4ck och kommersiella utrymmen. Betrodd av entrepren\u00f6rer f\u00f6r sin h\u00e5llbarhet och enkla applicering.","breadcrumb":{"@id":"https:\/\/www.jinyupaint.com\/product\/armorseal-pxt-clear-high-performance-polyaspartic-topcoat#breadcrumb"},"inLanguage":"sv-SE","potentialAction":[{"@type":"ReadAction","target":["https:\/\/www.jinyupaint.com\/product\/armorseal-pxt-clear-high-performance-polyaspartic-topcoat"]}]},{"@type":"ImageObject","inLanguage":"sv-SE","@id":"https:\/\/www.jinyupaint.com\/product\/armorseal-pxt-clear-high-performance-polyaspartic-topcoat#primaryimage","url":"https:\/\/www.jinyupaint.com\/wp-content\/uploads\/2025\/10\/KAIDA-PAINT-Manufacturer.jpg","contentUrl":"https:\/\/www.jinyupaint.com\/wp-content\/uploads\/2025\/10\/KAIDA-PAINT-Manufacturer.jpg","width":800,"height":800,"caption":"KAIDA PAINT Manufacturer"},{"@type":"BreadcrumbList","@id":"https:\/\/www.jinyupaint.com\/product\/armorseal-pxt-clear-high-performance-polyaspartic-topcoat#breadcrumb","itemListElement":[{"@type":"ListItem","position":1,"name":"Home","item":"https:\/\/www.jinyupaint.com\/"},{"@type":"ListItem","position":2,"name":"Shop","item":"https:\/\/www.jinyupaint.com\/shop.html"},{"@type":"ListItem","position":3,"name":"ArmorSeal PXT Clear High-Performance Polyaspartic Topcoat"}]},{"@type":"WebSite","@id":"https:\/\/www.jinyupaint.com\/#website","url":"https:\/\/www.jinyupaint.com\/","name":"JINYU\u00ae F\u00c4RGER","description":"JINYU PAINT\u00ae Tillverkare","potentialAction":[{"@type":"SearchAction","target":{"@type":"EntryPoint","urlTemplate":"https:\/\/www.jinyupaint.com\/?s={search_term_string}"},"query-input":{"@type":"PropertyValueSpecification","valueRequired":true,"valueName":"search_term_string"}}],"inLanguage":"sv-SE"}]}},"_links":{"self":[{"href":"https:\/\/www.jinyupaint.com\/sv\/wp-json\/wp\/v2\/product\/6148","targetHints":{"allow":["GET"]}}],"collection":[{"href":"https:\/\/www.jinyupaint.com\/sv\/wp-json\/wp\/v2\/product"}],"about":[{"href":"https:\/\/www.jinyupaint.com\/sv\/wp-json\/wp\/v2\/types\/product"}],"wp:featuredmedia":[{"embeddable":true,"href":"https:\/\/www.jinyupaint.com\/sv\/wp-json\/wp\/v2\/media\/6151"}],"wp:attachment":[{"href":"https:\/\/www.jinyupaint.com\/sv\/wp-json\/wp\/v2\/media?parent=6148"}],"wp:term":[{"taxonomy":"product_brand","embeddable":true,"href":"https:\/\/www.jinyupaint.com\/sv\/wp-json\/wp\/v2\/product_brand?post=6148"},{"taxonomy":"product_cat","embeddable":true,"href":"https:\/\/www.jinyupaint.com\/sv\/wp-json\/wp\/v2\/product_cat?post=6148"},{"taxonomy":"product_tag","embeddable":true,"href":"https:\/\/www.jinyupaint.com\/sv\/wp-json\/wp\/v2\/product_tag?post=6148"}],"curies":[{"name":"wp","href":"https:\/\/api.w.org\/{rel}","templated":true}]}}