{"id":6144,"date":"2025-10-22T09:06:01","date_gmt":"2025-10-22T09:06:01","guid":{"rendered":"https:\/\/www.jinyupaint.com\/?post_type=product&#038;p=6144"},"modified":"2025-12-01T04:46:56","modified_gmt":"2025-12-01T04:46:56","slug":"fortiflex-5-polyaspartic-coating-floor-finish","status":"publish","type":"product","link":"https:\/\/www.jinyupaint.com\/sv\/produkt\/fortiflex-5-polyaspartic-coating-floor-finish","title":{"rendered":"FortiFlex 5 Polyaspartic-bel\u00e4ggning Golvfinish"},"content":{"rendered":"<p class=\"ds-markdown-paragraph\">\u00c4r du tr\u00f6tt p\u00e5 golvbel\u00e4ggningar som inte klarar av att h\u00e5lla j\u00e4mna steg med ditt kr\u00e4vande schema eller din kr\u00e4vande milj\u00f6? FortiFlex 5 Polyaspartic Coating \u00e4r den avancerade, h\u00f6gpresterande l\u00f6sning du har letat efter. Det h\u00e4r \u00e4r inte bara vilken golvbel\u00e4ggning som helst; det \u00e4r ett robust, glansigt och klart alifatiskt polyaspartikelsystem som \u00e4r konstruerat f\u00f6r att ge exceptionell h\u00e5llbarhet och fantastisk estetik, med en h\u00e4rdningstid som respekterar din tidslinje.<\/p>\n<p class=\"ds-markdown-paragraph\">F\u00f6rest\u00e4ll dig ett golv som st\u00e5r emot olja, fett och h\u00e5rda industriella reng\u00f6ringsmedel, beh\u00e5ller sin klarhet och f\u00e4rg under UV-ljus och \u00e4r tillr\u00e4ckligt h\u00e5rt f\u00f6r att g\u00e5 p\u00e5 inom bara n\u00e5gra timmar - inte dagar. Oavsett om du \u00e4r en fastighetsf\u00f6rvaltare som \u00f6vervakar ett kommersiellt lager, en hus\u00e4gare som vill ha en \u00f6verl\u00e4gsen bel\u00e4ggning f\u00f6r garagegolv eller en entrepren\u00f6r som beh\u00f6ver ett tillf\u00f6rlitligt polyaspartiskt golvbel\u00e4ggningssystem, \u00e4r FortiFlex 5 formulerad f\u00f6r att \u00f6vertr\u00e4ffa f\u00f6rv\u00e4ntningarna.<\/p>\n<h2><strong>Varf\u00f6r v\u00e4lja en polyaspartisk ytbel\u00e4ggning? F\u00f6rdelen med FortiFlex 5<\/strong><\/h2>\n<p class=\"ds-markdown-paragraph\">Polyaspartiska ytbel\u00e4ggningar \u00e4r det yppersta inom golvbel\u00e4ggningsteknik och FortiFlex 5 utnyttjar denna kraft med precision. Till skillnad fr\u00e5n traditionella epoxier som kan gulna och bli spr\u00f6da, eller andra bel\u00e4ggningar som kr\u00e4ver dagar av stillest\u00e5nd, erbjuder FortiFlex 5 en \u00f6verl\u00e4gsen balans av egenskaper.<\/p>\n<p class=\"ds-markdown-paragraph\"><strong>H\u00e4r \u00e4r vad som g\u00f6r den till den b\u00e4sta polyaspartiska golvbel\u00e4ggningen f\u00f6r proffs:<\/strong><\/p>\n<ul>\n<li><strong>Blixtsnabba behandlingstider:<\/strong>\u00a0V\u00e5r snabbh\u00e4rdande polyaspartiska formel m\u00f6jligg\u00f6r g\u00e5ngtrafik p\u00e5 s\u00e5 lite som 5 timmar vid 25\u00b0C (77\u00b0F), vilket g\u00f6r att m\u00e5nga projekt kan slutf\u00f6ras p\u00e5 en enda dag. Detta inneb\u00e4r minimalt avbrott i verksamheten.<\/li>\n<li><strong>O\u00f6vertr\u00e4ffad h\u00e5llbarhet:<\/strong>\u00a0Med enast\u00e5ende n\u00f6tningsbest\u00e4ndighet och en dragh\u00e5llfasthet p\u00e5 \u00f6ver 4.500 psi st\u00e5r denna bel\u00e4ggning emot tung gaffeltruckstrafik, tappade verktyg och st\u00e4ndiga fotsteg.<\/li>\n<li><strong>\u00d6verl\u00e4gsen kemisk resistens:<\/strong> Spill kan h\u00e4nda. FortiFlex 5 ger utm\u00e4rkt motst\u00e5ndskraft mot olja, fett och starka reng\u00f6ringsmedel, vilket g\u00f6r det enkelt att st\u00e4da upp och f\u00f6rhindrar permanenta fl\u00e4ckar.<\/li>\n<li><strong>Flexibilitet i till\u00e4mpningen:<\/strong>\u00a0Den h\u00e4rdar tillf\u00f6rlitligt \u00e4ven i svala temperaturer ner till 2\u00b0C (35\u00b0F), vilket f\u00f6rl\u00e4nger appliceringss\u00e4songen. Dessutom \u00e4r den inf\u00e4rgbar med KAIDA PAINT-kul\u00f6rer, vilket g\u00f6r det m\u00f6jligt att skapa ett anpassat utseende.<\/li>\n<\/ul>\n<h2><strong>Viktiga egenskaper och teknisk \u00f6verl\u00e4gsenhet<\/strong><\/h2>\n<p class=\"ds-markdown-paragraph\">Vi g\u00f6r inte bara p\u00e5st\u00e5enden, vi backar upp dem med data. FortiFlex 5 \u00e4r en VOC-kompatibel bel\u00e4ggning med h\u00f6g l\u00f6sningsmedelshalt som \u00e4r utformad f\u00f6r prestanda som varar.<\/p>\n<div class=\"ds-scroll-area _1210dd7\">\n<div class=\"ds-scroll-area__gutters\">\n<div class=\"ds-scroll-area__horizontal-gutter\">\n<div class=\"ds-scroll-area__horizontal-bar\"><\/div>\n<\/div>\n<div class=\"ds-scroll-area__vertical-gutter\"><\/div>\n<\/div>\n<table>\n<thead>\n<tr>\n<th>Funktion<\/th>\n<th>F\u00f6rdel f\u00f6r dig<\/th>\n<\/tr>\n<\/thead>\n<tbody>\n<tr>\n<td><strong>Glansbest\u00e4ndighet och UV-stabilitet<\/strong><\/td>\n<td>Ditt golv ser nytt ut l\u00e4ngre, utan att gulna eller blekna, \u00e4ven i soldr\u00e4nkta omr\u00e5den.<\/td>\n<\/tr>\n<tr>\n<td><strong>Vikt fasta material: 68.7%<\/strong><\/td>\n<td>En tjockare, mer skyddande film byggs upp med f\u00e4rre lager, vilket inneb\u00e4r en mer motst\u00e5ndskraftig yta och b\u00e4ttre v\u00e4rde.<\/td>\n<\/tr>\n<tr>\n<td><strong>Blandningsf\u00f6rh\u00e5llande: 1:1 i volym<\/strong><\/td>\n<td>F\u00f6renklar blandningen p\u00e5 plats, minskar risken f\u00f6r fel och s\u00e4kerst\u00e4ller konsekvent prestanda varje g\u00e5ng.<\/td>\n<\/tr>\n<tr>\n<td><strong>Gryttid: 45 minuter<\/strong><\/td>\n<td>Ger dig gott om arbetstid f\u00f6r en j\u00e4mn och professionell applicering utan att du beh\u00f6ver stressa.<\/td>\n<\/tr>\n<\/tbody>\n<\/table>\n<\/div>\n<p class=\"ds-markdown-paragraph\"><strong>Prestanda som imponerar:<\/strong><\/p>\n<ul>\n<li><strong>N\u00f6tningsbest\u00e4ndighet (ASTM D4060):<\/strong>\u00a0Endast 70,8 mg f\u00f6rlust<\/li>\n<li><strong>Vidh\u00e4ftning (ASTM D4541):<\/strong>\u00a0576 psi med 100% betongfel<\/li>\n<li><strong>St\u00f6tmotst\u00e5nd (MIL D2794):<\/strong>\u00a0&gt;160 in\/lbs<\/li>\n<li><strong>Glans, 60\u00b0 (ASTM D523):<\/strong>\u00a090+<\/li>\n<\/ul>\n<h2><strong>Var kan man anv\u00e4nda FortiFlex 5 Polyaspartic<\/strong><\/h2>\n<p class=\"ds-markdown-paragraph\">Denna m\u00e5ngsidiga polyaspartiska betongbel\u00e4ggning \u00e4r idealisk f\u00f6r ett brett spektrum av kr\u00e4vande milj\u00f6er. Det \u00e4r det sj\u00e4lvklara valet f\u00f6r:<\/p>\n<ul>\n<li><strong>Industriell och kommersiell:<\/strong>\u00a0Produktionsanl\u00e4ggningar, lager, logistikcenter, flyghangarer.<\/li>\n<li><strong>Institutionell:<\/strong>\u00a0Sjukhus, v\u00e5rdcentraler, skolor, universitet, h\u00e4kten.<\/li>\n<li><strong>Kommersiellt och detaljhandel:<\/strong>\u00a0Restauranger, livsmedelsbutiker, detaljhandelsanl\u00e4ggningar.<\/li>\n<li><strong>Bost\u00e4der:<\/strong>\u00a0Den ultimata polyaspartiska bel\u00e4ggningen f\u00f6r garagegolv f\u00f6r hus\u00e4gare som v\u00e4grar kompromissa.<\/li>\n<\/ul>\n<h2><strong>S\u00e4ker till\u00e4mpning: Ett system f\u00f6r alla behov<\/strong><\/h2>\n<p class=\"ds-markdown-paragraph\">Vi ger tydlig expertv\u00e4gledning oavsett om du \u00e4r ett erfaret proffs eller en skicklig g\u00f6r-det-sj\u00e4lvare som tar itu med ett polyaspartikprojekt f\u00f6r garagegolv.<\/p>\n<p class=\"ds-markdown-paragraph\"><strong>Som ett frist\u00e5ende system:<\/strong><\/p>\n<ol start=\"1\">\n<li>\n<p class=\"ds-markdown-paragraph\"><strong>Primer:<\/strong>\u00a0Applicera med 200 sq ft\/gal (toning tillval).<\/p>\n<\/li>\n<li>\n<p class=\"ds-markdown-paragraph\"><strong>Baslack (tillval):<\/strong>\u00a0Applicera p\u00e5 100-400 sq ft\/gal. Sprid ut flingor f\u00f6r en dekorativ, halks\u00e4ker yta. (F\u00e4rgs\u00e4ttning tillval).<\/p>\n<\/li>\n<li>\n<p class=\"ds-markdown-paragraph\"><strong>Topplack:<\/strong>\u00a0Applicera med 100-400 sq ft\/gal f\u00f6r en h\u00e5llbar, glansig och kemiskt resistent yta.<\/p>\n<\/li>\n<\/ol>\n<p class=\"ds-markdown-paragraph\"><strong>V\u00e5rt proffstips:<\/strong>\u00a0Undvik mikrobubblor och dis genom att inte bearbeta materialet f\u00f6r mycket eller applicera det f\u00f6r tjockt. H\u00e5ll alltid en v\u00e5t kant under appliceringen.<\/p>\n<h2><strong>Svar p\u00e5 dina fr\u00e5gor om polyaspartisk ytbel\u00e4ggning<\/strong><\/h2>\n<p class=\"ds-markdown-paragraph\"><strong>F: Vad \u00e4r t\u00e4ckningen f\u00f6r FortiFlex 5?<\/strong><br \/>\n<strong>A:<\/strong>\u00a0Den rekommenderade spridningshastigheten \u00e4r 100 till 400 kvadratmeter per gallon, per skikt, beroende p\u00e5 \u00f6nskad textur och systemsteg.<\/p>\n<p class=\"ds-markdown-paragraph\"><strong>F: Hur \u00e4r polyaspartic j\u00e4mf\u00f6rt med epoxi?<\/strong><br \/>\n<strong>A:<\/strong>\u00a0B\u00e5da \u00e4r slitstarka, men polyaspartiska bel\u00e4ggningar som FortiFlex 5 h\u00e4rdar mycket snabbare, har \u00f6verl\u00e4gsen UV-stabilitet (ingen gulf\u00e4rgning) och st\u00f6rre flexibilitet och motst\u00e5ndskraft mot termisk chock. Detta g\u00f6r dem ofta till en b\u00e4ttre l\u00e5ngsiktig investering.<\/p>\n<p class=\"ds-markdown-paragraph\"><strong>F: Kan jag applicera denna polyaspartiska bel\u00e4ggning n\u00e4ra mig i mitt svala garage?<\/strong><br \/>\n<strong>A:<\/strong> Ja, det \u00e4r det! En viktig f\u00f6rdel med FortiFlex 5 \u00e4r dess f\u00f6rm\u00e5ga att h\u00e4rda effektivt i svala f\u00f6rh\u00e5llanden, ner till 2\u00b0C (35\u00b0F). Observera bara att svalare temperaturer f\u00f6rl\u00e4nger h\u00e4rdningstiden.<\/p>\n<p class=\"ds-markdown-paragraph\"><strong>F: Vad \u00e4r kostnads\u00f6verv\u00e4gandet f\u00f6r polyaspartisk golvbel\u00e4ggning?<\/strong><br \/>\n<strong>A:<\/strong>\u00a0Den initiala materialkostnaden kan vara h\u00f6gre \u00e4n f\u00f6r vissa epoxier, men v\u00e4rdet kommer fr\u00e5n drastiskt minskad stillest\u00e5ndstid, exceptionell livsl\u00e4ngd och minskat behov av omlackering. Det \u00e4r en kostnadseffektiv l\u00f6sning under hela golvets livsl\u00e4ngd.<\/p>\n<h2><strong>\u00c4r du redo att f\u00f6r\u00e4ndra ditt golv?<\/strong><\/h2>\n<p class=\"ds-markdown-paragraph\">N\u00f6j dig inte med ett golv som inte klarar av ditt liv eller din verksamhet. V\u00e4lj den professionella, h\u00f6gpresterande h\u00e5llbarheten hos FortiFlex 5.<\/p>\n<p class=\"ds-markdown-paragraph\"><strong>Dina n\u00e4sta steg:<\/strong><\/p>\n<ul>\n<li><strong>Hitta en representant:<\/strong> Kontakta din lokala KAIDA PAINT-representant f\u00f6r att diskutera dina projektspecifikationer och f\u00e5 en offert.<\/li>\n<li><strong>H\u00e4mta data:<\/strong>\u00a0Ladda ner det fullst\u00e4ndiga tekniska databladet f\u00f6r detaljerade specifikationer.<\/li>\n<li><strong>K\u00f6p:<\/strong> Hitta KAIDA PAINTpolyaspartic-produkter i en butik n\u00e4ra dig.<\/li>\n<\/ul>\n<p class=\"ds-markdown-paragraph\"><strong>H\u00e5llbarhet och s\u00e4kerhet:<\/strong>\u00a0Del A: 6 m\u00e5nader o\u00f6ppnad. Del B: 12 m\u00e5nader o\u00f6ppnad. L\u00e4s alltid s\u00e4kerhetsdatabladet (SDS) f\u00f6re anv\u00e4ndning.<\/p>\n<p class=\"ds-markdown-paragraph\"><strong>Ansvarsfriskrivning:<\/strong> Den information som tillhandah\u00e5lls \u00e4r f\u00f6r referens. Konsultera alltid det senaste produktdatabladet och appliceringsanvisningarna fr\u00e5n KAIDA PAINT f\u00f6r ditt specifika projekt. Prestanda beror p\u00e5 korrekt ytbehandling och applicering.<\/p>","protected":false},"excerpt":{"rendered":"<p class=\"ds-markdown-paragraph\">M\u00f6t framtiden inom golvskydd med FortiFlex 5, v\u00e5r avancerade, glansiga, klara polyaspartiska bel\u00e4ggning. Den \u00e4r konstruerad f\u00f6r kommersiella, industriella och bostadsomr\u00e5den med h\u00f6g trafik och ger ett formidabelt skydd mot olja, fett och starka kemikalier samtidigt som den beh\u00e5ller sin klarhet under UV-ljus. Det verkliga genombrottet \u00e4r dess snabbhet; FortiFlex 5 h\u00e4rdar anm\u00e4rkningsv\u00e4rt snabbt, \u00e4ven under svala f\u00f6rh\u00e5llanden, vilket g\u00f6r att du kan slutf\u00f6ra kr\u00e4vande projekt p\u00e5 en enda dag med minimal stillest\u00e5ndstid.<\/p>\n<p class=\"ds-markdown-paragraph\">Oavsett om du ska uppgradera ett garagegolv, en v\u00e4lbes\u00f6kt lagerlokal eller en livsmedelsanl\u00e4ggning ger denna VOC-kompatibla formula en t\u00e5lig, l\u00e5ngvarig yta som t\u00e5l tung anv\u00e4ndning. Den \u00e4r ocks\u00e5 f\u00e4ltf\u00e4rgsbar f\u00f6r anpassad design. V\u00e4lj FortiFlex 5 f\u00f6r en \u00f6verl\u00e4gsen golvbel\u00e4ggning som kombinerar professionell prestanda med en o\u00f6vertr\u00e4ffad snabbtidsplan.<\/p>","protected":false},"featured_media":6146,"template":"","meta":{"om_disable_all_campaigns":false,"_monsterinsights_skip_tracking":false,"_monsterinsights_sitenote_active":false,"_monsterinsights_sitenote_note":"","_monsterinsights_sitenote_category":0,"_uf_show_specific_survey":0,"_uf_disable_surveys":false},"product_brand":[],"product_cat":[128,801],"product_tag":[807,808,810,806,753,729,802,809],"class_list":{"0":"post-6144","1":"product","2":"type-product","3":"status-publish","4":"has-post-thumbnail","6":"product_cat-flooring-system","7":"product_cat-polyaspartic-and-polyurea-coatings","8":"product_tag-chemical-resistant-floor-finish","9":"product_tag-commercial-floor-coating","10":"product_tag-concrete-floor-coating","11":"product_tag-fast-curing-floor-coating","12":"product_tag-garage-floor-coating","13":"product_tag-polyaspartic-coating","14":"product_tag-polyaspartic-floor-coating","15":"product_tag-polyurea-coating","17":"first","18":"instock","19":"shipping-taxable","20":"product-type-simple"},"yoast_head":"<!-- This site is optimized with the Yoast SEO Premium plugin v26.2 (Yoast SEO v26.5) - https:\/\/yoast.com\/wordpress\/plugins\/seo\/ -->\n<title>FortiFlex 5 Polyaspartic Coating Floor Finish - KAIDA PAINT\u00ae<\/title>\n<meta name=\"description\" content=\"FortiFlex 5 is a high-performance, fast-curing polyaspartic coating for floors. Provides a glossy, chemical-resistant finish that cures in hours, not days. Ideal for garage floors, warehouses &amp; commercial use. Explore specs &amp; application guide.\" \/>\n<meta name=\"robots\" content=\"index, follow, max-snippet:-1, max-image-preview:large, max-video-preview:-1\" \/>\n<link rel=\"canonical\" href=\"https:\/\/www.jinyupaint.com\/sv\/produkt\/fortiflex-5-polyaspartic-coating-floor-finish\/\" \/>\n<meta property=\"og:locale\" content=\"sv_SE\" \/>\n<meta property=\"og:type\" content=\"article\" \/>\n<meta property=\"og:title\" content=\"FortiFlex 5 Polyaspartic Coating Floor Finish\" \/>\n<meta property=\"og:description\" content=\"FortiFlex 5 is a high-performance, fast-curing polyaspartic coating for floors. Provides a glossy, chemical-resistant finish that cures in hours, not days. Ideal for garage floors, warehouses &amp; commercial use. Explore specs &amp; application guide.\" \/>\n<meta property=\"og:url\" content=\"https:\/\/www.jinyupaint.com\/sv\/produkt\/fortiflex-5-polyaspartic-coating-floor-finish\/\" \/>\n<meta property=\"og:site_name\" content=\"KAIDA PAINT\u00ae\" \/>\n<meta property=\"article:modified_time\" content=\"2025-12-01T04:46:56+00:00\" \/>\n<meta property=\"og:image\" content=\"https:\/\/www.jinyupaint.com\/wp-content\/uploads\/2025\/10\/FortiFlex-5-polyaspartic-coating.jpg\" \/>\n\t<meta property=\"og:image:width\" content=\"800\" \/>\n\t<meta property=\"og:image:height\" content=\"800\" \/>\n\t<meta property=\"og:image:type\" content=\"image\/jpeg\" \/>\n<meta name=\"twitter:card\" content=\"summary_large_image\" \/>\n<meta name=\"twitter:label1\" content=\"Ber\u00e4knad l\u00e4stid\" \/>\n\t<meta name=\"twitter:data1\" content=\"5 minuter\" \/>\n<script type=\"application\/ld+json\" class=\"yoast-schema-graph\">{\"@context\":\"https:\/\/schema.org\",\"@graph\":[{\"@type\":\"WebPage\",\"@id\":\"https:\/\/www.jinyupaint.com\/product\/fortiflex-5-polyaspartic-coating-floor-finish\",\"url\":\"https:\/\/www.jinyupaint.com\/product\/fortiflex-5-polyaspartic-coating-floor-finish\",\"name\":\"FortiFlex 5 Polyaspartic Coating Floor Finish - KAIDA PAINT\u00ae\",\"isPartOf\":{\"@id\":\"https:\/\/www.jinyupaint.com\/#website\"},\"primaryImageOfPage\":{\"@id\":\"https:\/\/www.jinyupaint.com\/product\/fortiflex-5-polyaspartic-coating-floor-finish#primaryimage\"},\"image\":{\"@id\":\"https:\/\/www.jinyupaint.com\/product\/fortiflex-5-polyaspartic-coating-floor-finish#primaryimage\"},\"thumbnailUrl\":\"https:\/\/www.jinyupaint.com\/wp-content\/uploads\/2025\/10\/FortiFlex-5-polyaspartic-coating.jpg\",\"datePublished\":\"2025-10-22T09:06:01+00:00\",\"dateModified\":\"2025-12-01T04:46:56+00:00\",\"description\":\"FortiFlex 5 is a high-performance, fast-curing polyaspartic coating for floors. Provides a glossy, chemical-resistant finish that cures in hours, not days. Ideal for garage floors, warehouses & commercial use. Explore specs & application guide.\",\"breadcrumb\":{\"@id\":\"https:\/\/www.jinyupaint.com\/product\/fortiflex-5-polyaspartic-coating-floor-finish#breadcrumb\"},\"inLanguage\":\"sv-SE\",\"potentialAction\":[{\"@type\":\"ReadAction\",\"target\":[\"https:\/\/www.jinyupaint.com\/product\/fortiflex-5-polyaspartic-coating-floor-finish\"]}]},{\"@type\":\"ImageObject\",\"inLanguage\":\"sv-SE\",\"@id\":\"https:\/\/www.jinyupaint.com\/product\/fortiflex-5-polyaspartic-coating-floor-finish#primaryimage\",\"url\":\"https:\/\/www.jinyupaint.com\/wp-content\/uploads\/2025\/10\/FortiFlex-5-polyaspartic-coating.jpg\",\"contentUrl\":\"https:\/\/www.jinyupaint.com\/wp-content\/uploads\/2025\/10\/FortiFlex-5-polyaspartic-coating.jpg\",\"width\":800,\"height\":800,\"caption\":\"FortiFlex 5 polyaspartic coating\"},{\"@type\":\"BreadcrumbList\",\"@id\":\"https:\/\/www.jinyupaint.com\/product\/fortiflex-5-polyaspartic-coating-floor-finish#breadcrumb\",\"itemListElement\":[{\"@type\":\"ListItem\",\"position\":1,\"name\":\"Home\",\"item\":\"https:\/\/www.jinyupaint.com\/\"},{\"@type\":\"ListItem\",\"position\":2,\"name\":\"Shop\",\"item\":\"https:\/\/www.jinyupaint.com\/shop.html\"},{\"@type\":\"ListItem\",\"position\":3,\"name\":\"FortiFlex 5 Polyaspartic Coating Floor Finish\"}]},{\"@type\":\"WebSite\",\"@id\":\"https:\/\/www.jinyupaint.com\/#website\",\"url\":\"https:\/\/www.jinyupaint.com\/\",\"name\":\"JINYU\u00ae PAINT\",\"description\":\"JINYU PAINT\u00ae Manufacturer\",\"potentialAction\":[{\"@type\":\"SearchAction\",\"target\":{\"@type\":\"EntryPoint\",\"urlTemplate\":\"https:\/\/www.jinyupaint.com\/?s={search_term_string}\"},\"query-input\":{\"@type\":\"PropertyValueSpecification\",\"valueRequired\":true,\"valueName\":\"search_term_string\"}}],\"inLanguage\":\"sv-SE\"}]}<\/script>\n<!-- \/ Yoast SEO Premium plugin. -->","yoast_head_json":{"title":"FortiFlex 5 Polyaspartic Coating Golvfinish - KAIDA PAINT","description":"FortiFlex 5 \u00e4r en h\u00f6gpresterande, snabbh\u00e4rdande polyaspartisk bel\u00e4ggning f\u00f6r golv. Ger en glansig, kemikaliebest\u00e4ndig yta som h\u00e4rdar p\u00e5 timmar, inte dagar. Idealisk f\u00f6r garagegolv, lagerlokaler och kommersiell anv\u00e4ndning. Utforska specifikationer och applikationsguide.","robots":{"index":"index","follow":"follow","max-snippet":"max-snippet:-1","max-image-preview":"max-image-preview:large","max-video-preview":"max-video-preview:-1"},"canonical":"https:\/\/www.jinyupaint.com\/sv\/produkt\/fortiflex-5-polyaspartic-coating-floor-finish\/","og_locale":"sv_SE","og_type":"article","og_title":"FortiFlex 5 Polyaspartic Coating Floor Finish","og_description":"FortiFlex 5 is a high-performance, fast-curing polyaspartic coating for floors. Provides a glossy, chemical-resistant finish that cures in hours, not days. Ideal for garage floors, warehouses & commercial use. Explore specs & application guide.","og_url":"https:\/\/www.jinyupaint.com\/sv\/produkt\/fortiflex-5-polyaspartic-coating-floor-finish\/","og_site_name":"KAIDA PAINT\u00ae","article_modified_time":"2025-12-01T04:46:56+00:00","og_image":[{"width":800,"height":800,"url":"https:\/\/www.jinyupaint.com\/wp-content\/uploads\/2025\/10\/FortiFlex-5-polyaspartic-coating.jpg","type":"image\/jpeg"}],"twitter_card":"summary_large_image","twitter_misc":{"Ber\u00e4knad l\u00e4stid":"5 minuter"},"schema":{"@context":"https:\/\/schema.org","@graph":[{"@type":"WebPage","@id":"https:\/\/www.jinyupaint.com\/product\/fortiflex-5-polyaspartic-coating-floor-finish","url":"https:\/\/www.jinyupaint.com\/product\/fortiflex-5-polyaspartic-coating-floor-finish","name":"FortiFlex 5 Polyaspartic Coating Golvfinish - KAIDA PAINT","isPartOf":{"@id":"https:\/\/www.jinyupaint.com\/#website"},"primaryImageOfPage":{"@id":"https:\/\/www.jinyupaint.com\/product\/fortiflex-5-polyaspartic-coating-floor-finish#primaryimage"},"image":{"@id":"https:\/\/www.jinyupaint.com\/product\/fortiflex-5-polyaspartic-coating-floor-finish#primaryimage"},"thumbnailUrl":"https:\/\/www.jinyupaint.com\/wp-content\/uploads\/2025\/10\/FortiFlex-5-polyaspartic-coating.jpg","datePublished":"2025-10-22T09:06:01+00:00","dateModified":"2025-12-01T04:46:56+00:00","description":"FortiFlex 5 \u00e4r en h\u00f6gpresterande, snabbh\u00e4rdande polyaspartisk bel\u00e4ggning f\u00f6r golv. Ger en glansig, kemikaliebest\u00e4ndig yta som h\u00e4rdar p\u00e5 timmar, inte dagar. Idealisk f\u00f6r garagegolv, lagerlokaler och kommersiell anv\u00e4ndning. Utforska specifikationer och applikationsguide.","breadcrumb":{"@id":"https:\/\/www.jinyupaint.com\/product\/fortiflex-5-polyaspartic-coating-floor-finish#breadcrumb"},"inLanguage":"sv-SE","potentialAction":[{"@type":"ReadAction","target":["https:\/\/www.jinyupaint.com\/product\/fortiflex-5-polyaspartic-coating-floor-finish"]}]},{"@type":"ImageObject","inLanguage":"sv-SE","@id":"https:\/\/www.jinyupaint.com\/product\/fortiflex-5-polyaspartic-coating-floor-finish#primaryimage","url":"https:\/\/www.jinyupaint.com\/wp-content\/uploads\/2025\/10\/FortiFlex-5-polyaspartic-coating.jpg","contentUrl":"https:\/\/www.jinyupaint.com\/wp-content\/uploads\/2025\/10\/FortiFlex-5-polyaspartic-coating.jpg","width":800,"height":800,"caption":"FortiFlex 5 polyaspartic coating"},{"@type":"BreadcrumbList","@id":"https:\/\/www.jinyupaint.com\/product\/fortiflex-5-polyaspartic-coating-floor-finish#breadcrumb","itemListElement":[{"@type":"ListItem","position":1,"name":"Home","item":"https:\/\/www.jinyupaint.com\/"},{"@type":"ListItem","position":2,"name":"Shop","item":"https:\/\/www.jinyupaint.com\/shop.html"},{"@type":"ListItem","position":3,"name":"FortiFlex 5 Polyaspartic Coating Floor Finish"}]},{"@type":"WebSite","@id":"https:\/\/www.jinyupaint.com\/#website","url":"https:\/\/www.jinyupaint.com\/","name":"JINYU\u00ae F\u00c4RGER","description":"JINYU PAINT\u00ae Tillverkare","potentialAction":[{"@type":"SearchAction","target":{"@type":"EntryPoint","urlTemplate":"https:\/\/www.jinyupaint.com\/?s={search_term_string}"},"query-input":{"@type":"PropertyValueSpecification","valueRequired":true,"valueName":"search_term_string"}}],"inLanguage":"sv-SE"}]}},"_links":{"self":[{"href":"https:\/\/www.jinyupaint.com\/sv\/wp-json\/wp\/v2\/product\/6144","targetHints":{"allow":["GET"]}}],"collection":[{"href":"https:\/\/www.jinyupaint.com\/sv\/wp-json\/wp\/v2\/product"}],"about":[{"href":"https:\/\/www.jinyupaint.com\/sv\/wp-json\/wp\/v2\/types\/product"}],"wp:featuredmedia":[{"embeddable":true,"href":"https:\/\/www.jinyupaint.com\/sv\/wp-json\/wp\/v2\/media\/6146"}],"wp:attachment":[{"href":"https:\/\/www.jinyupaint.com\/sv\/wp-json\/wp\/v2\/media?parent=6144"}],"wp:term":[{"taxonomy":"product_brand","embeddable":true,"href":"https:\/\/www.jinyupaint.com\/sv\/wp-json\/wp\/v2\/product_brand?post=6144"},{"taxonomy":"product_cat","embeddable":true,"href":"https:\/\/www.jinyupaint.com\/sv\/wp-json\/wp\/v2\/product_cat?post=6144"},{"taxonomy":"product_tag","embeddable":true,"href":"https:\/\/www.jinyupaint.com\/sv\/wp-json\/wp\/v2\/product_tag?post=6144"}],"curies":[{"name":"wp","href":"https:\/\/api.w.org\/{rel}","templated":true}]}}