{"id":5799,"date":"2025-09-06T06:59:32","date_gmt":"2025-09-06T06:59:32","guid":{"rendered":"https:\/\/www.jinyupaint.com\/?post_type=product&#038;p=5799"},"modified":"2025-11-30T12:07:05","modified_gmt":"2025-11-30T12:07:05","slug":"jinyu-ud-9-12mm-heavy-duty-anti-slip-polyurethane-concrete-floor-paint","status":"publish","type":"product","link":"https:\/\/www.jinyupaint.com\/sv\/produkt\/jinyu-ud-9-12mm-heavy-duty-anti-slip-polyurethane-concrete-floor-paint","title":{"rendered":"JINYU\u00ae UD 9-12mm Kraftig halkskyddande polyuretanf\u00e4rg f\u00f6r betonggolv"},"content":{"rendered":"<h2 class=\"ds-markdown-paragraph\"><span class=\"__assistant_translate_pnode __assistant_translate_pnode_inline\">Produktbeskrivning:<\/span><\/h2>\n<p class=\"ds-markdown-paragraph\"><strong><span class=\"__assistant_translate_pnode __assistant_translate_pnode_block\">JINYU\u00ae UD 9-12mm Heavy-Duty Anti-Slip urethane Mortel Floor System<\/span><\/strong><span class=\"__assistant_translate_pnode __assistant_translate_pnode_inline\">-\u00e4r en h\u00f6gpresterande, slitstark polyuretanf\u00e4rg f\u00f6r betonggolv som \u00e4r avsedd f\u00f6r extrema industriella milj\u00f6er. Denna avancerade golvl\u00f6sning kombinerar exceptionell best\u00e4ndighet mot kemikalier, extrema temperaturer, tung g\u00e5ngtrafik och mekanisk p\u00e5verkan, vilket g\u00f6r den till det perfekta valet f\u00f6r kr\u00e4vande applikationer.<\/span><\/p>\n<p class=\"ds-markdown-paragraph\"><span class=\"__assistant_translate_pnode __assistant_translate_pnode_inline\">Systemets kraftiga konstruktion t\u00e5l intensiv trafik, st\u00f6tar och n\u00f6tning fr\u00e5n tunga maskiner, vilket g\u00f6r det till det perfekta valet f\u00f6r lager, tillverkningsanl\u00e4ggningar och logistikcenter. Varje komplett sats inneh\u00e5ller exakt uppm\u00e4tta komponenter f\u00f6r enkel installation och finns i tjocklekarna 9 mm eller 12 mm f\u00f6r att uppfylla specifika belastningskrav.<\/span><\/p>\n<p class=\"ds-markdown-paragraph\"><span class=\"__assistant_translate_pnode __assistant_translate_pnode_inline\">V\u00e4lj <span class=\"__assistant_translate_pnode __assistant_translate_pnode_block\">JINYU<\/span>\u00ae UD f\u00f6r golv som kombinerar s\u00e4kerhet, h\u00e5llbarhet och efterlevnad av branschregler. F\u00f6rvandla ditt industriella utrymme med en polyuretanbetongbel\u00e4ggning som klarar dina tuffaste utmaningar.<\/span><\/p>\n<h2 class=\"ds-markdown-paragraph\"><span class=\"__assistant_translate_pnode __assistant_translate_pnode_inline\">Viktiga egenskaper:<\/span><\/h2>\n<ol start=\"1\">\n<li>\n<p class=\"ds-markdown-paragraph\"><strong><span class=\"__assistant_translate_pnode __assistant_translate_pnode_block\">\u00d6verl\u00e4gsen kemisk resistens<\/span><\/strong><br \/>\n<span class=\"__assistant_translate_pnode __assistant_translate_pnode_block\">T\u00e5l h\u00e5rda kemikalier, syror och l\u00f6sningsmedel, vilket ger l\u00e5ng livsl\u00e4ngd i aggressiva milj\u00f6er.<\/span><\/p>\n<\/li>\n<\/ol>\n<ol start=\"1\">\n<li>\n<p class=\"ds-markdown-paragraph\"><strong><span class=\"__assistant_translate_pnode __assistant_translate_pnode_block\">Utm\u00e4rkt termisk stabilitet<\/span><\/strong><br \/>\n<span class=\"__assistant_translate_pnode __assistant_translate_pnode_block\">Fungerar tillf\u00f6rlitligt i b\u00e5de extrem kyla och v\u00e4rme, vilket g\u00f6r den l\u00e4mplig f\u00f6r frys- och t\u00f6cykler och omr\u00e5den med h\u00f6ga temperaturer.<\/span><\/p>\n<\/li>\n<li>\n<p class=\"ds-markdown-paragraph\"><strong><span class=\"__assistant_translate_pnode __assistant_translate_pnode_block\">Enast\u00e5ende n\u00f6tnings- och slagt\u00e5lighet<\/span><\/strong><br \/>\n<span class=\"__assistant_translate_pnode __assistant_translate_pnode_inline\">Konstruerad f\u00f6r att t\u00e5la tunga maskiner, frekvent trafik och mekaniskt slitage utan att spricka eller f\u00f6rs\u00e4mras.<\/span><\/p>\n<\/li>\n<li>\n<p class=\"ds-markdown-paragraph\"><strong><span class=\"__assistant_translate_pnode __assistant_translate_pnode_block\">F\u00f6rb\u00e4ttrade halkskyddande egenskaper<\/span><\/strong><br \/>\n<span class=\"__assistant_translate_pnode __assistant_translate_pnode_inline\">Den 9-12 mm texturerade ytan ger \u00f6verl\u00e4gset halkskydd, \u00e4ven i v\u00e5ta eller oljiga f\u00f6rh\u00e5llanden.<\/span><\/p>\n<\/li>\n<li>\n<p class=\"ds-markdown-paragraph\"><strong><span class=\"__assistant_translate_pnode __assistant_translate_pnode_block\">Hygienisk och antimikrobiell<\/span><\/strong><br \/>\n<span class=\"__assistant_translate_pnode __assistant_translate_pnode_block\">H\u00e4mmar bakterietillv\u00e4xt, vilket g\u00f6r den perfekt f\u00f6r industrier d\u00e4r renlighet \u00e4r avg\u00f6rande.<\/span><\/p>\n<\/li>\n<\/ol>\n<h2 class=\"ds-markdown-paragraph\"><span class=\"__assistant_translate_pnode __assistant_translate_pnode_inline\">Applikationer:<\/span><\/h2>\n<ul>\n<li>\n<p class=\"ds-markdown-paragraph\"><strong><span class=\"__assistant_translate_pnode __assistant_translate_pnode_block\">Anl\u00e4ggningar f\u00f6r mat och dryck:<\/span><\/strong><span class=\"__assistant_translate_pnode __assistant_translate_pnode_block\">\u00a0Motst\u00e5r spill, fl\u00e4ckar och frekvent reng\u00f6ring.<\/span><\/p>\n<\/li>\n<li>\n<p class=\"ds-markdown-paragraph\"><strong><span class=\"__assistant_translate_pnode __assistant_translate_pnode_block\">Farmaceutiska och kemiska anl\u00e4ggningar:<\/span><\/strong><span class=\"__assistant_translate_pnode __assistant_translate_pnode_block\">\u00a0Hanterar fr\u00e4tande \u00e4mnen och strikta hygienkrav.<\/span><\/p>\n<\/li>\n<li>\n<p class=\"ds-markdown-paragraph\"><strong><span class=\"__assistant_translate_pnode __assistant_translate_pnode_block\">Industriella zoner med h\u00f6g trafik:<\/span><\/strong><span class=\"__assistant_translate_pnode __assistant_translate_pnode_block\">\u00a0Idealisk f\u00f6r lager, tillverkningsanl\u00e4ggningar och lastkajer.<\/span><\/p>\n<\/li>\n<li>\n<p class=\"ds-markdown-paragraph\"><strong><span class=\"__assistant_translate_pnode __assistant_translate_pnode_block\">Milj\u00f6er med extrema temperaturer:<\/span><\/strong><span class=\"__assistant_translate_pnode __assistant_translate_pnode_block\">\u00a0L\u00e4mplig f\u00f6r kyl- och frysrum och h\u00f6gupphettade bearbetningsomr\u00e5den.<\/span><\/p>\n<\/li>\n<\/ul>\n<h2 class=\"ds-markdown-paragraph\"><span class=\"__assistant_translate_pnode __assistant_translate_pnode_block\">T\u00e4ckning och f\u00f6rpackning:<\/span><\/h2>\n<ul>\n<li>\n<p class=\"ds-markdown-paragraph\"><strong><span class=\"__assistant_translate_pnode __assistant_translate_pnode_inline\">9 mm tjocklek:<\/span><\/strong><span class=\"__assistant_translate_pnode __assistant_translate_pnode_inline\">\u00a018 kg\/m\u00b2<\/span><\/p>\n<\/li>\n<li>\n<p class=\"ds-markdown-paragraph\"><strong><span class=\"__assistant_translate_pnode __assistant_translate_pnode_inline\">12 mm tjocklek:<\/span><\/strong><span class=\"__assistant_translate_pnode __assistant_translate_pnode_inline\">\u00a024 kg\/m\u00b2<\/span><\/p>\n<\/li>\n<\/ul>\n<p class=\"ds-markdown-paragraph\"><strong><span class=\"__assistant_translate_pnode __assistant_translate_pnode_block\">Komplett sats inneh\u00e5ller:<\/span><\/strong><\/p>\n<ul>\n<li>\n<p class=\"ds-markdown-paragraph\"><span class=\"__assistant_translate_pnode __assistant_translate_pnode_block\">A: Polyuretanharts (2,52 kg\/p\u00e5se)<\/span><\/p>\n<\/li>\n<li>\n<p class=\"ds-markdown-paragraph\"><span class=\"__assistant_translate_pnode __assistant_translate_pnode_block\">B: H\u00e4rdare (2,86 kg\/p\u00e5se)<\/span><\/p>\n<\/li>\n<li>\n<p class=\"ds-markdown-paragraph\"><span class=\"__assistant_translate_pnode __assistant_translate_pnode_block\">C: Oorganiskt ballastmaterial (35,28 kg\/s\u00e4ck)<\/span><\/p>\n<\/li>\n<li>\n<p class=\"ds-markdown-paragraph\"><span class=\"__assistant_translate_pnode __assistant_translate_pnode_block\">D: F\u00e4rgpasta (0,5 kg\/p\u00e5se)<\/span><\/p>\n<\/li>\n<li>\n<p class=\"ds-markdown-paragraph\"><strong><span class=\"__assistant_translate_pnode __assistant_translate_pnode_inline\">Total vikt:<\/span><\/strong><span class=\"__assistant_translate_pnode __assistant_translate_pnode_inline\">\u00a041,16 kg per set<\/span><\/p>\n<\/li>\n<\/ul>\n<p> \t<a href=\"https:\/\/www.jinyupaint.com\/wp-content\/uploads\/2025\/09\/heavy-duty-anti-slip-polyurethane-mortar-floor-installation-food-plant.jpg\"><img fetchpriority=\"high\" decoding=\"async\" class=\"alignnone size-full wp-image-5800\" src=\"https:\/\/www.jinyupaint.com\/wp-content\/uploads\/2025\/09\/heavy-duty-anti-slip-polyurethane-mortar-floor-installation-food-plant.jpg\" alt=\"kraftiga halkskyddade polyuretanmortelgolv installation livsmedelsanl\u00e4ggning\" width=\"570\" height=\"360\" srcset=\"https:\/\/www.jinyupaint.com\/wp-content\/uploads\/2025\/09\/heavy-duty-anti-slip-polyurethane-mortar-floor-installation-food-plant.jpg 570w, https:\/\/www.jinyupaint.com\/wp-content\/uploads\/2025\/09\/heavy-duty-anti-slip-polyurethane-mortar-floor-installation-food-plant-300x189.jpg 300w, https:\/\/www.jinyupaint.com\/wp-content\/uploads\/2025\/09\/heavy-duty-anti-slip-polyurethane-mortar-floor-installation-food-plant-18x12.jpg 18w\" sizes=\"(max-width: 570px) 100vw, 570px\" \/><\/a><\/p>","protected":false},"excerpt":{"rendered":"<p class=\"ds-markdown-paragraph\"><span class=\"__assistant_translate_pnode __assistant_translate_pnode_block\">JINYU\u00aeUD \u00e4r konstruerad f\u00f6r extrema prestanda och \u00e4r ett slitstarkt, halkfritt uretangolv som s\u00e4tter nya standarder f\u00f6r industrigolv. Denna 9-12 mm tjocka polyuretanf\u00e4rg f\u00f6r betonggolv ger o\u00f6vertr\u00e4ffad h\u00e5llbarhet och s\u00e4kerhet i de mest utmanande milj\u00f6erna.<\/span><\/p>\n<p class=\"ds-markdown-paragraph\"><span class=\"__assistant_translate_pnode __assistant_translate_pnode_inline\">V\u00e5r avancerade formulering kombinerar exceptionell kemikaliebest\u00e4ndighet med \u00f6verl\u00e4gsen termisk stabilitet, vilket ger tillf\u00f6rlitlig prestanda fr\u00e5n frysrum till h\u00f6gtempererade processomr\u00e5den. Den strukturerade ytan ger enast\u00e5ende halkskydd \u00e4ven n\u00e4r den uts\u00e4tts f\u00f6r oljor, vatten och kemikalier, medan de antimikrobiella egenskaperna uppr\u00e4tth\u00e5ller de strikta hygienkrav som st\u00e4lls inom livsmedels-, l\u00e4kemedels- och kemiindustrin.<\/span><\/p>","protected":false},"featured_media":5801,"template":"","meta":{"om_disable_all_campaigns":false,"_monsterinsights_skip_tracking":false,"_monsterinsights_sitenote_active":false,"_monsterinsights_sitenote_note":"","_monsterinsights_sitenote_category":0,"_uf_show_specific_survey":0,"_uf_disable_surveys":false},"product_brand":[],"product_cat":[109],"product_tag":[684,680,640,685,683,681,641,615,682,657],"class_list":{"0":"post-5799","1":"product","2":"type-product","3":"status-publish","4":"has-post-thumbnail","6":"product_cat-polyurethane-floor-coating","7":"product_tag-anti-slip-industrial-flooring","8":"product_tag-anti-slip-polyurethane-mortar","9":"product_tag-chemical-resistant-flooring","10":"product_tag-concrete-floor-coating-systems","11":"product_tag-food-plant-flooring","12":"product_tag-heavy-duty-floor-paint","13":"product_tag-industrial-floor-coating","14":"product_tag-polyurethane-concrete-floor-paint","15":"product_tag-polyurethane-mortar-flooring","16":"product_tag-warehouse-floor-coating","18":"first","19":"instock","20":"shipping-taxable","21":"product-type-simple"},"yoast_head":"<!-- This site is optimized with the Yoast SEO Premium plugin v26.2 (Yoast SEO v26.5) - https:\/\/yoast.com\/wordpress\/plugins\/seo\/ -->\n<title>JINYU\u00ae UD 9-12mm Heavy-Duty Anti-Slip Polyurethane Concrete Floor Paint - KAIDA PAINT<\/title>\n<meta name=\"description\" content=\"JINYU\u00aeUD 9-12mm heavy duty anti-slip urethane mortar floor syteme with polyurethane concrete floor paint. Chemical, temperature &amp; abrasion resistant. For food, pharmaceutical &amp; industrial use. USDA\/FDA compliant.\" \/>\n<meta name=\"robots\" content=\"index, follow, max-snippet:-1, max-image-preview:large, max-video-preview:-1\" \/>\n<link rel=\"canonical\" href=\"https:\/\/www.jinyupaint.com\/sv\/produkt\/jinyu-ud-9-12mm-heavy-duty-anti-slip-polyurethane-concrete-floor-paint\/\" \/>\n<meta property=\"og:locale\" content=\"sv_SE\" \/>\n<meta property=\"og:type\" content=\"article\" \/>\n<meta property=\"og:title\" content=\"JINYU\u00ae UD 9-12mm Heavy-Duty Anti-Slip Polyurethane Concrete Floor Paint\" \/>\n<meta property=\"og:description\" content=\"JINYU\u00aeUD 9-12mm heavy duty anti-slip urethane mortar floor syteme with polyurethane concrete floor paint. Chemical, temperature &amp; abrasion resistant. For food, pharmaceutical &amp; industrial use. USDA\/FDA compliant.\" \/>\n<meta property=\"og:url\" content=\"https:\/\/www.jinyupaint.com\/sv\/produkt\/jinyu-ud-9-12mm-heavy-duty-anti-slip-polyurethane-concrete-floor-paint\/\" \/>\n<meta property=\"og:site_name\" content=\"KAIDA PAINT\u00ae\" \/>\n<meta property=\"article:modified_time\" content=\"2025-11-30T12:07:05+00:00\" \/>\n<meta property=\"og:image\" content=\"https:\/\/www.jinyupaint.com\/wp-content\/uploads\/2025\/09\/JINYU\u00ae-UD-9-12mm-Heavy-Duty-Anti-Slip-Polyurethane-Concrete-Floor-Paint.jpg\" \/>\n\t<meta property=\"og:image:width\" content=\"750\" \/>\n\t<meta property=\"og:image:height\" content=\"750\" \/>\n\t<meta property=\"og:image:type\" content=\"image\/jpeg\" \/>\n<meta name=\"twitter:card\" content=\"summary_large_image\" \/>\n<meta name=\"twitter:label1\" content=\"Ber\u00e4knad l\u00e4stid\" \/>\n\t<meta name=\"twitter:data1\" content=\"2 minuter\" \/>\n<script type=\"application\/ld+json\" class=\"yoast-schema-graph\">{\"@context\":\"https:\/\/schema.org\",\"@graph\":[{\"@type\":\"WebPage\",\"@id\":\"https:\/\/www.jinyupaint.com\/product\/jinyu-ud-9-12mm-heavy-duty-anti-slip-polyurethane-concrete-floor-paint\",\"url\":\"https:\/\/www.jinyupaint.com\/product\/jinyu-ud-9-12mm-heavy-duty-anti-slip-polyurethane-concrete-floor-paint\",\"name\":\"JINYU\u00ae UD 9-12mm Heavy-Duty Anti-Slip Polyurethane Concrete Floor Paint - KAIDA PAINT\",\"isPartOf\":{\"@id\":\"https:\/\/www.jinyupaint.com\/#website\"},\"primaryImageOfPage\":{\"@id\":\"https:\/\/www.jinyupaint.com\/product\/jinyu-ud-9-12mm-heavy-duty-anti-slip-polyurethane-concrete-floor-paint#primaryimage\"},\"image\":{\"@id\":\"https:\/\/www.jinyupaint.com\/product\/jinyu-ud-9-12mm-heavy-duty-anti-slip-polyurethane-concrete-floor-paint#primaryimage\"},\"thumbnailUrl\":\"https:\/\/www.jinyupaint.com\/wp-content\/uploads\/2025\/09\/JINYU\u00ae-UD-9-12mm-Heavy-Duty-Anti-Slip-Polyurethane-Concrete-Floor-Paint.jpg\",\"datePublished\":\"2025-09-06T06:59:32+00:00\",\"dateModified\":\"2025-11-30T12:07:05+00:00\",\"description\":\"JINYU\u00aeUD 9-12mm heavy duty anti-slip urethane mortar floor syteme with polyurethane concrete floor paint. Chemical, temperature & abrasion resistant. For food, pharmaceutical & industrial use. USDA\/FDA compliant.\",\"breadcrumb\":{\"@id\":\"https:\/\/www.jinyupaint.com\/product\/jinyu-ud-9-12mm-heavy-duty-anti-slip-polyurethane-concrete-floor-paint#breadcrumb\"},\"inLanguage\":\"sv-SE\",\"potentialAction\":[{\"@type\":\"ReadAction\",\"target\":[\"https:\/\/www.jinyupaint.com\/product\/jinyu-ud-9-12mm-heavy-duty-anti-slip-polyurethane-concrete-floor-paint\"]}]},{\"@type\":\"ImageObject\",\"inLanguage\":\"sv-SE\",\"@id\":\"https:\/\/www.jinyupaint.com\/product\/jinyu-ud-9-12mm-heavy-duty-anti-slip-polyurethane-concrete-floor-paint#primaryimage\",\"url\":\"https:\/\/www.jinyupaint.com\/wp-content\/uploads\/2025\/09\/JINYU\u00ae-UD-9-12mm-Heavy-Duty-Anti-Slip-Polyurethane-Concrete-Floor-Paint.jpg\",\"contentUrl\":\"https:\/\/www.jinyupaint.com\/wp-content\/uploads\/2025\/09\/JINYU\u00ae-UD-9-12mm-Heavy-Duty-Anti-Slip-Polyurethane-Concrete-Floor-Paint.jpg\",\"width\":750,\"height\":750,\"caption\":\"JINYU\u00ae UD 9-12mm Heavy-Duty Anti Slip Polyurethane Concrete Floor Paint\"},{\"@type\":\"BreadcrumbList\",\"@id\":\"https:\/\/www.jinyupaint.com\/product\/jinyu-ud-9-12mm-heavy-duty-anti-slip-polyurethane-concrete-floor-paint#breadcrumb\",\"itemListElement\":[{\"@type\":\"ListItem\",\"position\":1,\"name\":\"Home\",\"item\":\"https:\/\/www.jinyupaint.com\/\"},{\"@type\":\"ListItem\",\"position\":2,\"name\":\"Shop\",\"item\":\"https:\/\/www.jinyupaint.com\/shop.html\"},{\"@type\":\"ListItem\",\"position\":3,\"name\":\"JINYU\u00ae UD 9-12mm Heavy-Duty Anti-Slip Polyurethane Concrete Floor Paint\"}]},{\"@type\":\"WebSite\",\"@id\":\"https:\/\/www.jinyupaint.com\/#website\",\"url\":\"https:\/\/www.jinyupaint.com\/\",\"name\":\"JINYU\u00ae PAINT\",\"description\":\"JINYU PAINT\u00ae Manufacturer\",\"potentialAction\":[{\"@type\":\"SearchAction\",\"target\":{\"@type\":\"EntryPoint\",\"urlTemplate\":\"https:\/\/www.jinyupaint.com\/?s={search_term_string}\"},\"query-input\":{\"@type\":\"PropertyValueSpecification\",\"valueRequired\":true,\"valueName\":\"search_term_string\"}}],\"inLanguage\":\"sv-SE\"}]}<\/script>\n<!-- \/ Yoast SEO Premium plugin. -->","yoast_head_json":{"title":"JINYU\u00ae UD 9-12mm Kraftig halkskyddande polyuretanf\u00e4rg f\u00f6r betonggolv - KAIDA PAINT","description":"JINYU\u00aeUD 9-12 mm kraftigt halkskyddande uretangolv med polyuretanf\u00e4rg f\u00f6r betonggolv. Kemikalie-, temperatur- och n\u00f6tningsbest\u00e4ndigt. F\u00f6r livsmedels-, l\u00e4kemedels- och industribruk. \u00d6verensst\u00e4mmer med USDA\/FDA.","robots":{"index":"index","follow":"follow","max-snippet":"max-snippet:-1","max-image-preview":"max-image-preview:large","max-video-preview":"max-video-preview:-1"},"canonical":"https:\/\/www.jinyupaint.com\/sv\/produkt\/jinyu-ud-9-12mm-heavy-duty-anti-slip-polyurethane-concrete-floor-paint\/","og_locale":"sv_SE","og_type":"article","og_title":"JINYU\u00ae UD 9-12mm Heavy-Duty Anti-Slip Polyurethane Concrete Floor Paint","og_description":"JINYU\u00aeUD 9-12mm heavy duty anti-slip urethane mortar floor syteme with polyurethane concrete floor paint. Chemical, temperature & abrasion resistant. For food, pharmaceutical & industrial use. USDA\/FDA compliant.","og_url":"https:\/\/www.jinyupaint.com\/sv\/produkt\/jinyu-ud-9-12mm-heavy-duty-anti-slip-polyurethane-concrete-floor-paint\/","og_site_name":"KAIDA PAINT\u00ae","article_modified_time":"2025-11-30T12:07:05+00:00","og_image":[{"width":750,"height":750,"url":"https:\/\/www.jinyupaint.com\/wp-content\/uploads\/2025\/09\/JINYU\u00ae-UD-9-12mm-Heavy-Duty-Anti-Slip-Polyurethane-Concrete-Floor-Paint.jpg","type":"image\/jpeg"}],"twitter_card":"summary_large_image","twitter_misc":{"Ber\u00e4knad l\u00e4stid":"2 minuter"},"schema":{"@context":"https:\/\/schema.org","@graph":[{"@type":"WebPage","@id":"https:\/\/www.jinyupaint.com\/product\/jinyu-ud-9-12mm-heavy-duty-anti-slip-polyurethane-concrete-floor-paint","url":"https:\/\/www.jinyupaint.com\/product\/jinyu-ud-9-12mm-heavy-duty-anti-slip-polyurethane-concrete-floor-paint","name":"JINYU\u00ae UD 9-12mm Kraftig halkskyddande polyuretanf\u00e4rg f\u00f6r betonggolv - KAIDA PAINT","isPartOf":{"@id":"https:\/\/www.jinyupaint.com\/#website"},"primaryImageOfPage":{"@id":"https:\/\/www.jinyupaint.com\/product\/jinyu-ud-9-12mm-heavy-duty-anti-slip-polyurethane-concrete-floor-paint#primaryimage"},"image":{"@id":"https:\/\/www.jinyupaint.com\/product\/jinyu-ud-9-12mm-heavy-duty-anti-slip-polyurethane-concrete-floor-paint#primaryimage"},"thumbnailUrl":"https:\/\/www.jinyupaint.com\/wp-content\/uploads\/2025\/09\/JINYU\u00ae-UD-9-12mm-Heavy-Duty-Anti-Slip-Polyurethane-Concrete-Floor-Paint.jpg","datePublished":"2025-09-06T06:59:32+00:00","dateModified":"2025-11-30T12:07:05+00:00","description":"JINYU\u00aeUD 9-12 mm kraftigt halkskyddande uretangolv med polyuretanf\u00e4rg f\u00f6r betonggolv. Kemikalie-, temperatur- och n\u00f6tningsbest\u00e4ndigt. F\u00f6r livsmedels-, l\u00e4kemedels- och industribruk. \u00d6verensst\u00e4mmer med USDA\/FDA.","breadcrumb":{"@id":"https:\/\/www.jinyupaint.com\/product\/jinyu-ud-9-12mm-heavy-duty-anti-slip-polyurethane-concrete-floor-paint#breadcrumb"},"inLanguage":"sv-SE","potentialAction":[{"@type":"ReadAction","target":["https:\/\/www.jinyupaint.com\/product\/jinyu-ud-9-12mm-heavy-duty-anti-slip-polyurethane-concrete-floor-paint"]}]},{"@type":"ImageObject","inLanguage":"sv-SE","@id":"https:\/\/www.jinyupaint.com\/product\/jinyu-ud-9-12mm-heavy-duty-anti-slip-polyurethane-concrete-floor-paint#primaryimage","url":"https:\/\/www.jinyupaint.com\/wp-content\/uploads\/2025\/09\/JINYU\u00ae-UD-9-12mm-Heavy-Duty-Anti-Slip-Polyurethane-Concrete-Floor-Paint.jpg","contentUrl":"https:\/\/www.jinyupaint.com\/wp-content\/uploads\/2025\/09\/JINYU\u00ae-UD-9-12mm-Heavy-Duty-Anti-Slip-Polyurethane-Concrete-Floor-Paint.jpg","width":750,"height":750,"caption":"JINYU\u00ae UD 9-12mm Heavy-Duty Anti Slip Polyurethane Concrete Floor Paint"},{"@type":"BreadcrumbList","@id":"https:\/\/www.jinyupaint.com\/product\/jinyu-ud-9-12mm-heavy-duty-anti-slip-polyurethane-concrete-floor-paint#breadcrumb","itemListElement":[{"@type":"ListItem","position":1,"name":"Home","item":"https:\/\/www.jinyupaint.com\/"},{"@type":"ListItem","position":2,"name":"Shop","item":"https:\/\/www.jinyupaint.com\/shop.html"},{"@type":"ListItem","position":3,"name":"JINYU\u00ae UD 9-12mm Heavy-Duty Anti-Slip Polyurethane Concrete Floor Paint"}]},{"@type":"WebSite","@id":"https:\/\/www.jinyupaint.com\/#website","url":"https:\/\/www.jinyupaint.com\/","name":"JINYU\u00ae F\u00c4RGER","description":"JINYU PAINT\u00ae Tillverkare","potentialAction":[{"@type":"SearchAction","target":{"@type":"EntryPoint","urlTemplate":"https:\/\/www.jinyupaint.com\/?s={search_term_string}"},"query-input":{"@type":"PropertyValueSpecification","valueRequired":true,"valueName":"search_term_string"}}],"inLanguage":"sv-SE"}]}},"_links":{"self":[{"href":"https:\/\/www.jinyupaint.com\/sv\/wp-json\/wp\/v2\/product\/5799","targetHints":{"allow":["GET"]}}],"collection":[{"href":"https:\/\/www.jinyupaint.com\/sv\/wp-json\/wp\/v2\/product"}],"about":[{"href":"https:\/\/www.jinyupaint.com\/sv\/wp-json\/wp\/v2\/types\/product"}],"wp:featuredmedia":[{"embeddable":true,"href":"https:\/\/www.jinyupaint.com\/sv\/wp-json\/wp\/v2\/media\/5801"}],"wp:attachment":[{"href":"https:\/\/www.jinyupaint.com\/sv\/wp-json\/wp\/v2\/media?parent=5799"}],"wp:term":[{"taxonomy":"product_brand","embeddable":true,"href":"https:\/\/www.jinyupaint.com\/sv\/wp-json\/wp\/v2\/product_brand?post=5799"},{"taxonomy":"product_cat","embeddable":true,"href":"https:\/\/www.jinyupaint.com\/sv\/wp-json\/wp\/v2\/product_cat?post=5799"},{"taxonomy":"product_tag","embeddable":true,"href":"https:\/\/www.jinyupaint.com\/sv\/wp-json\/wp\/v2\/product_tag?post=5799"}],"curies":[{"name":"wp","href":"https:\/\/api.w.org\/{rel}","templated":true}]}}