{"id":5783,"date":"2025-09-05T02:34:04","date_gmt":"2025-09-05T02:34:04","guid":{"rendered":"https:\/\/www.jinyupaint.com\/?post_type=product&#038;p=5783"},"modified":"2025-09-05T02:48:17","modified_gmt":"2025-09-05T02:48:17","slug":"jinyu-dt-abrasion-resistant-pu-topcoat","status":"publish","type":"product","link":"https:\/\/www.jinyupaint.com\/sv\/produkt\/jinyu-dt-abrasion-resistant-pu-topcoat","title":{"rendered":"JINYU\u00ae DT n\u00f6tningsbest\u00e4ndigt toppskikt av PU"},"content":{"rendered":"<p>JINYU\u00ae DT \u00e4r en h\u00f6gsolid, skyddande topplack av polyuretan med ultrah\u00e5rt vitt korundaggregat. Den ger exceptionell rep- och n\u00f6tningsbest\u00e4ndighet och har en yth\u00e5rdhet som \u00f6verstiger 5H. Den \u00e4r utformad f\u00f6r industriella golvbel\u00e4ggningar som kr\u00e4ver maximal h\u00e5llbarhet och \u00e4r den perfekta l\u00f6sningen f\u00f6r lager, lastkajer och h\u00f6gtrafikerade omr\u00e5den. Dess formel inneh\u00e5ller vit korund med h\u00f6g h\u00e5rdhet, med en yth\u00e5rdhet p\u00e5 \u00f6ver 5H, och anv\u00e4nds ofta i omr\u00e5den med tung trafik som kr\u00e4ver h\u00f6g slitstyrka.<\/p>\n<p>JINYU\u00ae DT b\u00f6r anv\u00e4ndas i kombination med JINYU\u00ae MF1\/2 sj\u00e4lvutj\u00e4mnande golv f\u00f6r skyddsbel\u00e4ggningar.<\/p>\n<h2 class=\"ds-markdown-paragraph\">Anv\u00e4ndningsomr\u00e5den f\u00f6r v\u00e5r PU-bel\u00e4ggning f\u00f6r tunga fordon<\/h2>\n<p class=\"ds-markdown-paragraph\">JINYU\u00ae DT \u00e4r utvecklad f\u00f6r att skydda golv i de mest kr\u00e4vande milj\u00f6erna. Dess \u00f6verl\u00e4gsna prestanda g\u00f6r den till den perfekta golvbel\u00e4ggningen f\u00f6r lager och lastkajer, d\u00e4r konstant n\u00f6tning fr\u00e5n gaffeltruckar och tunga varor \u00e4r en daglig utmaning.<\/p>\n<p class=\"ds-markdown-paragraph\">Ut\u00f6ver logistiken \u00e4r den ett utm\u00e4rkt val f\u00f6r:<\/p>\n<ul>\n<li>\n<p class=\"ds-markdown-paragraph\"><strong>Parkering Garage Golvbel\u00e4ggning<\/strong>: Motst\u00e5ndskraftig mot d\u00e4ckm\u00e4rken, n\u00f6tning och exponering f\u00f6r oljor och kemikalier.<\/p>\n<\/li>\n<li>\n<p class=\"ds-markdown-paragraph\"><strong>Golv f\u00f6r stormarknader och detaljhandel<\/strong>: T\u00e5l h\u00f6g g\u00e5ngtrafik och vagntrafik samtidigt som den beh\u00e5ller en attraktiv halvmatt yta.<\/p>\n<\/li>\n<li>\n<p class=\"ds-markdown-paragraph\"><strong>Industri- och tillverkningsanl\u00e4ggningar<\/strong>: Ger enast\u00e5ende kemisk best\u00e4ndighet mot oljor, syror och l\u00f6sningsmedel och skyddar mot spill och fl\u00e4ckar.<\/p>\n<\/li>\n<li>\n<p class=\"ds-markdown-paragraph\"><em>Kontakta JINYU\u00ae Solutions Team f\u00f6r andra specialiserade scenarier, inklusive antistatiska applikationskrav.<\/em><\/p>\n<\/li>\n<\/ul>\n<h2 class=\"ds-markdown-paragraph\">Viktiga egenskaper hos v\u00e5r n\u00f6tningsbest\u00e4ndiga bel\u00e4ggning<\/h2>\n<ul>\n<li>\n<p class=\"ds-markdown-paragraph\"><strong>O\u00f6vertr\u00e4ffad h\u00e5llbarhet<\/strong>: Uppn\u00e5r en h\u00e5rdhetsgrad p\u00e5 5H f\u00f6r exceptionellt rept\u00e5ligt resultat, vilket \u00f6vertr\u00e4ffar standardbel\u00e4ggningar av epoxi och PU.<\/p>\n<\/li>\n<li>\n<p class=\"ds-markdown-paragraph\"><strong>\u00d6verl\u00e4gsen n\u00f6tningsbest\u00e4ndighet<\/strong>: Det integrerade aggregatet av vit korund garanterar minimalt slitage, \u00e4ven under de mest intensiva och tunga trafikf\u00f6rh\u00e5llandena.<\/p>\n<\/li>\n<li>\n<p class=\"ds-markdown-paragraph\"><strong>L\u00e5ngvarig estetik<\/strong>: UV-stabil formel f\u00f6rhindrar gulning och missf\u00e4rgning och bibeh\u00e5ller ett ljust, rent utseende i flera \u00e5r.<\/p>\n<\/li>\n<li>\n<p class=\"ds-markdown-paragraph\"><strong>Utm\u00e4rkt kemisk resistens<\/strong>: Skyddar mot ett brett spektrum av industriella kemikalier, oljor och l\u00f6sningsmedel, vilket g\u00f6r det till en verkligt kemikaliebest\u00e4ndig golvbel\u00e4ggning.<\/p>\n<\/li>\n<li>\n<p class=\"ds-markdown-paragraph\"><strong>S\u00e4kerhet och komfort<\/strong>: Ger en halvmatt yta som minskar ljusreflexer och ger en tillr\u00e4cklig friktionskoefficient f\u00f6r s\u00e4kerhet.<\/p>\n<\/li>\n<li>\n<p class=\"ds-markdown-paragraph\"><strong>Anpassningsbara l\u00f6sningar<\/strong>: Kan formuleras f\u00f6r att st\u00f6dja antistatiska PU-bel\u00e4ggningar f\u00f6r elektroniktillverkning och andra k\u00e4nsliga milj\u00f6er.<\/p>\n<\/li>\n<\/ul>\n<h2>F\u00e4rg<\/h2>\n<p>Det finns fem standardf\u00e4rger tillg\u00e4ngliga (ungef\u00e4rliga):<br \/>\ngul, beige, gula, bl\u00e5, gr\u00f6n, ljusgr\u00e5, m\u00f6rkgr\u00e5<br \/>\nAnpassade f\u00e4rger kan best\u00e4llas baserat p\u00e5 MOQ.<\/p>\n<h2>F\u00f6rpackning<\/h2>\n<p>JINYU\u00ae DT \u00e4r en f\u00e4rdigf\u00f6rpackad trekomponents<br \/>\nsystem, med en enda upps\u00e4ttning som v\u00e4ger 10 kg:<br \/>\nKomponent A: 5 kg\/skopa;<br \/>\nKomponent B: 2 kg\/skopa;<br \/>\nKomponent C: 3 kg\/f\u00f6rpackning.<\/p>\n<h2>Tekniska parametrar<\/h2>\n<p>F\u00f6ljande data har uppm\u00e4tts under standardf\u00f6rh\u00e5llanden i laboratoriet och kan avvika n\u00e5got fr\u00e5n faktiska data p\u00e5 plats.<\/p>\n<table>\n<thead>\n<tr>\n<th>F\u00f6rem\u00e5l<\/th>\n<th>Parameter<\/th>\n<\/tr>\n<\/thead>\n<tbody>\n<tr>\n<td>Utseende<\/td>\n<td>Efter omr\u00f6rning \u00e4r blandningen j\u00e4mn och fri fr\u00e5n klumpar.<\/td>\n<\/tr>\n<tr>\n<td>Pennans h\u00e5rdhet (rept\u00e5lighet)<\/td>\n<td>5H<\/td>\n<\/tr>\n<tr>\n<td>Slagh\u00e5llfasthet (st\u00e5lkula 1000 g)<\/td>\n<td>Inga sprickor eller avskalningar<\/td>\n<\/tr>\n<tr>\n<td>Dragh\u00e5llfasthet f\u00f6r vidh\u00e4ftning (standard)<\/td>\n<td>2,7 N\/mm\u00b2<\/td>\n<\/tr>\n<tr>\n<td>Dragad adhesionsstyrka (bl\u00f6tl\u00e4ggning i vatten)<\/td>\n<td>2,0 N\/mm\u00b2<\/td>\n<\/tr>\n<tr>\n<td>N\u00f6tningsbest\u00e4ndighet (750g\/500r)<\/td>\n<td>0.011g<\/td>\n<\/tr>\n<tr>\n<td>Vattent\u00e5lighet (7D)<\/td>\n<td>Inga bubblor, ingen avskalning, ingen missf\u00e4rgning.<\/td>\n<\/tr>\n<tr>\n<td>Motst\u00e5ndskraft mot olja (bensin 120#, 7D)<\/td>\n<td>Inga bubblor, ingen avskalning, ingen missf\u00e4rgning.<\/td>\n<\/tr>\n<tr>\n<td>Motst\u00e5ndskraft mot syra (10% H\u2082SO\u2084, 48 timmar)<\/td>\n<td>Inga bubblor, ingen avskalning, ingen missf\u00e4rgning.<\/td>\n<\/tr>\n<tr>\n<td>Motst\u00e5ndskraft mot basen (30% NaOH, 48 timmar)<\/td>\n<td>Inga bubblor, ingen avskalning, ingen missf\u00e4rgning.<\/td>\n<\/tr>\n<tr>\n<td>Motst\u00e5ndskraft mot salt (3% NaCl, 7D)<\/td>\n<td>Inga bubblor, ingen avskalning, ingen missf\u00e4rgning.<\/td>\n<\/tr>\n<tr>\n<td>Halkbek\u00e4mpande (torr friktionskoefficient)<\/td>\n<td>0.55<\/td>\n<\/tr>\n<\/tbody>\n<\/table>\n<h2>Standard<\/h2>\n<p>JINYU\u00ae DT uppfyller de relevanta kraven i standarden GB\/T22374-2018 \"Floor Coating Materials\".<\/p>\n<figure id=\"attachment_5616\" aria-describedby=\"caption-attachment-5616\" style=\"width: 570px\" class=\"wp-caption alignnone\"><a href=\"https:\/\/www.jinyupaint.com\/wp-content\/uploads\/2025\/02\/high-gloss-polyurethane-factory-flooring-surface.jpg\"><img fetchpriority=\"high\" decoding=\"async\" class=\"wp-image-5616 size-full\" src=\"https:\/\/www.jinyupaint.com\/wp-content\/uploads\/2025\/02\/high-gloss-polyurethane-factory-flooring-surface.jpg\" alt=\"H\u00f6gblank yta p\u00e5 industrigolv av polyuretan med s\u00f6ml\u00f6sa och halkskyddande egenskaper\" width=\"570\" height=\"360\" srcset=\"https:\/\/www.jinyupaint.com\/wp-content\/uploads\/2025\/02\/high-gloss-polyurethane-factory-flooring-surface.jpg 570w, https:\/\/www.jinyupaint.com\/wp-content\/uploads\/2025\/02\/high-gloss-polyurethane-factory-flooring-surface-300x189.jpg 300w, https:\/\/www.jinyupaint.com\/wp-content\/uploads\/2025\/02\/high-gloss-polyurethane-factory-flooring-surface-18x12.jpg 18w\" sizes=\"(max-width: 570px) 100vw, 570px\" \/><\/a><figcaption id=\"caption-attachment-5616\" class=\"wp-caption-text\">H\u00f6gblank yta p\u00e5 industrigolv av polyuretan med s\u00f6ml\u00f6sa och halkskyddande egenskaper<\/figcaption><\/figure>\n<figure id=\"attachment_5619\" aria-describedby=\"caption-attachment-5619\" style=\"width: 570px\" class=\"wp-caption alignnone\"><a href=\"https:\/\/www.jinyupaint.com\/wp-content\/uploads\/2025\/02\/polyurethane-ultra-wear-resistant-factory-flooring-application.jpg\"><img decoding=\"async\" class=\"wp-image-5619 size-full\" src=\"https:\/\/www.jinyupaint.com\/wp-content\/uploads\/2025\/02\/polyurethane-ultra-wear-resistant-factory-flooring-application.jpg\" alt=\"Slitstarkt golv av polyuretan appliceras i en industriell fabrik f\u00f6r \u00f6kad h\u00e5llbarhet\" width=\"570\" height=\"360\" srcset=\"https:\/\/www.jinyupaint.com\/wp-content\/uploads\/2025\/02\/polyurethane-ultra-wear-resistant-factory-flooring-application.jpg 570w, https:\/\/www.jinyupaint.com\/wp-content\/uploads\/2025\/02\/polyurethane-ultra-wear-resistant-factory-flooring-application-300x189.jpg 300w, https:\/\/www.jinyupaint.com\/wp-content\/uploads\/2025\/02\/polyurethane-ultra-wear-resistant-factory-flooring-application-18x12.jpg 18w\" sizes=\"(max-width: 570px) 100vw, 570px\" \/><\/a><figcaption id=\"caption-attachment-5619\" class=\"wp-caption-text\">Slitstarkt golv av polyuretan appliceras i en industriell fabrik f\u00f6r \u00f6kad h\u00e5llbarhet<\/figcaption><\/figure>\n<h2>Instruktioner f\u00f6r installation<\/h2>\n<h3>Blandning<\/h3>\n<p>F\u00f6re blandning, r\u00f6r om komponent A (harts) noggrant och tills\u00e4tt under l\u00e5ghastighetsblandningsf\u00f6rh\u00e5llanden (300-400 rpm) den angivna andelen komponent B (h\u00e4rdare) och r\u00f6r om kontinuerligt i ca 30 sekunder. Tills\u00e4tt sedan l\u00e5ngsamt komponent C (aggregat) och r\u00f6r om i 1 minut tills en j\u00e4mn blandning erh\u00e5lls.<\/p>\n<p>Obs: Komponent C \u00e4r en n\u00f6dv\u00e4ndig komponent och m\u00e5ste tills\u00e4ttas under omr\u00f6rningen.<\/p>\n<h3>Till\u00e4mpning - Toppbel\u00e4ggning<\/h3>\n<p>Den rekommenderade f\u00f6rbrukningen av ytbel\u00e4ggningsmaterialet \u00e4r ca 0,1 till 0,12 kg\/m2. Anv\u00e4nd en platt metallspackel f\u00f6r att j\u00e4mnt applicera bel\u00e4ggningsmaterialet p\u00e5 marken. Anv\u00e4nd en borste f\u00f6r att hantera kantdelarna. Den v\u00e5ta filmtjockleken (WFT) b\u00f6r kontrolleras till cirka 0,1 mm (den torra filmtjockleken (DFT) \u00e4r cirka 0,09 mm). Anv\u00e4nd omedelbart en korth\u00e5rig roller f\u00f6r att rulla och stryka j\u00e4mnt, korsrulla i b\u00e5de vertikal och horisontell riktning en g\u00e5ng. Detta kommer att resultera i en h\u00f6gre enhetlighet och en mer estetiskt tilltalande ytbel\u00e4ggningseffekt.<\/p>\n<h3>Reng\u00f6ring<\/h3>\n<p>Reng\u00f6r verktygen omedelbart efter applicering med l\u00f6sningsmedel. Sug upp eventuellt utspillt material med torr sand eller annat absorberande material och torka rent med en trasa.<\/p>\n<h3>Teoretisk konsumtion<\/h3>\n<p>0,1 \uff5e 0,12 kg\/m2<\/p>\n<p>Varje orimlig tillsats eller minskning i materialanv\u00e4ndningen kan p\u00e5verka gr\u00e4nssnittskvaliteten, t\u00e4tningsprestandan, bindningsprestandan, bel\u00e4ggningstjockleken etc. D\u00e4rf\u00f6r b\u00f6r produktf\u00f6rbrukningen f\u00f6lja den rekommenderade anv\u00e4ndningen och justeras enligt den faktiska situationen p\u00e5 plats f\u00f6r att uppn\u00e5 idealisk prestanda.<\/p>\n<h2>H\u00e5llbarhet<\/h2>\n<p>12 m\u00e5nader fr\u00e5n tillverkningsdatum, om den f\u00f6rvaras korrekt i o\u00f6ppnad, oskadad och f\u00f6rseglad originalf\u00f6rpackning, under torra f\u00f6rh\u00e5llanden och i temperaturer mellan +10 \u00b0C och +25 \u00b0C.<br \/>\nDel A m\u00e5ste skyddas mot frost.<br \/>\nDel B m\u00e5ste skyddas mot frost.<br \/>\nDel C m\u00e5ste skyddas mot fukt.<\/p>\n<h2>Blandningsf\u00f6rh\u00e5llande<\/h2>\n<p>Blandning av alla r\u00e5varor fr\u00e5n den kompletta upps\u00e4ttningen av fabrikspaket.<\/p>\n<h2>H\u00e4rdningstid<\/h2>\n<div class=\"ds-scroll-area _1210dd7\">\n<table>\n<thead>\n<tr>\n<th>Temperatur<\/th>\n<th>Torr yta<\/th>\n<th>L\u00e4tt trafik<\/th>\n<th>Fullst\u00e4ndig botning<\/th>\n<\/tr>\n<\/thead>\n<tbody>\n<tr>\n<td>+10\u00b0C<\/td>\n<td>~30h<\/td>\n<td>~48h<\/td>\n<td>~6d<\/td>\n<\/tr>\n<tr>\n<td>+20\u00b0C<\/td>\n<td>~16h<\/td>\n<td>~24h<\/td>\n<td>~4d<\/td>\n<\/tr>\n<tr>\n<td>+30\u00b0C<\/td>\n<td>~12h<\/td>\n<td>~18h<\/td>\n<td>~3d<\/td>\n<\/tr>\n<\/tbody>\n<\/table>\n<\/div>\n<h2 class=\"ds-markdown-paragraph\">F\u00e4rg<\/h2>\n<p class=\"ds-markdown-paragraph\">Det finns fem standardf\u00e4rger tillg\u00e4ngliga (ungef\u00e4rliga)<\/p>\n<ul>\n<li>\n<p class=\"ds-markdown-paragraph\">Gul: RAL 1006<\/p>\n<\/li>\n<li>\n<p class=\"ds-markdown-paragraph\">R\u00f6d: RAL 3002<\/p>\n<\/li>\n<li>\n<p class=\"ds-markdown-paragraph\">Bl\u00e5: RAL 5015<\/p>\n<\/li>\n<li>\n<p class=\"ds-markdown-paragraph\">Gr\u00f6n: RAL 6001<\/p>\n<\/li>\n<li>\n<p class=\"ds-markdown-paragraph\">Gr\u00e5: RAL 7037<\/p>\n<\/li>\n<li>\n<p class=\"ds-markdown-paragraph\">Anpassade f\u00e4rger kan best\u00e4llas baserat p\u00e5 minsta orderkvantitet (MOQ).<\/p>\n<\/li>\n<\/ul>","protected":false},"excerpt":{"rendered":"<p>JINYU\u00ae DT \u00e4r en avancerad high-solid topplack av polyuretan som \u00e4r speciellt framtagen f\u00f6r extrema industrimilj\u00f6er och inneh\u00e5ller ultrah\u00e5rda vita korundaggregat som skapar en exceptionellt slitstark yta med 5H blyertsh\u00e5rdhet och enast\u00e5ende n\u00f6tningsbest\u00e4ndighet. Detta innovativa bel\u00e4ggningssystem ger ett \u00f6verl\u00e4gset skydd mot kraftig mekanisk p\u00e5verkan, kemikaliespill, UV-nedbrytning och dagligt slitage i h\u00f6gtrafikerade omr\u00e5den som lager, tillverkningsanl\u00e4ggningar, lastkajer och kommersiella parkeringsgarage, samtidigt som det bibeh\u00e5ller en attraktiv halvmatt yta som motst\u00e5r gulning och beh\u00e5ller sin estetik \u00f6ver tid. Trekomponentsystemet \u00e4r enkelt att applicera och har utm\u00e4rkt vidh\u00e4ftning till olika underlag, vilket ger en kostnadseffektiv och l\u00e5ngvarig golvl\u00f6sning som uppfyller standarderna i GB\/T 22374-2018 och kan anpassas med antistatiska egenskaper f\u00f6r specialiserade till\u00e4mpningar.<\/p>","protected":false},"featured_media":5785,"template":"","meta":{"om_disable_all_campaigns":false,"_monsterinsights_skip_tracking":false,"_monsterinsights_sitenote_active":false,"_monsterinsights_sitenote_note":"","_monsterinsights_sitenote_category":0,"_uf_show_specific_survey":0,"_uf_disable_surveys":false},"product_brand":[],"product_cat":[109],"product_tag":[656,654,658,641,660,661,655,659,657,662],"class_list":{"0":"post-5783","1":"product","2":"type-product","3":"status-publish","4":"has-post-thumbnail","6":"product_cat-polyurethane-floor-coating","7":"product_tag-5h-hardness-floor-coating","8":"product_tag-abrasion-resistant-floor-coating","9":"product_tag-chemical-resistant-floor-coating","10":"product_tag-industrial-floor-coating","11":"product_tag-loading-bay-floor-solution","12":"product_tag-polyurethane-top-coat","13":"product_tag-pu-floor-coating","14":"product_tag-scratch-resistant-coating","15":"product_tag-warehouse-floor-coating","16":"product_tag-white-corundum-flooring","18":"first","19":"instock","20":"shipping-taxable","21":"product-type-simple"},"yoast_head":"<!-- This site is optimized with the Yoast SEO Premium plugin v26.2 (Yoast SEO v26.5) - https:\/\/yoast.com\/wordpress\/plugins\/seo\/ -->\n<title>JINYU\u00ae DT: Abrasion-Resistant PU Floor Coating for Warehouses &amp; Industry<\/title>\n<meta name=\"description\" content=\"JINYU\u00ae DT is a high-hardness (5H) polyurethane top coat with white corundum for extreme abrasion &amp; scratch resistance. Ideal for warehouse floors, loading bays, &amp; industrial areas. Resists chemicals, UV yellowing, &amp; heavy traffic. Download TDS.\" \/>\n<meta name=\"robots\" content=\"index, follow, max-snippet:-1, max-image-preview:large, max-video-preview:-1\" \/>\n<link rel=\"canonical\" href=\"https:\/\/www.jinyupaint.com\/sv\/produkt\/jinyu-dt-abrasion-resistant-pu-topcoat\/\" \/>\n<meta property=\"og:locale\" content=\"sv_SE\" \/>\n<meta property=\"og:type\" content=\"article\" \/>\n<meta property=\"og:title\" content=\"JINYU\u00ae DT Abrasion-Resistant PU Topcoat\" \/>\n<meta property=\"og:description\" content=\"JINYU\u00ae DT is a high-hardness (5H) polyurethane top coat with white corundum for extreme abrasion &amp; scratch resistance. Ideal for warehouse floors, loading bays, &amp; industrial areas. Resists chemicals, UV yellowing, &amp; heavy traffic. Download TDS.\" \/>\n<meta property=\"og:url\" content=\"https:\/\/www.jinyupaint.com\/sv\/produkt\/jinyu-dt-abrasion-resistant-pu-topcoat\/\" \/>\n<meta property=\"og:site_name\" content=\"KAIDA PAINT\u00ae\" \/>\n<meta property=\"article:modified_time\" content=\"2025-09-05T02:48:17+00:00\" \/>\n<meta property=\"og:image\" content=\"https:\/\/www.jinyupaint.com\/wp-content\/uploads\/2025\/09\/JINYU\u00ae-DT-Abrasion-Resistant-PU-Topcoat.jpg\" \/>\n\t<meta property=\"og:image:width\" content=\"750\" \/>\n\t<meta property=\"og:image:height\" content=\"750\" \/>\n\t<meta property=\"og:image:type\" content=\"image\/jpeg\" \/>\n<meta name=\"twitter:card\" content=\"summary_large_image\" \/>\n<meta name=\"twitter:label1\" content=\"Ber\u00e4knad l\u00e4stid\" \/>\n\t<meta name=\"twitter:data1\" content=\"5 minuter\" \/>\n<script type=\"application\/ld+json\" class=\"yoast-schema-graph\">{\"@context\":\"https:\/\/schema.org\",\"@graph\":[{\"@type\":\"WebPage\",\"@id\":\"https:\/\/www.jinyupaint.com\/product\/jinyu-dt-abrasion-resistant-pu-topcoat\",\"url\":\"https:\/\/www.jinyupaint.com\/product\/jinyu-dt-abrasion-resistant-pu-topcoat\",\"name\":\"JINYU\u00ae DT: Abrasion-Resistant PU Floor Coating for Warehouses & Industry\",\"isPartOf\":{\"@id\":\"https:\/\/www.jinyupaint.com\/#website\"},\"primaryImageOfPage\":{\"@id\":\"https:\/\/www.jinyupaint.com\/product\/jinyu-dt-abrasion-resistant-pu-topcoat#primaryimage\"},\"image\":{\"@id\":\"https:\/\/www.jinyupaint.com\/product\/jinyu-dt-abrasion-resistant-pu-topcoat#primaryimage\"},\"thumbnailUrl\":\"https:\/\/www.jinyupaint.com\/wp-content\/uploads\/2025\/09\/JINYU\u00ae-DT-Abrasion-Resistant-PU-Topcoat.jpg\",\"datePublished\":\"2025-09-05T02:34:04+00:00\",\"dateModified\":\"2025-09-05T02:48:17+00:00\",\"description\":\"JINYU\u00ae DT is a high-hardness (5H) polyurethane top coat with white corundum for extreme abrasion & scratch resistance. Ideal for warehouse floors, loading bays, & industrial areas. Resists chemicals, UV yellowing, & heavy traffic. Download TDS.\",\"breadcrumb\":{\"@id\":\"https:\/\/www.jinyupaint.com\/product\/jinyu-dt-abrasion-resistant-pu-topcoat#breadcrumb\"},\"inLanguage\":\"sv-SE\",\"potentialAction\":[{\"@type\":\"ReadAction\",\"target\":[\"https:\/\/www.jinyupaint.com\/product\/jinyu-dt-abrasion-resistant-pu-topcoat\"]}]},{\"@type\":\"ImageObject\",\"inLanguage\":\"sv-SE\",\"@id\":\"https:\/\/www.jinyupaint.com\/product\/jinyu-dt-abrasion-resistant-pu-topcoat#primaryimage\",\"url\":\"https:\/\/www.jinyupaint.com\/wp-content\/uploads\/2025\/09\/JINYU\u00ae-DT-Abrasion-Resistant-PU-Topcoat.jpg\",\"contentUrl\":\"https:\/\/www.jinyupaint.com\/wp-content\/uploads\/2025\/09\/JINYU\u00ae-DT-Abrasion-Resistant-PU-Topcoat.jpg\",\"width\":750,\"height\":750,\"caption\":\"JINYU\u00ae DT Abrasion Resistant PU Topcoat\"},{\"@type\":\"BreadcrumbList\",\"@id\":\"https:\/\/www.jinyupaint.com\/product\/jinyu-dt-abrasion-resistant-pu-topcoat#breadcrumb\",\"itemListElement\":[{\"@type\":\"ListItem\",\"position\":1,\"name\":\"Home\",\"item\":\"https:\/\/www.jinyupaint.com\/\"},{\"@type\":\"ListItem\",\"position\":2,\"name\":\"Shop\",\"item\":\"https:\/\/www.jinyupaint.com\/shop.html\"},{\"@type\":\"ListItem\",\"position\":3,\"name\":\"JINYU\u00ae DT Abrasion-Resistant PU Topcoat\"}]},{\"@type\":\"WebSite\",\"@id\":\"https:\/\/www.jinyupaint.com\/#website\",\"url\":\"https:\/\/www.jinyupaint.com\/\",\"name\":\"JINYU\u00ae PAINT\",\"description\":\"JINYU PAINT\u00ae Manufacturer\",\"potentialAction\":[{\"@type\":\"SearchAction\",\"target\":{\"@type\":\"EntryPoint\",\"urlTemplate\":\"https:\/\/www.jinyupaint.com\/?s={search_term_string}\"},\"query-input\":{\"@type\":\"PropertyValueSpecification\",\"valueRequired\":true,\"valueName\":\"search_term_string\"}}],\"inLanguage\":\"sv-SE\"}]}<\/script>\n<!-- \/ Yoast SEO Premium plugin. -->","yoast_head_json":{"title":"JINYU\u00ae DT: N\u00f6tningsbest\u00e4ndig PU-golvbel\u00e4ggning f\u00f6r lager och industri","description":"JINYU\u00ae DT \u00e4r en polyuretan topplack med h\u00f6g h\u00e5rdhet (5H) och vit korund f\u00f6r extrem n\u00f6tnings- och rept\u00e5lighet. Idealisk f\u00f6r lagergolv, lastkajer och industriomr\u00e5den. Best\u00e4ndig mot kemikalier, UV-gulning och tung trafik. Ladda ner TDS.","robots":{"index":"index","follow":"follow","max-snippet":"max-snippet:-1","max-image-preview":"max-image-preview:large","max-video-preview":"max-video-preview:-1"},"canonical":"https:\/\/www.jinyupaint.com\/sv\/produkt\/jinyu-dt-abrasion-resistant-pu-topcoat\/","og_locale":"sv_SE","og_type":"article","og_title":"JINYU\u00ae DT Abrasion-Resistant PU Topcoat","og_description":"JINYU\u00ae DT is a high-hardness (5H) polyurethane top coat with white corundum for extreme abrasion & scratch resistance. Ideal for warehouse floors, loading bays, & industrial areas. Resists chemicals, UV yellowing, & heavy traffic. Download TDS.","og_url":"https:\/\/www.jinyupaint.com\/sv\/produkt\/jinyu-dt-abrasion-resistant-pu-topcoat\/","og_site_name":"KAIDA PAINT\u00ae","article_modified_time":"2025-09-05T02:48:17+00:00","og_image":[{"width":750,"height":750,"url":"https:\/\/www.jinyupaint.com\/wp-content\/uploads\/2025\/09\/JINYU\u00ae-DT-Abrasion-Resistant-PU-Topcoat.jpg","type":"image\/jpeg"}],"twitter_card":"summary_large_image","twitter_misc":{"Ber\u00e4knad l\u00e4stid":"5 minuter"},"schema":{"@context":"https:\/\/schema.org","@graph":[{"@type":"WebPage","@id":"https:\/\/www.jinyupaint.com\/product\/jinyu-dt-abrasion-resistant-pu-topcoat","url":"https:\/\/www.jinyupaint.com\/product\/jinyu-dt-abrasion-resistant-pu-topcoat","name":"JINYU\u00ae DT: N\u00f6tningsbest\u00e4ndig PU-golvbel\u00e4ggning f\u00f6r lager och industri","isPartOf":{"@id":"https:\/\/www.jinyupaint.com\/#website"},"primaryImageOfPage":{"@id":"https:\/\/www.jinyupaint.com\/product\/jinyu-dt-abrasion-resistant-pu-topcoat#primaryimage"},"image":{"@id":"https:\/\/www.jinyupaint.com\/product\/jinyu-dt-abrasion-resistant-pu-topcoat#primaryimage"},"thumbnailUrl":"https:\/\/www.jinyupaint.com\/wp-content\/uploads\/2025\/09\/JINYU\u00ae-DT-Abrasion-Resistant-PU-Topcoat.jpg","datePublished":"2025-09-05T02:34:04+00:00","dateModified":"2025-09-05T02:48:17+00:00","description":"JINYU\u00ae DT \u00e4r en polyuretan topplack med h\u00f6g h\u00e5rdhet (5H) och vit korund f\u00f6r extrem n\u00f6tnings- och rept\u00e5lighet. Idealisk f\u00f6r lagergolv, lastkajer och industriomr\u00e5den. Best\u00e4ndig mot kemikalier, UV-gulning och tung trafik. Ladda ner TDS.","breadcrumb":{"@id":"https:\/\/www.jinyupaint.com\/product\/jinyu-dt-abrasion-resistant-pu-topcoat#breadcrumb"},"inLanguage":"sv-SE","potentialAction":[{"@type":"ReadAction","target":["https:\/\/www.jinyupaint.com\/product\/jinyu-dt-abrasion-resistant-pu-topcoat"]}]},{"@type":"ImageObject","inLanguage":"sv-SE","@id":"https:\/\/www.jinyupaint.com\/product\/jinyu-dt-abrasion-resistant-pu-topcoat#primaryimage","url":"https:\/\/www.jinyupaint.com\/wp-content\/uploads\/2025\/09\/JINYU\u00ae-DT-Abrasion-Resistant-PU-Topcoat.jpg","contentUrl":"https:\/\/www.jinyupaint.com\/wp-content\/uploads\/2025\/09\/JINYU\u00ae-DT-Abrasion-Resistant-PU-Topcoat.jpg","width":750,"height":750,"caption":"JINYU\u00ae DT Abrasion Resistant PU Topcoat"},{"@type":"BreadcrumbList","@id":"https:\/\/www.jinyupaint.com\/product\/jinyu-dt-abrasion-resistant-pu-topcoat#breadcrumb","itemListElement":[{"@type":"ListItem","position":1,"name":"Home","item":"https:\/\/www.jinyupaint.com\/"},{"@type":"ListItem","position":2,"name":"Shop","item":"https:\/\/www.jinyupaint.com\/shop.html"},{"@type":"ListItem","position":3,"name":"JINYU\u00ae DT Abrasion-Resistant PU Topcoat"}]},{"@type":"WebSite","@id":"https:\/\/www.jinyupaint.com\/#website","url":"https:\/\/www.jinyupaint.com\/","name":"JINYU\u00ae F\u00c4RGER","description":"JINYU PAINT\u00ae Tillverkare","potentialAction":[{"@type":"SearchAction","target":{"@type":"EntryPoint","urlTemplate":"https:\/\/www.jinyupaint.com\/?s={search_term_string}"},"query-input":{"@type":"PropertyValueSpecification","valueRequired":true,"valueName":"search_term_string"}}],"inLanguage":"sv-SE"}]}},"_links":{"self":[{"href":"https:\/\/www.jinyupaint.com\/sv\/wp-json\/wp\/v2\/product\/5783","targetHints":{"allow":["GET"]}}],"collection":[{"href":"https:\/\/www.jinyupaint.com\/sv\/wp-json\/wp\/v2\/product"}],"about":[{"href":"https:\/\/www.jinyupaint.com\/sv\/wp-json\/wp\/v2\/types\/product"}],"wp:featuredmedia":[{"embeddable":true,"href":"https:\/\/www.jinyupaint.com\/sv\/wp-json\/wp\/v2\/media\/5785"}],"wp:attachment":[{"href":"https:\/\/www.jinyupaint.com\/sv\/wp-json\/wp\/v2\/media?parent=5783"}],"wp:term":[{"taxonomy":"product_brand","embeddable":true,"href":"https:\/\/www.jinyupaint.com\/sv\/wp-json\/wp\/v2\/product_brand?post=5783"},{"taxonomy":"product_cat","embeddable":true,"href":"https:\/\/www.jinyupaint.com\/sv\/wp-json\/wp\/v2\/product_cat?post=5783"},{"taxonomy":"product_tag","embeddable":true,"href":"https:\/\/www.jinyupaint.com\/sv\/wp-json\/wp\/v2\/product_tag?post=5783"}],"curies":[{"name":"wp","href":"https:\/\/api.w.org\/{rel}","templated":true}]}}