{"id":5780,"date":"2025-09-04T07:48:28","date_gmt":"2025-09-04T07:48:28","guid":{"rendered":"https:\/\/www.jinyupaint.com\/?post_type=product&#038;p=5780"},"modified":"2025-12-01T03:31:11","modified_gmt":"2025-12-01T03:31:11","slug":"jinyu-paint-mf-self-leveling-pu-screed-flooring-system","status":"publish","type":"product","link":"https:\/\/www.jinyupaint.com\/sv\/produkt\/jinyu-paint-mf-self-leveling-pu-screed-flooring-system","title":{"rendered":"JINYU PAINT\u00ae MF Sj\u00e4lvnivellerande PU-golvbel\u00e4ggningssystem"},"content":{"rendered":"<h2>Produktintroduktion<\/h2>\n<p>KAIDA PAINT JINYU\u00ae MF golvsystem \u00e4r ett s\u00f6ml\u00f6st, l\u00f6sningsmedelsfritt, trekomponents polyuretan (PU, uretan) avj\u00e4mningsgolvsystem. Det skapas genom 3-dimensionell tv\u00e4rbindning av polyuretan och betong, vilket ger en robust struktur som anv\u00e4nds i livsmedels- och dryckesindustrin samt i tuffa industrimilj\u00f6er. Detta s\u00f6ml\u00f6sa, l\u00f6sningsmedelsfria industrigolvsystem har exceptionellt h\u00f6g slag- och slitstyrka samt enast\u00e5ende motst\u00e5ndskraft mot kemisk korrosion, v\u00e4rme och fukt. Det har en ren, hygienisk och s\u00f6ml\u00f6s yta, vilket g\u00f6r det idealiskt f\u00f6r livsmedels- och dryckesanl\u00e4ggningar och andra tuffa milj\u00f6er.<\/p>\n<h2><strong>Anv\u00e4ndningsomr\u00e5den f\u00f6r JINYU\u00ae MF PU Screed<\/strong><\/h2>\n<p class=\"ds-markdown-paragraph\">JINYU\u00ae MF \u00e4r det perfekta golvet f\u00f6r h\u00f6gtrafikerade omr\u00e5den och milj\u00f6er med m\u00e5ttlig termisk chock. Viktiga applikationsscenarier inkluderar:<\/p>\n<ul><span data-mce-type=\"bookmark\" style=\"display: inline-block; width: 0px; overflow: hidden; line-height: 0;\" class=\"mce_SELRES_start\"><\/span><\/p>\n<li>Anl\u00e4ggningar f\u00f6r livsmedel och drycker: R\u00e5varuhantering, torrlagring, torrpackning och v\u00e5tbearbetning (utan f\u00f6r mycket olja).<\/li>\n<li>Logistiska faciliteter: Lastkajer och avlastningsplattformar.<\/li>\n<li>Kylf\u00f6rvaring: Kylrum och frysanl\u00e4ggningar.<\/li>\n<li>Tillverkning av l\u00e4kemedel: GMP-kompatibla produktionsomr\u00e5den.<\/li>\n<li><em>Kontakta KAIDA:s l\u00f6sningsteam f\u00f6r andra specifika anv\u00e4ndningsscenarier och anpassade golvl\u00f6sningar.<\/em><\/li>\n<\/ul>\n<h2>F\u00e4rg<\/h2>\n<p>Det finns sju standardf\u00e4rger tillg\u00e4ngliga (ungef\u00e4rliga):<\/p>\n<p><strong>gul, bege, gules, bl\u00e5, gr\u00f6n, ljusgr\u00e5, m\u00f6rkgr\u00e5<\/strong><\/p>\n<p>Anpassade f\u00e4rger kan best\u00e4llas baserat p\u00e5 MOQ.<\/p>\n<h2><strong>Viktiga tekniska data och prestandaparametrar<\/strong><\/h2>\n<p class=\"ds-markdown-paragraph\"><em>F\u00f6ljande data har uppm\u00e4tts under standardf\u00f6rh\u00e5llanden i laboratoriet och kan avvika n\u00e5got fr\u00e5n faktiska data p\u00e5 plats.<\/em><\/p>\n<div class=\"ds-scroll-area _1210dd7\">\n<table>\n<thead>\n<tr>\n<th>F\u00f6rem\u00e5l<\/th>\n<th>Parameter<\/th>\n<\/tr>\n<\/thead>\n<tbody>\n<tr>\n<td>Utseende<\/td>\n<td>Efter omr\u00f6rning \u00e4r blandningen j\u00e4mn och fri fr\u00e5n klumpar.<\/td>\n<\/tr>\n<tr>\n<td>Dragh\u00e5llfasthet f\u00f6r vidh\u00e4ftning (standard)<\/td>\n<td>5,5 N\/mm\u00b2<\/td>\n<\/tr>\n<tr>\n<td>Dragad adhesionsstyrka (bl\u00f6tl\u00e4ggs i vatten)<\/td>\n<td>4,5 N\/mm\u00b2<\/td>\n<\/tr>\n<tr>\n<td>Shore H\u00e5rdhet D<\/td>\n<td>78.2<\/td>\n<\/tr>\n<tr>\n<td>Slagh\u00e5llfasthet (st\u00e5lkula 1000 g)<\/td>\n<td>Inga sprickor eller avskalningar<\/td>\n<\/tr>\n<tr>\n<td>N\u00f6tningsbest\u00e4ndighet (750g\/500r)<\/td>\n<td>0.018g<\/td>\n<\/tr>\n<tr>\n<td>Tryckh\u00e5llfasthet<\/td>\n<td>71 MPa<\/td>\n<\/tr>\n<tr>\n<td>B\u00f6jh\u00e5llfasthet (24h)<\/td>\n<td>13,3 MPa<\/td>\n<\/tr>\n<tr>\n<td>B\u00f6jh\u00e5llfasthet (7d)<\/td>\n<td>15,7 MPa<\/td>\n<\/tr>\n<tr>\n<td>Motst\u00e5ndskraft mot syra (10% H\u2082SO\u2084, 48 timmar)<\/td>\n<td>Inga bubblor, ingen avskalning, ingen missf\u00e4rgning.<\/td>\n<\/tr>\n<tr>\n<td>Motst\u00e5ndskraft mot basen (30% NaOH, 48 timmar)<\/td>\n<td>Inga bubblor, ingen avskalning, ingen missf\u00e4rgning.<\/td>\n<\/tr>\n<tr>\n<td>Motst\u00e5ndskraft mot salt (3% NaCl, 7D)<\/td>\n<td>Inga bubblor, ingen avskalning, ingen missf\u00e4rgning.<\/td>\n<\/tr>\n<tr>\n<td>Motst\u00e5ndskraft mot m\u00f6gel<\/td>\n<td>0 (ingen svamptillv\u00e4xt, b\u00e4sta kvalitet)<\/td>\n<\/tr>\n<\/tbody>\n<\/table>\n<\/div>\n<h2>Standard<\/h2>\n<p>JINYU PAINT\u00ae MF uppfyller de relevanta kraven i standarden GB\/T22374 \"Floor Coating Materials\".<\/p>\n<h2>F\u00f6rpackning<\/h2>\n<p>JINYU PAINT\u00ae MF \u00e4r ett f\u00e4rdigf\u00f6rpackat trekomponentsystem, d\u00e4r en sats v\u00e4ger 18,38 kg:<br \/>\nKomponent A: 2,68 kg\/skopa;<br \/>\nKomponent B: 2,5 kg\/skopa;<br \/>\nKomponent C: 13,2 kg\/f\u00f6rpackning.<\/p>\n<h2 class=\"ds-markdown-paragraph\"><strong>Modellspecifikation<\/strong><\/h2>\n<div class=\"ds-scroll-area _1210dd7\">\n<table>\n<thead>\n<tr>\n<th>F\u00f6rem\u00e5l<\/th>\n<th>Beskrivning<\/th>\n<\/tr>\n<\/thead>\n<tbody>\n<tr>\n<td>System<\/td>\n<td>JINYU PAINT MF<\/td>\n<\/tr>\n<tr>\n<td>Avsluta<\/td>\n<td>Matt yta<\/td>\n<\/tr>\n<tr>\n<td>Tjocklek<\/td>\n<td>4-6 mm<\/td>\n<\/tr>\n<tr>\n<td>Tillverkare<\/td>\n<td>KAIDA<\/td>\n<\/tr>\n<\/tbody>\n<\/table>\n<\/div>\n<p class=\"ds-markdown-paragraph\"><em>F\u00f6rberedande arbete och applicering i enlighet med tillverkarens anvisningar.<\/em><\/p>\n<h2><strong>Rekommenderad systemdesign f\u00f6r tjocklek 4-6 mm<\/strong><\/h2>\n<ol start=\"1\">\n<li>\n<p class=\"ds-markdown-paragraph\"><strong>F\u00f6rberedt substrat<\/strong>\u00a0(C25-betong, dragh\u00e5llfasthet &gt;1,5MPa, ordentligt r\u00e4fflad)<\/p>\n<\/li>\n<li>\n<p class=\"ds-markdown-paragraph\"><strong>Scratch Coat<\/strong>:\u00a0<strong>Applicerad med murslev<\/strong><\/p>\n<\/li>\n<li>\n<p class=\"ds-markdown-paragraph\"><strong>Ytbel\u00e4ggning<\/strong>:\u00a0<strong>PU-material f\u00f6r avj\u00e4mningsmassa<\/strong><\/p>\n<\/li>\n<\/ol>\n<h2 class=\"ds-markdown-paragraph\"><strong>Produkter som ing\u00e5r i detta system<\/strong><\/h2>\n<div class=\"ds-scroll-area _1210dd7\">\n<table>\n<thead>\n<tr>\n<th>Typ av lager<\/th>\n<th>Produktens namn<\/th>\n<th>Till\u00e4mpning \/ materialtyp<\/th>\n<\/tr>\n<\/thead>\n<tbody>\n<tr>\n<td>Baslack<\/td>\n<td>F\u00f6r konkret MF1<\/td>\n<td>Applicera med murslev<\/td>\n<\/tr>\n<tr>\n<td>Topplack<\/td>\n<td>F\u00f6r konkret MF1<\/td>\n<td>Forincrete MF1 PU Avj\u00e4mningsmaterial<\/td>\n<\/tr>\n<\/tbody>\n<\/table>\n<h2>Metodbeskrivning<\/h2>\n<h3>Optimala anv\u00e4ndningsf\u00f6rh\u00e5llanden och temperatur<\/h3>\n<p>Den idealiska appliceringstemperaturen f\u00f6r JINYU PAINT\u00ae MF \u00e4r mellan 15-25 \u2103. Det rekommenderas inte att applicera MF n\u00e4r temperaturen \u00e4r under 5 \u2103, eftersom det allvarligt kommer att p\u00e5verka dess utj\u00e4mningsf\u00f6rm\u00e5ga och resultera i ytdefekter. N\u00e4r temperaturen \u00e4r under 10 \u2103 kan det ocks\u00e5 p\u00e5verka produktens h\u00e4rdningshastighet avsev\u00e4rt. Om det \u00e4r n\u00f6dv\u00e4ndigt att applicera MF under temperaturf\u00f6rh\u00e5llanden som \u00f6verstiger 30 \u2103 kr\u00e4vs tillr\u00e4ckligt f\u00f6rberedelsearbete.<\/p>\n<h3>Guide f\u00f6r f\u00f6rberedelse av betongunderlag<\/h3>\n<p>Det idealiska grundf\u00f6rh\u00e5llandet f\u00f6r JINYU PAINT\u00ae MF kr\u00e4ver en betongbasstyrka p\u00e5 \u00f6ver 30 MPa. C25-betonggolv med h\u00f6g standard p\u00e5 ytbehandlingen kan dock fortfarande uppfylla byggkraven.<\/p>\n<p><strong>Slipning:<\/strong> JINYU PAINT\u00ae MF kr\u00e4ver slipning f\u00f6r grundbehandling med en gr\u00f6vre diamantklinga. F\u00f6r mycket h\u00e5rda ytor, t.ex. slitstarka golv, rekommenderas det fortfarande att anv\u00e4nda en bl\u00e4stermaskin f\u00f6r sandbl\u00e4string.<\/p>\n<p><strong>Rillning:<\/strong> Flera sp\u00e5r m\u00e5ste sk\u00e4ras n\u00e4ra v\u00e4ggkanten, med ett djup p\u00e5 6-9 mm och en bredd p\u00e5 5-8 mm. Det centrala omr\u00e5det m\u00e5ste sk\u00e4ras i b\u00e5de horisontell och vertikal riktning, med ett avst\u00e5nd p\u00e5 cirka 2 meter.<\/p>\n<p>F\u00f6r mycket h\u00e5rda eller t\u00e4ta ytor \u00e4r bl\u00e4string den rekommenderade f\u00f6rberedelsemetoden f\u00f6r att s\u00e4kerst\u00e4lla optimal vidh\u00e4ftning.<\/p>\n<h3>Blandningsinstruktioner f\u00f6r 3-komponentsystem<\/h3>\n<p>Skaka del A v\u00e4l innan du blandar och h\u00e4ll sedan del A och del B i hinken samtidigt. Anv\u00e4nd en mixer med l\u00e5g hastighet f\u00f6r att blanda i ca 5 sekunder. Vi rekommenderar att du anv\u00e4nder en elektrisk mixer med justerbar hastighet och h\u00f6gt vridmoment vid l\u00e5g hastighet. H\u00e4ll sedan l\u00e5ngsamt i del C av p\u00e5saggregatet och blanda med h\u00f6g hastighet i 1,5-2 minuter tills det \u00e4r helt enhetligt. L\u00f6sningsmedel eller andra utsp\u00e4dningsmedel f\u00e5r inte tills\u00e4ttas under blandningen, och det \u00e4r str\u00e4ngt f\u00f6rbjudet att tills\u00e4tta vatten.<br \/>\nObs: Komponent C \u00e4r en n\u00f6dv\u00e4ndig komponent och m\u00e5ste tills\u00e4ttas under omr\u00f6rningen.<\/p>\n<h3>Blandningsf\u00f6rh\u00e5llande<\/h3>\n<p>Blandning av alla r\u00e5varor fr\u00e5n den kompletta upps\u00e4ttningen av fabrikspaket<\/p>\n<h3>Till\u00e4mpning<\/h3>\n<p>JINYU PAINT\u00ae MF kr\u00e4ver att man h\u00e4ller materialet i sp\u00e5ret och skrapar det plant innan primern skrapas.<br \/>\n<strong>Skrapskikt:<\/strong> Anv\u00e4nd en platt murslev eller en 1 mm tandad murslev f\u00f6r att applicera bel\u00e4ggningen enligt den f\u00f6rutbest\u00e4mda m\u00e4ngden. Se till att skrapa n\u00e4ra marken under appliceringen och se till att bel\u00e4ggningen \u00e4r kontinuerlig f\u00f6r att undvika missade fl\u00e4ckar.<\/p>\n<p>F\u00f6r betongytor med l\u00e5g h\u00e5llfasthet och planhet rekommenderas det att applicera tv\u00e5 lager skrapbel\u00e4ggning f\u00f6r att uppn\u00e5 b\u00e4ttre t\u00e4tning och planhet, vilket kan f\u00f6rb\u00e4ttra ytbel\u00e4ggningens utseende.<\/p>\n<p><strong>Ytskikt:<\/strong> anv\u00e4nd en tandad kratta eller en 5 mm tandad murslev f\u00f6r eng\u00e5ngsspridning, med tillr\u00e4cklig arbetskraft f\u00f6r att undvika fogar. Om omr\u00e5det \u00e4r stort kan l\u00e4mplig isolering med dekorativt papper anv\u00e4ndas i f\u00f6rv\u00e4g vid fogen.<br \/>\nUndvik direkt solljus och h\u00f6ga temperaturer under ytbel\u00e4ggningen, eftersom det kan p\u00e5verka bel\u00e4ggningsmaterialets skumd\u00e4mpande f\u00f6rm\u00e5ga och orsaka m\u00e5nga luftbubblor.<\/p>\n<p><strong>Expansionsfog:<\/strong> De befintliga expansionsfogarna p\u00e5 betonggolvet b\u00f6r markeras f\u00f6re byggandet och sedan sk\u00e4ras igen efter att bel\u00e4ggningen \u00e4r klar och fyllas med l\u00e4mplig elastisk polyuretanfogmassa.<\/p>\n<h3>Reng\u00f6ring<\/h3>\n<p>Reng\u00f6r verktygen omedelbart efter applicering med l\u00f6sningsmedel. Sug upp eventuellt utspillt material med torr sand eller annat absorberande material och torka rent med en trasa.<\/p>\n<h2 class=\"ds-markdown-paragraph\"><strong>Teoretisk f\u00f6rbrukning (4 mm)<\/strong><\/h2>\n<div class=\"ds-scroll-area _1210dd7\">\n<table>\n<thead>\n<tr>\n<th>Lager<\/th>\n<th>Appliceringshastighet<\/th>\n<th>Applikationsverktyg<\/th>\n<\/tr>\n<\/thead>\n<tbody>\n<tr>\n<td>Skrapskikt<\/td>\n<td>1,8-2,0 kg\/m\u00b2.<\/td>\n<td>1 mm tandad murslev<\/td>\n<\/tr>\n<tr>\n<td>Ytskikt<\/td>\n<td>6,0-6,5 kg\/m\u00b2.<\/td>\n<td>5 mm tandad murslev<\/td>\n<\/tr>\n<\/tbody>\n<\/table>\n<p>Varje orimlig tillsats eller minskning i materialanv\u00e4ndningen kan p\u00e5verka gr\u00e4nssnittskvaliteten, t\u00e4tningsprestandan, bindningsprestandan, bel\u00e4ggningstjockleken etc. D\u00e4rf\u00f6r b\u00f6r produktf\u00f6rbrukningen f\u00f6lja den rekommenderade anv\u00e4ndningen och justeras enligt den faktiska situationen p\u00e5 plats f\u00f6r att uppn\u00e5 idealisk prestanda.<\/p>\n<h2 class=\"ds-markdown-paragraph\"><strong>Appliceringstid och h\u00e4rdningstid<\/strong><\/h2>\n<div class=\"ds-scroll-area _1210dd7\">\n<table>\n<thead>\n<tr>\n<th>Parameter<\/th>\n<th>Skick<\/th>\n<th>20\u00b0C<\/th>\n<th>30\u00b0C<\/th>\n<\/tr>\n<\/thead>\n<tbody>\n<tr>\n<td><strong>Livet p\u00e5 krukan<\/strong><\/td>\n<td><\/td>\n<td>25 minuter<\/td>\n<td>15 minuter<\/td>\n<\/tr>\n<tr>\n<td><strong>Minimal Intervall f\u00f6r n\u00e4sta bel\u00e4ggning<\/strong><\/td>\n<td><\/td>\n<td>&gt;8 timmar<\/td>\n<td>6 timmar<\/td>\n<\/tr>\n<tr>\n<td><strong>H\u00e4rdningstid<\/strong><\/td>\n<td><strong>Torr yta<\/strong><\/td>\n<td><strong>L\u00e4tt trafik<\/strong><\/td>\n<td><strong>Fullst\u00e4ndig botning<\/strong><\/td>\n<\/tr>\n<tr>\n<td>+20\u00b0C\/2mm<\/td>\n<td>~14-16h<\/td>\n<td>~24-36h<\/td>\n<td>~7d<\/td>\n<\/tr>\n<\/tbody>\n<\/table>\n<\/div>\n<\/div>\n<\/div>","protected":false},"excerpt":{"rendered":"<p>KAIDA JINYU\u00ae MF \u00e4r ett avancerat trekomponents, l\u00f6sningsmedelsfritt polyuretangolvsystem som bildar en s\u00f6ml\u00f6s, slitstark yta genom tredimensionell tv\u00e4rbindningsteknik. Det \u00e4r s\u00e4rskilt utvecklat f\u00f6r medeltunga till tunga industriella applikationer och ger exceptionella prestanda n\u00e4r det g\u00e4ller n\u00f6tningsbest\u00e4ndighet, slagh\u00e5llfasthet och kemiskt korrosionsskydd samtidigt som det har utm\u00e4rkt motst\u00e5ndskraft mot termisk chock och fukt. Denna hygieniska och l\u00e4ttst\u00e4dade golvl\u00f6sning \u00e4r s\u00e4rskilt l\u00e4mpad f\u00f6r kr\u00e4vande milj\u00f6er som livsmedelsindustrier, l\u00e4kemedelsanl\u00e4ggningar, kemikalieomr\u00e5den och kylrum d\u00e4r s\u00e4kerhet, h\u00e5llbarhet och renlighet \u00e4r viktiga krav. Systemet uppfyller internationella golvstandarder och erbjuder b\u00e5de funktionell prestanda och estetisk tilltalande med en rad olika tillg\u00e4ngliga f\u00e4rgalternativ.<\/p>","protected":false},"featured_media":5781,"template":"","meta":{"om_disable_all_campaigns":false,"_monsterinsights_skip_tracking":false,"_monsterinsights_sitenote_active":false,"_monsterinsights_sitenote_note":"","_monsterinsights_sitenote_category":0,"_uf_show_specific_survey":0,"_uf_disable_surveys":false},"product_brand":[],"product_cat":[109],"product_tag":[645,640,647,648,643,653,642,641,650,644,651,639,652,646,649],"class_list":{"0":"post-5780","1":"product","2":"type-product","3":"status-publish","4":"has-post-thumbnail","6":"product_cat-polyurethane-floor-coating","7":"product_tag-abrasion-resistant-flooring","8":"product_tag-chemical-resistant-flooring","9":"product_tag-cold-room-floor","10":"product_tag-concrete-floor-protection","11":"product_tag-food-grade-flooring","12":"product_tag-heavy-duty-floor-coating","13":"product_tag-heavy-duty-floor-system","14":"product_tag-industrial-floor-coating","15":"product_tag-industrial-flooring-system","16":"product_tag-pharmaceutical-factory-floor","17":"product_tag-polyurethane-screed-floor","18":"product_tag-pu-screed-flooring","19":"product_tag-seamless-floor-system","20":"product_tag-solvent-free-flooring","21":"product_tag-three-component-flooring","23":"first","24":"instock","25":"shipping-taxable","26":"product-type-simple"},"yoast_head":"<!-- This site is optimized with the Yoast SEO Premium plugin v26.2 (Yoast SEO v26.5) - https:\/\/yoast.com\/wordpress\/plugins\/seo\/ -->\n<title>KAIDA JINYU\u00ae MF PU Screed Floor | Solvent-Free, Chemical Resistant Industrial Flooring System<\/title>\n<meta name=\"description\" content=\"KAIDA JINYU\u00ae MF is a seamless, solvent-free 3-component polyurethane screed flooring system. Designed for high-traffic and harsh environments like food &amp; beverage plants, pharmaceutical facilities, and cold storage. Offers exceptional abrasion, impact, and chemical resistance (acids, bases, salts). Download technical data sheet and learn about application guidelines.\" \/>\n<meta name=\"robots\" content=\"index, follow, max-snippet:-1, max-image-preview:large, max-video-preview:-1\" \/>\n<link rel=\"canonical\" href=\"https:\/\/www.jinyupaint.com\/sv\/produkt\/jinyu-paint-mf-self-leveling-pu-screed-flooring-system\/\" \/>\n<meta property=\"og:locale\" content=\"sv_SE\" \/>\n<meta property=\"og:type\" content=\"article\" \/>\n<meta property=\"og:title\" content=\"JINYU PAINT\u00ae MF Self-leveling PU Screed Flooring System\" \/>\n<meta property=\"og:description\" content=\"KAIDA JINYU\u00ae MF is a seamless, solvent-free 3-component polyurethane screed flooring system. Designed for high-traffic and harsh environments like food &amp; beverage plants, pharmaceutical facilities, and cold storage. Offers exceptional abrasion, impact, and chemical resistance (acids, bases, salts). Download technical data sheet and learn about application guidelines.\" \/>\n<meta property=\"og:url\" content=\"https:\/\/www.jinyupaint.com\/sv\/produkt\/jinyu-paint-mf-self-leveling-pu-screed-flooring-system\/\" \/>\n<meta property=\"og:site_name\" content=\"KAIDA PAINT\u00ae\" \/>\n<meta property=\"article:modified_time\" content=\"2025-12-01T03:31:11+00:00\" \/>\n<meta property=\"og:image\" content=\"https:\/\/www.jinyupaint.com\/wp-content\/uploads\/2025\/09\/JINYU-PAINT\u00aeMF-Self-leveling-PU-Screed-Flooring-System.jpg\" \/>\n\t<meta property=\"og:image:width\" content=\"750\" \/>\n\t<meta property=\"og:image:height\" content=\"750\" \/>\n\t<meta property=\"og:image:type\" content=\"image\/jpeg\" \/>\n<meta name=\"twitter:card\" content=\"summary_large_image\" \/>\n<meta name=\"twitter:label1\" content=\"Ber\u00e4knad l\u00e4stid\" \/>\n\t<meta name=\"twitter:data1\" content=\"5 minuter\" \/>\n<script type=\"application\/ld+json\" class=\"yoast-schema-graph\">{\"@context\":\"https:\/\/schema.org\",\"@graph\":[{\"@type\":\"WebPage\",\"@id\":\"https:\/\/www.jinyupaint.com\/product\/jinyu-paint-mf-self-leveling-pu-screed-flooring-system\",\"url\":\"https:\/\/www.jinyupaint.com\/product\/jinyu-paint-mf-self-leveling-pu-screed-flooring-system\",\"name\":\"KAIDA JINYU\u00ae MF PU Screed Floor | Solvent-Free, Chemical Resistant Industrial Flooring System\",\"isPartOf\":{\"@id\":\"https:\/\/www.jinyupaint.com\/#website\"},\"primaryImageOfPage\":{\"@id\":\"https:\/\/www.jinyupaint.com\/product\/jinyu-paint-mf-self-leveling-pu-screed-flooring-system#primaryimage\"},\"image\":{\"@id\":\"https:\/\/www.jinyupaint.com\/product\/jinyu-paint-mf-self-leveling-pu-screed-flooring-system#primaryimage\"},\"thumbnailUrl\":\"https:\/\/www.jinyupaint.com\/wp-content\/uploads\/2025\/09\/JINYU-PAINT\u00aeMF-Self-leveling-PU-Screed-Flooring-System.jpg\",\"datePublished\":\"2025-09-04T07:48:28+00:00\",\"dateModified\":\"2025-12-01T03:31:11+00:00\",\"description\":\"KAIDA JINYU\u00ae MF is a seamless, solvent-free 3-component polyurethane screed flooring system. Designed for high-traffic and harsh environments like food & beverage plants, pharmaceutical facilities, and cold storage. Offers exceptional abrasion, impact, and chemical resistance (acids, bases, salts). Download technical data sheet and learn about application guidelines.\",\"breadcrumb\":{\"@id\":\"https:\/\/www.jinyupaint.com\/product\/jinyu-paint-mf-self-leveling-pu-screed-flooring-system#breadcrumb\"},\"inLanguage\":\"sv-SE\",\"potentialAction\":[{\"@type\":\"ReadAction\",\"target\":[\"https:\/\/www.jinyupaint.com\/product\/jinyu-paint-mf-self-leveling-pu-screed-flooring-system\"]}]},{\"@type\":\"ImageObject\",\"inLanguage\":\"sv-SE\",\"@id\":\"https:\/\/www.jinyupaint.com\/product\/jinyu-paint-mf-self-leveling-pu-screed-flooring-system#primaryimage\",\"url\":\"https:\/\/www.jinyupaint.com\/wp-content\/uploads\/2025\/09\/JINYU-PAINT\u00aeMF-Self-leveling-PU-Screed-Flooring-System.jpg\",\"contentUrl\":\"https:\/\/www.jinyupaint.com\/wp-content\/uploads\/2025\/09\/JINYU-PAINT\u00aeMF-Self-leveling-PU-Screed-Flooring-System.jpg\",\"width\":750,\"height\":750,\"caption\":\"JINYU PAINT\u00aeMF Self-leveling PU Screed Flooring System\"},{\"@type\":\"BreadcrumbList\",\"@id\":\"https:\/\/www.jinyupaint.com\/product\/jinyu-paint-mf-self-leveling-pu-screed-flooring-system#breadcrumb\",\"itemListElement\":[{\"@type\":\"ListItem\",\"position\":1,\"name\":\"Home\",\"item\":\"https:\/\/www.jinyupaint.com\/\"},{\"@type\":\"ListItem\",\"position\":2,\"name\":\"Shop\",\"item\":\"https:\/\/www.jinyupaint.com\/shop.html\"},{\"@type\":\"ListItem\",\"position\":3,\"name\":\"JINYU PAINT\u00ae MF Self-leveling PU Screed Flooring System\"}]},{\"@type\":\"WebSite\",\"@id\":\"https:\/\/www.jinyupaint.com\/#website\",\"url\":\"https:\/\/www.jinyupaint.com\/\",\"name\":\"JINYU\u00ae PAINT\",\"description\":\"JINYU PAINT\u00ae Manufacturer\",\"potentialAction\":[{\"@type\":\"SearchAction\",\"target\":{\"@type\":\"EntryPoint\",\"urlTemplate\":\"https:\/\/www.jinyupaint.com\/?s={search_term_string}\"},\"query-input\":{\"@type\":\"PropertyValueSpecification\",\"valueRequired\":true,\"valueName\":\"search_term_string\"}}],\"inLanguage\":\"sv-SE\"}]}<\/script>\n<!-- \/ Yoast SEO Premium plugin. -->","yoast_head_json":{"title":"KAIDA JINYU\u00ae MF PU Screed Floor | L\u00f6sningsmedelsfritt, kemikaliebest\u00e4ndigt industriellt golvbel\u00e4ggningssystem","description":"KAIDA JINYU\u00ae MF \u00e4r ett s\u00f6ml\u00f6st, l\u00f6sningsmedelsfritt 3-komponents polyuretangolvsystem f\u00f6r avj\u00e4mningsmassa. Utformat f\u00f6r h\u00f6gtrafikerade och tuffa milj\u00f6er som livsmedels- och dryckesanl\u00e4ggningar, farmaceutiska anl\u00e4ggningar och kyl- och fryslager. Erbjuder exceptionell n\u00f6tnings-, slag- och kemikaliebest\u00e4ndighet (syror, baser, salter). Ladda ner tekniskt datablad och l\u00e4s mer om riktlinjer f\u00f6r applicering.","robots":{"index":"index","follow":"follow","max-snippet":"max-snippet:-1","max-image-preview":"max-image-preview:large","max-video-preview":"max-video-preview:-1"},"canonical":"https:\/\/www.jinyupaint.com\/sv\/produkt\/jinyu-paint-mf-self-leveling-pu-screed-flooring-system\/","og_locale":"sv_SE","og_type":"article","og_title":"JINYU PAINT\u00ae MF Self-leveling PU Screed Flooring System","og_description":"KAIDA JINYU\u00ae MF is a seamless, solvent-free 3-component polyurethane screed flooring system. Designed for high-traffic and harsh environments like food & beverage plants, pharmaceutical facilities, and cold storage. Offers exceptional abrasion, impact, and chemical resistance (acids, bases, salts). Download technical data sheet and learn about application guidelines.","og_url":"https:\/\/www.jinyupaint.com\/sv\/produkt\/jinyu-paint-mf-self-leveling-pu-screed-flooring-system\/","og_site_name":"KAIDA PAINT\u00ae","article_modified_time":"2025-12-01T03:31:11+00:00","og_image":[{"width":750,"height":750,"url":"https:\/\/www.jinyupaint.com\/wp-content\/uploads\/2025\/09\/JINYU-PAINT\u00aeMF-Self-leveling-PU-Screed-Flooring-System.jpg","type":"image\/jpeg"}],"twitter_card":"summary_large_image","twitter_misc":{"Ber\u00e4knad l\u00e4stid":"5 minuter"},"schema":{"@context":"https:\/\/schema.org","@graph":[{"@type":"WebPage","@id":"https:\/\/www.jinyupaint.com\/product\/jinyu-paint-mf-self-leveling-pu-screed-flooring-system","url":"https:\/\/www.jinyupaint.com\/product\/jinyu-paint-mf-self-leveling-pu-screed-flooring-system","name":"KAIDA JINYU\u00ae MF PU Screed Floor | L\u00f6sningsmedelsfritt, kemikaliebest\u00e4ndigt industriellt golvbel\u00e4ggningssystem","isPartOf":{"@id":"https:\/\/www.jinyupaint.com\/#website"},"primaryImageOfPage":{"@id":"https:\/\/www.jinyupaint.com\/product\/jinyu-paint-mf-self-leveling-pu-screed-flooring-system#primaryimage"},"image":{"@id":"https:\/\/www.jinyupaint.com\/product\/jinyu-paint-mf-self-leveling-pu-screed-flooring-system#primaryimage"},"thumbnailUrl":"https:\/\/www.jinyupaint.com\/wp-content\/uploads\/2025\/09\/JINYU-PAINT\u00aeMF-Self-leveling-PU-Screed-Flooring-System.jpg","datePublished":"2025-09-04T07:48:28+00:00","dateModified":"2025-12-01T03:31:11+00:00","description":"KAIDA JINYU\u00ae MF \u00e4r ett s\u00f6ml\u00f6st, l\u00f6sningsmedelsfritt 3-komponents polyuretangolvsystem f\u00f6r avj\u00e4mningsmassa. Utformat f\u00f6r h\u00f6gtrafikerade och tuffa milj\u00f6er som livsmedels- och dryckesanl\u00e4ggningar, farmaceutiska anl\u00e4ggningar och kyl- och fryslager. Erbjuder exceptionell n\u00f6tnings-, slag- och kemikaliebest\u00e4ndighet (syror, baser, salter). Ladda ner tekniskt datablad och l\u00e4s mer om riktlinjer f\u00f6r applicering.","breadcrumb":{"@id":"https:\/\/www.jinyupaint.com\/product\/jinyu-paint-mf-self-leveling-pu-screed-flooring-system#breadcrumb"},"inLanguage":"sv-SE","potentialAction":[{"@type":"ReadAction","target":["https:\/\/www.jinyupaint.com\/product\/jinyu-paint-mf-self-leveling-pu-screed-flooring-system"]}]},{"@type":"ImageObject","inLanguage":"sv-SE","@id":"https:\/\/www.jinyupaint.com\/product\/jinyu-paint-mf-self-leveling-pu-screed-flooring-system#primaryimage","url":"https:\/\/www.jinyupaint.com\/wp-content\/uploads\/2025\/09\/JINYU-PAINT\u00aeMF-Self-leveling-PU-Screed-Flooring-System.jpg","contentUrl":"https:\/\/www.jinyupaint.com\/wp-content\/uploads\/2025\/09\/JINYU-PAINT\u00aeMF-Self-leveling-PU-Screed-Flooring-System.jpg","width":750,"height":750,"caption":"JINYU PAINT\u00aeMF Self-leveling PU Screed Flooring System"},{"@type":"BreadcrumbList","@id":"https:\/\/www.jinyupaint.com\/product\/jinyu-paint-mf-self-leveling-pu-screed-flooring-system#breadcrumb","itemListElement":[{"@type":"ListItem","position":1,"name":"Home","item":"https:\/\/www.jinyupaint.com\/"},{"@type":"ListItem","position":2,"name":"Shop","item":"https:\/\/www.jinyupaint.com\/shop.html"},{"@type":"ListItem","position":3,"name":"JINYU PAINT\u00ae MF Self-leveling PU Screed Flooring System"}]},{"@type":"WebSite","@id":"https:\/\/www.jinyupaint.com\/#website","url":"https:\/\/www.jinyupaint.com\/","name":"JINYU\u00ae F\u00c4RGER","description":"JINYU PAINT\u00ae Tillverkare","potentialAction":[{"@type":"SearchAction","target":{"@type":"EntryPoint","urlTemplate":"https:\/\/www.jinyupaint.com\/?s={search_term_string}"},"query-input":{"@type":"PropertyValueSpecification","valueRequired":true,"valueName":"search_term_string"}}],"inLanguage":"sv-SE"}]}},"_links":{"self":[{"href":"https:\/\/www.jinyupaint.com\/sv\/wp-json\/wp\/v2\/product\/5780","targetHints":{"allow":["GET"]}}],"collection":[{"href":"https:\/\/www.jinyupaint.com\/sv\/wp-json\/wp\/v2\/product"}],"about":[{"href":"https:\/\/www.jinyupaint.com\/sv\/wp-json\/wp\/v2\/types\/product"}],"wp:featuredmedia":[{"embeddable":true,"href":"https:\/\/www.jinyupaint.com\/sv\/wp-json\/wp\/v2\/media\/5781"}],"wp:attachment":[{"href":"https:\/\/www.jinyupaint.com\/sv\/wp-json\/wp\/v2\/media?parent=5780"}],"wp:term":[{"taxonomy":"product_brand","embeddable":true,"href":"https:\/\/www.jinyupaint.com\/sv\/wp-json\/wp\/v2\/product_brand?post=5780"},{"taxonomy":"product_cat","embeddable":true,"href":"https:\/\/www.jinyupaint.com\/sv\/wp-json\/wp\/v2\/product_cat?post=5780"},{"taxonomy":"product_tag","embeddable":true,"href":"https:\/\/www.jinyupaint.com\/sv\/wp-json\/wp\/v2\/product_tag?post=5780"}],"curies":[{"name":"wp","href":"https:\/\/api.w.org\/{rel}","templated":true}]}}