{"id":3242,"date":"2025-02-20T06:49:28","date_gmt":"2025-02-20T06:49:28","guid":{"rendered":"https:\/\/www.jinyupaint.com\/?post_type=product&#038;p=3242"},"modified":"2025-02-20T06:50:33","modified_gmt":"2025-02-20T06:50:33","slug":"epoxy-anti-static-floor-coating-primer","status":"publish","type":"product","link":"https:\/\/www.jinyupaint.com\/sv\/produkt\/epoxy-anti-static-floor-coating-primer","title":{"rendered":"Epoxi Anti-Static Primer f\u00f6r golvbel\u00e4ggning"},"content":{"rendered":"<h2><strong class=\"\">Produktintroduktion<\/strong><\/h2>\n<div class=\"paragraph\">Epoxy anti-static floor coating primer \u00e4r en h\u00f6gpresterande, l\u00f6sningsmedelsbaserad, tv\u00e5komponents epoxiharts-bel\u00e4ggning som \u00e4r s\u00e4rskilt utformad f\u00f6r att ge effektiv statisk avledning f\u00f6r industriella och kommersiella golvtill\u00e4mpningar. Tillsammans med E552 antistatisk epoxi sj\u00e4lvutj\u00e4mnande topplack bildar primern ett komplett antistatiskt golvsystem som ger en s\u00e4ker och tillf\u00f6rlitlig yta i milj\u00f6er d\u00e4r statisk kontroll \u00e4r avg\u00f6rande. Oavsett om du beh\u00f6ver f\u00f6rhindra statisk ackumulering i mj\u00f6lkvarnar, parfymfabriker eller elektroniska tillverkningsanl\u00e4ggningar, erbjuder v\u00e5r antistatiska epoxigolvf\u00e4rg snabbtorkande, h\u00e5llbarhet och \u00f6verl\u00e4gsen elektrisk ledningsf\u00f6rm\u00e5ga, vilket g\u00f6r den till ett idealiskt val f\u00f6r dina behov av antistatisk golvbel\u00e4ggning.<\/div>\n<h2><strong class=\"\"> Produktfunktioner<\/strong><\/h2>\n<ol start=\"1\">\n<li>\n<div class=\"paragraph\"><strong class=\"\">\u00d6verl\u00e4gsen elektrisk ledningsf\u00f6rm\u00e5ga:<\/strong> V\u00e5r primer har en utm\u00e4rkt f\u00f6rm\u00e5ga att avleda statisk elektricitet, med ett typiskt motst\u00e5nd p\u00e5 1\u00d710<sup>4<\/sup> ohm. Detta s\u00e4kerst\u00e4ller att statiska laddningar effektivt leds bort fr\u00e5n ytan, vilket minskar risken f\u00f6r statiskt relaterade olyckor.<\/div>\n<\/li>\n<li>\n<div class=\"paragraph\"><strong class=\"\">Enkel applicering:<\/strong> Bel\u00e4ggningen \u00e4r utformad f\u00f6r s\u00f6ml\u00f6s applicering, vilket s\u00e4kerst\u00e4ller j\u00e4mn rullbel\u00e4ggning utan hinder. Denna egenskap g\u00f6r den till ett idealiskt val f\u00f6r storskaliga projekt med antistatisk golvf\u00e4rg.<\/div>\n<\/li>\n<li>\n<div class=\"paragraph\"><strong class=\"\">H\u00e5llbarhet och snabbtorkande:<\/strong> Med en yttorrtid p\u00e5 endast 2 timmar och en h\u00e5rtorrtid p\u00e5 12 timmar \u00e4r v\u00e5r antistatiska epoxigolvbel\u00e4ggning perfekt f\u00f6r hektiska industrimilj\u00f6er d\u00e4r stillest\u00e5ndstiden m\u00e5ste minimeras.<\/div>\n<\/li>\n<\/ol>\n<h2><strong class=\"\">Standarder<\/strong><\/h2>\n<div class=\"paragraph\">V\u00e5r primer f\u00f6r antistatisk golvbel\u00e4ggning uppfyller industristandarden HG\/T3829-2006, vilket s\u00e4kerst\u00e4ller h\u00f6g kvalitet och tillf\u00f6rlitlighet f\u00f6r alla applikationer med antistatisk epoxigolvbel\u00e4ggning. Denna standardisering garanterar att v\u00e5ra produkter uppfyller de h\u00f6gsta prestandakriterierna, vilket ger dig en s\u00e4ker och h\u00e5llbar l\u00f6sning f\u00f6r dina golvbehov.<\/div>\n<h2><strong> Tekniska parametrar<\/strong><\/h2>\n<div class=\"table-container\">\n<table>\n<thead>\n<tr>\n<th>Nej, det g\u00f6r jag inte.<\/th>\n<th>Inspektionsobjekt<\/th>\n<th>Tekniskt index<\/th>\n<th>Standardv\u00e4rde<\/th>\n<th class=\"\">Uppskattat v\u00e4rde<\/th>\n<\/tr>\n<\/thead>\n<tbody>\n<tr>\n<td class=\"\">1<\/td>\n<td class=\"\">Stat<\/td>\n<td class=\"\">Enhetlig utan klumpar efter omr\u00f6rning<\/td>\n<td class=\"\">Enhetlig utan klumpar<\/td>\n<td class=\"\">Enhetlig utan klumpar<\/td>\n<\/tr>\n<tr>\n<td class=\"\">2<\/td>\n<td class=\"\">Till\u00e4mpning<\/td>\n<td class=\"\">Rullbel\u00e4ggning utan hinder<\/td>\n<td class=\"\">Rullbel\u00e4ggning utan hinder<\/td>\n<td class=\"\">Bra till\u00e4mpning<\/td>\n<\/tr>\n<tr>\n<td class=\"\">3<\/td>\n<td class=\"\">Torr yta<\/td>\n<td class=\"\">\u22646h<\/td>\n<td class=\"\">\u22646h<\/td>\n<td class=\"\">2h<\/td>\n<\/tr>\n<tr>\n<td class=\"\">4<\/td>\n<td class=\"\">H\u00e5rt torr<\/td>\n<td class=\"\">\u226424h<\/td>\n<td class=\"\">\u226424h<\/td>\n<td class=\"\">12h<\/td>\n<\/tr>\n<\/tbody>\n<\/table>\n<\/div>\n<h2><strong class=\"\">Till\u00e4mpningsomr\u00e5de<\/strong><\/h2>\n<ol start=\"1\">\n<li>\n<div class=\"paragraph\"><strong>Statisk avledning och skydd:<\/strong> V\u00e5r antistatiska primer f\u00f6r golvbel\u00e4ggning leder effektivt bort statiska laddningar f\u00f6r att f\u00f6rhindra olyckor som orsakas av statisk ackumulering. Den skyddar ocks\u00e5 mot elektromagnetiska st\u00f6rningar och f\u00f6rhindrar damm vidh\u00e4ftning, vilket g\u00f6r den idealisk f\u00f6r olika applikationer med antistatisk golvbel\u00e4ggning.<\/div>\n<\/li>\n<li>\n<div class=\"paragraph\"><strong class=\"\">L\u00e4mplig f\u00f6r industriella milj\u00f6er:<\/strong> Den anv\u00e4nds ofta i elektronikfabriker, fabriker f\u00f6r pyrotekniska produkter, mj\u00f6lkvarnar och andra omr\u00e5den d\u00e4r statisk kontroll \u00e4r avg\u00f6rande.<\/div>\n<\/li>\n<\/ol>\n<h2><strong class=\"\">F\u00f6rsiktighets\u00e5tg\u00e4rder<\/strong><\/h2>\n<ol start=\"1\">\n<li>\n<div class=\"paragraph\"><strong class=\"\">Milj\u00f6krav:<\/strong> Betonggolvet m\u00e5ste ha en tryckh\u00e5llfasthet p\u00e5 \u226520MPa och en dragh\u00e5llfasthet p\u00e5 \u22651,5MPa. Ytan ska vara plan (\u00b14 mm\/2 m r\u00e4tskiva), torr, ren och fri fr\u00e5n olja och andra f\u00f6roreningar.<\/div>\n<\/li>\n<li>\n<div class=\"paragraph\"><strong class=\"\">Villkor f\u00f6r ans\u00f6kan:<\/strong> Basmarkens temperatur b\u00f6r vara mellan 5-35 \u2103, med en applikationsmilj\u00f6temperatur p\u00e5 5-35 \u2103. Basmarkens fuktinneh\u00e5ll b\u00f6r vara &lt;8% och den relativa fuktigheten i applikationsmilj\u00f6n b\u00f6r vara &lt;80%.<\/div>\n<\/li>\n<li>\n<div class=\"paragraph\"><strong class=\"\">F\u00f6rberedelse av ytan:<\/strong> Avl\u00e4gsna damm, sand, cementrester, olja och gamla bel\u00e4ggningar fr\u00e5n underlaget f\u00f6re applicering. Slipa f\u00f6r att skapa en grov yta som \u00f6ppnar kapill\u00e4rerna i basytan.<\/div>\n<\/li>\n<li>\n<div class=\"paragraph\"><strong>Teoretisk konsumtion:<\/strong> Cirka 0,2 kg per kvadratmeter.<\/div>\n<\/li>\n<li>\n<div class=\"paragraph\"><strong class=\"\">Anv\u00e4ndningsmetod:<\/strong> Blanda huvudmedlet och h\u00e4rdaren i massf\u00f6rh\u00e5llandet 5:1. Efter blandning och j\u00e4mn omr\u00f6rning appliceras bel\u00e4ggningen. Blandningen av A- och B-komponenter ska anv\u00e4ndas inom 60 minuter. Om materialets viskositet \u00f6kar avsev\u00e4rt b\u00f6r det inte anv\u00e4ndas och b\u00f6r kasseras.<\/div>\n<\/li>\n<li>\n<div class=\"paragraph\"><strong class=\"\">F\u00f6rvaringsf\u00f6rh\u00e5llanden:<\/strong> F\u00f6rvaras vid en temperatur av 5-35 \u2103 i ett svalt, ventilerat och torrt lager, borta fr\u00e5n ant\u00e4ndnings- och v\u00e4rmek\u00e4llor och undvik exponering f\u00f6r direkt solljus.<\/div>\n<\/li>\n<\/ol>\n<h2><strong class=\"\">H\u00e5llbarhet<\/strong><\/h2>\n<div class=\"paragraph\">12 m\u00e5nader<\/div>","protected":false},"excerpt":{"rendered":"<p>En h\u00f6gpresterande, l\u00f6sningsmedelsbaserad epoxiprimer som \u00e4r utformad f\u00f6r att ge effektiv statisk avledning f\u00f6r industrigolv. Primern fungerar s\u00f6ml\u00f6st tillsammans med v\u00e5r E552 Anti-Static Epoxy Self-Leveling Topcoat f\u00f6r att skapa ett komplett antistatiskt golvsystem. Den \u00e4r idealisk f\u00f6r milj\u00f6er d\u00e4r statisk kontroll \u00e4r avg\u00f6rande, t.ex. elektroniktillverkningsanl\u00e4ggningar, mj\u00f6lkvarnar och parfymfabriker. Med snabba torktider, \u00f6verl\u00e4gsen elektrisk ledningsf\u00f6rm\u00e5ga och h\u00e5llbarhet ger v\u00e5r antistatiska golvf\u00e4rg en s\u00e4ker och tillf\u00f6rlitlig yta samtidigt som den minimerar driftstopp. Uppfyller HG\/T3829-2006-standarderna.<\/p>","protected":false},"featured_media":3243,"template":"","meta":{"om_disable_all_campaigns":false,"_monsterinsights_skip_tracking":false,"_monsterinsights_sitenote_active":false,"_monsterinsights_sitenote_note":"","_monsterinsights_sitenote_category":0,"_uf_show_specific_survey":0,"_uf_disable_surveys":false},"product_brand":[],"product_cat":[107,43,101,128,98],"product_tag":[140,94,139,47,145,104],"class_list":{"0":"post-3242","1":"product","2":"type-product","3":"status-publish","4":"has-post-thumbnail","6":"product_cat-anti-static-epoxy-floor","7":"product_cat-epoxy-floor-coating","8":"product_cat-epoxy-primer","9":"product_cat-flooring-system","10":"product_cat-solvent-based-coating","11":"product_tag-anti-static-floor-paint","12":"product_tag-epoxy-floor-coating","13":"product_tag-epoxy-floor-system","14":"product_tag-epoxy-primer","15":"product_tag-flooring-solutions","16":"product_tag-solvent-based-coating","18":"first","19":"instock","20":"shipping-taxable","21":"product-type-simple"},"yoast_head":"<!-- This site is optimized with the Yoast SEO Premium plugin v26.2 (Yoast SEO v26.5) - https:\/\/yoast.com\/wordpress\/plugins\/seo\/ -->\n<title>Epoxy Anti-Static Floor Coating Primer - KAIDA PAINT\u00ae Floor Paint<\/title>\n<meta name=\"description\" content=\"Our high-performance Epoxy Anti-Static Floor Coating Primer, designed to prevent static accumulation in industrial environments. Ideal for electronic factories, flour mills, and more. Fast-drying, durable, and easy to apply. Complies with HG\/T3829-2006 standards. Enhance safety and reduce downtime with our superior anti-static floor paint solutions.\" \/>\n<meta name=\"robots\" content=\"index, follow, max-snippet:-1, max-image-preview:large, max-video-preview:-1\" \/>\n<link rel=\"canonical\" href=\"https:\/\/www.jinyupaint.com\/sv\/produkt\/epoxy-anti-static-floor-coating-primer\/\" \/>\n<meta property=\"og:locale\" content=\"sv_SE\" \/>\n<meta property=\"og:type\" content=\"article\" \/>\n<meta property=\"og:title\" content=\"Epoxy Anti-Static Floor Coating Primer\" \/>\n<meta property=\"og:description\" content=\"Our high-performance Epoxy Anti-Static Floor Coating Primer, designed to prevent static accumulation in industrial environments. Ideal for electronic factories, flour mills, and more. Fast-drying, durable, and easy to apply. Complies with HG\/T3829-2006 standards. Enhance safety and reduce downtime with our superior anti-static floor paint solutions.\" \/>\n<meta property=\"og:url\" content=\"https:\/\/www.jinyupaint.com\/sv\/produkt\/epoxy-anti-static-floor-coating-primer\/\" \/>\n<meta property=\"og:site_name\" content=\"KAIDA PAINT\u00ae\" \/>\n<meta property=\"article:modified_time\" content=\"2025-02-20T06:50:33+00:00\" \/>\n<meta property=\"og:image\" content=\"https:\/\/www.jinyupaint.com\/wp-content\/uploads\/2025\/02\/Epoxy-Anti-Static-Floor-Coating-Primer.jpg\" \/>\n\t<meta property=\"og:image:width\" content=\"750\" \/>\n\t<meta property=\"og:image:height\" content=\"750\" \/>\n\t<meta property=\"og:image:type\" content=\"image\/jpeg\" \/>\n<meta name=\"twitter:card\" content=\"summary_large_image\" \/>\n<meta name=\"twitter:label1\" content=\"Ber\u00e4knad l\u00e4stid\" \/>\n\t<meta name=\"twitter:data1\" content=\"3 minuter\" \/>\n<script type=\"application\/ld+json\" class=\"yoast-schema-graph\">{\"@context\":\"https:\/\/schema.org\",\"@graph\":[{\"@type\":\"WebPage\",\"@id\":\"https:\/\/www.jinyupaint.com\/product\/epoxy-anti-static-floor-coating-primer\",\"url\":\"https:\/\/www.jinyupaint.com\/product\/epoxy-anti-static-floor-coating-primer\",\"name\":\"Epoxy Anti-Static Floor Coating Primer - KAIDA PAINT\u00ae Floor Paint\",\"isPartOf\":{\"@id\":\"https:\/\/www.jinyupaint.com\/#website\"},\"primaryImageOfPage\":{\"@id\":\"https:\/\/www.jinyupaint.com\/product\/epoxy-anti-static-floor-coating-primer#primaryimage\"},\"image\":{\"@id\":\"https:\/\/www.jinyupaint.com\/product\/epoxy-anti-static-floor-coating-primer#primaryimage\"},\"thumbnailUrl\":\"https:\/\/www.jinyupaint.com\/wp-content\/uploads\/2025\/02\/Epoxy-Anti-Static-Floor-Coating-Primer.jpg\",\"datePublished\":\"2025-02-20T06:49:28+00:00\",\"dateModified\":\"2025-02-20T06:50:33+00:00\",\"description\":\"Our high-performance Epoxy Anti-Static Floor Coating Primer, designed to prevent static accumulation in industrial environments. Ideal for electronic factories, flour mills, and more. Fast-drying, durable, and easy to apply. Complies with HG\/T3829-2006 standards. Enhance safety and reduce downtime with our superior anti-static floor paint solutions.\",\"breadcrumb\":{\"@id\":\"https:\/\/www.jinyupaint.com\/product\/epoxy-anti-static-floor-coating-primer#breadcrumb\"},\"inLanguage\":\"sv-SE\",\"potentialAction\":[{\"@type\":\"ReadAction\",\"target\":[\"https:\/\/www.jinyupaint.com\/product\/epoxy-anti-static-floor-coating-primer\"]}]},{\"@type\":\"ImageObject\",\"inLanguage\":\"sv-SE\",\"@id\":\"https:\/\/www.jinyupaint.com\/product\/epoxy-anti-static-floor-coating-primer#primaryimage\",\"url\":\"https:\/\/www.jinyupaint.com\/wp-content\/uploads\/2025\/02\/Epoxy-Anti-Static-Floor-Coating-Primer.jpg\",\"contentUrl\":\"https:\/\/www.jinyupaint.com\/wp-content\/uploads\/2025\/02\/Epoxy-Anti-Static-Floor-Coating-Primer.jpg\",\"width\":750,\"height\":750,\"caption\":\"Epoxy Anti Static Floor Coating Primer\"},{\"@type\":\"BreadcrumbList\",\"@id\":\"https:\/\/www.jinyupaint.com\/product\/epoxy-anti-static-floor-coating-primer#breadcrumb\",\"itemListElement\":[{\"@type\":\"ListItem\",\"position\":1,\"name\":\"Home\",\"item\":\"https:\/\/www.jinyupaint.com\/\"},{\"@type\":\"ListItem\",\"position\":2,\"name\":\"Shop\",\"item\":\"https:\/\/www.jinyupaint.com\/shop.html\"},{\"@type\":\"ListItem\",\"position\":3,\"name\":\"Epoxy Anti-Static Floor Coating Primer\"}]},{\"@type\":\"WebSite\",\"@id\":\"https:\/\/www.jinyupaint.com\/#website\",\"url\":\"https:\/\/www.jinyupaint.com\/\",\"name\":\"JINYU\u00ae PAINT\",\"description\":\"JINYU PAINT\u00ae Manufacturer\",\"potentialAction\":[{\"@type\":\"SearchAction\",\"target\":{\"@type\":\"EntryPoint\",\"urlTemplate\":\"https:\/\/www.jinyupaint.com\/?s={search_term_string}\"},\"query-input\":{\"@type\":\"PropertyValueSpecification\",\"valueRequired\":true,\"valueName\":\"search_term_string\"}}],\"inLanguage\":\"sv-SE\"}]}<\/script>\n<!-- \/ Yoast SEO Premium plugin. -->","yoast_head_json":{"title":"Epoxy Anti-Static Floor Coating Primer - KAIDA PAINT\u00ae Floor Paint","description":"V\u00e5r h\u00f6gpresterande Epoxy Anti-Static Floor Coating Primer, utformad f\u00f6r att f\u00f6rhindra statisk ackumulering i industriella milj\u00f6er. Idealisk f\u00f6r elektronikfabriker, kvarnar med mera. Snabbtorkande, slitstark och enkel att applicera. Uppfyller HG\/T3829-2006-standarderna. F\u00f6rb\u00e4ttra s\u00e4kerheten och minska stillest\u00e5ndstiden med v\u00e5ra \u00f6verl\u00e4gsna l\u00f6sningar f\u00f6r antistatisk golvf\u00e4rg.","robots":{"index":"index","follow":"follow","max-snippet":"max-snippet:-1","max-image-preview":"max-image-preview:large","max-video-preview":"max-video-preview:-1"},"canonical":"https:\/\/www.jinyupaint.com\/sv\/produkt\/epoxy-anti-static-floor-coating-primer\/","og_locale":"sv_SE","og_type":"article","og_title":"Epoxy Anti-Static Floor Coating Primer","og_description":"Our high-performance Epoxy Anti-Static Floor Coating Primer, designed to prevent static accumulation in industrial environments. Ideal for electronic factories, flour mills, and more. Fast-drying, durable, and easy to apply. Complies with HG\/T3829-2006 standards. Enhance safety and reduce downtime with our superior anti-static floor paint solutions.","og_url":"https:\/\/www.jinyupaint.com\/sv\/produkt\/epoxy-anti-static-floor-coating-primer\/","og_site_name":"KAIDA PAINT\u00ae","article_modified_time":"2025-02-20T06:50:33+00:00","og_image":[{"width":750,"height":750,"url":"https:\/\/www.jinyupaint.com\/wp-content\/uploads\/2025\/02\/Epoxy-Anti-Static-Floor-Coating-Primer.jpg","type":"image\/jpeg"}],"twitter_card":"summary_large_image","twitter_misc":{"Ber\u00e4knad l\u00e4stid":"3 minuter"},"schema":{"@context":"https:\/\/schema.org","@graph":[{"@type":"WebPage","@id":"https:\/\/www.jinyupaint.com\/product\/epoxy-anti-static-floor-coating-primer","url":"https:\/\/www.jinyupaint.com\/product\/epoxy-anti-static-floor-coating-primer","name":"Epoxy Anti-Static Floor Coating Primer - KAIDA PAINT\u00ae Floor Paint","isPartOf":{"@id":"https:\/\/www.jinyupaint.com\/#website"},"primaryImageOfPage":{"@id":"https:\/\/www.jinyupaint.com\/product\/epoxy-anti-static-floor-coating-primer#primaryimage"},"image":{"@id":"https:\/\/www.jinyupaint.com\/product\/epoxy-anti-static-floor-coating-primer#primaryimage"},"thumbnailUrl":"https:\/\/www.jinyupaint.com\/wp-content\/uploads\/2025\/02\/Epoxy-Anti-Static-Floor-Coating-Primer.jpg","datePublished":"2025-02-20T06:49:28+00:00","dateModified":"2025-02-20T06:50:33+00:00","description":"V\u00e5r h\u00f6gpresterande Epoxy Anti-Static Floor Coating Primer, utformad f\u00f6r att f\u00f6rhindra statisk ackumulering i industriella milj\u00f6er. Idealisk f\u00f6r elektronikfabriker, kvarnar med mera. Snabbtorkande, slitstark och enkel att applicera. Uppfyller HG\/T3829-2006-standarderna. F\u00f6rb\u00e4ttra s\u00e4kerheten och minska stillest\u00e5ndstiden med v\u00e5ra \u00f6verl\u00e4gsna l\u00f6sningar f\u00f6r antistatisk golvf\u00e4rg.","breadcrumb":{"@id":"https:\/\/www.jinyupaint.com\/product\/epoxy-anti-static-floor-coating-primer#breadcrumb"},"inLanguage":"sv-SE","potentialAction":[{"@type":"ReadAction","target":["https:\/\/www.jinyupaint.com\/product\/epoxy-anti-static-floor-coating-primer"]}]},{"@type":"ImageObject","inLanguage":"sv-SE","@id":"https:\/\/www.jinyupaint.com\/product\/epoxy-anti-static-floor-coating-primer#primaryimage","url":"https:\/\/www.jinyupaint.com\/wp-content\/uploads\/2025\/02\/Epoxy-Anti-Static-Floor-Coating-Primer.jpg","contentUrl":"https:\/\/www.jinyupaint.com\/wp-content\/uploads\/2025\/02\/Epoxy-Anti-Static-Floor-Coating-Primer.jpg","width":750,"height":750,"caption":"Epoxy Anti Static Floor Coating Primer"},{"@type":"BreadcrumbList","@id":"https:\/\/www.jinyupaint.com\/product\/epoxy-anti-static-floor-coating-primer#breadcrumb","itemListElement":[{"@type":"ListItem","position":1,"name":"Home","item":"https:\/\/www.jinyupaint.com\/"},{"@type":"ListItem","position":2,"name":"Shop","item":"https:\/\/www.jinyupaint.com\/shop.html"},{"@type":"ListItem","position":3,"name":"Epoxy Anti-Static Floor Coating Primer"}]},{"@type":"WebSite","@id":"https:\/\/www.jinyupaint.com\/#website","url":"https:\/\/www.jinyupaint.com\/","name":"JINYU\u00ae F\u00c4RGER","description":"JINYU PAINT\u00ae Tillverkare","potentialAction":[{"@type":"SearchAction","target":{"@type":"EntryPoint","urlTemplate":"https:\/\/www.jinyupaint.com\/?s={search_term_string}"},"query-input":{"@type":"PropertyValueSpecification","valueRequired":true,"valueName":"search_term_string"}}],"inLanguage":"sv-SE"}]}},"_links":{"self":[{"href":"https:\/\/www.jinyupaint.com\/sv\/wp-json\/wp\/v2\/product\/3242","targetHints":{"allow":["GET"]}}],"collection":[{"href":"https:\/\/www.jinyupaint.com\/sv\/wp-json\/wp\/v2\/product"}],"about":[{"href":"https:\/\/www.jinyupaint.com\/sv\/wp-json\/wp\/v2\/types\/product"}],"wp:featuredmedia":[{"embeddable":true,"href":"https:\/\/www.jinyupaint.com\/sv\/wp-json\/wp\/v2\/media\/3243"}],"wp:attachment":[{"href":"https:\/\/www.jinyupaint.com\/sv\/wp-json\/wp\/v2\/media?parent=3242"}],"wp:term":[{"taxonomy":"product_brand","embeddable":true,"href":"https:\/\/www.jinyupaint.com\/sv\/wp-json\/wp\/v2\/product_brand?post=3242"},{"taxonomy":"product_cat","embeddable":true,"href":"https:\/\/www.jinyupaint.com\/sv\/wp-json\/wp\/v2\/product_cat?post=3242"},{"taxonomy":"product_tag","embeddable":true,"href":"https:\/\/www.jinyupaint.com\/sv\/wp-json\/wp\/v2\/product_tag?post=3242"}],"curies":[{"name":"wp","href":"https:\/\/api.w.org\/{rel}","templated":true}]}}