{"id":3238,"date":"2025-02-19T09:06:03","date_gmt":"2025-02-19T09:06:03","guid":{"rendered":"https:\/\/www.jinyupaint.com\/?post_type=product&#038;p=3238"},"modified":"2025-02-19T09:06:04","modified_gmt":"2025-02-19T09:06:04","slug":"e820-epoxy-self-leveling-intermediate-floor-coat","status":"publish","type":"product","link":"https:\/\/www.jinyupaint.com\/sv\/produkt\/e820-epoxy-self-leveling-intermediate-floor-coat","title":{"rendered":"E820 Epoxi sj\u00e4lvutj\u00e4mnande mellanliggande golvbel\u00e4ggning"},"content":{"rendered":"<h2 data-start=\"204\" data-end=\"740\"><strong data-start=\"204\" data-end=\"221\">Inledning:<\/strong><\/h2>\n<p data-start=\"204\" data-end=\"740\">E820 Epoxy Self-Leveling Intermediate Paint \u00e4r en h\u00f6gkvalitativ, tv\u00e5komponents epoximellanstrykningsf\u00e4rg avsedd f\u00f6r kr\u00e4vande golvbel\u00e4ggningsapplikationer. Produkten \u00e4r tillverkad av flytande epoxiharts med l\u00e5g viskositet, importerade tillsatser, slitstarka fyllmedel och h\u00e4rdare och ger utm\u00e4rkt prestanda med l\u00e5ga VOC-utsl\u00e4pp. Den \u00e4r l\u00e4tt att applicera och ger en sl\u00e4t och estetiskt tilltalande yta, vilket g\u00f6r den idealisk f\u00f6r epoximellanskikt f\u00f6r golvbel\u00e4ggning i industriella och kommersiella utrymmen.<\/p>\n<h2 data-start=\"742\" data-end=\"765\"><strong data-start=\"742\" data-end=\"763\">Produktfunktioner:<\/strong><\/h2>\n<ol data-start=\"766\" data-end=\"1411\">\n<li data-start=\"766\" data-end=\"957\"><strong data-start=\"769\" data-end=\"787\">L\u00e4tt att applicera:<\/strong> Denna epoximellanstrykningsf\u00e4rg \u00e4r enkel att blanda och applicera. Efter blandning av baskomponent och h\u00e4rdare i det angivna f\u00f6rh\u00e5llandet kan den appliceras direkt p\u00e5 ytan.<\/li>\n<li data-start=\"958\" data-end=\"1085\"><strong data-start=\"961\" data-end=\"987\">Slitstark tjock bel\u00e4ggning:<\/strong> Den tjocka bel\u00e4ggningen ger l\u00e5ngvarig prestanda och f\u00f6rb\u00e4ttrar golvets livsl\u00e4ngd.<\/li>\n<li data-start=\"1086\" data-end=\"1243\"><strong data-start=\"1089\" data-end=\"1130\">H\u00f6g slag- och tryckh\u00e5llfasthet:<\/strong> Idealisk f\u00f6r omr\u00e5den d\u00e4r det kr\u00e4vs ett starkt, elastiskt golv med utm\u00e4rkt motst\u00e5ndskraft mot st\u00f6tar och tryck.<\/li>\n<li data-start=\"1244\" data-end=\"1411\"><strong data-start=\"1247\" data-end=\"1276\">Sl\u00e4t, s\u00f6ml\u00f6s yta:<\/strong> Mellanskiktet av epoxi ger en sl\u00e4t och plan yta, vilket eliminerar skarvar och f\u00f6rb\u00e4ttrar golvets utseende.<\/li>\n<\/ol>\n<h2 data-start=\"1413\" data-end=\"1605\"><strong data-start=\"1413\" data-end=\"1437\">Produkttill\u00e4mpning:<\/strong><\/h2>\n<p data-start=\"1413\" data-end=\"1605\">E820 Epoxy Self-Leveling Intermediate Paint \u00e4r kompatibel med b\u00e5de l\u00f6sningsmedelsbaserade och l\u00f6sningsmedelsfria primers och topcoats. N\u00e5gra rekommenderade parningar inkluderar:<\/p>\n<ul data-start=\"1606\" data-end=\"1827\">\n<li data-start=\"1606\" data-end=\"1651\"><strong data-start=\"1608\" data-end=\"1630\">E159X Epoxiprimer<\/strong> (penetrerande typ)<\/li>\n<li data-start=\"1652\" data-end=\"1690\"><strong data-start=\"1654\" data-end=\"1688\">E811 L\u00f6sningsmedelsfri epoxiprimer<\/strong><\/li>\n<li data-start=\"1691\" data-end=\"1726\"><strong data-start=\"1693\" data-end=\"1724\">E860 Flytbar epoxit\u00e4ckf\u00e4rg<\/strong><\/li>\n<li data-start=\"1727\" data-end=\"1768\"><strong data-start=\"1729\" data-end=\"1766\">E8300 Epoxi sj\u00e4lvutj\u00e4mnande topplack<\/strong><\/li>\n<li data-start=\"1769\" data-end=\"1827\"><strong data-start=\"1771\" data-end=\"1821\">E8302 L\u00f6sningsmedelsfri epoxi, sj\u00e4lvutj\u00e4mnande topplack<\/strong>, etc.<\/li>\n<\/ul>\n<p data-start=\"1829\" data-end=\"1988\">Denna produkt \u00e4r avsedd f\u00f6r h\u00f6gpresterande epoximellanskikt i omr\u00e5den som industrigolv, lager, verkst\u00e4der och kommersiella utrymmen.<\/p>\n<h2 data-start=\"1990\" data-end=\"2017\"><strong data-start=\"1990\" data-end=\"2015\">Tekniska parametrar:<\/strong><\/h2>\n<table data-start=\"2018\" data-end=\"2698\">\n<thead data-start=\"2018\" data-end=\"2125\">\n<tr data-start=\"2018\" data-end=\"2125\">\n<th data-start=\"2018\" data-end=\"2035\"><strong data-start=\"2020\" data-end=\"2034\">Serienummer<\/strong><\/th>\n<th data-start=\"2035\" data-end=\"2054\"><strong data-start=\"2037\" data-end=\"2050\">Testobjekt<\/strong><\/th>\n<th data-start=\"2054\" data-end=\"2081\"><strong data-start=\"2056\" data-end=\"2075\">Tekniskt index<\/strong><\/th>\n<th data-start=\"2081\" data-end=\"2102\"><strong data-start=\"2083\" data-end=\"2101\">Standardv\u00e4rde<\/strong><\/th>\n<th data-start=\"2102\" data-end=\"2125\"><strong data-start=\"2104\" data-end=\"2122\">Uppskattat v\u00e4rde<\/strong><\/th>\n<\/tr>\n<\/thead>\n<tbody data-start=\"2234\" data-end=\"2698\">\n<tr data-start=\"2234\" data-end=\"2368\">\n<td>1<\/td>\n<td>Status<\/td>\n<td>Homogen och klumpfri efter blandning<\/td>\n<td>Homogen och klumpfri<\/td>\n<td>Homogen och klumpfri<\/td>\n<\/tr>\n<tr data-start=\"2369\" data-end=\"2482\">\n<td>2<\/td>\n<td>Till\u00e4mplighet<\/td>\n<td>Inga hinder under appliceringen<\/td>\n<td>Bra till\u00e4mpbarhet<\/td>\n<td>Bra till\u00e4mpbarhet<\/td>\n<\/tr>\n<tr data-start=\"2483\" data-end=\"2590\">\n<td>3<\/td>\n<td>Torr vid ber\u00f6ring<\/td>\n<td>\u2264 6 timmar<\/td>\n<td>4 timmar<\/td>\n<td>4 timmar<\/td>\n<\/tr>\n<tr data-start=\"2591\" data-end=\"2698\">\n<td>4<\/td>\n<td>Fullst\u00e4ndigt botad<\/td>\n<td>\u2264 48 timmar<\/td>\n<td>28 timmar<\/td>\n<td>28 timmar<\/td>\n<\/tr>\n<\/tbody>\n<\/table>\n<h2 data-start=\"2700\" data-end=\"2907\"><strong data-start=\"2700\" data-end=\"2722\">Till\u00e4mpningsomr\u00e5de:<\/strong><\/h2>\n<p data-start=\"2700\" data-end=\"2907\">Denna epoximatta \u00e4r l\u00e4mplig f\u00f6r golvbel\u00e4ggningar av h\u00f6g standard i kommersiella och industriella utrymmen, t.ex. fabriksgolv, parkeringsplatser och lagerlokaler.<\/p>\n<h2 data-start=\"2909\" data-end=\"2964\"><strong data-start=\"2909\" data-end=\"2962\">Instruktioner f\u00f6r ans\u00f6kan:<\/strong><\/h2>\n<ol data-start=\"2965\" data-end=\"3910\">\n<li data-start=\"2965\" data-end=\"3234\"><strong data-start=\"2968\" data-end=\"2999\">Milj\u00f6krav:<\/strong> Betonggolvets tryckh\u00e5llfasthet \u2265 20MPa, dragh\u00e5llfasthet \u2265 1,5MPa, planhet \u00b1 4mm\/2m linjal. Se till att underlaget \u00e4r torrt, rent och fritt fr\u00e5n olja och f\u00f6roreningar. Idealisk luftfuktighet f\u00f6r konstruktion \u00e4r 35%-80% (relativ luftfuktighet).<\/li>\n<li data-start=\"3235\" data-end=\"3386\"><strong data-start=\"3238\" data-end=\"3266\">Byggnadsf\u00f6rh\u00e5llanden:<\/strong> Temperatur p\u00e5 underlaget: 5-35\u00b0C, omgivningstemperatur: 5-35\u00b0C, substratets fuktinneh\u00e5ll: &lt;8%, relativ luftfuktighet: &lt;80%.<\/li>\n<li data-start=\"3387\" data-end=\"3567\"><strong data-start=\"3390\" data-end=\"3412\">Ytbehandling:<\/strong> F\u00f6re applicering ska ytan reng\u00f6ras fr\u00e5n damm, sand, fett och gamla bel\u00e4ggningar. Fyll sprickor och h\u00e5l med spackel och f\u00f6rsegla underlaget med primer.<\/li>\n<li data-start=\"3568\" data-end=\"3627\"><strong data-start=\"3571\" data-end=\"3596\">Teoretisk t\u00e4ckning:<\/strong> Cirka 0,8-1,0 kg\/m\u00b2.<\/li>\n<li data-start=\"3628\" data-end=\"3910\"><strong data-start=\"3631\" data-end=\"3654\">Ans\u00f6kningsmetod:<\/strong> Blanda baskomponenten och h\u00e4rdaren i viktf\u00f6rh\u00e5llandet 5:1. Applicera med en tandspackel och anv\u00e4nd en skumroller f\u00f6r att eliminera bubblor. N\u00e4r produkten \u00e4r blandad ska den anv\u00e4ndas inom 30 minuter. Om viskositeten \u00f6kar avsev\u00e4rt ska blandningen kasseras.<\/li>\n<\/ol>\n<h2 data-start=\"3912\" data-end=\"3969\"><strong data-start=\"3912\" data-end=\"3927\">H\u00e5llbarhetstid:<\/strong><\/h2>\n<p data-start=\"3912\" data-end=\"3969\">12 m\u00e5nader fr\u00e5n tillverkningsdatum.<\/p>","protected":false},"excerpt":{"rendered":"<p>E820 Epoxy Self-Leveling Intermediate Floor Coat \u00e4r ett h\u00f6gkvalitativt, tv\u00e5komponents epoximellanskikt som \u00e4r utformat f\u00f6r att ge l\u00e5ngvariga, h\u00f6gpresterande golvl\u00f6sningar. Den \u00e4r tillverkad av flytande epoxiharts med l\u00e5g viskositet, importerade tillsatser, slitstarka fyllmedel och h\u00e4rdare. Produkten ger utm\u00e4rkt vidh\u00e4ftning, sl\u00e4t och s\u00f6ml\u00f6s yta samt h\u00f6g motst\u00e5ndskraft mot slag och tryck. Den \u00e4r idealisk f\u00f6r epoxim\u00e5lningar av h\u00f6g standard och passar perfekt f\u00f6r omr\u00e5den som industrigolv, lager, verkst\u00e4der och kommersiella utrymmen. Produkten \u00e4r l\u00e4tt att applicera, har en l\u00e5g VOC-halt och ger \u00f6verl\u00e4gsen h\u00e5llbarhet och estetik i kr\u00e4vande milj\u00f6er.<\/p>","protected":false},"featured_media":3239,"template":"","meta":{"om_disable_all_campaigns":false,"_monsterinsights_skip_tracking":false,"_monsterinsights_sitenote_active":false,"_monsterinsights_sitenote_note":"","_monsterinsights_sitenote_category":0,"_uf_show_specific_survey":0,"_uf_disable_surveys":false},"product_brand":[],"product_cat":[43,97,108,98],"product_tag":[94,139,138,131,104],"class_list":{"0":"post-3238","1":"product","2":"type-product","3":"status-publish","4":"has-post-thumbnail","6":"product_cat-epoxy-floor-coating","7":"product_cat-epoxy-middle-coating","8":"product_cat-self-leveling-epoxy-floor-coating","9":"product_cat-solvent-based-coating","10":"product_tag-epoxy-floor-coating","11":"product_tag-epoxy-floor-system","12":"product_tag-epoxy-intermediate-coat","13":"product_tag-self-leveling-floor-coating","14":"product_tag-solvent-based-coating","16":"first","17":"instock","18":"shipping-taxable","19":"product-type-simple"},"yoast_head":"<!-- This site is optimized with the Yoast SEO Premium plugin v26.2 (Yoast SEO v26.5) - https:\/\/yoast.com\/wordpress\/plugins\/seo\/ -->\n<title>E820 Epoxy Self-Leveling Intermediate Floor Coat - Mid Coating - KAIDA PAINT\u00ae<\/title>\n<meta name=\"description\" content=\"The E820 Epoxy Self-Leveling Intermediate Paint is a high-performance two-component epoxy intermediate coat, designed for commercial and industrial flooring. This product provides a smooth, durable surface with high impact and compressive strength. Ideal for use in warehouses, workshops, and manufacturing facilities, it is easy to apply, with excellent results and a long-lasting finish. The epoxy mid coat offers excellent adhesion and can be paired with both solvent-based and solvent-free primers and topcoats.\" \/>\n<meta name=\"robots\" content=\"index, follow, max-snippet:-1, max-image-preview:large, max-video-preview:-1\" \/>\n<link rel=\"canonical\" href=\"https:\/\/www.jinyupaint.com\/sv\/produkt\/e820-epoxy-self-leveling-intermediate-floor-coat\/\" \/>\n<meta property=\"og:locale\" content=\"sv_SE\" \/>\n<meta property=\"og:type\" content=\"article\" \/>\n<meta property=\"og:title\" content=\"E820 Epoxy Self-Leveling Intermediate Floor Coat\" \/>\n<meta property=\"og:description\" content=\"The E820 Epoxy Self-Leveling Intermediate Paint is a high-performance two-component epoxy intermediate coat, designed for commercial and industrial flooring. This product provides a smooth, durable surface with high impact and compressive strength. Ideal for use in warehouses, workshops, and manufacturing facilities, it is easy to apply, with excellent results and a long-lasting finish. The epoxy mid coat offers excellent adhesion and can be paired with both solvent-based and solvent-free primers and topcoats.\" \/>\n<meta property=\"og:url\" content=\"https:\/\/www.jinyupaint.com\/sv\/produkt\/e820-epoxy-self-leveling-intermediate-floor-coat\/\" \/>\n<meta property=\"og:site_name\" content=\"KAIDA PAINT\u00ae\" \/>\n<meta property=\"article:modified_time\" content=\"2025-02-19T09:06:04+00:00\" \/>\n<meta property=\"og:image\" content=\"https:\/\/www.jinyupaint.com\/wp-content\/uploads\/2025\/02\/E820-Self-Leveling-Epoxy-Floor-Intermediate-Coating.jpg\" \/>\n\t<meta property=\"og:image:width\" content=\"750\" \/>\n\t<meta property=\"og:image:height\" content=\"750\" \/>\n\t<meta property=\"og:image:type\" content=\"image\/jpeg\" \/>\n<meta name=\"twitter:card\" content=\"summary_large_image\" \/>\n<meta name=\"twitter:label1\" content=\"Ber\u00e4knad l\u00e4stid\" \/>\n\t<meta name=\"twitter:data1\" content=\"3 minuter\" \/>\n<script type=\"application\/ld+json\" class=\"yoast-schema-graph\">{\"@context\":\"https:\/\/schema.org\",\"@graph\":[{\"@type\":\"WebPage\",\"@id\":\"https:\/\/www.jinyupaint.com\/product\/e820-epoxy-self-leveling-intermediate-floor-coat\",\"url\":\"https:\/\/www.jinyupaint.com\/product\/e820-epoxy-self-leveling-intermediate-floor-coat\",\"name\":\"E820 Epoxy Self-Leveling Intermediate Floor Coat - Mid Coating - KAIDA PAINT\u00ae\",\"isPartOf\":{\"@id\":\"https:\/\/www.jinyupaint.com\/#website\"},\"primaryImageOfPage\":{\"@id\":\"https:\/\/www.jinyupaint.com\/product\/e820-epoxy-self-leveling-intermediate-floor-coat#primaryimage\"},\"image\":{\"@id\":\"https:\/\/www.jinyupaint.com\/product\/e820-epoxy-self-leveling-intermediate-floor-coat#primaryimage\"},\"thumbnailUrl\":\"https:\/\/www.jinyupaint.com\/wp-content\/uploads\/2025\/02\/E820-Self-Leveling-Epoxy-Floor-Intermediate-Coating.jpg\",\"datePublished\":\"2025-02-19T09:06:03+00:00\",\"dateModified\":\"2025-02-19T09:06:04+00:00\",\"description\":\"The E820 Epoxy Self-Leveling Intermediate Paint is a high-performance two-component epoxy intermediate coat, designed for commercial and industrial flooring. This product provides a smooth, durable surface with high impact and compressive strength. Ideal for use in warehouses, workshops, and manufacturing facilities, it is easy to apply, with excellent results and a long-lasting finish. The epoxy mid coat offers excellent adhesion and can be paired with both solvent-based and solvent-free primers and topcoats.\",\"breadcrumb\":{\"@id\":\"https:\/\/www.jinyupaint.com\/product\/e820-epoxy-self-leveling-intermediate-floor-coat#breadcrumb\"},\"inLanguage\":\"sv-SE\",\"potentialAction\":[{\"@type\":\"ReadAction\",\"target\":[\"https:\/\/www.jinyupaint.com\/product\/e820-epoxy-self-leveling-intermediate-floor-coat\"]}]},{\"@type\":\"ImageObject\",\"inLanguage\":\"sv-SE\",\"@id\":\"https:\/\/www.jinyupaint.com\/product\/e820-epoxy-self-leveling-intermediate-floor-coat#primaryimage\",\"url\":\"https:\/\/www.jinyupaint.com\/wp-content\/uploads\/2025\/02\/E820-Self-Leveling-Epoxy-Floor-Intermediate-Coating.jpg\",\"contentUrl\":\"https:\/\/www.jinyupaint.com\/wp-content\/uploads\/2025\/02\/E820-Self-Leveling-Epoxy-Floor-Intermediate-Coating.jpg\",\"width\":750,\"height\":750,\"caption\":\"E820 Epoxy Self-Leveling Intermediate Coat\"},{\"@type\":\"BreadcrumbList\",\"@id\":\"https:\/\/www.jinyupaint.com\/product\/e820-epoxy-self-leveling-intermediate-floor-coat#breadcrumb\",\"itemListElement\":[{\"@type\":\"ListItem\",\"position\":1,\"name\":\"Home\",\"item\":\"https:\/\/www.jinyupaint.com\/\"},{\"@type\":\"ListItem\",\"position\":2,\"name\":\"Shop\",\"item\":\"https:\/\/www.jinyupaint.com\/shop.html\"},{\"@type\":\"ListItem\",\"position\":3,\"name\":\"E820 Epoxy Self-Leveling Intermediate Floor Coat\"}]},{\"@type\":\"WebSite\",\"@id\":\"https:\/\/www.jinyupaint.com\/#website\",\"url\":\"https:\/\/www.jinyupaint.com\/\",\"name\":\"JINYU\u00ae PAINT\",\"description\":\"JINYU PAINT\u00ae Manufacturer\",\"potentialAction\":[{\"@type\":\"SearchAction\",\"target\":{\"@type\":\"EntryPoint\",\"urlTemplate\":\"https:\/\/www.jinyupaint.com\/?s={search_term_string}\"},\"query-input\":{\"@type\":\"PropertyValueSpecification\",\"valueRequired\":true,\"valueName\":\"search_term_string\"}}],\"inLanguage\":\"sv-SE\"}]}<\/script>\n<!-- \/ Yoast SEO Premium plugin. -->","yoast_head_json":{"title":"E820 Epoxi sj\u00e4lvutj\u00e4mnande mellanstrykningsf\u00e4rg - Mellanstrykningsf\u00e4rg - KAIDA PAINT","description":"E820 Epoxy Self-Leveling Intermediate Paint \u00e4r en h\u00f6gpresterande tv\u00e5komponents epoximellanstrykningsf\u00e4rg avsedd f\u00f6r kommersiella och industriella golv. Produkten ger en sl\u00e4t, slitstark yta med h\u00f6g slag- och tryckh\u00e5llfasthet. Den \u00e4r idealisk f\u00f6r anv\u00e4ndning i lager, verkst\u00e4der och tillverkningsanl\u00e4ggningar och \u00e4r l\u00e4tt att applicera, ger utm\u00e4rkta resultat och en l\u00e5ngvarig finish. Epoxy mid coat ger utm\u00e4rkt vidh\u00e4ftning och kan kombineras med b\u00e5de l\u00f6sningsmedelsbaserade och l\u00f6sningsmedelsfria primers och topcoats.","robots":{"index":"index","follow":"follow","max-snippet":"max-snippet:-1","max-image-preview":"max-image-preview:large","max-video-preview":"max-video-preview:-1"},"canonical":"https:\/\/www.jinyupaint.com\/sv\/produkt\/e820-epoxy-self-leveling-intermediate-floor-coat\/","og_locale":"sv_SE","og_type":"article","og_title":"E820 Epoxy Self-Leveling Intermediate Floor Coat","og_description":"The E820 Epoxy Self-Leveling Intermediate Paint is a high-performance two-component epoxy intermediate coat, designed for commercial and industrial flooring. This product provides a smooth, durable surface with high impact and compressive strength. Ideal for use in warehouses, workshops, and manufacturing facilities, it is easy to apply, with excellent results and a long-lasting finish. The epoxy mid coat offers excellent adhesion and can be paired with both solvent-based and solvent-free primers and topcoats.","og_url":"https:\/\/www.jinyupaint.com\/sv\/produkt\/e820-epoxy-self-leveling-intermediate-floor-coat\/","og_site_name":"KAIDA PAINT\u00ae","article_modified_time":"2025-02-19T09:06:04+00:00","og_image":[{"width":750,"height":750,"url":"https:\/\/www.jinyupaint.com\/wp-content\/uploads\/2025\/02\/E820-Self-Leveling-Epoxy-Floor-Intermediate-Coating.jpg","type":"image\/jpeg"}],"twitter_card":"summary_large_image","twitter_misc":{"Ber\u00e4knad l\u00e4stid":"3 minuter"},"schema":{"@context":"https:\/\/schema.org","@graph":[{"@type":"WebPage","@id":"https:\/\/www.jinyupaint.com\/product\/e820-epoxy-self-leveling-intermediate-floor-coat","url":"https:\/\/www.jinyupaint.com\/product\/e820-epoxy-self-leveling-intermediate-floor-coat","name":"E820 Epoxi sj\u00e4lvutj\u00e4mnande mellanstrykningsf\u00e4rg - Mellanstrykningsf\u00e4rg - KAIDA PAINT","isPartOf":{"@id":"https:\/\/www.jinyupaint.com\/#website"},"primaryImageOfPage":{"@id":"https:\/\/www.jinyupaint.com\/product\/e820-epoxy-self-leveling-intermediate-floor-coat#primaryimage"},"image":{"@id":"https:\/\/www.jinyupaint.com\/product\/e820-epoxy-self-leveling-intermediate-floor-coat#primaryimage"},"thumbnailUrl":"https:\/\/www.jinyupaint.com\/wp-content\/uploads\/2025\/02\/E820-Self-Leveling-Epoxy-Floor-Intermediate-Coating.jpg","datePublished":"2025-02-19T09:06:03+00:00","dateModified":"2025-02-19T09:06:04+00:00","description":"E820 Epoxy Self-Leveling Intermediate Paint \u00e4r en h\u00f6gpresterande tv\u00e5komponents epoximellanstrykningsf\u00e4rg avsedd f\u00f6r kommersiella och industriella golv. Produkten ger en sl\u00e4t, slitstark yta med h\u00f6g slag- och tryckh\u00e5llfasthet. Den \u00e4r idealisk f\u00f6r anv\u00e4ndning i lager, verkst\u00e4der och tillverkningsanl\u00e4ggningar och \u00e4r l\u00e4tt att applicera, ger utm\u00e4rkta resultat och en l\u00e5ngvarig finish. Epoxy mid coat ger utm\u00e4rkt vidh\u00e4ftning och kan kombineras med b\u00e5de l\u00f6sningsmedelsbaserade och l\u00f6sningsmedelsfria primers och topcoats.","breadcrumb":{"@id":"https:\/\/www.jinyupaint.com\/product\/e820-epoxy-self-leveling-intermediate-floor-coat#breadcrumb"},"inLanguage":"sv-SE","potentialAction":[{"@type":"ReadAction","target":["https:\/\/www.jinyupaint.com\/product\/e820-epoxy-self-leveling-intermediate-floor-coat"]}]},{"@type":"ImageObject","inLanguage":"sv-SE","@id":"https:\/\/www.jinyupaint.com\/product\/e820-epoxy-self-leveling-intermediate-floor-coat#primaryimage","url":"https:\/\/www.jinyupaint.com\/wp-content\/uploads\/2025\/02\/E820-Self-Leveling-Epoxy-Floor-Intermediate-Coating.jpg","contentUrl":"https:\/\/www.jinyupaint.com\/wp-content\/uploads\/2025\/02\/E820-Self-Leveling-Epoxy-Floor-Intermediate-Coating.jpg","width":750,"height":750,"caption":"E820 Epoxy Self-Leveling Intermediate Coat"},{"@type":"BreadcrumbList","@id":"https:\/\/www.jinyupaint.com\/product\/e820-epoxy-self-leveling-intermediate-floor-coat#breadcrumb","itemListElement":[{"@type":"ListItem","position":1,"name":"Home","item":"https:\/\/www.jinyupaint.com\/"},{"@type":"ListItem","position":2,"name":"Shop","item":"https:\/\/www.jinyupaint.com\/shop.html"},{"@type":"ListItem","position":3,"name":"E820 Epoxy Self-Leveling Intermediate Floor Coat"}]},{"@type":"WebSite","@id":"https:\/\/www.jinyupaint.com\/#website","url":"https:\/\/www.jinyupaint.com\/","name":"JINYU\u00ae F\u00c4RGER","description":"JINYU PAINT\u00ae Tillverkare","potentialAction":[{"@type":"SearchAction","target":{"@type":"EntryPoint","urlTemplate":"https:\/\/www.jinyupaint.com\/?s={search_term_string}"},"query-input":{"@type":"PropertyValueSpecification","valueRequired":true,"valueName":"search_term_string"}}],"inLanguage":"sv-SE"}]}},"_links":{"self":[{"href":"https:\/\/www.jinyupaint.com\/sv\/wp-json\/wp\/v2\/product\/3238","targetHints":{"allow":["GET"]}}],"collection":[{"href":"https:\/\/www.jinyupaint.com\/sv\/wp-json\/wp\/v2\/product"}],"about":[{"href":"https:\/\/www.jinyupaint.com\/sv\/wp-json\/wp\/v2\/types\/product"}],"wp:featuredmedia":[{"embeddable":true,"href":"https:\/\/www.jinyupaint.com\/sv\/wp-json\/wp\/v2\/media\/3239"}],"wp:attachment":[{"href":"https:\/\/www.jinyupaint.com\/sv\/wp-json\/wp\/v2\/media?parent=3238"}],"wp:term":[{"taxonomy":"product_brand","embeddable":true,"href":"https:\/\/www.jinyupaint.com\/sv\/wp-json\/wp\/v2\/product_brand?post=3238"},{"taxonomy":"product_cat","embeddable":true,"href":"https:\/\/www.jinyupaint.com\/sv\/wp-json\/wp\/v2\/product_cat?post=3238"},{"taxonomy":"product_tag","embeddable":true,"href":"https:\/\/www.jinyupaint.com\/sv\/wp-json\/wp\/v2\/product_tag?post=3238"}],"curies":[{"name":"wp","href":"https:\/\/api.w.org\/{rel}","templated":true}]}}