{"id":3235,"date":"2025-02-19T08:21:39","date_gmt":"2025-02-19T08:21:39","guid":{"rendered":"https:\/\/www.jinyupaint.com\/?post_type=product&#038;p=3235"},"modified":"2025-02-19T08:43:36","modified_gmt":"2025-02-19T08:43:36","slug":"e850-epoxy-orange-peel-floor-finish","status":"publish","type":"product","link":"https:\/\/www.jinyupaint.com\/sv\/produkt\/e850-epoxy-orange-peel-floor-finish","title":{"rendered":"E850 Epoxi Orange Peel Golvfinish"},"content":{"rendered":"<h2 data-start=\"166\" data-end=\"764\"><strong data-start=\"166\" data-end=\"183\">Inledning:<\/strong><\/h2>\n<p data-start=\"166\" data-end=\"764\">E850 Epoxy Orange Peel Floor Finish \u00e4r en h\u00f6gpresterande tv\u00e5komponents epoxitopplack som \u00e4r utformad f\u00f6r att ge en h\u00e5llbar, visuellt tilltalande och funktionell golvl\u00f6sning. Denna epoxif\u00e4rgade betongl\u00f6sning best\u00e5r av flytande epoxiharts med l\u00e5g viskositet, importerade tillsatser, pigment, slitstarka fyllmedel och h\u00e4rdare och ger utm\u00e4rkt prestanda med l\u00e5g lukt, enkel applicering och en rad attraktiva f\u00e4rger. Den apelsinskaliga texturbel\u00e4ggningen f\u00f6rst\u00e4rker ytan och ger en unik och estetiskt tilltalande finish som passar i olika milj\u00f6er.<\/p>\n<h2 data-start=\"766\" data-end=\"789\"><strong data-start=\"766\" data-end=\"787\">Produktfunktioner:<\/strong><\/h2>\n<ol data-start=\"790\" data-end=\"1391\">\n<li data-start=\"790\" data-end=\"929\"><strong data-start=\"793\" data-end=\"822\">Ljusa och livfulla f\u00e4rger<\/strong>: Epoxigolvets finish skapar en rik, fyllig film som ger b\u00e5de h\u00e5llbarhet och sk\u00f6nhet till alla utrymmen.<\/li>\n<li data-start=\"930\" data-end=\"1072\"><strong data-start=\"933\" data-end=\"963\">Textureffekt av apelsinskal<\/strong>: Den distinkta apelsinskalstexturen ger en visuellt tilltalande och tredimensionell yta.<\/li>\n<li data-start=\"1073\" data-end=\"1238\"><strong data-start=\"1076\" data-end=\"1127\">H\u00f6g slagt\u00e5lighet och tryckh\u00e5llfasthet<\/strong>: Denna epoxigolvfinish p\u00e5 betong erbjuder \u00f6verl\u00e4gset skydd, vilket g\u00f6r den idealisk f\u00f6r h\u00f6gtrafikerade omr\u00e5den.<\/li>\n<li data-start=\"1239\" data-end=\"1391\"><strong data-start=\"1242\" data-end=\"1272\">Luktsvag och l\u00e4tt att applicera<\/strong>: L\u00e4mplig f\u00f6r b\u00e5de bost\u00e4der och kommersiella till\u00e4mpningar, inklusive epoxigarage och industriella milj\u00f6er.<\/li>\n<\/ol>\n<h2 data-start=\"1393\" data-end=\"1553\"><strong data-start=\"1393\" data-end=\"1417\">Produkttill\u00e4mpning:<\/strong><\/h2>\n<p data-start=\"1393\" data-end=\"1553\">Denna epoxigolvfinish \u00e4r kompatibel med l\u00f6sningsmedelsbaserade eller l\u00f6sningsmedelsfria primers och mellanskikt. Den fungerar bra med:<\/p>\n<ul data-start=\"1554\" data-end=\"1688\">\n<li data-start=\"1554\" data-end=\"1599\"><strong data-start=\"1556\" data-end=\"1578\">E159X Epoxiprimer<\/strong> (penetrerande typ)<\/li>\n<li data-start=\"1600\" data-end=\"1638\"><strong data-start=\"1602\" data-end=\"1636\">E811 L\u00f6sningsmedelsfri epoxiprimer<\/strong><\/li>\n<li data-start=\"1639\" data-end=\"1688\"><strong data-start=\"1641\" data-end=\"1682\">E337 Epoxif\u00e4rgad mellanstrykningsf\u00e4rg<\/strong>, etc.<\/li>\n<\/ul>\n<h2 data-start=\"875\" data-end=\"909\"><strong data-start=\"875\" data-end=\"892\">Standarder:<\/strong><\/h2>\n<p data-start=\"875\" data-end=\"909\">GB\/T22374-2018<\/p>\n<h2 data-start=\"911\" data-end=\"941\"><strong data-start=\"911\" data-end=\"939\">Tekniska parametrar:<\/strong><\/h2>\n<table data-start=\"942\" data-end=\"1798\">\n<thead data-start=\"942\" data-end=\"1049\">\n<tr data-start=\"942\" data-end=\"1049\">\n<th data-start=\"942\" data-end=\"959\"><strong data-start=\"944\" data-end=\"958\">Serienummer<\/strong><\/th>\n<th data-start=\"959\" data-end=\"978\"><strong data-start=\"961\" data-end=\"974\">Testobjekt<\/strong><\/th>\n<th data-start=\"978\" data-end=\"1005\"><strong data-start=\"980\" data-end=\"999\">Tekniskt index<\/strong><\/th>\n<th data-start=\"1005\" data-end=\"1026\"><strong data-start=\"1007\" data-end=\"1025\">Standardv\u00e4rde<\/strong><\/th>\n<th data-start=\"1026\" data-end=\"1049\"><strong data-start=\"1028\" data-end=\"1046\">Uppskattat v\u00e4rde<\/strong><\/th>\n<\/tr>\n<\/thead>\n<tbody data-start=\"1158\" data-end=\"1798\">\n<tr data-start=\"1158\" data-end=\"1292\">\n<td>1<\/td>\n<td>Status<\/td>\n<td>Homogen och klumpfri efter blandning<\/td>\n<td>Homogen och klumpfri<\/td>\n<td>Homogen och klumpfri<\/td>\n<\/tr>\n<tr data-start=\"1293\" data-end=\"1435\">\n<td>2<\/td>\n<td>F\u00e4rg<\/td>\n<td>Enhetlig f\u00e4rg, ingen flytande f\u00e4rg<\/td>\n<td>Enhetlig f\u00e4rg, ingen flytande f\u00e4rg<\/td>\n<td>Enhetlig f\u00e4rg, ingen flytande f\u00e4rg<\/td>\n<\/tr>\n<tr data-start=\"1436\" data-end=\"1582\">\n<td>3<\/td>\n<td>Utseende p\u00e5 film<\/td>\n<td>Tydlig apelsinskalsstruktur, inget h\u00e4ngande, inga bubblor, pinholes eller sprickor<\/td>\n<td>Bra utseende<\/td>\n<td>Bra utseende<\/td>\n<\/tr>\n<tr data-start=\"1583\" data-end=\"1690\">\n<td>4<\/td>\n<td>Torr vid ber\u00f6ring<\/td>\n<td>\u2264 8 timmar<\/td>\n<td>4 timmar<\/td>\n<td>4 timmar<\/td>\n<\/tr>\n<tr data-start=\"1691\" data-end=\"1798\">\n<td>5<\/td>\n<td>Fullst\u00e4ndigt botad<\/td>\n<td>\u2264 48 timmar<\/td>\n<td>26 timmar<\/td>\n<td>26 timmar<\/td>\n<\/tr>\n<\/tbody>\n<\/table>\n<p data-start=\"1690\" data-end=\"1912\">Den \u00e4r utformad f\u00f6r anv\u00e4ndning i underjordiska parkeringsplatser, produktionsverkst\u00e4der, lagerlokaler med mera och erbjuder inte bara epoxilacker f\u00f6r garage utan \u00e4ven en funktionell och attraktiv yta f\u00f6r olika industriella milj\u00f6er.<\/p>\n<h2 data-start=\"1914\" data-end=\"2178\"><strong data-start=\"1914\" data-end=\"1938\">F\u00f6rberedelse av ytan:<\/strong><\/h2>\n<p data-start=\"1914\" data-end=\"2178\">F\u00f6re applicering m\u00e5ste underlaget vara rent, torrt och fritt fr\u00e5n f\u00f6roreningar. Se till att ytan \u00e4r sl\u00e4t och plan och att det inte finns olja, fett eller skr\u00e4p p\u00e5 den. Det \u00e4r viktigt att f\u00f6rbereda underlaget ordentligt f\u00f6r b\u00e4sta vidh\u00e4ftning och resultat.<\/p>\n<h2 data-start=\"2180\" data-end=\"2211\"><strong data-start=\"2180\" data-end=\"2209\">Instruktioner f\u00f6r ans\u00f6kan:<\/strong><\/h2>\n<ol data-start=\"2212\" data-end=\"2620\">\n<li data-start=\"2212\" data-end=\"2363\"><strong data-start=\"2215\" data-end=\"2231\">Blandningsf\u00f6rh\u00e5llande<\/strong>: Baskomponenten och h\u00e4rdaren m\u00e5ste blandas i viktf\u00f6rh\u00e5llandet 5:1. R\u00f6r om blandningen noggrant f\u00f6r att s\u00e4kerst\u00e4lla j\u00e4mn konsistens.<\/li>\n<li data-start=\"2364\" data-end=\"2620\"><strong data-start=\"2367\" data-end=\"2389\">Till\u00e4mpningsmetod<\/strong>: Anv\u00e4nd en tandspackel f\u00f6r att applicera den blandade produkten \u00f6ver underlaget med epoxigolvfinish eller mellanskikt i samma f\u00e4rg. Avsluta med att anv\u00e4nda en liten texturroller med apelsinskal f\u00f6r att uppn\u00e5 \u00f6nskad effekt.<\/li>\n<\/ol>\n<h2 data-start=\"2622\" data-end=\"2890\"><strong data-start=\"2622\" data-end=\"2648\">H\u00e5llbarhet och finish:<\/strong><\/h2>\n<p data-start=\"2622\" data-end=\"2890\">Epoxyfinishen ger ett utm\u00e4rkt l\u00e5ngsiktigt skydd och ger en sl\u00e4t, estetiskt tilltalande yta som \u00e4r motst\u00e5ndskraftig mot slitage och st\u00f6tar. Idealisk f\u00f6r omr\u00e5den som kr\u00e4ver h\u00e5llbarhet, t.ex. garage, verkst\u00e4der och kommersiella utrymmen.<\/p>\n<h2 data-start=\"2892\" data-end=\"2921\"><strong data-start=\"2892\" data-end=\"2921\">Tekniska specifikationer:<\/strong><\/h2>\n<ul data-start=\"2922\" data-end=\"3085\">\n<li data-start=\"2922\" data-end=\"2953\"><strong data-start=\"2924\" data-end=\"2940\">Torr vid ber\u00f6ring<\/strong>: \u2264 8 timmar<\/li>\n<li data-start=\"2954\" data-end=\"2985\"><strong data-start=\"2956\" data-end=\"2971\">Fullst\u00e4ndigt botad<\/strong>: \u2264 48 timmar<\/li>\n<li data-start=\"2986\" data-end=\"3085\"><strong data-start=\"2988\" data-end=\"3012\">Applikationens t\u00e4ckning<\/strong>: 0,4-0,6 kg\/m\u00b2 (beroende p\u00e5 effekt - liten eller stor blomstruktur)<\/li>\n<\/ul>\n<h2 data-start=\"3087\" data-end=\"3144\"><strong data-start=\"3087\" data-end=\"3102\">H\u00e5llbarhetstid:<\/strong><\/h2>\n<p data-start=\"3087\" data-end=\"3144\">12 m\u00e5nader fr\u00e5n tillverkningsdatum.<\/p>\n<h2 data-start=\"3146\" data-end=\"3631\"><strong data-start=\"3146\" data-end=\"3197\">Varf\u00f6r v\u00e4lja E850 Epoxy Orange Peel Floor Finish?<\/strong><\/h2>\n<p data-start=\"3146\" data-end=\"3631\">Om du letar efter en epoxigolvfinish som kombinerar sk\u00f6nhet och h\u00e5llbarhet \u00e4r E850 Epoxy Orange Peel Floor Finish den perfekta l\u00f6sningen. Denna h\u00f6gkvalitativa produkt \u00e4r idealisk f\u00f6r anv\u00e4ndning i b\u00e5de bost\u00e4der och industriella milj\u00f6er, inklusive epoxigarage och epoxigolv p\u00e5 betong. Den enkla appliceringen, den l\u00e5ga lukten och den vackra finishen g\u00f6r den till det b\u00e4sta valet f\u00f6r ditt n\u00e4sta golvprojekt.<\/p>","protected":false},"excerpt":{"rendered":"<p>E850 Epoxy Orange Peel Floor Finish \u00e4r en h\u00f6gkvalitativ tv\u00e5komponents epoxitopplack avsedd f\u00f6r golvbel\u00e4ggningar inom b\u00e5de industri och bost\u00e4der. Produkten \u00e4r formulerad med flytande epoxiharts med l\u00e5g viskositet, importerade tillsatser, pigment och h\u00e4rdare f\u00f6r att skapa en h\u00e5llbar och estetiskt tilltalande yta. Den unika apelsinskalstexturen ger en distinkt tredimensionell finish som \u00e4r b\u00e5de funktionell och dekorativ. Med h\u00f6g slagt\u00e5lighet, tryckh\u00e5llfasthet och l\u00e5g lukt \u00e4r den perfekt f\u00f6r omr\u00e5den som garage, lager och produktionsverkst\u00e4der. Den \u00e4r l\u00e4tt att applicera och finns i en m\u00e4ngd olika f\u00e4rger och ger en l\u00e5ngvarig l\u00f6sning f\u00f6r betonggolv.<\/p>","protected":false},"featured_media":3236,"template":"","meta":{"om_disable_all_campaigns":false,"_monsterinsights_skip_tracking":false,"_monsterinsights_sitenote_active":false,"_monsterinsights_sitenote_note":"","_monsterinsights_sitenote_category":0,"_uf_show_specific_survey":0,"_uf_disable_surveys":false},"product_brand":[],"product_cat":[43,96,98],"product_tag":[94,137,104],"class_list":{"0":"post-3235","1":"product","2":"type-product","3":"status-publish","4":"has-post-thumbnail","6":"product_cat-epoxy-floor-coating","7":"product_cat-epoxy-top-coat","8":"product_cat-solvent-based-coating","9":"product_tag-epoxy-floor-coating","10":"product_tag-epoxy-top-coat","11":"product_tag-solvent-based-coating","13":"first","14":"instock","15":"shipping-taxable","16":"product-type-simple"},"yoast_head":"<!-- This site is optimized with the Yoast SEO Premium plugin v26.2 (Yoast SEO v26.5) - https:\/\/yoast.com\/wordpress\/plugins\/seo\/ -->\n<title>E850 Epoxy Orange Peel Floor Finish - Texture Coat - KAIDA PAINT\u00ae<\/title>\n<meta name=\"description\" content=\"The E850 Epoxy Orange Peel Floor Finish is a durable two-component epoxy topcoat that delivers a stunning orange peel texture effect. Ideal for concrete floors in garages, warehouses, and production environments, it offers excellent impact resistance, compressive strength, and vibrant color. Easy to apply with low odor, providing a functional and aesthetic solution for both residential and industrial flooring projects.\" \/>\n<meta name=\"robots\" content=\"index, follow, max-snippet:-1, max-image-preview:large, max-video-preview:-1\" \/>\n<link rel=\"canonical\" href=\"https:\/\/www.jinyupaint.com\/sv\/produkt\/e850-epoxy-orange-peel-floor-finish\/\" \/>\n<meta property=\"og:locale\" content=\"sv_SE\" \/>\n<meta property=\"og:type\" content=\"article\" \/>\n<meta property=\"og:title\" content=\"E850 Epoxy Orange Peel Floor Finish\" \/>\n<meta property=\"og:description\" content=\"The E850 Epoxy Orange Peel Floor Finish is a durable two-component epoxy topcoat that delivers a stunning orange peel texture effect. Ideal for concrete floors in garages, warehouses, and production environments, it offers excellent impact resistance, compressive strength, and vibrant color. Easy to apply with low odor, providing a functional and aesthetic solution for both residential and industrial flooring projects.\" \/>\n<meta property=\"og:url\" content=\"https:\/\/www.jinyupaint.com\/sv\/produkt\/e850-epoxy-orange-peel-floor-finish\/\" \/>\n<meta property=\"og:site_name\" content=\"KAIDA PAINT\u00ae\" \/>\n<meta property=\"article:modified_time\" content=\"2025-02-19T08:43:36+00:00\" \/>\n<meta property=\"og:image\" content=\"https:\/\/www.jinyupaint.com\/wp-content\/uploads\/2025\/02\/E850-Epoxy-Orange-Peel-Finish.jpg\" \/>\n\t<meta property=\"og:image:width\" content=\"750\" \/>\n\t<meta property=\"og:image:height\" content=\"750\" \/>\n\t<meta property=\"og:image:type\" content=\"image\/jpeg\" \/>\n<meta name=\"twitter:card\" content=\"summary_large_image\" \/>\n<meta name=\"twitter:label1\" content=\"Ber\u00e4knad l\u00e4stid\" \/>\n\t<meta name=\"twitter:data1\" content=\"3 minuter\" \/>\n<script type=\"application\/ld+json\" class=\"yoast-schema-graph\">{\"@context\":\"https:\/\/schema.org\",\"@graph\":[{\"@type\":\"WebPage\",\"@id\":\"https:\/\/www.jinyupaint.com\/product\/e850-epoxy-orange-peel-floor-finish\",\"url\":\"https:\/\/www.jinyupaint.com\/product\/e850-epoxy-orange-peel-floor-finish\",\"name\":\"E850 Epoxy Orange Peel Floor Finish - Texture Coat - KAIDA PAINT\u00ae\",\"isPartOf\":{\"@id\":\"https:\/\/www.jinyupaint.com\/#website\"},\"primaryImageOfPage\":{\"@id\":\"https:\/\/www.jinyupaint.com\/product\/e850-epoxy-orange-peel-floor-finish#primaryimage\"},\"image\":{\"@id\":\"https:\/\/www.jinyupaint.com\/product\/e850-epoxy-orange-peel-floor-finish#primaryimage\"},\"thumbnailUrl\":\"https:\/\/www.jinyupaint.com\/wp-content\/uploads\/2025\/02\/E850-Epoxy-Orange-Peel-Finish.jpg\",\"datePublished\":\"2025-02-19T08:21:39+00:00\",\"dateModified\":\"2025-02-19T08:43:36+00:00\",\"description\":\"The E850 Epoxy Orange Peel Floor Finish is a durable two-component epoxy topcoat that delivers a stunning orange peel texture effect. Ideal for concrete floors in garages, warehouses, and production environments, it offers excellent impact resistance, compressive strength, and vibrant color. Easy to apply with low odor, providing a functional and aesthetic solution for both residential and industrial flooring projects.\",\"breadcrumb\":{\"@id\":\"https:\/\/www.jinyupaint.com\/product\/e850-epoxy-orange-peel-floor-finish#breadcrumb\"},\"inLanguage\":\"sv-SE\",\"potentialAction\":[{\"@type\":\"ReadAction\",\"target\":[\"https:\/\/www.jinyupaint.com\/product\/e850-epoxy-orange-peel-floor-finish\"]}]},{\"@type\":\"ImageObject\",\"inLanguage\":\"sv-SE\",\"@id\":\"https:\/\/www.jinyupaint.com\/product\/e850-epoxy-orange-peel-floor-finish#primaryimage\",\"url\":\"https:\/\/www.jinyupaint.com\/wp-content\/uploads\/2025\/02\/E850-Epoxy-Orange-Peel-Finish.jpg\",\"contentUrl\":\"https:\/\/www.jinyupaint.com\/wp-content\/uploads\/2025\/02\/E850-Epoxy-Orange-Peel-Finish.jpg\",\"width\":750,\"height\":750,\"caption\":\"E850 Epoxy Orange Peel Finish\"},{\"@type\":\"BreadcrumbList\",\"@id\":\"https:\/\/www.jinyupaint.com\/product\/e850-epoxy-orange-peel-floor-finish#breadcrumb\",\"itemListElement\":[{\"@type\":\"ListItem\",\"position\":1,\"name\":\"Home\",\"item\":\"https:\/\/www.jinyupaint.com\/\"},{\"@type\":\"ListItem\",\"position\":2,\"name\":\"Shop\",\"item\":\"https:\/\/www.jinyupaint.com\/shop.html\"},{\"@type\":\"ListItem\",\"position\":3,\"name\":\"E850 Epoxy Orange Peel Floor Finish\"}]},{\"@type\":\"WebSite\",\"@id\":\"https:\/\/www.jinyupaint.com\/#website\",\"url\":\"https:\/\/www.jinyupaint.com\/\",\"name\":\"JINYU\u00ae PAINT\",\"description\":\"JINYU PAINT\u00ae Manufacturer\",\"potentialAction\":[{\"@type\":\"SearchAction\",\"target\":{\"@type\":\"EntryPoint\",\"urlTemplate\":\"https:\/\/www.jinyupaint.com\/?s={search_term_string}\"},\"query-input\":{\"@type\":\"PropertyValueSpecification\",\"valueRequired\":true,\"valueName\":\"search_term_string\"}}],\"inLanguage\":\"sv-SE\"}]}<\/script>\n<!-- \/ Yoast SEO Premium plugin. -->","yoast_head_json":{"title":"E850 Epoxi Orange Peel Golvfinish - Strukturlack - KAIDA PAINT","description":"E850 Epoxy Orange Peel Floor Finish \u00e4r en slitstark tv\u00e5komponents epoxitopplack som ger en fantastisk effekt med apelsinskalstextur. Den \u00e4r idealisk f\u00f6r betonggolv i garage, lager och produktionsmilj\u00f6er och har utm\u00e4rkt slagt\u00e5lighet, tryckh\u00e5llfasthet och livfull f\u00e4rg. L\u00e4tt att applicera med l\u00e5g lukt och ger en funktionell och estetisk l\u00f6sning f\u00f6r b\u00e5de bost\u00e4der och industriella golvprojekt.","robots":{"index":"index","follow":"follow","max-snippet":"max-snippet:-1","max-image-preview":"max-image-preview:large","max-video-preview":"max-video-preview:-1"},"canonical":"https:\/\/www.jinyupaint.com\/sv\/produkt\/e850-epoxy-orange-peel-floor-finish\/","og_locale":"sv_SE","og_type":"article","og_title":"E850 Epoxy Orange Peel Floor Finish","og_description":"The E850 Epoxy Orange Peel Floor Finish is a durable two-component epoxy topcoat that delivers a stunning orange peel texture effect. Ideal for concrete floors in garages, warehouses, and production environments, it offers excellent impact resistance, compressive strength, and vibrant color. Easy to apply with low odor, providing a functional and aesthetic solution for both residential and industrial flooring projects.","og_url":"https:\/\/www.jinyupaint.com\/sv\/produkt\/e850-epoxy-orange-peel-floor-finish\/","og_site_name":"KAIDA PAINT\u00ae","article_modified_time":"2025-02-19T08:43:36+00:00","og_image":[{"width":750,"height":750,"url":"https:\/\/www.jinyupaint.com\/wp-content\/uploads\/2025\/02\/E850-Epoxy-Orange-Peel-Finish.jpg","type":"image\/jpeg"}],"twitter_card":"summary_large_image","twitter_misc":{"Ber\u00e4knad l\u00e4stid":"3 minuter"},"schema":{"@context":"https:\/\/schema.org","@graph":[{"@type":"WebPage","@id":"https:\/\/www.jinyupaint.com\/product\/e850-epoxy-orange-peel-floor-finish","url":"https:\/\/www.jinyupaint.com\/product\/e850-epoxy-orange-peel-floor-finish","name":"E850 Epoxi Orange Peel Golvfinish - Strukturlack - KAIDA PAINT","isPartOf":{"@id":"https:\/\/www.jinyupaint.com\/#website"},"primaryImageOfPage":{"@id":"https:\/\/www.jinyupaint.com\/product\/e850-epoxy-orange-peel-floor-finish#primaryimage"},"image":{"@id":"https:\/\/www.jinyupaint.com\/product\/e850-epoxy-orange-peel-floor-finish#primaryimage"},"thumbnailUrl":"https:\/\/www.jinyupaint.com\/wp-content\/uploads\/2025\/02\/E850-Epoxy-Orange-Peel-Finish.jpg","datePublished":"2025-02-19T08:21:39+00:00","dateModified":"2025-02-19T08:43:36+00:00","description":"E850 Epoxy Orange Peel Floor Finish \u00e4r en slitstark tv\u00e5komponents epoxitopplack som ger en fantastisk effekt med apelsinskalstextur. Den \u00e4r idealisk f\u00f6r betonggolv i garage, lager och produktionsmilj\u00f6er och har utm\u00e4rkt slagt\u00e5lighet, tryckh\u00e5llfasthet och livfull f\u00e4rg. L\u00e4tt att applicera med l\u00e5g lukt och ger en funktionell och estetisk l\u00f6sning f\u00f6r b\u00e5de bost\u00e4der och industriella golvprojekt.","breadcrumb":{"@id":"https:\/\/www.jinyupaint.com\/product\/e850-epoxy-orange-peel-floor-finish#breadcrumb"},"inLanguage":"sv-SE","potentialAction":[{"@type":"ReadAction","target":["https:\/\/www.jinyupaint.com\/product\/e850-epoxy-orange-peel-floor-finish"]}]},{"@type":"ImageObject","inLanguage":"sv-SE","@id":"https:\/\/www.jinyupaint.com\/product\/e850-epoxy-orange-peel-floor-finish#primaryimage","url":"https:\/\/www.jinyupaint.com\/wp-content\/uploads\/2025\/02\/E850-Epoxy-Orange-Peel-Finish.jpg","contentUrl":"https:\/\/www.jinyupaint.com\/wp-content\/uploads\/2025\/02\/E850-Epoxy-Orange-Peel-Finish.jpg","width":750,"height":750,"caption":"E850 Epoxy Orange Peel Finish"},{"@type":"BreadcrumbList","@id":"https:\/\/www.jinyupaint.com\/product\/e850-epoxy-orange-peel-floor-finish#breadcrumb","itemListElement":[{"@type":"ListItem","position":1,"name":"Home","item":"https:\/\/www.jinyupaint.com\/"},{"@type":"ListItem","position":2,"name":"Shop","item":"https:\/\/www.jinyupaint.com\/shop.html"},{"@type":"ListItem","position":3,"name":"E850 Epoxy Orange Peel Floor Finish"}]},{"@type":"WebSite","@id":"https:\/\/www.jinyupaint.com\/#website","url":"https:\/\/www.jinyupaint.com\/","name":"JINYU\u00ae F\u00c4RGER","description":"JINYU PAINT\u00ae Tillverkare","potentialAction":[{"@type":"SearchAction","target":{"@type":"EntryPoint","urlTemplate":"https:\/\/www.jinyupaint.com\/?s={search_term_string}"},"query-input":{"@type":"PropertyValueSpecification","valueRequired":true,"valueName":"search_term_string"}}],"inLanguage":"sv-SE"}]}},"_links":{"self":[{"href":"https:\/\/www.jinyupaint.com\/sv\/wp-json\/wp\/v2\/product\/3235","targetHints":{"allow":["GET"]}}],"collection":[{"href":"https:\/\/www.jinyupaint.com\/sv\/wp-json\/wp\/v2\/product"}],"about":[{"href":"https:\/\/www.jinyupaint.com\/sv\/wp-json\/wp\/v2\/types\/product"}],"wp:featuredmedia":[{"embeddable":true,"href":"https:\/\/www.jinyupaint.com\/sv\/wp-json\/wp\/v2\/media\/3236"}],"wp:attachment":[{"href":"https:\/\/www.jinyupaint.com\/sv\/wp-json\/wp\/v2\/media?parent=3235"}],"wp:term":[{"taxonomy":"product_brand","embeddable":true,"href":"https:\/\/www.jinyupaint.com\/sv\/wp-json\/wp\/v2\/product_brand?post=3235"},{"taxonomy":"product_cat","embeddable":true,"href":"https:\/\/www.jinyupaint.com\/sv\/wp-json\/wp\/v2\/product_cat?post=3235"},{"taxonomy":"product_tag","embeddable":true,"href":"https:\/\/www.jinyupaint.com\/sv\/wp-json\/wp\/v2\/product_tag?post=3235"}],"curies":[{"name":"wp","href":"https:\/\/api.w.org\/{rel}","templated":true}]}}