{"id":2467,"date":"2025-01-06T11:43:25","date_gmt":"2025-01-06T11:43:25","guid":{"rendered":"https:\/\/www.jinyupaint.com\/?post_type=product&#038;p=2467"},"modified":"2025-04-18T03:22:28","modified_gmt":"2025-04-18T03:22:28","slug":"hooked-end-steel-fiber","status":"publish","type":"product","link":"https:\/\/www.jinyupaint.com\/sv\/produkt\/hooked-end-steel-fiber","title":{"rendered":"Hooked End St\u00e5l Fiber"},"content":{"rendered":"<p>Produktbeskrivning<br \/>\nHooked End Steet Fiber sk\u00e4rs fr\u00e5n tunna sieel-tr\u00e5dar av viss sirength och diameter, de \u00e4r raka i mitten och b\u00f6jda i krokformer p\u00e5 b\u00e5da sidor, det har en sl\u00e4t och enhetlig utseende och \u00e4r den vanligaste typen av sieelfber.<\/p>\n<p>Produktens funktion<br \/>\n1. Utm\u00e4rkt slitstyrka och h\u00e5llbarhet, h\u00f6gre utmattningsh\u00e5llfasthet och h\u00e5llbarhetsgr\u00e4ns2. h\u00f6g t\u00e5lighet och slagt\u00e5lighet.<br \/>\n3. Bra spridning, st\u00e5lfibrer kommer inte att balla upp i betong och \u00e4r j\u00e4mnt f\u00f6rdelade.<br \/>\n4. f\u00f6rb\u00e4ttra de mekaniska egenskaperna hos betong s\u00e5som drag, b\u00f6jning och skjuvning.$. Den grova och rena ytan av st\u00e5lfibrer kan kombineras ordentligt med cementuppslamningen i betong.6. J\u00e4mf\u00f6rt med traditionell f\u00f6rst\u00e4rkt betong konstrueras skelfiberbetong direkt och s\u00f6ml\u00f6st ansluts till storskalig laseravl\u00e4gsningsutrustning, vilket sparar kostnader.7. Konstruktionsmetoden \u00e4r enklare och konstruktionsperioden f\u00f6rkortas kraftigt j\u00e4mf\u00f6rt med st\u00e5lst\u00e5ngsl\u00f6sningen.<\/p>\n<p>F\u00f6rpackningsdetaljer<br \/>\nF\u00f6rpackning: karion eller kompositf\u00f6rpackning paparp\u00e5se 25 kg \/ l\u00e5da eller p\u00e5se, 1,5 ton-2 toms per pall, kan ocks\u00e5 produceras och f\u00f6rpackas enligt anv\u00e4ndarregler.<\/p>\n<p>Instruktion<br \/>\nByggnadstekniska krav:<br \/>\n1. Cementkvaliteten f\u00e5r inte vara l\u00e4gre \u00e4n nr 425, vattencementf\u00f6rh\u00e5llandet f\u00e5r inte vara st\u00f6rre \u00e4n 0,52. L\u00e4ngden p\u00e5 den grova benpartikelstorleken b\u00f6r inte \u00f6verstiga 2\/3 av l\u00e4ngden p\u00e5 st\u00e5lfiberhanen.3. St\u00e5lfibervolymen f\u00f6r st\u00e5lfiberbetong b\u00f6r inte vara mindre \u00e4n 0,5%, i allm\u00e4nhet mellan 0,5-3%. och1,5%-2,5% rekommenderas; det vill s\u00e4ga doseringsintervallet per kubikmeter betong \u00e4r: 5-30 kg, och 15-25 kg rekommenderas.<br \/>\n4. Havssand f\u00e5r inte blandas med st\u00e5lfiberbetong, och klorsalt \u00e4r str\u00e4ngt f\u00f6rbjudet.5. ut\u00f6ver ovanst\u00e5ende best\u00e4mmelser b\u00f6r andra material som anv\u00e4nds i st\u00e5lfiberbetong f\u00f6lja best\u00e4mmelserna om r\u00e5varor som anv\u00e4nds i armerad betong i de nuvarande specifikationerna.6. Konsistensen av st\u00e5lfiberbetong kan best\u00e4mmas genom att h\u00e4nvisa till den konsistens som kr\u00e4vs f\u00f6r vanlig betong i liknande projekt. dess slumpv\u00e4rde kan vara mindre \u00e4n motsvarande erforderliga v\u00e4rde f\u00f6r vanlig betong.<br \/>\n7. N\u00e4r st\u00e5lfiberbetongkudden och ytskiktet med krympfogar av platt fogkonstruktion inte \u00e4r t\u00e4ckt med ett grundf\u00f6rst\u00e4rkningsskikt s\u00e5som kalkjord under kudden och uppfyller f\u00f6ljande villkor samtidigt:<br \/>\na. Tjockleken p\u00e5 kudd- och ytskiktet f\u00f6re reduktion f\u00e5r inte \u00f6verstiga 130 mm.b. Tjockleken p\u00e5 grundf\u00f6rst\u00e4rkningsskiktet \u00e4r st\u00f6rre \u00e4n tjockleken p\u00e5 kuddskiktet. ltstjockleken kan multipliceras med reduktionsfaktorn 0,75, men f\u00e5r inte vara mindre \u00e4n 50 mmT\u00f6mningskrav:St\u00e5lfiber och grovt aggregat-+ R\u00f6r om i 30 sekunder ,Tills\u00e4tt sand och cement-R\u00f6r om i 30 sekunder-Tills\u00e4tt vattenR\u00f6r om i 3 minuterKompaktering:<br \/>\n1. Vid gjutning av st\u00e5lfiberbetong ska den blandas efter hand och gjutningen ska ske kontinuerligt. Konstruktionsfogar f\u00e5r inte \u00f6ppnas f\u00f6rr\u00e4n delningsfogarna har n\u00e5tts. Betongen ska vibreras och komprimeras under gjutningen.2. Putsning: Pr\u00e4glad st\u00e5lfiberbetong har egenskaperna f\u00f6r fin insamling av grova material, h\u00f6g sandhastighet och slumpm\u00e4ssig fiberf\u00f6rdelning. den j\u00e4mnas mekaniskt f\u00f6r att f\u00f6rhindra fiberexponering. Pr\u00e4glingsprocessen med hj\u00e4lp av en pr\u00e4glingsmaskin kan ocks\u00e5 undvika fiberexponering orsakad av dragning. Efter 24 timmar b\u00f6r det underh\u00e5llas i r\u00e4tt tid enligt rutin. p\u00e5 sommaren b\u00f6r det t\u00e4ckas med halmp\u00e5sar och liknande, och p\u00e5 vintern, var uppm\u00e4rksam p\u00e5 v\u00e4rmebevarande.<\/p>\n<p>Applikationsf\u00e4lt<br \/>\n1. Byggteknik: husbyggnad, prefabricerade p\u00e5lar, ramnoder, vattent\u00e4tning av tak, vattent\u00e4tning av underjord.2. industrigolv: slitsgolv, icke-slit fioor, s\u00f6ml\u00f6s fioor, p\u00e5lst\u00f6dd fioor, garageutj\u00e4mningsskikt, komposit foor d\u00e4ck,<br \/>\nflottled, fabriksv\u00e4g, trottoar.<br \/>\n2. R\u00f6rledningsteknik: centrifugalr\u00f6r, vibrations- och extruderingsr\u00f6r, pumpr\u00f6r, st\u00e5lfodrade st\u00e5lfiberbetongtryckr\u00f6r.3. Motorv\u00e4gsbroteknik: l\u00e5db\u00e5ge bro b\u00e5gring, kontinuerlig l\u00e5dbalk, brod\u00e4ck.4. Motorv\u00e4gsbel\u00e4ggning och flygplansbrod\u00e4ckteknik: motorv\u00e4gsbel\u00e4ggning, motorv\u00e4gsbel\u00e4ggning i frysta jordomr\u00e5den och flygplatsbel\u00e4ggning<br \/>\n5. J\u00e4rnv\u00e4gsteknik: f\u00f6rsp\u00e4nda j\u00e4rnv\u00e4gsslipers, j\u00e4rnv\u00e4gsslipers med dubbla block.6. Vattenv\u00e5rd och vattenkraftsprojekt: vattenfloderosion och slitdelar, grindar, grindar, korsningar och dammskyddspaneler.7. Hamn- och marinteknik: korrosionsskyddande lager av st\u00e5lr\u00f6rsp\u00e5lar, hamnanl\u00e4ggningar och undervattensbetonganl\u00e4ggningar8. Andra projekt: tunga industrianl\u00e4ggningar, lagergolv, silos, underh\u00e5lls- och f\u00f6rst\u00e4rkningsprojekt, underjordiska kablar, r\u00f6rh\u00e5lsluckor, avloppsgaller.<\/p>","protected":false},"excerpt":{"rendered":"<p>Product Description Hooked End Steet Fiber are cut from thin sieel wires of acertain sirength [&hellip;]<\/p>\n","protected":false},"featured_media":2460,"template":"","meta":{"om_disable_all_campaigns":false,"_monsterinsights_skip_tracking":false,"_monsterinsights_sitenote_active":false,"_monsterinsights_sitenote_note":"","_monsterinsights_sitenote_category":0,"_uf_show_specific_survey":0,"_uf_disable_surveys":false},"product_brand":[],"product_cat":[124],"product_tag":[],"class_list":{"0":"post-2467","1":"product","2":"type-product","3":"status-publish","4":"has-post-thumbnail","6":"product_cat-fiber-reinforcement-materials","8":"first","9":"instock","10":"shipping-taxable","11":"product-type-simple"},"yoast_head":"<!-- This site is optimized with the Yoast SEO Premium plugin v26.2 (Yoast SEO v26.5) - https:\/\/yoast.com\/wordpress\/plugins\/seo\/ -->\n<title>Hooked End Steel Fiber - KAIDA PAINT\u00ae<\/title>\n<meta name=\"robots\" content=\"index, follow, max-snippet:-1, max-image-preview:large, max-video-preview:-1\" \/>\n<link rel=\"canonical\" href=\"https:\/\/www.jinyupaint.com\/sv\/produkt\/hooked-end-steel-fiber\/\" \/>\n<meta property=\"og:locale\" content=\"sv_SE\" \/>\n<meta property=\"og:type\" content=\"article\" \/>\n<meta property=\"og:title\" content=\"Hooked End Steel Fiber\" \/>\n<meta property=\"og:description\" content=\"Product Description Hooked End Steet Fiber are cut from thin sieel wires of acertain sirength [&hellip;]\" \/>\n<meta property=\"og:url\" content=\"https:\/\/www.jinyupaint.com\/sv\/produkt\/hooked-end-steel-fiber\/\" \/>\n<meta property=\"og:site_name\" content=\"KAIDA PAINT\u00ae\" \/>\n<meta property=\"article:modified_time\" content=\"2025-04-18T03:22:28+00:00\" \/>\n<meta property=\"og:image\" content=\"https:\/\/www.jinyupaint.com\/wp-content\/uploads\/2025\/01\/\u7aef\u94a9\u94a2\u7ea4\u7ef4.jpg\" \/>\n\t<meta property=\"og:image:width\" content=\"1706\" \/>\n\t<meta property=\"og:image:height\" content=\"1279\" \/>\n\t<meta property=\"og:image:type\" content=\"image\/jpeg\" \/>\n<meta name=\"twitter:card\" content=\"summary_large_image\" \/>\n<meta name=\"twitter:label1\" content=\"Ber\u00e4knad l\u00e4stid\" \/>\n\t<meta name=\"twitter:data1\" content=\"3 minuter\" \/>\n<script type=\"application\/ld+json\" class=\"yoast-schema-graph\">{\"@context\":\"https:\/\/schema.org\",\"@graph\":[{\"@type\":\"WebPage\",\"@id\":\"https:\/\/www.jinyupaint.com\/product\/hooked-end-steel-fiber\",\"url\":\"https:\/\/www.jinyupaint.com\/product\/hooked-end-steel-fiber\",\"name\":\"Hooked End Steel Fiber - KAIDA PAINT\u00ae\",\"isPartOf\":{\"@id\":\"https:\/\/www.jinyupaint.com\/#website\"},\"primaryImageOfPage\":{\"@id\":\"https:\/\/www.jinyupaint.com\/product\/hooked-end-steel-fiber#primaryimage\"},\"image\":{\"@id\":\"https:\/\/www.jinyupaint.com\/product\/hooked-end-steel-fiber#primaryimage\"},\"thumbnailUrl\":\"https:\/\/www.jinyupaint.com\/wp-content\/uploads\/2025\/01\/\u7aef\u94a9\u94a2\u7ea4\u7ef4.jpg\",\"datePublished\":\"2025-01-06T11:43:25+00:00\",\"dateModified\":\"2025-04-18T03:22:28+00:00\",\"breadcrumb\":{\"@id\":\"https:\/\/www.jinyupaint.com\/product\/hooked-end-steel-fiber#breadcrumb\"},\"inLanguage\":\"sv-SE\",\"potentialAction\":[{\"@type\":\"ReadAction\",\"target\":[\"https:\/\/www.jinyupaint.com\/product\/hooked-end-steel-fiber\"]}]},{\"@type\":\"ImageObject\",\"inLanguage\":\"sv-SE\",\"@id\":\"https:\/\/www.jinyupaint.com\/product\/hooked-end-steel-fiber#primaryimage\",\"url\":\"https:\/\/www.jinyupaint.com\/wp-content\/uploads\/2025\/01\/\u7aef\u94a9\u94a2\u7ea4\u7ef4.jpg\",\"contentUrl\":\"https:\/\/www.jinyupaint.com\/wp-content\/uploads\/2025\/01\/\u7aef\u94a9\u94a2\u7ea4\u7ef4.jpg\",\"width\":1706,\"height\":1279},{\"@type\":\"BreadcrumbList\",\"@id\":\"https:\/\/www.jinyupaint.com\/product\/hooked-end-steel-fiber#breadcrumb\",\"itemListElement\":[{\"@type\":\"ListItem\",\"position\":1,\"name\":\"Home\",\"item\":\"https:\/\/www.jinyupaint.com\/\"},{\"@type\":\"ListItem\",\"position\":2,\"name\":\"Shop\",\"item\":\"https:\/\/www.jinyupaint.com\/shop.html\"},{\"@type\":\"ListItem\",\"position\":3,\"name\":\"Hooked End Steel Fiber\"}]},{\"@type\":\"WebSite\",\"@id\":\"https:\/\/www.jinyupaint.com\/#website\",\"url\":\"https:\/\/www.jinyupaint.com\/\",\"name\":\"JINYU\u00ae PAINT\",\"description\":\"JINYU PAINT\u00ae Manufacturer\",\"potentialAction\":[{\"@type\":\"SearchAction\",\"target\":{\"@type\":\"EntryPoint\",\"urlTemplate\":\"https:\/\/www.jinyupaint.com\/?s={search_term_string}\"},\"query-input\":{\"@type\":\"PropertyValueSpecification\",\"valueRequired\":true,\"valueName\":\"search_term_string\"}}],\"inLanguage\":\"sv-SE\"}]}<\/script>\n<!-- \/ Yoast SEO Premium plugin. -->","yoast_head_json":{"title":"Hooked End Steel Fiber - KAIDA PAINT\u00ae","robots":{"index":"index","follow":"follow","max-snippet":"max-snippet:-1","max-image-preview":"max-image-preview:large","max-video-preview":"max-video-preview:-1"},"canonical":"https:\/\/www.jinyupaint.com\/sv\/produkt\/hooked-end-steel-fiber\/","og_locale":"sv_SE","og_type":"article","og_title":"Hooked End Steel Fiber","og_description":"Product Description Hooked End Steet Fiber are cut from thin sieel wires of acertain sirength [&hellip;]","og_url":"https:\/\/www.jinyupaint.com\/sv\/produkt\/hooked-end-steel-fiber\/","og_site_name":"KAIDA PAINT\u00ae","article_modified_time":"2025-04-18T03:22:28+00:00","og_image":[{"width":1706,"height":1279,"url":"https:\/\/www.jinyupaint.com\/wp-content\/uploads\/2025\/01\/\u7aef\u94a9\u94a2\u7ea4\u7ef4.jpg","type":"image\/jpeg"}],"twitter_card":"summary_large_image","twitter_misc":{"Ber\u00e4knad l\u00e4stid":"3 minuter"},"schema":{"@context":"https:\/\/schema.org","@graph":[{"@type":"WebPage","@id":"https:\/\/www.jinyupaint.com\/product\/hooked-end-steel-fiber","url":"https:\/\/www.jinyupaint.com\/product\/hooked-end-steel-fiber","name":"Hooked End Steel Fiber - KAIDA PAINT\u00ae","isPartOf":{"@id":"https:\/\/www.jinyupaint.com\/#website"},"primaryImageOfPage":{"@id":"https:\/\/www.jinyupaint.com\/product\/hooked-end-steel-fiber#primaryimage"},"image":{"@id":"https:\/\/www.jinyupaint.com\/product\/hooked-end-steel-fiber#primaryimage"},"thumbnailUrl":"https:\/\/www.jinyupaint.com\/wp-content\/uploads\/2025\/01\/\u7aef\u94a9\u94a2\u7ea4\u7ef4.jpg","datePublished":"2025-01-06T11:43:25+00:00","dateModified":"2025-04-18T03:22:28+00:00","breadcrumb":{"@id":"https:\/\/www.jinyupaint.com\/product\/hooked-end-steel-fiber#breadcrumb"},"inLanguage":"sv-SE","potentialAction":[{"@type":"ReadAction","target":["https:\/\/www.jinyupaint.com\/product\/hooked-end-steel-fiber"]}]},{"@type":"ImageObject","inLanguage":"sv-SE","@id":"https:\/\/www.jinyupaint.com\/product\/hooked-end-steel-fiber#primaryimage","url":"https:\/\/www.jinyupaint.com\/wp-content\/uploads\/2025\/01\/\u7aef\u94a9\u94a2\u7ea4\u7ef4.jpg","contentUrl":"https:\/\/www.jinyupaint.com\/wp-content\/uploads\/2025\/01\/\u7aef\u94a9\u94a2\u7ea4\u7ef4.jpg","width":1706,"height":1279},{"@type":"BreadcrumbList","@id":"https:\/\/www.jinyupaint.com\/product\/hooked-end-steel-fiber#breadcrumb","itemListElement":[{"@type":"ListItem","position":1,"name":"Home","item":"https:\/\/www.jinyupaint.com\/"},{"@type":"ListItem","position":2,"name":"Shop","item":"https:\/\/www.jinyupaint.com\/shop.html"},{"@type":"ListItem","position":3,"name":"Hooked End Steel Fiber"}]},{"@type":"WebSite","@id":"https:\/\/www.jinyupaint.com\/#website","url":"https:\/\/www.jinyupaint.com\/","name":"JINYU\u00ae F\u00c4RGER","description":"JINYU PAINT\u00ae Tillverkare","potentialAction":[{"@type":"SearchAction","target":{"@type":"EntryPoint","urlTemplate":"https:\/\/www.jinyupaint.com\/?s={search_term_string}"},"query-input":{"@type":"PropertyValueSpecification","valueRequired":true,"valueName":"search_term_string"}}],"inLanguage":"sv-SE"}]}},"_links":{"self":[{"href":"https:\/\/www.jinyupaint.com\/sv\/wp-json\/wp\/v2\/product\/2467","targetHints":{"allow":["GET"]}}],"collection":[{"href":"https:\/\/www.jinyupaint.com\/sv\/wp-json\/wp\/v2\/product"}],"about":[{"href":"https:\/\/www.jinyupaint.com\/sv\/wp-json\/wp\/v2\/types\/product"}],"wp:featuredmedia":[{"embeddable":true,"href":"https:\/\/www.jinyupaint.com\/sv\/wp-json\/wp\/v2\/media\/2460"}],"wp:attachment":[{"href":"https:\/\/www.jinyupaint.com\/sv\/wp-json\/wp\/v2\/media?parent=2467"}],"wp:term":[{"taxonomy":"product_brand","embeddable":true,"href":"https:\/\/www.jinyupaint.com\/sv\/wp-json\/wp\/v2\/product_brand?post=2467"},{"taxonomy":"product_cat","embeddable":true,"href":"https:\/\/www.jinyupaint.com\/sv\/wp-json\/wp\/v2\/product_cat?post=2467"},{"taxonomy":"product_tag","embeddable":true,"href":"https:\/\/www.jinyupaint.com\/sv\/wp-json\/wp\/v2\/product_tag?post=2467"}],"curies":[{"name":"wp","href":"https:\/\/api.w.org\/{rel}","templated":true}]}}