{"id":2465,"date":"2025-01-06T11:24:29","date_gmt":"2025-01-06T11:24:29","guid":{"rendered":"https:\/\/www.jinyupaint.com\/?post_type=product&#038;p=2465"},"modified":"2025-04-18T03:22:47","modified_gmt":"2025-04-18T03:22:47","slug":"alkali-resistant-glass-fiber","status":"publish","type":"product","link":"https:\/\/www.jinyupaint.com\/sv\/produkt\/alkali-resistant-glass-fiber","title":{"rendered":"Alkalibest\u00e4ndig glasfiber"},"content":{"rendered":"<p>Produktbeskrivning<br \/>\nAlkaliresistent glasfiber \u00e4r 100% oorganisk fiber och \u00e4r idealisk f\u00f6r att ers\u00e4tta st\u00e5l och asbest i icke-b\u00e4rande cementkomponenter. Alkaliresistent glasfiber har god alkaliresistens, kan effektivt motst\u00e5 erosionen av h\u00f6galkalisubstanser i cement, h\u00f6g dragh\u00e5llfasthet, h\u00f6g b\u00f6jh\u00e5llfasthet, icke brandfarlig, frostskyddsmedel, temperatur- och fuktf\u00f6r\u00e4ndringsf\u00f6rm\u00e5ga. Alkaliresistent glasfiber \u00e4r en ny typ av gr\u00f6nt armerat material, som anv\u00e4nds i stor utstr\u00e4ckning i h\u00f6gpresterande armerad betong.<\/p>\n<p>Produktens funktion<br \/>\n1. f\u00f6rb\u00e4ttra b\u00f6jningsprestandan hos h\u00e4rdad betong.2. kontrollera och f\u00f6rhindra sprickbildning av nyblandad betong.h\u00e4rdad betong och murbruk3. blandas j\u00e4mnt, h\u00f6g effektivitet4. inte l\u00e4tt att korrodera.5. bra pumpprestanda.6. l\u00e5g vattenf\u00f6rbrukning.7. h\u00f6g dosanv\u00e4ndning p\u00e5verkar inte processperfommance.<\/p>\n<p>Applikationsf\u00e4lt<br \/>\n1.DAMS, kanaler, vatten etc.2.Tunnel, gruvv\u00e4gg, tak.3.Flod, damm, reservoar och andra projekt.4.Milit\u00e4r skyddsteknik, pir\u00f6verdrag, bropelare etc.5.Produktion av betongkomponenter, r\u00f6r, plattor.6.Highway, energiteknik etc.7.Building top foor, intemal och extemal v\u00e4ggar, k\u00e4llare etc.<\/p>\n<p>Instruktion<br \/>\nRekommenderad dosering: Sekund\u00e4r armering:1,5-5kg\/m*,prim\u00e4r armering, armerat golv :5-15kg\/m<br \/>\nBlandningsprocess:L\u00e4gg till aggregat - l\u00e4gg till fiber- l\u00e4gg till cement l\u00e4gg till vatten omr\u00f6r -* l\u00e4gg till vatten, sprid fibrerna helt<\/p>\n<p>F\u00f6rpackningsdetaljerF\u00f6rpackning: Inre plastp\u00e5se 1 kg-5 kg \/ p\u00e5se, yttre v\u00e4vd v\u00e4ska eller kartong 10 kg-25 kg \/ p\u00e5se eller kartong, 500 kg per pall, kan ocks\u00e5 produceras och f\u00f6rpackas enligt anv\u00e4ndarens krav.<\/p>","protected":false},"excerpt":{"rendered":"<p>Product Description Alkali resistant glass fiber is 100% inorganic fiber and is idealfor replacing steel [&hellip;]<\/p>\n","protected":false},"featured_media":2463,"template":"","meta":{"om_disable_all_campaigns":false,"_monsterinsights_skip_tracking":false,"_monsterinsights_sitenote_active":false,"_monsterinsights_sitenote_note":"","_monsterinsights_sitenote_category":0,"_uf_show_specific_survey":0,"_uf_disable_surveys":false},"product_brand":[],"product_cat":[124],"product_tag":[],"class_list":{"0":"post-2465","1":"product","2":"type-product","3":"status-publish","4":"has-post-thumbnail","6":"product_cat-fiber-reinforcement-materials","8":"first","9":"instock","10":"shipping-taxable","11":"product-type-simple"},"yoast_head":"<!-- This site is optimized with the Yoast SEO Premium plugin v26.2 (Yoast SEO v26.5) - https:\/\/yoast.com\/wordpress\/plugins\/seo\/ -->\n<title>Alkali Resistant Glass Fiber - KAIDA PAINT\u00ae<\/title>\n<meta name=\"robots\" content=\"index, follow, max-snippet:-1, max-image-preview:large, max-video-preview:-1\" \/>\n<link rel=\"canonical\" href=\"https:\/\/www.jinyupaint.com\/sv\/produkt\/alkali-resistant-glass-fiber\/\" \/>\n<meta property=\"og:locale\" content=\"sv_SE\" \/>\n<meta property=\"og:type\" content=\"article\" \/>\n<meta property=\"og:title\" content=\"Alkali Resistant Glass Fiber\" \/>\n<meta property=\"og:description\" content=\"Product Description Alkali resistant glass fiber is 100% inorganic fiber and is idealfor replacing steel [&hellip;]\" \/>\n<meta property=\"og:url\" content=\"https:\/\/www.jinyupaint.com\/sv\/produkt\/alkali-resistant-glass-fiber\/\" \/>\n<meta property=\"og:site_name\" content=\"KAIDA PAINT\u00ae\" \/>\n<meta property=\"article:modified_time\" content=\"2025-04-18T03:22:47+00:00\" \/>\n<meta property=\"og:image\" content=\"https:\/\/www.jinyupaint.com\/wp-content\/uploads\/2025\/01\/\u8010\u78b1\u73bb\u7483\u7ea4\u7ef4.jpg\" \/>\n\t<meta property=\"og:image:width\" content=\"800\" \/>\n\t<meta property=\"og:image:height\" content=\"578\" \/>\n\t<meta property=\"og:image:type\" content=\"image\/jpeg\" \/>\n<meta name=\"twitter:card\" content=\"summary_large_image\" \/>\n<meta name=\"twitter:label1\" content=\"Ber\u00e4knad l\u00e4stid\" \/>\n\t<meta name=\"twitter:data1\" content=\"1 minut\" \/>\n<script type=\"application\/ld+json\" class=\"yoast-schema-graph\">{\"@context\":\"https:\/\/schema.org\",\"@graph\":[{\"@type\":\"WebPage\",\"@id\":\"https:\/\/www.jinyupaint.com\/product\/alkali-resistant-glass-fiber\",\"url\":\"https:\/\/www.jinyupaint.com\/product\/alkali-resistant-glass-fiber\",\"name\":\"Alkali Resistant Glass Fiber - KAIDA PAINT\u00ae\",\"isPartOf\":{\"@id\":\"https:\/\/www.jinyupaint.com\/#website\"},\"primaryImageOfPage\":{\"@id\":\"https:\/\/www.jinyupaint.com\/product\/alkali-resistant-glass-fiber#primaryimage\"},\"image\":{\"@id\":\"https:\/\/www.jinyupaint.com\/product\/alkali-resistant-glass-fiber#primaryimage\"},\"thumbnailUrl\":\"https:\/\/www.jinyupaint.com\/wp-content\/uploads\/2025\/01\/\u8010\u78b1\u73bb\u7483\u7ea4\u7ef4.jpg\",\"datePublished\":\"2025-01-06T11:24:29+00:00\",\"dateModified\":\"2025-04-18T03:22:47+00:00\",\"breadcrumb\":{\"@id\":\"https:\/\/www.jinyupaint.com\/product\/alkali-resistant-glass-fiber#breadcrumb\"},\"inLanguage\":\"sv-SE\",\"potentialAction\":[{\"@type\":\"ReadAction\",\"target\":[\"https:\/\/www.jinyupaint.com\/product\/alkali-resistant-glass-fiber\"]}]},{\"@type\":\"ImageObject\",\"inLanguage\":\"sv-SE\",\"@id\":\"https:\/\/www.jinyupaint.com\/product\/alkali-resistant-glass-fiber#primaryimage\",\"url\":\"https:\/\/www.jinyupaint.com\/wp-content\/uploads\/2025\/01\/\u8010\u78b1\u73bb\u7483\u7ea4\u7ef4.jpg\",\"contentUrl\":\"https:\/\/www.jinyupaint.com\/wp-content\/uploads\/2025\/01\/\u8010\u78b1\u73bb\u7483\u7ea4\u7ef4.jpg\",\"width\":800,\"height\":578},{\"@type\":\"BreadcrumbList\",\"@id\":\"https:\/\/www.jinyupaint.com\/product\/alkali-resistant-glass-fiber#breadcrumb\",\"itemListElement\":[{\"@type\":\"ListItem\",\"position\":1,\"name\":\"Home\",\"item\":\"https:\/\/www.jinyupaint.com\/\"},{\"@type\":\"ListItem\",\"position\":2,\"name\":\"Shop\",\"item\":\"https:\/\/www.jinyupaint.com\/shop.html\"},{\"@type\":\"ListItem\",\"position\":3,\"name\":\"Alkali Resistant Glass Fiber\"}]},{\"@type\":\"WebSite\",\"@id\":\"https:\/\/www.jinyupaint.com\/#website\",\"url\":\"https:\/\/www.jinyupaint.com\/\",\"name\":\"JINYU\u00ae PAINT\",\"description\":\"JINYU PAINT\u00ae Manufacturer\",\"potentialAction\":[{\"@type\":\"SearchAction\",\"target\":{\"@type\":\"EntryPoint\",\"urlTemplate\":\"https:\/\/www.jinyupaint.com\/?s={search_term_string}\"},\"query-input\":{\"@type\":\"PropertyValueSpecification\",\"valueRequired\":true,\"valueName\":\"search_term_string\"}}],\"inLanguage\":\"sv-SE\"}]}<\/script>\n<!-- \/ Yoast SEO Premium plugin. -->","yoast_head_json":{"title":"Alkalibest\u00e4ndig glasfiber - KAIDA PAINT","robots":{"index":"index","follow":"follow","max-snippet":"max-snippet:-1","max-image-preview":"max-image-preview:large","max-video-preview":"max-video-preview:-1"},"canonical":"https:\/\/www.jinyupaint.com\/sv\/produkt\/alkali-resistant-glass-fiber\/","og_locale":"sv_SE","og_type":"article","og_title":"Alkali Resistant Glass Fiber","og_description":"Product Description Alkali resistant glass fiber is 100% inorganic fiber and is idealfor replacing steel [&hellip;]","og_url":"https:\/\/www.jinyupaint.com\/sv\/produkt\/alkali-resistant-glass-fiber\/","og_site_name":"KAIDA PAINT\u00ae","article_modified_time":"2025-04-18T03:22:47+00:00","og_image":[{"width":800,"height":578,"url":"https:\/\/www.jinyupaint.com\/wp-content\/uploads\/2025\/01\/\u8010\u78b1\u73bb\u7483\u7ea4\u7ef4.jpg","type":"image\/jpeg"}],"twitter_card":"summary_large_image","twitter_misc":{"Ber\u00e4knad l\u00e4stid":"1 minut"},"schema":{"@context":"https:\/\/schema.org","@graph":[{"@type":"WebPage","@id":"https:\/\/www.jinyupaint.com\/product\/alkali-resistant-glass-fiber","url":"https:\/\/www.jinyupaint.com\/product\/alkali-resistant-glass-fiber","name":"Alkalibest\u00e4ndig glasfiber - KAIDA PAINT","isPartOf":{"@id":"https:\/\/www.jinyupaint.com\/#website"},"primaryImageOfPage":{"@id":"https:\/\/www.jinyupaint.com\/product\/alkali-resistant-glass-fiber#primaryimage"},"image":{"@id":"https:\/\/www.jinyupaint.com\/product\/alkali-resistant-glass-fiber#primaryimage"},"thumbnailUrl":"https:\/\/www.jinyupaint.com\/wp-content\/uploads\/2025\/01\/\u8010\u78b1\u73bb\u7483\u7ea4\u7ef4.jpg","datePublished":"2025-01-06T11:24:29+00:00","dateModified":"2025-04-18T03:22:47+00:00","breadcrumb":{"@id":"https:\/\/www.jinyupaint.com\/product\/alkali-resistant-glass-fiber#breadcrumb"},"inLanguage":"sv-SE","potentialAction":[{"@type":"ReadAction","target":["https:\/\/www.jinyupaint.com\/product\/alkali-resistant-glass-fiber"]}]},{"@type":"ImageObject","inLanguage":"sv-SE","@id":"https:\/\/www.jinyupaint.com\/product\/alkali-resistant-glass-fiber#primaryimage","url":"https:\/\/www.jinyupaint.com\/wp-content\/uploads\/2025\/01\/\u8010\u78b1\u73bb\u7483\u7ea4\u7ef4.jpg","contentUrl":"https:\/\/www.jinyupaint.com\/wp-content\/uploads\/2025\/01\/\u8010\u78b1\u73bb\u7483\u7ea4\u7ef4.jpg","width":800,"height":578},{"@type":"BreadcrumbList","@id":"https:\/\/www.jinyupaint.com\/product\/alkali-resistant-glass-fiber#breadcrumb","itemListElement":[{"@type":"ListItem","position":1,"name":"Home","item":"https:\/\/www.jinyupaint.com\/"},{"@type":"ListItem","position":2,"name":"Shop","item":"https:\/\/www.jinyupaint.com\/shop.html"},{"@type":"ListItem","position":3,"name":"Alkali Resistant Glass Fiber"}]},{"@type":"WebSite","@id":"https:\/\/www.jinyupaint.com\/#website","url":"https:\/\/www.jinyupaint.com\/","name":"JINYU\u00ae F\u00c4RGER","description":"JINYU PAINT\u00ae Tillverkare","potentialAction":[{"@type":"SearchAction","target":{"@type":"EntryPoint","urlTemplate":"https:\/\/www.jinyupaint.com\/?s={search_term_string}"},"query-input":{"@type":"PropertyValueSpecification","valueRequired":true,"valueName":"search_term_string"}}],"inLanguage":"sv-SE"}]}},"_links":{"self":[{"href":"https:\/\/www.jinyupaint.com\/sv\/wp-json\/wp\/v2\/product\/2465","targetHints":{"allow":["GET"]}}],"collection":[{"href":"https:\/\/www.jinyupaint.com\/sv\/wp-json\/wp\/v2\/product"}],"about":[{"href":"https:\/\/www.jinyupaint.com\/sv\/wp-json\/wp\/v2\/types\/product"}],"wp:featuredmedia":[{"embeddable":true,"href":"https:\/\/www.jinyupaint.com\/sv\/wp-json\/wp\/v2\/media\/2463"}],"wp:attachment":[{"href":"https:\/\/www.jinyupaint.com\/sv\/wp-json\/wp\/v2\/media?parent=2465"}],"wp:term":[{"taxonomy":"product_brand","embeddable":true,"href":"https:\/\/www.jinyupaint.com\/sv\/wp-json\/wp\/v2\/product_brand?post=2465"},{"taxonomy":"product_cat","embeddable":true,"href":"https:\/\/www.jinyupaint.com\/sv\/wp-json\/wp\/v2\/product_cat?post=2465"},{"taxonomy":"product_tag","embeddable":true,"href":"https:\/\/www.jinyupaint.com\/sv\/wp-json\/wp\/v2\/product_tag?post=2465"}],"curies":[{"name":"wp","href":"https:\/\/api.w.org\/{rel}","templated":true}]}}