{"id":1524,"date":"2023-10-17T06:39:15","date_gmt":"2023-10-17T06:39:15","guid":{"rendered":"http:\/\/www.jinyupaint.com\/?post_type=product&#038;p=1524"},"modified":"2025-11-30T10:33:47","modified_gmt":"2025-11-30T10:33:47","slug":"gt-wsp-ft-jy-wb-outdoor-intumescent-steel-structure-fire-retardant-coating","status":"publish","type":"product","link":"https:\/\/www.jinyupaint.com\/sv\/produkt\/gt-wsp-ft-jy-wb-outdoor-intumescent-steel-structure-fire-retardant-coating","title":{"rendered":"KD-WSP-FT JY-WB Sv\u00e4llande brandskyddsf\u00e4rg f\u00f6r utomhusbruk f\u00f6r st\u00e5lkonstruktioner"},"content":{"rendered":"<p class=\"ds-markdown-paragraph\">JY-WB \u00e4r en h\u00f6gpresterande vattenbaserad sv\u00e4llande f\u00e4rg f\u00f6r st\u00e5l som \u00e4r s\u00e4rskilt utformad f\u00f6r utomhusbruk och brandskydd mot kolv\u00e4ten. Den h\u00e4r milj\u00f6v\u00e4nliga f\u00e4rgen har en giftfri, bensenfri formula som \u00e4r VOC-kompatibel och s\u00e4ker f\u00f6r b\u00e5de applicerare och milj\u00f6. Den har utm\u00e4rkta brandegenskaper och ger ett tillf\u00f6rlitligt skydd f\u00f6r olika profiler av konstruktionsst\u00e5l, t.ex. H-balkar, i kr\u00e4vande industrimilj\u00f6er.<\/p>\n<p class=\"ds-markdown-paragraph\">Bel\u00e4ggningens snabbtorkande egenskaper m\u00f6jligg\u00f6r effektiv sprutapplicering, vilket avsev\u00e4rt f\u00f6rkortar projekttiderna samtidigt som den bibeh\u00e5ller \u00f6verl\u00e4gsen vidh\u00e4ftning p\u00e5 korrekt f\u00f6rberedda st\u00e5lytor. JY-WB \u00e4r certifierad enligt GB14907-2018 och CCCF-godk\u00e4nd och ger exceptionella prestanda i petroleumraffinaderier, kraftverk, kemiska processanl\u00e4ggningar och andra tunga industriella applikationer d\u00e4r brandmotst\u00e5nd mot kolv\u00e4ten \u00e4r avg\u00f6rande.<\/p>\n<h2 class=\"ds-markdown-paragraph\">Viktiga egenskaper:<\/h2>\n<p class=\"ds-markdown-paragraph\">\u2714\u00a0<strong>Snabbtorkande och enkel applicering<\/strong>\u00a0- Sprayapplicerad f\u00f6r h\u00f6g effektivitet<br \/>\n\u2714\u00a0<strong>Milj\u00f6v\u00e4nlig formel<\/strong>\u00a0- Giftfri, l\u00f6sningsmedelsfri och l\u00e5g-VOC<br \/>\n\u2714\u00a0<strong>1-2,5 timmar Brandklassning<\/strong>\u00a0- Uppfyller standarden GB14907-2018<br \/>\n\u2714\u00a0<strong>V\u00e4derbest\u00e4ndig<\/strong>\u00a0- T\u00e5l tuffa utomhusf\u00f6rh\u00e5llanden<br \/>\n\u2714\u00a0<strong>CCCF-certifierad<\/strong>\u00a0- Uppfyller Kinas str\u00e4nga brands\u00e4kerhetsbest\u00e4mmelser<\/p>\n<p class=\"ds-markdown-paragraph\"><strong>Idealisk f\u00f6r<\/strong>: Industrianl\u00e4ggningar, kraftverk, petrokemiska anl\u00e4ggningar och H-balkstrukturer.<\/p>\n<h2><strong>Certifieringar och testdata<\/strong><\/h2>\n<ul>\n<li>\n<p class=\"ds-markdown-paragraph\"><strong>GB14907-2018\u00a0certified<\/strong> (1.0h, 1.5h, 2.0h, 2.5h ratings)<\/p>\n<\/li>\n<li>\n<p class=\"ds-markdown-paragraph\"><strong>CCCF certifiering av brandprodukter<\/strong><\/p>\n<\/li>\n<li>\n<p class=\"ds-markdown-paragraph\"><strong>L\u00e5g v\u00e4rmeledningsf\u00f6rm\u00e5ga<\/strong>\u00a0(testad f\u00f6r v\u00e4rmeisolering)<\/p>\n<\/li>\n<\/ul>\n<div class=\"markdown-table-wrapper\">\n<table>\n<thead>\n<tr>\n<th><strong>Produktkod<\/strong><\/th>\n<th><strong>Testrapport nr.<\/strong><\/th>\n<th><strong>Max nedb\u00f6jning<\/strong><\/th>\n<th><strong>Faktisk brandklassning (h)<\/strong><\/th>\n<th><strong>Tjocklek (mm)<\/strong><\/th>\n<th><strong>Anv\u00e4ndning (kg\/m\u00b2)<\/strong><\/th>\n<\/tr>\n<\/thead>\n<tbody>\n<tr>\n<td>GT-NSP-Ft1.00-JY-WB<\/td>\n<td>XF2205568<\/td>\n<td>31,7 mm<\/td>\n<td>1.0<\/td>\n<td>2.5<\/td>\n<td>4<\/td>\n<\/tr>\n<tr>\n<td>GT-NSP-Ft2.00-JY-WB<\/td>\n<td>XF2103687<\/td>\n<td>38,8 mm<\/td>\n<td>2.0<\/td>\n<td>4.5<\/td>\n<td>7.2<\/td>\n<\/tr>\n<tr>\n<td>GT-NSP-Ft2.00-JY-WB (2,5 timmar)<\/td>\n<td>XF2205568<\/td>\n<td>31,6 mm<\/td>\n<td>2.5<\/td>\n<td>5.5<\/td>\n<td>8.8<\/td>\n<\/tr>\n<\/tbody>\n<\/table>\n<\/div>\n<h2 class=\"ds-markdown-paragraph\"><strong>Riktlinjer f\u00f6r ytbehandling vid applicering av sv\u00e4llande f\u00e4rg p\u00e5 st\u00e5lkonstruktioner<\/strong><\/h2>\n<ol start=\"1\">\n<li>\n<p class=\"ds-markdown-paragraph\"><strong>Primer Systemkrav<\/strong><br \/>\nEfter sandbl\u00e4stringen m\u00e5ste st\u00e5lytorna behandlas med ett kompatibelt system av korrosionsskyddande primer. Vi rekommenderar att man anv\u00e4nder epoxi-zinkrik primer av m\u00e4rket \"Jinyu\" i kombination med ett mellanskikt av epoxi-glimmerhaltig j\u00e4rnoxid f\u00f6r att s\u00e4kerst\u00e4lla korrekt vidh\u00e4ftning med den sv\u00e4llande f\u00e4rgen f\u00f6r st\u00e5l. B\u00e5de primer och mellanskikt m\u00e5ste bilda en kontinuerlig, felfri film f\u00f6r att helt t\u00e4ta substratet, annars kan det leda till delaminering av den brands\u00e4kra bel\u00e4ggningen och korrosion av substratet.<\/p>\n<\/li>\n<li>\n<p class=\"ds-markdown-paragraph\"><strong>Kompatibilitetstest f\u00f6r alternativa primrar<\/strong><br \/>\nVid anv\u00e4ndning av andra primersystem m\u00e5ste kompatibilitetstest utf\u00f6ras antingen av certifierade laboratorier eller genom utborstningstester p\u00e5 plats f\u00f6r att verifiera korrekt vidh\u00e4ftning med den sv\u00e4llande brands\u00e4kra bel\u00e4ggningen f\u00f6r st\u00e5lkonstruktioner.<\/p>\n<\/li>\n<li>\n<p class=\"ds-markdown-paragraph\"><strong>Begr\u00e4nsningar f\u00f6r ans\u00f6kan<\/strong><br \/>\nDen sv\u00e4llande bel\u00e4ggningen f\u00e5r aldrig appliceras direkt p\u00e5:<br \/>\n\u2713 Obehandlade st\u00e5lytor<br \/>\n\u2713 Galvaniserade bel\u00e4ggningar<br \/>\nDirekt applicering kan orsaka bel\u00e4ggningsfel och p\u00e5skyndad st\u00e5lkorrosion.<\/p>\n<\/li>\n<li>\n<p class=\"ds-markdown-paragraph\"><strong>Inspektion f\u00f6re ans\u00f6kan<\/strong><br \/>\nF\u00f6re applicering av den kolv\u00e4tebrandbest\u00e4ndiga sv\u00e4llande f\u00e4rgen ska den noggrant inspekteras:<br \/>\n\u2713 Fullst\u00e4ndig primert\u00e4ckning<br \/>\n\u2713 Ytf\u00f6roreningar (damm, oljerester)<br \/>\n\u2713 Strukturella defekter (sprickor, otillr\u00e4ckliga svetsar)<br \/>\nAns\u00f6kan b\u00f6r endast forts\u00e4tta efter att ha passerat alla inspektioner.<\/p>\n<\/li>\n<\/ol>\n<h2><strong>Till\u00e4mpningsguide<\/strong><\/h2>\n<ol start=\"1\">\n<li>\n<p class=\"ds-markdown-paragraph\"><strong>Blandning<\/strong>: R\u00f6r med elvisp; tills\u00e4tt \u22645% vatten om det beh\u00f6vs.<\/p>\n<\/li>\n<li><strong>Besprutning<\/strong>:\n<ul>\n<li>\n<p class=\"ds-markdown-paragraph\">Apply in\u00a0crosshatch layers\u00a0(1\u20132mm per pass).<\/p>\n<\/li>\n<li>\n<p class=\"ds-markdown-paragraph\"><strong>F\u00f6rsta lagret<\/strong>: \u22641,5 mm tjocklek.<\/p>\n<\/li>\n<li>\n<p class=\"ds-markdown-paragraph\"><strong>Torktid<\/strong>: 12+ timmar mellan strykningarna (anpassa efter temperatur).<\/p>\n<\/li>\n<\/ul>\n<\/li>\n<li><strong>Milj\u00f6<\/strong>:\n<ul>\n<li>\n<p class=\"ds-markdown-paragraph\"><strong>Temperatur<\/strong>: 15-30\u00b0C (gr\u00e4nsv\u00e4rden: 5-35\u00b0C).<\/p>\n<\/li>\n<li>\n<p class=\"ds-markdown-paragraph\"><strong>Luftfuktighet<\/strong>: \u226480%.<\/p>\n<\/li>\n<\/ul>\n<\/li>\n<li>\n<p class=\"ds-markdown-paragraph\"><strong>F\u00f6rst\u00e4rkning<\/strong>: Anv\u00e4ndning\u00a0<strong>glasfibern\u00e4t<\/strong>\u00a0f\u00f6r kritiska omr\u00e5den.<\/p>\n<\/li>\n<\/ol>\n<h2><strong>F\u00f6rvaring &amp; transport<\/strong><\/h2>\n<ul>\n<li>F\u00f6rvaras i torra, ventilerade utrymmen (\u22655\u00b0C).<\/li>\n<li><strong>H\u00e5llbarhetstid<\/strong>: 6 m\u00e5nader (undvik fukt).<\/li>\n<\/ul>\n<figure id=\"attachment_5416\" aria-describedby=\"caption-attachment-5416\" style=\"width: 570px\" class=\"wp-caption alignnone\"><a href=\"https:\/\/www.jinyupaint.com\/wp-content\/uploads\/2023\/10\/GT-WSP-FT-JY-WB-Outdoor-Intumescent-Steel-Structure-Fire-Retardant-Coating-2.jpg\"><img fetchpriority=\"high\" decoding=\"async\" class=\"wp-image-5416 size-full\" src=\"https:\/\/www.jinyupaint.com\/wp-content\/uploads\/2023\/10\/GT-WSP-FT-JY-WB-Outdoor-Intumescent-Steel-Structure-Fire-Retardant-Coating-2.jpg\" alt=\"GT-WSP-FT-JY-WB-Intumescent st\u00e5lkonstruktion f\u00f6r utomhusbruk - brandh\u00e4mmande bel\u00e4ggning\" width=\"570\" height=\"360\" srcset=\"https:\/\/www.jinyupaint.com\/wp-content\/uploads\/2023\/10\/GT-WSP-FT-JY-WB-Outdoor-Intumescent-Steel-Structure-Fire-Retardant-Coating-2.jpg 570w, https:\/\/www.jinyupaint.com\/wp-content\/uploads\/2023\/10\/GT-WSP-FT-JY-WB-Outdoor-Intumescent-Steel-Structure-Fire-Retardant-Coating-2-300x189.jpg 300w, https:\/\/www.jinyupaint.com\/wp-content\/uploads\/2023\/10\/GT-WSP-FT-JY-WB-Outdoor-Intumescent-Steel-Structure-Fire-Retardant-Coating-2-18x12.jpg 18w\" sizes=\"(max-width: 570px) 100vw, 570px\" \/><\/a><figcaption id=\"caption-attachment-5416\" class=\"wp-caption-text\">Personalen applicerar GT-WSP-FT-JY-WB-bel\u00e4ggning p\u00e5 exponerade st\u00e5lb\u00e5gar p\u00e5 en stadion vid havet, vilket ger 150 minuters brandmotst\u00e5nd (EN 13381-8) samtidigt som det st\u00e5r emot salta vindar, med realtidsfuktighetssensorer som s\u00e4kerst\u00e4ller korrekt h\u00e4rdning i 95% RH marina milj\u00f6er.<\/figcaption><\/figure>\n<figure id=\"attachment_5417\" aria-describedby=\"caption-attachment-5417\" style=\"width: 570px\" class=\"wp-caption alignnone\"><a href=\"https:\/\/www.jinyupaint.com\/wp-content\/uploads\/2023\/10\/GT-WSP-FT-JY-WB-Outdoor-Intumescent-Steel-Structure-Fire-Retardant-Coating-3.jpg\"><img decoding=\"async\" class=\"wp-image-5417 size-full\" src=\"https:\/\/www.jinyupaint.com\/wp-content\/uploads\/2023\/10\/GT-WSP-FT-JY-WB-Outdoor-Intumescent-Steel-Structure-Fire-Retardant-Coating-3.jpg\" alt=\"GT-WSP-FT-JY-WB-Intumescent st\u00e5lkonstruktion f\u00f6r utomhusbruk - brandh\u00e4mmande bel\u00e4ggning\" width=\"570\" height=\"360\" srcset=\"https:\/\/www.jinyupaint.com\/wp-content\/uploads\/2023\/10\/GT-WSP-FT-JY-WB-Outdoor-Intumescent-Steel-Structure-Fire-Retardant-Coating-3.jpg 570w, https:\/\/www.jinyupaint.com\/wp-content\/uploads\/2023\/10\/GT-WSP-FT-JY-WB-Outdoor-Intumescent-Steel-Structure-Fire-Retardant-Coating-3-300x189.jpg 300w, https:\/\/www.jinyupaint.com\/wp-content\/uploads\/2023\/10\/GT-WSP-FT-JY-WB-Outdoor-Intumescent-Steel-Structure-Fire-Retardant-Coating-3-18x12.jpg 18w\" sizes=\"(max-width: 570px) 100vw, 570px\" \/><\/a><figcaption id=\"caption-attachment-5417\" class=\"wp-caption-text\">Tredjepartsinspekt\u00f6rer uppm\u00e4ter 20x char-expansion hos GT-WSP-FT-JY-WB-bel\u00e4ggningen efter kolv\u00e4tebrandtest (UL 1709), vilket \u00e4r avg\u00f6rande f\u00f6r luftledningar vid ett kustraffinaderi d\u00e4r risken f\u00f6r jetbr\u00e4nder kr\u00e4ver dubbelt korrosions- och brandskydd.<\/figcaption><\/figure>\n<p class=\"ds-markdown-paragraph\"><strong>Projektfall: Hainan Ocean Flower Island Brandskyddande bel\u00e4ggning<\/strong><\/p>\n<p class=\"ds-markdown-paragraph\">I projektet Hainan Ocean Flower Island (2018) anv\u00e4ndes WeB- och BTCB-1-brandskyddsbel\u00e4ggningar p\u00e5 107 000 kvadratmeter konstruktionsst\u00e5l i kustn\u00e4ra f\u00f6rh\u00e5llanden med h\u00f6g luftfuktighet. V\u00e5ra l\u00f6sningar gav 120 minuters brandmotst\u00e5nd f\u00f6r komplexa resortstrukturer samtidigt som de uppfyllde GB 14907-2018-standarderna, med specialiserade korrosionsskyddande egenskaper f\u00f6r att klara tropiska marina milj\u00f6er. Detta storskaliga turismprojekt visar v\u00e5r f\u00f6rm\u00e5ga att leverera estetiskt och h\u00e5llbart brandskydd f\u00f6r megautvecklingar p\u00e5 \u00f6ar.<\/p>\n<p><a href=\"https:\/\/www.jinyupaint.com\/wp-content\/uploads\/2023\/10\/Hainan-Ocean-Flower-Island-Project.jpg\"><img decoding=\"async\" class=\"size-full wp-image-5418\" src=\"https:\/\/www.jinyupaint.com\/wp-content\/uploads\/2023\/10\/Hainan-Ocean-Flower-Island-Project.jpg\" alt=\"Hainan Ocean Flower Island-projektet\" width=\"570\" height=\"360\" srcset=\"https:\/\/www.jinyupaint.com\/wp-content\/uploads\/2023\/10\/Hainan-Ocean-Flower-Island-Project.jpg 570w, https:\/\/www.jinyupaint.com\/wp-content\/uploads\/2023\/10\/Hainan-Ocean-Flower-Island-Project-300x189.jpg 300w, https:\/\/www.jinyupaint.com\/wp-content\/uploads\/2023\/10\/Hainan-Ocean-Flower-Island-Project-18x12.jpg 18w\" sizes=\"(max-width: 570px) 100vw, 570px\" \/><\/a><\/p>\n<p class=\"ds-markdown-paragraph\"><strong>Projektfall: Applicering av brands\u00e4ker bel\u00e4ggning p\u00e5 Shenzhen Baoneng Tower<\/strong><\/p>\n<p class=\"ds-markdown-paragraph\">Projektet Shenzhen Baoneng Tower (2021) implementerade WCB-, SB-3- och BTCB-2 brands\u00e4kra bel\u00e4ggningar f\u00f6r att skydda kritiska konstruktionselement i detta 200 meter h\u00f6ga urbana h\u00f6ghus. V\u00e5ra l\u00f6sningar gav 180 minuters brandmotst\u00e5nd f\u00f6r centrala st\u00e5lpelare samtidigt som de uppfyllde b\u00e5de GB 50016-2014 och LEED-s\u00e4kerhetsstandarder, med WCB-bel\u00e4ggningssystemet f\u00f6r utomhusbruk som \u00e4r s\u00e4rskilt konstruerat f\u00f6r att motst\u00e5 subtropisk fuktighet och exponering f\u00f6r surt regn. Det h\u00e4r projektet \u00e4r ett exempel p\u00e5 v\u00e5r expertis n\u00e4r det g\u00e4ller att leverera h\u00f6gpresterande brandskydd f\u00f6r komplexa skyskrapor i st\u00e4der.<\/p>\n<p><a href=\"https:\/\/www.jinyupaint.com\/wp-content\/uploads\/2023\/10\/Shenzhen-Baoneng-Building-Project.jpg\"><img loading=\"lazy\" decoding=\"async\" class=\"size-full wp-image-5419\" src=\"https:\/\/www.jinyupaint.com\/wp-content\/uploads\/2023\/10\/Shenzhen-Baoneng-Building-Project.jpg\" alt=\"Shenzhen Baoneng byggnadsprojekt\" width=\"570\" height=\"360\" srcset=\"https:\/\/www.jinyupaint.com\/wp-content\/uploads\/2023\/10\/Shenzhen-Baoneng-Building-Project.jpg 570w, https:\/\/www.jinyupaint.com\/wp-content\/uploads\/2023\/10\/Shenzhen-Baoneng-Building-Project-300x189.jpg 300w, https:\/\/www.jinyupaint.com\/wp-content\/uploads\/2023\/10\/Shenzhen-Baoneng-Building-Project-18x12.jpg 18w\" sizes=\"(max-width: 570px) 100vw, 570px\" \/><\/a><\/p>","protected":false},"excerpt":{"rendered":"<p class=\"ds-markdown-paragraph\">JY-WB \u00e4r en avancerad vattenbaserad sv\u00e4llande f\u00e4rg som \u00e4r speciellt utformad f\u00f6r st\u00e5lkonstruktioner utomhus. Denna h\u00f6gpresterande l\u00f6sning ger:<\/p>\n<p class=\"ds-markdown-paragraph\">\u2714\u00a0<strong>1-2,5 timmars brandskydd<\/strong>\u00a0- Certifierad enligt standarden GB14907-2018<br \/>\n\u2714\u00a0<strong>Kolv\u00e4te Brandmotst\u00e5nd<\/strong>\u00a0- Idealisk f\u00f6r petrokemiska och industriella till\u00e4mpningar<br \/>\n\u2714\u00a0<strong>Snabbtorkande formel<\/strong>\u00a0- M\u00f6jligg\u00f6r snabb sprayapplicering och snabbt projektavslut<br \/>\n\u2714\u00a0<strong>V\u00e4derbest\u00e4ndig<\/strong>\u00a0- T\u00e5l tuffa utomhusmilj\u00f6er<br \/>\n\u2714\u00a0<strong>Milj\u00f6v\u00e4nlig<\/strong>\u00a0- Giftfri, l\u00e5g VOC och l\u00f6sningsmedelsfri formulering<br \/>\n\u2714\u00a0<strong>CCCF-certifierad<\/strong>\u00a0- Uppfyller Kinas strikta brands\u00e4kerhetsbest\u00e4mmelser<\/p>\n<p class=\"ds-markdown-paragraph\"><strong>Idealisk f\u00f6r<\/strong>:<br \/>\n- Olje- och gasanl\u00e4ggningar - Kraftverk - Industriella lagerlokaler - Brokonstruktioner<\/p>\n<p class=\"ds-markdown-paragraph\">Ett tillf\u00f6rlitligt och h\u00f6geffektivt val f\u00f6r att skydda st\u00e5lkonstruktioner utomhus mot extrema brandrisker.<\/p>","protected":false},"featured_media":5415,"template":"","meta":{"om_disable_all_campaigns":false,"_monsterinsights_skip_tracking":false,"_monsterinsights_sitenote_active":false,"_monsterinsights_sitenote_note":"","_monsterinsights_sitenote_category":0,"_uf_show_specific_survey":0,"_uf_disable_surveys":false},"product_brand":[],"product_cat":[90],"product_tag":[517,519,516,518,520],"class_list":{"0":"post-1524","1":"product","2":"type-product","3":"status-publish","4":"has-post-thumbnail","6":"product_cat-fire-retardant-paint","7":"product_tag-intumescent-coating-for-steel","8":"product_tag-intumescent-fireproofing-paint-for-steel","9":"product_tag-intumescent-paint-for-steel","10":"product_tag-intumescent-paint-steel-fire-protection","11":"product_tag-structural-steel-intumescent-paint","13":"first","14":"instock","15":"shipping-taxable","16":"product-type-simple"},"yoast_head":"<!-- This site is optimized with the Yoast SEO Premium plugin v26.2 (Yoast SEO v26.5) - https:\/\/yoast.com\/wordpress\/plugins\/seo\/ -->\n<title>Outdoor Intumescent Resistant Paint for Steel- KAIDA PAINT\u00ae Manufacturer | Supplier<\/title>\n<meta name=\"description\" content=\"JY-WB is a water-based intumescent fire retardant paint for outdoor steel structures. GB14907 certified (1-2.5h rating), CCCF approved, ideal for industrial plants &amp; petrochemical facilities. Fast-drying, eco-friendly formula.\" \/>\n<meta name=\"robots\" content=\"index, follow, max-snippet:-1, max-image-preview:large, max-video-preview:-1\" \/>\n<link rel=\"canonical\" href=\"https:\/\/www.jinyupaint.com\/sv\/produkt\/gt-wsp-ft-jy-wb-outdoor-intumescent-steel-structure-fire-retardant-coating\/\" \/>\n<meta property=\"og:locale\" content=\"sv_SE\" \/>\n<meta property=\"og:type\" content=\"article\" \/>\n<meta property=\"og:title\" content=\"KD-WSP-FT JY-WB Outdoor Intumescent Fire Resistant Paint for Steel Structure\" \/>\n<meta property=\"og:description\" content=\"JY-WB is a water-based intumescent fire retardant paint for outdoor steel structures. GB14907 certified (1-2.5h rating), CCCF approved, ideal for industrial plants &amp; petrochemical facilities. Fast-drying, eco-friendly formula.\" \/>\n<meta property=\"og:url\" content=\"https:\/\/www.jinyupaint.com\/sv\/produkt\/gt-wsp-ft-jy-wb-outdoor-intumescent-steel-structure-fire-retardant-coating\/\" \/>\n<meta property=\"og:site_name\" content=\"KAIDA PAINT\u00ae\" \/>\n<meta property=\"article:modified_time\" content=\"2025-11-30T10:33:47+00:00\" \/>\n<meta property=\"og:image\" content=\"https:\/\/www.jinyupaint.com\/wp-content\/uploads\/2023\/10\/GT-WSP-FT-JY-WB-Outdoor-Intumescent-Steel-Structure-Fire-Retardant-Coating.jpg\" \/>\n\t<meta property=\"og:image:width\" content=\"800\" \/>\n\t<meta property=\"og:image:height\" content=\"800\" \/>\n\t<meta property=\"og:image:type\" content=\"image\/jpeg\" \/>\n<meta name=\"twitter:card\" content=\"summary_large_image\" \/>\n<meta name=\"twitter:label1\" content=\"Ber\u00e4knad l\u00e4stid\" \/>\n\t<meta name=\"twitter:data1\" content=\"5 minuter\" \/>\n<script type=\"application\/ld+json\" class=\"yoast-schema-graph\">{\"@context\":\"https:\/\/schema.org\",\"@graph\":[{\"@type\":\"WebPage\",\"@id\":\"https:\/\/www.jinyupaint.com\/product\/gt-wsp-ft-jy-wb-outdoor-intumescent-steel-structure-fire-retardant-coating\",\"url\":\"https:\/\/www.jinyupaint.com\/product\/gt-wsp-ft-jy-wb-outdoor-intumescent-steel-structure-fire-retardant-coating\",\"name\":\"Outdoor Intumescent Resistant Paint for Steel- KAIDA PAINT\u00ae Manufacturer | Supplier\",\"isPartOf\":{\"@id\":\"https:\/\/www.jinyupaint.com\/#website\"},\"primaryImageOfPage\":{\"@id\":\"https:\/\/www.jinyupaint.com\/product\/gt-wsp-ft-jy-wb-outdoor-intumescent-steel-structure-fire-retardant-coating#primaryimage\"},\"image\":{\"@id\":\"https:\/\/www.jinyupaint.com\/product\/gt-wsp-ft-jy-wb-outdoor-intumescent-steel-structure-fire-retardant-coating#primaryimage\"},\"thumbnailUrl\":\"https:\/\/www.jinyupaint.com\/wp-content\/uploads\/2023\/10\/GT-WSP-FT-JY-WB-Outdoor-Intumescent-Steel-Structure-Fire-Retardant-Coating.jpg\",\"datePublished\":\"2023-10-17T06:39:15+00:00\",\"dateModified\":\"2025-11-30T10:33:47+00:00\",\"description\":\"JY-WB is a water-based intumescent fire retardant paint for outdoor steel structures. GB14907 certified (1-2.5h rating), CCCF approved, ideal for industrial plants & petrochemical facilities. Fast-drying, eco-friendly formula.\",\"breadcrumb\":{\"@id\":\"https:\/\/www.jinyupaint.com\/product\/gt-wsp-ft-jy-wb-outdoor-intumescent-steel-structure-fire-retardant-coating#breadcrumb\"},\"inLanguage\":\"sv-SE\",\"potentialAction\":[{\"@type\":\"ReadAction\",\"target\":[\"https:\/\/www.jinyupaint.com\/product\/gt-wsp-ft-jy-wb-outdoor-intumescent-steel-structure-fire-retardant-coating\"]}]},{\"@type\":\"ImageObject\",\"inLanguage\":\"sv-SE\",\"@id\":\"https:\/\/www.jinyupaint.com\/product\/gt-wsp-ft-jy-wb-outdoor-intumescent-steel-structure-fire-retardant-coating#primaryimage\",\"url\":\"https:\/\/www.jinyupaint.com\/wp-content\/uploads\/2023\/10\/GT-WSP-FT-JY-WB-Outdoor-Intumescent-Steel-Structure-Fire-Retardant-Coating.jpg\",\"contentUrl\":\"https:\/\/www.jinyupaint.com\/wp-content\/uploads\/2023\/10\/GT-WSP-FT-JY-WB-Outdoor-Intumescent-Steel-Structure-Fire-Retardant-Coating.jpg\",\"width\":800,\"height\":800,\"caption\":\"GT-WSP-FT-JY-WB-Outdoor-Intumescent-Steel-Structure-Fire-Retardant-Coating\"},{\"@type\":\"BreadcrumbList\",\"@id\":\"https:\/\/www.jinyupaint.com\/product\/gt-wsp-ft-jy-wb-outdoor-intumescent-steel-structure-fire-retardant-coating#breadcrumb\",\"itemListElement\":[{\"@type\":\"ListItem\",\"position\":1,\"name\":\"Home\",\"item\":\"https:\/\/www.jinyupaint.com\/\"},{\"@type\":\"ListItem\",\"position\":2,\"name\":\"Shop\",\"item\":\"https:\/\/www.jinyupaint.com\/shop.html\"},{\"@type\":\"ListItem\",\"position\":3,\"name\":\"KD-WSP-FT JY-WB Outdoor Intumescent Fire Resistant Paint for Steel Structure\"}]},{\"@type\":\"WebSite\",\"@id\":\"https:\/\/www.jinyupaint.com\/#website\",\"url\":\"https:\/\/www.jinyupaint.com\/\",\"name\":\"JINYU\u00ae PAINT\",\"description\":\"JINYU PAINT\u00ae Manufacturer\",\"potentialAction\":[{\"@type\":\"SearchAction\",\"target\":{\"@type\":\"EntryPoint\",\"urlTemplate\":\"https:\/\/www.jinyupaint.com\/?s={search_term_string}\"},\"query-input\":{\"@type\":\"PropertyValueSpecification\",\"valueRequired\":true,\"valueName\":\"search_term_string\"}}],\"inLanguage\":\"sv-SE\"}]}<\/script>\n<!-- \/ Yoast SEO Premium plugin. -->","yoast_head_json":{"title":"Outdoor Intumescent Resistant Paint for Steel- KAIDA PAINT\u00ae Manufacturer | Supplier","description":"JY-WB \u00e4r en vattenbaserad sv\u00e4llande brandskyddsf\u00e4rg f\u00f6r st\u00e5lkonstruktioner utomhus. GB14907-certifierad (1-2,5h-klassning), CCCF-godk\u00e4nd, idealisk f\u00f6r industrianl\u00e4ggningar och petrokemiska anl\u00e4ggningar. Snabbtorkande, milj\u00f6v\u00e4nlig formula.","robots":{"index":"index","follow":"follow","max-snippet":"max-snippet:-1","max-image-preview":"max-image-preview:large","max-video-preview":"max-video-preview:-1"},"canonical":"https:\/\/www.jinyupaint.com\/sv\/produkt\/gt-wsp-ft-jy-wb-outdoor-intumescent-steel-structure-fire-retardant-coating\/","og_locale":"sv_SE","og_type":"article","og_title":"KD-WSP-FT JY-WB Outdoor Intumescent Fire Resistant Paint for Steel Structure","og_description":"JY-WB is a water-based intumescent fire retardant paint for outdoor steel structures. GB14907 certified (1-2.5h rating), CCCF approved, ideal for industrial plants & petrochemical facilities. Fast-drying, eco-friendly formula.","og_url":"https:\/\/www.jinyupaint.com\/sv\/produkt\/gt-wsp-ft-jy-wb-outdoor-intumescent-steel-structure-fire-retardant-coating\/","og_site_name":"KAIDA PAINT\u00ae","article_modified_time":"2025-11-30T10:33:47+00:00","og_image":[{"width":800,"height":800,"url":"https:\/\/www.jinyupaint.com\/wp-content\/uploads\/2023\/10\/GT-WSP-FT-JY-WB-Outdoor-Intumescent-Steel-Structure-Fire-Retardant-Coating.jpg","type":"image\/jpeg"}],"twitter_card":"summary_large_image","twitter_misc":{"Ber\u00e4knad l\u00e4stid":"5 minuter"},"schema":{"@context":"https:\/\/schema.org","@graph":[{"@type":"WebPage","@id":"https:\/\/www.jinyupaint.com\/product\/gt-wsp-ft-jy-wb-outdoor-intumescent-steel-structure-fire-retardant-coating","url":"https:\/\/www.jinyupaint.com\/product\/gt-wsp-ft-jy-wb-outdoor-intumescent-steel-structure-fire-retardant-coating","name":"Outdoor Intumescent Resistant Paint for Steel- KAIDA PAINT\u00ae Manufacturer | Supplier","isPartOf":{"@id":"https:\/\/www.jinyupaint.com\/#website"},"primaryImageOfPage":{"@id":"https:\/\/www.jinyupaint.com\/product\/gt-wsp-ft-jy-wb-outdoor-intumescent-steel-structure-fire-retardant-coating#primaryimage"},"image":{"@id":"https:\/\/www.jinyupaint.com\/product\/gt-wsp-ft-jy-wb-outdoor-intumescent-steel-structure-fire-retardant-coating#primaryimage"},"thumbnailUrl":"https:\/\/www.jinyupaint.com\/wp-content\/uploads\/2023\/10\/GT-WSP-FT-JY-WB-Outdoor-Intumescent-Steel-Structure-Fire-Retardant-Coating.jpg","datePublished":"2023-10-17T06:39:15+00:00","dateModified":"2025-11-30T10:33:47+00:00","description":"JY-WB \u00e4r en vattenbaserad sv\u00e4llande brandskyddsf\u00e4rg f\u00f6r st\u00e5lkonstruktioner utomhus. GB14907-certifierad (1-2,5h-klassning), CCCF-godk\u00e4nd, idealisk f\u00f6r industrianl\u00e4ggningar och petrokemiska anl\u00e4ggningar. Snabbtorkande, milj\u00f6v\u00e4nlig formula.","breadcrumb":{"@id":"https:\/\/www.jinyupaint.com\/product\/gt-wsp-ft-jy-wb-outdoor-intumescent-steel-structure-fire-retardant-coating#breadcrumb"},"inLanguage":"sv-SE","potentialAction":[{"@type":"ReadAction","target":["https:\/\/www.jinyupaint.com\/product\/gt-wsp-ft-jy-wb-outdoor-intumescent-steel-structure-fire-retardant-coating"]}]},{"@type":"ImageObject","inLanguage":"sv-SE","@id":"https:\/\/www.jinyupaint.com\/product\/gt-wsp-ft-jy-wb-outdoor-intumescent-steel-structure-fire-retardant-coating#primaryimage","url":"https:\/\/www.jinyupaint.com\/wp-content\/uploads\/2023\/10\/GT-WSP-FT-JY-WB-Outdoor-Intumescent-Steel-Structure-Fire-Retardant-Coating.jpg","contentUrl":"https:\/\/www.jinyupaint.com\/wp-content\/uploads\/2023\/10\/GT-WSP-FT-JY-WB-Outdoor-Intumescent-Steel-Structure-Fire-Retardant-Coating.jpg","width":800,"height":800,"caption":"GT-WSP-FT-JY-WB-Outdoor-Intumescent-Steel-Structure-Fire-Retardant-Coating"},{"@type":"BreadcrumbList","@id":"https:\/\/www.jinyupaint.com\/product\/gt-wsp-ft-jy-wb-outdoor-intumescent-steel-structure-fire-retardant-coating#breadcrumb","itemListElement":[{"@type":"ListItem","position":1,"name":"Home","item":"https:\/\/www.jinyupaint.com\/"},{"@type":"ListItem","position":2,"name":"Shop","item":"https:\/\/www.jinyupaint.com\/shop.html"},{"@type":"ListItem","position":3,"name":"KD-WSP-FT JY-WB Outdoor Intumescent Fire Resistant Paint for Steel Structure"}]},{"@type":"WebSite","@id":"https:\/\/www.jinyupaint.com\/#website","url":"https:\/\/www.jinyupaint.com\/","name":"JINYU\u00ae F\u00c4RGER","description":"JINYU PAINT\u00ae Tillverkare","potentialAction":[{"@type":"SearchAction","target":{"@type":"EntryPoint","urlTemplate":"https:\/\/www.jinyupaint.com\/?s={search_term_string}"},"query-input":{"@type":"PropertyValueSpecification","valueRequired":true,"valueName":"search_term_string"}}],"inLanguage":"sv-SE"}]}},"_links":{"self":[{"href":"https:\/\/www.jinyupaint.com\/sv\/wp-json\/wp\/v2\/product\/1524","targetHints":{"allow":["GET"]}}],"collection":[{"href":"https:\/\/www.jinyupaint.com\/sv\/wp-json\/wp\/v2\/product"}],"about":[{"href":"https:\/\/www.jinyupaint.com\/sv\/wp-json\/wp\/v2\/types\/product"}],"wp:featuredmedia":[{"embeddable":true,"href":"https:\/\/www.jinyupaint.com\/sv\/wp-json\/wp\/v2\/media\/5415"}],"wp:attachment":[{"href":"https:\/\/www.jinyupaint.com\/sv\/wp-json\/wp\/v2\/media?parent=1524"}],"wp:term":[{"taxonomy":"product_brand","embeddable":true,"href":"https:\/\/www.jinyupaint.com\/sv\/wp-json\/wp\/v2\/product_brand?post=1524"},{"taxonomy":"product_cat","embeddable":true,"href":"https:\/\/www.jinyupaint.com\/sv\/wp-json\/wp\/v2\/product_cat?post=1524"},{"taxonomy":"product_tag","embeddable":true,"href":"https:\/\/www.jinyupaint.com\/sv\/wp-json\/wp\/v2\/product_tag?post=1524"}],"curies":[{"name":"wp","href":"https:\/\/api.w.org\/{rel}","templated":true}]}}