{"id":1493,"date":"2023-10-17T03:44:03","date_gmt":"2023-10-17T03:44:03","guid":{"rendered":"http:\/\/www.jinyupaint.com\/?post_type=product&#038;p=1493"},"modified":"2025-05-15T09:37:02","modified_gmt":"2025-05-15T09:37:02","slug":"bggf-10-epoxy-glass-flake-paint","status":"publish","type":"product","link":"https:\/\/www.jinyupaint.com\/sv\/produkt\/bggf-10-epoxy-glass-flake-paint","title":{"rendered":"BGGF-10 Epoxif\u00e4rg f\u00f6r glasflingor"},"content":{"rendered":"<h2><strong>Produktbeskrivning:<\/strong><\/h2>\n<p>Denna produkt \u00e4r en tv\u00e5komponents epoxibel\u00e4ggning med h\u00f6g fasthet, f\u00f6rst\u00e4rkt med glasflingpigment, som ger exceptionell h\u00e5llbarhet och korrosionsbest\u00e4ndighet.<\/p>\n<p>&nbsp;<\/p>\n<h2><strong>Huvudfunktioner:<\/strong><\/h2>\n<p>Denna produkt \u00e4r l\u00e4mplig f\u00f6r st\u00e5lkonstruktioner som uts\u00e4tts f\u00f6r sv\u00e5ra milj\u00f6er med b\u00e5de atmosf\u00e4risk korrosion och mekaniskt slitage. Den har utm\u00e4rkta korrosionsskyddande och slitstarka egenskaper. Den anv\u00e4nds f\u00f6r att skydda st\u00e5lkonstruktioner i olika korrosiva milj\u00f6er, t.ex. st\u00e4nkzoner p\u00e5 offshorekonstruktioner, d\u00e4ck och vattenomr\u00e5den, p\u00e5lverk, massafabriker, broar och kemiska fabriker.<\/p>\n<p>&nbsp;<\/p>\n<h2><strong>Fysiska parametrar:<\/strong><\/h2>\n<ul>\n<li><strong>F\u00e4rg:<\/strong> Begr\u00e4nsad<\/li>\n<li><strong>Volym fasta \u00e4mnen:<\/strong> 75\u00b12%<\/li>\n<li><strong>Standard tjocklek p\u00e5 torr film:<\/strong> Torr film: 200 mikron V\u00e5t film: 267 mikron<\/li>\n<li><strong>Teoretisk t\u00e4ckningsgrad:<\/strong> 2,6 m\u00b2\/kg, 3,75 m\u00b2\/L (baserat p\u00e5 200 mikrometer torr film)<\/li>\n<li><strong>Faktisk t\u00e4ckningsgrad:<\/strong> Beaktande av l\u00e4mplig f\u00f6rlustfaktor<\/li>\n<li><strong>Flampunkt:<\/strong> 28\u00b12\u00b0C<\/li>\n<li><\/li>\n<\/ul>\n<h2><strong>Instruktioner f\u00f6r ans\u00f6kan:<\/strong><\/h2>\n<p><strong>F\u00f6rberedelse av ytan:<\/strong><\/p>\n<p>Produktens prestanda beror p\u00e5 hur v\u00e4l ytan har f\u00f6rberetts. Ytan som ska m\u00e5las m\u00e5ste vara ren, torr och fri fr\u00e5n f\u00f6roreningar. F\u00f6re applicering av f\u00e4rgen ska alla ytor bed\u00f6mas och behandlas i enlighet med ISO 8504:2000-standarderna. Ackumulerad smuts och l\u00f6sliga salter m\u00e5ste avl\u00e4gsnas. Smuts kan normalt avl\u00e4gsnas med en torr borste. L\u00f6sliga salter b\u00f6r avl\u00e4gsnas genom sk\u00f6ljning med s\u00f6tvatten.<\/p>\n<p>Olja och fett ska avl\u00e4gsnas i enlighet med SSPC-SP1-standarden f\u00f6r reng\u00f6ring med l\u00f6sningsmedel.<\/p>\n<p>Sandbl\u00e4string ska utf\u00f6ras enligt Sa2.5 (ISO 8501-1:2007) eller SSPC-SP6-standarder. Om det uppst\u00e5r oxidation p\u00e5 ytan mellan sandbl\u00e4string och applicering av denna produkt, ska ytan bl\u00e4stras om f\u00f6r att uppfylla de angivna standarderna.<\/p>\n<p>Ytdefekter som exponeras under sandbl\u00e4string ska slipas, fyllas eller \u00e5tg\u00e4rdas med l\u00e4mpliga metoder. En rekommenderad ytj\u00e4mnhet \u00e4r 50-70 mikrometer.<\/p>\n<p>Substratets temperatur b\u00f6r inte vara l\u00e4gre \u00e4n 10\u00b0C och den b\u00f6r vara minst 3\u00b0C h\u00f6gre \u00e4n daggpunktstemperaturen.<\/p>\n<p><strong>Mixning:<\/strong><\/p>\n<p>Denna produkt levereras i tv\u00e5 beh\u00e5llare som bildar en enhet. Den m\u00e5ste blandas tv\u00e5 och tv\u00e5 enligt det angivna f\u00f6rh\u00e5llandet varje g\u00e5ng och f\u00f6rbrukas inom den f\u00f6reskrivna blandnings- och anv\u00e4ndningsperioden.<\/p>\n<ol>\n<li>Blanda basen (komponent A) med en mekanisk omr\u00f6rare.<\/li>\n<li>Blanda noggrant all h\u00e4rdare (komponent B) med basen (komponent A) med hj\u00e4lp av en mekanisk omr\u00f6rare.<\/li>\n<\/ol>\n<p><strong>Blandnings- och anv\u00e4ndningsperiod:<\/strong><\/p>\n<ul>\n<li>\n<table>\n<tbody>\n<tr>\n<td style=\"text-align: center;\" width=\"142\">15\u2103<\/td>\n<td style=\"text-align: center;\" width=\"142\">25\u2103<\/td>\n<td width=\"142\">\n<p style=\"text-align: center;\">35\u2103<\/p>\n<\/td>\n<\/tr>\n<tr>\n<td style=\"text-align: center;\" width=\"142\">4H<\/td>\n<td style=\"text-align: center;\" width=\"142\">2H<\/td>\n<td width=\"142\">\n<p style=\"text-align: center;\">1H<\/p>\n<\/td>\n<\/tr>\n<\/tbody>\n<\/table>\n<\/li>\n<\/ul>\n<p><strong>Tunnare:<\/strong> BTE Tunnare<\/p>\n<p><strong>Till\u00e4mpningsmetoder:<\/strong> Airless Spray Air Spray (med tryckbeh\u00e5llare) Applicering med pensel \/ roller (endast f\u00f6r sm\u00e5 ytor)<\/p>\n<p><strong>F\u00f6rtunningskvot:<\/strong><\/p>\n<ul>\n<li>\n<table>\n<tbody>\n<tr>\n<td width=\"142\">\n<p style=\"text-align: center;\">Konstruktionsmetod:<\/p>\n<\/td>\n<td style=\"text-align: center;\" width=\"142\">luftfri spray<\/td>\n<td style=\"text-align: center;\" width=\"142\">luftspray (med trycktank)<\/td>\n<td style=\"text-align: center;\" width=\"142\">borste\/vals<\/td>\n<\/tr>\n<tr>\n<td style=\"text-align: center;\" width=\"142\">Utsp\u00e4dningsf\u00f6rh\u00e5llande:<\/td>\n<td style=\"text-align: center;\" width=\"142\">0-5%<\/td>\n<td style=\"text-align: center;\" width=\"142\">5-20%<\/td>\n<td width=\"142\">\n<p style=\"text-align: center;\">0-10%<\/p>\n<\/td>\n<\/tr>\n<\/tbody>\n<\/table>\n<\/li>\n<\/ul>\n<p><strong>Airless Spray:<\/strong><\/p>\n<p>Munstycksstorlek: 0,63-1,09 mm Sprutningstryck: 15 MPa<\/p>\n<p><strong>Torktider:<\/strong><\/p>\n<table>\n<tbody>\n<tr>\n<td width=\"124\">\n<p style=\"text-align: center;\">(tjocklek p\u00e5 v\u00e5tskikt 260 \u03bcm, relativ fuktighet 50%)<\/p>\n<\/td>\n<td style=\"text-align: center;\" width=\"66\">15\u2103<\/td>\n<td style=\"text-align: center;\" width=\"105\">25\u2103<\/td>\n<td style=\"text-align: center;\" width=\"122\">35\u2103<\/td>\n<\/tr>\n<tr>\n<td width=\"124\">\n<p style=\"text-align: center;\">Fingrarna \u00e4r torra vid ber\u00f6ring<\/p>\n<\/td>\n<td style=\"text-align: center;\" width=\"66\">6H<\/td>\n<td style=\"text-align: center;\" width=\"105\">3H<\/td>\n<td style=\"text-align: center;\" width=\"122\">2H<\/td>\n<\/tr>\n<tr>\n<td style=\"text-align: center;\" width=\"124\">Transportabel<\/td>\n<td style=\"text-align: center;\" width=\"66\">24H<\/td>\n<td style=\"text-align: center;\" width=\"105\">12H<\/td>\n<td width=\"122\">\n<p style=\"text-align: center;\">6H<\/p>\n<\/td>\n<\/tr>\n<tr>\n<td style=\"text-align: center;\" width=\"124\">helt botad<\/td>\n<td style=\"text-align: center;\" width=\"66\">14 dagar<\/td>\n<td style=\"text-align: center;\" width=\"105\">7 dagar<\/td>\n<td width=\"122\">\n<p style=\"text-align: center;\">3 dagar<\/p>\n<\/td>\n<\/tr>\n<\/tbody>\n<\/table>\n<p><strong>Omlackeringsintervall: (med denna produkt som omlackering)<\/strong><\/p>\n<table>\n<tbody>\n<tr>\n<td style=\"text-align: center;\" width=\"124\">(tjocklek p\u00e5 v\u00e5tskikt 260 \u03bcm, relativ fuktighet 50%)<\/td>\n<td style=\"text-align: center;\" width=\"102\">15\u2103<\/td>\n<td style=\"text-align: center;\" width=\"89\">25\u2103<\/td>\n<td width=\"158\">\n<p style=\"text-align: center;\">35\u2103<\/p>\n<\/td>\n<\/tr>\n<tr>\n<td style=\"text-align: center;\" width=\"124\">kortast<\/td>\n<td style=\"text-align: center;\" width=\"102\">24H<\/td>\n<td style=\"text-align: center;\" width=\"89\">12H<\/td>\n<td width=\"158\">\n<p style=\"text-align: center;\">6H<\/p>\n<\/td>\n<\/tr>\n<\/tbody>\n<\/table>\n<p><strong>Obs!<\/strong> Ovanst\u00e5ende data \u00e4r endast v\u00e4gledande. Faktiska tork- och omm\u00e5lningstider kan variera beroende p\u00e5 bland annat filmtjocklek, ventilation, luftfuktighet, underliggande f\u00e4rg, krav p\u00e5 tidig lastning\/lossning och mekanisk h\u00e5llfasthet.<\/p>\n<p>Denna produkt \u00e4r l\u00e4mplig f\u00f6r atmosf\u00e4riska milj\u00f6er under vatten och utomhus. F\u00f6r undervattenstill\u00e4mpningar kr\u00e4vs en minsta tjocklek p\u00e5 f\u00e4rgsystemet p\u00e5 450 mikrometer f\u00f6r ett l\u00e5ngvarigt korrosionsskydd. F\u00f6r allm\u00e4n atmosf\u00e4risk exponering utomhus kr\u00e4vs en minsta tjocklek p\u00e5 f\u00e4rgsystemet p\u00e5 350 mikrometer. Airless sprutapplicering ger den h\u00f6gsta filmtjockleken i ett enda skikt. Med andra appliceringsmetoder kan den erforderliga filmtjockleken inte uppn\u00e5s. F\u00f6r att uppn\u00e5 maximal filmtjocklek med luftsprutning kr\u00e4vs flera korsvisa strykningar. Vid applicering med pensel eller rulle kr\u00e4vs flera lager f\u00f6r att uppn\u00e5 den angivna totala torra filmtjockleken.<\/p>\n<p><strong>Reng\u00f6ring av verktyg:<\/strong> Reng\u00f6r alla verktyg med BTE Thinner efter anv\u00e4ndning.<\/p>\n<p>&nbsp;<\/p>\n<h2><strong>F\u00f6rpackningsspecifikationer:<\/strong><\/h2>\n<p>25 kg per set<\/p>\n<p>&nbsp;<\/p>\n<h2><strong>Lagringsperiod:<\/strong><\/h2>\n<p>I ett svalt, torrt och skuggigt utrymme \u00e4r den o\u00f6ppnade f\u00f6rvaringstiden ett \u00e5r (vid 25\u00b0C).<\/p>\n<p>&nbsp;<\/p>\n<p>&nbsp;<\/p>","protected":false},"excerpt":{"rendered":"<p>Glass Flake Epoxy Coating \u00e4r en typ av skyddande bel\u00e4ggning som fr\u00e4mst \u00e4r formulerad med organiska hartser, med epoxivinylesterharts som den huvudsakliga filmbildande komponenten. Den inneh\u00e5ller glasflakspigment, k\u00e4nda f\u00f6r sin exceptionella kemiska resistens, som det viktigaste korrosionsskyddande elementet.<\/p>\n<p>&nbsp;<\/p>\n<p>Korrosionsskyddande f\u00e4rg av glasflingor anv\u00e4nds i stor utstr\u00e4ckning i kr\u00e4vande korrosionsskyddsscenarier, inklusive inv\u00e4ndig bekl\u00e4dnad av tankar f\u00f6r kemisk syra, skydd av marina fartyg, korrosionsskydd f\u00f6r offshore-teknik och bel\u00e4ggningar f\u00f6r avsvavlingstorn. Dessa milj\u00f6er \u00e4r mycket korrosiva och kr\u00e4ver d\u00e4rf\u00f6r \u00f6verl\u00e4gsen h\u00e5llbarhet. F\u00e4rgen finns normalt i ett begr\u00e4nsat antal kul\u00f6rer, d\u00e4r gr\u00f6n \u00e4r den vanligaste. En annan variant, vinylesterglasflagebel\u00e4ggning, erbjuder j\u00e4mf\u00f6rbara prestanda men med f\u00f6rb\u00e4ttrad h\u00f6gtemperaturbest\u00e4ndighet, som klarar temperaturer upp till 200\u00b0C. Detta g\u00f6r den s\u00e4rskilt l\u00e4mplig f\u00f6r bekl\u00e4dnad av r\u00f6kgaskanaler i kemiska anl\u00e4ggningar.<\/p>","protected":false},"featured_media":1501,"template":"","meta":{"om_disable_all_campaigns":false,"_monsterinsights_skip_tracking":false,"_monsterinsights_sitenote_active":false,"_monsterinsights_sitenote_note":"","_monsterinsights_sitenote_category":0,"_uf_show_specific_survey":0,"_uf_disable_surveys":false},"product_brand":[],"product_cat":[79],"product_tag":[89,268,267,81,82],"class_list":{"0":"post-1493","1":"product","2":"type-product","3":"status-publish","4":"has-post-thumbnail","6":"product_cat-industrial-coating","7":"product_tag-epoxy-glass-flake-paint","8":"product_tag-glass-flake-epoxy-coating","9":"product_tag-glass-flake-paint","10":"product_tag-industrial-coating","11":"product_tag-industrial-paint","13":"first","14":"instock","15":"shipping-taxable","16":"product-type-simple"},"yoast_head":"<!-- This site is optimized with the Yoast SEO Premium plugin v26.2 (Yoast SEO v26.5) - https:\/\/yoast.com\/wordpress\/plugins\/seo\/ -->\n<title>BGGF-10 Epoxy Glass Flake Paint - KAIDA PAINT\u00ae<\/title>\n<meta name=\"description\" content=\"Enhance your industrial assets with our \u200b\u200bGlass Flake Epoxy Coating\u200b\u200b, a superior protective solution designed for extreme corrosion resistance and long-term durability. Ideal for marine, chemical, and oil &amp; gas industries, this coating combines epoxy resin with glass flakes to create a barrier against abrasion, chemicals, and UV degradation. Trusted for pipelines, tanks, and offshore structures.\" \/>\n<meta name=\"robots\" content=\"index, follow, max-snippet:-1, max-image-preview:large, max-video-preview:-1\" \/>\n<link rel=\"canonical\" href=\"https:\/\/www.jinyupaint.com\/sv\/produkt\/bggf-10-epoxy-glass-flake-paint\/\" \/>\n<meta property=\"og:locale\" content=\"sv_SE\" \/>\n<meta property=\"og:type\" content=\"article\" \/>\n<meta property=\"og:title\" content=\"BGGF-10 Epoxy Glass Flake Paint\" \/>\n<meta property=\"og:description\" content=\"Enhance your industrial assets with our \u200b\u200bGlass Flake Epoxy Coating\u200b\u200b, a superior protective solution designed for extreme corrosion resistance and long-term durability. Ideal for marine, chemical, and oil &amp; gas industries, this coating combines epoxy resin with glass flakes to create a barrier against abrasion, chemicals, and UV degradation. Trusted for pipelines, tanks, and offshore structures.\" \/>\n<meta property=\"og:url\" content=\"https:\/\/www.jinyupaint.com\/sv\/produkt\/bggf-10-epoxy-glass-flake-paint\/\" \/>\n<meta property=\"og:site_name\" content=\"KAIDA PAINT\u00ae\" \/>\n<meta property=\"article:modified_time\" content=\"2025-05-15T09:37:02+00:00\" \/>\n<meta property=\"og:image\" content=\"https:\/\/www.jinyupaint.com\/wp-content\/uploads\/2023\/10\/Industrial-Paint-8.jpg\" \/>\n\t<meta property=\"og:image:width\" content=\"750\" \/>\n\t<meta property=\"og:image:height\" content=\"750\" \/>\n\t<meta property=\"og:image:type\" content=\"image\/jpeg\" \/>\n<meta name=\"twitter:card\" content=\"summary_large_image\" \/>\n<meta name=\"twitter:label1\" content=\"Ber\u00e4knad l\u00e4stid\" \/>\n\t<meta name=\"twitter:data1\" content=\"3 minuter\" \/>\n<script type=\"application\/ld+json\" class=\"yoast-schema-graph\">{\"@context\":\"https:\/\/schema.org\",\"@graph\":[{\"@type\":\"WebPage\",\"@id\":\"https:\/\/www.jinyupaint.com\/product\/bggf-10-epoxy-glass-flake-paint\",\"url\":\"https:\/\/www.jinyupaint.com\/product\/bggf-10-epoxy-glass-flake-paint\",\"name\":\"BGGF-10 Epoxy Glass Flake Paint - KAIDA PAINT\u00ae\",\"isPartOf\":{\"@id\":\"https:\/\/www.jinyupaint.com\/#website\"},\"primaryImageOfPage\":{\"@id\":\"https:\/\/www.jinyupaint.com\/product\/bggf-10-epoxy-glass-flake-paint#primaryimage\"},\"image\":{\"@id\":\"https:\/\/www.jinyupaint.com\/product\/bggf-10-epoxy-glass-flake-paint#primaryimage\"},\"thumbnailUrl\":\"https:\/\/www.jinyupaint.com\/wp-content\/uploads\/2023\/10\/Industrial-Paint-8.jpg\",\"datePublished\":\"2023-10-17T03:44:03+00:00\",\"dateModified\":\"2025-05-15T09:37:02+00:00\",\"description\":\"Enhance your industrial assets with our \u200b\u200bGlass Flake Epoxy Coating\u200b\u200b, a superior protective solution designed for extreme corrosion resistance and long-term durability. Ideal for marine, chemical, and oil & gas industries, this coating combines epoxy resin with glass flakes to create a barrier against abrasion, chemicals, and UV degradation. Trusted for pipelines, tanks, and offshore structures.\",\"breadcrumb\":{\"@id\":\"https:\/\/www.jinyupaint.com\/product\/bggf-10-epoxy-glass-flake-paint#breadcrumb\"},\"inLanguage\":\"sv-SE\",\"potentialAction\":[{\"@type\":\"ReadAction\",\"target\":[\"https:\/\/www.jinyupaint.com\/product\/bggf-10-epoxy-glass-flake-paint\"]}]},{\"@type\":\"ImageObject\",\"inLanguage\":\"sv-SE\",\"@id\":\"https:\/\/www.jinyupaint.com\/product\/bggf-10-epoxy-glass-flake-paint#primaryimage\",\"url\":\"https:\/\/www.jinyupaint.com\/wp-content\/uploads\/2023\/10\/Industrial-Paint-8.jpg\",\"contentUrl\":\"https:\/\/www.jinyupaint.com\/wp-content\/uploads\/2023\/10\/Industrial-Paint-8.jpg\",\"width\":750,\"height\":750,\"caption\":\"Industrial-Paint\"},{\"@type\":\"BreadcrumbList\",\"@id\":\"https:\/\/www.jinyupaint.com\/product\/bggf-10-epoxy-glass-flake-paint#breadcrumb\",\"itemListElement\":[{\"@type\":\"ListItem\",\"position\":1,\"name\":\"Home\",\"item\":\"https:\/\/www.jinyupaint.com\/\"},{\"@type\":\"ListItem\",\"position\":2,\"name\":\"Shop\",\"item\":\"https:\/\/www.jinyupaint.com\/shop.html\"},{\"@type\":\"ListItem\",\"position\":3,\"name\":\"BGGF-10 Epoxy Glass Flake Paint\"}]},{\"@type\":\"WebSite\",\"@id\":\"https:\/\/www.jinyupaint.com\/#website\",\"url\":\"https:\/\/www.jinyupaint.com\/\",\"name\":\"JINYU\u00ae PAINT\",\"description\":\"JINYU PAINT\u00ae Manufacturer\",\"potentialAction\":[{\"@type\":\"SearchAction\",\"target\":{\"@type\":\"EntryPoint\",\"urlTemplate\":\"https:\/\/www.jinyupaint.com\/?s={search_term_string}\"},\"query-input\":{\"@type\":\"PropertyValueSpecification\",\"valueRequired\":true,\"valueName\":\"search_term_string\"}}],\"inLanguage\":\"sv-SE\"}]}<\/script>\n<!-- \/ Yoast SEO Premium plugin. -->","yoast_head_json":{"title":"BGGF-10 Epoxif\u00e4rg f\u00f6r glasflingor - KAIDA PAINT","description":"F\u00f6rb\u00e4ttra dina industriella tillg\u00e5ngar med v\u00e5r Glass Flake Epoxy Coating, en \u00f6verl\u00e4gsen skyddsl\u00f6sning som \u00e4r utformad f\u00f6r extrem korrosionsbest\u00e4ndighet och l\u00e5ngsiktig h\u00e5llbarhet. Denna bel\u00e4ggning \u00e4r idealisk f\u00f6r marin-, kemikalie- samt olje- och gasindustrin och kombinerar epoxiharts med glasflingor f\u00f6r att skapa en barri\u00e4r mot n\u00f6tning, kemikalier och UV-nedbrytning. P\u00e5litlig f\u00f6r r\u00f6rledningar, tankar och offshore-strukturer.","robots":{"index":"index","follow":"follow","max-snippet":"max-snippet:-1","max-image-preview":"max-image-preview:large","max-video-preview":"max-video-preview:-1"},"canonical":"https:\/\/www.jinyupaint.com\/sv\/produkt\/bggf-10-epoxy-glass-flake-paint\/","og_locale":"sv_SE","og_type":"article","og_title":"BGGF-10 Epoxy Glass Flake Paint","og_description":"Enhance your industrial assets with our \u200b\u200bGlass Flake Epoxy Coating\u200b\u200b, a superior protective solution designed for extreme corrosion resistance and long-term durability. Ideal for marine, chemical, and oil & gas industries, this coating combines epoxy resin with glass flakes to create a barrier against abrasion, chemicals, and UV degradation. Trusted for pipelines, tanks, and offshore structures.","og_url":"https:\/\/www.jinyupaint.com\/sv\/produkt\/bggf-10-epoxy-glass-flake-paint\/","og_site_name":"KAIDA PAINT\u00ae","article_modified_time":"2025-05-15T09:37:02+00:00","og_image":[{"width":750,"height":750,"url":"https:\/\/www.jinyupaint.com\/wp-content\/uploads\/2023\/10\/Industrial-Paint-8.jpg","type":"image\/jpeg"}],"twitter_card":"summary_large_image","twitter_misc":{"Ber\u00e4knad l\u00e4stid":"3 minuter"},"schema":{"@context":"https:\/\/schema.org","@graph":[{"@type":"WebPage","@id":"https:\/\/www.jinyupaint.com\/product\/bggf-10-epoxy-glass-flake-paint","url":"https:\/\/www.jinyupaint.com\/product\/bggf-10-epoxy-glass-flake-paint","name":"BGGF-10 Epoxif\u00e4rg f\u00f6r glasflingor - KAIDA PAINT","isPartOf":{"@id":"https:\/\/www.jinyupaint.com\/#website"},"primaryImageOfPage":{"@id":"https:\/\/www.jinyupaint.com\/product\/bggf-10-epoxy-glass-flake-paint#primaryimage"},"image":{"@id":"https:\/\/www.jinyupaint.com\/product\/bggf-10-epoxy-glass-flake-paint#primaryimage"},"thumbnailUrl":"https:\/\/www.jinyupaint.com\/wp-content\/uploads\/2023\/10\/Industrial-Paint-8.jpg","datePublished":"2023-10-17T03:44:03+00:00","dateModified":"2025-05-15T09:37:02+00:00","description":"F\u00f6rb\u00e4ttra dina industriella tillg\u00e5ngar med v\u00e5r Glass Flake Epoxy Coating, en \u00f6verl\u00e4gsen skyddsl\u00f6sning som \u00e4r utformad f\u00f6r extrem korrosionsbest\u00e4ndighet och l\u00e5ngsiktig h\u00e5llbarhet. Denna bel\u00e4ggning \u00e4r idealisk f\u00f6r marin-, kemikalie- samt olje- och gasindustrin och kombinerar epoxiharts med glasflingor f\u00f6r att skapa en barri\u00e4r mot n\u00f6tning, kemikalier och UV-nedbrytning. P\u00e5litlig f\u00f6r r\u00f6rledningar, tankar och offshore-strukturer.","breadcrumb":{"@id":"https:\/\/www.jinyupaint.com\/product\/bggf-10-epoxy-glass-flake-paint#breadcrumb"},"inLanguage":"sv-SE","potentialAction":[{"@type":"ReadAction","target":["https:\/\/www.jinyupaint.com\/product\/bggf-10-epoxy-glass-flake-paint"]}]},{"@type":"ImageObject","inLanguage":"sv-SE","@id":"https:\/\/www.jinyupaint.com\/product\/bggf-10-epoxy-glass-flake-paint#primaryimage","url":"https:\/\/www.jinyupaint.com\/wp-content\/uploads\/2023\/10\/Industrial-Paint-8.jpg","contentUrl":"https:\/\/www.jinyupaint.com\/wp-content\/uploads\/2023\/10\/Industrial-Paint-8.jpg","width":750,"height":750,"caption":"Industrial-Paint"},{"@type":"BreadcrumbList","@id":"https:\/\/www.jinyupaint.com\/product\/bggf-10-epoxy-glass-flake-paint#breadcrumb","itemListElement":[{"@type":"ListItem","position":1,"name":"Home","item":"https:\/\/www.jinyupaint.com\/"},{"@type":"ListItem","position":2,"name":"Shop","item":"https:\/\/www.jinyupaint.com\/shop.html"},{"@type":"ListItem","position":3,"name":"BGGF-10 Epoxy Glass Flake Paint"}]},{"@type":"WebSite","@id":"https:\/\/www.jinyupaint.com\/#website","url":"https:\/\/www.jinyupaint.com\/","name":"JINYU\u00ae F\u00c4RGER","description":"JINYU PAINT\u00ae Tillverkare","potentialAction":[{"@type":"SearchAction","target":{"@type":"EntryPoint","urlTemplate":"https:\/\/www.jinyupaint.com\/?s={search_term_string}"},"query-input":{"@type":"PropertyValueSpecification","valueRequired":true,"valueName":"search_term_string"}}],"inLanguage":"sv-SE"}]}},"_links":{"self":[{"href":"https:\/\/www.jinyupaint.com\/sv\/wp-json\/wp\/v2\/product\/1493","targetHints":{"allow":["GET"]}}],"collection":[{"href":"https:\/\/www.jinyupaint.com\/sv\/wp-json\/wp\/v2\/product"}],"about":[{"href":"https:\/\/www.jinyupaint.com\/sv\/wp-json\/wp\/v2\/types\/product"}],"wp:featuredmedia":[{"embeddable":true,"href":"https:\/\/www.jinyupaint.com\/sv\/wp-json\/wp\/v2\/media\/1501"}],"wp:attachment":[{"href":"https:\/\/www.jinyupaint.com\/sv\/wp-json\/wp\/v2\/media?parent=1493"}],"wp:term":[{"taxonomy":"product_brand","embeddable":true,"href":"https:\/\/www.jinyupaint.com\/sv\/wp-json\/wp\/v2\/product_brand?post=1493"},{"taxonomy":"product_cat","embeddable":true,"href":"https:\/\/www.jinyupaint.com\/sv\/wp-json\/wp\/v2\/product_cat?post=1493"},{"taxonomy":"product_tag","embeddable":true,"href":"https:\/\/www.jinyupaint.com\/sv\/wp-json\/wp\/v2\/product_tag?post=1493"}],"curies":[{"name":"wp","href":"https:\/\/api.w.org\/{rel}","templated":true}]}}