{"id":1489,"date":"2023-10-17T03:26:59","date_gmt":"2023-10-17T03:26:59","guid":{"rendered":"http:\/\/www.jinyupaint.com\/?post_type=product&#038;p=1489"},"modified":"2025-07-22T08:51:44","modified_gmt":"2025-07-22T08:51:44","slug":"bgez-60-epoxy-zinc-rich-primer","status":"publish","type":"product","link":"https:\/\/www.jinyupaint.com\/sv\/produkt\/bgez-60-epoxy-zinc-rich-primer","title":{"rendered":"BGEZ-60 Epoxi Zinkrik Primer"},"content":{"rendered":"<h2><strong>1. Introduktion av produkten<\/strong><\/h2>\n<p class=\"ds-markdown-paragraph\">BGEZ-60 \u00e4r en h\u00f6gpresterande zinkrik epoxiprimer som \u00e4r avsedd att ge ett \u00f6verl\u00e4gset korrosionsskydd f\u00f6r st\u00e5lkonstruktioner i m\u00e5ttligt aggressiva milj\u00f6er. Det \u00e4r ett tv\u00e5komponents bel\u00e4ggningssystem som kombinerar en epoxihartsbas med en polyamidh\u00e4rdare och zinkdamm med h\u00f6g renhet (60% i vikt) f\u00f6r att ge ett exceptionellt katodiskt skydd. Denna zinkrika primer f\u00f6r st\u00e5l \u00e4r speciellt framtagen f\u00f6r industri-, marin- och infrastrukturapplikationer d\u00e4r l\u00e5ngsiktig h\u00e5llbarhet \u00e4r avg\u00f6rande.<\/p>\n<p class=\"ds-markdown-paragraph\">Primern har tre viktiga skyddande egenskaper: galvaniskt skydd tack vare den h\u00f6ga zinkhalten, stark vidh\u00e4ftning p\u00e5 korrekt f\u00f6rberedda st\u00e5lytor och utm\u00e4rkt mekaniskt motst\u00e5nd mot slag och n\u00f6tning. Den uppfyller HG\/T 3668-2020-standarderna f\u00f6r zinkrika bel\u00e4ggningar och har en h\u00f6g torrhalt (58%) f\u00f6r effektiv t\u00e4ckning med minskade VOC-utsl\u00e4pp. Produkten fungerar som en idealisk grund f\u00f6r flerskiktssystem och \u00e4r kompatibel med de flesta epoxi-, polyuretan- och akryltoppf\u00e4rger.<\/p>\n<p class=\"ds-markdown-paragraph\">BGEZ-60 rekommenderas f\u00f6r st\u00e5lkonstruktioner, lagringstankar, industriell utrustning och marina installationer och fungerar b\u00e4st n\u00e4r den appliceras p\u00e5 bl\u00e4strat st\u00e5l (Sa2\u00bd) under kontrollerade f\u00f6rh\u00e5llanden. N\u00e4r den anv\u00e4nds enligt specifikationen f\u00f6rl\u00e4nger denna epoxiprimer med h\u00f6g zinkhalt avsev\u00e4rt livsl\u00e4ngden p\u00e5 st\u00e5l i korrosiva milj\u00f6er, vilket g\u00f6r den till ett tillf\u00f6rlitligt val f\u00f6r professionella korrosionsskyddssystem.<\/p>\n<h2><strong>2. Produktens egenskaper<\/strong><\/h2>\n<ul style=\"list-style: inside;\">\n<li>Ger katodiskt skydd<\/li>\n<li>Utm\u00e4rkt korrosionsskyddande prestanda<\/li>\n<li>Stark vidh\u00e4ftning och slagt\u00e5lighet<\/li>\n<\/ul>\n<h2><strong>3. Standard f\u00f6r efterlevnad<\/strong><\/h2>\n<p class=\"ds-markdown-paragraph\">HG\/T 3668-2020\u00a0<em>Zinkrika ytbel\u00e4ggningar<\/em><\/p>\n<h2><strong>4. Tekniska data<\/strong><\/h2>\n<div class=\"markdown-table-wrapper\">\n<table>\n<thead>\n<tr>\n<th>Nej, det g\u00f6r jag inte.<\/th>\n<th>Testobjekt<\/th>\n<th>Tekniska krav<\/th>\n<th>Standardv\u00e4rde<\/th>\n<th>Testresultat<\/th>\n<\/tr>\n<\/thead>\n<tbody>\n<tr>\n<td>1<\/td>\n<td>Skick i container<\/td>\n<td>Enhetlig efter blandning, inga h\u00e5rda klumpar<\/td>\n<td>Enhetlig efter blandning, inga h\u00e5rda klumpar<\/td>\n<\/tr>\n<tr>\n<td>2<\/td>\n<td>Volym fasta partiklar (%)<\/td>\n<td>-<\/td>\n<td>58<\/td>\n<\/tr>\n<tr>\n<td>3<\/td>\n<td>Standard torr film (\u00b5m)<\/td>\n<td>-<\/td>\n<td>50<\/td>\n<\/tr>\n<tr>\n<td>4<\/td>\n<td>T\u00e4ckningsgrad<\/td>\n<td>-<\/td>\n<td>5 m\u00b2\/kg, 11,5 m\u00b2\/L (vid 50\u00b5m torr film)<\/td>\n<\/tr>\n<tr>\n<td>5<\/td>\n<td>Ytan torr (\u226425\u00b0C)<\/td>\n<td>2h<\/td>\n<td>0.5h<\/td>\n<\/tr>\n<tr>\n<td>6<\/td>\n<td>H\u00e5rt torr (\u226425\u00b0C)<\/td>\n<td>24h<\/td>\n<td>3h<\/td>\n<\/tr>\n<tr>\n<td>7<\/td>\n<td>St\u00f6tmotst\u00e5nd (cm)<\/td>\n<td>\u226550<\/td>\n<td>50<\/td>\n<\/tr>\n<tr>\n<td>8<\/td>\n<td>Vidh\u00e4ftning (MPa)<\/td>\n<td>\u22656<\/td>\n<td>6<\/td>\n<\/tr>\n<tr>\n<td>9<\/td>\n<td>Best\u00e4ndighet mot saltspray (ritsmetod)<\/td>\n<td>\u2265200h, undersk\u00e4rning \u22642mm<\/td>\n<td>230h, undersk\u00e4rning \u22642mm<\/td>\n<\/tr>\n<tr>\n<td>10<\/td>\n<td>Flampunkt (\u00b0C)<\/td>\n<td>-<\/td>\n<td>29<\/td>\n<\/tr>\n<\/tbody>\n<\/table>\n<\/div>\n<h2><strong>5. Till\u00e4mpningsomr\u00e5de<\/strong><\/h2>\n<p class=\"ds-markdown-paragraph\">Denna h\u00f6gpresterande\u00a0<strong>Zinkrik primer f\u00f6r st\u00e5l<\/strong>\u00a0\u00e4r en del av ett korrosionsskyddande bel\u00e4ggningssystem som ger skydd f\u00f6r st\u00e5l i m\u00e5ttligt korrosiva milj\u00f6er.<\/p>\n<h2><strong>6. F\u00f6rsiktighets\u00e5tg\u00e4rder<\/strong><\/h2>\n<h4><strong>6.1 Instruktioner f\u00f6r ans\u00f6kan<\/strong><\/h4>\n<p class=\"ds-markdown-paragraph\"><strong>F\u00f6rberedelse av ytan:<\/strong><\/p>\n<ul style=\"list-style: inside;\">\n<li>\nAlla ytor m\u00e5ste vara rena, torra och fria fr\u00e5n f\u00f6roreningar.\n<\/li>\n<li>Nya st\u00e5lytor: Bl\u00e4string enligt Sa2 (ISO 8501-1:2007, GB\/T 8923-2011) eller SSPC-SP6. Om rost uppst\u00e5r f\u00f6re bel\u00e4ggning, bl\u00e4stras p\u00e5 nytt enligt erforderliga standarder.<\/li>\n<li>Gamla st\u00e5lkonstruktioner: Reng\u00f6ring med handverktyg till St3.<\/li>\n<li>Minsta ytj\u00e4mnhet: 50\u00b5m.<\/li>\n<li>Underlagstemperaturen m\u00e5ste vara \u22655\u00b0C och minst 3\u00b0C \u00f6ver daggpunkten.<\/li>\n<\/ul>\n<p class=\"ds-markdown-paragraph\"><strong>Mixning:<\/strong><\/p>\n<ul>\n<li>Tv\u00e5komponentsystem (A + B). Blanda i f\u00f6rh\u00e5llandet\u00a0<strong>30:3 (A:B)<\/strong>.<\/li>\n<\/ul>\n<ol start=\"1\">\n<li>R\u00f6r om baskomponenten (A) med en mekanisk mixer.<\/li>\n<li>Tills\u00e4tt hela h\u00e4rdningsmedlet (B) till (A) och blanda ordentligt.<\/li>\n<\/ol>\n<p class=\"ds-markdown-paragraph\"><strong>Pot Life:<\/strong><\/p>\n<ul>\n<li>\n<p class=\"ds-markdown-paragraph\">15\u00b0C: 3h | 25\u00b0C: 2h | 35\u00b0C: 1h<\/p>\n<\/li>\n<\/ul>\n<p class=\"ds-markdown-paragraph\"><strong>Tunnare:<\/strong>\u00a0JinYu No.1 Tunnare<\/p>\n<p class=\"ds-markdown-paragraph\"><strong>Till\u00e4mpningsmetoder:<\/strong><\/p>\n<ul style=\"list-style: inside;\">\n<li>Luftfri sprutning: Munstycksstorlek 0,38-0,53 mm, tryck 15MPa<\/li>\n<li>Konventionell spray: 5-15% f\u00f6rtunning<\/li>\n<li>Pensel\/roller: 0-5% f\u00f6rtunning<\/li>\n<\/ul>\n<p class=\"ds-markdown-paragraph\"><strong>Torktid (50% RH, v\u00e5t film 86\u00b5m):<\/strong><\/p>\n<div class=\"markdown-table-wrapper\">\n<table>\n<thead>\n<tr>\n<th>Temperatur<\/th>\n<th>Torr vid ber\u00f6ring<\/th>\n<th>Hantering av torrt material<\/th>\n<th>Fullst\u00e4ndig botning<\/th>\n<\/tr>\n<\/thead>\n<tbody>\n<tr>\n<td>15\u00b0C<\/td>\n<td>1h<\/td>\n<td>4h<\/td>\n<td>7 dagar<\/td>\n<\/tr>\n<tr>\n<td>25\u00b0C<\/td>\n<td>0.5h<\/td>\n<td>3h<\/td>\n<td>5 dagar<\/td>\n<\/tr>\n<tr>\n<td>35\u00b0C<\/td>\n<td>0.4h<\/td>\n<td>2h<\/td>\n<td>2 dagar<\/td>\n<\/tr>\n<\/tbody>\n<\/table>\n<\/div>\n<p class=\"ds-markdown-paragraph\"><strong>\u00c5term\u00e5lningsintervall (50% RH, v\u00e5t film 86\u00b5m):<\/strong><\/p>\n<div class=\"markdown-table-wrapper\">\n<table>\n<thead>\n<tr>\n<th>Temperatur<\/th>\n<th>Minsta intervall<\/th>\n<\/tr>\n<\/thead>\n<tbody>\n<tr>\n<td>15\u00b0C<\/td>\n<td>6h<\/td>\n<\/tr>\n<tr>\n<td>25\u00b0C<\/td>\n<td>4h<\/td>\n<\/tr>\n<tr>\n<td>35\u00b0C<\/td>\n<td>2h<\/td>\n<\/tr>\n<\/tbody>\n<\/table>\n<\/div>\n<p class=\"ds-markdown-paragraph\"><em>Obs: Torktiden varierar beroende p\u00e5 filmtjocklek, ventilation, luftfuktighet etc.<\/em><\/p>\n<p class=\"ds-markdown-paragraph\"><strong>Reng\u00f6ring av verktyg:<\/strong>\u00a0Reng\u00f6r verktygen med JinYu No.1 Thinner efter anv\u00e4ndning.<\/p>\n<h4><strong>6.2 S\u00e4kerhet<\/strong><\/h4>\n<ul style=\"list-style: inside;\">\n<li>\nUndvik inandning av \u00e5ngor och kontakt med hud\/\u00f6gon.\n<\/li>\n<li>\nAnv\u00e4nd personlig skyddsutrustning (handskar, skyddsglas\u00f6gon, andningsskydd).\n<\/li>\n<li>\nS\u00f6rj f\u00f6r god ventilation i tr\u00e5nga utrymmen.\n<\/li>\n<li>\nRisk f\u00f6r brand: F\u00f6rvaras \u00e5tskilt fr\u00e5n ant\u00e4ndningsk\u00e4llor.\n<\/li>\n<\/ul>\n<h4><strong>6.3 Ytterligare anm\u00e4rkningar<\/strong><\/h4>\n<ul style=\"list-style: inside;\">\n<li>\nApplicera vid &gt;10\u00b0C, underlagstemperatur &gt;15\u00b0C.\n<\/li>\n<li>\nMax. luftfuktighet under h\u00e4rdning: 80% (ideal: 40-60%).\n<\/li>\n<li>\nApplicera inte p\u00e5 v\u00e5ta eller f\u00f6rorenade ytor.\n<\/li>\n<li>\nF\u00f6rvaras svalt, torrt och skyddat fr\u00e5n solljus.\n<\/li>\n<li>\nH\u00e5llbarhet: 1 \u00e5r (o\u00f6ppnad).\n<\/li>\n<\/ul>","protected":false},"excerpt":{"rendered":"<p>En zinkrik premiumprimer som inneh\u00e5ller 60% zink f\u00f6r \u00f6verl\u00e4gset katodiskt skydd av st\u00e5lkonstruktioner. Denna tv\u00e5komponents epoxibel\u00e4ggning ger exceptionell korrosionsbest\u00e4ndighet, stark vidh\u00e4ftning och h\u00e5llbar prestanda i tuffa milj\u00f6er.<\/p>\n<p>Den \u00e4r idealisk f\u00f6r industrianl\u00e4ggningar, marina konstruktioner, broar och tung utrustning och bildar en skyddande basbel\u00e4ggning som avsev\u00e4rt f\u00f6rl\u00e4nger tillg\u00e5ngarnas livsl\u00e4ngd.<\/p>\n<p><strong>Viktiga f\u00f6rdelar:<\/strong><br \/>\n\u2714 60% zinkhalt f\u00f6r aktivt korrosionsskydd<br \/>\n\u2714 Utm\u00e4rkt vidh\u00e4ftning och slagt\u00e5lighet<br \/>\n\u2714 Kompatibel med de flesta topplackssystem<br \/>\n\u2714 Uppfyller HG\/T 3668-2020-standarder<\/p>\n<p>Den ultimata korrosionsskyddsl\u00f6sningen f\u00f6r st\u00e5l i kr\u00e4vande applikationer.<\/p>","protected":false},"featured_media":1504,"template":"","meta":{"om_disable_all_campaigns":false,"_monsterinsights_skip_tracking":false,"_monsterinsights_sitenote_active":false,"_monsterinsights_sitenote_note":"","_monsterinsights_sitenote_category":0,"_uf_show_specific_survey":0,"_uf_disable_surveys":false},"product_brand":[],"product_cat":[79,530],"product_tag":[555,560,554,80,557,81,82,558,559,562,556,561,553],"class_list":{"0":"post-1489","1":"product","2":"type-product","3":"status-publish","4":"has-post-thumbnail","6":"product_cat-industrial-coating","7":"product_cat-zinc-rich-paint-coating","8":"product_tag-anti-corrosion-coating","9":"product_tag-cathodic-protection-primer","10":"product_tag-epoxy-zinc-primer","11":"product_tag-epoxy-zinc-rich-primer","12":"product_tag-high-zinc-coating","13":"product_tag-industrial-coating","14":"product_tag-industrial-paint","15":"product_tag-industrial-primer","16":"product_tag-marine-coating","17":"product_tag-protective-coating-for-steel","18":"product_tag-steel-primer","19":"product_tag-zinc-epoxy-paint","20":"product_tag-zinc-rich-primer","22":"first","23":"instock","24":"shipping-taxable","25":"product-type-simple"},"yoast_head":"<!-- This site is optimized with the Yoast SEO Premium plugin v26.2 (Yoast SEO v26.5) - https:\/\/yoast.com\/wordpress\/plugins\/seo\/ -->\n<title>BGEZ-60 Epoxy Zinc-rich Primer Anti-Corrosion Coating - KAIDA PAINT\u00ae Manufacturer | Supplier<\/title>\n<meta name=\"description\" content=\"High-performance zinc rich primer for steel with 60% zinc content. Provides cathodic protection, excellent adhesion &amp; corrosion resistance for industrial\/marine applications.\" \/>\n<meta name=\"robots\" content=\"index, follow, max-snippet:-1, max-image-preview:large, max-video-preview:-1\" \/>\n<link rel=\"canonical\" href=\"https:\/\/www.jinyupaint.com\/sv\/produkt\/bgez-60-epoxy-zinc-rich-primer\/\" \/>\n<meta property=\"og:locale\" content=\"sv_SE\" \/>\n<meta property=\"og:type\" content=\"article\" \/>\n<meta property=\"og:title\" content=\"BGEZ-60 Epoxy Zinc-rich Primer\" \/>\n<meta property=\"og:description\" content=\"High-performance zinc rich primer for steel with 60% zinc content. Provides cathodic protection, excellent adhesion &amp; corrosion resistance for industrial\/marine applications.\" \/>\n<meta property=\"og:url\" content=\"https:\/\/www.jinyupaint.com\/sv\/produkt\/bgez-60-epoxy-zinc-rich-primer\/\" \/>\n<meta property=\"og:site_name\" content=\"KAIDA PAINT\u00ae\" \/>\n<meta property=\"article:modified_time\" content=\"2025-07-22T08:51:44+00:00\" \/>\n<meta property=\"og:image\" content=\"https:\/\/www.jinyupaint.com\/wp-content\/uploads\/2023\/10\/Industrial-Paint-11.jpg\" \/>\n\t<meta property=\"og:image:width\" content=\"750\" \/>\n\t<meta property=\"og:image:height\" content=\"750\" \/>\n\t<meta property=\"og:image:type\" content=\"image\/jpeg\" \/>\n<meta name=\"twitter:card\" content=\"summary_large_image\" \/>\n<meta name=\"twitter:label1\" content=\"Ber\u00e4knad l\u00e4stid\" \/>\n\t<meta name=\"twitter:data1\" content=\"3 minuter\" \/>\n<script type=\"application\/ld+json\" class=\"yoast-schema-graph\">{\"@context\":\"https:\/\/schema.org\",\"@graph\":[{\"@type\":\"WebPage\",\"@id\":\"https:\/\/www.jinyupaint.com\/product\/bgez-60-epoxy-zinc-rich-primer\",\"url\":\"https:\/\/www.jinyupaint.com\/product\/bgez-60-epoxy-zinc-rich-primer\",\"name\":\"BGEZ-60 Epoxy Zinc-rich Primer Anti-Corrosion Coating - KAIDA PAINT\u00ae Manufacturer | Supplier\",\"isPartOf\":{\"@id\":\"https:\/\/www.jinyupaint.com\/#website\"},\"primaryImageOfPage\":{\"@id\":\"https:\/\/www.jinyupaint.com\/product\/bgez-60-epoxy-zinc-rich-primer#primaryimage\"},\"image\":{\"@id\":\"https:\/\/www.jinyupaint.com\/product\/bgez-60-epoxy-zinc-rich-primer#primaryimage\"},\"thumbnailUrl\":\"https:\/\/www.jinyupaint.com\/wp-content\/uploads\/2023\/10\/Industrial-Paint-11.jpg\",\"datePublished\":\"2023-10-17T03:26:59+00:00\",\"dateModified\":\"2025-07-22T08:51:44+00:00\",\"description\":\"High-performance zinc rich primer for steel with 60% zinc content. Provides cathodic protection, excellent adhesion & corrosion resistance for industrial\/marine applications.\",\"breadcrumb\":{\"@id\":\"https:\/\/www.jinyupaint.com\/product\/bgez-60-epoxy-zinc-rich-primer#breadcrumb\"},\"inLanguage\":\"sv-SE\",\"potentialAction\":[{\"@type\":\"ReadAction\",\"target\":[\"https:\/\/www.jinyupaint.com\/product\/bgez-60-epoxy-zinc-rich-primer\"]}]},{\"@type\":\"ImageObject\",\"inLanguage\":\"sv-SE\",\"@id\":\"https:\/\/www.jinyupaint.com\/product\/bgez-60-epoxy-zinc-rich-primer#primaryimage\",\"url\":\"https:\/\/www.jinyupaint.com\/wp-content\/uploads\/2023\/10\/Industrial-Paint-11.jpg\",\"contentUrl\":\"https:\/\/www.jinyupaint.com\/wp-content\/uploads\/2023\/10\/Industrial-Paint-11.jpg\",\"width\":750,\"height\":750,\"caption\":\"Industrial-Paint\"},{\"@type\":\"BreadcrumbList\",\"@id\":\"https:\/\/www.jinyupaint.com\/product\/bgez-60-epoxy-zinc-rich-primer#breadcrumb\",\"itemListElement\":[{\"@type\":\"ListItem\",\"position\":1,\"name\":\"Home\",\"item\":\"https:\/\/www.jinyupaint.com\/\"},{\"@type\":\"ListItem\",\"position\":2,\"name\":\"Shop\",\"item\":\"https:\/\/www.jinyupaint.com\/shop.html\"},{\"@type\":\"ListItem\",\"position\":3,\"name\":\"BGEZ-60 Epoxy Zinc-rich Primer\"}]},{\"@type\":\"WebSite\",\"@id\":\"https:\/\/www.jinyupaint.com\/#website\",\"url\":\"https:\/\/www.jinyupaint.com\/\",\"name\":\"JINYU\u00ae PAINT\",\"description\":\"JINYU PAINT\u00ae Manufacturer\",\"potentialAction\":[{\"@type\":\"SearchAction\",\"target\":{\"@type\":\"EntryPoint\",\"urlTemplate\":\"https:\/\/www.jinyupaint.com\/?s={search_term_string}\"},\"query-input\":{\"@type\":\"PropertyValueSpecification\",\"valueRequired\":true,\"valueName\":\"search_term_string\"}}],\"inLanguage\":\"sv-SE\"}]}<\/script>\n<!-- \/ Yoast SEO Premium plugin. -->","yoast_head_json":{"title":"BGEZ-60 Epoxi Zinkrik Primer Korrosionsskyddande bel\u00e4ggning - KAIDA PAINT\u00ae Tillverkare | Leverant\u00f6r","description":"H\u00f6gpresterande zinkrik primer f\u00f6r st\u00e5l med 60% zinkhalt. Ger katodiskt skydd, utm\u00e4rkt vidh\u00e4ftning och korrosionsbest\u00e4ndighet f\u00f6r industriella\/marina till\u00e4mpningar.","robots":{"index":"index","follow":"follow","max-snippet":"max-snippet:-1","max-image-preview":"max-image-preview:large","max-video-preview":"max-video-preview:-1"},"canonical":"https:\/\/www.jinyupaint.com\/sv\/produkt\/bgez-60-epoxy-zinc-rich-primer\/","og_locale":"sv_SE","og_type":"article","og_title":"BGEZ-60 Epoxy Zinc-rich Primer","og_description":"High-performance zinc rich primer for steel with 60% zinc content. Provides cathodic protection, excellent adhesion & corrosion resistance for industrial\/marine applications.","og_url":"https:\/\/www.jinyupaint.com\/sv\/produkt\/bgez-60-epoxy-zinc-rich-primer\/","og_site_name":"KAIDA PAINT\u00ae","article_modified_time":"2025-07-22T08:51:44+00:00","og_image":[{"width":750,"height":750,"url":"https:\/\/www.jinyupaint.com\/wp-content\/uploads\/2023\/10\/Industrial-Paint-11.jpg","type":"image\/jpeg"}],"twitter_card":"summary_large_image","twitter_misc":{"Ber\u00e4knad l\u00e4stid":"3 minuter"},"schema":{"@context":"https:\/\/schema.org","@graph":[{"@type":"WebPage","@id":"https:\/\/www.jinyupaint.com\/product\/bgez-60-epoxy-zinc-rich-primer","url":"https:\/\/www.jinyupaint.com\/product\/bgez-60-epoxy-zinc-rich-primer","name":"BGEZ-60 Epoxi Zinkrik Primer Korrosionsskyddande bel\u00e4ggning - KAIDA PAINT\u00ae Tillverkare | Leverant\u00f6r","isPartOf":{"@id":"https:\/\/www.jinyupaint.com\/#website"},"primaryImageOfPage":{"@id":"https:\/\/www.jinyupaint.com\/product\/bgez-60-epoxy-zinc-rich-primer#primaryimage"},"image":{"@id":"https:\/\/www.jinyupaint.com\/product\/bgez-60-epoxy-zinc-rich-primer#primaryimage"},"thumbnailUrl":"https:\/\/www.jinyupaint.com\/wp-content\/uploads\/2023\/10\/Industrial-Paint-11.jpg","datePublished":"2023-10-17T03:26:59+00:00","dateModified":"2025-07-22T08:51:44+00:00","description":"H\u00f6gpresterande zinkrik primer f\u00f6r st\u00e5l med 60% zinkhalt. Ger katodiskt skydd, utm\u00e4rkt vidh\u00e4ftning och korrosionsbest\u00e4ndighet f\u00f6r industriella\/marina till\u00e4mpningar.","breadcrumb":{"@id":"https:\/\/www.jinyupaint.com\/product\/bgez-60-epoxy-zinc-rich-primer#breadcrumb"},"inLanguage":"sv-SE","potentialAction":[{"@type":"ReadAction","target":["https:\/\/www.jinyupaint.com\/product\/bgez-60-epoxy-zinc-rich-primer"]}]},{"@type":"ImageObject","inLanguage":"sv-SE","@id":"https:\/\/www.jinyupaint.com\/product\/bgez-60-epoxy-zinc-rich-primer#primaryimage","url":"https:\/\/www.jinyupaint.com\/wp-content\/uploads\/2023\/10\/Industrial-Paint-11.jpg","contentUrl":"https:\/\/www.jinyupaint.com\/wp-content\/uploads\/2023\/10\/Industrial-Paint-11.jpg","width":750,"height":750,"caption":"Industrial-Paint"},{"@type":"BreadcrumbList","@id":"https:\/\/www.jinyupaint.com\/product\/bgez-60-epoxy-zinc-rich-primer#breadcrumb","itemListElement":[{"@type":"ListItem","position":1,"name":"Home","item":"https:\/\/www.jinyupaint.com\/"},{"@type":"ListItem","position":2,"name":"Shop","item":"https:\/\/www.jinyupaint.com\/shop.html"},{"@type":"ListItem","position":3,"name":"BGEZ-60 Epoxy Zinc-rich Primer"}]},{"@type":"WebSite","@id":"https:\/\/www.jinyupaint.com\/#website","url":"https:\/\/www.jinyupaint.com\/","name":"JINYU\u00ae F\u00c4RGER","description":"JINYU PAINT\u00ae Tillverkare","potentialAction":[{"@type":"SearchAction","target":{"@type":"EntryPoint","urlTemplate":"https:\/\/www.jinyupaint.com\/?s={search_term_string}"},"query-input":{"@type":"PropertyValueSpecification","valueRequired":true,"valueName":"search_term_string"}}],"inLanguage":"sv-SE"}]}},"_links":{"self":[{"href":"https:\/\/www.jinyupaint.com\/sv\/wp-json\/wp\/v2\/product\/1489","targetHints":{"allow":["GET"]}}],"collection":[{"href":"https:\/\/www.jinyupaint.com\/sv\/wp-json\/wp\/v2\/product"}],"about":[{"href":"https:\/\/www.jinyupaint.com\/sv\/wp-json\/wp\/v2\/types\/product"}],"wp:featuredmedia":[{"embeddable":true,"href":"https:\/\/www.jinyupaint.com\/sv\/wp-json\/wp\/v2\/media\/1504"}],"wp:attachment":[{"href":"https:\/\/www.jinyupaint.com\/sv\/wp-json\/wp\/v2\/media?parent=1489"}],"wp:term":[{"taxonomy":"product_brand","embeddable":true,"href":"https:\/\/www.jinyupaint.com\/sv\/wp-json\/wp\/v2\/product_brand?post=1489"},{"taxonomy":"product_cat","embeddable":true,"href":"https:\/\/www.jinyupaint.com\/sv\/wp-json\/wp\/v2\/product_cat?post=1489"},{"taxonomy":"product_tag","embeddable":true,"href":"https:\/\/www.jinyupaint.com\/sv\/wp-json\/wp\/v2\/product_tag?post=1489"}],"curies":[{"name":"wp","href":"https:\/\/api.w.org\/{rel}","templated":true}]}}