{"id":1482,"date":"2023-10-17T02:49:22","date_gmt":"2023-10-17T02:49:22","guid":{"rendered":"http:\/\/www.jinyupaint.com\/?post_type=product&#038;p=1482"},"modified":"2025-07-14T08:23:42","modified_gmt":"2025-07-14T08:23:42","slug":"bga-40-acrylic-polyurethane-topcoat","status":"publish","type":"product","link":"https:\/\/www.jinyupaint.com\/sv\/produkt\/bga-40-acrylic-polyurethane-topcoat","title":{"rendered":"BGA-40 Akryl polyuretan topplack"},"content":{"rendered":"<h2><strong>Produktbeskrivning.<\/strong><\/h2>\n<p>Denna tv\u00e5komponents, h\u00f6gbyggande, alifatiska akrylpolyuretanfinish \u00e4r en l\u00e5gblank topplack med exceptionell f\u00e4rgbest\u00e4ndighet, speciellt utformad f\u00f6r st\u00e5lkonstruktioner som uts\u00e4tts f\u00f6r m\u00e5ttliga korrosiva f\u00f6rh\u00e5llanden. Som en premium alifatisk polyuretanbel\u00e4ggning ger den \u00f6verl\u00e4gsen h\u00e5llbarhet, UV-best\u00e4ndighet och l\u00e5ngsiktigt skydd j\u00e4mf\u00f6rt med standard akryl- eller polyuretanalternativ. Formuleringen av den feta akrylpolyuretanemaljen s\u00e4kerst\u00e4ller utm\u00e4rkt v\u00e4derbest\u00e4ndighet, vilket g\u00f6r den idealisk f\u00f6r b\u00e5de nybyggnadsm\u00e5lning och underh\u00e5llsm\u00e5lning d\u00e4r en h\u00f6gglansig polyuretanf\u00e4rg inte \u00e4r \u00f6nskv\u00e4rd.<\/p>\n<p>&nbsp;<\/p>\n<h2><strong>Produkttill\u00e4mpning.<\/strong><\/h2>\n<p>Denna alifatiska akryluretan \u00e4r avsedd f\u00f6r omr\u00e5den som kr\u00e4ver en matt akrylpolyuretanemaljf\u00e4rg och \u00f6vertr\u00e4ffar konventionell polyuretanemalj eller akryluretanemaljf\u00e4rg n\u00e4r det g\u00e4ller flexibilitet och vidh\u00e4ftning.<\/p>\n<p>&nbsp;<\/p>\n<h2><strong>Fysiska parametrar:<\/strong><\/h2>\n<p><strong>F\u00e4rg:<\/strong> olika f\u00e4rger<\/p>\n<p><strong>Volym fast substansinneh\u00e5ll:<\/strong> 58\u00b12%<\/p>\n<p><strong>Standard filmtjocklek:<\/strong> Torr film: 60 mikron V\u00e5t film: 103 mikron<\/p>\n<p><strong>Teoretisk bel\u00e4ggningshastighet:<\/strong> 6,9\u33a1\/kg, 9,7\u33a1\/L (baserat p\u00e5 60 mikron torr film)<\/p>\n<p><strong>Faktisk t\u00e4ckningsgrad:<\/strong> Beakta l\u00e4mpliga f\u00f6rlustfaktorer<\/p>\n<p><strong>Flampunkt:<\/strong> 29\u00b12\u2103(efter blandning)<\/p>\n<p>&nbsp;<\/p>\n<h2><strong>Instruktioner f\u00f6r ans\u00f6kan<\/strong><\/h2>\n<h3>Ytbehandling:<\/h3>\n<p>Alla ytor som ska m\u00e5las ska vara rena, torra och fria fr\u00e5n f\u00f6roreningar. F\u00f6re m\u00e5lning ska alla ytor bed\u00f6mas och behandlas i enlighet med ISO8504:2000-standarderna. Denna produkt ska alltid appliceras ovanp\u00e5 en rekommenderad rostskyddsf\u00e4rg. Primerytan ska vara torr och fri fr\u00e5n f\u00f6roreningar. Denna produkt m\u00e5ste appliceras inom de angivna intervallen f\u00f6r \u00f6verm\u00e5lning. Fl\u00e4ckiga och skadade omr\u00e5den ska behandlas enligt den specificerade standarden Sa2.5 (ISO8501-1:2007) eller SSPC-SP6) och dessa omr\u00e5den ska reprimmas innan denna produkt appliceras. Substrattemperaturen b\u00f6r inte vara l\u00e4gre \u00e4n 10\u00b0C och b\u00f6r vara minst 3\u00b0C h\u00f6gre \u00e4n luftens daggpunktstemperatur.<\/p>\n<p><strong>Mixning:<\/strong> Denna produkt levereras i tv\u00e5 burkar som bildar en enhet. Den m\u00e5ste blandas tv\u00e5 och tv\u00e5 p\u00e5 en g\u00e5ng enligt det f\u00f6reskrivna f\u00f6rh\u00e5llandet varje g\u00e5ng och f\u00f6rbrukas inom den f\u00f6reskrivna blandningsperioden.<\/p>\n<p><strong>Livsl\u00e4ngd f\u00f6r blandning:<\/strong><\/p>\n<table>\n<tbody>\n<tr>\n<td width=\"142\">15\u2103<\/td>\n<td width=\"142\">25\u2103<\/td>\n<td width=\"142\">40\u2103<\/td>\n<\/tr>\n<tr>\n<td width=\"142\">4H<\/td>\n<td width=\"142\">2H<\/td>\n<td width=\"142\">1H<\/td>\n<\/tr>\n<\/tbody>\n<\/table>\n<p><strong>Tunnare: JINYU nr 2Tunnare<\/strong><\/p>\n<table>\n<tbody>\n<tr>\n<td width=\"142\">Konstruktionsmetod:<\/td>\n<td width=\"142\">luftfri spray<\/td>\n<td width=\"142\">luftspray (med trycktank)<\/td>\n<td width=\"142\">borste\/vals<\/td>\n<\/tr>\n<tr>\n<td width=\"142\">Utsp\u00e4dningsf\u00f6rh\u00e5llande:<\/td>\n<td width=\"142\">0-5%<\/td>\n<td width=\"142\">5-10%<\/td>\n<td width=\"142\">0-5%<\/td>\n<\/tr>\n<\/tbody>\n<\/table>\n<p><strong><b>Luftfri spray:<\/b><\/strong><\/p>\n<p><strong><b>Munstyckets storlek: 0,33-0,46 mm<\/b><\/strong><\/p>\n<p><strong><b>Utsl\u00e4ppstryck: 15MPa<\/b><\/strong><\/p>\n<p><strong>Torktid:<\/strong><\/p>\n<table>\n<tbody>\n<tr>\n<td width=\"124\">(tjocklek p\u00e5 v\u00e5tskikt 103 \u03bcm, relativ fuktighet 50%)<\/td>\n<td width=\"66\">15\u2103<\/td>\n<td width=\"105\">25\u2103<\/td>\n<td width=\"122\">35\u2103<\/td>\n<\/tr>\n<tr>\n<td width=\"124\">Fingrarna \u00e4r torra vid ber\u00f6ring<\/td>\n<td width=\"66\">4H<\/td>\n<td width=\"105\">1H<\/td>\n<td width=\"122\">0.5H<\/td>\n<\/tr>\n<tr>\n<td width=\"124\">Transportabel<\/td>\n<td width=\"66\">24H<\/td>\n<td width=\"105\">6H<\/td>\n<td width=\"122\">6H<\/td>\n<\/tr>\n<tr>\n<td width=\"124\">helt botad<\/td>\n<td width=\"66\">10 dagar<\/td>\n<td width=\"105\">7 dagar<\/td>\n<td width=\"122\">2 dagar<\/td>\n<\/tr>\n<\/tbody>\n<\/table>\n<p><strong>Intervall f\u00f6r omlackering:<\/strong><\/p>\n<table>\n<tbody>\n<tr>\n<td width=\"124\">(tjocklek p\u00e5 v\u00e5tskikt 103 \u03bcm, relativ fuktighet 50%)<\/td>\n<td width=\"102\">15\u2103<\/td>\n<td width=\"89\">25\u2103<\/td>\n<td width=\"158\">35\u2103<\/td>\n<\/tr>\n<tr>\n<td width=\"124\">kortast<\/td>\n<td width=\"102\">5H<\/td>\n<td width=\"89\">4H<\/td>\n<td width=\"158\">1H<\/td>\n<\/tr>\n<\/tbody>\n<\/table>\n<p><strong><b>Specifikationer f\u00f6r f\u00f6rpackning: 25KG\/grupp<\/b><\/strong><\/p>\n<p>&nbsp;<\/p>\n<figure id=\"attachment_4525\" aria-describedby=\"caption-attachment-4525\" style=\"width: 600px\" class=\"wp-caption alignnone\"><a href=\"https:\/\/www.jinyupaint.com\/wp-content\/uploads\/2023\/10\/Acrylic-Polyurethane-Paint-Application.jpg\"><img fetchpriority=\"high\" decoding=\"async\" class=\"wp-image-4525\" src=\"https:\/\/www.jinyupaint.com\/wp-content\/uploads\/2023\/10\/Acrylic-Polyurethane-Paint-Application.jpg\" alt=\"Akryl polyuretanf\u00e4rg Till\u00e4mpning\" width=\"600\" height=\"450\" srcset=\"https:\/\/www.jinyupaint.com\/wp-content\/uploads\/2023\/10\/Acrylic-Polyurethane-Paint-Application.jpg 800w, https:\/\/www.jinyupaint.com\/wp-content\/uploads\/2023\/10\/Acrylic-Polyurethane-Paint-Application-300x225.jpg 300w, https:\/\/www.jinyupaint.com\/wp-content\/uploads\/2023\/10\/Acrylic-Polyurethane-Paint-Application-768x576.jpg 768w, https:\/\/www.jinyupaint.com\/wp-content\/uploads\/2023\/10\/Acrylic-Polyurethane-Paint-Application-600x450.jpg 600w\" sizes=\"(max-width: 600px) 100vw, 600px\" \/><\/a><figcaption id=\"caption-attachment-4525\" class=\"wp-caption-text\">Akryl polyuretanf\u00e4rg Till\u00e4mpning<\/figcaption><\/figure>\n<p>&nbsp;<\/p>\n<h2 style=\"text-align: center;\"><strong>Vad \u00e4r skillnaden mellan akryloverdrag, akryloverdrag med polyuretan och alifatisk polyuretan?<\/strong><\/h2>\n<div style=\"position: relative;\">\n<div style=\"content: ''; width: 248px; height: 1px; background: #c8c8c8; display: block; margin: auto;\"><\/div>\n<div style=\"content: ''; width: 37px; height: 3px; background: #d51405; display: block; position: absolute; left: 50%; margin-left: -18px; bottom: 0;\"><\/div>\n<\/div>\n<p>&nbsp;<\/p>\n<p>Akrylf\u00e4rger \u00e4r enkomponentsystem, medan akrylpolyuretanf\u00e4rger och alifatiska polyuretanf\u00e4rger \u00e4r tv\u00e5komponentsystem. Akrylpolyuretanf\u00e4rg h\u00f6r vanligtvis till kategorin alifatiska polyuretaner, som \u00e4r s\u00e4rskilt konstruerade f\u00f6r att ge \u00f6verl\u00e4gsen v\u00e4derbest\u00e4ndighet och l\u00e5ngvarig h\u00e5llbarhet.<\/p>\n<p>&nbsp;<\/p>\n<p>De prim\u00e4ra skillnaderna mellan akryl- och polyuretanbel\u00e4ggningar str\u00e4cker sig ut\u00f6ver h\u00e4rdningsmetoder till kritiska prestandafaktorer som UV-best\u00e4ndighet och korrosionsskydd. Akrylpolyuretanemaljf\u00e4rg visar betydligt h\u00f6gre korrosionsbest\u00e4ndighet j\u00e4mf\u00f6rt med standardakrylalternativ. N\u00e4r man \u00f6verv\u00e4ger alifatiska polyuretanbel\u00e4ggningssystem \u00e4r de specifikt formulerade f\u00f6r exceptionell v\u00e4derbest\u00e4ndighet utomhus och UV-skydd, vilket \u00f6vertr\u00e4ffar akryl i b\u00e5de yth\u00e5rdhet och glansh\u00e5llning.<\/p>\n<p>&nbsp;<\/p>\n<p>F\u00f6r projekt som kr\u00e4ver b\u00e5de skyddande egenskaper och dekorativa inslag erbjuder alifatiska akrylpolyuretanlacker tydliga f\u00f6rdelar j\u00e4mf\u00f6rt med konventionella akrylpolyuretanalternativ. Den f\u00f6rb\u00e4ttrade kemikaliebest\u00e4ndigheten och den \u00f6verl\u00e4gsna f\u00e4rgbest\u00e4ndigheten hos dessa polyuretanlacker g\u00f6r dem idealiska f\u00f6r kr\u00e4vande industriella applikationer d\u00e4r b\u00e5de h\u00e5llbarhet och estetik \u00e4r av st\u00f6rsta vikt.<\/p>\n<p>&nbsp;<\/p>\n<h2 style=\"text-align: center;\"><strong>Faq av akryl polyuretan finish<\/strong><\/h2>\n<div style=\"position: relative;\">\n<div style=\"content: ''; width: 248px; height: 1px; background: #c8c8c8; display: block; margin: auto;\"><\/div>\n<div style=\"content: ''; width: 37px; height: 3px; background: #d51405; display: block; position: absolute; left: 50%; margin-left: -18px; bottom: 0;\"><\/div>\n<\/div>\n<p>&nbsp;<\/p>\n<ul>\n<li><a href=\"https:\/\/www.jinyupaint.com\/sv\/how-to-choose-the-compatible-primer-for-acrylic-polyurethane-finish.html\/\">Hur v\u00e4ljer man den kompatibla primern f\u00f6r akrylpolyuretanfinish?<\/a><\/li>\n<\/ul>","protected":false},"excerpt":{"rendered":"<p>Acrylic polyurethane finish, \u00e4ven k\u00e4nd som akrylpolyuretan emaljf\u00e4rg, \u00e4r ett h\u00f6gpresterande tv\u00e5komponents bel\u00e4ggningssystem som ger exceptionell h\u00e5llbarhet och estetisk tilltalande. Denna alifatiska polyuretanf\u00e4rg erbjuder enast\u00e5ende v\u00e4derbest\u00e4ndighet, UV-skydd och l\u00f6sningsmedelsbest\u00e4ndighet, vilket g\u00f6r den idealisk f\u00f6r kr\u00e4vande utomhusapplikationer. Med sin h\u00f6gglansiga finish och sina \u00f6verl\u00e4gsna dekorativa egenskaper har akrylpolyuretanf\u00e4rg blivit det f\u00f6redragna valet f\u00f6r stora infrastruktur- och industriprojekt \u00f6ver hela v\u00e4rlden.<\/p>\n<p>&nbsp;<\/p>\n<p>Denna polyuretanlack \u00e4r speciellt framtagen f\u00f6r industriella korrosionsskyddstill\u00e4mpningar i mellan- till h\u00f6gprissegmentet och ger ett utm\u00e4rkt skydd f\u00f6r: st\u00e5lkonstruktioner, brobel\u00e4ggningar, betongytor, byggnadsexteri\u00f6rer, mekanisk utrustning, kustinstallationer och r\u00f6rledningsskydd. J\u00e4mf\u00f6rt med standardalternativ i akryl eller polyuretan ger detta alifatiska akrylpolyuretan-bel\u00e4ggningssystem f\u00f6rb\u00e4ttrad kemisk best\u00e4ndighet och l\u00e5ngvarig f\u00e4rgbest\u00e4ndighet, och \u00f6vertr\u00e4ffar konventionella polyuretanf\u00e4rger med upp till 5 g\u00e5nger l\u00e4ngre livsl\u00e4ngd.<\/p>","protected":false},"featured_media":5095,"template":"","meta":{"om_disable_all_campaigns":false,"_monsterinsights_skip_tracking":false,"_monsterinsights_sitenote_active":false,"_monsterinsights_sitenote_note":"","_monsterinsights_sitenote_category":0,"_uf_show_specific_survey":0,"_uf_disable_surveys":false},"product_brand":[],"product_cat":[79,505],"product_tag":[84,81,82],"class_list":{"0":"post-1482","1":"product","2":"type-product","3":"status-publish","4":"has-post-thumbnail","6":"product_cat-industrial-coating","7":"product_cat-polyurethane-paint","8":"product_tag-acrylic-polyurethane-topcoat","9":"product_tag-industrial-coating","10":"product_tag-industrial-paint","12":"first","13":"instock","14":"shipping-taxable","15":"product-type-simple"},"yoast_head":"<!-- This site is optimized with the Yoast SEO Premium plugin v26.2 (Yoast SEO v26.5) - https:\/\/yoast.com\/wordpress\/plugins\/seo\/ -->\n<title>BGA-40 Acrylic Polyurethane Topcoat - KAIDA PAINT\u00ae Manufacturer | Supplier<\/title>\n<meta name=\"description\" content=\"High-performance \u200b\u200baliphatic acrylic polyurethane finish\u200b\u200b with superior UV resistance &amp; color retention. Ideal for steel structures in corrosive environments. Low-sheen, durable \u200b\u200bpolyurethane enamel paint\u200b\u200b.\" \/>\n<meta name=\"robots\" content=\"index, follow, max-snippet:-1, max-image-preview:large, max-video-preview:-1\" \/>\n<link rel=\"canonical\" href=\"https:\/\/www.jinyupaint.com\/sv\/produkt\/bga-40-acrylic-polyurethane-topcoat\/\" \/>\n<meta property=\"og:locale\" content=\"sv_SE\" \/>\n<meta property=\"og:type\" content=\"article\" \/>\n<meta property=\"og:title\" content=\"BGA-40 Acrylic Polyurethane Topcoat\" \/>\n<meta property=\"og:description\" content=\"High-performance \u200b\u200baliphatic acrylic polyurethane finish\u200b\u200b with superior UV resistance &amp; color retention. Ideal for steel structures in corrosive environments. Low-sheen, durable \u200b\u200bpolyurethane enamel paint\u200b\u200b.\" \/>\n<meta property=\"og:url\" content=\"https:\/\/www.jinyupaint.com\/sv\/produkt\/bga-40-acrylic-polyurethane-topcoat\/\" \/>\n<meta property=\"og:site_name\" content=\"KAIDA PAINT\u00ae\" \/>\n<meta property=\"article:modified_time\" content=\"2025-07-14T08:23:42+00:00\" \/>\n<meta property=\"og:image\" content=\"https:\/\/www.jinyupaint.com\/wp-content\/uploads\/2023\/10\/Acrylic-Polyurethane-Finish.jpg\" \/>\n\t<meta property=\"og:image:width\" content=\"750\" \/>\n\t<meta property=\"og:image:height\" content=\"750\" \/>\n\t<meta property=\"og:image:type\" content=\"image\/jpeg\" \/>\n<meta name=\"twitter:card\" content=\"summary_large_image\" \/>\n<meta name=\"twitter:label1\" content=\"Ber\u00e4knad l\u00e4stid\" \/>\n\t<meta name=\"twitter:data1\" content=\"3 minuter\" \/>\n<script type=\"application\/ld+json\" class=\"yoast-schema-graph\">{\"@context\":\"https:\/\/schema.org\",\"@graph\":[{\"@type\":\"WebPage\",\"@id\":\"https:\/\/www.jinyupaint.com\/product\/bga-40-acrylic-polyurethane-topcoat\",\"url\":\"https:\/\/www.jinyupaint.com\/product\/bga-40-acrylic-polyurethane-topcoat\",\"name\":\"BGA-40 Acrylic Polyurethane Topcoat - KAIDA PAINT\u00ae Manufacturer | Supplier\",\"isPartOf\":{\"@id\":\"https:\/\/www.jinyupaint.com\/#website\"},\"primaryImageOfPage\":{\"@id\":\"https:\/\/www.jinyupaint.com\/product\/bga-40-acrylic-polyurethane-topcoat#primaryimage\"},\"image\":{\"@id\":\"https:\/\/www.jinyupaint.com\/product\/bga-40-acrylic-polyurethane-topcoat#primaryimage\"},\"thumbnailUrl\":\"https:\/\/www.jinyupaint.com\/wp-content\/uploads\/2023\/10\/Acrylic-Polyurethane-Finish.jpg\",\"datePublished\":\"2023-10-17T02:49:22+00:00\",\"dateModified\":\"2025-07-14T08:23:42+00:00\",\"description\":\"High-performance \u200b\u200baliphatic acrylic polyurethane finish\u200b\u200b with superior UV resistance & color retention. Ideal for steel structures in corrosive environments. Low-sheen, durable \u200b\u200bpolyurethane enamel paint\u200b\u200b.\",\"breadcrumb\":{\"@id\":\"https:\/\/www.jinyupaint.com\/product\/bga-40-acrylic-polyurethane-topcoat#breadcrumb\"},\"inLanguage\":\"sv-SE\",\"potentialAction\":[{\"@type\":\"ReadAction\",\"target\":[\"https:\/\/www.jinyupaint.com\/product\/bga-40-acrylic-polyurethane-topcoat\"]}]},{\"@type\":\"ImageObject\",\"inLanguage\":\"sv-SE\",\"@id\":\"https:\/\/www.jinyupaint.com\/product\/bga-40-acrylic-polyurethane-topcoat#primaryimage\",\"url\":\"https:\/\/www.jinyupaint.com\/wp-content\/uploads\/2023\/10\/Acrylic-Polyurethane-Finish.jpg\",\"contentUrl\":\"https:\/\/www.jinyupaint.com\/wp-content\/uploads\/2023\/10\/Acrylic-Polyurethane-Finish.jpg\",\"width\":750,\"height\":750,\"caption\":\"Acrylic Polyurethane Finish\"},{\"@type\":\"BreadcrumbList\",\"@id\":\"https:\/\/www.jinyupaint.com\/product\/bga-40-acrylic-polyurethane-topcoat#breadcrumb\",\"itemListElement\":[{\"@type\":\"ListItem\",\"position\":1,\"name\":\"Home\",\"item\":\"https:\/\/www.jinyupaint.com\/\"},{\"@type\":\"ListItem\",\"position\":2,\"name\":\"Shop\",\"item\":\"https:\/\/www.jinyupaint.com\/shop.html\"},{\"@type\":\"ListItem\",\"position\":3,\"name\":\"BGA-40 Acrylic Polyurethane Topcoat\"}]},{\"@type\":\"WebSite\",\"@id\":\"https:\/\/www.jinyupaint.com\/#website\",\"url\":\"https:\/\/www.jinyupaint.com\/\",\"name\":\"JINYU\u00ae PAINT\",\"description\":\"JINYU PAINT\u00ae Manufacturer\",\"potentialAction\":[{\"@type\":\"SearchAction\",\"target\":{\"@type\":\"EntryPoint\",\"urlTemplate\":\"https:\/\/www.jinyupaint.com\/?s={search_term_string}\"},\"query-input\":{\"@type\":\"PropertyValueSpecification\",\"valueRequired\":true,\"valueName\":\"search_term_string\"}}],\"inLanguage\":\"sv-SE\"}]}<\/script>\n<!-- \/ Yoast SEO Premium plugin. -->","yoast_head_json":{"title":"BGA-40 Acrylic Polyurethane Topcoat - KAIDA PAINT\u00ae Manufacturer | Supplier","description":"H\u00f6gpresterande alifatisk akrylpolyuretanfinish med \u00f6verl\u00e4gsen UV-best\u00e4ndighet och f\u00e4rgbest\u00e4ndighet. Idealisk f\u00f6r st\u00e5lkonstruktioner i korrosiva milj\u00f6er. Slitstark polyuretanemaljf\u00e4rg med l\u00e5g glans.","robots":{"index":"index","follow":"follow","max-snippet":"max-snippet:-1","max-image-preview":"max-image-preview:large","max-video-preview":"max-video-preview:-1"},"canonical":"https:\/\/www.jinyupaint.com\/sv\/produkt\/bga-40-acrylic-polyurethane-topcoat\/","og_locale":"sv_SE","og_type":"article","og_title":"BGA-40 Acrylic Polyurethane Topcoat","og_description":"High-performance \u200b\u200baliphatic acrylic polyurethane finish\u200b\u200b with superior UV resistance & color retention. Ideal for steel structures in corrosive environments. Low-sheen, durable \u200b\u200bpolyurethane enamel paint\u200b\u200b.","og_url":"https:\/\/www.jinyupaint.com\/sv\/produkt\/bga-40-acrylic-polyurethane-topcoat\/","og_site_name":"KAIDA PAINT\u00ae","article_modified_time":"2025-07-14T08:23:42+00:00","og_image":[{"width":750,"height":750,"url":"https:\/\/www.jinyupaint.com\/wp-content\/uploads\/2023\/10\/Acrylic-Polyurethane-Finish.jpg","type":"image\/jpeg"}],"twitter_card":"summary_large_image","twitter_misc":{"Ber\u00e4knad l\u00e4stid":"3 minuter"},"schema":{"@context":"https:\/\/schema.org","@graph":[{"@type":"WebPage","@id":"https:\/\/www.jinyupaint.com\/product\/bga-40-acrylic-polyurethane-topcoat","url":"https:\/\/www.jinyupaint.com\/product\/bga-40-acrylic-polyurethane-topcoat","name":"BGA-40 Acrylic Polyurethane Topcoat - KAIDA PAINT\u00ae Manufacturer | Supplier","isPartOf":{"@id":"https:\/\/www.jinyupaint.com\/#website"},"primaryImageOfPage":{"@id":"https:\/\/www.jinyupaint.com\/product\/bga-40-acrylic-polyurethane-topcoat#primaryimage"},"image":{"@id":"https:\/\/www.jinyupaint.com\/product\/bga-40-acrylic-polyurethane-topcoat#primaryimage"},"thumbnailUrl":"https:\/\/www.jinyupaint.com\/wp-content\/uploads\/2023\/10\/Acrylic-Polyurethane-Finish.jpg","datePublished":"2023-10-17T02:49:22+00:00","dateModified":"2025-07-14T08:23:42+00:00","description":"H\u00f6gpresterande alifatisk akrylpolyuretanfinish med \u00f6verl\u00e4gsen UV-best\u00e4ndighet och f\u00e4rgbest\u00e4ndighet. Idealisk f\u00f6r st\u00e5lkonstruktioner i korrosiva milj\u00f6er. Slitstark polyuretanemaljf\u00e4rg med l\u00e5g glans.","breadcrumb":{"@id":"https:\/\/www.jinyupaint.com\/product\/bga-40-acrylic-polyurethane-topcoat#breadcrumb"},"inLanguage":"sv-SE","potentialAction":[{"@type":"ReadAction","target":["https:\/\/www.jinyupaint.com\/product\/bga-40-acrylic-polyurethane-topcoat"]}]},{"@type":"ImageObject","inLanguage":"sv-SE","@id":"https:\/\/www.jinyupaint.com\/product\/bga-40-acrylic-polyurethane-topcoat#primaryimage","url":"https:\/\/www.jinyupaint.com\/wp-content\/uploads\/2023\/10\/Acrylic-Polyurethane-Finish.jpg","contentUrl":"https:\/\/www.jinyupaint.com\/wp-content\/uploads\/2023\/10\/Acrylic-Polyurethane-Finish.jpg","width":750,"height":750,"caption":"Acrylic Polyurethane Finish"},{"@type":"BreadcrumbList","@id":"https:\/\/www.jinyupaint.com\/product\/bga-40-acrylic-polyurethane-topcoat#breadcrumb","itemListElement":[{"@type":"ListItem","position":1,"name":"Home","item":"https:\/\/www.jinyupaint.com\/"},{"@type":"ListItem","position":2,"name":"Shop","item":"https:\/\/www.jinyupaint.com\/shop.html"},{"@type":"ListItem","position":3,"name":"BGA-40 Acrylic Polyurethane Topcoat"}]},{"@type":"WebSite","@id":"https:\/\/www.jinyupaint.com\/#website","url":"https:\/\/www.jinyupaint.com\/","name":"JINYU\u00ae F\u00c4RGER","description":"JINYU PAINT\u00ae Tillverkare","potentialAction":[{"@type":"SearchAction","target":{"@type":"EntryPoint","urlTemplate":"https:\/\/www.jinyupaint.com\/?s={search_term_string}"},"query-input":{"@type":"PropertyValueSpecification","valueRequired":true,"valueName":"search_term_string"}}],"inLanguage":"sv-SE"}]}},"_links":{"self":[{"href":"https:\/\/www.jinyupaint.com\/sv\/wp-json\/wp\/v2\/product\/1482","targetHints":{"allow":["GET"]}}],"collection":[{"href":"https:\/\/www.jinyupaint.com\/sv\/wp-json\/wp\/v2\/product"}],"about":[{"href":"https:\/\/www.jinyupaint.com\/sv\/wp-json\/wp\/v2\/types\/product"}],"wp:featuredmedia":[{"embeddable":true,"href":"https:\/\/www.jinyupaint.com\/sv\/wp-json\/wp\/v2\/media\/5095"}],"wp:attachment":[{"href":"https:\/\/www.jinyupaint.com\/sv\/wp-json\/wp\/v2\/media?parent=1482"}],"wp:term":[{"taxonomy":"product_brand","embeddable":true,"href":"https:\/\/www.jinyupaint.com\/sv\/wp-json\/wp\/v2\/product_brand?post=1482"},{"taxonomy":"product_cat","embeddable":true,"href":"https:\/\/www.jinyupaint.com\/sv\/wp-json\/wp\/v2\/product_cat?post=1482"},{"taxonomy":"product_tag","embeddable":true,"href":"https:\/\/www.jinyupaint.com\/sv\/wp-json\/wp\/v2\/product_tag?post=1482"}],"curies":[{"name":"wp","href":"https:\/\/api.w.org\/{rel}","templated":true}]}}