{"id":3262,"date":"2025-02-21T05:06:22","date_gmt":"2025-02-21T05:06:22","guid":{"rendered":"https:\/\/www.jinyupaint.com\/?page_id=3262"},"modified":"2025-02-21T06:25:25","modified_gmt":"2025-02-21T06:25:25","slug":"company-profile","status":"publish","type":"page","link":"https:\/\/www.jinyupaint.com\/sv\/company-profile.html","title":{"rendered":"F\u00f6retagets profil"},"content":{"rendered":"<div data-elementor-type=\"wp-page\" data-elementor-id=\"3262\" class=\"elementor elementor-3262\" data-elementor-post-type=\"page\">\n\t\t\t\t\t\t<section class=\"elementor-section elementor-top-section elementor-element elementor-element-78cbbd6e elementor-section-boxed elementor-section-height-default elementor-section-height-default\" data-id=\"78cbbd6e\" data-element_type=\"section\" data-settings=\"{&quot;background_background&quot;:&quot;classic&quot;}\">\n\t\t\t\t\t\t<div class=\"elementor-container elementor-column-gap-default\">\n\t\t\t\t\t<div class=\"elementor-column elementor-col-100 elementor-top-column elementor-element elementor-element-7278eecc\" data-id=\"7278eecc\" data-element_type=\"column\">\n\t\t\t<div class=\"elementor-widget-wrap elementor-element-populated\">\n\t\t\t\t\t\t<div class=\"elementor-element elementor-element-75424838 elementor-widget__width-initial elementor-widget elementor-widget-woocommerce-breadcrumb\" data-id=\"75424838\" data-element_type=\"widget\" data-widget_type=\"woocommerce-breadcrumb.default\">\n\t\t\t\t<div class=\"elementor-widget-container\">\n\t\t\t\t\t<nav class=\"woocommerce-breadcrumb\" aria-label=\"Breadcrumb\" data-no-translation=\"\" data-trp-gettext=\"\">Hem<\/nav>\t\t\t\t<\/div>\n\t\t\t\t<\/div>\n\t\t\t\t\t<\/div>\n\t\t<\/div>\n\t\t\t\t\t<\/div>\n\t\t<\/section>\n\t\t\t\t<section class=\"elementor-section elementor-top-section elementor-element elementor-element-fac1bb7 elementor-section-boxed elementor-section-height-default elementor-section-height-default\" data-id=\"fac1bb7\" data-element_type=\"section\">\n\t\t\t\t\t\t<div class=\"elementor-container elementor-column-gap-default\">\n\t\t\t\t\t<div class=\"elementor-column elementor-col-100 elementor-top-column elementor-element elementor-element-7508b19\" data-id=\"7508b19\" data-element_type=\"column\">\n\t\t\t<div class=\"elementor-widget-wrap elementor-element-populated\">\n\t\t\t\t\t\t<div class=\"elementor-element elementor-element-2b90ca6 elementor-widget elementor-widget-spacer\" data-id=\"2b90ca6\" data-element_type=\"widget\" data-widget_type=\"spacer.default\">\n\t\t\t\t<div class=\"elementor-widget-container\">\n\t\t\t\t\t\t\t<div class=\"elementor-spacer\">\n\t\t\t<div class=\"elementor-spacer-inner\"><\/div>\n\t\t<\/div>\n\t\t\t\t\t\t<\/div>\n\t\t\t\t<\/div>\n\t\t\t\t\t<\/div>\n\t\t<\/div>\n\t\t\t\t\t<\/div>\n\t\t<\/section>\n\t\t\t\t<section class=\"elementor-section elementor-top-section elementor-element elementor-element-42a23ab elementor-section-boxed elementor-section-height-default elementor-section-height-default\" data-id=\"42a23ab\" data-element_type=\"section\">\n\t\t\t\t\t\t<div class=\"elementor-container elementor-column-gap-default\">\n\t\t\t\t\t<div class=\"elementor-column elementor-col-100 elementor-top-column elementor-element elementor-element-d184d18\" data-id=\"d184d18\" data-element_type=\"column\">\n\t\t\t<div class=\"elementor-widget-wrap elementor-element-populated\">\n\t\t\t\t\t\t<div class=\"elementor-element elementor-element-bcdc0d7 elementor-widget elementor-widget-image\" data-id=\"bcdc0d7\" data-element_type=\"widget\" data-widget_type=\"image.default\">\n\t\t\t\t<div class=\"elementor-widget-container\">\n\t\t\t\t\t\t\t\t\t\t\t\t\t\t\t<img fetchpriority=\"high\" decoding=\"async\" width=\"1604\" height=\"902\" src=\"https:\/\/www.jinyupaint.com\/wp-content\/uploads\/2025\/02\/JINYU-PAINT-Display-Hall.jpg\" class=\"attachment-full size-full wp-image-3338\" alt=\"JINYU-PAINT-Visningshall\" srcset=\"https:\/\/www.jinyupaint.com\/wp-content\/uploads\/2025\/02\/JINYU-PAINT-Display-Hall.jpg 1604w, https:\/\/www.jinyupaint.com\/wp-content\/uploads\/2025\/02\/JINYU-PAINT-Display-Hall-300x169.jpg 300w, https:\/\/www.jinyupaint.com\/wp-content\/uploads\/2025\/02\/JINYU-PAINT-Display-Hall-1024x576.jpg 1024w, https:\/\/www.jinyupaint.com\/wp-content\/uploads\/2025\/02\/JINYU-PAINT-Display-Hall-768x432.jpg 768w, https:\/\/www.jinyupaint.com\/wp-content\/uploads\/2025\/02\/JINYU-PAINT-Display-Hall-1536x864.jpg 1536w, https:\/\/www.jinyupaint.com\/wp-content\/uploads\/2025\/02\/JINYU-PAINT-Display-Hall-600x337.jpg 600w\" sizes=\"(max-width: 1604px) 100vw, 1604px\" \/>\t\t\t\t\t\t\t\t\t\t\t\t\t\t\t<\/div>\n\t\t\t\t<\/div>\n\t\t\t\t\t<\/div>\n\t\t<\/div>\n\t\t\t\t\t<\/div>\n\t\t<\/section>\n\t\t\t\t<section class=\"elementor-section elementor-top-section elementor-element elementor-element-9f3e6c8 elementor-section-boxed elementor-section-height-default elementor-section-height-default\" data-id=\"9f3e6c8\" data-element_type=\"section\">\n\t\t\t\t\t\t<div class=\"elementor-container elementor-column-gap-default\">\n\t\t\t\t\t<div class=\"elementor-column elementor-col-100 elementor-top-column elementor-element elementor-element-0227a96\" data-id=\"0227a96\" data-element_type=\"column\">\n\t\t\t<div class=\"elementor-widget-wrap elementor-element-populated\">\n\t\t\t\t\t\t<div class=\"elementor-element elementor-element-db5eec4 elementor-widget elementor-widget-text-editor\" data-id=\"db5eec4\" data-element_type=\"widget\" data-widget_type=\"text-editor.default\">\n\t\t\t\t<div class=\"elementor-widget-container\">\n\t\t\t\t\t\t\t\t\t<div class=\"auto-hide-last-sibling-br paragraph-JOTKXA paragraph-element br-paragraph-space\">JINYU PAINT \u00e4r anslutet till Jinyu Group, en av de st\u00f6rsta byggmaterialgrupperna i Kina. Det \u00e4r ett professionellt f\u00e4rgf\u00f6retag med en historia p\u00e5 n\u00e4stan 40 \u00e5r och \u00e4r ledande inom brands\u00e4kra bel\u00e4ggningar i Kina. F\u00f6retaget har en modern produktionslinje f\u00f6r bel\u00e4ggningar med en \u00e5rlig kapacitet p\u00e5 100.000 ton och en produktionslinje f\u00f6r lim med en \u00e5rlig kapacitet p\u00e5 50.000 ton. F\u00f6retaget f\u00f6rlitar sig p\u00e5 ett laboratorium p\u00e5 nationell niv\u00e5 - Jinyu Groups Technology Center - och \u00e4gnar sig \u00e5t teknisk forskning och utveckling, produktion och f\u00f6rs\u00e4ljning av brands\u00e4kra bel\u00e4ggningar, arkitektoniska dekorativa bel\u00e4ggningar, golvf\u00e4rger, industriella f\u00e4rger, vattenbaserade tr\u00e4f\u00e4rger och milj\u00f6v\u00e4nliga lim. F\u00f6retagets produkter har anv\u00e4nts i stor utstr\u00e4ckning i m\u00e5nga viktiga projekt, bland annat National Stadium (Bird's Nest), National Centre for the Performing Arts, G20-toppm\u00f6tet, Beijing Urban Sub-center, Beijing Daxing International Airport och Universal Beijing Resort. Den genomg\u00e5ende utm\u00e4rkta kvaliteten och den f\u00f6rstklassiga servicen har f\u00e5tt ett enh\u00e4lligt erk\u00e4nnande fr\u00e5n fastighets\u00e4garna.<\/div><div class=\"auto-hide-last-sibling-br paragraph-JOTKXA paragraph-element br-paragraph-space\">\u00a0<\/div><p>\u00a0<\/p><div class=\"auto-hide-last-sibling-br paragraph-JOTKXA paragraph-element br-paragraph-space\">JINYU PAINT \u00e4r ett storskaligt och professionellt f\u00f6retag som fr\u00e4mst anv\u00e4nder importerad utrustning f\u00f6r produktion och testning. Det har skapat l\u00e5ngsiktiga och stabila samarbetspartnerskap med v\u00e4rldsber\u00f6mda kemif\u00f6retag som Dow Chemical, BASF, Bayer och DuPont. F\u00f6retaget har framg\u00e5ngsrikt erh\u00e5llit den nationella milj\u00f6m\u00e4rkningen produktcertifiering (Ten Rings), gr\u00f6n produktcertifiering, ISO9001 kvalitetsledningssystem certifiering, ISO14001 milj\u00f6ledningssystem certifiering, och arbetsmilj\u00f6 arbetsmilj\u00f6ledningssystem certifiering. Det \u00e4r utrustat med ett professionellt lednings- och driftsteam, och k\u00e4rnmedlemmarna i dess FoU- och s\u00e4ljteam har alla samlat \u00f6ver 15 \u00e5rs erfarenhet inom bel\u00e4ggnings- och kemiindustrin.<br \/><br \/><\/div><p>\u00a0<\/p><div class=\"auto-hide-last-sibling-br paragraph-JOTKXA paragraph-element br-paragraph-space\">Personalen p\u00e5 JINYU PAINT uppr\u00e4tth\u00e5ller k\u00e4rnv\u00e4rdena \"Kredit, ansvar och respekt\" och ledningsfilosofin \"Strikthet, noggrannhet, praktiskhet, innovation och snabbhet\". De str\u00e4var efter att etablera JINYU PAINT som ett ledande nationellt bel\u00e4ggningsf\u00f6retag i Kina och f\u00f6rverkliga den magnifika visionen \"JINYU Paint, Beautifying the World\"<\/div>\t\t\t\t\t\t\t\t<\/div>\n\t\t\t\t<\/div>\n\t\t\t\t\t<\/div>\n\t\t<\/div>\n\t\t\t\t\t<\/div>\n\t\t<\/section>\n\t\t\t\t<section class=\"elementor-section elementor-top-section elementor-element elementor-element-b1a81f8 elementor-section-boxed elementor-section-height-default elementor-section-height-default\" data-id=\"b1a81f8\" data-element_type=\"section\">\n\t\t\t\t\t\t<div class=\"elementor-container elementor-column-gap-default\">\n\t\t\t\t\t<div class=\"elementor-column elementor-col-100 elementor-top-column elementor-element elementor-element-c474a74\" data-id=\"c474a74\" data-element_type=\"column\">\n\t\t\t<div class=\"elementor-widget-wrap elementor-element-populated\">\n\t\t\t\t\t\t<div class=\"elementor-element elementor-element-758d320 elementor-widget elementor-widget-image\" data-id=\"758d320\" data-element_type=\"widget\" data-widget_type=\"image.default\">\n\t\t\t\t<div class=\"elementor-widget-container\">\n\t\t\t\t\t\t\t\t\t\t\t\t\t\t\t<img decoding=\"async\" width=\"1604\" height=\"902\" src=\"https:\/\/www.jinyupaint.com\/wp-content\/uploads\/2025\/02\/JINYU-PAINT-Display-Hall-2.jpg\" class=\"attachment-full size-full wp-image-3339\" alt=\"JINYU-PAINT-Display-Hall-2\" srcset=\"https:\/\/www.jinyupaint.com\/wp-content\/uploads\/2025\/02\/JINYU-PAINT-Display-Hall-2.jpg 1604w, https:\/\/www.jinyupaint.com\/wp-content\/uploads\/2025\/02\/JINYU-PAINT-Display-Hall-2-300x169.jpg 300w, https:\/\/www.jinyupaint.com\/wp-content\/uploads\/2025\/02\/JINYU-PAINT-Display-Hall-2-1024x576.jpg 1024w, https:\/\/www.jinyupaint.com\/wp-content\/uploads\/2025\/02\/JINYU-PAINT-Display-Hall-2-768x432.jpg 768w, https:\/\/www.jinyupaint.com\/wp-content\/uploads\/2025\/02\/JINYU-PAINT-Display-Hall-2-1536x864.jpg 1536w, https:\/\/www.jinyupaint.com\/wp-content\/uploads\/2025\/02\/JINYU-PAINT-Display-Hall-2-600x337.jpg 600w\" sizes=\"(max-width: 1604px) 100vw, 1604px\" \/>\t\t\t\t\t\t\t\t\t\t\t\t\t\t\t<\/div>\n\t\t\t\t<\/div>\n\t\t\t\t\t<\/div>\n\t\t<\/div>\n\t\t\t\t\t<\/div>\n\t\t<\/section>\n\t\t\t\t<section class=\"elementor-section elementor-top-section elementor-element elementor-element-2ba4f53 elementor-section-boxed elementor-section-height-default elementor-section-height-default\" data-id=\"2ba4f53\" data-element_type=\"section\">\n\t\t\t\t\t\t<div class=\"elementor-container elementor-column-gap-default\">\n\t\t\t\t\t<div class=\"elementor-column elementor-col-100 elementor-top-column elementor-element elementor-element-73494f9\" data-id=\"73494f9\" data-element_type=\"column\">\n\t\t\t<div class=\"elementor-widget-wrap elementor-element-populated\">\n\t\t\t\t\t\t<div class=\"elementor-element elementor-element-3e26def elementor-widget elementor-widget-text-editor\" data-id=\"3e26def\" data-element_type=\"widget\" data-widget_type=\"text-editor.default\">\n\t\t\t\t<div class=\"elementor-widget-container\">\n\t\t\t\t\t\t\t\t\t<p>\u25b2 Ett ledande varum\u00e4rke f\u00f6r brands\u00e4kra bel\u00e4ggningar i Kina\u00a0<\/p><p>\u25b2 Ett ledande varum\u00e4rke inom arkitektonisk ytbehandlingsindustri i Bohai Rim-regionen\u00a0<\/p><p>\u25b2 Huvudredakt\u00f6r och deltagande redakt\u00f6r f\u00f6r flera bel\u00e4ggningsstandarder\u00a0<\/p><p>\u25b2 Utvecklare av ultra-l\u00e5ga VOC-bel\u00e4ggningar, en ny produkt som \u00e4r viktig f\u00f6r hela landet\u00a0<\/p><p>\u25b2 En leverant\u00f6r av h\u00f6gkvalitativa golvl\u00f6sningar och integrerade tj\u00e4nster\u00a0<\/p><p>\u25b2 En v\u00e4lk\u00e4nd inhemsk leverant\u00f6r av milj\u00f6v\u00e4nliga lim av h\u00f6g kvalitet<\/p>\t\t\t\t\t\t\t\t<\/div>\n\t\t\t\t<\/div>\n\t\t\t\t\t<\/div>\n\t\t<\/div>\n\t\t\t\t\t<\/div>\n\t\t<\/section>\n\t\t\t\t<section class=\"elementor-section elementor-top-section elementor-element elementor-element-2723bea elementor-section-boxed elementor-section-height-default elementor-section-height-default\" data-id=\"2723bea\" data-element_type=\"section\">\n\t\t\t\t\t\t<div class=\"elementor-container elementor-column-gap-default\">\n\t\t\t\t\t<div class=\"elementor-column elementor-col-100 elementor-top-column elementor-element elementor-element-16309d6\" data-id=\"16309d6\" data-element_type=\"column\">\n\t\t\t<div class=\"elementor-widget-wrap elementor-element-populated\">\n\t\t\t\t\t\t<div class=\"elementor-element elementor-element-b3514f1 elementor-widget elementor-widget-image\" data-id=\"b3514f1\" data-element_type=\"widget\" data-widget_type=\"image.default\">\n\t\t\t\t<div class=\"elementor-widget-container\">\n\t\t\t\t\t\t\t\t\t\t\t\t\t\t\t<img decoding=\"async\" width=\"595\" height=\"459\" src=\"https:\/\/www.jinyupaint.com\/wp-content\/uploads\/2025\/02\/JINYU-PAINT-Product-Display-Hall.jpg\" class=\"attachment-full size-full wp-image-3278\" alt=\"JINYU PAINT Produktvisningshall\" srcset=\"https:\/\/www.jinyupaint.com\/wp-content\/uploads\/2025\/02\/JINYU-PAINT-Product-Display-Hall.jpg 595w, https:\/\/www.jinyupaint.com\/wp-content\/uploads\/2025\/02\/JINYU-PAINT-Product-Display-Hall-300x231.jpg 300w\" sizes=\"(max-width: 595px) 100vw, 595px\" \/>\t\t\t\t\t\t\t\t\t\t\t\t\t\t\t<\/div>\n\t\t\t\t<\/div>\n\t\t\t\t\t<\/div>\n\t\t<\/div>\n\t\t\t\t\t<\/div>\n\t\t<\/section>\n\t\t\t\t<section class=\"elementor-section elementor-top-section elementor-element elementor-element-37039a0 elementor-section-boxed elementor-section-height-default elementor-section-height-default\" data-id=\"37039a0\" data-element_type=\"section\">\n\t\t\t\t\t\t<div class=\"elementor-container elementor-column-gap-default\">\n\t\t\t\t\t<div class=\"elementor-column elementor-col-100 elementor-top-column elementor-element elementor-element-2475117\" data-id=\"2475117\" data-element_type=\"column\">\n\t\t\t<div class=\"elementor-widget-wrap elementor-element-populated\">\n\t\t\t\t\t\t<div class=\"elementor-element elementor-element-a8302eb elementor-widget elementor-widget-spacer\" data-id=\"a8302eb\" data-element_type=\"widget\" data-widget_type=\"spacer.default\">\n\t\t\t\t<div class=\"elementor-widget-container\">\n\t\t\t\t\t\t\t<div class=\"elementor-spacer\">\n\t\t\t<div class=\"elementor-spacer-inner\"><\/div>\n\t\t<\/div>\n\t\t\t\t\t\t<\/div>\n\t\t\t\t<\/div>\n\t\t\t\t\t<\/div>\n\t\t<\/div>\n\t\t\t\t\t<\/div>\n\t\t<\/section>\n\t\t\t\t<section class=\"elementor-section elementor-top-section elementor-element elementor-element-64bdd073 elementor-section-full_width elementor-section-height-min-height elementor-section-height-default elementor-section-items-middle\" data-id=\"64bdd073\" data-element_type=\"section\" data-settings=\"{&quot;background_background&quot;:&quot;classic&quot;}\">\n\t\t\t\t\t\t\t<div class=\"elementor-background-overlay\"><\/div>\n\t\t\t\t\t\t\t<div class=\"elementor-container elementor-column-gap-default\">\n\t\t\t\t\t<div class=\"elementor-column elementor-col-100 elementor-top-column elementor-element elementor-element-346b9d7a\" data-id=\"346b9d7a\" data-element_type=\"column\">\n\t\t\t<div class=\"elementor-widget-wrap elementor-element-populated\">\n\t\t\t\t\t\t<div class=\"elementor-element elementor-element-23cdd267 elementor-widget elementor-widget-heading\" data-id=\"23cdd267\" data-element_type=\"widget\" data-widget_type=\"heading.default\">\n\t\t\t\t<div class=\"elementor-widget-container\">\n\t\t\t\t\t<div class=\"elementor-heading-title elementor-size-default\">JINYU PAINT\u00ae-BEL\u00c4GGNINGAR, DITT B\u00c4STA VAL<\/div>\t\t\t\t<\/div>\n\t\t\t\t<\/div>\n\t\t\t\t<div class=\"elementor-element elementor-element-6b384dae elementor-align-center elementor-widget elementor-widget-button\" data-id=\"6b384dae\" data-element_type=\"widget\" data-widget_type=\"button.default\">\n\t\t\t\t<div class=\"elementor-widget-container\">\n\t\t\t\t\t\t\t\t\t<div class=\"elementor-button-wrapper\">\n\t\t\t\t\t<a class=\"elementor-button elementor-button-link elementor-size-sm\" href=\"https:\/\/www.jinyupaint.com\/sv\/contact-us.html\/\">\n\t\t\t\t\t\t<span class=\"elementor-button-content-wrapper\">\n\t\t\t\t\t\t\t\t\t<span class=\"elementor-button-text\">Kontakta oss<\/span>\n\t\t\t\t\t<\/span>\n\t\t\t\t\t<\/a>\n\t\t\t\t<\/div>\n\t\t\t\t\t\t\t\t<\/div>\n\t\t\t\t<\/div>\n\t\t\t\t\t<\/div>\n\t\t<\/div>\n\t\t\t\t\t<\/div>\n\t\t<\/section>\n\t\t\t\t<\/div>","protected":false},"excerpt":{"rendered":"<p>JINYU PAINT is affiliated to Jinyu Group, one of the largest building materials groups in [&hellip;]<\/p>\n","protected":false},"author":1,"featured_media":0,"parent":0,"menu_order":0,"comment_status":"closed","ping_status":"closed","template":"elementor_header_footer","meta":{"om_disable_all_campaigns":false,"_monsterinsights_skip_tracking":false,"_monsterinsights_sitenote_active":false,"_monsterinsights_sitenote_note":"","_monsterinsights_sitenote_category":0,"_uf_show_specific_survey":0,"_uf_disable_surveys":false,"footnotes":""},"categories":[],"tags":[],"class_list":["post-3262","page","type-page","status-publish","hentry"],"yoast_head":"<!-- This site is optimized with the Yoast SEO Premium plugin v26.2 (Yoast SEO v26.5) - https:\/\/yoast.com\/wordpress\/plugins\/seo\/ -->\n<title>Company Profile - KAIDA PAINT\u00ae<\/title>\n<meta name=\"robots\" content=\"index, follow, max-snippet:-1, max-image-preview:large, max-video-preview:-1\" \/>\n<link rel=\"canonical\" href=\"https:\/\/www.jinyupaint.com\/sv\/company-profile.html\/\" \/>\n<meta property=\"og:locale\" content=\"sv_SE\" \/>\n<meta property=\"og:type\" content=\"article\" \/>\n<meta property=\"og:title\" content=\"Company Profile\" \/>\n<meta property=\"og:description\" content=\"JINYU PAINT is affiliated to Jinyu Group, one of the largest building materials groups in [&hellip;]\" \/>\n<meta property=\"og:url\" content=\"https:\/\/www.jinyupaint.com\/sv\/company-profile.html\/\" \/>\n<meta property=\"og:site_name\" content=\"KAIDA PAINT\u00ae\" \/>\n<meta property=\"article:modified_time\" content=\"2025-02-21T06:25:25+00:00\" \/>\n<meta property=\"og:image\" content=\"https:\/\/www.jinyupaint.com\/wp-content\/uploads\/2025\/02\/JINYU-PAINT-Display-Hall.jpg\" \/>\n\t<meta property=\"og:image:width\" content=\"1604\" \/>\n\t<meta property=\"og:image:height\" content=\"902\" \/>\n\t<meta property=\"og:image:type\" content=\"image\/jpeg\" \/>\n<meta name=\"twitter:card\" content=\"summary_large_image\" \/>\n<meta name=\"twitter:label1\" content=\"Ber\u00e4knad l\u00e4stid\" \/>\n\t<meta name=\"twitter:data1\" content=\"3 minuter\" \/>\n<script type=\"application\/ld+json\" class=\"yoast-schema-graph\">{\"@context\":\"https:\/\/schema.org\",\"@graph\":[{\"@type\":\"WebPage\",\"@id\":\"https:\/\/www.jinyupaint.com\/company-profile.html\",\"url\":\"https:\/\/www.jinyupaint.com\/company-profile.html\",\"name\":\"Company Profile - KAIDA PAINT\u00ae\",\"isPartOf\":{\"@id\":\"https:\/\/www.jinyupaint.com\/#website\"},\"primaryImageOfPage\":{\"@id\":\"https:\/\/www.jinyupaint.com\/company-profile.html#primaryimage\"},\"image\":{\"@id\":\"https:\/\/www.jinyupaint.com\/company-profile.html#primaryimage\"},\"thumbnailUrl\":\"https:\/\/www.jinyupaint.com\/wp-content\/uploads\/2025\/02\/JINYU-PAINT-Display-Hall.jpg\",\"datePublished\":\"2025-02-21T05:06:22+00:00\",\"dateModified\":\"2025-02-21T06:25:25+00:00\",\"breadcrumb\":{\"@id\":\"https:\/\/www.jinyupaint.com\/company-profile.html#breadcrumb\"},\"inLanguage\":\"sv-SE\",\"potentialAction\":[{\"@type\":\"ReadAction\",\"target\":[\"https:\/\/www.jinyupaint.com\/company-profile.html\"]}]},{\"@type\":\"ImageObject\",\"inLanguage\":\"sv-SE\",\"@id\":\"https:\/\/www.jinyupaint.com\/company-profile.html#primaryimage\",\"url\":\"https:\/\/www.jinyupaint.com\/wp-content\/uploads\/2025\/02\/JINYU-PAINT-Display-Hall.jpg\",\"contentUrl\":\"https:\/\/www.jinyupaint.com\/wp-content\/uploads\/2025\/02\/JINYU-PAINT-Display-Hall.jpg\"},{\"@type\":\"BreadcrumbList\",\"@id\":\"https:\/\/www.jinyupaint.com\/company-profile.html#breadcrumb\",\"itemListElement\":[{\"@type\":\"ListItem\",\"position\":1,\"name\":\"Home\",\"item\":\"https:\/\/www.jinyupaint.com\/\"},{\"@type\":\"ListItem\",\"position\":2,\"name\":\"Company Profile\"}]},{\"@type\":\"WebSite\",\"@id\":\"https:\/\/www.jinyupaint.com\/#website\",\"url\":\"https:\/\/www.jinyupaint.com\/\",\"name\":\"JINYU\u00ae PAINT\",\"description\":\"JINYU PAINT\u00ae Manufacturer\",\"potentialAction\":[{\"@type\":\"SearchAction\",\"target\":{\"@type\":\"EntryPoint\",\"urlTemplate\":\"https:\/\/www.jinyupaint.com\/?s={search_term_string}\"},\"query-input\":{\"@type\":\"PropertyValueSpecification\",\"valueRequired\":true,\"valueName\":\"search_term_string\"}}],\"inLanguage\":\"sv-SE\"}]}<\/script>\n<!-- \/ Yoast SEO Premium plugin. -->","yoast_head_json":{"title":"Company Profile - KAIDA PAINT\u00ae","robots":{"index":"index","follow":"follow","max-snippet":"max-snippet:-1","max-image-preview":"max-image-preview:large","max-video-preview":"max-video-preview:-1"},"canonical":"https:\/\/www.jinyupaint.com\/sv\/company-profile.html\/","og_locale":"sv_SE","og_type":"article","og_title":"Company Profile","og_description":"JINYU PAINT is affiliated to Jinyu Group, one of the largest building materials groups in [&hellip;]","og_url":"https:\/\/www.jinyupaint.com\/sv\/company-profile.html\/","og_site_name":"KAIDA PAINT\u00ae","article_modified_time":"2025-02-21T06:25:25+00:00","og_image":[{"width":1604,"height":902,"url":"https:\/\/www.jinyupaint.com\/wp-content\/uploads\/2025\/02\/JINYU-PAINT-Display-Hall.jpg","type":"image\/jpeg"}],"twitter_card":"summary_large_image","twitter_misc":{"Ber\u00e4knad l\u00e4stid":"3 minuter"},"schema":{"@context":"https:\/\/schema.org","@graph":[{"@type":"WebPage","@id":"https:\/\/www.jinyupaint.com\/company-profile.html","url":"https:\/\/www.jinyupaint.com\/company-profile.html","name":"Company Profile - KAIDA PAINT\u00ae","isPartOf":{"@id":"https:\/\/www.jinyupaint.com\/#website"},"primaryImageOfPage":{"@id":"https:\/\/www.jinyupaint.com\/company-profile.html#primaryimage"},"image":{"@id":"https:\/\/www.jinyupaint.com\/company-profile.html#primaryimage"},"thumbnailUrl":"https:\/\/www.jinyupaint.com\/wp-content\/uploads\/2025\/02\/JINYU-PAINT-Display-Hall.jpg","datePublished":"2025-02-21T05:06:22+00:00","dateModified":"2025-02-21T06:25:25+00:00","breadcrumb":{"@id":"https:\/\/www.jinyupaint.com\/company-profile.html#breadcrumb"},"inLanguage":"sv-SE","potentialAction":[{"@type":"ReadAction","target":["https:\/\/www.jinyupaint.com\/company-profile.html"]}]},{"@type":"ImageObject","inLanguage":"sv-SE","@id":"https:\/\/www.jinyupaint.com\/company-profile.html#primaryimage","url":"https:\/\/www.jinyupaint.com\/wp-content\/uploads\/2025\/02\/JINYU-PAINT-Display-Hall.jpg","contentUrl":"https:\/\/www.jinyupaint.com\/wp-content\/uploads\/2025\/02\/JINYU-PAINT-Display-Hall.jpg"},{"@type":"BreadcrumbList","@id":"https:\/\/www.jinyupaint.com\/company-profile.html#breadcrumb","itemListElement":[{"@type":"ListItem","position":1,"name":"Home","item":"https:\/\/www.jinyupaint.com\/"},{"@type":"ListItem","position":2,"name":"Company Profile"}]},{"@type":"WebSite","@id":"https:\/\/www.jinyupaint.com\/#website","url":"https:\/\/www.jinyupaint.com\/","name":"JINYU\u00ae F\u00c4RGER","description":"JINYU PAINT\u00ae Tillverkare","potentialAction":[{"@type":"SearchAction","target":{"@type":"EntryPoint","urlTemplate":"https:\/\/www.jinyupaint.com\/?s={search_term_string}"},"query-input":{"@type":"PropertyValueSpecification","valueRequired":true,"valueName":"search_term_string"}}],"inLanguage":"sv-SE"}]}},"_links":{"self":[{"href":"https:\/\/www.jinyupaint.com\/sv\/wp-json\/wp\/v2\/pages\/3262","targetHints":{"allow":["GET"]}}],"collection":[{"href":"https:\/\/www.jinyupaint.com\/sv\/wp-json\/wp\/v2\/pages"}],"about":[{"href":"https:\/\/www.jinyupaint.com\/sv\/wp-json\/wp\/v2\/types\/page"}],"author":[{"embeddable":true,"href":"https:\/\/www.jinyupaint.com\/sv\/wp-json\/wp\/v2\/users\/1"}],"replies":[{"embeddable":true,"href":"https:\/\/www.jinyupaint.com\/sv\/wp-json\/wp\/v2\/comments?post=3262"}],"version-history":[{"count":0,"href":"https:\/\/www.jinyupaint.com\/sv\/wp-json\/wp\/v2\/pages\/3262\/revisions"}],"wp:attachment":[{"href":"https:\/\/www.jinyupaint.com\/sv\/wp-json\/wp\/v2\/media?parent=3262"}],"wp:term":[{"taxonomy":"category","embeddable":true,"href":"https:\/\/www.jinyupaint.com\/sv\/wp-json\/wp\/v2\/categories?post=3262"},{"taxonomy":"post_tag","embeddable":true,"href":"https:\/\/www.jinyupaint.com\/sv\/wp-json\/wp\/v2\/tags?post=3262"}],"curies":[{"name":"wp","href":"https:\/\/api.w.org\/{rel}","templated":true}]}}