{"id":6204,"date":"2025-11-06T08:18:27","date_gmt":"2025-11-06T08:18:27","guid":{"rendered":"https:\/\/www.jinyupaint.com\/?post_type=product&#038;p=6204"},"modified":"2025-12-01T03:48:37","modified_gmt":"2025-12-01T03:48:37","slug":"fortiflex-q-fast-curing-decorative-quartz-resinous-flooring-system","status":"publish","type":"product","link":"https:\/\/www.jinyupaint.com\/pt\/produto\/fortiflex-q-fast-curing-decorative-quartz-resinous-flooring-system","title":{"rendered":"Sistema de revestimento resinoso de quartzo decorativo de cura r\u00e1pida FortiFlex Q"},"content":{"rendered":"<h2><strong>N\u00e3o deixe que o tempo de inatividade do pavimento perturbe o seu neg\u00f3cio. Escolha o FortiFlex Q.<\/strong><\/h2>\n<p class=\"ds-markdown-paragraph\">Cansado de projectos que interrompem as suas opera\u00e7\u00f5es durante dias? Para hospitais, escolas, espa\u00e7os comerciais e qualquer instala\u00e7\u00e3o 24 horas por dia, 7 dias por semana, tempo \u00e9 dinheiro.<\/p>\n<p class=\"ds-markdown-paragraph\">O FortiFlex Q foi concebido para resolver este problema exato. N\u00e3o se trata apenas de um pavimento; \u00e9 uma solu\u00e7\u00e3o de continuidade empresarial r\u00e1pida. Parte da fam\u00edlia de desempenho KAIDA PAINT, \u00e9 o <strong>sistema de pavimento resinoso e sem costuras<\/strong>\u00a0para aqueles que valorizam a velocidade sem comprometer a durabilidade ou a est\u00e9tica.<\/p>\n<blockquote>\n<p class=\"ds-markdown-paragraph\"><strong>Imagine isto:<\/strong><\/p>\n<ul>\n<li>Aplicar um revestimento de pavimento de manh\u00e3 e receber o tr\u00e1fego pedonal \u00e0 tarde.<\/li>\n<li>Eliminar os enormes custos ocultos do tempo de inatividade prolongado das instala\u00e7\u00f5es.<\/li>\n<li>Desfrutar de uma superf\u00edcie que n\u00e3o \u00e9 apenas bonita, mas que resiste a produtos qu\u00edmicos agressivos, ao desgaste intenso e \u00e0 exposi\u00e7\u00e3o aos raios UV.<\/li>\n<\/ul>\n<p class=\"ds-markdown-paragraph\">Esta \u00e9 a realidade com o FortiFlex Q.<\/p>\n<\/blockquote>\n<h2><strong>O que \u00e9 um sistema de pavimento resinoso? E porque \u00e9 que \u00e9 a escolha mais inteligente para as suas instala\u00e7\u00f5es?<\/strong><\/h2>\n<p class=\"ds-markdown-paragraph\">As op\u00e7\u00f5es tradicionais de pavimento, como azulejos ou placas, t\u00eam juntas onde a sujidade, a humidade e as bact\u00e9rias se podem esconder. Os sistemas de pavimento sem juntas, como o FortiFlex Q, s\u00e3o um revestimento multicamada aplicado com fluido que se liga permanentemente \u00e0 sub-base de bet\u00e3o, criando uma superf\u00edcie monol\u00edtica e n\u00e3o porosa.<\/p>\n<p class=\"ds-markdown-paragraph\">A magia reside na nossa tecnologia de resina avan\u00e7ada e de cura r\u00e1pida. Embora n\u00e3o seja um ep\u00f3xi poliasp\u00e1rtico padr\u00e3o, ela aproveita a ci\u00eancia de pol\u00edmeros semelhantes para oferecer velocidade e desempenho inigual\u00e1veis. N\u00e3o acredite apenas na nossa palavra - os resultados falam por si.<\/p>\n<div class=\"ds-scroll-area _1210dd7 c03cafe9\">\n<div class=\"ds-scroll-area__gutters\">\n<div class=\"ds-scroll-area__horizontal-gutter\"><\/div>\n<div class=\"ds-scroll-area__vertical-gutter\"><\/div>\n<\/div>\n<table>\n<thead>\n<tr>\n<th>O ponto fraco das suas instala\u00e7\u00f5es<\/th>\n<th>A solu\u00e7\u00e3o FortiFlex Q (Funcionalidade \u2192 Vantagem \u2192 Benef\u00edcio)<\/th>\n<\/tr>\n<\/thead>\n<tbody>\n<tr>\n<td><strong>\"N\u00e3o nos podemos dar ao luxo de ficar fechados durante uma semana.\"<\/strong><\/td>\n<td><strong>Cura r\u00e1pida como um rel\u00e2mpago:<\/strong>\u00a0Pronto para o tr\u00e1fego pedonal em apenas\u00a0<strong>2-3 horas por dem\u00e3o<\/strong>. Servi\u00e7o completo de restauro em\u00a0<strong>24 horas<\/strong>.\u00a0<strong>\u2192 Minimiza as perturba\u00e7\u00f5es operacionais e poupa dinheiro.<\/strong><\/td>\n<\/tr>\n<tr>\n<td><strong>\"Tem de ter um \u00f3timo aspeto mas resistir a anos de abuso.\"<\/strong><\/td>\n<td><strong>Quartzo decorativo Durabilidade:<\/strong>\u00a0O agregado de quartzo pigmentado difundido no revestimento cria um aspeto \u00fanico e texturado que \u00e9 incrivelmente resistente ao desgaste.\u00a0<strong>\u2192 Obt\u00e9m um pavimento bonito e personalizado que dura anos com uma manuten\u00e7\u00e3o m\u00ednima.<\/strong><\/td>\n<\/tr>\n<tr>\n<td><strong>\"Os derrames e os produtos qu\u00edmicos de limpeza estragam-no.\"<\/strong><\/td>\n<td><strong>Resist\u00eancia superior aos produtos qu\u00edmicos e \u00e0s manchas:<\/strong>\u00a0A 100% s\u00f3lidos, alto desempenho\u00a0<strong>revestimento superior<\/strong>\u00a0resiste a uma vasta gama de produtos qu\u00edmicos comerciais, solventes e manchas.\u00a0<strong>\u2192 O seu pavimento \u00e9 mais f\u00e1cil de limpar e mant\u00e9m o seu aspeto de novo durante mais tempo.<\/strong><\/td>\n<\/tr>\n<tr>\n<td><strong>\"Preocupa-me o risco de escorregar, especialmente quando est\u00e1 molhado.\"<\/strong><\/td>\n<td><strong>Seguran\u00e7a incorporada:<\/strong>\u00a0O acabamento em quartzo texturado proporciona uma excelente\u00a0<strong>antiderrapante<\/strong>\u00a0com um coeficiente de atrito din\u00e2mico em pavimento h\u00famido (DCOF) &gt;0,42, excedendo as normas de seguran\u00e7a.\u00a0<strong>\u2192 Cria-se um ambiente mais seguro para os empregados e clientes.<\/strong><\/td>\n<\/tr>\n<\/tbody>\n<\/table>\n<\/div>\n<h2><strong>Concebidos para o desempenho: A vantagem t\u00e9cnica dos nossos pavimentos sem costuras<\/strong><\/h2>\n<p class=\"ds-markdown-paragraph\">N\u00e3o esperamos que confie apenas em n\u00f3s. Fornecemos os dados para que possa especificar com confian\u00e7a. Os nossos testes internos e d\u00e9cadas de experi\u00eancia garantem que cada instala\u00e7\u00e3o do FortiFlex Q cumpre os mais elevados padr\u00f5es de desempenho e fiabilidade.<\/p>\n<p class=\"ds-markdown-paragraph\"><strong>Propriedades f\u00edsicas t\u00edpicas (Um instant\u00e2neo da excel\u00eancia):<\/strong><\/p>\n<ul>\n<li><strong>Resist\u00eancia \u00e0 compress\u00e3o (ASTM C-579):<\/strong>\u00a012.500 psi - Suporta cargas rolantes pesadas e impactos pontuais.<\/li>\n<li><strong>Resist\u00eancia \u00e0 tra\u00e7\u00e3o (ASTM D-638):<\/strong>\u00a04.000 psi - Resiste \u00e0 fissura\u00e7\u00e3o e \u00e0 delamina\u00e7\u00e3o provocadas pelo movimento do substrato.<\/li>\n<li><strong>Resist\u00eancia \u00e0 abras\u00e3o Taber (ASTM D-4060):<\/strong>\u00a0Perda de 25 mg - Durabilidade excecional contra o tr\u00e1fego pedonal e de rodas.<\/li>\n<li><strong>Conte\u00fado de COV:<\/strong>\u00a033 g\/L - Uma op\u00e7\u00e3o com baixo teor de COV para projectos ambientalmente conscientes.<\/li>\n<li><strong>Vida de panela:<\/strong>\u00a010-15 minutos - Permite uma instala\u00e7\u00e3o eficiente por parte de empreiteiros profissionais.<\/li>\n<\/ul>\n<blockquote>\n<p class=\"ds-markdown-paragraph\"><strong>A nossa promessa EEAT:<\/strong> Na KAIDA PAINT, n\u00e3o vendemos apenas produtos; proporcionamos paz de esp\u00edrito. A nossa rede global de especialistas em pavimentos de alto desempenho fornece um apoio t\u00e9cnico e de especifica\u00e7\u00e3o sem paralelo. Apoiamos os nossos sistemas com uma garantia clara e com o compromisso de o ajudar a selecionar o sistema de pavimento ideal para as condi\u00e7\u00f5es espec\u00edficas das suas instala\u00e7\u00f5es.\u00a0<strong>Contacte hoje mesmo os nossos especialistas para uma consulta gratuita.<\/strong><\/p>\n<\/blockquote>\n<h2><strong>Possibilidades infinitas de design para ambientes exigentes<\/strong><\/h2>\n<p class=\"ds-markdown-paragraph\">Quer esteja a gerir uma sala limpa est\u00e9ril ou um \u00e1trio de supermercado com muito tr\u00e1fego, o FortiFlex Q oferece a combina\u00e7\u00e3o perfeita de forma e fun\u00e7\u00e3o.<\/p>\n<p class=\"ds-markdown-paragraph\"><strong>As utiliza\u00e7\u00f5es ideais incluem:<\/strong><\/p>\n<ul>\n<li><strong>Cuidados de sa\u00fade:<\/strong>\u00a0Hospitais, laborat\u00f3rios, instala\u00e7\u00f5es farmac\u00eauticas, salas de opera\u00e7\u00f5es veterin\u00e1rias<\/li>\n<li><strong>Comercial:<\/strong>\u00a0Lojas de retalho, salas de exposi\u00e7\u00e3o, \u00e1trios de escolas, supermercados<\/li>\n<li><strong>Alto tr\u00e1fego e hotelaria:<\/strong>\u00a0Cafetarias, refeit\u00f3rios, vesti\u00e1rios, casas de banho<\/li>\n<\/ul>\n<p class=\"ds-markdown-paragraph\"><strong>Cores em destaque:<\/strong>\u00a0Desde o sereno Blue Slate e Night Sky at\u00e9 aos tons quentes e convidativos de Autumn Spice e Redwood, oferecemos uma vasta paleta de cores padr\u00e3o. Quer algo verdadeiramente \u00fanico? Utilize a nossa ferramenta de visualiza\u00e7\u00e3o de pavimentos para criar a sua pr\u00f3pria mistura personalizada.<\/p>\n<p><a href=\"https:\/\/www.jinyupaint.com\/wp-content\/uploads\/2025\/10\/fortiflex-deco-quartz-db-color-chart-swatch-board.jpg\"><img fetchpriority=\"high\" decoding=\"async\" class=\"alignnone size-full wp-image-6227\" src=\"https:\/\/www.jinyupaint.com\/wp-content\/uploads\/2025\/10\/fortiflex-deco-quartz-db-color-chart-swatch-board.jpg\" alt=\"Carta de cores para o pavimento FortiFlex Deco Quartz DB, apresentando misturas de agregados de quartzo padr\u00e3o, incluindo Blue Slate, Night Sky e Brindle para design personalizado.\" width=\"1200\" height=\"300\" srcset=\"https:\/\/www.jinyupaint.com\/wp-content\/uploads\/2025\/10\/fortiflex-deco-quartz-db-color-chart-swatch-board.jpg 1200w, https:\/\/www.jinyupaint.com\/wp-content\/uploads\/2025\/10\/fortiflex-deco-quartz-db-color-chart-swatch-board-300x75.jpg 300w, https:\/\/www.jinyupaint.com\/wp-content\/uploads\/2025\/10\/fortiflex-deco-quartz-db-color-chart-swatch-board-1024x256.jpg 1024w, https:\/\/www.jinyupaint.com\/wp-content\/uploads\/2025\/10\/fortiflex-deco-quartz-db-color-chart-swatch-board-768x192.jpg 768w, https:\/\/www.jinyupaint.com\/wp-content\/uploads\/2025\/10\/fortiflex-deco-quartz-db-color-chart-swatch-board-18x5.jpg 18w, https:\/\/www.jinyupaint.com\/wp-content\/uploads\/2025\/10\/fortiflex-deco-quartz-db-color-chart-swatch-board-600x150.jpg 600w\" sizes=\"(max-width: 1200px) 100vw, 1200px\" \/><\/a><\/p>\n<h2><strong>Pronto para especificar o futuro dos seus pavimentos?<\/strong><\/h2>\n<p class=\"ds-markdown-paragraph\">J\u00e1 viu a velocidade, os dados, os designs fant\u00e1sticos e as aplica\u00e7\u00f5es do mundo real. Agora \u00e9 hora de dar o pr\u00f3ximo passo.<\/p>\n<p class=\"ds-markdown-paragraph\">As suas instala\u00e7\u00f5es merecem um pavimento que trabalhe t\u00e3o arduamente como voc\u00ea. Um revestimento de bet\u00e3o de cura r\u00e1pida que n\u00e3o o obriga a escolher entre rapidez, beleza e durabilidade.<\/p>\n<p class=\"ds-markdown-paragraph\"><strong>Clique abaixo para aceder \u00e0s folhas de dados t\u00e9cnicos, ao nosso Guia de Resist\u00eancia Qu\u00edmica e para entrar em contacto com um especialista em pavimentos KAIDA PAINT para um or\u00e7amento personalizado.<\/strong><\/p>","protected":false},"excerpt":{"rendered":"<div class=\"dad65929\">\n<div class=\"_4f9bf79 d7dc56a8 _43c05b5\">\n<div class=\"ds-message _63c77b1\">\n<div class=\"ds-markdown\">\n<p class=\"ds-markdown-paragraph\">Conhe\u00e7a o FortiFlex Q, o sistema de pavimento de quartzo decorativo sem costuras, concebido para ambientes onde o tempo \u00e9 cr\u00edtico. Este pavimento de alto desempenho, \u00e0 base de resina, combina uma est\u00e9tica deslumbrante com um tempo de cura excecionalmente r\u00e1pido, permitindo o tr\u00e1fego pedonal em apenas 2-3 horas e a restaura\u00e7\u00e3o completa em 24 horas.<\/p>\n<p class=\"ds-markdown-paragraph\">Ideal para opera\u00e7\u00f5es 24 horas por dia, 7 dias por semana, como hospitais, laborat\u00f3rios, espa\u00e7os comerciais e escolas, FortiFlex Q minimiza o dispendioso tempo de inatividade sem comprometer a durabilidade. A sua mistura \u00fanica de agregado de quartzo pigmentado cria uma superf\u00edcie bonita e texturada que \u00e9 est\u00e1vel aos raios UV, altamente resistente a manchas e produtos qu\u00edmicos, e proporciona um acabamento mais seguro e antiderrapante mesmo quando molhado. Escolha o FortiFlex Q para um pavimento que permite que o seu neg\u00f3cio volte a funcionar mais rapidamente.<\/p>\n<p class=\"ds-markdown-paragraph\"><strong>Pronto para transformar o seu espa\u00e7o com rapidez e durabilidade? Contacte um especialista KAIDA PAINT hoje para saber mais.<\/strong><\/p>\n<\/div>\n<\/div>\n<div class=\"ds-flex _0a3d93b\">\n<div class=\"ds-flex _965abe9 _54866f7\">\n<div class=\"ds-icon-button db183363\" tabindex=\"-1\" role=\"button\" aria-disabled=\"false\">\n<div class=\"ds-icon-button__hover-bg\"><\/div>\n<div class=\"ds-icon\"><\/div>\n<\/div>\n<div class=\"ds-icon-button db183363\" tabindex=\"-1\" role=\"button\" aria-disabled=\"false\">\n<div class=\"ds-icon-button__hover-bg\"><\/div>\n<div class=\"ds-icon\"><\/div>\n<\/div>\n<div class=\"ds-icon-button db183363\" tabindex=\"-1\" role=\"button\" aria-disabled=\"false\">\n<div class=\"ds-icon-button__hover-bg\"><\/div>\n<div class=\"ds-icon\"><\/div>\n<\/div>\n<\/div>\n<div><\/div>\n<\/div>\n<\/div>\n<\/div>\n<div class=\"_871cbca\"><\/div>","protected":false},"featured_media":6205,"template":"","meta":{"om_disable_all_campaigns":false,"_monsterinsights_skip_tracking":false,"_monsterinsights_sitenote_active":false,"_monsterinsights_sitenote_note":"","_monsterinsights_sitenote_category":0,"_uf_show_specific_survey":0,"_uf_disable_surveys":false},"product_brand":[],"product_cat":[128,801],"product_tag":[830,866,867,828,864,865],"class_list":{"0":"post-6204","1":"product","2":"type-product","3":"status-publish","4":"has-post-thumbnail","6":"product_cat-flooring-system","7":"product_cat-polyaspartic-and-polyurea-coatings","8":"product_tag-commercial-flooring","9":"product_tag-decorative-quartz-floor","10":"product_tag-epoxy-polyaspartic-floor","11":"product_tag-fast-curing-flooring","12":"product_tag-resinous-flooring-systems","13":"product_tag-seamless-flooring-system","15":"first","16":"instock","17":"shipping-taxable","18":"product-type-simple"},"yoast_head":"<!-- This site is optimized with the Yoast SEO Premium plugin v26.2 (Yoast SEO v26.5) - https:\/\/yoast.com\/wordpress\/plugins\/seo\/ -->\n<title>FortiFlex Q Fast-Curing Decorative Quartz Resinous Flooring System - KAIDA PAINT\u00ae<\/title>\n<meta name=\"description\" content=\"KAIDA PAINT FortiFlex Q is a fast-curing, seamless resinous flooring system with decorative quartz. Perfect for hospitals, labs &amp; retail. Ready for foot traffic in hours. Request a quote\" \/>\n<meta name=\"robots\" content=\"index, follow, max-snippet:-1, max-image-preview:large, max-video-preview:-1\" \/>\n<link rel=\"canonical\" href=\"https:\/\/www.jinyupaint.com\/pt\/produto\/fortiflex-q-fast-curing-decorative-quartz-resinous-flooring-system\/\" \/>\n<meta property=\"og:locale\" content=\"pt_PT\" \/>\n<meta property=\"og:type\" content=\"article\" \/>\n<meta property=\"og:title\" content=\"FortiFlex Q Fast-Curing Decorative Quartz Resinous Flooring System\" \/>\n<meta property=\"og:description\" content=\"KAIDA PAINT FortiFlex Q is a fast-curing, seamless resinous flooring system with decorative quartz. Perfect for hospitals, labs &amp; retail. Ready for foot traffic in hours. Request a quote\" \/>\n<meta property=\"og:url\" content=\"https:\/\/www.jinyupaint.com\/pt\/produto\/fortiflex-q-fast-curing-decorative-quartz-resinous-flooring-system\/\" \/>\n<meta property=\"og:site_name\" content=\"KAIDA PAINT\u00ae\" \/>\n<meta property=\"article:modified_time\" content=\"2025-12-01T03:48:37+00:00\" \/>\n<meta property=\"og:image\" content=\"https:\/\/www.jinyupaint.com\/wp-content\/uploads\/2025\/11\/FortiFlex-Q-Fast-Curing-Decorative-Quartz-Resinous-Flooring-System.jpg\" \/>\n\t<meta property=\"og:image:width\" content=\"800\" \/>\n\t<meta property=\"og:image:height\" content=\"800\" \/>\n\t<meta property=\"og:image:type\" content=\"image\/jpeg\" \/>\n<meta name=\"twitter:card\" content=\"summary_large_image\" \/>\n<meta name=\"twitter:label1\" content=\"Tempo estimado de leitura\" \/>\n\t<meta name=\"twitter:data1\" content=\"4 minutos\" \/>\n<script type=\"application\/ld+json\" class=\"yoast-schema-graph\">{\"@context\":\"https:\/\/schema.org\",\"@graph\":[{\"@type\":\"WebPage\",\"@id\":\"https:\/\/www.jinyupaint.com\/product\/fortiflex-q-fast-curing-decorative-quartz-resinous-flooring-system\",\"url\":\"https:\/\/www.jinyupaint.com\/product\/fortiflex-q-fast-curing-decorative-quartz-resinous-flooring-system\",\"name\":\"FortiFlex Q Fast-Curing Decorative Quartz Resinous Flooring System - KAIDA PAINT\u00ae\",\"isPartOf\":{\"@id\":\"https:\/\/www.jinyupaint.com\/#website\"},\"primaryImageOfPage\":{\"@id\":\"https:\/\/www.jinyupaint.com\/product\/fortiflex-q-fast-curing-decorative-quartz-resinous-flooring-system#primaryimage\"},\"image\":{\"@id\":\"https:\/\/www.jinyupaint.com\/product\/fortiflex-q-fast-curing-decorative-quartz-resinous-flooring-system#primaryimage\"},\"thumbnailUrl\":\"https:\/\/www.jinyupaint.com\/wp-content\/uploads\/2025\/11\/FortiFlex-Q-Fast-Curing-Decorative-Quartz-Resinous-Flooring-System.jpg\",\"datePublished\":\"2025-11-06T08:18:27+00:00\",\"dateModified\":\"2025-12-01T03:48:37+00:00\",\"description\":\"KAIDA PAINT FortiFlex Q is a fast-curing, seamless resinous flooring system with decorative quartz. Perfect for hospitals, labs & retail. Ready for foot traffic in hours. Request a quote\",\"breadcrumb\":{\"@id\":\"https:\/\/www.jinyupaint.com\/product\/fortiflex-q-fast-curing-decorative-quartz-resinous-flooring-system#breadcrumb\"},\"inLanguage\":\"pt-PT\",\"potentialAction\":[{\"@type\":\"ReadAction\",\"target\":[\"https:\/\/www.jinyupaint.com\/product\/fortiflex-q-fast-curing-decorative-quartz-resinous-flooring-system\"]}]},{\"@type\":\"ImageObject\",\"inLanguage\":\"pt-PT\",\"@id\":\"https:\/\/www.jinyupaint.com\/product\/fortiflex-q-fast-curing-decorative-quartz-resinous-flooring-system#primaryimage\",\"url\":\"https:\/\/www.jinyupaint.com\/wp-content\/uploads\/2025\/11\/FortiFlex-Q-Fast-Curing-Decorative-Quartz-Resinous-Flooring-System.jpg\",\"contentUrl\":\"https:\/\/www.jinyupaint.com\/wp-content\/uploads\/2025\/11\/FortiFlex-Q-Fast-Curing-Decorative-Quartz-Resinous-Flooring-System.jpg\",\"width\":800,\"height\":800,\"caption\":\"FortiFlex Q Fast-Curing Decorative Quartz Resinous Flooring System\"},{\"@type\":\"BreadcrumbList\",\"@id\":\"https:\/\/www.jinyupaint.com\/product\/fortiflex-q-fast-curing-decorative-quartz-resinous-flooring-system#breadcrumb\",\"itemListElement\":[{\"@type\":\"ListItem\",\"position\":1,\"name\":\"Home\",\"item\":\"https:\/\/www.jinyupaint.com\/\"},{\"@type\":\"ListItem\",\"position\":2,\"name\":\"Shop\",\"item\":\"https:\/\/www.jinyupaint.com\/shop.html\"},{\"@type\":\"ListItem\",\"position\":3,\"name\":\"FortiFlex Q Fast-Curing Decorative Quartz Resinous Flooring System\"}]},{\"@type\":\"WebSite\",\"@id\":\"https:\/\/www.jinyupaint.com\/#website\",\"url\":\"https:\/\/www.jinyupaint.com\/\",\"name\":\"JINYU\u00ae PAINT\",\"description\":\"JINYU PAINT\u00ae Manufacturer\",\"potentialAction\":[{\"@type\":\"SearchAction\",\"target\":{\"@type\":\"EntryPoint\",\"urlTemplate\":\"https:\/\/www.jinyupaint.com\/?s={search_term_string}\"},\"query-input\":{\"@type\":\"PropertyValueSpecification\",\"valueRequired\":true,\"valueName\":\"search_term_string\"}}],\"inLanguage\":\"pt-PT\"}]}<\/script>\n<!-- \/ Yoast SEO Premium plugin. -->","yoast_head_json":{"title":"FortiFlex Q Sistema de Piso Resinoso de Quartzo Decorativo de Cura R\u00e1pida - KAIDA PAINT\u00ae","description":"KAIDA PAINT FortiFlex Q \u00e9 um sistema de pavimento resinoso de cura r\u00e1pida, sem costuras, com quartzo decorativo. Perfeito para hospitais, laborat\u00f3rios e retalho. Pronto para o tr\u00e1fego pedonal em horas. Pedir um or\u00e7amento","robots":{"index":"index","follow":"follow","max-snippet":"max-snippet:-1","max-image-preview":"max-image-preview:large","max-video-preview":"max-video-preview:-1"},"canonical":"https:\/\/www.jinyupaint.com\/pt\/produto\/fortiflex-q-fast-curing-decorative-quartz-resinous-flooring-system\/","og_locale":"pt_PT","og_type":"article","og_title":"FortiFlex Q Fast-Curing Decorative Quartz Resinous Flooring System","og_description":"KAIDA PAINT FortiFlex Q is a fast-curing, seamless resinous flooring system with decorative quartz. Perfect for hospitals, labs & retail. Ready for foot traffic in hours. Request a quote","og_url":"https:\/\/www.jinyupaint.com\/pt\/produto\/fortiflex-q-fast-curing-decorative-quartz-resinous-flooring-system\/","og_site_name":"KAIDA PAINT\u00ae","article_modified_time":"2025-12-01T03:48:37+00:00","og_image":[{"width":800,"height":800,"url":"https:\/\/www.jinyupaint.com\/wp-content\/uploads\/2025\/11\/FortiFlex-Q-Fast-Curing-Decorative-Quartz-Resinous-Flooring-System.jpg","type":"image\/jpeg"}],"twitter_card":"summary_large_image","twitter_misc":{"Tempo estimado de leitura":"4 minutos"},"schema":{"@context":"https:\/\/schema.org","@graph":[{"@type":"WebPage","@id":"https:\/\/www.jinyupaint.com\/product\/fortiflex-q-fast-curing-decorative-quartz-resinous-flooring-system","url":"https:\/\/www.jinyupaint.com\/product\/fortiflex-q-fast-curing-decorative-quartz-resinous-flooring-system","name":"FortiFlex Q Sistema de Piso Resinoso de Quartzo Decorativo de Cura R\u00e1pida - KAIDA PAINT\u00ae","isPartOf":{"@id":"https:\/\/www.jinyupaint.com\/#website"},"primaryImageOfPage":{"@id":"https:\/\/www.jinyupaint.com\/product\/fortiflex-q-fast-curing-decorative-quartz-resinous-flooring-system#primaryimage"},"image":{"@id":"https:\/\/www.jinyupaint.com\/product\/fortiflex-q-fast-curing-decorative-quartz-resinous-flooring-system#primaryimage"},"thumbnailUrl":"https:\/\/www.jinyupaint.com\/wp-content\/uploads\/2025\/11\/FortiFlex-Q-Fast-Curing-Decorative-Quartz-Resinous-Flooring-System.jpg","datePublished":"2025-11-06T08:18:27+00:00","dateModified":"2025-12-01T03:48:37+00:00","description":"KAIDA PAINT FortiFlex Q \u00e9 um sistema de pavimento resinoso de cura r\u00e1pida, sem costuras, com quartzo decorativo. Perfeito para hospitais, laborat\u00f3rios e retalho. Pronto para o tr\u00e1fego pedonal em horas. Pedir um or\u00e7amento","breadcrumb":{"@id":"https:\/\/www.jinyupaint.com\/product\/fortiflex-q-fast-curing-decorative-quartz-resinous-flooring-system#breadcrumb"},"inLanguage":"pt-PT","potentialAction":[{"@type":"ReadAction","target":["https:\/\/www.jinyupaint.com\/product\/fortiflex-q-fast-curing-decorative-quartz-resinous-flooring-system"]}]},{"@type":"ImageObject","inLanguage":"pt-PT","@id":"https:\/\/www.jinyupaint.com\/product\/fortiflex-q-fast-curing-decorative-quartz-resinous-flooring-system#primaryimage","url":"https:\/\/www.jinyupaint.com\/wp-content\/uploads\/2025\/11\/FortiFlex-Q-Fast-Curing-Decorative-Quartz-Resinous-Flooring-System.jpg","contentUrl":"https:\/\/www.jinyupaint.com\/wp-content\/uploads\/2025\/11\/FortiFlex-Q-Fast-Curing-Decorative-Quartz-Resinous-Flooring-System.jpg","width":800,"height":800,"caption":"FortiFlex Q Fast-Curing Decorative Quartz Resinous Flooring System"},{"@type":"BreadcrumbList","@id":"https:\/\/www.jinyupaint.com\/product\/fortiflex-q-fast-curing-decorative-quartz-resinous-flooring-system#breadcrumb","itemListElement":[{"@type":"ListItem","position":1,"name":"Home","item":"https:\/\/www.jinyupaint.com\/"},{"@type":"ListItem","position":2,"name":"Shop","item":"https:\/\/www.jinyupaint.com\/shop.html"},{"@type":"ListItem","position":3,"name":"FortiFlex Q Fast-Curing Decorative Quartz Resinous Flooring System"}]},{"@type":"WebSite","@id":"https:\/\/www.jinyupaint.com\/#website","url":"https:\/\/www.jinyupaint.com\/","name":"PINTURA JINYU","description":"JINYU PAINT\u00ae Fabricante","potentialAction":[{"@type":"SearchAction","target":{"@type":"EntryPoint","urlTemplate":"https:\/\/www.jinyupaint.com\/?s={search_term_string}"},"query-input":{"@type":"PropertyValueSpecification","valueRequired":true,"valueName":"search_term_string"}}],"inLanguage":"pt-PT"}]}},"_links":{"self":[{"href":"https:\/\/www.jinyupaint.com\/pt\/wp-json\/wp\/v2\/product\/6204","targetHints":{"allow":["GET"]}}],"collection":[{"href":"https:\/\/www.jinyupaint.com\/pt\/wp-json\/wp\/v2\/product"}],"about":[{"href":"https:\/\/www.jinyupaint.com\/pt\/wp-json\/wp\/v2\/types\/product"}],"wp:featuredmedia":[{"embeddable":true,"href":"https:\/\/www.jinyupaint.com\/pt\/wp-json\/wp\/v2\/media\/6205"}],"wp:attachment":[{"href":"https:\/\/www.jinyupaint.com\/pt\/wp-json\/wp\/v2\/media?parent=6204"}],"wp:term":[{"taxonomy":"product_brand","embeddable":true,"href":"https:\/\/www.jinyupaint.com\/pt\/wp-json\/wp\/v2\/product_brand?post=6204"},{"taxonomy":"product_cat","embeddable":true,"href":"https:\/\/www.jinyupaint.com\/pt\/wp-json\/wp\/v2\/product_cat?post=6204"},{"taxonomy":"product_tag","embeddable":true,"href":"https:\/\/www.jinyupaint.com\/pt\/wp-json\/wp\/v2\/product_tag?post=6204"}],"curies":[{"name":"wp","href":"https:\/\/api.w.org\/{rel}","templated":true}]}}