{"id":6165,"date":"2025-10-24T07:01:05","date_gmt":"2025-10-24T07:01:05","guid":{"rendered":"https:\/\/www.jinyupaint.com\/?post_type=product&#038;p=6165"},"modified":"2025-12-01T04:06:07","modified_gmt":"2025-12-01T04:06:07","slug":"fortiflex-deco-flake-sb-seamless-resin-flooring-with-decorative-flake-finish","status":"publish","type":"product","link":"https:\/\/www.jinyupaint.com\/pt\/produto\/fortiflex-deco-flake-sb-seamless-resin-flooring-with-decorative-flake-finish","title":{"rendered":"FortiFlex Deco Flake SB Pavimento de resina sem costuras com acabamento decorativo em flocos"},"content":{"rendered":"<h2><strong>Vis\u00e3o geral do produto<\/strong><\/h2>\n<p class=\"ds-markdown-paragraph\">Um sistema de pavimento decorativo em flocos, de cura r\u00e1pida, que combina versatilidade est\u00e9tica com durabilidade de n\u00edvel industrial.<br \/>\nFortiFlex Deco Flake SB apresenta uma \u00fanica difus\u00e3o de lascas de vinil decorativas totalmente encapsuladas numa camada de base de resina poliasp\u00e1rtica pigmentada e seladas com um acabamento poliasp\u00e1rtico transparente de alto brilho.<br \/>\nEste sistema proporciona um pavimento com um padr\u00e3o de mosaico deslumbrante que n\u00e3o s\u00f3 \u00e9 bonito, como tamb\u00e9m \u00e9 suficientemente resistente para ambientes comerciais e institucionais de elevado tr\u00e1fego.<\/p>\n<h2><strong>Principais benef\u00edcios num relance<\/strong><\/h2>\n<ul>\n<li>\n<strong>Esteticamente agrad\u00e1vel<\/strong>\u00a0- Op\u00e7\u00f5es de cor personaliz\u00e1veis e ilimitadas com um acabamento de alto brilho\n<\/li>\n<li>\n<strong>Sem costura e sanit\u00e1rio<\/strong>\u00a0- Sem linhas de argamassa ou costuras para reter sujidade ou bact\u00e9rias\n<\/li>\n<li>\n<strong>Resistente a qu\u00edmicos e a manchas<\/strong>\u00a0- Resiste a produtos de limpeza agressivos, \u00f3leos e produtos qu\u00edmicos\n<\/li>\n<li>\n<strong>Tempo de cura r\u00e1pido<\/strong>\u00a0- Retorno r\u00e1pido ao servi\u00e7o; ideal para instala\u00e7\u00f5es sens\u00edveis ao tempo\n<\/li>\n<li>\n<strong>Dur\u00e1vel e de longa dura\u00e7\u00e3o<\/strong>\u00a0- Resiste \u00e0 abras\u00e3o, ao impacto e ao choque t\u00e9rmico\n<\/li>\n<li>\n<strong>Contribui para os cr\u00e9ditos LEED v4<\/strong>\u00a0- Apoia iniciativas de constru\u00e7\u00e3o ecol\u00f3gica\n<\/li>\n<\/ul>\n<h2><strong>Utiliza\u00e7\u00f5es recomendadas<\/strong><\/h2>\n<ul>\n<li>Estabelecimentos de sa\u00fade e lares de idosos<\/li>\n<li>Salas limpas e laborat\u00f3rios farmac\u00eauticos<\/li>\n<li>Pavimentos de garagens e lojas<\/li>\n<li>Balne\u00e1rios e casas de banho<\/li>\n<li>Escolas, cafetarias e espa\u00e7os institucionais<\/li>\n<\/ul>\n<h2><strong>Vis\u00e3o geral do sistema<\/strong><\/h2>\n<p class=\"ds-markdown-paragraph\">Um sistema completo de pavimenta\u00e7\u00e3o em 4 etapas, concebido para desempenho e facilidade de aplica\u00e7\u00e3o:<\/p>\n<ol start=\"1\">\n<li>\n<p class=\"ds-markdown-paragraph\"><strong>Cartilha<\/strong>\u00a0- Garante uma forte ader\u00eancia aos substratos de bet\u00e3o<\/p>\n<\/li>\n<li>\n<p class=\"ds-markdown-paragraph\"><strong>Camada de base<\/strong>\u00a0- Resina poliasp\u00e1rtica pigmentada com flocos de vinil difundidos<\/p>\n<\/li>\n<li>\n<p class=\"ds-markdown-paragraph\"><strong>Difus\u00e3o<\/strong>\u00a0- Lascas de vinil decorativas aplicadas numa \u00fanica camada uniforme<\/p>\n<\/li>\n<li>\n<p class=\"ds-markdown-paragraph\"><strong>Rejunte\/Revestimento de veda\u00e7\u00e3o<\/strong>\u00a0- Acabamento poliasp\u00e1rtico transparente para prote\u00e7\u00e3o e brilho<\/p>\n<\/li>\n<\/ol>\n<h2><strong>Sele\u00e7\u00e3o de cores e personaliza\u00e7\u00e3o<\/strong><\/h2>\n<p class=\"ds-markdown-paragraph\">Escolha entre cores padr\u00e3o populares como\u00a0<strong>Linha\u00e7a, Jaguatirica, Leite de am\u00eandoa, Agave, Serpente-real, Corti\u00e7a, Chinchila, Calc\u00e1rio, Galgo, Feij\u00e3o preto, Freixo salpicado e Lua<\/strong>-ou criar a sua pr\u00f3pria mistura personalizada.<\/p>\n<p><a href=\"https:\/\/www.jinyupaint.com\/wp-content\/uploads\/2025\/10\/vinyl-chip-color-chart-samples.jpg\"><img fetchpriority=\"high\" decoding=\"async\" class=\"alignnone size-full wp-image-6220\" src=\"https:\/\/www.jinyupaint.com\/wp-content\/uploads\/2025\/10\/vinyl-chip-color-chart-samples.jpg\" alt=\"Tabela de cores f\u00edsicas e amostras de aparas para o sistema de pavimento FortiFlex, apresentando uma gama de cores de aparas de vinil padr\u00e3o, incluindo Linha\u00e7a, Leite de Am\u00eandoa e Cobra-rei.\" width=\"1200\" height=\"300\" srcset=\"https:\/\/www.jinyupaint.com\/wp-content\/uploads\/2025\/10\/vinyl-chip-color-chart-samples.jpg 1200w, https:\/\/www.jinyupaint.com\/wp-content\/uploads\/2025\/10\/vinyl-chip-color-chart-samples-300x75.jpg 300w, https:\/\/www.jinyupaint.com\/wp-content\/uploads\/2025\/10\/vinyl-chip-color-chart-samples-1024x256.jpg 1024w, https:\/\/www.jinyupaint.com\/wp-content\/uploads\/2025\/10\/vinyl-chip-color-chart-samples-768x192.jpg 768w, https:\/\/www.jinyupaint.com\/wp-content\/uploads\/2025\/10\/vinyl-chip-color-chart-samples-18x5.jpg 18w, https:\/\/www.jinyupaint.com\/wp-content\/uploads\/2025\/10\/vinyl-chip-color-chart-samples-600x150.jpg 600w\" sizes=\"(max-width: 1200px) 100vw, 1200px\" \/><\/a><\/p>\n<h2><strong>Excel\u00eancia t\u00e9cnica: Constru\u00eddo com resina poliasp\u00e1rtica<\/strong><\/h2>\n<p class=\"ds-markdown-paragraph\">Ao contr\u00e1rio dos pavimentos tradicionais de ep\u00f3xi em flocos, FortiFlex utiliza uma tecnologia avan\u00e7ada de resina poliasp\u00e1rtica. Eis porque \u00e9 que isso \u00e9 importante:<\/p>\n<ul>\n<li><strong>Cura mais r\u00e1pida<\/strong>: Instalar em horas, n\u00e3o em dias - minimizando o tempo de inatividade<\/li>\n<li><strong>Estabilidade UV<\/strong>: Resiste ao amarelecimento e \u00e0 degrada\u00e7\u00e3o<\/li>\n<li><strong>Flexibilidade<\/strong>: Resiste ao movimento do substrato sem fissurar<\/li>\n<li><strong>Resist\u00eancia qu\u00edmica<\/strong>: Desempenho superior contra manchas, combust\u00edveis e produtos de limpeza<\/li>\n<\/ul>\n<h2><strong>Propriedades f\u00edsicas t\u00edpicas<\/strong><\/h2>\n<div class=\"ds-scroll-area _1210dd7\">\n<div class=\"ds-scroll-area__gutters\">\n<div class=\"ds-scroll-area__horizontal-gutter\"><\/div>\n<div class=\"ds-scroll-area__vertical-gutter\"><\/div>\n<\/div>\n<table>\n<thead>\n<tr>\n<th>Im\u00f3veis<\/th>\n<th>Valor<\/th>\n<\/tr>\n<\/thead>\n<tbody>\n<tr>\n<td>Resist\u00eancia \u00e0 abras\u00e3o (ASTM D4060)<\/td>\n<td>Perda de 80 mg<\/td>\n<\/tr>\n<tr>\n<td>Ades\u00e3o ao bet\u00e3o (ASTM D4541)<\/td>\n<td>425 psi (falha do bet\u00e3o)<\/td>\n<\/tr>\n<tr>\n<td>Resist\u00eancia ao impacto (MIL-D-3134J)<\/td>\n<td>100 polegadas-libras<\/td>\n<\/tr>\n<tr>\n<td>Inflamabilidade<\/td>\n<td>Auto-extin\u00e7\u00e3o sobre bet\u00e3o<\/td>\n<\/tr>\n<tr>\n<td>Resist\u00eancia ao calor (ASTM D2794)<\/td>\n<td>Sem deslizamento ou fluxo a 158\u00b0F<\/td>\n<\/tr>\n<\/tbody>\n<\/table>\n<\/div>\n<h2><strong>Perguntas mais frequentes<\/strong><\/h2>\n<h3><strong>O que \u00e9 um pavimento de resina poliasp\u00e1rtica?<\/strong><\/h3>\n<p class=\"ds-markdown-paragraph\">A resina poliasp\u00e1rtica \u00e9 uma tecnologia de revestimento da pr\u00f3xima gera\u00e7\u00e3o que oferece uma cura mais r\u00e1pida, uma resist\u00eancia superior aos raios UV e uma maior durabilidade em compara\u00e7\u00e3o com os sistemas ep\u00f3xi tradicionais. \u00c9 a base ideal para pavimentos decorativos em flocos em ambientes exigentes.<\/p>\n<h3><strong>Como \u00e9 que limpo e mantenho o meu pavimento de escamas?<\/strong><\/h3>\n<p class=\"ds-markdown-paragraph\">Gra\u00e7as \u00e0 sua superf\u00edcie sem costuras e n\u00e3o porosa, basta varrer de rotina e passar ocasionalmente uma esfregona h\u00famida. Evite produtos de limpeza abrasivos fortes para preservar o acabamento brilhante.<\/p>\n<h3><strong>Pode ser instalado numa garagem?<\/strong><\/h3>\n<p class=\"ds-markdown-paragraph\">Absolutamente. FortiFlex Deco Flake SB \u00e9 uma escolha de topo para o revestimento de pavimentos de garagem com flocos devido \u00e0 sua resist\u00eancia qu\u00edmica, durabilidade e rapidez de execu\u00e7\u00e3o.<\/p>\n<h3><strong>Posso obter cores de escamas personalizadas?<\/strong><\/h3>\n<p class=\"ds-markdown-paragraph\">Sim. Oferecemos misturas personalizadas ilimitadas para que possa conceber um pavimento decorativo em flocos que corresponda \u00e0 sua marca ou vis\u00e3o de design.<\/p>\n<h2><strong>A diferen\u00e7a da KAIDA PAINT<\/strong><\/h2>\n<p class=\"ds-markdown-paragraph\">Quando escolhe o FortiFlex, n\u00e3o est\u00e1 apenas a adquirir um pavimento - est\u00e1 a adquirir:<\/p>\n<ul>\n<li>Servi\u00e7os de especifica\u00e7\u00e3o e apoio t\u00e9cnico de classe mundial<\/li>\n<li>Assist\u00eancia inigual\u00e1vel da equipa comercial regional<\/li>\n<li>Uma marca de confian\u00e7a com d\u00e9cadas de experi\u00eancia em pavimentos de elevado desempenho<\/li>\n<\/ul>\n<h2><strong>Pronto para transformar o seu espa\u00e7o?<\/strong><\/h2>\n<p class=\"ds-markdown-paragraph\">Quer esteja a projetar uma instala\u00e7\u00e3o de cuidados de sa\u00fade, um refeit\u00f3rio escolar ou um pavimento de garagem dur\u00e1vel, o FortiFlex Deco Flake SB proporciona beleza, velocidade e resist\u00eancia num sistema avan\u00e7ado.<\/p>\n<p class=\"ds-markdown-paragraph\">\ud83d\udcde\u00a0<strong>Contacte-nos hoje<\/strong>\u00a0para obter uma amostra, um or\u00e7amento ou para falar com um especialista em pavimentos de resina.<\/p>","protected":false},"excerpt":{"rendered":"<div class=\"_4f9bf79 _43c05b5\">\n<div class=\"ds-message _63c77b1\">\n<div class=\"ds-markdown\">\n<p class=\"ds-markdown-paragraph\"><strong>FortiFlex Deco Flake SB: Pavimento sem juntas de cura r\u00e1pida com acabamento decorativo em flocos<\/strong><\/p>\n<p class=\"ds-markdown-paragraph\">Transforme o seu espa\u00e7o com FortiFlex Deco Flake SB - um sistema de pavimento de resina de alto desempenho e sem juntas que combina beleza, rapidez e durabilidade. Utilizando uma tecnologia avan\u00e7ada de resina poliasp\u00e1rtica, este sistema cura rapidamente, permitindo um regresso r\u00e1pido ao servi\u00e7o com um tempo de inatividade m\u00ednimo. Os flocos de vinil decorativos s\u00e3o difundidos numa camada de base pigmentada e selados com uma camada superior transparente de alto brilho, criando um acabamento de mosaico personalizado que \u00e9 simultaneamente deslumbrante e resistente.<\/p>\n<p class=\"ds-markdown-paragraph\">Ideal para ambientes exigentes, como instala\u00e7\u00f5es de cuidados de sa\u00fade, garagens, escolas e balne\u00e1rios, o Accelera resiste a produtos qu\u00edmicos, manchas e abras\u00e3o, mantendo-se f\u00e1cil de limpar. Escolha entre uma vasta gama de cores padr\u00e3o ou crie a sua pr\u00f3pria mistura exclusiva com a nossa ferramenta de visualiza\u00e7\u00e3o de pavimentos. Quer esteja a atualizar um espa\u00e7o comercial ou a instalar um pavimento de garagem duradouro, a Accelera oferece uma solu\u00e7\u00e3o perfeita, higi\u00e9nica e duradoura, concebida para funcionar.<\/p>\n<p class=\"ds-markdown-paragraph\">Actualize-se para um pavimento que trabalha tanto como voc\u00ea - de forma bonita.<\/p>\n<\/div>\n<\/div>\n<div class=\"ds-theme\"><\/div>\n<div class=\"ds-flex _0a3d93b\">\n<div class=\"ds-flex _965abe9\">\n<div class=\"ds-icon-button db183363\" tabindex=\"-1\" role=\"button\" aria-disabled=\"false\">\n<div class=\"ds-icon-button__hover-bg\"><\/div>\n<div class=\"ds-icon\"><\/div>\n<\/div>\n<div class=\"ds-icon-button db183363\" tabindex=\"-1\" role=\"button\" aria-disabled=\"false\">\n<div class=\"ds-icon-button__hover-bg\"><\/div>\n<div class=\"ds-icon\"><\/div>\n<\/div>\n<div class=\"ds-icon-button db183363\" tabindex=\"-1\" role=\"button\" aria-disabled=\"false\">\n<div class=\"ds-icon-button__hover-bg\"><\/div>\n<div class=\"ds-icon\"><\/div>\n<\/div>\n<div class=\"ds-icon-button db183363\" tabindex=\"-1\" role=\"button\" aria-disabled=\"false\">\n<div class=\"ds-icon-button__hover-bg\"><\/div>\n<div class=\"ds-icon\"><\/div>\n<\/div>\n<div class=\"ds-icon-button db183363\" tabindex=\"-1\" role=\"button\" aria-disabled=\"false\">\n<div class=\"ds-icon-button__hover-bg\"><\/div>\n<div class=\"ds-icon\"><\/div>\n<\/div>\n<\/div>\n<div><\/div>\n<\/div>\n<\/div>\n<div class=\"_9663006\">\n<div class=\"d29f3d7d ds-message _63c77b1\"><\/div>\n<\/div>","protected":false},"featured_media":6166,"template":"","meta":{"om_disable_all_campaigns":false,"_monsterinsights_skip_tracking":false,"_monsterinsights_sitenote_active":false,"_monsterinsights_sitenote_note":"","_monsterinsights_sitenote_category":0,"_uf_show_specific_survey":0,"_uf_disable_surveys":false},"product_brand":[],"product_cat":[128,801],"product_tag":[640,845,835,844,836,843,842,841,834],"class_list":{"0":"post-6165","1":"product","2":"type-product","3":"status-publish","4":"has-post-thumbnail","6":"product_cat-flooring-system","7":"product_cat-polyaspartic-and-polyurea-coatings","8":"product_tag-chemical-resistant-flooring","9":"product_tag-commercial-flake-flooring","10":"product_tag-decorative-flake-flooring","11":"product_tag-decorative-vinyl-chips-flooring","12":"product_tag-epoxy-flake-system","13":"product_tag-fast-cure-floor-coating","14":"product_tag-garage-floor-coating-with-flakes","15":"product_tag-polyaspartic-resin-flooring","16":"product_tag-seamless-resin-flooring","18":"first","19":"instock","20":"shipping-taxable","21":"product-type-simple"},"yoast_head":"<!-- This site is optimized with the Yoast SEO Premium plugin v26.2 (Yoast SEO v26.5) - https:\/\/yoast.com\/wordpress\/plugins\/seo\/ -->\n<title>FortiFlex Deco Flake SB Seamless Resin Flooring with Decorative Flake Finish - KAIDA PAINT\u00ae<\/title>\n<meta name=\"description\" content=\"KAIDA PAINT FortiFlex Deco Flake SB is a seamless resin flooring system with decorative vinyl chips in durable polyaspartic resin. Fast-curing, chemical-resistant finish for garages, healthcare facilities &amp; commercial spaces. Custom colors available.\" \/>\n<meta name=\"robots\" content=\"index, follow, max-snippet:-1, max-image-preview:large, max-video-preview:-1\" \/>\n<link rel=\"canonical\" href=\"https:\/\/www.jinyupaint.com\/pt\/produto\/fortiflex-deco-flake-sb-seamless-resin-flooring-with-decorative-flake-finish\/\" \/>\n<meta property=\"og:locale\" content=\"pt_PT\" \/>\n<meta property=\"og:type\" content=\"article\" \/>\n<meta property=\"og:title\" content=\"FortiFlex Deco Flake SB Seamless Resin Flooring with Decorative Flake Finish\" \/>\n<meta property=\"og:description\" content=\"KAIDA PAINT FortiFlex Deco Flake SB is a seamless resin flooring system with decorative vinyl chips in durable polyaspartic resin. Fast-curing, chemical-resistant finish for garages, healthcare facilities &amp; commercial spaces. Custom colors available.\" \/>\n<meta property=\"og:url\" content=\"https:\/\/www.jinyupaint.com\/pt\/produto\/fortiflex-deco-flake-sb-seamless-resin-flooring-with-decorative-flake-finish\/\" \/>\n<meta property=\"og:site_name\" content=\"KAIDA PAINT\u00ae\" \/>\n<meta property=\"article:modified_time\" content=\"2025-12-01T04:06:07+00:00\" \/>\n<meta property=\"og:image\" content=\"https:\/\/www.jinyupaint.com\/wp-content\/uploads\/2025\/10\/FortiFlex-Deco-Flake-SB.jpg\" \/>\n\t<meta property=\"og:image:width\" content=\"800\" \/>\n\t<meta property=\"og:image:height\" content=\"800\" \/>\n\t<meta property=\"og:image:type\" content=\"image\/jpeg\" \/>\n<meta name=\"twitter:card\" content=\"summary_large_image\" \/>\n<meta name=\"twitter:label1\" content=\"Tempo estimado de leitura\" \/>\n\t<meta name=\"twitter:data1\" content=\"3 minutos\" \/>\n<script type=\"application\/ld+json\" class=\"yoast-schema-graph\">{\"@context\":\"https:\/\/schema.org\",\"@graph\":[{\"@type\":\"WebPage\",\"@id\":\"https:\/\/www.jinyupaint.com\/product\/fortiflex-deco-flake-sb-seamless-resin-flooring-with-decorative-flake-finish\",\"url\":\"https:\/\/www.jinyupaint.com\/product\/fortiflex-deco-flake-sb-seamless-resin-flooring-with-decorative-flake-finish\",\"name\":\"FortiFlex Deco Flake SB Seamless Resin Flooring with Decorative Flake Finish - KAIDA PAINT\u00ae\",\"isPartOf\":{\"@id\":\"https:\/\/www.jinyupaint.com\/#website\"},\"primaryImageOfPage\":{\"@id\":\"https:\/\/www.jinyupaint.com\/product\/fortiflex-deco-flake-sb-seamless-resin-flooring-with-decorative-flake-finish#primaryimage\"},\"image\":{\"@id\":\"https:\/\/www.jinyupaint.com\/product\/fortiflex-deco-flake-sb-seamless-resin-flooring-with-decorative-flake-finish#primaryimage\"},\"thumbnailUrl\":\"https:\/\/www.jinyupaint.com\/wp-content\/uploads\/2025\/10\/FortiFlex-Deco-Flake-SB.jpg\",\"datePublished\":\"2025-10-24T07:01:05+00:00\",\"dateModified\":\"2025-12-01T04:06:07+00:00\",\"description\":\"KAIDA PAINT FortiFlex Deco Flake SB is a seamless resin flooring system with decorative vinyl chips in durable polyaspartic resin. Fast-curing, chemical-resistant finish for garages, healthcare facilities & commercial spaces. Custom colors available.\",\"breadcrumb\":{\"@id\":\"https:\/\/www.jinyupaint.com\/product\/fortiflex-deco-flake-sb-seamless-resin-flooring-with-decorative-flake-finish#breadcrumb\"},\"inLanguage\":\"pt-PT\",\"potentialAction\":[{\"@type\":\"ReadAction\",\"target\":[\"https:\/\/www.jinyupaint.com\/product\/fortiflex-deco-flake-sb-seamless-resin-flooring-with-decorative-flake-finish\"]}]},{\"@type\":\"ImageObject\",\"inLanguage\":\"pt-PT\",\"@id\":\"https:\/\/www.jinyupaint.com\/product\/fortiflex-deco-flake-sb-seamless-resin-flooring-with-decorative-flake-finish#primaryimage\",\"url\":\"https:\/\/www.jinyupaint.com\/wp-content\/uploads\/2025\/10\/FortiFlex-Deco-Flake-SB.jpg\",\"contentUrl\":\"https:\/\/www.jinyupaint.com\/wp-content\/uploads\/2025\/10\/FortiFlex-Deco-Flake-SB.jpg\",\"width\":800,\"height\":800,\"caption\":\"FortiFlex Deco Flake SB\"},{\"@type\":\"BreadcrumbList\",\"@id\":\"https:\/\/www.jinyupaint.com\/product\/fortiflex-deco-flake-sb-seamless-resin-flooring-with-decorative-flake-finish#breadcrumb\",\"itemListElement\":[{\"@type\":\"ListItem\",\"position\":1,\"name\":\"Home\",\"item\":\"https:\/\/www.jinyupaint.com\/\"},{\"@type\":\"ListItem\",\"position\":2,\"name\":\"Shop\",\"item\":\"https:\/\/www.jinyupaint.com\/shop.html\"},{\"@type\":\"ListItem\",\"position\":3,\"name\":\"FortiFlex Deco Flake SB Seamless Resin Flooring with Decorative Flake Finish\"}]},{\"@type\":\"WebSite\",\"@id\":\"https:\/\/www.jinyupaint.com\/#website\",\"url\":\"https:\/\/www.jinyupaint.com\/\",\"name\":\"JINYU\u00ae PAINT\",\"description\":\"JINYU PAINT\u00ae Manufacturer\",\"potentialAction\":[{\"@type\":\"SearchAction\",\"target\":{\"@type\":\"EntryPoint\",\"urlTemplate\":\"https:\/\/www.jinyupaint.com\/?s={search_term_string}\"},\"query-input\":{\"@type\":\"PropertyValueSpecification\",\"valueRequired\":true,\"valueName\":\"search_term_string\"}}],\"inLanguage\":\"pt-PT\"}]}<\/script>\n<!-- \/ Yoast SEO Premium plugin. -->","yoast_head_json":{"title":"FortiFlex Deco Flake SB Pavimento de Resina Sem Costura com Acabamento Decorativo em Flocos - KAIDA PAINT\u00ae","description":"KAIDA PAINT FortiFlex Deco Flake SB \u00e9 um sistema de pavimento de resina sem costuras com lascas de vinil decorativas em resina poliasp\u00e1rtica dur\u00e1vel. Acabamento de cura r\u00e1pida e resistente a produtos qu\u00edmicos para garagens, instala\u00e7\u00f5es de cuidados de sa\u00fade e espa\u00e7os comerciais. Cores personalizadas dispon\u00edveis.","robots":{"index":"index","follow":"follow","max-snippet":"max-snippet:-1","max-image-preview":"max-image-preview:large","max-video-preview":"max-video-preview:-1"},"canonical":"https:\/\/www.jinyupaint.com\/pt\/produto\/fortiflex-deco-flake-sb-seamless-resin-flooring-with-decorative-flake-finish\/","og_locale":"pt_PT","og_type":"article","og_title":"FortiFlex Deco Flake SB Seamless Resin Flooring with Decorative Flake Finish","og_description":"KAIDA PAINT FortiFlex Deco Flake SB is a seamless resin flooring system with decorative vinyl chips in durable polyaspartic resin. Fast-curing, chemical-resistant finish for garages, healthcare facilities & commercial spaces. Custom colors available.","og_url":"https:\/\/www.jinyupaint.com\/pt\/produto\/fortiflex-deco-flake-sb-seamless-resin-flooring-with-decorative-flake-finish\/","og_site_name":"KAIDA PAINT\u00ae","article_modified_time":"2025-12-01T04:06:07+00:00","og_image":[{"width":800,"height":800,"url":"https:\/\/www.jinyupaint.com\/wp-content\/uploads\/2025\/10\/FortiFlex-Deco-Flake-SB.jpg","type":"image\/jpeg"}],"twitter_card":"summary_large_image","twitter_misc":{"Tempo estimado de leitura":"3 minutos"},"schema":{"@context":"https:\/\/schema.org","@graph":[{"@type":"WebPage","@id":"https:\/\/www.jinyupaint.com\/product\/fortiflex-deco-flake-sb-seamless-resin-flooring-with-decorative-flake-finish","url":"https:\/\/www.jinyupaint.com\/product\/fortiflex-deco-flake-sb-seamless-resin-flooring-with-decorative-flake-finish","name":"FortiFlex Deco Flake SB Pavimento de Resina Sem Costura com Acabamento Decorativo em Flocos - KAIDA PAINT\u00ae","isPartOf":{"@id":"https:\/\/www.jinyupaint.com\/#website"},"primaryImageOfPage":{"@id":"https:\/\/www.jinyupaint.com\/product\/fortiflex-deco-flake-sb-seamless-resin-flooring-with-decorative-flake-finish#primaryimage"},"image":{"@id":"https:\/\/www.jinyupaint.com\/product\/fortiflex-deco-flake-sb-seamless-resin-flooring-with-decorative-flake-finish#primaryimage"},"thumbnailUrl":"https:\/\/www.jinyupaint.com\/wp-content\/uploads\/2025\/10\/FortiFlex-Deco-Flake-SB.jpg","datePublished":"2025-10-24T07:01:05+00:00","dateModified":"2025-12-01T04:06:07+00:00","description":"KAIDA PAINT FortiFlex Deco Flake SB \u00e9 um sistema de pavimento de resina sem costuras com lascas de vinil decorativas em resina poliasp\u00e1rtica dur\u00e1vel. Acabamento de cura r\u00e1pida e resistente a produtos qu\u00edmicos para garagens, instala\u00e7\u00f5es de cuidados de sa\u00fade e espa\u00e7os comerciais. Cores personalizadas dispon\u00edveis.","breadcrumb":{"@id":"https:\/\/www.jinyupaint.com\/product\/fortiflex-deco-flake-sb-seamless-resin-flooring-with-decorative-flake-finish#breadcrumb"},"inLanguage":"pt-PT","potentialAction":[{"@type":"ReadAction","target":["https:\/\/www.jinyupaint.com\/product\/fortiflex-deco-flake-sb-seamless-resin-flooring-with-decorative-flake-finish"]}]},{"@type":"ImageObject","inLanguage":"pt-PT","@id":"https:\/\/www.jinyupaint.com\/product\/fortiflex-deco-flake-sb-seamless-resin-flooring-with-decorative-flake-finish#primaryimage","url":"https:\/\/www.jinyupaint.com\/wp-content\/uploads\/2025\/10\/FortiFlex-Deco-Flake-SB.jpg","contentUrl":"https:\/\/www.jinyupaint.com\/wp-content\/uploads\/2025\/10\/FortiFlex-Deco-Flake-SB.jpg","width":800,"height":800,"caption":"FortiFlex Deco Flake SB"},{"@type":"BreadcrumbList","@id":"https:\/\/www.jinyupaint.com\/product\/fortiflex-deco-flake-sb-seamless-resin-flooring-with-decorative-flake-finish#breadcrumb","itemListElement":[{"@type":"ListItem","position":1,"name":"Home","item":"https:\/\/www.jinyupaint.com\/"},{"@type":"ListItem","position":2,"name":"Shop","item":"https:\/\/www.jinyupaint.com\/shop.html"},{"@type":"ListItem","position":3,"name":"FortiFlex Deco Flake SB Seamless Resin Flooring with Decorative Flake Finish"}]},{"@type":"WebSite","@id":"https:\/\/www.jinyupaint.com\/#website","url":"https:\/\/www.jinyupaint.com\/","name":"PINTURA JINYU","description":"JINYU PAINT\u00ae Fabricante","potentialAction":[{"@type":"SearchAction","target":{"@type":"EntryPoint","urlTemplate":"https:\/\/www.jinyupaint.com\/?s={search_term_string}"},"query-input":{"@type":"PropertyValueSpecification","valueRequired":true,"valueName":"search_term_string"}}],"inLanguage":"pt-PT"}]}},"_links":{"self":[{"href":"https:\/\/www.jinyupaint.com\/pt\/wp-json\/wp\/v2\/product\/6165","targetHints":{"allow":["GET"]}}],"collection":[{"href":"https:\/\/www.jinyupaint.com\/pt\/wp-json\/wp\/v2\/product"}],"about":[{"href":"https:\/\/www.jinyupaint.com\/pt\/wp-json\/wp\/v2\/types\/product"}],"wp:featuredmedia":[{"embeddable":true,"href":"https:\/\/www.jinyupaint.com\/pt\/wp-json\/wp\/v2\/media\/6166"}],"wp:attachment":[{"href":"https:\/\/www.jinyupaint.com\/pt\/wp-json\/wp\/v2\/media?parent=6165"}],"wp:term":[{"taxonomy":"product_brand","embeddable":true,"href":"https:\/\/www.jinyupaint.com\/pt\/wp-json\/wp\/v2\/product_brand?post=6165"},{"taxonomy":"product_cat","embeddable":true,"href":"https:\/\/www.jinyupaint.com\/pt\/wp-json\/wp\/v2\/product_cat?post=6165"},{"taxonomy":"product_tag","embeddable":true,"href":"https:\/\/www.jinyupaint.com\/pt\/wp-json\/wp\/v2\/product_tag?post=6165"}],"curies":[{"name":"wp","href":"https:\/\/api.w.org\/{rel}","templated":true}]}}