{"id":6148,"date":"2025-10-24T00:54:30","date_gmt":"2025-10-24T00:54:30","guid":{"rendered":"https:\/\/www.jinyupaint.com\/?post_type=product&#038;p=6148"},"modified":"2025-12-01T04:45:26","modified_gmt":"2025-12-01T04:45:26","slug":"armorseal-pxt-clear-high-performance-polyaspartic-topcoat","status":"publish","type":"product","link":"https:\/\/www.jinyupaint.com\/pt\/produto\/armorseal-pxt-clear-high-performance-polyaspartic-topcoat","title":{"rendered":"ArmorSeal PXT Verniz Poliasp\u00e1rtico de Alto Desempenho"},"content":{"rendered":"<p class=\"ds-markdown-paragraph\">O ArmorSeal PXT Clear \u00e9 um revestimento de topo poliasp\u00e1rtico alif\u00e1tico de dois componentes, de qualidade superior, concebido para proporcionar uma durabilidade e um aspeto est\u00e9tico inigual\u00e1veis. Concebido para sistemas de membranas de impermeabiliza\u00e7\u00e3o, este revestimento de alto teor de s\u00f3lidos e de cura r\u00e1pida aplica-se sem esfor\u00e7o em camadas simples ou m\u00faltiplas e n\u00e3o \u00e9 afetado pela humidade. Quer esteja a proteger decks de estacionamento, \u00e1reas circundantes de piscinas ou sistemas de escamas decorativas, o ArmorSeal PXT Clear combina velocidade, resist\u00eancia e sustentabilidade.<\/p>\n<h2><strong>Principais carater\u00edsticas e vantagens<\/strong><\/h2>\n<h4>\u2705\u00a0<strong>Tecnologia de cura r\u00e1pida<\/strong><\/h4>\n<ul>\n<li><strong>Sem ader\u00eancia em 1 hora, pronto para o tr\u00e1fego pedonal em 6-8 horas<\/strong><br \/>\nPerfeito para projectos com prazos apertados. Minimiza o tempo de inatividade sem comprometer o desempenho.<\/li>\n<\/ul>\n<h4>\u2705\u00a0<strong>Durabilidade excecional<\/strong><\/h4>\n<ul>\n<li><strong>Dureza Shore D: 65 \u00b1 2 | Resist\u00eancia \u00e0 tra\u00e7\u00e3o: 3500 psi<\/strong><br \/>\nResiste \u00e0 abras\u00e3o, ao impacto e ao tr\u00e1fego intenso - ideal para\u00a0<strong>pavimentos de garagem<\/strong>espa\u00e7os industriais e zonas comerciais de grande utiliza\u00e7\u00e3o.<\/li>\n<\/ul>\n<h4>\u2705\u00a0<strong>Resist\u00eancia aos raios UV e \u00e0s intemp\u00e9ries<\/strong><\/h4>\n<ul>\n<li><strong>N\u00e3o amarelece | Reten\u00e7\u00e3o de brilho<\/strong><br \/>\nMant\u00e9m as superf\u00edcies com um aspeto novo durante anos, mesmo sob luz solar direta. Ideal para\u00a0<strong>decks de piscina<\/strong>\u00a0e\u00a0<strong>varandas<\/strong>.<\/li>\n<\/ul>\n<h4>\u2705\u00a0<strong>Sem costuras e resistente a produtos qu\u00edmicos<\/strong><\/h4>\n<ul>\n<li><strong>Resiste a \u00f3leos, \u00e1cidos e solventes<\/strong><br \/>\nProtege contra contaminantes comuns, como \u00f3leo de motor, l\u00edquido dos trav\u00f5es e \u00e1cidos dilu\u00eddos. Consulte a tabela de resist\u00eancia qu\u00edmica para obter mais pormenores.<\/li>\n<\/ul>\n<h4>\u2705\u00a0<strong>Amigo do ambiente<\/strong><\/h4>\n<ul>\n<li><strong>Baixo teor de COV (&lt;100 g\/L)<\/strong><br \/>\nUma escolha mais segura para aplica\u00e7\u00f5es interiores e exteriores, cumprindo as normas ambientais modernas.<\/li>\n<\/ul>\n<h2><strong>Especifica\u00e7\u00f5es t\u00e9cnicas<\/strong><\/h2>\n<div class=\"ds-scroll-area _1210dd7\">\n<div class=\"ds-scroll-area__gutters\">\n<div class=\"ds-scroll-area__horizontal-gutter\"><\/div>\n<div class=\"ds-scroll-area__vertical-gutter\"><\/div>\n<\/div>\n<table>\n<thead>\n<tr>\n<th><strong>Im\u00f3veis<\/strong><\/th>\n<th><strong>Valor<\/strong><\/th>\n<\/tr>\n<\/thead>\n<tbody>\n<tr>\n<td>Volume S\u00f3lidos<\/td>\n<td>88% \u00b1 2 (ASTM D2697)<\/td>\n<\/tr>\n<tr>\n<td>Peso S\u00f3lidos<\/td>\n<td>90% \u00b1 2 (ASTM D2369)<\/td>\n<\/tr>\n<tr>\n<td>R\u00e1cio de mistura<\/td>\n<td>1:1 em volume<\/td>\n<\/tr>\n<tr>\n<td>Taxa de cobertura<\/td>\n<td>200 p\u00e9s\u00b2\/gal\u00e3o (18,5 m\u00b2\/3,78L)<\/td>\n<\/tr>\n<tr>\n<td>Vida na panela<\/td>\n<td>45-60 minutos<\/td>\n<\/tr>\n<tr>\n<td>Tempo de secagem (@75\u00b0F, 50% RH)<\/td>\n<td>Sem tachas: 1 hora<\/td>\n<td>Cura total: 24 horas<\/td>\n<\/tr>\n<\/tbody>\n<\/table>\n<\/div>\n<h2><strong>Aplica\u00e7\u00f5es ideais<\/strong><\/h2>\n<p class=\"ds-markdown-paragraph\">O ArmorSeal PXT Clear \u00e9 o revestimento poliasp\u00e1rtico para pavimentos de elei\u00e7\u00e3o:<\/p>\n<ul>\n<li><strong>Parques de estacionamento e garagens<\/strong><\/li>\n<li><strong>Decks de piscina e varandas<\/strong><\/li>\n<li><strong>Sistemas decorativos de flocos e de quartzo<\/strong><\/li>\n<li><strong>Pavimentos comerciais e industriais<\/strong><\/li>\n<\/ul>\n<h2><strong>Prepara\u00e7\u00e3o da superf\u00edcie e aplica\u00e7\u00e3o<\/strong><\/h2>\n<h4><strong>Passo 1: Preparar a superf\u00edcie<\/strong><\/h4>\n<ul>\n<li>Assegurar que o bet\u00e3o est\u00e1 totalmente curado (m\u00ednimo de 28 dias), limpo e estruturalmente s\u00f3lido.<\/li>\n<li>Realizar testes de humidade - a humidade interna deve ser inferior a 75% (ASTM F2170).<\/li>\n<\/ul>\n<h4><strong>Passo 2: Misturar e aplicar<\/strong><\/h4>\n<ol start=\"1\">\n<li>\n<p class=\"ds-markdown-paragraph\"><strong>Misturar partes iguais de A e B<\/strong>\u00a0utilizando um misturador Jiffy e um berbequim de baixa velocidade.<\/p>\n<\/li>\n<li>\n<p class=\"ds-markdown-paragraph\"><strong>Aplicar no prazo de 45-60 minutos<\/strong>\u00a0de mistura para evitar problemas de tempo de vida.<\/p>\n<\/li>\n<li>\n<p class=\"ds-markdown-paragraph\"><strong>Espalhar com um rodo<\/strong>e, em seguida, enrolar para obter uma espessura uniforme.<\/p>\n<\/li>\n<li>\n<p class=\"ds-markdown-paragraph\"><strong>Aguardar 12 horas para tr\u00e1fego ligeiro<\/strong>40 horas para o tr\u00e1fego pesado\/veicular.<\/p>\n<\/li>\n<\/ol>\n<p class=\"ds-markdown-paragraph\">\u26a0\ufe0f\u00a0<strong>Dica profissional:<\/strong>\u00a0Utilizar sapatos com pontas para facilitar o movimento durante a aplica\u00e7\u00e3o. Evitar a aplica\u00e7\u00e3o de uma espessura superior a 16 mils numa s\u00f3 dem\u00e3o para evitar o emba\u00e7amento.<\/p>\n<h2><strong>Porqu\u00ea escolher ArmorSeal PXT Clear<\/strong><strong>?<\/strong><\/h2>\n<h4>\ud83d\udd2c\u00a0<strong>Com o apoio da ci\u00eancia, com a confian\u00e7a dos profissionais<\/strong><\/h4>\n<p class=\"ds-markdown-paragraph\">Com uma resist\u00eancia superior ao rasgamento (400 pli) e um alongamento m\u00e1ximo (50%), este revestimento flecte com o movimento do substrato, reduzindo a propaga\u00e7\u00e3o de fissuras.<\/p>\n<h4>\ud83c\udf0d\u00a0<strong>Testado no mundo real<\/strong><\/h4>\n<p class=\"ds-markdown-paragraph\">Desde pavimentos de garagem poliasp\u00e1rticos a sistemas h\u00edbridos ep\u00f3xi e poliasp\u00e1rticos, o ArmorSeal PXT Clear foi comprovado em ambientes exigentes.<\/p>\n<h4>\ud83d\udee1\ufe0f KAIDA PAINT<strong>\u00a0Garantia<\/strong><\/h4>\n<p class=\"ds-markdown-paragraph\">Cada lata \u00e9 apoiada pelo compromisso de qualidade da KAIDA PAINT. Consulte a folha de dados do produto para obter informa\u00e7\u00f5es completas sobre a garantia.<\/p>\n<h2><strong>Perguntas mais frequentes<\/strong><\/h2>\n<h4>\u2753\u00a0<strong>Como \u00e9 que o poliasp\u00e1rtico se compara ao ep\u00f3xi?<\/strong><\/h4>\n<p class=\"ds-markdown-paragraph\">Os acabamentos poliasp\u00e1rticos curam mais rapidamente, oferecem melhor estabilidade UV e proporcionam uma vida \u00fatil mais longa do que os ep\u00f3xis tradicionais.<\/p>\n<h4>\u2753\u00a0<strong>Posso aplicar este produto sobre um revestimento existente?<\/strong><\/h4>\n<p class=\"ds-markdown-paragraph\">Sim, quando aplicado sobre um sistema de prim\u00e1rio e base compat\u00edvel. Para casos espec\u00edficos, consultar um representante da KAIDA PAINT.<\/p>\n<h4>\u2753\u00a0<strong>Qual \u00e9 o custo do revestimento poliasp\u00e1rtico para pavimentos?<\/strong><\/h4>\n<p class=\"ds-markdown-paragraph\">Embora o pre\u00e7o varie, o ArmorSeal PXT Clear oferece um valor excecional atrav\u00e9s da sua longa vida \u00fatil, manuten\u00e7\u00e3o reduzida e tempo de inatividade m\u00ednimo.<\/p>\n<h2><strong>Informa\u00e7\u00f5es para encomenda<\/strong><\/h2>\n<ul>\n<li><strong>Parte A (Limpo):<\/strong>\u00a0GP4750CA1 | 1 Gal\u00e3o (3,8L)<\/li>\n<li><strong>Parte B (endurecedor):<\/strong>\u00a0GP4750CB1 | 1 Gal\u00e3o (3,8L)<\/li>\n<li><strong>Prazo de validade:<\/strong>\u00a012 meses (fechado, armazenado a 65-90\u00b0F)<\/li>\n<\/ul>\n<h2><strong>Pronto para transformar o seu espa\u00e7o?<\/strong><\/h2>\n<p class=\"ds-markdown-paragraph\">Quer seja um empreiteiro \u00e0 procura de um revestimento poliasp\u00e1rtico fi\u00e1vel perto de mim ou um DIYer a explorar o custo do revestimento poliasp\u00e1rtico para pavimentos, ArmorSeal PXT Clear proporciona resultados profissionais com facilidade.<\/p>\n<p class=\"ds-markdown-paragraph\"><strong>Contacte a KAIDA PAINT hoje mesmo para obter apoio t\u00e9cnico ou para localizar um distribuidor.<\/strong><\/p>","protected":false},"excerpt":{"rendered":"<p>Conhe\u00e7a o ArmorSeal PXT Clear, o avan\u00e7ado acabamento poliasp\u00e1rtico concebido para aqueles que se recusam a comprometer a rapidez e a durabilidade. Esta f\u00f3rmula de dois componentes de cura r\u00e1pida proporciona uma prote\u00e7\u00e3o robusta e de alto brilho que \u00e9 aplicada sem problemas e notavelmente insens\u00edvel \u00e0 humidade. Ideal para ambientes exigentes, como decks de estacionamento, \u00e1reas circundantes de piscinas e varandas, oferece uma resist\u00eancia superior aos raios UV, produtos qu\u00edmicos e desgaste di\u00e1rio. Obtenha um acabamento duradouro e brilhante com um tempo de inatividade m\u00ednimo, garantindo que os seus projectos n\u00e3o s\u00f3 s\u00e3o conclu\u00eddos mais rapidamente, como tamb\u00e9m s\u00e3o feitos para durar.<\/p>","protected":false},"featured_media":6151,"template":"","meta":{"om_disable_all_campaigns":false,"_monsterinsights_skip_tracking":false,"_monsterinsights_sitenote_active":false,"_monsterinsights_sitenote_note":"","_monsterinsights_sitenote_category":0,"_uf_show_specific_survey":0,"_uf_disable_surveys":false},"product_brand":[],"product_cat":[128,801],"product_tag":[808,812,802,803,811],"class_list":{"0":"post-6148","1":"product","2":"type-product","3":"status-publish","4":"has-post-thumbnail","6":"product_cat-flooring-system","7":"product_cat-polyaspartic-and-polyurea-coatings","8":"product_tag-commercial-floor-coating","9":"product_tag-concrete-sealer","10":"product_tag-polyaspartic-floor-coating","11":"product_tag-polyaspartic-garage-floor","12":"product_tag-polyaspartic-topcoat","14":"first","15":"instock","16":"shipping-taxable","17":"product-type-simple"},"yoast_head":"<!-- This site is optimized with the Yoast SEO Premium plugin v26.2 (Yoast SEO v26.5) - https:\/\/yoast.com\/wordpress\/plugins\/seo\/ -->\n<title>ArmorSeal PXT Clear High-Performance Polyaspartic Topcoat - KAIDA PAINT\u00ae<\/title>\n<meta name=\"description\" content=\"ArmorSeal PXT Clear is a professional-grade, aliphatic polyaspartic topcoat offering rapid curing, UV resistance, and seamless chemical protection. Ideal for garage floors, pool decks, and commercial spaces. Trusted by contractors for durability and ease of application.\" \/>\n<meta name=\"robots\" content=\"index, follow, max-snippet:-1, max-image-preview:large, max-video-preview:-1\" \/>\n<link rel=\"canonical\" href=\"https:\/\/www.jinyupaint.com\/pt\/produto\/armorseal-pxt-clear-high-performance-polyaspartic-topcoat\/\" \/>\n<meta property=\"og:locale\" content=\"pt_PT\" \/>\n<meta property=\"og:type\" content=\"article\" \/>\n<meta property=\"og:title\" content=\"ArmorSeal PXT Clear High-Performance Polyaspartic Topcoat\" \/>\n<meta property=\"og:description\" content=\"ArmorSeal PXT Clear is a professional-grade, aliphatic polyaspartic topcoat offering rapid curing, UV resistance, and seamless chemical protection. Ideal for garage floors, pool decks, and commercial spaces. Trusted by contractors for durability and ease of application.\" \/>\n<meta property=\"og:url\" content=\"https:\/\/www.jinyupaint.com\/pt\/produto\/armorseal-pxt-clear-high-performance-polyaspartic-topcoat\/\" \/>\n<meta property=\"og:site_name\" content=\"KAIDA PAINT\u00ae\" \/>\n<meta property=\"article:modified_time\" content=\"2025-12-01T04:45:26+00:00\" \/>\n<meta property=\"og:image\" content=\"https:\/\/www.jinyupaint.com\/wp-content\/uploads\/2025\/10\/KAIDA-PAINT-Manufacturer.jpg\" \/>\n\t<meta property=\"og:image:width\" content=\"800\" \/>\n\t<meta property=\"og:image:height\" content=\"800\" \/>\n\t<meta property=\"og:image:type\" content=\"image\/jpeg\" \/>\n<meta name=\"twitter:card\" content=\"summary_large_image\" \/>\n<meta name=\"twitter:label1\" content=\"Tempo estimado de leitura\" \/>\n\t<meta name=\"twitter:data1\" content=\"3 minutos\" \/>\n<script type=\"application\/ld+json\" class=\"yoast-schema-graph\">{\"@context\":\"https:\/\/schema.org\",\"@graph\":[{\"@type\":\"WebPage\",\"@id\":\"https:\/\/www.jinyupaint.com\/product\/armorseal-pxt-clear-high-performance-polyaspartic-topcoat\",\"url\":\"https:\/\/www.jinyupaint.com\/product\/armorseal-pxt-clear-high-performance-polyaspartic-topcoat\",\"name\":\"ArmorSeal PXT Clear High-Performance Polyaspartic Topcoat - KAIDA PAINT\u00ae\",\"isPartOf\":{\"@id\":\"https:\/\/www.jinyupaint.com\/#website\"},\"primaryImageOfPage\":{\"@id\":\"https:\/\/www.jinyupaint.com\/product\/armorseal-pxt-clear-high-performance-polyaspartic-topcoat#primaryimage\"},\"image\":{\"@id\":\"https:\/\/www.jinyupaint.com\/product\/armorseal-pxt-clear-high-performance-polyaspartic-topcoat#primaryimage\"},\"thumbnailUrl\":\"https:\/\/www.jinyupaint.com\/wp-content\/uploads\/2025\/10\/KAIDA-PAINT-Manufacturer.jpg\",\"datePublished\":\"2025-10-24T00:54:30+00:00\",\"dateModified\":\"2025-12-01T04:45:26+00:00\",\"description\":\"ArmorSeal PXT Clear is a professional-grade, aliphatic polyaspartic topcoat offering rapid curing, UV resistance, and seamless chemical protection. Ideal for garage floors, pool decks, and commercial spaces. Trusted by contractors for durability and ease of application.\",\"breadcrumb\":{\"@id\":\"https:\/\/www.jinyupaint.com\/product\/armorseal-pxt-clear-high-performance-polyaspartic-topcoat#breadcrumb\"},\"inLanguage\":\"pt-PT\",\"potentialAction\":[{\"@type\":\"ReadAction\",\"target\":[\"https:\/\/www.jinyupaint.com\/product\/armorseal-pxt-clear-high-performance-polyaspartic-topcoat\"]}]},{\"@type\":\"ImageObject\",\"inLanguage\":\"pt-PT\",\"@id\":\"https:\/\/www.jinyupaint.com\/product\/armorseal-pxt-clear-high-performance-polyaspartic-topcoat#primaryimage\",\"url\":\"https:\/\/www.jinyupaint.com\/wp-content\/uploads\/2025\/10\/KAIDA-PAINT-Manufacturer.jpg\",\"contentUrl\":\"https:\/\/www.jinyupaint.com\/wp-content\/uploads\/2025\/10\/KAIDA-PAINT-Manufacturer.jpg\",\"width\":800,\"height\":800,\"caption\":\"KAIDA PAINT Manufacturer\"},{\"@type\":\"BreadcrumbList\",\"@id\":\"https:\/\/www.jinyupaint.com\/product\/armorseal-pxt-clear-high-performance-polyaspartic-topcoat#breadcrumb\",\"itemListElement\":[{\"@type\":\"ListItem\",\"position\":1,\"name\":\"Home\",\"item\":\"https:\/\/www.jinyupaint.com\/\"},{\"@type\":\"ListItem\",\"position\":2,\"name\":\"Shop\",\"item\":\"https:\/\/www.jinyupaint.com\/shop.html\"},{\"@type\":\"ListItem\",\"position\":3,\"name\":\"ArmorSeal PXT Clear High-Performance Polyaspartic Topcoat\"}]},{\"@type\":\"WebSite\",\"@id\":\"https:\/\/www.jinyupaint.com\/#website\",\"url\":\"https:\/\/www.jinyupaint.com\/\",\"name\":\"JINYU\u00ae PAINT\",\"description\":\"JINYU PAINT\u00ae Manufacturer\",\"potentialAction\":[{\"@type\":\"SearchAction\",\"target\":{\"@type\":\"EntryPoint\",\"urlTemplate\":\"https:\/\/www.jinyupaint.com\/?s={search_term_string}\"},\"query-input\":{\"@type\":\"PropertyValueSpecification\",\"valueRequired\":true,\"valueName\":\"search_term_string\"}}],\"inLanguage\":\"pt-PT\"}]}<\/script>\n<!-- \/ Yoast SEO Premium plugin. -->","yoast_head_json":{"title":"ArmorSeal PXT Clear High-Performance Polyaspartic Topcoat - KAIDA PAINT\u00ae","description":"ArmorSeal PXT Clear is a professional-grade, aliphatic polyaspartic topcoat offering rapid curing, UV resistance, and seamless chemical protection. Ideal for garage floors, pool decks, and commercial spaces. Trusted by contractors for durability and ease of application.","robots":{"index":"index","follow":"follow","max-snippet":"max-snippet:-1","max-image-preview":"max-image-preview:large","max-video-preview":"max-video-preview:-1"},"canonical":"https:\/\/www.jinyupaint.com\/pt\/produto\/armorseal-pxt-clear-high-performance-polyaspartic-topcoat\/","og_locale":"pt_PT","og_type":"article","og_title":"ArmorSeal PXT Clear High-Performance Polyaspartic Topcoat","og_description":"ArmorSeal PXT Clear is a professional-grade, aliphatic polyaspartic topcoat offering rapid curing, UV resistance, and seamless chemical protection. Ideal for garage floors, pool decks, and commercial spaces. Trusted by contractors for durability and ease of application.","og_url":"https:\/\/www.jinyupaint.com\/pt\/produto\/armorseal-pxt-clear-high-performance-polyaspartic-topcoat\/","og_site_name":"KAIDA PAINT\u00ae","article_modified_time":"2025-12-01T04:45:26+00:00","og_image":[{"width":800,"height":800,"url":"https:\/\/www.jinyupaint.com\/wp-content\/uploads\/2025\/10\/KAIDA-PAINT-Manufacturer.jpg","type":"image\/jpeg"}],"twitter_card":"summary_large_image","twitter_misc":{"Tempo estimado de leitura":"3 minutos"},"schema":{"@context":"https:\/\/schema.org","@graph":[{"@type":"WebPage","@id":"https:\/\/www.jinyupaint.com\/product\/armorseal-pxt-clear-high-performance-polyaspartic-topcoat","url":"https:\/\/www.jinyupaint.com\/product\/armorseal-pxt-clear-high-performance-polyaspartic-topcoat","name":"ArmorSeal PXT Clear High-Performance Polyaspartic Topcoat - KAIDA PAINT\u00ae","isPartOf":{"@id":"https:\/\/www.jinyupaint.com\/#website"},"primaryImageOfPage":{"@id":"https:\/\/www.jinyupaint.com\/product\/armorseal-pxt-clear-high-performance-polyaspartic-topcoat#primaryimage"},"image":{"@id":"https:\/\/www.jinyupaint.com\/product\/armorseal-pxt-clear-high-performance-polyaspartic-topcoat#primaryimage"},"thumbnailUrl":"https:\/\/www.jinyupaint.com\/wp-content\/uploads\/2025\/10\/KAIDA-PAINT-Manufacturer.jpg","datePublished":"2025-10-24T00:54:30+00:00","dateModified":"2025-12-01T04:45:26+00:00","description":"ArmorSeal PXT Clear is a professional-grade, aliphatic polyaspartic topcoat offering rapid curing, UV resistance, and seamless chemical protection. Ideal for garage floors, pool decks, and commercial spaces. Trusted by contractors for durability and ease of application.","breadcrumb":{"@id":"https:\/\/www.jinyupaint.com\/product\/armorseal-pxt-clear-high-performance-polyaspartic-topcoat#breadcrumb"},"inLanguage":"pt-PT","potentialAction":[{"@type":"ReadAction","target":["https:\/\/www.jinyupaint.com\/product\/armorseal-pxt-clear-high-performance-polyaspartic-topcoat"]}]},{"@type":"ImageObject","inLanguage":"pt-PT","@id":"https:\/\/www.jinyupaint.com\/product\/armorseal-pxt-clear-high-performance-polyaspartic-topcoat#primaryimage","url":"https:\/\/www.jinyupaint.com\/wp-content\/uploads\/2025\/10\/KAIDA-PAINT-Manufacturer.jpg","contentUrl":"https:\/\/www.jinyupaint.com\/wp-content\/uploads\/2025\/10\/KAIDA-PAINT-Manufacturer.jpg","width":800,"height":800,"caption":"KAIDA PAINT Manufacturer"},{"@type":"BreadcrumbList","@id":"https:\/\/www.jinyupaint.com\/product\/armorseal-pxt-clear-high-performance-polyaspartic-topcoat#breadcrumb","itemListElement":[{"@type":"ListItem","position":1,"name":"Home","item":"https:\/\/www.jinyupaint.com\/"},{"@type":"ListItem","position":2,"name":"Shop","item":"https:\/\/www.jinyupaint.com\/shop.html"},{"@type":"ListItem","position":3,"name":"ArmorSeal PXT Clear High-Performance Polyaspartic Topcoat"}]},{"@type":"WebSite","@id":"https:\/\/www.jinyupaint.com\/#website","url":"https:\/\/www.jinyupaint.com\/","name":"PINTURA JINYU","description":"JINYU PAINT\u00ae Fabricante","potentialAction":[{"@type":"SearchAction","target":{"@type":"EntryPoint","urlTemplate":"https:\/\/www.jinyupaint.com\/?s={search_term_string}"},"query-input":{"@type":"PropertyValueSpecification","valueRequired":true,"valueName":"search_term_string"}}],"inLanguage":"pt-PT"}]}},"_links":{"self":[{"href":"https:\/\/www.jinyupaint.com\/pt\/wp-json\/wp\/v2\/product\/6148","targetHints":{"allow":["GET"]}}],"collection":[{"href":"https:\/\/www.jinyupaint.com\/pt\/wp-json\/wp\/v2\/product"}],"about":[{"href":"https:\/\/www.jinyupaint.com\/pt\/wp-json\/wp\/v2\/types\/product"}],"wp:featuredmedia":[{"embeddable":true,"href":"https:\/\/www.jinyupaint.com\/pt\/wp-json\/wp\/v2\/media\/6151"}],"wp:attachment":[{"href":"https:\/\/www.jinyupaint.com\/pt\/wp-json\/wp\/v2\/media?parent=6148"}],"wp:term":[{"taxonomy":"product_brand","embeddable":true,"href":"https:\/\/www.jinyupaint.com\/pt\/wp-json\/wp\/v2\/product_brand?post=6148"},{"taxonomy":"product_cat","embeddable":true,"href":"https:\/\/www.jinyupaint.com\/pt\/wp-json\/wp\/v2\/product_cat?post=6148"},{"taxonomy":"product_tag","embeddable":true,"href":"https:\/\/www.jinyupaint.com\/pt\/wp-json\/wp\/v2\/product_tag?post=6148"}],"curies":[{"name":"wp","href":"https:\/\/api.w.org\/{rel}","templated":true}]}}