{"id":6141,"date":"2025-10-22T00:11:35","date_gmt":"2025-10-22T00:11:35","guid":{"rendered":"https:\/\/www.jinyupaint.com\/?post_type=product&#038;p=6141"},"modified":"2025-12-01T04:48:34","modified_gmt":"2025-12-01T04:48:34","slug":"fortiflex-4850-polyaspartic-floor-coating","status":"publish","type":"product","link":"https:\/\/www.jinyupaint.com\/pt\/produto\/fortiflex-4850-polyaspartic-floor-coating","title":{"rendered":"FortiFlex 4850 Revestimento poliasp\u00e1rtico para pavimentos"},"content":{"rendered":"<p class=\"ds-markdown-paragraph\">Quando procura um revestimento poliasp\u00e1rtico para pavimentos, \u00e9 prov\u00e1vel que esteja \u00e0 procura de uma solu\u00e7\u00e3o que combine velocidade, durabilidade e um acabamento impec\u00e1vel - sem as marcas dos rolos ou longos per\u00edodos de inatividade. Encontrou-a.<\/p>\n<p class=\"ds-markdown-paragraph\">O FortiFlex 4850 Polyaspartic Floor Coating SS \u00e9 um revestimento avan\u00e7ado de dois componentes, concebido para aplicadores que exigem precis\u00e3o e efici\u00eancia. Quer esteja a revestir um armaz\u00e9m, um piso de garagem ou uma instala\u00e7\u00e3o farmac\u00eautica, este produto proporciona um acabamento uniforme e de alto brilho que resiste ao tr\u00e1fego intenso, aos produtos qu\u00edmicos e ao tempo.<\/p>\n<h2><strong>O que \u00e9 o revestimento de pavimento poliasp\u00e1rtico FortiFlex 4850?<\/strong><\/h2>\n<p class=\"ds-markdown-paragraph\">FortiFlex 4850 \u00e9 um revestimento poliasp\u00e1rtico de alto teor de s\u00f3lidos e de presa mais lenta que oferece uma flexibilidade sem paralelo para projectos de pavimentos. As suas propriedades avan\u00e7adas de fluxo e nivelamento minimizam as marcas de rolo, tornando-o ideal para aplica\u00e7\u00f5es em grande escala onde um acabamento suave e profissional n\u00e3o \u00e9 negoci\u00e1vel.<\/p>\n<p class=\"ds-markdown-paragraph\">Mas o que \u00e9 que isso significa para si?<\/p>\n<ul>\n<li><strong>Tecnologia de regula\u00e7\u00e3o mais lenta<\/strong>: Mais tempo de trabalho (15-20 minutos) para aperfei\u00e7oar a sua aplica\u00e7\u00e3o.<\/li>\n<li><strong>Resist\u00eancia aos raios ultravioleta e \u00e0s intemp\u00e9ries<\/strong>: Sem amarelecimento ou degrada\u00e7\u00e3o, mesmo em zonas expostas ao sol.<\/li>\n<li><strong>Cura a baixa temperatura<\/strong>: Aplicar a temperaturas t\u00e3o baixas como 35\u00b0F (1,7\u00b0C).<\/li>\n<\/ul>\n<h2><strong>Principais benef\u00edcios: Porqu\u00ea escolher o FortiFlex 4850?<\/strong><\/h2>\n<h4>1.\u00a0<strong>Tempos de cura r\u00e1pidos<\/strong><\/h4>\n<ul>\n<li><strong>Tr\u00e1fego pedonal em apenas 6 horas<\/strong>: Voltar \u00e0 atividade mais rapidamente.<\/li>\n<li><strong>Tr\u00e1fego de ve\u00edculos em 24 horas<\/strong>: Ideal para armaz\u00e9ns, stands de autom\u00f3veis e instala\u00e7\u00f5es industriais.<\/li>\n<\/ul>\n<h4>2.\u00a0<strong>Acabamento impec\u00e1vel<\/strong><\/h4>\n<ul>\n<li><strong>As linhas dos rolos desvanecem-se<\/strong>: A f\u00f3rmula autonivelante garante um acabamento suave e de alto brilho, sem riscos ou imperfei\u00e7\u00f5es.<\/li>\n<\/ul>\n<h4>3.\u00a0<strong>Durabilidade excecional<\/strong><\/h4>\n<ul>\n<li><strong>Resist\u00eancia qu\u00edmica<\/strong>: Resiste a \u00f3leos, solventes e agentes de limpeza.<\/li>\n<li><strong>Resist\u00eancia mec\u00e2nica<\/strong>: Resiste aos choques, \u00e0 abras\u00e3o e \u00e0s cargas pesadas.<\/li>\n<\/ul>\n<h4>4.\u00a0<strong>Aplica\u00e7\u00f5es vers\u00e1teis<\/strong><\/h4>\n<p class=\"ds-markdown-paragraph\">De\u00a0<strong>pavimentos de garagem<\/strong> a f\u00e1bricas de processamento de alimentos inspeccionadas pela USDA, o FortiFlex 4850 \u00e9 adequado para:<\/p>\n<ul>\n<li>Instala\u00e7\u00f5es farmac\u00eauticas e de cuidados de sa\u00fade<\/li>\n<li>Salas de exposi\u00e7\u00e3o autom\u00f3vel<\/li>\n<li>Quartos limpos<\/li>\n<li>Pavimentos residenciais e comerciais<\/li>\n<\/ul>\n<h2><strong>Especifica\u00e7\u00f5es t\u00e9cnicas<\/strong><\/h2>\n<div class=\"ds-scroll-area _1210dd7\">\n<div class=\"ds-scroll-area__gutters\">\n<div class=\"ds-scroll-area__vertical-gutter\"><\/div>\n<\/div>\n<table>\n<thead>\n<tr>\n<th>Carater\u00edstica<\/th>\n<th>Detalhes<\/th>\n<\/tr>\n<\/thead>\n<tbody>\n<tr>\n<td>R\u00e1cio de mistura<\/td>\n<td>2:1 (Parte A : Parte B)<\/td>\n<\/tr>\n<tr>\n<td>Volume S\u00f3lidos<\/td>\n<td>94% \u00b1 2%<\/td>\n<\/tr>\n<tr>\n<td>Conte\u00fado de COV<\/td>\n<td>&lt;100 g\/L<\/td>\n<\/tr>\n<tr>\n<td>Sheen<\/td>\n<td>Brilho<\/td>\n<\/tr>\n<tr>\n<td>Vida na panela<\/td>\n<td>20-25 minutos<\/td>\n<\/tr>\n<tr>\n<td>Tempo de trabalho<\/td>\n<td>15 minutos<\/td>\n<\/tr>\n<\/tbody>\n<\/table>\n<\/div>\n<h4><strong>M\u00e9tricas de desempenho<\/strong><\/h4>\n<ul>\n<li><strong>Resist\u00eancia \u00e0 abras\u00e3o<\/strong>: 80 m\/g de perda (ASTM D4060)<\/li>\n<li><strong>Ades\u00e3o<\/strong>: 425 psi (ASTM D4541)<\/li>\n<li><strong>Resist\u00eancia ao impacto<\/strong>: 100 (ASTM D2794)<\/li>\n<li><strong>Dureza<\/strong>: Shore D 69 (ASTM D2240)<\/li>\n<\/ul>\n<h2><strong>Como se compara: Poliasp\u00e1rtico vs. Ep\u00f3xi<\/strong><\/h2>\n<p class=\"ds-markdown-paragraph\">Se estiver a comparar\u00a0<strong>revestimentos poliasp\u00e1rticos vs. revestimentos epox\u00eddicos<\/strong>, eis a raz\u00e3o pela qual o FortiFlex 4850 se destaca:<\/p>\n<ul>\n<li><strong>Tempos de cura mais r\u00e1pidos<\/strong>: N\u00e3o h\u00e1 mais dias de espera para que o seu pavimento possa ser utilizado.<\/li>\n<li><strong>Resist\u00eancia superior aos raios UV<\/strong>: Ao contr\u00e1rio do ep\u00f3xi, n\u00e3o amarelece nem se torna calc\u00e1rio com o tempo.<\/li>\n<li><strong>Aplica\u00e7\u00e3o mais f\u00e1cil<\/strong>: A tecnologia de regula\u00e7\u00e3o mais lenta permite-lhe um maior controlo.<\/li>\n<\/ul>\n<h2><strong>Utiliza\u00e7\u00f5es ideais para o FortiFlex 4850<\/strong><\/h2>\n<p class=\"ds-markdown-paragraph\">Quer saber se este revestimento \u00e9 adequado para o seu projeto? Aqui est\u00e3o algumas aplica\u00e7\u00f5es comuns:<\/p>\n<ol start=\"1\">\n<li>\n<p class=\"ds-markdown-paragraph\"><strong>Pavimentos de garagem<\/strong>: Protege contra manchas de \u00f3leo, marcas de pneus e tr\u00e1fego pedonal intenso.<\/p>\n<\/li>\n<li>\n<p class=\"ds-markdown-paragraph\"><strong>Cozinhas comerciais<\/strong>: Resiste a produtos qu\u00edmicos e \u00e0 humidade, cumprindo as normas de processamento de alimentos do USDA e do Canad\u00e1.<\/p>\n<\/li>\n<li>\n<p class=\"ds-markdown-paragraph\"><strong>Instala\u00e7\u00f5es de cuidados de sa\u00fade<\/strong>: Proporciona uma superf\u00edcie sem juntas e f\u00e1cil de limpar para corredores e \u00e1reas de processamento.<\/p>\n<\/li>\n<li>\n<p class=\"ds-markdown-paragraph\"><strong>Armaz\u00e9ns<\/strong>: Suporta o tr\u00e1fego de empilhadores e cargas pesadas sem rachar ou descascar.<\/p>\n<\/li>\n<\/ol>\n<h2><strong>Guia de aplica\u00e7\u00e3o<\/strong><\/h2>\n<h4><strong>Prepara\u00e7\u00e3o da superf\u00edcie<\/strong><\/h4>\n<ul>\n<li><strong>Bet\u00e3o<\/strong>: Limpar, secar e perfilar de acordo com as normas CSP-3.<\/li>\n<li><strong>Revestimentos existentes<\/strong>: Lixar com uma lixa de gr\u00e3o 60-80 para uma ader\u00eancia correta.<\/li>\n<\/ul>\n<h4><strong>Mistura e aplica\u00e7\u00e3o<\/strong><\/h4>\n<ol start=\"1\">\n<li>\n<p class=\"ds-markdown-paragraph\"><strong>R\u00e1cio de mistura<\/strong>: Combinar 2 partes de resina (Parte A) com 1 parte de endurecedor (Parte B).<\/p>\n<\/li>\n<li>\n<p class=\"ds-markdown-paragraph\"><strong>Ferramentas de aplica\u00e7\u00e3o<\/strong>: Utilizar um rodo e passar um rolo de 3\/8\u201d.<\/p>\n<\/li>\n<li>\n<p class=\"ds-markdown-paragraph\"><strong>Taxa de dispers\u00e3o<\/strong>: 106-162 p\u00e9s quadrados por gal\u00e3o para uma espessura de pel\u00edcula h\u00famida de 10-15 mil.<\/p>\n<\/li>\n<\/ol>\n<h4><strong>Condi\u00e7\u00f5es ambientais<\/strong><\/h4>\n<ul>\n<li><strong>Temperatura<\/strong>: 35\u00b0F (1,7\u00b0C) a 120\u00b0F (49\u00b0C)<\/li>\n<li><strong>Humidade<\/strong>: Humidade relativa at\u00e9 85%<\/li>\n<\/ul>\n<h2><strong>Perguntas mais frequentes<\/strong><\/h2>\n<h4><strong>1. Quanto custa o revestimento poliasp\u00e1rtico para pavimentos?<\/strong><\/h4>\n<p class=\"ds-markdown-paragraph\">Embora os pre\u00e7os variem, o FortiFlex 4850 oferece valor a longo prazo atrav\u00e9s da durabilidade e da redu\u00e7\u00e3o do tempo de inatividade. Para obter um or\u00e7amento detalhado, contacte a nossa equipa.<\/p>\n<h4><strong>2. Posso aplicar um revestimento poliasp\u00e1rtico sobre ep\u00f3xi?<\/strong><\/h4>\n<p class=\"ds-markdown-paragraph\">Sim! Basta lixar a superf\u00edcie ep\u00f3xi existente com uma lixa de gr\u00e3o 60-80 antes de aplicar FortiFlex 4850.<\/p>\n<h4><strong>3. Este revestimento est\u00e1 dispon\u00edvel perto de mim?<\/strong><\/h4>\n<p class=\"ds-markdown-paragraph\">O FortiFlex 4850 est\u00e1 dispon\u00edvel nas lojas KAIDA PAINT e nos distribuidores autorizados. Utilize o nosso localizador de lojas para encontrar um revendedor perto de si.<\/p>\n<h2><strong>Porqu\u00ea confiar na KAIDA PAINT?<\/strong><\/h2>\n<p class=\"ds-markdown-paragraph\">Com mais de 150 anos de lideran\u00e7a no sector, KAIDA PAINT \u00e9 um nome em que pode confiar. Os nossos produtos s\u00e3o rigorosamente testados e merecem a confian\u00e7a de profissionais em:<\/p>\n<ul>\n<li><strong>Pavimentos industriais e comerciais<\/strong><\/li>\n<li><strong>Transforma\u00e7\u00e3o de alimentos e bebidas<\/strong><\/li>\n<li><strong>Farmac\u00eautico e cuidados de sa\u00fade<\/strong><\/li>\n<\/ul>\n<p class=\"ds-markdown-paragraph\">N\u00e3o nos limitamos a vender revestimentos - fornecemos solu\u00e7\u00f5es.<\/p>\n<h2><strong>Pronto para transformar os seus pavimentos?<\/strong><\/h2>\n<p class=\"ds-markdown-paragraph\">N\u00e3o se contente com um revestimento que o torna mais lento. O FortiFlex 4850 oferece a velocidade, a durabilidade e o acabamento de que voc\u00ea precisa - sem compromisso.<\/p>\n<p class=\"ds-markdown-paragraph\"><strong>Encomende o seu hoje ou contacte os nossos especialistas para obter uma solu\u00e7\u00e3o personalizada.<\/strong><\/p>","protected":false},"excerpt":{"rendered":"<p>Conhe\u00e7a FortiFlex 4850, o avan\u00e7ado revestimento poliasp\u00e1rtico para pavimentos que redefine a efici\u00eancia e o desempenho dos profissionais. Concebida como uma f\u00f3rmula de secagem mais lenta e com elevado teor de s\u00f3lidos, garante-lhe uma janela de trabalho alargada para uma aplica\u00e7\u00e3o sem falhas, mesmo em pavimentos extensos. As suas carater\u00edsticas superiores de autonivelamento minimizam sem esfor\u00e7o as marcas do rolo, resultando num acabamento uniforme e de alto brilho que \u00e9 t\u00e3o dur\u00e1vel como bonito. Este revestimento combina uma velocidade not\u00e1vel com uma prote\u00e7\u00e3o robusta, permitindo o tr\u00e1fego pedonal em apenas seis horas e oferecendo uma excelente resist\u00eancia a produtos qu\u00edmicos, impactos e exposi\u00e7\u00e3o aos raios UV. Ideal para ambientes exigentes, desde armaz\u00e9ns industriais a instala\u00e7\u00f5es de processamento de alimentos, o FortiFlex 4850 proporciona um resultado superior e duradouro que resiste \u00e0s condi\u00e7\u00f5es mais dif\u00edceis.<\/p>","protected":false},"featured_media":6142,"template":"","meta":{"om_disable_all_campaigns":false,"_monsterinsights_skip_tracking":false,"_monsterinsights_sitenote_active":false,"_monsterinsights_sitenote_note":"","_monsterinsights_sitenote_category":0,"_uf_show_specific_survey":0,"_uf_disable_surveys":false},"product_brand":[],"product_cat":[128,801],"product_tag":[753,641,804,802,803,805],"class_list":{"0":"post-6141","1":"product","2":"type-product","3":"status-publish","4":"has-post-thumbnail","6":"product_cat-flooring-system","7":"product_cat-polyaspartic-and-polyurea-coatings","8":"product_tag-garage-floor-coating","9":"product_tag-industrial-floor-coating","10":"product_tag-polyaspartic-coating-cost","11":"product_tag-polyaspartic-floor-coating","12":"product_tag-polyaspartic-garage-floor","13":"product_tag-polyaspartic-vs-epoxy","15":"first","16":"instock","17":"shipping-taxable","18":"product-type-simple"},"yoast_head":"<!-- This site is optimized with the Yoast SEO Premium plugin v26.2 (Yoast SEO v26.5) - https:\/\/yoast.com\/wordpress\/plugins\/seo\/ -->\n<title>FortiFlex 4850 Polyaspartic Floor Coating - KAIDA PAINT\u00ae<\/title>\n<meta name=\"description\" content=\"Discover FortiFlex 4850 Polyaspartic Floor Coating - a slower-set, high-solids formula offering extended working time and superior self-leveling. Achieve a uniform, high-gloss finish with excellent chemical resistance. Ideal for industrial, commercial, and residential floors. Foot traffic ready in just 6 hours.\" \/>\n<meta name=\"robots\" content=\"index, follow, max-snippet:-1, max-image-preview:large, max-video-preview:-1\" \/>\n<link rel=\"canonical\" href=\"https:\/\/www.jinyupaint.com\/pt\/produto\/fortiflex-4850-polyaspartic-floor-coating\/\" \/>\n<meta property=\"og:locale\" content=\"pt_PT\" \/>\n<meta property=\"og:type\" content=\"article\" \/>\n<meta property=\"og:title\" content=\"FortiFlex 4850 Polyaspartic Floor Coating\" \/>\n<meta property=\"og:description\" content=\"Discover FortiFlex 4850 Polyaspartic Floor Coating - a slower-set, high-solids formula offering extended working time and superior self-leveling. Achieve a uniform, high-gloss finish with excellent chemical resistance. Ideal for industrial, commercial, and residential floors. Foot traffic ready in just 6 hours.\" \/>\n<meta property=\"og:url\" content=\"https:\/\/www.jinyupaint.com\/pt\/produto\/fortiflex-4850-polyaspartic-floor-coating\/\" \/>\n<meta property=\"og:site_name\" content=\"KAIDA PAINT\u00ae\" \/>\n<meta property=\"article:modified_time\" content=\"2025-12-01T04:48:34+00:00\" \/>\n<meta property=\"og:image\" content=\"https:\/\/www.jinyupaint.com\/wp-content\/uploads\/2025\/10\/FortiFlex-4850-Polyaspartic-Floor-Coating.jpg\" \/>\n\t<meta property=\"og:image:width\" content=\"800\" \/>\n\t<meta property=\"og:image:height\" content=\"800\" \/>\n\t<meta property=\"og:image:type\" content=\"image\/jpeg\" \/>\n<meta name=\"twitter:card\" content=\"summary_large_image\" \/>\n<meta name=\"twitter:label1\" content=\"Tempo estimado de leitura\" \/>\n\t<meta name=\"twitter:data1\" content=\"4 minutos\" \/>\n<script type=\"application\/ld+json\" class=\"yoast-schema-graph\">{\"@context\":\"https:\/\/schema.org\",\"@graph\":[{\"@type\":\"WebPage\",\"@id\":\"https:\/\/www.jinyupaint.com\/product\/fortiflex-4850-polyaspartic-floor-coating\",\"url\":\"https:\/\/www.jinyupaint.com\/product\/fortiflex-4850-polyaspartic-floor-coating\",\"name\":\"FortiFlex 4850 Polyaspartic Floor Coating - KAIDA PAINT\u00ae\",\"isPartOf\":{\"@id\":\"https:\/\/www.jinyupaint.com\/#website\"},\"primaryImageOfPage\":{\"@id\":\"https:\/\/www.jinyupaint.com\/product\/fortiflex-4850-polyaspartic-floor-coating#primaryimage\"},\"image\":{\"@id\":\"https:\/\/www.jinyupaint.com\/product\/fortiflex-4850-polyaspartic-floor-coating#primaryimage\"},\"thumbnailUrl\":\"https:\/\/www.jinyupaint.com\/wp-content\/uploads\/2025\/10\/FortiFlex-4850-Polyaspartic-Floor-Coating.jpg\",\"datePublished\":\"2025-10-22T00:11:35+00:00\",\"dateModified\":\"2025-12-01T04:48:34+00:00\",\"description\":\"Discover FortiFlex 4850 Polyaspartic Floor Coating - a slower-set, high-solids formula offering extended working time and superior self-leveling. Achieve a uniform, high-gloss finish with excellent chemical resistance. Ideal for industrial, commercial, and residential floors. Foot traffic ready in just 6 hours.\",\"breadcrumb\":{\"@id\":\"https:\/\/www.jinyupaint.com\/product\/fortiflex-4850-polyaspartic-floor-coating#breadcrumb\"},\"inLanguage\":\"pt-PT\",\"potentialAction\":[{\"@type\":\"ReadAction\",\"target\":[\"https:\/\/www.jinyupaint.com\/product\/fortiflex-4850-polyaspartic-floor-coating\"]}]},{\"@type\":\"ImageObject\",\"inLanguage\":\"pt-PT\",\"@id\":\"https:\/\/www.jinyupaint.com\/product\/fortiflex-4850-polyaspartic-floor-coating#primaryimage\",\"url\":\"https:\/\/www.jinyupaint.com\/wp-content\/uploads\/2025\/10\/FortiFlex-4850-Polyaspartic-Floor-Coating.jpg\",\"contentUrl\":\"https:\/\/www.jinyupaint.com\/wp-content\/uploads\/2025\/10\/FortiFlex-4850-Polyaspartic-Floor-Coating.jpg\",\"width\":800,\"height\":800,\"caption\":\"FortiFlex 4850 Polyaspartic Floor Coating\"},{\"@type\":\"BreadcrumbList\",\"@id\":\"https:\/\/www.jinyupaint.com\/product\/fortiflex-4850-polyaspartic-floor-coating#breadcrumb\",\"itemListElement\":[{\"@type\":\"ListItem\",\"position\":1,\"name\":\"Home\",\"item\":\"https:\/\/www.jinyupaint.com\/\"},{\"@type\":\"ListItem\",\"position\":2,\"name\":\"Shop\",\"item\":\"https:\/\/www.jinyupaint.com\/shop.html\"},{\"@type\":\"ListItem\",\"position\":3,\"name\":\"FortiFlex 4850 Polyaspartic Floor Coating\"}]},{\"@type\":\"WebSite\",\"@id\":\"https:\/\/www.jinyupaint.com\/#website\",\"url\":\"https:\/\/www.jinyupaint.com\/\",\"name\":\"JINYU\u00ae PAINT\",\"description\":\"JINYU PAINT\u00ae Manufacturer\",\"potentialAction\":[{\"@type\":\"SearchAction\",\"target\":{\"@type\":\"EntryPoint\",\"urlTemplate\":\"https:\/\/www.jinyupaint.com\/?s={search_term_string}\"},\"query-input\":{\"@type\":\"PropertyValueSpecification\",\"valueRequired\":true,\"valueName\":\"search_term_string\"}}],\"inLanguage\":\"pt-PT\"}]}<\/script>\n<!-- \/ Yoast SEO Premium plugin. -->","yoast_head_json":{"title":"FortiFlex 4850 Revestimento poliasp\u00e1rtico para pavimentos - KAIDA PAINT\u00ae","description":"Descubra o FortiFlex 4850 Polyaspartic Floor Coating - uma f\u00f3rmula de secagem mais lenta e com elevado teor de s\u00f3lidos que oferece um tempo de trabalho alargado e um autonivelamento superior. Obt\u00e9m um acabamento uniforme e de alto brilho com excelente resist\u00eancia qu\u00edmica. Ideal para pavimentos industriais, comerciais e residenciais. Pronto para o tr\u00e1fego pedonal em apenas 6 horas.","robots":{"index":"index","follow":"follow","max-snippet":"max-snippet:-1","max-image-preview":"max-image-preview:large","max-video-preview":"max-video-preview:-1"},"canonical":"https:\/\/www.jinyupaint.com\/pt\/produto\/fortiflex-4850-polyaspartic-floor-coating\/","og_locale":"pt_PT","og_type":"article","og_title":"FortiFlex 4850 Polyaspartic Floor Coating","og_description":"Discover FortiFlex 4850 Polyaspartic Floor Coating - a slower-set, high-solids formula offering extended working time and superior self-leveling. Achieve a uniform, high-gloss finish with excellent chemical resistance. Ideal for industrial, commercial, and residential floors. Foot traffic ready in just 6 hours.","og_url":"https:\/\/www.jinyupaint.com\/pt\/produto\/fortiflex-4850-polyaspartic-floor-coating\/","og_site_name":"KAIDA PAINT\u00ae","article_modified_time":"2025-12-01T04:48:34+00:00","og_image":[{"width":800,"height":800,"url":"https:\/\/www.jinyupaint.com\/wp-content\/uploads\/2025\/10\/FortiFlex-4850-Polyaspartic-Floor-Coating.jpg","type":"image\/jpeg"}],"twitter_card":"summary_large_image","twitter_misc":{"Tempo estimado de leitura":"4 minutos"},"schema":{"@context":"https:\/\/schema.org","@graph":[{"@type":"WebPage","@id":"https:\/\/www.jinyupaint.com\/product\/fortiflex-4850-polyaspartic-floor-coating","url":"https:\/\/www.jinyupaint.com\/product\/fortiflex-4850-polyaspartic-floor-coating","name":"FortiFlex 4850 Revestimento poliasp\u00e1rtico para pavimentos - KAIDA PAINT\u00ae","isPartOf":{"@id":"https:\/\/www.jinyupaint.com\/#website"},"primaryImageOfPage":{"@id":"https:\/\/www.jinyupaint.com\/product\/fortiflex-4850-polyaspartic-floor-coating#primaryimage"},"image":{"@id":"https:\/\/www.jinyupaint.com\/product\/fortiflex-4850-polyaspartic-floor-coating#primaryimage"},"thumbnailUrl":"https:\/\/www.jinyupaint.com\/wp-content\/uploads\/2025\/10\/FortiFlex-4850-Polyaspartic-Floor-Coating.jpg","datePublished":"2025-10-22T00:11:35+00:00","dateModified":"2025-12-01T04:48:34+00:00","description":"Descubra o FortiFlex 4850 Polyaspartic Floor Coating - uma f\u00f3rmula de secagem mais lenta e com elevado teor de s\u00f3lidos que oferece um tempo de trabalho alargado e um autonivelamento superior. Obt\u00e9m um acabamento uniforme e de alto brilho com excelente resist\u00eancia qu\u00edmica. Ideal para pavimentos industriais, comerciais e residenciais. Pronto para o tr\u00e1fego pedonal em apenas 6 horas.","breadcrumb":{"@id":"https:\/\/www.jinyupaint.com\/product\/fortiflex-4850-polyaspartic-floor-coating#breadcrumb"},"inLanguage":"pt-PT","potentialAction":[{"@type":"ReadAction","target":["https:\/\/www.jinyupaint.com\/product\/fortiflex-4850-polyaspartic-floor-coating"]}]},{"@type":"ImageObject","inLanguage":"pt-PT","@id":"https:\/\/www.jinyupaint.com\/product\/fortiflex-4850-polyaspartic-floor-coating#primaryimage","url":"https:\/\/www.jinyupaint.com\/wp-content\/uploads\/2025\/10\/FortiFlex-4850-Polyaspartic-Floor-Coating.jpg","contentUrl":"https:\/\/www.jinyupaint.com\/wp-content\/uploads\/2025\/10\/FortiFlex-4850-Polyaspartic-Floor-Coating.jpg","width":800,"height":800,"caption":"FortiFlex 4850 Polyaspartic Floor Coating"},{"@type":"BreadcrumbList","@id":"https:\/\/www.jinyupaint.com\/product\/fortiflex-4850-polyaspartic-floor-coating#breadcrumb","itemListElement":[{"@type":"ListItem","position":1,"name":"Home","item":"https:\/\/www.jinyupaint.com\/"},{"@type":"ListItem","position":2,"name":"Shop","item":"https:\/\/www.jinyupaint.com\/shop.html"},{"@type":"ListItem","position":3,"name":"FortiFlex 4850 Polyaspartic Floor Coating"}]},{"@type":"WebSite","@id":"https:\/\/www.jinyupaint.com\/#website","url":"https:\/\/www.jinyupaint.com\/","name":"PINTURA JINYU","description":"JINYU PAINT\u00ae Fabricante","potentialAction":[{"@type":"SearchAction","target":{"@type":"EntryPoint","urlTemplate":"https:\/\/www.jinyupaint.com\/?s={search_term_string}"},"query-input":{"@type":"PropertyValueSpecification","valueRequired":true,"valueName":"search_term_string"}}],"inLanguage":"pt-PT"}]}},"_links":{"self":[{"href":"https:\/\/www.jinyupaint.com\/pt\/wp-json\/wp\/v2\/product\/6141","targetHints":{"allow":["GET"]}}],"collection":[{"href":"https:\/\/www.jinyupaint.com\/pt\/wp-json\/wp\/v2\/product"}],"about":[{"href":"https:\/\/www.jinyupaint.com\/pt\/wp-json\/wp\/v2\/types\/product"}],"wp:featuredmedia":[{"embeddable":true,"href":"https:\/\/www.jinyupaint.com\/pt\/wp-json\/wp\/v2\/media\/6142"}],"wp:attachment":[{"href":"https:\/\/www.jinyupaint.com\/pt\/wp-json\/wp\/v2\/media?parent=6141"}],"wp:term":[{"taxonomy":"product_brand","embeddable":true,"href":"https:\/\/www.jinyupaint.com\/pt\/wp-json\/wp\/v2\/product_brand?post=6141"},{"taxonomy":"product_cat","embeddable":true,"href":"https:\/\/www.jinyupaint.com\/pt\/wp-json\/wp\/v2\/product_cat?post=6141"},{"taxonomy":"product_tag","embeddable":true,"href":"https:\/\/www.jinyupaint.com\/pt\/wp-json\/wp\/v2\/product_tag?post=6141"}],"curies":[{"name":"wp","href":"https:\/\/api.w.org\/{rel}","templated":true}]}}