{"id":5794,"date":"2025-09-06T02:30:30","date_gmt":"2025-09-06T02:30:30","guid":{"rendered":"https:\/\/www.jinyupaint.com\/?post_type=product&#038;p=5794"},"modified":"2025-11-30T12:14:04","modified_gmt":"2025-11-30T12:14:04","slug":"jinyu-hd-heavy-duty-urethane-floor-coating","status":"publish","type":"product","link":"https:\/\/www.jinyupaint.com\/pt\/produto\/jinyu-hd-heavy-duty-urethane-floor-coating","title":{"rendered":"JINYU\u00ae HD Revestimento de pavimentos em uretano para trabalhos pesados"},"content":{"rendered":"<h2 class=\"ds-markdown-paragraph\">Vis\u00e3o geral do produto\uff1a<\/h2>\n<p class=\"ds-markdown-paragraph\">O JINYU-HD Heavy-Duty Urethane Floor Coating \u00e9 um sistema de pavimento de uretano ciment\u00edcio de qualidade superior concebido para ambientes industriais extremos. Este avan\u00e7ado revestimento de poliuretano para pavimentos de bet\u00e3o combina uma durabilidade excecional com resist\u00eancia qu\u00edmica, criando a melhor solu\u00e7\u00e3o de uretano para pavimentos para aplica\u00e7\u00f5es exigentes.<\/p>\n<p class=\"ds-markdown-paragraph\">O nosso sistema especializado de pavimento de bet\u00e3o de uretano proporciona um desempenho superior \u00e0s op\u00e7\u00f5es tradicionais de pavimento de poliuretano ep\u00f3xi, tornando-o ideal para aplica\u00e7\u00f5es de pavimento de garagem de poliuretano, f\u00e1bricas de processamento de alimentos e instala\u00e7\u00f5es industriais pesadas. As propriedades de selagem do pavimento de poliuretano garantem uma prote\u00e7\u00e3o completa contra a humidade, os produtos qu\u00edmicos e a abras\u00e3o.<\/p>\n<h2 class=\"ds-markdown-paragraph\">Principais carater\u00edsticas e benef\u00edcios\uff1a<\/h2>\n<ol start=\"1\">\n<li><strong>Durabilidade excecional<\/strong>: Revestimento de piso de uretano de alto desempenho com resist\u00eancia \u00e0 compress\u00e3o de 57 N\/mm\u00b2 e resist\u00eancia \u00e0 flex\u00e3o de 13 N\/mm\u00b2<\/li>\n<li><strong>Resist\u00eancia qu\u00edmica<\/strong>: O poliuretano superior para pavimentos de bet\u00e3o resiste a \u00f3leos, \u00e1cidos e solventes<\/li>\n<li><strong>Propriedades antiderrapantes<\/strong>: O m\u00e9todo HD-R proporciona uma excelente tra\u00e7\u00e3o para o revestimento de uretano do pavimento da garagem<\/li>\n<li><strong>Superf\u00edcie higi\u00e9nica<\/strong>: Revestimento de pavimento em poliuretano com certifica\u00e7\u00e3o ASTM G21-90 para ambientes seguros em termos alimentares<\/li>\n<li><strong>Resist\u00eancia ao choque t\u00e9rmico<\/strong>: O revestimento de poliuretano para bet\u00e3o resiste a mudan\u00e7as extremas de temperatura<\/li>\n<li><strong>Aplica\u00e7\u00e3o f\u00e1cil<\/strong>: Op\u00e7\u00f5es de uretano autonivelante dispon\u00edveis para acabamentos lisos<\/li>\n<li><strong>Formula\u00e7\u00f5es m\u00faltiplas<\/strong>: Acabamento de pavimentos em uretano \u00e0 base de \u00e1gua e op\u00e7\u00f5es \u00e0 base de solventes<\/li>\n<\/ol>\n<p><a href=\"https:\/\/www.jinyupaint.com\/wp-content\/uploads\/2025\/09\/Trowel-Applied-Urethane-Mortar-HD-Method.jpg\"><img fetchpriority=\"high\" decoding=\"async\" class=\"alignnone size-full wp-image-5797\" src=\"https:\/\/www.jinyupaint.com\/wp-content\/uploads\/2025\/09\/Trowel-Applied-Urethane-Mortar-HD-Method.jpg\" alt=\"Argamassa de uretano aplicada com esp\u00e1tula M\u00e9todo HD\" width=\"1200\" height=\"564\" srcset=\"https:\/\/www.jinyupaint.com\/wp-content\/uploads\/2025\/09\/Trowel-Applied-Urethane-Mortar-HD-Method.jpg 1200w, https:\/\/www.jinyupaint.com\/wp-content\/uploads\/2025\/09\/Trowel-Applied-Urethane-Mortar-HD-Method-300x141.jpg 300w, https:\/\/www.jinyupaint.com\/wp-content\/uploads\/2025\/09\/Trowel-Applied-Urethane-Mortar-HD-Method-1024x481.jpg 1024w, https:\/\/www.jinyupaint.com\/wp-content\/uploads\/2025\/09\/Trowel-Applied-Urethane-Mortar-HD-Method-768x361.jpg 768w, https:\/\/www.jinyupaint.com\/wp-content\/uploads\/2025\/09\/Trowel-Applied-Urethane-Mortar-HD-Method-18x8.jpg 18w, https:\/\/www.jinyupaint.com\/wp-content\/uploads\/2025\/09\/Trowel-Applied-Urethane-Mortar-HD-Method-600x282.jpg 600w\" sizes=\"(max-width: 1200px) 100vw, 1200px\" \/><\/a><\/p>\n<p><a href=\"https:\/\/www.jinyupaint.com\/wp-content\/uploads\/2025\/09\/Trowel-Applied-Urethane-Mortar-HD-Method.jpg\"><img fetchpriority=\"high\" decoding=\"async\" class=\"alignnone size-full wp-image-5797\" src=\"https:\/\/www.jinyupaint.com\/wp-content\/uploads\/2025\/09\/Trowel-Applied-Urethane-Mortar-HD-Method.jpg\" alt=\"Argamassa de uretano aplicada com esp\u00e1tula M\u00e9todo HD\" width=\"1200\" height=\"564\" srcset=\"https:\/\/www.jinyupaint.com\/wp-content\/uploads\/2025\/09\/Trowel-Applied-Urethane-Mortar-HD-Method.jpg 1200w, https:\/\/www.jinyupaint.com\/wp-content\/uploads\/2025\/09\/Trowel-Applied-Urethane-Mortar-HD-Method-300x141.jpg 300w, https:\/\/www.jinyupaint.com\/wp-content\/uploads\/2025\/09\/Trowel-Applied-Urethane-Mortar-HD-Method-1024x481.jpg 1024w, https:\/\/www.jinyupaint.com\/wp-content\/uploads\/2025\/09\/Trowel-Applied-Urethane-Mortar-HD-Method-768x361.jpg 768w, https:\/\/www.jinyupaint.com\/wp-content\/uploads\/2025\/09\/Trowel-Applied-Urethane-Mortar-HD-Method-18x8.jpg 18w, https:\/\/www.jinyupaint.com\/wp-content\/uploads\/2025\/09\/Trowel-Applied-Urethane-Mortar-HD-Method-600x282.jpg 600w\" sizes=\"(max-width: 1200px) 100vw, 1200px\" \/><\/a><\/p>\n<h2 class=\"ds-markdown-paragraph\">Especifica\u00e7\u00f5es t\u00e9cnicas:<\/h2>\n<table>\n<tbody>\n<tr>\n<th>Im\u00f3veis<\/th>\n<th>Valor<\/th>\n<th>Padr\u00e3o<\/th>\n<\/tr>\n<tr>\n<td>Densidade<\/td>\n<td>2,05 g\/cm\u00b3<\/td>\n<td><\/td>\n<\/tr>\n<tr>\n<td>Resist\u00eancia \u00e0 compress\u00e3o<\/td>\n<td>57 N\/mm\u00b2<\/td>\n<td><\/td>\n<\/tr>\n<tr>\n<td>Resist\u00eancia \u00e0 flex\u00e3o<\/td>\n<td>13 N\/mm\u00b2<\/td>\n<td><\/td>\n<\/tr>\n<tr>\n<td>Resist\u00eancia \u00e0 tra\u00e7\u00e3o<\/td>\n<td>6 N\/mm\u00b2<\/td>\n<td><\/td>\n<\/tr>\n<tr>\n<td>For\u00e7a de ades\u00e3o<\/td>\n<td>2,4 N\/mm\u00b2<\/td>\n<td>(Falha do substrato de bet\u00e3o)<\/td>\n<\/tr>\n<tr>\n<td>Desempenho antimicrobiano<\/td>\n<td>Passar<\/td>\n<td>ASTM G21-90<\/td>\n<\/tr>\n<tr>\n<td>Taxa de cobertura<\/td>\n<td>2,2 kg\/mm\/m\u00b2<\/td>\n<td>(Para camada de argamassa)<\/td>\n<\/tr>\n<tr>\n<td>Espessura t\u00edpica<\/td>\n<td>6-9 mm<\/td>\n<td><\/td>\n<\/tr>\n<\/tbody>\n<\/table>\n<h2 class=\"ds-markdown-paragraph\"><strong>Utiliza\u00e7\u00f5es comuns:<\/strong><\/h2>\n<ul>\n<li>\n<p class=\"ds-markdown-paragraph\"><strong>Revestimento de uretano para pavimentos de garagem:<\/strong>\u00a0Para garagens residenciais, comerciais e autom\u00f3veis.<\/p>\n<\/li>\n<li>\n<p class=\"ds-markdown-paragraph\"><strong>Pavimento de bet\u00e3o PU:<\/strong>\u00a0Em armaz\u00e9ns, centros de distribui\u00e7\u00e3o e centros de log\u00edstica.<\/p>\n<\/li>\n<li>\n<p class=\"ds-markdown-paragraph\"><strong>Pavimento de cimento poliuretano:<\/strong>\u00a0Em f\u00e1bricas de transforma\u00e7\u00e3o de carne e aves de capoeira, f\u00e1bricas de cerveja e f\u00e1bricas de lactic\u00ednios.<\/p>\n<\/li>\n<li>\n<p class=\"ds-markdown-paragraph\"><strong>Revestimento de uretano para pavimentos de bet\u00e3o:<\/strong>\u00a0Em instala\u00e7\u00f5es de fabrico, \u00e1reas de processamento qu\u00edmico e laborat\u00f3rios.<\/p>\n<\/li>\n<li>\n<p class=\"ds-markdown-paragraph\"><strong>Tinta de poliuretano para pavimentos:<\/strong>\u00a0Para cozinhas comerciais, salas de exposi\u00e7\u00e3o e espa\u00e7os comerciais.<\/p>\n<\/li>\n<\/ul>\n<h2 class=\"ds-markdown-paragraph\"><strong>Informa\u00e7\u00f5es sobre a embalagem:<\/strong><\/h2>\n<p class=\"ds-markdown-paragraph\"><strong>O kit completo de revestimento de pavimentos em uretano inclui:<\/strong><\/p>\n<ul>\n<li>\n<p class=\"ds-markdown-paragraph\">Componente A: Resina de poliuretano (2,52 kg\/saco)<\/p>\n<\/li>\n<li>\n<p class=\"ds-markdown-paragraph\">Componente B: Endurecedor (2,86 kg\/saco)<\/p>\n<\/li>\n<li>\n<p class=\"ds-markdown-paragraph\">Componente C: Agregado inorg\u00e2nico (35,28 kg\/saco)<\/p>\n<\/li>\n<li>\n<p class=\"ds-markdown-paragraph\">Componente D: Pasta de cor (0,5 kg\/saco)<\/p>\n<\/li>\n<\/ul>\n<p class=\"ds-markdown-paragraph\"><strong>Total: 41,16 kg por conjunto<\/strong><\/p>\n<p class=\"ds-markdown-paragraph\">Em compara\u00e7\u00e3o com outros sistemas de revestimento de poliuretano ep\u00f3xi, o UCON-HD oferece um revestimento de piso de poliuretano mais robusto e duradouro. Oferecemos pre\u00e7os competitivos para pisos de poliuretano e excelente valor em termos de custo de pintura por p\u00e9 quadrado, garantindo um custo total de propriedade mais baixo devido \u00e0 sua durabilidade excecional e requisitos m\u00ednimos de manuten\u00e7\u00e3o.<\/p>\n<h2 class=\"ds-markdown-paragraph\">Contacte-nos hoje para obter um or\u00e7amento<\/h2>\n<p class=\"ds-markdown-paragraph\">Pronto para melhorar o seu espa\u00e7o com o melhor sistema de revestimento de pavimentos em uretano? Contacte os nossos especialistas hoje mesmo para obter uma estimativa de custos detalhada do pavimento de poliuretano, fichas t\u00e9cnicas e orienta\u00e7\u00f5es de aplica\u00e7\u00e3o adaptadas \u00e0s necessidades espec\u00edficas do seu projeto.<\/p>\n<p>&nbsp;<\/p>","protected":false},"excerpt":{"rendered":"<p>O JINYU-HD \u00e9 um sistema de revestimento de pavimentos de uretano de n\u00edvel profissional concebido para ambientes industriais extremos. Esta formula\u00e7\u00e3o de poliuretano ciment\u00edcio cria uma superf\u00edcie dur\u00e1vel e resistente a produtos qu\u00edmicos que suporta tr\u00e1fego intenso, impactos e choques t\u00e9rmicos. Ideal para instala\u00e7\u00f5es de fabrico, oficinas de autom\u00f3veis e f\u00e1bricas de processamento de alimentos, proporciona uma prote\u00e7\u00e3o superior em compara\u00e7\u00e3o com as op\u00e7\u00f5es ep\u00f3xi normais. O sistema oferece uma excelente ader\u00eancia, propriedades antimicrobianas e pode ser aplicado como acabamento autonivelante ou revestimento anti-derrapante. Com certifica\u00e7\u00e3o ASTM e desempenho comprovado, o JINYU-HD proporciona uma prote\u00e7\u00e3o duradoura para aplica\u00e7\u00f5es comerciais e industriais exigentes.<\/p>","protected":false},"featured_media":5795,"template":"","meta":{"om_disable_all_campaigns":false,"_monsterinsights_skip_tracking":false,"_monsterinsights_sitenote_active":false,"_monsterinsights_sitenote_note":"","_monsterinsights_sitenote_category":0,"_uf_show_specific_survey":0,"_uf_disable_surveys":false},"product_brand":[],"product_cat":[109],"product_tag":[668,640,678,666,641,664,675,667,672,679,663,677,665,657,674],"class_list":{"0":"post-5794","1":"product","2":"type-product","3":"status-publish","4":"has-post-thumbnail","6":"product_cat-polyurethane-floor-coating","7":"product_tag-cementitious-urethane","8":"product_tag-chemical-resistant-flooring","9":"product_tag-epoxy-alternative-flooring","10":"product_tag-garage-floor-urethane-coating","11":"product_tag-industrial-floor-coating","12":"product_tag-polyurethane-concrete-coating","13":"product_tag-polyurethane-floor-sealer","14":"product_tag-polyurethane-for-concrete-floors","15":"product_tag-polyurethane-garage-floor","16":"product_tag-pu-concrete-flooring","17":"product_tag-self-leveling-urethane","18":"product_tag-urethane-concrete-floor-coating","19":"product_tag-urethane-floor-coating","20":"product_tag-warehouse-floor-coating","21":"product_tag-water-based-urethane-floor-finish","23":"first","24":"instock","25":"shipping-taxable","26":"product-type-simple"},"yoast_head":"<!-- This site is optimized with the Yoast SEO Premium plugin v26.2 (Yoast SEO v26.5) - https:\/\/yoast.com\/wordpress\/plugins\/seo\/ -->\n<title>JINYU\u00ae HD Heavy-Duty Urethane Floor Coating - KAIDA PAINT<\/title>\n<meta name=\"description\" content=\"Professional urethane floor coating for industrial use. Our polyurethane concrete coating provides chemical-resistant, durable floor polyurethane finishes for garages, warehouses &amp; food plants. ASTM certified. Get a quote.\" \/>\n<meta name=\"robots\" content=\"index, follow, max-snippet:-1, max-image-preview:large, max-video-preview:-1\" \/>\n<link rel=\"canonical\" href=\"https:\/\/www.jinyupaint.com\/pt\/produto\/jinyu-hd-heavy-duty-urethane-floor-coating\/\" \/>\n<meta property=\"og:locale\" content=\"pt_PT\" \/>\n<meta property=\"og:type\" content=\"article\" \/>\n<meta property=\"og:title\" content=\"JINYU\u00ae HD Heavy-Duty Urethane Floor Coating\" \/>\n<meta property=\"og:description\" content=\"Professional urethane floor coating for industrial use. Our polyurethane concrete coating provides chemical-resistant, durable floor polyurethane finishes for garages, warehouses &amp; food plants. ASTM certified. Get a quote.\" \/>\n<meta property=\"og:url\" content=\"https:\/\/www.jinyupaint.com\/pt\/produto\/jinyu-hd-heavy-duty-urethane-floor-coating\/\" \/>\n<meta property=\"og:site_name\" content=\"KAIDA PAINT\u00ae\" \/>\n<meta property=\"article:modified_time\" content=\"2025-11-30T12:14:04+00:00\" \/>\n<meta property=\"og:image\" content=\"https:\/\/www.jinyupaint.com\/wp-content\/uploads\/2025\/09\/JINYU-HD-Heavy-Duty-Urethane-Floor-Coating.jpg\" \/>\n\t<meta property=\"og:image:width\" content=\"750\" \/>\n\t<meta property=\"og:image:height\" content=\"750\" \/>\n\t<meta property=\"og:image:type\" content=\"image\/jpeg\" \/>\n<meta name=\"twitter:card\" content=\"summary_large_image\" \/>\n<meta name=\"twitter:label1\" content=\"Tempo estimado de leitura\" \/>\n\t<meta name=\"twitter:data1\" content=\"3 minutos\" \/>\n<script type=\"application\/ld+json\" class=\"yoast-schema-graph\">{\"@context\":\"https:\/\/schema.org\",\"@graph\":[{\"@type\":\"WebPage\",\"@id\":\"https:\/\/www.jinyupaint.com\/product\/jinyu-hd-heavy-duty-urethane-floor-coating\",\"url\":\"https:\/\/www.jinyupaint.com\/product\/jinyu-hd-heavy-duty-urethane-floor-coating\",\"name\":\"JINYU\u00ae HD Heavy-Duty Urethane Floor Coating - KAIDA PAINT\",\"isPartOf\":{\"@id\":\"https:\/\/www.jinyupaint.com\/#website\"},\"primaryImageOfPage\":{\"@id\":\"https:\/\/www.jinyupaint.com\/product\/jinyu-hd-heavy-duty-urethane-floor-coating#primaryimage\"},\"image\":{\"@id\":\"https:\/\/www.jinyupaint.com\/product\/jinyu-hd-heavy-duty-urethane-floor-coating#primaryimage\"},\"thumbnailUrl\":\"https:\/\/www.jinyupaint.com\/wp-content\/uploads\/2025\/09\/JINYU-HD-Heavy-Duty-Urethane-Floor-Coating.jpg\",\"datePublished\":\"2025-09-06T02:30:30+00:00\",\"dateModified\":\"2025-11-30T12:14:04+00:00\",\"description\":\"Professional urethane floor coating for industrial use. Our polyurethane concrete coating provides chemical-resistant, durable floor polyurethane finishes for garages, warehouses & food plants. ASTM certified. Get a quote.\",\"breadcrumb\":{\"@id\":\"https:\/\/www.jinyupaint.com\/product\/jinyu-hd-heavy-duty-urethane-floor-coating#breadcrumb\"},\"inLanguage\":\"pt-PT\",\"potentialAction\":[{\"@type\":\"ReadAction\",\"target\":[\"https:\/\/www.jinyupaint.com\/product\/jinyu-hd-heavy-duty-urethane-floor-coating\"]}]},{\"@type\":\"ImageObject\",\"inLanguage\":\"pt-PT\",\"@id\":\"https:\/\/www.jinyupaint.com\/product\/jinyu-hd-heavy-duty-urethane-floor-coating#primaryimage\",\"url\":\"https:\/\/www.jinyupaint.com\/wp-content\/uploads\/2025\/09\/JINYU-HD-Heavy-Duty-Urethane-Floor-Coating.jpg\",\"contentUrl\":\"https:\/\/www.jinyupaint.com\/wp-content\/uploads\/2025\/09\/JINYU-HD-Heavy-Duty-Urethane-Floor-Coating.jpg\",\"width\":750,\"height\":750,\"caption\":\"JINYU HD Heavy Duty Urethane Floor Coating\"},{\"@type\":\"BreadcrumbList\",\"@id\":\"https:\/\/www.jinyupaint.com\/product\/jinyu-hd-heavy-duty-urethane-floor-coating#breadcrumb\",\"itemListElement\":[{\"@type\":\"ListItem\",\"position\":1,\"name\":\"Home\",\"item\":\"https:\/\/www.jinyupaint.com\/\"},{\"@type\":\"ListItem\",\"position\":2,\"name\":\"Shop\",\"item\":\"https:\/\/www.jinyupaint.com\/shop.html\"},{\"@type\":\"ListItem\",\"position\":3,\"name\":\"JINYU\u00ae HD Heavy-Duty Urethane Floor Coating\"}]},{\"@type\":\"WebSite\",\"@id\":\"https:\/\/www.jinyupaint.com\/#website\",\"url\":\"https:\/\/www.jinyupaint.com\/\",\"name\":\"JINYU\u00ae PAINT\",\"description\":\"JINYU PAINT\u00ae Manufacturer\",\"potentialAction\":[{\"@type\":\"SearchAction\",\"target\":{\"@type\":\"EntryPoint\",\"urlTemplate\":\"https:\/\/www.jinyupaint.com\/?s={search_term_string}\"},\"query-input\":{\"@type\":\"PropertyValueSpecification\",\"valueRequired\":true,\"valueName\":\"search_term_string\"}}],\"inLanguage\":\"pt-PT\"}]}<\/script>\n<!-- \/ Yoast SEO Premium plugin. -->","yoast_head_json":{"title":"JINYU\u00ae HD Revestimento de pavimento de uretano para servi\u00e7o pesado - KAIDA PAINT","description":"Revestimento profissional de uretano para pavimentos para utiliza\u00e7\u00e3o industrial. O nosso revestimento de poliuretano para bet\u00e3o proporciona acabamentos de poliuretano para pavimentos resistentes a produtos qu\u00edmicos e duradouros para garagens, armaz\u00e9ns e f\u00e1bricas de alimentos. Certificado pela ASTM. Obter um or\u00e7amento.","robots":{"index":"index","follow":"follow","max-snippet":"max-snippet:-1","max-image-preview":"max-image-preview:large","max-video-preview":"max-video-preview:-1"},"canonical":"https:\/\/www.jinyupaint.com\/pt\/produto\/jinyu-hd-heavy-duty-urethane-floor-coating\/","og_locale":"pt_PT","og_type":"article","og_title":"JINYU\u00ae HD Heavy-Duty Urethane Floor Coating","og_description":"Professional urethane floor coating for industrial use. Our polyurethane concrete coating provides chemical-resistant, durable floor polyurethane finishes for garages, warehouses & food plants. ASTM certified. Get a quote.","og_url":"https:\/\/www.jinyupaint.com\/pt\/produto\/jinyu-hd-heavy-duty-urethane-floor-coating\/","og_site_name":"KAIDA PAINT\u00ae","article_modified_time":"2025-11-30T12:14:04+00:00","og_image":[{"width":750,"height":750,"url":"https:\/\/www.jinyupaint.com\/wp-content\/uploads\/2025\/09\/JINYU-HD-Heavy-Duty-Urethane-Floor-Coating.jpg","type":"image\/jpeg"}],"twitter_card":"summary_large_image","twitter_misc":{"Tempo estimado de leitura":"3 minutos"},"schema":{"@context":"https:\/\/schema.org","@graph":[{"@type":"WebPage","@id":"https:\/\/www.jinyupaint.com\/product\/jinyu-hd-heavy-duty-urethane-floor-coating","url":"https:\/\/www.jinyupaint.com\/product\/jinyu-hd-heavy-duty-urethane-floor-coating","name":"JINYU\u00ae HD Revestimento de pavimento de uretano para servi\u00e7o pesado - KAIDA PAINT","isPartOf":{"@id":"https:\/\/www.jinyupaint.com\/#website"},"primaryImageOfPage":{"@id":"https:\/\/www.jinyupaint.com\/product\/jinyu-hd-heavy-duty-urethane-floor-coating#primaryimage"},"image":{"@id":"https:\/\/www.jinyupaint.com\/product\/jinyu-hd-heavy-duty-urethane-floor-coating#primaryimage"},"thumbnailUrl":"https:\/\/www.jinyupaint.com\/wp-content\/uploads\/2025\/09\/JINYU-HD-Heavy-Duty-Urethane-Floor-Coating.jpg","datePublished":"2025-09-06T02:30:30+00:00","dateModified":"2025-11-30T12:14:04+00:00","description":"Revestimento profissional de uretano para pavimentos para utiliza\u00e7\u00e3o industrial. O nosso revestimento de poliuretano para bet\u00e3o proporciona acabamentos de poliuretano para pavimentos resistentes a produtos qu\u00edmicos e duradouros para garagens, armaz\u00e9ns e f\u00e1bricas de alimentos. Certificado pela ASTM. Obter um or\u00e7amento.","breadcrumb":{"@id":"https:\/\/www.jinyupaint.com\/product\/jinyu-hd-heavy-duty-urethane-floor-coating#breadcrumb"},"inLanguage":"pt-PT","potentialAction":[{"@type":"ReadAction","target":["https:\/\/www.jinyupaint.com\/product\/jinyu-hd-heavy-duty-urethane-floor-coating"]}]},{"@type":"ImageObject","inLanguage":"pt-PT","@id":"https:\/\/www.jinyupaint.com\/product\/jinyu-hd-heavy-duty-urethane-floor-coating#primaryimage","url":"https:\/\/www.jinyupaint.com\/wp-content\/uploads\/2025\/09\/JINYU-HD-Heavy-Duty-Urethane-Floor-Coating.jpg","contentUrl":"https:\/\/www.jinyupaint.com\/wp-content\/uploads\/2025\/09\/JINYU-HD-Heavy-Duty-Urethane-Floor-Coating.jpg","width":750,"height":750,"caption":"JINYU HD Heavy Duty Urethane Floor Coating"},{"@type":"BreadcrumbList","@id":"https:\/\/www.jinyupaint.com\/product\/jinyu-hd-heavy-duty-urethane-floor-coating#breadcrumb","itemListElement":[{"@type":"ListItem","position":1,"name":"Home","item":"https:\/\/www.jinyupaint.com\/"},{"@type":"ListItem","position":2,"name":"Shop","item":"https:\/\/www.jinyupaint.com\/shop.html"},{"@type":"ListItem","position":3,"name":"JINYU\u00ae HD Heavy-Duty Urethane Floor Coating"}]},{"@type":"WebSite","@id":"https:\/\/www.jinyupaint.com\/#website","url":"https:\/\/www.jinyupaint.com\/","name":"PINTURA JINYU","description":"JINYU PAINT\u00ae Fabricante","potentialAction":[{"@type":"SearchAction","target":{"@type":"EntryPoint","urlTemplate":"https:\/\/www.jinyupaint.com\/?s={search_term_string}"},"query-input":{"@type":"PropertyValueSpecification","valueRequired":true,"valueName":"search_term_string"}}],"inLanguage":"pt-PT"}]}},"_links":{"self":[{"href":"https:\/\/www.jinyupaint.com\/pt\/wp-json\/wp\/v2\/product\/5794","targetHints":{"allow":["GET"]}}],"collection":[{"href":"https:\/\/www.jinyupaint.com\/pt\/wp-json\/wp\/v2\/product"}],"about":[{"href":"https:\/\/www.jinyupaint.com\/pt\/wp-json\/wp\/v2\/types\/product"}],"wp:featuredmedia":[{"embeddable":true,"href":"https:\/\/www.jinyupaint.com\/pt\/wp-json\/wp\/v2\/media\/5795"}],"wp:attachment":[{"href":"https:\/\/www.jinyupaint.com\/pt\/wp-json\/wp\/v2\/media?parent=5794"}],"wp:term":[{"taxonomy":"product_brand","embeddable":true,"href":"https:\/\/www.jinyupaint.com\/pt\/wp-json\/wp\/v2\/product_brand?post=5794"},{"taxonomy":"product_cat","embeddable":true,"href":"https:\/\/www.jinyupaint.com\/pt\/wp-json\/wp\/v2\/product_cat?post=5794"},{"taxonomy":"product_tag","embeddable":true,"href":"https:\/\/www.jinyupaint.com\/pt\/wp-json\/wp\/v2\/product_tag?post=5794"}],"curies":[{"name":"wp","href":"https:\/\/api.w.org\/{rel}","templated":true}]}}