{"id":5783,"date":"2025-09-05T02:34:04","date_gmt":"2025-09-05T02:34:04","guid":{"rendered":"https:\/\/www.jinyupaint.com\/?post_type=product&#038;p=5783"},"modified":"2025-09-05T02:48:17","modified_gmt":"2025-09-05T02:48:17","slug":"jinyu-dt-abrasion-resistant-pu-topcoat","status":"publish","type":"product","link":"https:\/\/www.jinyupaint.com\/pt\/produto\/jinyu-dt-abrasion-resistant-pu-topcoat","title":{"rendered":"JINYU\u00ae DT Revestimento de PU resistente \u00e0 abras\u00e3o"},"content":{"rendered":"<p>O JINYU\u00ae DT \u00e9 um revestimento superior de prote\u00e7\u00e3o de poliuretano de alta solidez, concebido com agregado de corindo branco ultra-duro. Oferece uma excecional resist\u00eancia a riscos e \u00e0 abras\u00e3o, apresentando uma dureza de superf\u00edcie superior a 5H. Concebido para aplica\u00e7\u00f5es de revestimento de pavimentos industriais que exigem a m\u00e1xima durabilidade, \u00e9 a solu\u00e7\u00e3o ideal para armaz\u00e9ns, cais de carga e \u00e1reas de tr\u00e1fego intenso. A sua f\u00f3rmula cont\u00e9m agregado de corindo branco de elevada dureza, com uma dureza de superf\u00edcie superior a 5H, e \u00e9 normalmente utilizado em \u00e1reas de tr\u00e1fego intenso que exigem uma elevada resist\u00eancia ao desgaste.<\/p>\n<p>O JINYU\u00ae DT deve ser utilizado em combina\u00e7\u00e3o com o pavimento autonivelante JINYU\u00ae MF1\/2 para aplica\u00e7\u00f5es de cobertura de prote\u00e7\u00e3o.<\/p>\n<h2 class=\"ds-markdown-paragraph\">Aplica\u00e7\u00f5es para o nosso revestimento de PU para trabalhos pesados<\/h2>\n<p class=\"ds-markdown-paragraph\">O JINYU\u00ae DT foi formulado para proteger os pavimentos nos ambientes mais exigentes. O seu desempenho superior torna-o o revestimento de pavimentos perfeito para armaz\u00e9ns e cais de carga, onde a abras\u00e3o constante de empilhadores e mercadorias pesadas \u00e9 um desafio di\u00e1rio.<\/p>\n<p class=\"ds-markdown-paragraph\">Para al\u00e9m da log\u00edstica, \u00e9 uma excelente escolha para:<\/p>\n<ul>\n<li>\n<p class=\"ds-markdown-paragraph\"><strong>Estacionamento Revestimento do pavimento da garagem<\/strong>: Resiste \u00e0s marcas de pneus, \u00e0 abras\u00e3o e \u00e0 exposi\u00e7\u00e3o a \u00f3leos e produtos qu\u00edmicos.<\/p>\n<\/li>\n<li>\n<p class=\"ds-markdown-paragraph\"><strong>Pavimentos para supermercados e retalho<\/strong>: Resiste a um elevado tr\u00e1fego pedonal e de carrinhos, mantendo um atraente acabamento semi-mate.<\/p>\n<\/li>\n<li>\n<p class=\"ds-markdown-paragraph\"><strong>Instala\u00e7\u00f5es industriais e de fabrico<\/strong>: Oferece uma excelente resist\u00eancia qu\u00edmica contra \u00f3leos, \u00e1cidos e solventes, protegendo contra derrames e manchas.<\/p>\n<\/li>\n<li>\n<p class=\"ds-markdown-paragraph\"><em>Consulte a equipa de solu\u00e7\u00f5es da JINYU\u00ae para outros cen\u00e1rios especializados, incluindo requisitos de aplica\u00e7\u00e3o anti-est\u00e1tica.<\/em><\/p>\n<\/li>\n<\/ul>\n<h2 class=\"ds-markdown-paragraph\">Principais carater\u00edsticas do nosso revestimento resistente \u00e0 abras\u00e3o<\/h2>\n<ul>\n<li>\n<p class=\"ds-markdown-paragraph\"><strong>Durabilidade inigual\u00e1vel<\/strong>: Obt\u00e9m uma classifica\u00e7\u00e3o de dureza 5H para uma resist\u00eancia excecional aos riscos, superando os revestimentos padr\u00e3o de ep\u00f3xi e PU.<\/p>\n<\/li>\n<li>\n<p class=\"ds-markdown-paragraph\"><strong>Resist\u00eancia superior \u00e0 abras\u00e3o<\/strong>: O agregado de corindo branco integrado garante um desgaste m\u00ednimo, mesmo nas condi\u00e7\u00f5es de tr\u00e1fego mais intenso e pesado.<\/p>\n<\/li>\n<li>\n<p class=\"ds-markdown-paragraph\"><strong>Est\u00e9tica de longa dura\u00e7\u00e3o<\/strong>: A f\u00f3rmula est\u00e1vel aos raios UV evita o amarelecimento e a descolora\u00e7\u00e3o, mantendo um aspeto brilhante e limpo durante anos.<\/p>\n<\/li>\n<li>\n<p class=\"ds-markdown-paragraph\"><strong>Excelente resist\u00eancia qu\u00edmica<\/strong>: Protege contra uma vasta gama de produtos qu\u00edmicos industriais, \u00f3leos e solventes, tornando-o num verdadeiro revestimento de pavimentos resistente a produtos qu\u00edmicos.<\/p>\n<\/li>\n<li>\n<p class=\"ds-markdown-paragraph\"><strong>Seguran\u00e7a e conforto<\/strong>: Proporciona um acabamento semi-mate que reduz o brilho da luz e oferece um coeficiente de fric\u00e7\u00e3o suficiente para a seguran\u00e7a.<\/p>\n<\/li>\n<li>\n<p class=\"ds-markdown-paragraph\"><strong>Solu\u00e7\u00f5es personaliz\u00e1veis<\/strong>: Pode ser formulado para suportar aplica\u00e7\u00f5es de revestimento PU anti-est\u00e1tico para o fabrico de produtos electr\u00f3nicos e outros ambientes sens\u00edveis.<\/p>\n<\/li>\n<\/ul>\n<h2>Cor<\/h2>\n<p>Est\u00e3o dispon\u00edveis cinco cores padr\u00e3o (aproximadas):<br \/>\namarelo, bege, gules, azul, verde, cinzento claro, cinzento escuro<br \/>\nAs cores personalizadas podem ser encomendadas com base no MOQ.<\/p>\n<h2>Embalagem<\/h2>\n<p>JINYU\u00ae DT \u00e9 um produto pr\u00e9-embalado de tr\u00eas componentes<br \/>\ncom um \u00fanico conjunto a pesar 10 kg:<br \/>\nComponente A: 5 kg\/balde;<br \/>\nComponente B: 2 kg\/balde;<br \/>\nComponente C: 3 kg\/embalagem.<\/p>\n<h2>Par\u00e2metros t\u00e9cnicos<\/h2>\n<p>Os dados seguintes s\u00e3o medidos em condi\u00e7\u00f5es normalizadas de laborat\u00f3rio e podem apresentar ligeiras diferen\u00e7as em rela\u00e7\u00e3o aos dados reais no local.<\/p>\n<table>\n<thead>\n<tr>\n<th>Item<\/th>\n<th>Par\u00e2metro<\/th>\n<\/tr>\n<\/thead>\n<tbody>\n<tr>\n<td>Apar\u00eancia<\/td>\n<td>Ap\u00f3s agita\u00e7\u00e3o, a mistura fica homog\u00e9nea e sem grumos.<\/td>\n<\/tr>\n<tr>\n<td>Dureza do l\u00e1pis (resist\u00eancia aos riscos)<\/td>\n<td>5H<\/td>\n<\/tr>\n<tr>\n<td>Resist\u00eancia ao impacto (bola de a\u00e7o de 1000g)<\/td>\n<td>Sem fissuras ou descama\u00e7\u00e3o<\/td>\n<\/tr>\n<tr>\n<td>Resist\u00eancia de ader\u00eancia \u00e0 tra\u00e7\u00e3o (padr\u00e3o)<\/td>\n<td>2,7 N\/mm\u00b2<\/td>\n<\/tr>\n<tr>\n<td>Resist\u00eancia de ader\u00eancia \u00e0 tra\u00e7\u00e3o (imers\u00e3o em \u00e1gua)<\/td>\n<td>2,0 N\/mm\u00b2<\/td>\n<\/tr>\n<tr>\n<td>Resist\u00eancia \u00e0 abras\u00e3o (750g\/500r)<\/td>\n<td>0.011g<\/td>\n<\/tr>\n<tr>\n<td>Resist\u00eancia \u00e0 \u00e1gua (7D)<\/td>\n<td>Sem bolhas, sem descascar, sem descolora\u00e7\u00e3o.<\/td>\n<\/tr>\n<tr>\n<td>Resist\u00eancia ao \u00f3leo (Gasolina 120#, 7D)<\/td>\n<td>Sem bolhas, sem descascar, sem descolora\u00e7\u00e3o.<\/td>\n<\/tr>\n<tr>\n<td>Resist\u00eancia a \u00e1cidos (10% H\u2082SO\u2084, 48h)<\/td>\n<td>Sem bolhas, sem descascar, sem descolora\u00e7\u00e3o.<\/td>\n<\/tr>\n<tr>\n<td>Resist\u00eancia \u00e0 base (30% NaOH, 48h)<\/td>\n<td>Sem bolhas, sem descascar, sem descolora\u00e7\u00e3o.<\/td>\n<\/tr>\n<tr>\n<td>Resist\u00eancia ao sal (3% NaCl, 7D)<\/td>\n<td>Sem bolhas, sem descascar, sem descolora\u00e7\u00e3o.<\/td>\n<\/tr>\n<tr>\n<td>Anti-escorregadio (coeficiente de fric\u00e7\u00e3o em seco)<\/td>\n<td>0.55<\/td>\n<\/tr>\n<\/tbody>\n<\/table>\n<h2>Padr\u00e3o<\/h2>\n<p>O JINYU\u00ae DT est\u00e1 em conformidade com os requisitos relevantes da norma GB\/T22374-2018 \"Materiais de revestimento de pavimentos\".<\/p>\n<figure id=\"attachment_5616\" aria-describedby=\"caption-attachment-5616\" style=\"width: 570px\" class=\"wp-caption alignnone\"><a href=\"https:\/\/www.jinyupaint.com\/wp-content\/uploads\/2025\/02\/high-gloss-polyurethane-factory-flooring-surface.jpg\"><img fetchpriority=\"high\" decoding=\"async\" class=\"wp-image-5616 size-full\" src=\"https:\/\/www.jinyupaint.com\/wp-content\/uploads\/2025\/02\/high-gloss-polyurethane-factory-flooring-surface.jpg\" alt=\"Acabamento de alto brilho do pavimento industrial de poliuretano com propriedades antiderrapantes e sem juntas\" width=\"570\" height=\"360\" srcset=\"https:\/\/www.jinyupaint.com\/wp-content\/uploads\/2025\/02\/high-gloss-polyurethane-factory-flooring-surface.jpg 570w, https:\/\/www.jinyupaint.com\/wp-content\/uploads\/2025\/02\/high-gloss-polyurethane-factory-flooring-surface-300x189.jpg 300w, https:\/\/www.jinyupaint.com\/wp-content\/uploads\/2025\/02\/high-gloss-polyurethane-factory-flooring-surface-18x12.jpg 18w\" sizes=\"(max-width: 570px) 100vw, 570px\" \/><\/a><figcaption id=\"caption-attachment-5616\" class=\"wp-caption-text\">Acabamento de alto brilho do pavimento industrial de poliuretano com propriedades antiderrapantes e sem juntas<\/figcaption><\/figure>\n<figure id=\"attachment_5619\" aria-describedby=\"caption-attachment-5619\" style=\"width: 570px\" class=\"wp-caption alignnone\"><a href=\"https:\/\/www.jinyupaint.com\/wp-content\/uploads\/2025\/02\/polyurethane-ultra-wear-resistant-factory-flooring-application.jpg\"><img decoding=\"async\" class=\"wp-image-5619 size-full\" src=\"https:\/\/www.jinyupaint.com\/wp-content\/uploads\/2025\/02\/polyurethane-ultra-wear-resistant-factory-flooring-application.jpg\" alt=\"Aplica\u00e7\u00e3o de um pavimento de poliuretano ultra-resistente ao desgaste numa f\u00e1brica industrial para maior durabilidade\" width=\"570\" height=\"360\" srcset=\"https:\/\/www.jinyupaint.com\/wp-content\/uploads\/2025\/02\/polyurethane-ultra-wear-resistant-factory-flooring-application.jpg 570w, https:\/\/www.jinyupaint.com\/wp-content\/uploads\/2025\/02\/polyurethane-ultra-wear-resistant-factory-flooring-application-300x189.jpg 300w, https:\/\/www.jinyupaint.com\/wp-content\/uploads\/2025\/02\/polyurethane-ultra-wear-resistant-factory-flooring-application-18x12.jpg 18w\" sizes=\"(max-width: 570px) 100vw, 570px\" \/><\/a><figcaption id=\"caption-attachment-5619\" class=\"wp-caption-text\">Aplica\u00e7\u00e3o de um pavimento de poliuretano ultra-resistente ao desgaste numa f\u00e1brica industrial para maior durabilidade<\/figcaption><\/figure>\n<h2>Instru\u00e7\u00f5es de instala\u00e7\u00e3o<\/h2>\n<h3>Mistura<\/h3>\n<p>Antes da mistura, agitar bem o componente A (resina) e, em condi\u00e7\u00f5es de mistura a baixa velocidade (300-400 rpm), adicionar a propor\u00e7\u00e3o especificada do componente B (endurecedor) e agitar continuamente durante cerca de 30 segundos. De seguida, adicione lentamente o componente C (agregado) e mexa durante 1 minuto at\u00e9 obter uma mistura uniforme.<\/p>\n<p>Nota: O componente C \u00e9 um componente necess\u00e1rio e deve ser adicionado durante a agita\u00e7\u00e3o.<\/p>\n<h3>Aplica\u00e7\u00e3o - Revestimento de topo<\/h3>\n<p>A quantidade recomendada de consumo do material de revestimento de superf\u00edcie \u00e9 de cerca de 0,1 a 0,12 kg\/m2. Utilizar uma esp\u00e1tula plana de metal para aplicar uniformemente o material de revestimento no solo. Utilizar um pincel para manusear as partes dos bordos. A espessura da pel\u00edcula h\u00famida (WFT) deve ser controlada para cerca de 0,1 mm (a espessura da pel\u00edcula seca (DFT) \u00e9 de cerca de 0,09 mm). Utilizar imediatamente um rolo de pelo curto para enrolar e revestir uniformemente, enrolando uma vez em cruz nas direc\u00e7\u00f5es vertical e horizontal. Isto resultar\u00e1 numa maior uniformidade e num efeito de revestimento de superf\u00edcie esteticamente mais agrad\u00e1vel.<\/p>\n<h3>Limpeza<\/h3>\n<p>Limpar as ferramentas imediatamente ap\u00f3s a aplica\u00e7\u00e3o com solventes. Absorver os materiais derramados com areia seca ou outros materiais absorventes e limpar com um pano.<\/p>\n<h3>Consumo te\u00f3rico<\/h3>\n<p>0.1\uff5e0.12kg\/m2<\/p>\n<p>Qualquer adi\u00e7\u00e3o ou redu\u00e7\u00e3o excessiva na aplica\u00e7\u00e3o do material pode afetar a qualidade da interface, o desempenho da veda\u00e7\u00e3o, o desempenho da colagem, a espessura do revestimento, etc. Por conseguinte, o consumo do produto deve seguir a utiliza\u00e7\u00e3o recomendada e ser ajustado de acordo com a situa\u00e7\u00e3o atual no local para obter um desempenho ideal.<\/p>\n<h2>Prazo de validade<\/h2>\n<p>12 meses a partir da data de produ\u00e7\u00e3o, se armazenado corretamente na embalagem original, n\u00e3o aberta e n\u00e3o danificada, em condi\u00e7\u00f5es secas, a temperaturas entre +10 \u00b0C e +25 \u00b0C.<br \/>\nA parte A deve ser protegida do gelo.<br \/>\nA parte B deve ser protegida do gelo.<br \/>\nA parte C deve ser protegida da humidade.<\/p>\n<h2>R\u00e1cio de mistura<\/h2>\n<p>Mistura de todas as mat\u00e9rias-primas do conjunto completo de embalagens de f\u00e1brica.<\/p>\n<h2>Tempo de cura<\/h2>\n<div class=\"ds-scroll-area _1210dd7\">\n<table>\n<thead>\n<tr>\n<th>Temperatura<\/th>\n<th>Superf\u00edcie seca<\/th>\n<th>Tr\u00e1fego ligeiro<\/th>\n<th>Cura completa<\/th>\n<\/tr>\n<\/thead>\n<tbody>\n<tr>\n<td>+10\u00b0C<\/td>\n<td>~30h<\/td>\n<td>~48h<\/td>\n<td>~6d<\/td>\n<\/tr>\n<tr>\n<td>+20\u00b0C<\/td>\n<td>~16h<\/td>\n<td>~24h<\/td>\n<td>~4d<\/td>\n<\/tr>\n<tr>\n<td>+30\u00b0C<\/td>\n<td>~12h<\/td>\n<td>~18h<\/td>\n<td>~3d<\/td>\n<\/tr>\n<\/tbody>\n<\/table>\n<\/div>\n<h2 class=\"ds-markdown-paragraph\">Cor<\/h2>\n<p class=\"ds-markdown-paragraph\">Existem cinco cores padr\u00e3o dispon\u00edveis (aproximadas)<\/p>\n<ul>\n<li>\n<p class=\"ds-markdown-paragraph\">Amarelo: RAL 1006<\/p>\n<\/li>\n<li>\n<p class=\"ds-markdown-paragraph\">Vermelho: RAL 3002<\/p>\n<\/li>\n<li>\n<p class=\"ds-markdown-paragraph\">Azul: RAL 5015<\/p>\n<\/li>\n<li>\n<p class=\"ds-markdown-paragraph\">Verde: RAL 6001<\/p>\n<\/li>\n<li>\n<p class=\"ds-markdown-paragraph\">Cinzento: RAL 7037<\/p>\n<\/li>\n<li>\n<p class=\"ds-markdown-paragraph\">As cores personalizadas podem ser encomendadas com base na quantidade m\u00ednima de encomenda (MOQ).<\/p>\n<\/li>\n<\/ul>","protected":false},"excerpt":{"rendered":"<p>O JINYU\u00ae DT \u00e9 um revestimento avan\u00e7ado de poliuretano de alto teor de s\u00f3lidos especificamente formulado para ambientes industriais extremos, incorporando agregados de corindo branco ultra-duros que criam uma superf\u00edcie excecionalmente dur\u00e1vel com uma dureza de l\u00e1pis 5H e uma excelente resist\u00eancia \u00e0 abras\u00e3o. Este sistema de revestimento inovador proporciona uma prote\u00e7\u00e3o superior contra impactos mec\u00e2nicos pesados, derrames de produtos qu\u00edmicos, degrada\u00e7\u00e3o UV e desgaste di\u00e1rio em \u00e1reas de tr\u00e1fego intenso, como armaz\u00e9ns, instala\u00e7\u00f5es de fabrico, cais de carga e parques de estacionamento comerciais, mantendo um atraente acabamento semi-mate que resiste ao amarelecimento e mant\u00e9m o seu aspeto est\u00e9tico ao longo do tempo. O sistema de tr\u00eas componentes garante uma aplica\u00e7\u00e3o f\u00e1cil e uma excelente ader\u00eancia a v\u00e1rios substratos, oferecendo uma solu\u00e7\u00e3o de pavimento econ\u00f3mica e duradoura que cumpre as normas GB\/T 22374-2018 e pode ser personalizada com propriedades anti-est\u00e1ticas para aplica\u00e7\u00f5es especializadas.<\/p>","protected":false},"featured_media":5785,"template":"","meta":{"om_disable_all_campaigns":false,"_monsterinsights_skip_tracking":false,"_monsterinsights_sitenote_active":false,"_monsterinsights_sitenote_note":"","_monsterinsights_sitenote_category":0,"_uf_show_specific_survey":0,"_uf_disable_surveys":false},"product_brand":[],"product_cat":[109],"product_tag":[656,654,658,641,660,661,655,659,657,662],"class_list":{"0":"post-5783","1":"product","2":"type-product","3":"status-publish","4":"has-post-thumbnail","6":"product_cat-polyurethane-floor-coating","7":"product_tag-5h-hardness-floor-coating","8":"product_tag-abrasion-resistant-floor-coating","9":"product_tag-chemical-resistant-floor-coating","10":"product_tag-industrial-floor-coating","11":"product_tag-loading-bay-floor-solution","12":"product_tag-polyurethane-top-coat","13":"product_tag-pu-floor-coating","14":"product_tag-scratch-resistant-coating","15":"product_tag-warehouse-floor-coating","16":"product_tag-white-corundum-flooring","18":"first","19":"instock","20":"shipping-taxable","21":"product-type-simple"},"yoast_head":"<!-- This site is optimized with the Yoast SEO Premium plugin v26.2 (Yoast SEO v26.5) - https:\/\/yoast.com\/wordpress\/plugins\/seo\/ -->\n<title>JINYU\u00ae DT: Abrasion-Resistant PU Floor Coating for Warehouses &amp; Industry<\/title>\n<meta name=\"description\" content=\"JINYU\u00ae DT is a high-hardness (5H) polyurethane top coat with white corundum for extreme abrasion &amp; scratch resistance. Ideal for warehouse floors, loading bays, &amp; industrial areas. Resists chemicals, UV yellowing, &amp; heavy traffic. Download TDS.\" \/>\n<meta name=\"robots\" content=\"index, follow, max-snippet:-1, max-image-preview:large, max-video-preview:-1\" \/>\n<link rel=\"canonical\" href=\"https:\/\/www.jinyupaint.com\/pt\/produto\/jinyu-dt-abrasion-resistant-pu-topcoat\/\" \/>\n<meta property=\"og:locale\" content=\"pt_PT\" \/>\n<meta property=\"og:type\" content=\"article\" \/>\n<meta property=\"og:title\" content=\"JINYU\u00ae DT Abrasion-Resistant PU Topcoat\" \/>\n<meta property=\"og:description\" content=\"JINYU\u00ae DT is a high-hardness (5H) polyurethane top coat with white corundum for extreme abrasion &amp; scratch resistance. Ideal for warehouse floors, loading bays, &amp; industrial areas. Resists chemicals, UV yellowing, &amp; heavy traffic. Download TDS.\" \/>\n<meta property=\"og:url\" content=\"https:\/\/www.jinyupaint.com\/pt\/produto\/jinyu-dt-abrasion-resistant-pu-topcoat\/\" \/>\n<meta property=\"og:site_name\" content=\"KAIDA PAINT\u00ae\" \/>\n<meta property=\"article:modified_time\" content=\"2025-09-05T02:48:17+00:00\" \/>\n<meta property=\"og:image\" content=\"https:\/\/www.jinyupaint.com\/wp-content\/uploads\/2025\/09\/JINYU\u00ae-DT-Abrasion-Resistant-PU-Topcoat.jpg\" \/>\n\t<meta property=\"og:image:width\" content=\"750\" \/>\n\t<meta property=\"og:image:height\" content=\"750\" \/>\n\t<meta property=\"og:image:type\" content=\"image\/jpeg\" \/>\n<meta name=\"twitter:card\" content=\"summary_large_image\" \/>\n<meta name=\"twitter:label1\" content=\"Tempo estimado de leitura\" \/>\n\t<meta name=\"twitter:data1\" content=\"5 minutos\" \/>\n<script type=\"application\/ld+json\" class=\"yoast-schema-graph\">{\"@context\":\"https:\/\/schema.org\",\"@graph\":[{\"@type\":\"WebPage\",\"@id\":\"https:\/\/www.jinyupaint.com\/product\/jinyu-dt-abrasion-resistant-pu-topcoat\",\"url\":\"https:\/\/www.jinyupaint.com\/product\/jinyu-dt-abrasion-resistant-pu-topcoat\",\"name\":\"JINYU\u00ae DT: Abrasion-Resistant PU Floor Coating for Warehouses & Industry\",\"isPartOf\":{\"@id\":\"https:\/\/www.jinyupaint.com\/#website\"},\"primaryImageOfPage\":{\"@id\":\"https:\/\/www.jinyupaint.com\/product\/jinyu-dt-abrasion-resistant-pu-topcoat#primaryimage\"},\"image\":{\"@id\":\"https:\/\/www.jinyupaint.com\/product\/jinyu-dt-abrasion-resistant-pu-topcoat#primaryimage\"},\"thumbnailUrl\":\"https:\/\/www.jinyupaint.com\/wp-content\/uploads\/2025\/09\/JINYU\u00ae-DT-Abrasion-Resistant-PU-Topcoat.jpg\",\"datePublished\":\"2025-09-05T02:34:04+00:00\",\"dateModified\":\"2025-09-05T02:48:17+00:00\",\"description\":\"JINYU\u00ae DT is a high-hardness (5H) polyurethane top coat with white corundum for extreme abrasion & scratch resistance. Ideal for warehouse floors, loading bays, & industrial areas. Resists chemicals, UV yellowing, & heavy traffic. Download TDS.\",\"breadcrumb\":{\"@id\":\"https:\/\/www.jinyupaint.com\/product\/jinyu-dt-abrasion-resistant-pu-topcoat#breadcrumb\"},\"inLanguage\":\"pt-PT\",\"potentialAction\":[{\"@type\":\"ReadAction\",\"target\":[\"https:\/\/www.jinyupaint.com\/product\/jinyu-dt-abrasion-resistant-pu-topcoat\"]}]},{\"@type\":\"ImageObject\",\"inLanguage\":\"pt-PT\",\"@id\":\"https:\/\/www.jinyupaint.com\/product\/jinyu-dt-abrasion-resistant-pu-topcoat#primaryimage\",\"url\":\"https:\/\/www.jinyupaint.com\/wp-content\/uploads\/2025\/09\/JINYU\u00ae-DT-Abrasion-Resistant-PU-Topcoat.jpg\",\"contentUrl\":\"https:\/\/www.jinyupaint.com\/wp-content\/uploads\/2025\/09\/JINYU\u00ae-DT-Abrasion-Resistant-PU-Topcoat.jpg\",\"width\":750,\"height\":750,\"caption\":\"JINYU\u00ae DT Abrasion Resistant PU Topcoat\"},{\"@type\":\"BreadcrumbList\",\"@id\":\"https:\/\/www.jinyupaint.com\/product\/jinyu-dt-abrasion-resistant-pu-topcoat#breadcrumb\",\"itemListElement\":[{\"@type\":\"ListItem\",\"position\":1,\"name\":\"Home\",\"item\":\"https:\/\/www.jinyupaint.com\/\"},{\"@type\":\"ListItem\",\"position\":2,\"name\":\"Shop\",\"item\":\"https:\/\/www.jinyupaint.com\/shop.html\"},{\"@type\":\"ListItem\",\"position\":3,\"name\":\"JINYU\u00ae DT Abrasion-Resistant PU Topcoat\"}]},{\"@type\":\"WebSite\",\"@id\":\"https:\/\/www.jinyupaint.com\/#website\",\"url\":\"https:\/\/www.jinyupaint.com\/\",\"name\":\"JINYU\u00ae PAINT\",\"description\":\"JINYU PAINT\u00ae Manufacturer\",\"potentialAction\":[{\"@type\":\"SearchAction\",\"target\":{\"@type\":\"EntryPoint\",\"urlTemplate\":\"https:\/\/www.jinyupaint.com\/?s={search_term_string}\"},\"query-input\":{\"@type\":\"PropertyValueSpecification\",\"valueRequired\":true,\"valueName\":\"search_term_string\"}}],\"inLanguage\":\"pt-PT\"}]}<\/script>\n<!-- \/ Yoast SEO Premium plugin. -->","yoast_head_json":{"title":"JINYU\u00ae DT: Revestimento de pavimentos em PU resistente \u00e0 abras\u00e3o para armaz\u00e9ns e ind\u00fastria","description":"O JINYU\u00ae DT \u00e9 um revestimento superior de poliuretano de elevada dureza (5H) com corindo branco para uma resist\u00eancia extrema \u00e0 abras\u00e3o e aos riscos. Ideal para pavimentos de armaz\u00e9ns, cais de carga e \u00e1reas industriais. Resiste a produtos qu\u00edmicos, amarelecimento por UV e tr\u00e1fego intenso. Descarregar TDS.","robots":{"index":"index","follow":"follow","max-snippet":"max-snippet:-1","max-image-preview":"max-image-preview:large","max-video-preview":"max-video-preview:-1"},"canonical":"https:\/\/www.jinyupaint.com\/pt\/produto\/jinyu-dt-abrasion-resistant-pu-topcoat\/","og_locale":"pt_PT","og_type":"article","og_title":"JINYU\u00ae DT Abrasion-Resistant PU Topcoat","og_description":"JINYU\u00ae DT is a high-hardness (5H) polyurethane top coat with white corundum for extreme abrasion & scratch resistance. Ideal for warehouse floors, loading bays, & industrial areas. Resists chemicals, UV yellowing, & heavy traffic. Download TDS.","og_url":"https:\/\/www.jinyupaint.com\/pt\/produto\/jinyu-dt-abrasion-resistant-pu-topcoat\/","og_site_name":"KAIDA PAINT\u00ae","article_modified_time":"2025-09-05T02:48:17+00:00","og_image":[{"width":750,"height":750,"url":"https:\/\/www.jinyupaint.com\/wp-content\/uploads\/2025\/09\/JINYU\u00ae-DT-Abrasion-Resistant-PU-Topcoat.jpg","type":"image\/jpeg"}],"twitter_card":"summary_large_image","twitter_misc":{"Tempo estimado de leitura":"5 minutos"},"schema":{"@context":"https:\/\/schema.org","@graph":[{"@type":"WebPage","@id":"https:\/\/www.jinyupaint.com\/product\/jinyu-dt-abrasion-resistant-pu-topcoat","url":"https:\/\/www.jinyupaint.com\/product\/jinyu-dt-abrasion-resistant-pu-topcoat","name":"JINYU\u00ae DT: Revestimento de pavimentos em PU resistente \u00e0 abras\u00e3o para armaz\u00e9ns e ind\u00fastria","isPartOf":{"@id":"https:\/\/www.jinyupaint.com\/#website"},"primaryImageOfPage":{"@id":"https:\/\/www.jinyupaint.com\/product\/jinyu-dt-abrasion-resistant-pu-topcoat#primaryimage"},"image":{"@id":"https:\/\/www.jinyupaint.com\/product\/jinyu-dt-abrasion-resistant-pu-topcoat#primaryimage"},"thumbnailUrl":"https:\/\/www.jinyupaint.com\/wp-content\/uploads\/2025\/09\/JINYU\u00ae-DT-Abrasion-Resistant-PU-Topcoat.jpg","datePublished":"2025-09-05T02:34:04+00:00","dateModified":"2025-09-05T02:48:17+00:00","description":"O JINYU\u00ae DT \u00e9 um revestimento superior de poliuretano de elevada dureza (5H) com corindo branco para uma resist\u00eancia extrema \u00e0 abras\u00e3o e aos riscos. Ideal para pavimentos de armaz\u00e9ns, cais de carga e \u00e1reas industriais. Resiste a produtos qu\u00edmicos, amarelecimento por UV e tr\u00e1fego intenso. Descarregar TDS.","breadcrumb":{"@id":"https:\/\/www.jinyupaint.com\/product\/jinyu-dt-abrasion-resistant-pu-topcoat#breadcrumb"},"inLanguage":"pt-PT","potentialAction":[{"@type":"ReadAction","target":["https:\/\/www.jinyupaint.com\/product\/jinyu-dt-abrasion-resistant-pu-topcoat"]}]},{"@type":"ImageObject","inLanguage":"pt-PT","@id":"https:\/\/www.jinyupaint.com\/product\/jinyu-dt-abrasion-resistant-pu-topcoat#primaryimage","url":"https:\/\/www.jinyupaint.com\/wp-content\/uploads\/2025\/09\/JINYU\u00ae-DT-Abrasion-Resistant-PU-Topcoat.jpg","contentUrl":"https:\/\/www.jinyupaint.com\/wp-content\/uploads\/2025\/09\/JINYU\u00ae-DT-Abrasion-Resistant-PU-Topcoat.jpg","width":750,"height":750,"caption":"JINYU\u00ae DT Abrasion Resistant PU Topcoat"},{"@type":"BreadcrumbList","@id":"https:\/\/www.jinyupaint.com\/product\/jinyu-dt-abrasion-resistant-pu-topcoat#breadcrumb","itemListElement":[{"@type":"ListItem","position":1,"name":"Home","item":"https:\/\/www.jinyupaint.com\/"},{"@type":"ListItem","position":2,"name":"Shop","item":"https:\/\/www.jinyupaint.com\/shop.html"},{"@type":"ListItem","position":3,"name":"JINYU\u00ae DT Abrasion-Resistant PU Topcoat"}]},{"@type":"WebSite","@id":"https:\/\/www.jinyupaint.com\/#website","url":"https:\/\/www.jinyupaint.com\/","name":"PINTURA JINYU","description":"JINYU PAINT\u00ae Fabricante","potentialAction":[{"@type":"SearchAction","target":{"@type":"EntryPoint","urlTemplate":"https:\/\/www.jinyupaint.com\/?s={search_term_string}"},"query-input":{"@type":"PropertyValueSpecification","valueRequired":true,"valueName":"search_term_string"}}],"inLanguage":"pt-PT"}]}},"_links":{"self":[{"href":"https:\/\/www.jinyupaint.com\/pt\/wp-json\/wp\/v2\/product\/5783","targetHints":{"allow":["GET"]}}],"collection":[{"href":"https:\/\/www.jinyupaint.com\/pt\/wp-json\/wp\/v2\/product"}],"about":[{"href":"https:\/\/www.jinyupaint.com\/pt\/wp-json\/wp\/v2\/types\/product"}],"wp:featuredmedia":[{"embeddable":true,"href":"https:\/\/www.jinyupaint.com\/pt\/wp-json\/wp\/v2\/media\/5785"}],"wp:attachment":[{"href":"https:\/\/www.jinyupaint.com\/pt\/wp-json\/wp\/v2\/media?parent=5783"}],"wp:term":[{"taxonomy":"product_brand","embeddable":true,"href":"https:\/\/www.jinyupaint.com\/pt\/wp-json\/wp\/v2\/product_brand?post=5783"},{"taxonomy":"product_cat","embeddable":true,"href":"https:\/\/www.jinyupaint.com\/pt\/wp-json\/wp\/v2\/product_cat?post=5783"},{"taxonomy":"product_tag","embeddable":true,"href":"https:\/\/www.jinyupaint.com\/pt\/wp-json\/wp\/v2\/product_tag?post=5783"}],"curies":[{"name":"wp","href":"https:\/\/api.w.org\/{rel}","templated":true}]}}