{"id":5117,"date":"2025-07-10T09:51:38","date_gmt":"2025-07-10T09:51:38","guid":{"rendered":"https:\/\/www.jinyupaint.com\/?post_type=product&#038;p=5117"},"modified":"2025-07-14T08:21:48","modified_gmt":"2025-07-14T08:21:48","slug":"high-performance-spray-polyurethane-finish","status":"publish","type":"product","link":"https:\/\/www.jinyupaint.com\/pt\/produto\/high-performance-spray-polyurethane-finish","title":{"rendered":"Acabamento em poliuretano pulverizado de alto desempenho"},"content":{"rendered":"<p class=\"ds-markdown-paragraph\">Acabamento de poliuretano em spray de alto desempenho que proporciona um brilho excecional, resist\u00eancia qu\u00edmica e prote\u00e7\u00e3o duradoura? O nosso acabamento de poliuretano de dois componentes foi concebido para superf\u00edcies interiores de metal, madeira e bet\u00e3o, proporcionando um acabamento suave e de alto brilho com uma durabilidade superior.<\/p>\n<h2>Vantagens do nosso acabamento de poliuretano em spray<\/h2>\n<p class=\"ds-markdown-paragraph\">Alto brilho e apelo est\u00e9tico - Melhora as superf\u00edcies com um acabamento liso e brilhante, ideal para metal decorativo, mobili\u00e1rio e equipamento industrial.<br \/>\nExcelente resist\u00eancia qu\u00edmica - Suporta \u00e1cidos, \u00e1lcalis, \u00f3leos e solventes, o que a torna perfeita para ambientes agressivos.<br \/>\nForte ades\u00e3o e flexibilidade - Adere firmemente ao a\u00e7o, alum\u00ednio, madeira e bet\u00e3o sem rachar.<br \/>\nSecagem r\u00e1pida e f\u00e1cil aplica\u00e7\u00e3o - Compat\u00edvel com pistolas de pulveriza\u00e7\u00e3o (HVLP\/sem ar), pincel ou rolo para um revestimento eficiente.<br \/>\nResist\u00eancia aos raios UV e \u00e0s intemp\u00e9ries (utiliza\u00e7\u00e3o em interiores) - Mant\u00e9m a cor e o brilho durante anos sem desvanecer.<\/p>\n<h2>Especifica\u00e7\u00f5es t\u00e9cnicas:<\/h2>\n<table>\n<thead>\n<tr>\n<th><strong>Im\u00f3veis<\/strong><\/th>\n<th><strong>Especifica\u00e7\u00e3o<\/strong><\/th>\n<\/tr>\n<\/thead>\n<tbody>\n<tr>\n<td><strong>Tipo<\/strong><\/td>\n<td>Dois componentes (Resina de poliuretano + Endurecedor)<\/td>\n<\/tr>\n<tr>\n<td><strong>Op\u00e7\u00f5es de acabamento<\/strong><\/td>\n<td>Alto brilho \/ Semi-brilho (personaliz\u00e1vel)<\/td>\n<\/tr>\n<tr>\n<td><strong>Conte\u00fado s\u00f3lido<\/strong><\/td>\n<td>50-52%<\/td>\n<\/tr>\n<tr>\n<td><strong>Cobertura<\/strong><\/td>\n<td>0,122 kg\/m\u00b2 a 50\u03bcm DFT<\/td>\n<\/tr>\n<tr>\n<td><strong>Espessura da pel\u00edcula seca<\/strong><\/td>\n<td>30-50\u03bcm por camada<\/td>\n<\/tr>\n<tr>\n<td><strong>Ponto de inflama\u00e7\u00e3o<\/strong><\/td>\n<td>&gt;23\u00b0C<\/td>\n<\/tr>\n<tr>\n<td><strong>R\u00e1cio de mistura<\/strong><\/td>\n<td>10:1 (Base : Endurecedor)<\/td>\n<\/tr>\n<tr>\n<td><strong>Vida na panela<\/strong><\/td>\n<td>3-8 horas (consoante a temperatura)<\/td>\n<\/tr>\n<tr>\n<td><strong>Tempo de secagem a 20\u00b0C<\/strong><\/td>\n<td><\/td>\n<\/tr>\n<tr>\n<td>- Toque seco<\/td>\n<td>1 hora<\/td>\n<\/tr>\n<tr>\n<td>- Tempo de revestimento<\/td>\n<td>16-24 horas<\/td>\n<\/tr>\n<tr>\n<td>- Cura completa<\/td>\n<td>7 dias<\/td>\n<\/tr>\n<\/tbody>\n<\/table>\n<h2>Melhores aplica\u00e7\u00f5es:<\/h2>\n<ul>\n<li>\n<p class=\"ds-markdown-paragraph\">Superf\u00edcies met\u00e1licas: Estruturas de a\u00e7o, m\u00e1quinas, pe\u00e7as para autom\u00f3veis<\/p>\n<\/li>\n<li>\n<p class=\"ds-markdown-paragraph\">Acabamentos em madeira: m\u00f3veis, arm\u00e1rios, pavimentos<\/p>\n<\/li>\n<li>\n<p class=\"ds-markdown-paragraph\">Revestimento de bet\u00e3o: Pavimentos industriais, paredes decorativas<\/p>\n<\/li>\n<li>\n<p class=\"ds-markdown-paragraph\">Utiliza\u00e7\u00e3o industrial: Tanques qu\u00edmicos, tubagens, prote\u00e7\u00e3o de equipamento<\/p>\n<\/li>\n<\/ul>\n<h2>Sistemas de prim\u00e1rios recomendados:<\/h2>\n<ul>\n<li>\n<p class=\"ds-markdown-paragraph\">Estruturas de a\u00e7o: Prim\u00e1rio de zinco ep\u00f3xi + revestimento de poliuretano<\/p>\n<\/li>\n<li>\n<p class=\"ds-markdown-paragraph\">Alum\u00ednio\/Metais n\u00e3o ferrosos: Prim\u00e1rio ep\u00f3xi para metal + acabamento de poliuretano<\/p>\n<\/li>\n<li>\n<p class=\"ds-markdown-paragraph\">Madeira\/bet\u00e3o: Selante ep\u00f3xi + revestimento de poliuretano<\/p>\n<\/li>\n<\/ul>\n<h2><strong>M\u00e9todo de constru\u00e7\u00e3o<\/strong><\/h2>\n<h4><strong>Processo de constru\u00e7\u00e3o:<\/strong>\u00a0TCC-40YC<\/h4>\n<p class=\"ds-markdown-paragraph\"><strong>Lista de controlo:<\/strong>\u00a0Distribui\u00e7\u00e3o uniforme de cada n\u00famero de ferramenta de constru\u00e7\u00e3o com ferramentas limitadas<br \/>\n<strong>Rela\u00e7\u00e3o da lista de controlo:<\/strong>\u00a0M\u00e9todo principal (10 repeti\u00e7\u00f5es por ciclo)<\/p>\n<div class=\"markdown-table-wrapper\">\n<table>\n<thead>\n<tr>\n<th><strong>Nome do artigo<\/strong><\/th>\n<th><strong>TCC<\/strong><\/th>\n<th><strong>20\u00b0C<\/strong><\/th>\n<th><strong>20\u00b0C<\/strong><\/th>\n<\/tr>\n<\/thead>\n<tbody>\n<tr>\n<td><\/td>\n<td><strong>BDA<\/strong><\/td>\n<td><strong>BDA<\/strong><\/td>\n<td><strong>BDA<\/strong><\/td>\n<\/tr>\n<\/tbody>\n<\/table>\n<\/div>\n<p class=\"ds-markdown-paragraph\"><strong>M\u00e9todos de constru\u00e7\u00e3o:<\/strong>\u00a0Derrame s\u00f3lido, derrame de ar, prote\u00e7\u00e3o contra o gelo (especializada)<\/p>\n<div class=\"markdown-table-wrapper\">\n<table>\n<thead>\n<tr>\n<th><strong>M\u00e9todo de constru\u00e7\u00e3o<\/strong><\/th>\n<th><strong>Tamanho do modelo<\/strong><\/th>\n<th><strong>Di\u00e2metro total\/h<\/strong><\/th>\n<th><strong>Peso do modelo (bet\u00e3o)<\/strong><\/th>\n<\/tr>\n<\/thead>\n<tbody>\n<tr>\n<td>Derrame s\u00f3lido<\/td>\n<td>6,4 mm \u00d7 3,5 mm<\/td>\n<td>18,1 MPa<\/td>\n<td>0<\/td>\n<\/tr>\n<tr>\n<td>Derrame de ar<\/td>\n<td>&#8212;<\/td>\n<td>&#8212;<\/td>\n<td>0,1 MPa<\/td>\n<\/tr>\n<tr>\n<td>BDA, Mistura de areia<\/td>\n<td>&#8212;<\/td>\n<td>&#8212;<\/td>\n<td>0<\/td>\n<\/tr>\n<\/tbody>\n<\/table>\n<\/div>\n<p class=\"ds-markdown-paragraph\"><strong>Tempo de constru\u00e7\u00e3o e tempo de conclus\u00e3o<\/strong><\/p>\n<p class=\"ds-markdown-paragraph\"><strong>Ciclo h\u00famido-seco:<\/strong><\/p>\n<div class=\"markdown-table-wrapper\">\n<table>\n<thead>\n<tr>\n<th><strong>Temperatura<\/strong><\/th>\n<th><strong>20\u00b0C<\/strong><\/th>\n<th><strong>10\u00b0C<\/strong><\/th>\n<th><strong>20\u00b0C<\/strong><\/th>\n<th><strong>20\u00b0C<\/strong><\/th>\n<\/tr>\n<\/thead>\n<tbody>\n<tr>\n<td>Secagem a quente<\/td>\n<td>45 min<\/td>\n<td>1,5 min<\/td>\n<td>15 min<\/td>\n<td>15 min<\/td>\n<\/tr>\n<tr>\n<td>Secagem ao ar<\/td>\n<td>25 min<\/td>\n<td>15 min<\/td>\n<td>15 min<\/td>\n<td>15 min<\/td>\n<\/tr>\n<tr>\n<td>Estabilidade est\u00e1tica<\/td>\n<td>30 min<\/td>\n<td>20 min<\/td>\n<td>15 min<\/td>\n<td>15 min<\/td>\n<\/tr>\n<\/tbody>\n<\/table>\n<\/div>\n<p class=\"ds-markdown-paragraph\"><strong>Aplicabilidade:<\/strong>\u00a0An\u00e1lise necess\u00e1ria para outras condi\u00e7\u00f5es<\/p>\n<p class=\"ds-markdown-paragraph\"><strong>Medidas de seguran\u00e7a<\/strong><\/p>\n<ol start=\"1\">\n<li>\n<p class=\"ds-markdown-paragraph\">Limpar o local imediatamente ap\u00f3s o trabalho.<\/p>\n<\/li>\n<li>\n<p class=\"ds-markdown-paragraph\">Utilizar equipamento de prote\u00e7\u00e3o e evitar a exposi\u00e7\u00e3o a calor extremo ou a contamina\u00e7\u00e3o por congela\u00e7\u00e3o. N\u00e3o colocar equipamento de prote\u00e7\u00e3o, embalagens ou artigos relacionados em superf\u00edcies de refei\u00e7\u00f5es.<\/p>\n<\/li>\n<li>\n<p class=\"ds-markdown-paragraph\">Para produtos conformes, verificar o aspeto e a exatid\u00e3o da cor.<\/p>\n<\/li>\n<li>\n<p class=\"ds-markdown-paragraph\">Contacte imediatamente a nossa empresa se surgir algum problema.<\/p>\n<p><strong>Armazenamento<\/strong><\/li>\n<\/ol>\n<ul>\n<li>\n<p class=\"ds-markdown-paragraph\">Armazenar num local fresco e seco, com conserva\u00e7\u00e3o regular, num ambiente bem conservado.<\/p>\n<\/li>\n<li><\/li>\n<li>\n<p class=\"ds-markdown-paragraph\"><strong>Prazo de validade:<\/strong>\u00a012 meses a partir da data de produ\u00e7\u00e3o (a 24\u00b0C).<\/p>\n<\/li>\n<li><\/li>\n<li><strong>Requisitos de constru\u00e7\u00e3o<\/strong><\/li>\n<\/ul>\n<p class=\"ds-markdown-paragraph\">Devido \u00e0s estruturas irregulares e complexas da f\u00e1brica, a instala\u00e7\u00e3o incorrecta dos componentes pode levar a defici\u00eancias de constru\u00e7\u00e3o. Qualquer instabilidade causada por falhas de conce\u00e7\u00e3o pode resultar em riscos para o projeto; as modifica\u00e7\u00f5es ou demoli\u00e7\u00f5es n\u00e3o autorizadas s\u00e3o estritamente proibidas.<br \/>\nA decora\u00e7\u00e3o interior, o transporte e a manuten\u00e7\u00e3o devem respeitar as normas de inspe\u00e7\u00e3o do equipamento.<\/p>","protected":false},"excerpt":{"rendered":"<p>Proteja e embeleze as superf\u00edcies com o nosso acabamento de poliuretano em spray. Este revestimento de alto brilho resiste a produtos qu\u00edmicos e funciona em metal, madeira e bet\u00e3o. Utilize-o em equipamento industrial, estruturas de a\u00e7o, mobili\u00e1rio, arm\u00e1rios e pavimentos. Seca rapidamente e dura muito tempo. Perfeito tanto para prote\u00e7\u00e3o como para decora\u00e7\u00e3o. Obtenha sempre um acabamento suave e profissional.<\/p>","protected":false},"featured_media":5118,"template":"","meta":{"om_disable_all_campaigns":false,"_monsterinsights_skip_tracking":false,"_monsterinsights_sitenote_active":false,"_monsterinsights_sitenote_note":"","_monsterinsights_sitenote_category":0,"_uf_show_specific_survey":0,"_uf_disable_surveys":false},"product_brand":[],"product_cat":[79,505],"product_tag":[503,502,501,500,499],"class_list":{"0":"post-5117","1":"product","2":"type-product","3":"status-publish","4":"has-post-thumbnail","6":"product_cat-industrial-coating","7":"product_cat-polyurethane-paint","8":"product_tag-chemical-resistant-polyurethane-spray","9":"product_tag-high-gloss-polyurethane-coating","10":"product_tag-polyurethane-topcoat-spray","11":"product_tag-spray-polyurethane-finish","12":"product_tag-two-component-polyurethane-paint","14":"first","15":"instock","16":"shipping-taxable","17":"product-type-simple"},"yoast_head":"<!-- This site is optimized with the Yoast SEO Premium plugin v26.2 (Yoast SEO v26.5) - https:\/\/yoast.com\/wordpress\/plugins\/seo\/ -->\n<title>High Performance Spray Polyurethane Finish - KAIDA PAINT\u00ae Manufacturer | Supplier<\/title>\n<meta name=\"description\" content=\"Professional spray polyurethane finish for metal, wood &amp; concrete. High gloss, chemical-resistant, and fast-drying. Ideal for industrial &amp; decorative use. Shop now!\" \/>\n<meta name=\"robots\" content=\"index, follow, max-snippet:-1, max-image-preview:large, max-video-preview:-1\" \/>\n<link rel=\"canonical\" href=\"https:\/\/www.jinyupaint.com\/pt\/produto\/high-performance-spray-polyurethane-finish\/\" \/>\n<meta property=\"og:locale\" content=\"pt_PT\" \/>\n<meta property=\"og:type\" content=\"article\" \/>\n<meta property=\"og:title\" content=\"High Performance Spray Polyurethane Finish\" \/>\n<meta property=\"og:description\" content=\"Professional spray polyurethane finish for metal, wood &amp; concrete. High gloss, chemical-resistant, and fast-drying. Ideal for industrial &amp; decorative use. Shop now!\" \/>\n<meta property=\"og:url\" content=\"https:\/\/www.jinyupaint.com\/pt\/produto\/high-performance-spray-polyurethane-finish\/\" \/>\n<meta property=\"og:site_name\" content=\"KAIDA PAINT\u00ae\" \/>\n<meta property=\"article:modified_time\" content=\"2025-07-14T08:21:48+00:00\" \/>\n<meta property=\"og:image\" content=\"https:\/\/www.jinyupaint.com\/wp-content\/uploads\/2025\/07\/High-Performance-Spray-Polyurethane-Finish.jpg\" \/>\n\t<meta property=\"og:image:width\" content=\"750\" \/>\n\t<meta property=\"og:image:height\" content=\"750\" \/>\n\t<meta property=\"og:image:type\" content=\"image\/jpeg\" \/>\n<meta name=\"twitter:card\" content=\"summary_large_image\" \/>\n<meta name=\"twitter:label1\" content=\"Tempo estimado de leitura\" \/>\n\t<meta name=\"twitter:data1\" content=\"3 minutos\" \/>\n<script type=\"application\/ld+json\" class=\"yoast-schema-graph\">{\"@context\":\"https:\/\/schema.org\",\"@graph\":[{\"@type\":\"WebPage\",\"@id\":\"https:\/\/www.jinyupaint.com\/product\/high-performance-spray-polyurethane-finish\",\"url\":\"https:\/\/www.jinyupaint.com\/product\/high-performance-spray-polyurethane-finish\",\"name\":\"High Performance Spray Polyurethane Finish - KAIDA PAINT\u00ae Manufacturer | Supplier\",\"isPartOf\":{\"@id\":\"https:\/\/www.jinyupaint.com\/#website\"},\"primaryImageOfPage\":{\"@id\":\"https:\/\/www.jinyupaint.com\/product\/high-performance-spray-polyurethane-finish#primaryimage\"},\"image\":{\"@id\":\"https:\/\/www.jinyupaint.com\/product\/high-performance-spray-polyurethane-finish#primaryimage\"},\"thumbnailUrl\":\"https:\/\/www.jinyupaint.com\/wp-content\/uploads\/2025\/07\/High-Performance-Spray-Polyurethane-Finish.jpg\",\"datePublished\":\"2025-07-10T09:51:38+00:00\",\"dateModified\":\"2025-07-14T08:21:48+00:00\",\"description\":\"Professional spray polyurethane finish for metal, wood & concrete. High gloss, chemical-resistant, and fast-drying. Ideal for industrial & decorative use. Shop now!\",\"breadcrumb\":{\"@id\":\"https:\/\/www.jinyupaint.com\/product\/high-performance-spray-polyurethane-finish#breadcrumb\"},\"inLanguage\":\"pt-PT\",\"potentialAction\":[{\"@type\":\"ReadAction\",\"target\":[\"https:\/\/www.jinyupaint.com\/product\/high-performance-spray-polyurethane-finish\"]}]},{\"@type\":\"ImageObject\",\"inLanguage\":\"pt-PT\",\"@id\":\"https:\/\/www.jinyupaint.com\/product\/high-performance-spray-polyurethane-finish#primaryimage\",\"url\":\"https:\/\/www.jinyupaint.com\/wp-content\/uploads\/2025\/07\/High-Performance-Spray-Polyurethane-Finish.jpg\",\"contentUrl\":\"https:\/\/www.jinyupaint.com\/wp-content\/uploads\/2025\/07\/High-Performance-Spray-Polyurethane-Finish.jpg\",\"width\":750,\"height\":750,\"caption\":\"High Performance Spray Polyurethane Finish\"},{\"@type\":\"BreadcrumbList\",\"@id\":\"https:\/\/www.jinyupaint.com\/product\/high-performance-spray-polyurethane-finish#breadcrumb\",\"itemListElement\":[{\"@type\":\"ListItem\",\"position\":1,\"name\":\"Home\",\"item\":\"https:\/\/www.jinyupaint.com\/\"},{\"@type\":\"ListItem\",\"position\":2,\"name\":\"Shop\",\"item\":\"https:\/\/www.jinyupaint.com\/shop.html\"},{\"@type\":\"ListItem\",\"position\":3,\"name\":\"High Performance Spray Polyurethane Finish\"}]},{\"@type\":\"WebSite\",\"@id\":\"https:\/\/www.jinyupaint.com\/#website\",\"url\":\"https:\/\/www.jinyupaint.com\/\",\"name\":\"JINYU\u00ae PAINT\",\"description\":\"JINYU PAINT\u00ae Manufacturer\",\"potentialAction\":[{\"@type\":\"SearchAction\",\"target\":{\"@type\":\"EntryPoint\",\"urlTemplate\":\"https:\/\/www.jinyupaint.com\/?s={search_term_string}\"},\"query-input\":{\"@type\":\"PropertyValueSpecification\",\"valueRequired\":true,\"valueName\":\"search_term_string\"}}],\"inLanguage\":\"pt-PT\"}]}<\/script>\n<!-- \/ Yoast SEO Premium plugin. -->","yoast_head_json":{"title":"High Performance Spray Polyurethane Finish - KAIDA PAINT\u00ae Manufacturer | Supplier","description":"Acabamento profissional de poliuretano em spray para metal, madeira e bet\u00e3o. Alto brilho, resistente a produtos qu\u00edmicos e de secagem r\u00e1pida. Ideal para uso industrial e decorativo. Compre agora!","robots":{"index":"index","follow":"follow","max-snippet":"max-snippet:-1","max-image-preview":"max-image-preview:large","max-video-preview":"max-video-preview:-1"},"canonical":"https:\/\/www.jinyupaint.com\/pt\/produto\/high-performance-spray-polyurethane-finish\/","og_locale":"pt_PT","og_type":"article","og_title":"High Performance Spray Polyurethane Finish","og_description":"Professional spray polyurethane finish for metal, wood & concrete. High gloss, chemical-resistant, and fast-drying. Ideal for industrial & decorative use. Shop now!","og_url":"https:\/\/www.jinyupaint.com\/pt\/produto\/high-performance-spray-polyurethane-finish\/","og_site_name":"KAIDA PAINT\u00ae","article_modified_time":"2025-07-14T08:21:48+00:00","og_image":[{"width":750,"height":750,"url":"https:\/\/www.jinyupaint.com\/wp-content\/uploads\/2025\/07\/High-Performance-Spray-Polyurethane-Finish.jpg","type":"image\/jpeg"}],"twitter_card":"summary_large_image","twitter_misc":{"Tempo estimado de leitura":"3 minutos"},"schema":{"@context":"https:\/\/schema.org","@graph":[{"@type":"WebPage","@id":"https:\/\/www.jinyupaint.com\/product\/high-performance-spray-polyurethane-finish","url":"https:\/\/www.jinyupaint.com\/product\/high-performance-spray-polyurethane-finish","name":"High Performance Spray Polyurethane Finish - KAIDA PAINT\u00ae Manufacturer | Supplier","isPartOf":{"@id":"https:\/\/www.jinyupaint.com\/#website"},"primaryImageOfPage":{"@id":"https:\/\/www.jinyupaint.com\/product\/high-performance-spray-polyurethane-finish#primaryimage"},"image":{"@id":"https:\/\/www.jinyupaint.com\/product\/high-performance-spray-polyurethane-finish#primaryimage"},"thumbnailUrl":"https:\/\/www.jinyupaint.com\/wp-content\/uploads\/2025\/07\/High-Performance-Spray-Polyurethane-Finish.jpg","datePublished":"2025-07-10T09:51:38+00:00","dateModified":"2025-07-14T08:21:48+00:00","description":"Acabamento profissional de poliuretano em spray para metal, madeira e bet\u00e3o. Alto brilho, resistente a produtos qu\u00edmicos e de secagem r\u00e1pida. Ideal para uso industrial e decorativo. Compre agora!","breadcrumb":{"@id":"https:\/\/www.jinyupaint.com\/product\/high-performance-spray-polyurethane-finish#breadcrumb"},"inLanguage":"pt-PT","potentialAction":[{"@type":"ReadAction","target":["https:\/\/www.jinyupaint.com\/product\/high-performance-spray-polyurethane-finish"]}]},{"@type":"ImageObject","inLanguage":"pt-PT","@id":"https:\/\/www.jinyupaint.com\/product\/high-performance-spray-polyurethane-finish#primaryimage","url":"https:\/\/www.jinyupaint.com\/wp-content\/uploads\/2025\/07\/High-Performance-Spray-Polyurethane-Finish.jpg","contentUrl":"https:\/\/www.jinyupaint.com\/wp-content\/uploads\/2025\/07\/High-Performance-Spray-Polyurethane-Finish.jpg","width":750,"height":750,"caption":"High Performance Spray Polyurethane Finish"},{"@type":"BreadcrumbList","@id":"https:\/\/www.jinyupaint.com\/product\/high-performance-spray-polyurethane-finish#breadcrumb","itemListElement":[{"@type":"ListItem","position":1,"name":"Home","item":"https:\/\/www.jinyupaint.com\/"},{"@type":"ListItem","position":2,"name":"Shop","item":"https:\/\/www.jinyupaint.com\/shop.html"},{"@type":"ListItem","position":3,"name":"High Performance Spray Polyurethane Finish"}]},{"@type":"WebSite","@id":"https:\/\/www.jinyupaint.com\/#website","url":"https:\/\/www.jinyupaint.com\/","name":"PINTURA JINYU","description":"JINYU PAINT\u00ae Fabricante","potentialAction":[{"@type":"SearchAction","target":{"@type":"EntryPoint","urlTemplate":"https:\/\/www.jinyupaint.com\/?s={search_term_string}"},"query-input":{"@type":"PropertyValueSpecification","valueRequired":true,"valueName":"search_term_string"}}],"inLanguage":"pt-PT"}]}},"_links":{"self":[{"href":"https:\/\/www.jinyupaint.com\/pt\/wp-json\/wp\/v2\/product\/5117","targetHints":{"allow":["GET"]}}],"collection":[{"href":"https:\/\/www.jinyupaint.com\/pt\/wp-json\/wp\/v2\/product"}],"about":[{"href":"https:\/\/www.jinyupaint.com\/pt\/wp-json\/wp\/v2\/types\/product"}],"wp:featuredmedia":[{"embeddable":true,"href":"https:\/\/www.jinyupaint.com\/pt\/wp-json\/wp\/v2\/media\/5118"}],"wp:attachment":[{"href":"https:\/\/www.jinyupaint.com\/pt\/wp-json\/wp\/v2\/media?parent=5117"}],"wp:term":[{"taxonomy":"product_brand","embeddable":true,"href":"https:\/\/www.jinyupaint.com\/pt\/wp-json\/wp\/v2\/product_brand?post=5117"},{"taxonomy":"product_cat","embeddable":true,"href":"https:\/\/www.jinyupaint.com\/pt\/wp-json\/wp\/v2\/product_cat?post=5117"},{"taxonomy":"product_tag","embeddable":true,"href":"https:\/\/www.jinyupaint.com\/pt\/wp-json\/wp\/v2\/product_tag?post=5117"}],"curies":[{"name":"wp","href":"https:\/\/api.w.org\/{rel}","templated":true}]}}