{"id":2734,"date":"2025-01-26T02:00:13","date_gmt":"2025-01-26T02:00:13","guid":{"rendered":"https:\/\/www.jinyupaint.com\/?post_type=product&#038;p=2734"},"modified":"2025-12-01T03:34:47","modified_gmt":"2025-12-01T03:34:47","slug":"self-leveling-polyurethane-anti-slip-coating","status":"publish","type":"product","link":"https:\/\/www.jinyupaint.com\/pt\/produto\/self-leveling-polyurethane-anti-slip-coating","title":{"rendered":"Revestimento de poliuretano autonivelante e resistente para pavimentos de bet\u00e3o"},"content":{"rendered":"<p class=\"ds-markdown-paragraph\">O seu pavimento de bet\u00e3o est\u00e1 a falhar sob press\u00e3o? Est\u00e1 a rachar devido ao impacto, a manchar devido a derrames de produtos qu\u00edmicos ou a tornar-se um risco para a seguran\u00e7a? Os revestimentos e tintas ep\u00f3xi padr\u00e3o n\u00e3o s\u00e3o suficientes. Actualize para a prote\u00e7\u00e3o avan\u00e7ada do ProLevel HD, um revestimento de poliuretano de \u00faltima gera\u00e7\u00e3o para pavimentos de bet\u00e3o, concebido para os ambientes mais exigentes.<\/p>\n<p class=\"ds-markdown-paragraph\">O ProLevel HD \u00e9 um sistema de uretano autonivelante, sem costuras, que cria uma superf\u00edcie incrivelmente resistente, brilhante e f\u00e1cil de limpar. Combina uma for\u00e7a mec\u00e2nica excecional com uma resist\u00eancia qu\u00edmica extraordin\u00e1ria, proporcionando uma prote\u00e7\u00e3o incompar\u00e1vel para trabalhos pesados nas suas instala\u00e7\u00f5es.<\/p>\n<h2><strong>Porqu\u00ea escolher um revestimento de bet\u00e3o de poliuretano em vez de ep\u00f3xi?<\/strong><\/h2>\n<p class=\"ds-markdown-paragraph\">Embora o ep\u00f3xi seja um bom produto, o poliuretano \u00e9 a escolha superior e moderna para pavimentos de alto desempenho.<\/p>\n<ul>\n<li><strong>Flexibilidade superior:<\/strong>\u00a0Ao contr\u00e1rio do ep\u00f3xi r\u00edgido, a nossa f\u00f3rmula de pavimento de bet\u00e3o de uretano permanece flex\u00edvel ap\u00f3s a cura. Isto permite-lhe absorver o impacto e o stress da maquinaria pesada e a expans\u00e3o t\u00e9rmica sem fissuras.<\/li>\n<li><strong>Resist\u00eancia qu\u00edmica melhorada:<\/strong>\u00a0Altamente resistente a uma vasta gama de produtos qu\u00edmicos, \u00f3leos, solventes e \u00e1cidos, protegendo o substrato de bet\u00e3o contra a corros\u00e3o e a degrada\u00e7\u00e3o.<\/li>\n<li><strong>Excelente estabilidade UV:<\/strong>\u00a0O verniz de poliuretano para a camada superior de bet\u00e3o \u00e9 est\u00e1vel aos raios UV, o que significa que n\u00e3o amarelece nem fica com giz quando exposto \u00e0 luz solar, ao contr\u00e1rio da maioria dos ep\u00f3xis.<\/li>\n<li><strong>Cura total mais r\u00e1pida:<\/strong>\u00a0As suas instala\u00e7\u00f5es voltam a funcionar mais rapidamente. Os sistemas de poliuretano atingem frequentemente uma resist\u00eancia qu\u00edmica total mais rapidamente do que os sistemas de ep\u00f3xi.<\/li>\n<\/ul>\n<h2><strong>Principais carater\u00edsticas e benef\u00edcios do ProLevel HD<\/strong><\/h2>\n<ul>\n<li><strong>Durabilidade e resist\u00eancia \u00e0 abras\u00e3o excepcionais:<\/strong><br \/>\nConcebido como um revestimento de poliuretano para pavimentos de bet\u00e3o para trabalhos pesados, resiste ao tr\u00e1fego pedonal constante, a carrinhos pesados com rodas de a\u00e7o e ao impacto de ferramentas ca\u00eddas. \u00c9 o derradeiro revestimento de uretano para pavimentos de bet\u00e3o para maior longevidade.<\/li>\n<li><strong>Auto-nivelamento para um acabamento perfeito:<\/strong><br \/>\nA nossa f\u00f3rmula de poliuretano autonivelante \u00e0 base de \u00e1gua flui sem esfor\u00e7o para criar uma superf\u00edcie lisa, sem juntas e de aspeto profissional que elimina os riscos de trope\u00e7ar e \u00e9 incrivelmente f\u00e1cil de limpar.<\/li>\n<li><strong>Poderosa prote\u00e7\u00e3o anti-corrosiva:<\/strong><br \/>\nA f\u00f3rmula anticorrosiva do bet\u00e3o de poliuretano cria uma barreira imperme\u00e1vel, protegendo o seu pavimento de subst\u00e2ncias corrosivas, como \u00f3leos, massas lubrificantes, solventes e \u00e1cidos, comuns em f\u00e1bricas de autom\u00f3veis, de produ\u00e7\u00e3o e de transforma\u00e7\u00e3o de alimentos.<\/li>\n<li><strong>Seguran\u00e7a incorporada com tecnologia antiderrapante:<\/strong><br \/>\nA seguran\u00e7a \u00e9 fundamental. Oferecemos um aditivo de revestimento antiderrapante de poliuretano para criar um acabamento texturado e antiderrapante. Isto torna-o o poliuretano ideal para aplica\u00e7\u00f5es antiderrapantes em escadas e \u00e1reas h\u00famidas de elevado tr\u00e1fego, como armaz\u00e9ns e balne\u00e1rios.<\/li>\n<li><strong>Aplica\u00e7\u00e3o vers\u00e1til:<\/strong><br \/>\nPerfeito para novas constru\u00e7\u00f5es ou para renovar bet\u00e3o antigo. Utilize-o em f\u00e1bricas, armaz\u00e9ns, garagens, salas de exposi\u00e7\u00e3o, espa\u00e7os comerciais e at\u00e9 como poliuretano para pavimentos de bet\u00e3o em caves e cozinhas residenciais.<\/li>\n<\/ul>\n<table>\n<tbody>\n<tr>\n<td width=\"153\">Item<\/td>\n<td width=\"193\">Pavimento autonivelante de poliuretano anticorros\u00e3o e resistente \u00e0 carga<\/td>\n<td width=\"250\">Pavimento autonivelante de poliuretano anti-corros\u00e3o e resistente - vers\u00e3o anti-derrapante<\/td>\n<\/tr>\n<tr>\n<td width=\"153\">Modelo do produto<\/td>\n<td width=\"193\">CK96<\/td>\n<td width=\"250\">CK97<\/td>\n<\/tr>\n<tr>\n<td width=\"153\">Resist\u00eancia \u00e0 compress\u00e3o<\/td>\n<td width=\"193\">45MPa<\/td>\n<td width=\"250\">45MPa<\/td>\n<\/tr>\n<tr>\n<td width=\"153\">Textura<\/td>\n<td width=\"193\">Superf\u00edcie brilhante<\/td>\n<td width=\"250\">Mate<\/td>\n<\/tr>\n<tr>\n<td width=\"153\">Constituinte<\/td>\n<td width=\"193\">Quatro<\/td>\n<td width=\"250\">Tr\u00eas<\/td>\n<\/tr>\n<tr>\n<td width=\"153\">Resist\u00eancia \u00e0 flex\u00e3o<\/td>\n<td width=\"193\">15MPa<\/td>\n<td width=\"250\">15MPa<\/td>\n<\/tr>\n<tr>\n<td width=\"153\">Resist\u00eancia da liga\u00e7\u00e3o<\/td>\n<td width=\"193\">\u00a0&gt;1,7MPa<\/td>\n<td width=\"250\">&gt;1,7MPa<\/td>\n<\/tr>\n<tr>\n<td width=\"153\">Tempo de cura total<\/td>\n<td width=\"193\">7 dias<\/td>\n<td width=\"250\">7 dias<\/td>\n<\/tr>\n<tr>\n<td width=\"153\">Embalagem<\/td>\n<td width=\"193\">26,1 kg<\/td>\n<td width=\"250\">35,5 kg<\/td>\n<\/tr>\n<tr>\n<td width=\"153\">Tempo de funcionamento (20\u2103)<\/td>\n<td width=\"193\">25min<\/td>\n<td width=\"250\">25 minutos<\/td>\n<\/tr>\n<tr>\n<td width=\"153\">Andar aberto (20\u2103)<\/td>\n<td width=\"193\">36h<\/td>\n<td width=\"250\">\u00a024 horas<\/td>\n<\/tr>\n<\/tbody>\n<\/table>\n<h2><strong>Aplica\u00e7\u00f5es sugeridas:<\/strong><\/h2>\n<ul>\n<li><strong>Instala\u00e7\u00f5es industriais:<\/strong>\u00a0Instala\u00e7\u00f5es de fabrico, \u00e1reas de processamento qu\u00edmico, armaz\u00e9ns.<\/li>\n<li><strong>Espa\u00e7os comerciais:<\/strong>\u00a0Oficinas de repara\u00e7\u00e3o autom\u00f3vel, hangares de avi\u00f5es, salas de exposi\u00e7\u00e3o.<\/li>\n<li><strong>Alimenta\u00e7\u00e3o e bebidas:<\/strong>\u00a0Cervejarias, f\u00e1bricas de lactic\u00ednios, cozinhas comerciais (f\u00e1ceis de limpar e higienizar).<\/li>\n<li><strong>Edif\u00edcios p\u00fablicos:<\/strong>\u00a0Escolas, hospitais, laborat\u00f3rios, parques de estacionamento.<\/li>\n<li><strong>Residencial:<\/strong>\u00a0Garagens, caves e oficinas topo de gama.<\/li>\n<\/ul>\n<h2><strong>KAIDA JINYU PAINT Poliuretano Pavimento de bet\u00e3o Motar Projeto<\/strong><\/h2>\n<figure id=\"attachment_5649\" aria-describedby=\"caption-attachment-5649\" style=\"width: 570px\" class=\"wp-caption alignnone\"><a href=\"https:\/\/www.jinyupaint.com\/wp-content\/uploads\/2025\/01\/Electronics-Manufacturing-ESD-PU-Mortar-Flooring-Cleanroom.jpg\"><img fetchpriority=\"high\" decoding=\"async\" class=\"size-full wp-image-5649\" src=\"https:\/\/www.jinyupaint.com\/wp-content\/uploads\/2025\/01\/Electronics-Manufacturing-ESD-PU-Mortar-Flooring-Cleanroom.jpg\" alt=\"Fabrico de produtos electr\u00f3nicos Pavimentos de argamassa ESD PU para salas limpas\" width=\"570\" height=\"360\" srcset=\"https:\/\/www.jinyupaint.com\/wp-content\/uploads\/2025\/01\/Electronics-Manufacturing-ESD-PU-Mortar-Flooring-Cleanroom.jpg 570w, https:\/\/www.jinyupaint.com\/wp-content\/uploads\/2025\/01\/Electronics-Manufacturing-ESD-PU-Mortar-Flooring-Cleanroom-300x189.jpg 300w, https:\/\/www.jinyupaint.com\/wp-content\/uploads\/2025\/01\/Electronics-Manufacturing-ESD-PU-Mortar-Flooring-Cleanroom-18x12.jpg 18w\" sizes=\"(max-width: 570px) 100vw, 570px\" \/><\/a><figcaption id=\"caption-attachment-5649\" class=\"wp-caption-text\">Pavimento de argamassa de poliuretano dissipador de est\u00e1tica (ESD) numa \u00e1rea de montagem de eletr\u00f3nica. O pavimento condutor, sem juntas, protege os componentes sens\u00edveis das descargas electrost\u00e1ticas, oferecendo simultaneamente durabilidade e facilidade de limpeza.<\/figcaption><\/figure>\n<figure id=\"attachment_5651\" aria-describedby=\"caption-attachment-5651\" style=\"width: 570px\" class=\"wp-caption alignnone\"><a href=\"https:\/\/www.jinyupaint.com\/wp-content\/uploads\/2025\/01\/Meat-Plant-Freezer-PU-Mortar-Floor-Thermal-Shock-Resistance.jpg\"><img decoding=\"async\" class=\"size-full wp-image-5651\" src=\"https:\/\/www.jinyupaint.com\/wp-content\/uploads\/2025\/01\/Meat-Plant-Freezer-PU-Mortar-Floor-Thermal-Shock-Resistance.jpg\" alt=\"Argamassa de PU para congela\u00e7\u00e3o de f\u00e1brica de carnes Piso resistente a choques t\u00e9rmicos\" width=\"570\" height=\"360\" srcset=\"https:\/\/www.jinyupaint.com\/wp-content\/uploads\/2025\/01\/Meat-Plant-Freezer-PU-Mortar-Floor-Thermal-Shock-Resistance.jpg 570w, https:\/\/www.jinyupaint.com\/wp-content\/uploads\/2025\/01\/Meat-Plant-Freezer-PU-Mortar-Floor-Thermal-Shock-Resistance-300x189.jpg 300w, https:\/\/www.jinyupaint.com\/wp-content\/uploads\/2025\/01\/Meat-Plant-Freezer-PU-Mortar-Floor-Thermal-Shock-Resistance-18x12.jpg 18w\" sizes=\"(max-width: 570px) 100vw, 570px\" \/><\/a><figcaption id=\"caption-attachment-5651\" class=\"wp-caption-text\">Pavimento de argamassa de poliuretano num congelador de processamento de carne (-30\u00b0C). O pavimento mant\u00e9m-se flex\u00edvel e resistente a fissuras apesar do frio extremo, do choque t\u00e9rmico das lavagens a quente e das cargas pesadas, proporcionando uma solu\u00e7\u00e3o duradoura e higi\u00e9nica.<\/figcaption><\/figure>\n<figure id=\"attachment_5648\" aria-describedby=\"caption-attachment-5648\" style=\"width: 570px\" class=\"wp-caption alignnone\"><a href=\"https:\/\/www.jinyupaint.com\/wp-content\/uploads\/2025\/01\/Chemical-Plant-PU-Mortar-Floor-Resistant-to-Spills.jpg\"><img decoding=\"async\" class=\"size-full wp-image-5648\" src=\"https:\/\/www.jinyupaint.com\/wp-content\/uploads\/2025\/01\/Chemical-Plant-PU-Mortar-Floor-Resistant-to-Spills.jpg\" alt=\"Pavimento de argamassa de PU para instala\u00e7\u00f5es qu\u00edmicas resistente a derrames\" width=\"570\" height=\"360\" srcset=\"https:\/\/www.jinyupaint.com\/wp-content\/uploads\/2025\/01\/Chemical-Plant-PU-Mortar-Floor-Resistant-to-Spills.jpg 570w, https:\/\/www.jinyupaint.com\/wp-content\/uploads\/2025\/01\/Chemical-Plant-PU-Mortar-Floor-Resistant-to-Spills-300x189.jpg 300w, https:\/\/www.jinyupaint.com\/wp-content\/uploads\/2025\/01\/Chemical-Plant-PU-Mortar-Floor-Resistant-to-Spills-18x12.jpg 18w\" sizes=\"(max-width: 570px) 100vw, 570px\" \/><\/a><figcaption id=\"caption-attachment-5648\" class=\"wp-caption-text\">Pavimento de argamassa de poliuretano dur\u00e1vel numa \u00e1rea de processamento qu\u00edmico. Este pavimento demonstra uma resist\u00eancia excecional a uma vasta gama de produtos qu\u00edmicos agressivos, solventes e temperaturas extremas, protegendo o substrato de bet\u00e3o.<\/figcaption><\/figure>","protected":false},"excerpt":{"rendered":"<p>O nosso revestimento de poliuretano autonivelante para pavimentos de bet\u00e3o \u00e9 uma solu\u00e7\u00e3o de alto desempenho para pavimentos de servi\u00e7o pesado, concebida para ambientes industriais e comerciais. Proporciona excelentes propriedades antiderrapantes, resist\u00eancia qu\u00edmica e durabilidade, tornando-o ideal para f\u00e1bricas, armaz\u00e9ns, laborat\u00f3rios e \u00e1reas de tr\u00e1fego intenso. Este revestimento de poliuretano autonivelante para pavimentos garante uma prote\u00e7\u00e3o de superf\u00edcie perfeita, suave e duradoura. Dispon\u00edvel em 5 cores padr\u00e3o para se adequar a diferentes aplica\u00e7\u00f5es.<\/p>","protected":false},"featured_media":5646,"template":"","meta":{"om_disable_all_campaigns":false,"_monsterinsights_skip_tracking":false,"_monsterinsights_sitenote_active":false,"_monsterinsights_sitenote_note":"","_monsterinsights_sitenote_category":0,"_uf_show_specific_survey":0,"_uf_disable_surveys":false},"product_brand":[],"product_cat":[128,505,108,109],"product_tag":[144,616,126,131],"class_list":{"0":"post-2734","1":"product","2":"type-product","3":"status-publish","4":"has-post-thumbnail","6":"product_cat-flooring-system","7":"product_cat-polyurethane-paint","8":"product_cat-self-leveling-epoxy-floor-coating","9":"product_cat-polyurethane-floor-coating","10":"product_tag-polyurethane-coating","11":"product_tag-polyurethane-concrete-floor-coating","12":"product_tag-polyurethane-mortar-floor","13":"product_tag-self-leveling-floor-coating","15":"first","16":"instock","17":"shipping-taxable","18":"product-type-simple"},"yoast_head":"<!-- This site is optimized with the Yoast SEO Premium plugin v26.2 (Yoast SEO v26.5) - https:\/\/yoast.com\/wordpress\/plugins\/seo\/ -->\n<title>Self Leveling Polyurethane Anti-Slip Coating - KAIDA PAINT\u00ae<\/title>\n<meta name=\"description\" content=\"ProLevel HD is a self-leveling, heavy-duty polyurethane floor coating for concrete. Provides anti-slip, chemical &amp; abrasion resistance for industrial, commercial, &amp; garage floors. Get a quote!\" \/>\n<meta name=\"robots\" content=\"index, follow, max-snippet:-1, max-image-preview:large, max-video-preview:-1\" \/>\n<link rel=\"canonical\" href=\"https:\/\/www.jinyupaint.com\/pt\/produto\/self-leveling-polyurethane-anti-slip-coating\/\" \/>\n<meta property=\"og:locale\" content=\"pt_PT\" \/>\n<meta property=\"og:type\" content=\"article\" \/>\n<meta property=\"og:title\" content=\"Self-leveling Heavy-duty Anticorrosive Polyurethane Concrete Floor Coating\" \/>\n<meta property=\"og:description\" content=\"ProLevel HD is a self-leveling, heavy-duty polyurethane floor coating for concrete. Provides anti-slip, chemical &amp; abrasion resistance for industrial, commercial, &amp; garage floors. Get a quote!\" \/>\n<meta property=\"og:url\" content=\"https:\/\/www.jinyupaint.com\/pt\/produto\/self-leveling-polyurethane-anti-slip-coating\/\" \/>\n<meta property=\"og:site_name\" content=\"KAIDA PAINT\u00ae\" \/>\n<meta property=\"article:modified_time\" content=\"2025-12-01T03:34:47+00:00\" \/>\n<meta property=\"og:image\" content=\"https:\/\/www.jinyupaint.com\/wp-content\/uploads\/2025\/01\/Self-leveling-Heavy-duty-Anticorrosive-Polyurethane-Concrete-Floor-Coating.jpg\" \/>\n\t<meta property=\"og:image:width\" content=\"750\" \/>\n\t<meta property=\"og:image:height\" content=\"750\" \/>\n\t<meta property=\"og:image:type\" content=\"image\/jpeg\" \/>\n<meta name=\"twitter:card\" content=\"summary_large_image\" \/>\n<meta name=\"twitter:label1\" content=\"Tempo estimado de leitura\" \/>\n\t<meta name=\"twitter:data1\" content=\"4 minutos\" \/>\n<script type=\"application\/ld+json\" class=\"yoast-schema-graph\">{\"@context\":\"https:\/\/schema.org\",\"@graph\":[{\"@type\":\"WebPage\",\"@id\":\"https:\/\/www.jinyupaint.com\/product\/self-leveling-polyurethane-anti-slip-coating\",\"url\":\"https:\/\/www.jinyupaint.com\/product\/self-leveling-polyurethane-anti-slip-coating\",\"name\":\"Self Leveling Polyurethane Anti-Slip Coating - KAIDA PAINT\u00ae\",\"isPartOf\":{\"@id\":\"https:\/\/www.jinyupaint.com\/#website\"},\"primaryImageOfPage\":{\"@id\":\"https:\/\/www.jinyupaint.com\/product\/self-leveling-polyurethane-anti-slip-coating#primaryimage\"},\"image\":{\"@id\":\"https:\/\/www.jinyupaint.com\/product\/self-leveling-polyurethane-anti-slip-coating#primaryimage\"},\"thumbnailUrl\":\"https:\/\/www.jinyupaint.com\/wp-content\/uploads\/2025\/01\/Self-leveling-Heavy-duty-Anticorrosive-Polyurethane-Concrete-Floor-Coating.jpg\",\"datePublished\":\"2025-01-26T02:00:13+00:00\",\"dateModified\":\"2025-12-01T03:34:47+00:00\",\"description\":\"ProLevel HD is a self-leveling, heavy-duty polyurethane floor coating for concrete. Provides anti-slip, chemical & abrasion resistance for industrial, commercial, & garage floors. Get a quote!\",\"breadcrumb\":{\"@id\":\"https:\/\/www.jinyupaint.com\/product\/self-leveling-polyurethane-anti-slip-coating#breadcrumb\"},\"inLanguage\":\"pt-PT\",\"potentialAction\":[{\"@type\":\"ReadAction\",\"target\":[\"https:\/\/www.jinyupaint.com\/product\/self-leveling-polyurethane-anti-slip-coating\"]}]},{\"@type\":\"ImageObject\",\"inLanguage\":\"pt-PT\",\"@id\":\"https:\/\/www.jinyupaint.com\/product\/self-leveling-polyurethane-anti-slip-coating#primaryimage\",\"url\":\"https:\/\/www.jinyupaint.com\/wp-content\/uploads\/2025\/01\/Self-leveling-Heavy-duty-Anticorrosive-Polyurethane-Concrete-Floor-Coating.jpg\",\"contentUrl\":\"https:\/\/www.jinyupaint.com\/wp-content\/uploads\/2025\/01\/Self-leveling-Heavy-duty-Anticorrosive-Polyurethane-Concrete-Floor-Coating.jpg\",\"width\":750,\"height\":750,\"caption\":\"Self-leveling Heavy-duty Anticorrosive Polyurethane Concrete Floor Coating\"},{\"@type\":\"BreadcrumbList\",\"@id\":\"https:\/\/www.jinyupaint.com\/product\/self-leveling-polyurethane-anti-slip-coating#breadcrumb\",\"itemListElement\":[{\"@type\":\"ListItem\",\"position\":1,\"name\":\"Home\",\"item\":\"https:\/\/www.jinyupaint.com\/\"},{\"@type\":\"ListItem\",\"position\":2,\"name\":\"Shop\",\"item\":\"https:\/\/www.jinyupaint.com\/shop.html\"},{\"@type\":\"ListItem\",\"position\":3,\"name\":\"Self-leveling Heavy-duty Anticorrosive Polyurethane Concrete Floor Coating\"}]},{\"@type\":\"WebSite\",\"@id\":\"https:\/\/www.jinyupaint.com\/#website\",\"url\":\"https:\/\/www.jinyupaint.com\/\",\"name\":\"JINYU\u00ae PAINT\",\"description\":\"JINYU PAINT\u00ae Manufacturer\",\"potentialAction\":[{\"@type\":\"SearchAction\",\"target\":{\"@type\":\"EntryPoint\",\"urlTemplate\":\"https:\/\/www.jinyupaint.com\/?s={search_term_string}\"},\"query-input\":{\"@type\":\"PropertyValueSpecification\",\"valueRequired\":true,\"valueName\":\"search_term_string\"}}],\"inLanguage\":\"pt-PT\"}]}<\/script>\n<!-- \/ Yoast SEO Premium plugin. -->","yoast_head_json":{"title":"Revestimento antiderrapante de poliuretano autonivelante - KAIDA PAINT\u00ae","description":"ProLevel HD \u00e9 um revestimento de poliuretano para pavimentos de bet\u00e3o, autonivelante e resistente. Oferece resist\u00eancia antiderrapante, qu\u00edmica e \u00e0 abras\u00e3o para pavimentos industriais, comerciais e de garagem. Obter um or\u00e7amento!","robots":{"index":"index","follow":"follow","max-snippet":"max-snippet:-1","max-image-preview":"max-image-preview:large","max-video-preview":"max-video-preview:-1"},"canonical":"https:\/\/www.jinyupaint.com\/pt\/produto\/self-leveling-polyurethane-anti-slip-coating\/","og_locale":"pt_PT","og_type":"article","og_title":"Self-leveling Heavy-duty Anticorrosive Polyurethane Concrete Floor Coating","og_description":"ProLevel HD is a self-leveling, heavy-duty polyurethane floor coating for concrete. Provides anti-slip, chemical & abrasion resistance for industrial, commercial, & garage floors. Get a quote!","og_url":"https:\/\/www.jinyupaint.com\/pt\/produto\/self-leveling-polyurethane-anti-slip-coating\/","og_site_name":"KAIDA PAINT\u00ae","article_modified_time":"2025-12-01T03:34:47+00:00","og_image":[{"width":750,"height":750,"url":"https:\/\/www.jinyupaint.com\/wp-content\/uploads\/2025\/01\/Self-leveling-Heavy-duty-Anticorrosive-Polyurethane-Concrete-Floor-Coating.jpg","type":"image\/jpeg"}],"twitter_card":"summary_large_image","twitter_misc":{"Tempo estimado de leitura":"4 minutos"},"schema":{"@context":"https:\/\/schema.org","@graph":[{"@type":"WebPage","@id":"https:\/\/www.jinyupaint.com\/product\/self-leveling-polyurethane-anti-slip-coating","url":"https:\/\/www.jinyupaint.com\/product\/self-leveling-polyurethane-anti-slip-coating","name":"Revestimento antiderrapante de poliuretano autonivelante - KAIDA PAINT\u00ae","isPartOf":{"@id":"https:\/\/www.jinyupaint.com\/#website"},"primaryImageOfPage":{"@id":"https:\/\/www.jinyupaint.com\/product\/self-leveling-polyurethane-anti-slip-coating#primaryimage"},"image":{"@id":"https:\/\/www.jinyupaint.com\/product\/self-leveling-polyurethane-anti-slip-coating#primaryimage"},"thumbnailUrl":"https:\/\/www.jinyupaint.com\/wp-content\/uploads\/2025\/01\/Self-leveling-Heavy-duty-Anticorrosive-Polyurethane-Concrete-Floor-Coating.jpg","datePublished":"2025-01-26T02:00:13+00:00","dateModified":"2025-12-01T03:34:47+00:00","description":"ProLevel HD \u00e9 um revestimento de poliuretano para pavimentos de bet\u00e3o, autonivelante e resistente. Oferece resist\u00eancia antiderrapante, qu\u00edmica e \u00e0 abras\u00e3o para pavimentos industriais, comerciais e de garagem. Obter um or\u00e7amento!","breadcrumb":{"@id":"https:\/\/www.jinyupaint.com\/product\/self-leveling-polyurethane-anti-slip-coating#breadcrumb"},"inLanguage":"pt-PT","potentialAction":[{"@type":"ReadAction","target":["https:\/\/www.jinyupaint.com\/product\/self-leveling-polyurethane-anti-slip-coating"]}]},{"@type":"ImageObject","inLanguage":"pt-PT","@id":"https:\/\/www.jinyupaint.com\/product\/self-leveling-polyurethane-anti-slip-coating#primaryimage","url":"https:\/\/www.jinyupaint.com\/wp-content\/uploads\/2025\/01\/Self-leveling-Heavy-duty-Anticorrosive-Polyurethane-Concrete-Floor-Coating.jpg","contentUrl":"https:\/\/www.jinyupaint.com\/wp-content\/uploads\/2025\/01\/Self-leveling-Heavy-duty-Anticorrosive-Polyurethane-Concrete-Floor-Coating.jpg","width":750,"height":750,"caption":"Self-leveling Heavy-duty Anticorrosive Polyurethane Concrete Floor Coating"},{"@type":"BreadcrumbList","@id":"https:\/\/www.jinyupaint.com\/product\/self-leveling-polyurethane-anti-slip-coating#breadcrumb","itemListElement":[{"@type":"ListItem","position":1,"name":"Home","item":"https:\/\/www.jinyupaint.com\/"},{"@type":"ListItem","position":2,"name":"Shop","item":"https:\/\/www.jinyupaint.com\/shop.html"},{"@type":"ListItem","position":3,"name":"Self-leveling Heavy-duty Anticorrosive Polyurethane Concrete Floor Coating"}]},{"@type":"WebSite","@id":"https:\/\/www.jinyupaint.com\/#website","url":"https:\/\/www.jinyupaint.com\/","name":"PINTURA JINYU","description":"JINYU PAINT\u00ae Fabricante","potentialAction":[{"@type":"SearchAction","target":{"@type":"EntryPoint","urlTemplate":"https:\/\/www.jinyupaint.com\/?s={search_term_string}"},"query-input":{"@type":"PropertyValueSpecification","valueRequired":true,"valueName":"search_term_string"}}],"inLanguage":"pt-PT"}]}},"_links":{"self":[{"href":"https:\/\/www.jinyupaint.com\/pt\/wp-json\/wp\/v2\/product\/2734","targetHints":{"allow":["GET"]}}],"collection":[{"href":"https:\/\/www.jinyupaint.com\/pt\/wp-json\/wp\/v2\/product"}],"about":[{"href":"https:\/\/www.jinyupaint.com\/pt\/wp-json\/wp\/v2\/types\/product"}],"wp:featuredmedia":[{"embeddable":true,"href":"https:\/\/www.jinyupaint.com\/pt\/wp-json\/wp\/v2\/media\/5646"}],"wp:attachment":[{"href":"https:\/\/www.jinyupaint.com\/pt\/wp-json\/wp\/v2\/media?parent=2734"}],"wp:term":[{"taxonomy":"product_brand","embeddable":true,"href":"https:\/\/www.jinyupaint.com\/pt\/wp-json\/wp\/v2\/product_brand?post=2734"},{"taxonomy":"product_cat","embeddable":true,"href":"https:\/\/www.jinyupaint.com\/pt\/wp-json\/wp\/v2\/product_cat?post=2734"},{"taxonomy":"product_tag","embeddable":true,"href":"https:\/\/www.jinyupaint.com\/pt\/wp-json\/wp\/v2\/product_tag?post=2734"}],"curies":[{"name":"wp","href":"https:\/\/api.w.org\/{rel}","templated":true}]}}