{"id":2467,"date":"2025-01-06T11:43:25","date_gmt":"2025-01-06T11:43:25","guid":{"rendered":"https:\/\/www.jinyupaint.com\/?post_type=product&#038;p=2467"},"modified":"2025-04-18T03:22:28","modified_gmt":"2025-04-18T03:22:28","slug":"hooked-end-steel-fiber","status":"publish","type":"product","link":"https:\/\/www.jinyupaint.com\/pt\/produto\/hooked-end-steel-fiber","title":{"rendered":"Extremidade com gancho Fibra de a\u00e7o"},"content":{"rendered":"<p>Descri\u00e7\u00e3o do produto<br \/>\nAs fibras de a\u00e7o com extremidade em gancho s\u00e3o cortadas a partir de fios de a\u00e7o finos com uma certa resist\u00eancia e di\u00e2metro. S\u00e3o rectas no meio e dobradas em forma de gancho em ambos os lados, t\u00eam uma apar\u00eancia suave e uniforme e s\u00e3o o tipo mais comum de fibra de a\u00e7o.<\/p>\n<p>Fun\u00e7\u00e3o do produto<br \/>\n1. Excelente resist\u00eancia ao desgaste e durabilidade, maior resist\u00eancia \u00e0 fadiga e limite de durabilidade. 2. elevada duciiidade e resist\u00eancia ao impacto.<br \/>\n3. Boa dispers\u00e3o, as fibras de a\u00e7o n\u00e3o se aglomeram no bet\u00e3o e s\u00e3o distribu\u00eddas uniformemente.<br \/>\n4. melhorar as propriedades mec\u00e2nicas do bet\u00e3o, como a tra\u00e7\u00e3o, a flex\u00e3o e o cisalhamento.$. A superf\u00edcie \u00e1spera e limpa da fibra de a\u00e7o pode ser firmemente combinada com a pasta de cimento no bet\u00e3o.6. Em compara\u00e7\u00e3o com o bet\u00e3o armado tradicional, o bet\u00e3o com fibra de a\u00e7o \u00e9 constru\u00eddo diretamente e liga-se perfeitamente ao equipamento de arrastamento a laser em grande escala, poupando custos.7.<\/p>\n<p>Detalhes da embalagem<br \/>\nEmbalagem: saco de papel para embalagem cartonada ou composta 25kg\/caixa ou saco, 1,5 toneladas-2 toms por palete, tamb\u00e9m pode ser produzido e embalado de acordo com os regulamentos do utilizador.<\/p>\n<p>Instru\u00e7\u00e3o<br \/>\nRequisitos t\u00e9cnicos de constru\u00e7\u00e3o:<br \/>\n1. O grau de cimento n\u00e3o deve ser inferior a No, 425, A rela\u00e7\u00e3o \u00e1gua-cimento n\u00e3o deve ser superior a 0,52. O comprimento do tamanho da part\u00edcula de osso grosso n\u00e3o deve exceder 2\/3 do comprimento do macho de fibra de a\u00e7o.3. O volume de fibra de a\u00e7o do concreto de fibra de a\u00e7o n\u00e3o deve ser inferior a 0,5%, geralmente entre 0,5-3%. e1,5%-2,5% \u00e9 recomendado; isto \u00e9, a faixa de dosagem por metro c\u00fabico de concreto \u00e9: 5-30kg, e 15-25kg \u00e9 recomendado.<br \/>\n4. A areia do mar n\u00e3o pode ser misturada com o bet\u00e3o de fibra de a\u00e7o e o sal de cloro \u00e9 estritamente proibido. 5. Para al\u00e9m das disposi\u00e7\u00f5es acima referidas, os outros materiais utilizados no bet\u00e3o de fibra de a\u00e7o devem cumprir as disposi\u00e7\u00f5es relativas \u00e0s mat\u00e9rias-primas utilizadas no bet\u00e3o armado nas especifica\u00e7\u00f5es actuais. 6. A consist\u00eancia do bet\u00e3o de fibra de a\u00e7o pode ser determinada por refer\u00eancia \u00e0 consist\u00eancia exigida para o bet\u00e3o normal em projectos semelhantes.<br \/>\n7. Quando a almofada de bet\u00e3o com fibras de a\u00e7o e a camada de superf\u00edcie com juntas de retra\u00e7\u00e3o da estrutura de junta plana n\u00e3o estiverem cobertas por uma camada de refor\u00e7o da funda\u00e7\u00e3o, como o solo calc\u00e1rio sob a almofada, e satisfizerem simultaneamente as seguintes condi\u00e7\u00f5es<br \/>\na. A espessura da camada de almofada e da camada de superf\u00edcie antes da redu\u00e7\u00e3o n\u00e3o deve exceder 130 mm.b. A espessura da camada de refor\u00e7o da funda\u00e7\u00e3o \u00e9 superior \u00e0 espessura da camada de almofada. A espessura pode ser multiplicada pelo fator de redu\u00e7\u00e3o 0,75, mas n\u00e3o deve ser inferior a 50 mmRequisitos de descarga:Fibra de a\u00e7o e agregado grosseiro-+Mexer durante 30 segundos, Adicionar areia e cimento-Mexer durante 30 segundos-Adicionar \u00e1gua-Mexer durante 3 minutosCompacta\u00e7\u00e3o:<br \/>\n1. Ao despejar o bet\u00e3o de fibra de a\u00e7o, misture-o \u00e0 medida que avan\u00e7a e despeje-o continuamente. As juntas de constru\u00e7\u00e3o n\u00e3o devem ser abertas at\u00e9 que as juntas divis\u00f3rias sejam alcan\u00e7adas. O bet\u00e3o deve ser vibrado e compactado durante o vazamento.2. Reboco: O bet\u00e3o com fibras de a\u00e7o em relevo tem as carater\u00edsticas de recolha fina de materiais grosseiros, alta taxa de areia e distribui\u00e7\u00e3o aleat\u00f3ria de fibras. O processo de grava\u00e7\u00e3o em relevo usando uma m\u00e1quina de grava\u00e7\u00e3o tamb\u00e9m pode evitar a exposi\u00e7\u00e3o da fibra causada por puxar. Ap\u00f3s 24 horas, deve ser mantida atempadamente de acordo com a rotina. No ver\u00e3o, deve ser coberta com sacos de palha e afins, e no inverno, prestar aten\u00e7\u00e3o \u00e0 preserva\u00e7\u00e3o do calor.<\/p>\n<p>Campo de aplica\u00e7\u00e3o<br \/>\n1. Engenharia de constru\u00e7\u00e3o: constru\u00e7\u00e3o de casas, estacas pr\u00e9-fabricadas, n\u00f3s de estrutura, impermeabiliza\u00e7\u00e3o de telhados e impermeabiliza\u00e7\u00e3o de solos. 2. pavimento industrial: pavimento com fendas, pavimento sem fendas, pavimento sem costuras, pavimento suportado por estacas, camada de nivelamento de garagem, pavimento composto,<br \/>\njangada, estrada de f\u00e1brica, pavimento.<br \/>\n2. Engenharia de tubagens: tubagens centr\u00edfugas, tubagens de vibra\u00e7\u00e3o e extrus\u00e3o, tubagens de bombas, tubagens de press\u00e3o de bet\u00e3o de fibra de a\u00e7o revestidas a a\u00e7o.3. Engenharia de pontes rodovi\u00e1rias: anel de arco de ponte em caixa, viga em caixa cont\u00ednua, tabuleiro de ponte.4. Engenharia de pavimentos rodovi\u00e1rios e de tabuleiros de pontes de aeroportos: pavimentos rodovi\u00e1rios, pavimentos rodovi\u00e1rios em \u00e1reas de solo congelado.e pavimentos de aeroportos<br \/>\n5. Engenharia ferrovi\u00e1ria: travessas ferrovi\u00e1rias pr\u00e9-esfor\u00e7adas, travessas ferrovi\u00e1rias de bloco duplo.6. Projectos de conserva\u00e7\u00e3o de \u00e1gua e energia hidroel\u00e9trica: eros\u00e3o do fluxo de \u00e1gua e pe\u00e7as de desgaste, port\u00f5es, port\u00f5es, cruzamentos e pain\u00e9is anti-infiltra\u00e7\u00e3o de barragens.7. Engenharia portu\u00e1ria e mar\u00edtima: camada anti-corros\u00e3o de estacas de tubos de a\u00e7o, instala\u00e7\u00f5es portu\u00e1rias e instala\u00e7\u00f5es de bet\u00e3o submarino8. Outros projectos: instala\u00e7\u00f5es industriais pesadas, pavimentos de armaz\u00e9ns, silos, projectos de manuten\u00e7\u00e3o e refor\u00e7o, cabos subterr\u00e2neos, tampas de esgotos, grelhas de esgotos.<\/p>","protected":false},"excerpt":{"rendered":"<p>Product Description Hooked End Steet Fiber are cut from thin sieel wires of acertain sirength [&hellip;]<\/p>\n","protected":false},"featured_media":2460,"template":"","meta":{"om_disable_all_campaigns":false,"_monsterinsights_skip_tracking":false,"_monsterinsights_sitenote_active":false,"_monsterinsights_sitenote_note":"","_monsterinsights_sitenote_category":0,"_uf_show_specific_survey":0,"_uf_disable_surveys":false},"product_brand":[],"product_cat":[124],"product_tag":[],"class_list":{"0":"post-2467","1":"product","2":"type-product","3":"status-publish","4":"has-post-thumbnail","6":"product_cat-fiber-reinforcement-materials","8":"first","9":"instock","10":"shipping-taxable","11":"product-type-simple"},"yoast_head":"<!-- This site is optimized with the Yoast SEO Premium plugin v26.2 (Yoast SEO v26.5) - https:\/\/yoast.com\/wordpress\/plugins\/seo\/ -->\n<title>Hooked End Steel Fiber - KAIDA PAINT\u00ae<\/title>\n<meta name=\"robots\" content=\"index, follow, max-snippet:-1, max-image-preview:large, max-video-preview:-1\" \/>\n<link rel=\"canonical\" href=\"https:\/\/www.jinyupaint.com\/pt\/produto\/hooked-end-steel-fiber\/\" \/>\n<meta property=\"og:locale\" content=\"pt_PT\" \/>\n<meta property=\"og:type\" content=\"article\" \/>\n<meta property=\"og:title\" content=\"Hooked End Steel Fiber\" \/>\n<meta property=\"og:description\" content=\"Product Description Hooked End Steet Fiber are cut from thin sieel wires of acertain sirength [&hellip;]\" \/>\n<meta property=\"og:url\" content=\"https:\/\/www.jinyupaint.com\/pt\/produto\/hooked-end-steel-fiber\/\" \/>\n<meta property=\"og:site_name\" content=\"KAIDA PAINT\u00ae\" \/>\n<meta property=\"article:modified_time\" content=\"2025-04-18T03:22:28+00:00\" \/>\n<meta property=\"og:image\" content=\"https:\/\/www.jinyupaint.com\/wp-content\/uploads\/2025\/01\/\u7aef\u94a9\u94a2\u7ea4\u7ef4.jpg\" \/>\n\t<meta property=\"og:image:width\" content=\"1706\" \/>\n\t<meta property=\"og:image:height\" content=\"1279\" \/>\n\t<meta property=\"og:image:type\" content=\"image\/jpeg\" \/>\n<meta name=\"twitter:card\" content=\"summary_large_image\" \/>\n<meta name=\"twitter:label1\" content=\"Tempo estimado de leitura\" \/>\n\t<meta name=\"twitter:data1\" content=\"3 minutos\" \/>\n<script type=\"application\/ld+json\" class=\"yoast-schema-graph\">{\"@context\":\"https:\/\/schema.org\",\"@graph\":[{\"@type\":\"WebPage\",\"@id\":\"https:\/\/www.jinyupaint.com\/product\/hooked-end-steel-fiber\",\"url\":\"https:\/\/www.jinyupaint.com\/product\/hooked-end-steel-fiber\",\"name\":\"Hooked End Steel Fiber - KAIDA PAINT\u00ae\",\"isPartOf\":{\"@id\":\"https:\/\/www.jinyupaint.com\/#website\"},\"primaryImageOfPage\":{\"@id\":\"https:\/\/www.jinyupaint.com\/product\/hooked-end-steel-fiber#primaryimage\"},\"image\":{\"@id\":\"https:\/\/www.jinyupaint.com\/product\/hooked-end-steel-fiber#primaryimage\"},\"thumbnailUrl\":\"https:\/\/www.jinyupaint.com\/wp-content\/uploads\/2025\/01\/\u7aef\u94a9\u94a2\u7ea4\u7ef4.jpg\",\"datePublished\":\"2025-01-06T11:43:25+00:00\",\"dateModified\":\"2025-04-18T03:22:28+00:00\",\"breadcrumb\":{\"@id\":\"https:\/\/www.jinyupaint.com\/product\/hooked-end-steel-fiber#breadcrumb\"},\"inLanguage\":\"pt-PT\",\"potentialAction\":[{\"@type\":\"ReadAction\",\"target\":[\"https:\/\/www.jinyupaint.com\/product\/hooked-end-steel-fiber\"]}]},{\"@type\":\"ImageObject\",\"inLanguage\":\"pt-PT\",\"@id\":\"https:\/\/www.jinyupaint.com\/product\/hooked-end-steel-fiber#primaryimage\",\"url\":\"https:\/\/www.jinyupaint.com\/wp-content\/uploads\/2025\/01\/\u7aef\u94a9\u94a2\u7ea4\u7ef4.jpg\",\"contentUrl\":\"https:\/\/www.jinyupaint.com\/wp-content\/uploads\/2025\/01\/\u7aef\u94a9\u94a2\u7ea4\u7ef4.jpg\",\"width\":1706,\"height\":1279},{\"@type\":\"BreadcrumbList\",\"@id\":\"https:\/\/www.jinyupaint.com\/product\/hooked-end-steel-fiber#breadcrumb\",\"itemListElement\":[{\"@type\":\"ListItem\",\"position\":1,\"name\":\"Home\",\"item\":\"https:\/\/www.jinyupaint.com\/\"},{\"@type\":\"ListItem\",\"position\":2,\"name\":\"Shop\",\"item\":\"https:\/\/www.jinyupaint.com\/shop.html\"},{\"@type\":\"ListItem\",\"position\":3,\"name\":\"Hooked End Steel Fiber\"}]},{\"@type\":\"WebSite\",\"@id\":\"https:\/\/www.jinyupaint.com\/#website\",\"url\":\"https:\/\/www.jinyupaint.com\/\",\"name\":\"JINYU\u00ae PAINT\",\"description\":\"JINYU PAINT\u00ae Manufacturer\",\"potentialAction\":[{\"@type\":\"SearchAction\",\"target\":{\"@type\":\"EntryPoint\",\"urlTemplate\":\"https:\/\/www.jinyupaint.com\/?s={search_term_string}\"},\"query-input\":{\"@type\":\"PropertyValueSpecification\",\"valueRequired\":true,\"valueName\":\"search_term_string\"}}],\"inLanguage\":\"pt-PT\"}]}<\/script>\n<!-- \/ Yoast SEO Premium plugin. -->","yoast_head_json":{"title":"Hooked End Steel Fiber - KAIDA PAINT\u00ae","robots":{"index":"index","follow":"follow","max-snippet":"max-snippet:-1","max-image-preview":"max-image-preview:large","max-video-preview":"max-video-preview:-1"},"canonical":"https:\/\/www.jinyupaint.com\/pt\/produto\/hooked-end-steel-fiber\/","og_locale":"pt_PT","og_type":"article","og_title":"Hooked End Steel Fiber","og_description":"Product Description Hooked End Steet Fiber are cut from thin sieel wires of acertain sirength [&hellip;]","og_url":"https:\/\/www.jinyupaint.com\/pt\/produto\/hooked-end-steel-fiber\/","og_site_name":"KAIDA PAINT\u00ae","article_modified_time":"2025-04-18T03:22:28+00:00","og_image":[{"width":1706,"height":1279,"url":"https:\/\/www.jinyupaint.com\/wp-content\/uploads\/2025\/01\/\u7aef\u94a9\u94a2\u7ea4\u7ef4.jpg","type":"image\/jpeg"}],"twitter_card":"summary_large_image","twitter_misc":{"Tempo estimado de leitura":"3 minutos"},"schema":{"@context":"https:\/\/schema.org","@graph":[{"@type":"WebPage","@id":"https:\/\/www.jinyupaint.com\/product\/hooked-end-steel-fiber","url":"https:\/\/www.jinyupaint.com\/product\/hooked-end-steel-fiber","name":"Hooked End Steel Fiber - KAIDA PAINT\u00ae","isPartOf":{"@id":"https:\/\/www.jinyupaint.com\/#website"},"primaryImageOfPage":{"@id":"https:\/\/www.jinyupaint.com\/product\/hooked-end-steel-fiber#primaryimage"},"image":{"@id":"https:\/\/www.jinyupaint.com\/product\/hooked-end-steel-fiber#primaryimage"},"thumbnailUrl":"https:\/\/www.jinyupaint.com\/wp-content\/uploads\/2025\/01\/\u7aef\u94a9\u94a2\u7ea4\u7ef4.jpg","datePublished":"2025-01-06T11:43:25+00:00","dateModified":"2025-04-18T03:22:28+00:00","breadcrumb":{"@id":"https:\/\/www.jinyupaint.com\/product\/hooked-end-steel-fiber#breadcrumb"},"inLanguage":"pt-PT","potentialAction":[{"@type":"ReadAction","target":["https:\/\/www.jinyupaint.com\/product\/hooked-end-steel-fiber"]}]},{"@type":"ImageObject","inLanguage":"pt-PT","@id":"https:\/\/www.jinyupaint.com\/product\/hooked-end-steel-fiber#primaryimage","url":"https:\/\/www.jinyupaint.com\/wp-content\/uploads\/2025\/01\/\u7aef\u94a9\u94a2\u7ea4\u7ef4.jpg","contentUrl":"https:\/\/www.jinyupaint.com\/wp-content\/uploads\/2025\/01\/\u7aef\u94a9\u94a2\u7ea4\u7ef4.jpg","width":1706,"height":1279},{"@type":"BreadcrumbList","@id":"https:\/\/www.jinyupaint.com\/product\/hooked-end-steel-fiber#breadcrumb","itemListElement":[{"@type":"ListItem","position":1,"name":"Home","item":"https:\/\/www.jinyupaint.com\/"},{"@type":"ListItem","position":2,"name":"Shop","item":"https:\/\/www.jinyupaint.com\/shop.html"},{"@type":"ListItem","position":3,"name":"Hooked End Steel Fiber"}]},{"@type":"WebSite","@id":"https:\/\/www.jinyupaint.com\/#website","url":"https:\/\/www.jinyupaint.com\/","name":"PINTURA JINYU","description":"JINYU PAINT\u00ae Fabricante","potentialAction":[{"@type":"SearchAction","target":{"@type":"EntryPoint","urlTemplate":"https:\/\/www.jinyupaint.com\/?s={search_term_string}"},"query-input":{"@type":"PropertyValueSpecification","valueRequired":true,"valueName":"search_term_string"}}],"inLanguage":"pt-PT"}]}},"_links":{"self":[{"href":"https:\/\/www.jinyupaint.com\/pt\/wp-json\/wp\/v2\/product\/2467","targetHints":{"allow":["GET"]}}],"collection":[{"href":"https:\/\/www.jinyupaint.com\/pt\/wp-json\/wp\/v2\/product"}],"about":[{"href":"https:\/\/www.jinyupaint.com\/pt\/wp-json\/wp\/v2\/types\/product"}],"wp:featuredmedia":[{"embeddable":true,"href":"https:\/\/www.jinyupaint.com\/pt\/wp-json\/wp\/v2\/media\/2460"}],"wp:attachment":[{"href":"https:\/\/www.jinyupaint.com\/pt\/wp-json\/wp\/v2\/media?parent=2467"}],"wp:term":[{"taxonomy":"product_brand","embeddable":true,"href":"https:\/\/www.jinyupaint.com\/pt\/wp-json\/wp\/v2\/product_brand?post=2467"},{"taxonomy":"product_cat","embeddable":true,"href":"https:\/\/www.jinyupaint.com\/pt\/wp-json\/wp\/v2\/product_cat?post=2467"},{"taxonomy":"product_tag","embeddable":true,"href":"https:\/\/www.jinyupaint.com\/pt\/wp-json\/wp\/v2\/product_tag?post=2467"}],"curies":[{"name":"wp","href":"https:\/\/api.w.org\/{rel}","templated":true}]}}