{"id":2465,"date":"2025-01-06T11:24:29","date_gmt":"2025-01-06T11:24:29","guid":{"rendered":"https:\/\/www.jinyupaint.com\/?post_type=product&#038;p=2465"},"modified":"2025-04-18T03:22:47","modified_gmt":"2025-04-18T03:22:47","slug":"alkali-resistant-glass-fiber","status":"publish","type":"product","link":"https:\/\/www.jinyupaint.com\/pt\/produto\/alkali-resistant-glass-fiber","title":{"rendered":"Fibra de vidro resistente a \u00e1lcalis"},"content":{"rendered":"<p>Descri\u00e7\u00e3o do produto<br \/>\nA fibra de vidro resistente aos \u00e1lcalis \u00e9 uma fibra inorg\u00e2nica 100% e \u00e9 ideal para substituir o a\u00e7o e o amianto em componentes de cimento sem carga. A fibra de vidro resistente aos \u00e1lcalis tem boa resist\u00eancia aos \u00e1lcalis, pode efetivamente resistir \u00e0 eros\u00e3o de subst\u00e2ncias com alto teor de \u00e1lcalis no cimento, alta resist\u00eancia \u00e0 tra\u00e7\u00e3o, alta resist\u00eancia \u00e0 flex\u00e3o, n\u00e3o inflam\u00e1vel, anticongelante, temperatura e capacidade de mudan\u00e7a de umidade.<\/p>\n<p>Fun\u00e7\u00e3o do produto<br \/>\n1.Melhorar o desempenho de flex\u00e3o do bet\u00e3o endurecido.2.Controlar e prevenir a fissura\u00e7\u00e3o do bet\u00e3o rec\u00e9m-misturado.bet\u00e3o endurecido e argamassa3.Misturado uniformemente, alta efici\u00eancia4.N\u00e3o \u00e9 f\u00e1cil de corroer.5.Bom desempenho de bombeamento.6.Baixo consumo de \u00e1gua.7.A utiliza\u00e7\u00e3o de doses elevadas n\u00e3o afecta o desempenho do processo.<\/p>\n<p>Campo de aplica\u00e7\u00e3o<br \/>\n1.DAMS, canais, \u00e1gua, etc.2.T\u00fanel, parede de mina, telhado.3.Rio, barragem, reservat\u00f3rio e outros projectos.4.Engenharia de prote\u00e7\u00e3o militar, revestimento de cais, pontes, etc.5.A produ\u00e7\u00e3o de componentes de bet\u00e3o, tubos, placas.6.Autoestrada, engenharia de energia, etc.7.Constru\u00e7\u00e3o de piso superior, paredes internas e externas, cave, etc.<\/p>\n<p>Instru\u00e7\u00e3o<br \/>\nDosagem recomendada: Refor\u00e7o secund\u00e1rio: 1,5-5 kg\/m*, refor\u00e7o prim\u00e1rio, pavimento refor\u00e7ado: 5-15 kg\/m<br \/>\nProcesso de mistura: Adicionar agregado - adicionar fibra - adicionar cimento - adicionar \u00e1gua - * adicionar \u00e1gua, dispersar completamente as fibras<\/p>\n<p>Detalhes da embalagemEmbalagem: Saco de pl\u00e1stico interior 1kg-5kg\/saco, saco de tecido exterior ou caixa de cart\u00e3o10kg-25kg\/saco ou caixa, 500kgs por palete, tamb\u00e9m pode ser produzido e embalado de acordo com os requisitos do utilizador.<\/p>","protected":false},"excerpt":{"rendered":"<p>Product Description Alkali resistant glass fiber is 100% inorganic fiber and is idealfor replacing steel [&hellip;]<\/p>\n","protected":false},"featured_media":2463,"template":"","meta":{"om_disable_all_campaigns":false,"_monsterinsights_skip_tracking":false,"_monsterinsights_sitenote_active":false,"_monsterinsights_sitenote_note":"","_monsterinsights_sitenote_category":0,"_uf_show_specific_survey":0,"_uf_disable_surveys":false},"product_brand":[],"product_cat":[124],"product_tag":[],"class_list":{"0":"post-2465","1":"product","2":"type-product","3":"status-publish","4":"has-post-thumbnail","6":"product_cat-fiber-reinforcement-materials","8":"first","9":"instock","10":"shipping-taxable","11":"product-type-simple"},"yoast_head":"<!-- This site is optimized with the Yoast SEO Premium plugin v26.2 (Yoast SEO v26.5) - https:\/\/yoast.com\/wordpress\/plugins\/seo\/ -->\n<title>Alkali Resistant Glass Fiber - KAIDA PAINT\u00ae<\/title>\n<meta name=\"robots\" content=\"index, follow, max-snippet:-1, max-image-preview:large, max-video-preview:-1\" \/>\n<link rel=\"canonical\" href=\"https:\/\/www.jinyupaint.com\/pt\/produto\/alkali-resistant-glass-fiber\/\" \/>\n<meta property=\"og:locale\" content=\"pt_PT\" \/>\n<meta property=\"og:type\" content=\"article\" \/>\n<meta property=\"og:title\" content=\"Alkali Resistant Glass Fiber\" \/>\n<meta property=\"og:description\" content=\"Product Description Alkali resistant glass fiber is 100% inorganic fiber and is idealfor replacing steel [&hellip;]\" \/>\n<meta property=\"og:url\" content=\"https:\/\/www.jinyupaint.com\/pt\/produto\/alkali-resistant-glass-fiber\/\" \/>\n<meta property=\"og:site_name\" content=\"KAIDA PAINT\u00ae\" \/>\n<meta property=\"article:modified_time\" content=\"2025-04-18T03:22:47+00:00\" \/>\n<meta property=\"og:image\" content=\"https:\/\/www.jinyupaint.com\/wp-content\/uploads\/2025\/01\/\u8010\u78b1\u73bb\u7483\u7ea4\u7ef4.jpg\" \/>\n\t<meta property=\"og:image:width\" content=\"800\" \/>\n\t<meta property=\"og:image:height\" content=\"578\" \/>\n\t<meta property=\"og:image:type\" content=\"image\/jpeg\" \/>\n<meta name=\"twitter:card\" content=\"summary_large_image\" \/>\n<meta name=\"twitter:label1\" content=\"Tempo estimado de leitura\" \/>\n\t<meta name=\"twitter:data1\" content=\"1 minuto\" \/>\n<script type=\"application\/ld+json\" class=\"yoast-schema-graph\">{\"@context\":\"https:\/\/schema.org\",\"@graph\":[{\"@type\":\"WebPage\",\"@id\":\"https:\/\/www.jinyupaint.com\/product\/alkali-resistant-glass-fiber\",\"url\":\"https:\/\/www.jinyupaint.com\/product\/alkali-resistant-glass-fiber\",\"name\":\"Alkali Resistant Glass Fiber - KAIDA PAINT\u00ae\",\"isPartOf\":{\"@id\":\"https:\/\/www.jinyupaint.com\/#website\"},\"primaryImageOfPage\":{\"@id\":\"https:\/\/www.jinyupaint.com\/product\/alkali-resistant-glass-fiber#primaryimage\"},\"image\":{\"@id\":\"https:\/\/www.jinyupaint.com\/product\/alkali-resistant-glass-fiber#primaryimage\"},\"thumbnailUrl\":\"https:\/\/www.jinyupaint.com\/wp-content\/uploads\/2025\/01\/\u8010\u78b1\u73bb\u7483\u7ea4\u7ef4.jpg\",\"datePublished\":\"2025-01-06T11:24:29+00:00\",\"dateModified\":\"2025-04-18T03:22:47+00:00\",\"breadcrumb\":{\"@id\":\"https:\/\/www.jinyupaint.com\/product\/alkali-resistant-glass-fiber#breadcrumb\"},\"inLanguage\":\"pt-PT\",\"potentialAction\":[{\"@type\":\"ReadAction\",\"target\":[\"https:\/\/www.jinyupaint.com\/product\/alkali-resistant-glass-fiber\"]}]},{\"@type\":\"ImageObject\",\"inLanguage\":\"pt-PT\",\"@id\":\"https:\/\/www.jinyupaint.com\/product\/alkali-resistant-glass-fiber#primaryimage\",\"url\":\"https:\/\/www.jinyupaint.com\/wp-content\/uploads\/2025\/01\/\u8010\u78b1\u73bb\u7483\u7ea4\u7ef4.jpg\",\"contentUrl\":\"https:\/\/www.jinyupaint.com\/wp-content\/uploads\/2025\/01\/\u8010\u78b1\u73bb\u7483\u7ea4\u7ef4.jpg\",\"width\":800,\"height\":578},{\"@type\":\"BreadcrumbList\",\"@id\":\"https:\/\/www.jinyupaint.com\/product\/alkali-resistant-glass-fiber#breadcrumb\",\"itemListElement\":[{\"@type\":\"ListItem\",\"position\":1,\"name\":\"Home\",\"item\":\"https:\/\/www.jinyupaint.com\/\"},{\"@type\":\"ListItem\",\"position\":2,\"name\":\"Shop\",\"item\":\"https:\/\/www.jinyupaint.com\/shop.html\"},{\"@type\":\"ListItem\",\"position\":3,\"name\":\"Alkali Resistant Glass Fiber\"}]},{\"@type\":\"WebSite\",\"@id\":\"https:\/\/www.jinyupaint.com\/#website\",\"url\":\"https:\/\/www.jinyupaint.com\/\",\"name\":\"JINYU\u00ae PAINT\",\"description\":\"JINYU PAINT\u00ae Manufacturer\",\"potentialAction\":[{\"@type\":\"SearchAction\",\"target\":{\"@type\":\"EntryPoint\",\"urlTemplate\":\"https:\/\/www.jinyupaint.com\/?s={search_term_string}\"},\"query-input\":{\"@type\":\"PropertyValueSpecification\",\"valueRequired\":true,\"valueName\":\"search_term_string\"}}],\"inLanguage\":\"pt-PT\"}]}<\/script>\n<!-- \/ Yoast SEO Premium plugin. -->","yoast_head_json":{"title":"Fibra de vidro resistente a \u00e1lcalis - KAIDA PAINT\u00ae","robots":{"index":"index","follow":"follow","max-snippet":"max-snippet:-1","max-image-preview":"max-image-preview:large","max-video-preview":"max-video-preview:-1"},"canonical":"https:\/\/www.jinyupaint.com\/pt\/produto\/alkali-resistant-glass-fiber\/","og_locale":"pt_PT","og_type":"article","og_title":"Alkali Resistant Glass Fiber","og_description":"Product Description Alkali resistant glass fiber is 100% inorganic fiber and is idealfor replacing steel [&hellip;]","og_url":"https:\/\/www.jinyupaint.com\/pt\/produto\/alkali-resistant-glass-fiber\/","og_site_name":"KAIDA PAINT\u00ae","article_modified_time":"2025-04-18T03:22:47+00:00","og_image":[{"width":800,"height":578,"url":"https:\/\/www.jinyupaint.com\/wp-content\/uploads\/2025\/01\/\u8010\u78b1\u73bb\u7483\u7ea4\u7ef4.jpg","type":"image\/jpeg"}],"twitter_card":"summary_large_image","twitter_misc":{"Tempo estimado de leitura":"1 minuto"},"schema":{"@context":"https:\/\/schema.org","@graph":[{"@type":"WebPage","@id":"https:\/\/www.jinyupaint.com\/product\/alkali-resistant-glass-fiber","url":"https:\/\/www.jinyupaint.com\/product\/alkali-resistant-glass-fiber","name":"Fibra de vidro resistente a \u00e1lcalis - KAIDA PAINT\u00ae","isPartOf":{"@id":"https:\/\/www.jinyupaint.com\/#website"},"primaryImageOfPage":{"@id":"https:\/\/www.jinyupaint.com\/product\/alkali-resistant-glass-fiber#primaryimage"},"image":{"@id":"https:\/\/www.jinyupaint.com\/product\/alkali-resistant-glass-fiber#primaryimage"},"thumbnailUrl":"https:\/\/www.jinyupaint.com\/wp-content\/uploads\/2025\/01\/\u8010\u78b1\u73bb\u7483\u7ea4\u7ef4.jpg","datePublished":"2025-01-06T11:24:29+00:00","dateModified":"2025-04-18T03:22:47+00:00","breadcrumb":{"@id":"https:\/\/www.jinyupaint.com\/product\/alkali-resistant-glass-fiber#breadcrumb"},"inLanguage":"pt-PT","potentialAction":[{"@type":"ReadAction","target":["https:\/\/www.jinyupaint.com\/product\/alkali-resistant-glass-fiber"]}]},{"@type":"ImageObject","inLanguage":"pt-PT","@id":"https:\/\/www.jinyupaint.com\/product\/alkali-resistant-glass-fiber#primaryimage","url":"https:\/\/www.jinyupaint.com\/wp-content\/uploads\/2025\/01\/\u8010\u78b1\u73bb\u7483\u7ea4\u7ef4.jpg","contentUrl":"https:\/\/www.jinyupaint.com\/wp-content\/uploads\/2025\/01\/\u8010\u78b1\u73bb\u7483\u7ea4\u7ef4.jpg","width":800,"height":578},{"@type":"BreadcrumbList","@id":"https:\/\/www.jinyupaint.com\/product\/alkali-resistant-glass-fiber#breadcrumb","itemListElement":[{"@type":"ListItem","position":1,"name":"Home","item":"https:\/\/www.jinyupaint.com\/"},{"@type":"ListItem","position":2,"name":"Shop","item":"https:\/\/www.jinyupaint.com\/shop.html"},{"@type":"ListItem","position":3,"name":"Alkali Resistant Glass Fiber"}]},{"@type":"WebSite","@id":"https:\/\/www.jinyupaint.com\/#website","url":"https:\/\/www.jinyupaint.com\/","name":"PINTURA JINYU","description":"JINYU PAINT\u00ae Fabricante","potentialAction":[{"@type":"SearchAction","target":{"@type":"EntryPoint","urlTemplate":"https:\/\/www.jinyupaint.com\/?s={search_term_string}"},"query-input":{"@type":"PropertyValueSpecification","valueRequired":true,"valueName":"search_term_string"}}],"inLanguage":"pt-PT"}]}},"_links":{"self":[{"href":"https:\/\/www.jinyupaint.com\/pt\/wp-json\/wp\/v2\/product\/2465","targetHints":{"allow":["GET"]}}],"collection":[{"href":"https:\/\/www.jinyupaint.com\/pt\/wp-json\/wp\/v2\/product"}],"about":[{"href":"https:\/\/www.jinyupaint.com\/pt\/wp-json\/wp\/v2\/types\/product"}],"wp:featuredmedia":[{"embeddable":true,"href":"https:\/\/www.jinyupaint.com\/pt\/wp-json\/wp\/v2\/media\/2463"}],"wp:attachment":[{"href":"https:\/\/www.jinyupaint.com\/pt\/wp-json\/wp\/v2\/media?parent=2465"}],"wp:term":[{"taxonomy":"product_brand","embeddable":true,"href":"https:\/\/www.jinyupaint.com\/pt\/wp-json\/wp\/v2\/product_brand?post=2465"},{"taxonomy":"product_cat","embeddable":true,"href":"https:\/\/www.jinyupaint.com\/pt\/wp-json\/wp\/v2\/product_cat?post=2465"},{"taxonomy":"product_tag","embeddable":true,"href":"https:\/\/www.jinyupaint.com\/pt\/wp-json\/wp\/v2\/product_tag?post=2465"}],"curies":[{"name":"wp","href":"https:\/\/api.w.org\/{rel}","templated":true}]}}