{"id":1520,"date":"2023-10-17T06:18:19","date_gmt":"2023-10-17T06:18:19","guid":{"rendered":"http:\/\/www.jinyupaint.com\/?post_type=product&#038;p=1520"},"modified":"2025-07-24T04:45:34","modified_gmt":"2025-07-24T04:45:34","slug":"kd-nsf-fp-jy-sg-indoor-non-expandive-steel-structure-fire-retardant-coating","status":"publish","type":"product","link":"https:\/\/www.jinyupaint.com\/pt\/produto\/kd-nsf-fp-jy-sg-indoor-non-expandive-steel-structure-fire-retardant-coating","title":{"rendered":"KD-NSF-FP-JY-SG Pintura \u00e0 prova de fogo para estruturas de a\u00e7o n\u00e3o intumescentes para interiores"},"content":{"rendered":"<h2 class=\"ds-markdown-paragraph\"><strong>Descri\u00e7\u00e3o do produto:<\/strong><\/h2>\n<p class=\"ds-markdown-paragraph\">O JY-SG representa o nosso sistema de pintura \u00e0 prova de fogo n\u00e3o intumescente de segunda gera\u00e7\u00e3o para prote\u00e7\u00e3o de a\u00e7o em interiores. Utilizando o gesso como material de base combinado com componentes de isolamento inorg\u00e2nicos leves, este revestimento inovador proporciona uma elevada resist\u00eancia com uma carga estrutural m\u00ednima, permitindo uma constru\u00e7\u00e3o de aplica\u00e7\u00e3o \u00fanica. A f\u00f3rmula sem amianto e sem benzeno cumpre as rigorosas normas de toxicidade AQ1 com emiss\u00f5es de fumo ultra-baixas durante os inc\u00eandios.<\/p>\n<h2 class=\"ds-markdown-paragraph\"><strong>Carater\u00edsticas principais:<\/strong><\/h2>\n<p class=\"ds-markdown-paragraph\">\u2714 <strong>Resist\u00eancia ao fogo de 1,5-4,0 horas<\/strong>\u00a0- Certifica\u00e7\u00e3o GB14907-2018<br \/>\n\u2714\u00a0<strong>F\u00f3rmula amiga do ambiente<\/strong>\u00a0- N\u00e3o t\u00f3xico com um impacto ambiental m\u00ednimo<br \/>\n\u2714\u00a0<strong>Constru\u00e7\u00e3o de aplica\u00e7\u00e3o \u00fanica<\/strong>\u00a0- Instala\u00e7\u00e3o economizadora de tempo<br \/>\n\u2714\u00a0<strong>Baixa emiss\u00e3o de fumo<\/strong>\u00a0- Certificado de toxicidade AQ1<br \/>\n\u2714\u00a0<strong>Aprovado pelo CCCF<\/strong>\u00a0- Em conformidade com os regulamentos de seguran\u00e7a contra inc\u00eandios da China<\/p>\n<h2 class=\"ds-markdown-paragraph\"><strong>Especifica\u00e7\u00f5es t\u00e9cnicas:<\/strong><\/h2>\n<div class=\"markdown-table-wrapper\">\n<table>\n<thead>\n<tr>\n<th>C\u00f3digo do produto<\/th>\n<th>Cert. N\u00e3o.<\/th>\n<th>Resist\u00eancia \u00e0 compress\u00e3o<\/th>\n<th>Densidade<\/th>\n<th>Classifica\u00e7\u00e3o de fogo<\/th>\n<th>Espessura<\/th>\n<th>Cobertura<\/th>\n<\/tr>\n<\/thead>\n<tbody>\n<tr>\n<td>GT-NSF-Fp1.50-JY-SG<\/td>\n<td>Z2021081809000450<\/td>\n<td>0,4MPa<\/td>\n<td>394 kg\/m\u00b3<\/td>\n<td>1.5h<\/td>\n<td>17 mm<\/td>\n<td>11,9 kg\/m\u00b2<\/td>\n<\/tr>\n<tr>\n<td>GT-NSF-Fp3.00-JY-SG<\/td>\n<td>Z2021081809000449<\/td>\n<td>0,4MPa<\/td>\n<td>394 kg\/m\u00b3<\/td>\n<td>3h<\/td>\n<td>29 mm<\/td>\n<td>20,3 kg\/m\u00b2<\/td>\n<\/tr>\n<\/tbody>\n<\/table>\n<\/div>\n<h2 class=\"ds-markdown-paragraph\"><strong>Guia de aplica\u00e7\u00e3o:<\/strong><\/h2>\n<ol start=\"1\">\n<li>\n<p class=\"ds-markdown-paragraph\"><strong>Camada de base<\/strong>: Misturar p\u00f3:adesivo = 5:1, pulverizar uma camada de textura de 1-3 mm (24 horas de cura)<\/p>\n<\/li>\n<li>\n<p class=\"ds-markdown-paragraph\"><strong>Revestimento principal<\/strong>: Misturar p\u00f3:\u00e1gua = 1:1.2-1.3, aplicar um spray envolvente<\/p>\n<\/li>\n<li>\n<p class=\"ds-markdown-paragraph\"><strong>Refor\u00e7o<\/strong>: Para classifica\u00e7\u00f5es 3h+, incorporar malha de fibra de vidro com 14 mm de espessura<\/p>\n<\/li>\n<\/ol>\n<h2 class=\"ds-markdown-paragraph\"><strong>Armazenamento:<\/strong><\/h2>\n<p class=\"ds-markdown-paragraph\">Ambiente seco e ventilado (\u22655\u00b0C), prazo de validade de 6 meses<\/p>\n<p>&nbsp;<\/p>\n<figure id=\"attachment_5379\" aria-describedby=\"caption-attachment-5379\" style=\"width: 570px\" class=\"wp-caption alignnone\"><a href=\"https:\/\/www.jinyupaint.com\/wp-content\/uploads\/2023\/10\/GT-NSF-FP-JY-SG-Indoor-Non-intumescent-Steel-Structure-Fire-Retardant-Paint-2-1.jpg\"><img fetchpriority=\"high\" decoding=\"async\" class=\"wp-image-5379 size-full\" src=\"https:\/\/www.jinyupaint.com\/wp-content\/uploads\/2023\/10\/GT-NSF-FP-JY-SG-Indoor-Non-intumescent-Steel-Structure-Fire-Retardant-Paint-2-1.jpg\" alt=\"GT NSF FP JY SG Tinta retardadora de fogo para estruturas de a\u00e7o n\u00e3o intumescentes para interiores\" width=\"570\" height=\"360\" srcset=\"https:\/\/www.jinyupaint.com\/wp-content\/uploads\/2023\/10\/GT-NSF-FP-JY-SG-Indoor-Non-intumescent-Steel-Structure-Fire-Retardant-Paint-2-1.jpg 570w, https:\/\/www.jinyupaint.com\/wp-content\/uploads\/2023\/10\/GT-NSF-FP-JY-SG-Indoor-Non-intumescent-Steel-Structure-Fire-Retardant-Paint-2-1-300x189.jpg 300w, https:\/\/www.jinyupaint.com\/wp-content\/uploads\/2023\/10\/GT-NSF-FP-JY-SG-Indoor-Non-intumescent-Steel-Structure-Fire-Retardant-Paint-2-1-18x12.jpg 18w\" sizes=\"(max-width: 570px) 100vw, 570px\" \/><\/a><figcaption id=\"caption-attachment-5379\" class=\"wp-caption-text\">Revestimento cinzento liso resistente ao fogo KD-NSF-FP-JY-SG que cobre totalmente colunas de a\u00e7o estrutural numa esta\u00e7\u00e3o de metro, cumprindo os c\u00f3digos de seguran\u00e7a contra inc\u00eandios e mantendo uma est\u00e9tica arquitet\u00f3nica limpa.<\/figcaption><\/figure>\n<figure id=\"attachment_5380\" aria-describedby=\"caption-attachment-5380\" style=\"width: 570px\" class=\"wp-caption alignnone\"><a href=\"https:\/\/www.jinyupaint.com\/wp-content\/uploads\/2023\/10\/GT-NSF-FP-JY-SG-Indoor-Non-intumescent-Steel-Structure-Fire-Retardant-Paint-3-1.jpg\" data-wp-editing=\"1\"><img decoding=\"async\" class=\"wp-image-5380 size-full\" src=\"https:\/\/www.jinyupaint.com\/wp-content\/uploads\/2023\/10\/GT-NSF-FP-JY-SG-Indoor-Non-intumescent-Steel-Structure-Fire-Retardant-Paint-3-1.jpg\" alt=\"GT NSF FP JY SG Tinta retardadora de fogo para estruturas de a\u00e7o n\u00e3o intumescentes para interiores\" width=\"570\" height=\"360\" srcset=\"https:\/\/www.jinyupaint.com\/wp-content\/uploads\/2023\/10\/GT-NSF-FP-JY-SG-Indoor-Non-intumescent-Steel-Structure-Fire-Retardant-Paint-3-1.jpg 570w, https:\/\/www.jinyupaint.com\/wp-content\/uploads\/2023\/10\/GT-NSF-FP-JY-SG-Indoor-Non-intumescent-Steel-Structure-Fire-Retardant-Paint-3-1-300x189.jpg 300w, https:\/\/www.jinyupaint.com\/wp-content\/uploads\/2023\/10\/GT-NSF-FP-JY-SG-Indoor-Non-intumescent-Steel-Structure-Fire-Retardant-Paint-3-1-18x12.jpg 18w\" sizes=\"(max-width: 570px) 100vw, 570px\" \/><\/a><figcaption id=\"caption-attachment-5380\" class=\"wp-caption-text\">Trabalhadores da constru\u00e7\u00e3o civil com equipamento de prote\u00e7\u00e3o aplicam tinta \u00e0 prova de fogo KD-NSF-FP-JY-SG em vigas de a\u00e7o utilizando equipamento de pulveriza\u00e7\u00e3o, assegurando uma cobertura uniforme para a prote\u00e7\u00e3o contra inc\u00eandios cr\u00edtica num projeto de edif\u00edcio alto.<\/figcaption><\/figure>\n<p>&nbsp;<\/p>\n<p class=\"ds-markdown-paragraph\"><strong>Caso de projeto: Fujian Xiamen New Sports Center Aplica\u00e7\u00e3o de revestimento \u00e0 prova de fogo<\/strong><\/p>\n<p class=\"ds-markdown-paragraph\">O projeto do Fujian Xiamen New Sports Center incorporou solu\u00e7\u00f5es avan\u00e7adas de revestimento \u00e0 prova de fogo para garantir uma resist\u00eancia superior ao fogo e conformidade de seguran\u00e7a para os seus componentes estruturais. Os nossos revestimentos de elevado desempenho foram aplicados em \u00e1reas cr\u00edticas, aumentando a durabilidade e cumprindo as rigorosas normas de seguran\u00e7a internacionais. Esta iniciativa sublinha o nosso compromisso em fornecer prote\u00e7\u00e3o contra inc\u00eandios inovadora e fi\u00e1vel para infra-estruturas p\u00fablicas de grande escala.<\/p>\n<figure id=\"attachment_5364\" aria-describedby=\"caption-attachment-5364\" style=\"width: 570px\" class=\"wp-caption alignnone\"><a href=\"https:\/\/www.jinyupaint.com\/wp-content\/uploads\/2023\/10\/Beijing-City-sub-center-Museum-theater-libraryBajiao-Bay-Convention-and-Exhibition-Center.jpg\"><img decoding=\"async\" class=\"wp-image-5364 size-full\" title=\"Subcentro da cidade de Pequim Museu, teatro, bibliotecaCentro de Conven\u00e7\u00f5es e Exposi\u00e7\u00f5es da Ba\u00eda de Bajiao\" src=\"https:\/\/www.jinyupaint.com\/wp-content\/uploads\/2023\/10\/Beijing-City-sub-center-Museum-theater-libraryBajiao-Bay-Convention-and-Exhibition-Center.jpg\" alt=\"Subcentro da cidade de Pequim Museu, teatro, bibliotecaCentro de Conven\u00e7\u00f5es e Exposi\u00e7\u00f5es da Ba\u00eda de Bajiao\" width=\"570\" height=\"360\" srcset=\"https:\/\/www.jinyupaint.com\/wp-content\/uploads\/2023\/10\/Beijing-City-sub-center-Museum-theater-libraryBajiao-Bay-Convention-and-Exhibition-Center.jpg 570w, https:\/\/www.jinyupaint.com\/wp-content\/uploads\/2023\/10\/Beijing-City-sub-center-Museum-theater-libraryBajiao-Bay-Convention-and-Exhibition-Center-300x189.jpg 300w, https:\/\/www.jinyupaint.com\/wp-content\/uploads\/2023\/10\/Beijing-City-sub-center-Museum-theater-libraryBajiao-Bay-Convention-and-Exhibition-Center-18x12.jpg 18w\" sizes=\"(max-width: 570px) 100vw, 570px\" \/><\/a><figcaption id=\"caption-attachment-5364\" class=\"wp-caption-text\">Subcentro da cidade de Pequim Museu, teatro, bibliotecaCentro de Conven\u00e7\u00f5es e Exposi\u00e7\u00f5es da Ba\u00eda de Bajiao<\/figcaption><\/figure>\n<p class=\"ds-markdown-paragraph\"><strong>Caso de Projeto: Complexo Cultural do Sub-Centro da Cidade de Pequim e Aplica\u00e7\u00e3o de Revestimento \u00e0 Prova de Fogo do Centro de Conven\u00e7\u00f5es e Exposi\u00e7\u00f5es da Ba\u00eda de Yantai Bajiao<\/strong><\/p>\n<p class=\"ds-markdown-paragraph\">Este projeto envolveu a aplica\u00e7\u00e3o de revestimentos \u00e0 prova de fogo de alto desempenho (incluindo STI-A, JY-SG, STI-C, BTCB-1 e SB-3) em estruturas importantes, como o Museu do Subcentro da Cidade de Pequim, Teatro, Biblioteca e o Centro de Conven\u00e7\u00f5es e Exposi\u00e7\u00f5es Yantai Bajiao Bay, com 32 m de altura. Conclu\u00eddas em abril de 2021, nossas solu\u00e7\u00f5es \u00e0 prova de fogo garantiram a conformidade com padr\u00f5es de seguran\u00e7a rigorosos, melhorando a integridade estrutural e a resist\u00eancia ao fogo para esses locais p\u00fablicos de alto perfil. A utiliza\u00e7\u00e3o de materiais avan\u00e7ados como o WCB demonstrou ainda mais o nosso compromisso com a inova\u00e7\u00e3o e a fiabilidade na prote\u00e7\u00e3o de infra-estruturas em grande escala.<\/p>\n<figure id=\"attachment_5365\" aria-describedby=\"caption-attachment-5365\" style=\"width: 570px\" class=\"wp-caption alignnone\"><a href=\"https:\/\/www.jinyupaint.com\/wp-content\/uploads\/2023\/10\/Fujian-Xiamen-new-Sports-Center.jpg\"><img loading=\"lazy\" decoding=\"async\" class=\"wp-image-5365 size-full\" title=\"Novo centro desportivo de Fujian Xiamen\" src=\"https:\/\/www.jinyupaint.com\/wp-content\/uploads\/2023\/10\/Fujian-Xiamen-new-Sports-Center.jpg\" alt=\"Novo centro desportivo de Fujian Xiamen\" width=\"570\" height=\"360\" srcset=\"https:\/\/www.jinyupaint.com\/wp-content\/uploads\/2023\/10\/Fujian-Xiamen-new-Sports-Center.jpg 570w, https:\/\/www.jinyupaint.com\/wp-content\/uploads\/2023\/10\/Fujian-Xiamen-new-Sports-Center-300x189.jpg 300w, https:\/\/www.jinyupaint.com\/wp-content\/uploads\/2023\/10\/Fujian-Xiamen-new-Sports-Center-18x12.jpg 18w\" sizes=\"(max-width: 570px) 100vw, 570px\" \/><\/a><figcaption id=\"caption-attachment-5365\" class=\"wp-caption-text\">Novo centro desportivo de Fujian Xiamen<\/figcaption><\/figure>","protected":false},"excerpt":{"rendered":"<p class=\"ds-markdown-paragraph\">JY-SG is an advanced\u00a0non-intumescent fireproof paint\u00a0specially designed for\u00a0indoor steel protection. Using an innovative gypsum-based formula with lightweight inorganic materials, it provides:<\/p>\n<p class=\"ds-markdown-paragraph\">\u2714\u00a0<strong>1.5-4 Hour Fire Resistance<\/strong>\u00a0&#8211; GB14907-2018 certified<br \/>\n\u2714\u00a0<strong>Low Smoke &amp; Toxicity<\/strong>\u00a0&#8211; AQ1 certified for enhanced safety<br \/>\n\u2714\u00a0<strong>Single-Application Construction<\/strong>\u00a0&#8211; Saves time and labor costs<br \/>\n\u2714\u00a0<strong>Eco-Friendly<\/strong>\u00a0&#8211; Non-toxic, asbestos-free, and low-VOC<br \/>\n\u2714\u00a0<strong>CCCF Approved<\/strong>\u00a0&#8211; Meets China&#8217;s strict fire safety standards<\/p>\n<p class=\"ds-markdown-paragraph\"><strong>Technical Advantages:<\/strong><\/p>\n<ul>\n<li>\n<ul style=\"list-style: inside;\">\n<li>High compressive strength (0.4MPa) with low density (394kg\/m\u00b3)<\/li>\n<li>Can be applied in\u00a0one continuous layer\u00a0(up to 29mm thickness)<\/li>\n<li>Compatible with spray application for uniform coverage<\/li>\n<\/ul>\n<\/li>\n<\/ul>\n<p class=\"ds-markdown-paragraph\"><strong>Ideal for:<\/strong>\u00a0High-rise buildings, commercial complexes, exhibition centers, and other critical indoor steel structures requiring certified fire protection.<\/p>\n<p class=\"ds-markdown-paragraph\">With its\u00a0excellent fireproof performance\u00a0and\u00a0environmentally friendly composition, JY-SG offers reliable, long-lasting protection while maintaining indoor air quality &#8211; making it the\u00a0premium choice\u00a0for modern architectural fire safety solutions.<\/p>\n<p class=\"ds-markdown-paragraph\">[Certifications: GB14907-2018, CCCF, AQ1]<br \/>\n[Coverage: 11.9kg\/m\u00b2 at 17mm thickness for 1.5h rating]<\/p>\n","protected":false},"featured_media":5372,"template":"","meta":{"om_disable_all_campaigns":false,"_monsterinsights_skip_tracking":false,"_monsterinsights_sitenote_active":false,"_monsterinsights_sitenote_note":"","_monsterinsights_sitenote_category":0,"_uf_show_specific_survey":0,"_uf_disable_surveys":false},"product_brand":[],"product_cat":[90],"product_tag":[91,528,529,92],"class_list":{"0":"post-1520","1":"product","2":"type-product","3":"status-publish","4":"has-post-thumbnail","6":"product_cat-fire-retardant-paint","7":"product_tag-fire-retardant-coating","8":"product_tag-indoor-fire-proof-paint-for-steel","9":"product_tag-non-intumescent-fireproof-coating","10":"product_tag-steel-structure-coating","12":"first","13":"instock","14":"shipping-taxable","15":"product-type-simple"},"yoast_head":"<!-- This site is optimized with the Yoast SEO Premium plugin v26.2 (Yoast SEO v26.5) - https:\/\/yoast.com\/wordpress\/plugins\/seo\/ -->\n<title>JY-SG Indoor Fire Proof Paint for Steel - KAIDA PAINT\u00ae Manufacturer | Supplier<\/title>\n<meta name=\"description\" content=\"JY-SG non-intumescent fire proof paint provides 1.5-4h fire protection (GB14907 certified) for indoor steel structures. Low smoke (AQ1), single-application, and eco-friendly. CCCF approved.\" \/>\n<meta name=\"robots\" content=\"index, follow, max-snippet:-1, max-image-preview:large, max-video-preview:-1\" \/>\n<link rel=\"canonical\" href=\"https:\/\/www.jinyupaint.com\/pt\/produto\/kd-nsf-fp-jy-sg-indoor-non-expandive-steel-structure-fire-retardant-coating\/\" \/>\n<meta property=\"og:locale\" content=\"pt_PT\" \/>\n<meta property=\"og:type\" content=\"article\" \/>\n<meta property=\"og:title\" content=\"KD-NSF-FP-JY-SG Indoor Non-intumescent Steel Structure Fire Proof Paint\" \/>\n<meta property=\"og:description\" content=\"JY-SG non-intumescent fire proof paint provides 1.5-4h fire protection (GB14907 certified) for indoor steel structures. Low smoke (AQ1), single-application, and eco-friendly. CCCF approved.\" \/>\n<meta property=\"og:url\" content=\"https:\/\/www.jinyupaint.com\/pt\/produto\/kd-nsf-fp-jy-sg-indoor-non-expandive-steel-structure-fire-retardant-coating\/\" \/>\n<meta property=\"og:site_name\" content=\"KAIDA PAINT\u00ae\" \/>\n<meta property=\"article:modified_time\" content=\"2025-07-24T04:45:34+00:00\" \/>\n<meta property=\"og:image\" content=\"https:\/\/www.jinyupaint.com\/wp-content\/uploads\/2023\/10\/GT-NSF-FP-JY-SG-Indoor-Non-intumescent-Steel-Structure-Fire-Retardant-Paint-1.jpg\" \/>\n\t<meta property=\"og:image:width\" content=\"800\" \/>\n\t<meta property=\"og:image:height\" content=\"800\" \/>\n\t<meta property=\"og:image:type\" content=\"image\/jpeg\" \/>\n<meta name=\"twitter:card\" content=\"summary_large_image\" \/>\n<meta name=\"twitter:label1\" content=\"Tempo estimado de leitura\" \/>\n\t<meta name=\"twitter:data1\" content=\"3 minutos\" \/>\n<script type=\"application\/ld+json\" class=\"yoast-schema-graph\">{\"@context\":\"https:\/\/schema.org\",\"@graph\":[{\"@type\":\"WebPage\",\"@id\":\"https:\/\/www.jinyupaint.com\/product\/kd-nsf-fp-jy-sg-indoor-non-expandive-steel-structure-fire-retardant-coating\",\"url\":\"https:\/\/www.jinyupaint.com\/product\/kd-nsf-fp-jy-sg-indoor-non-expandive-steel-structure-fire-retardant-coating\",\"name\":\"JY-SG Indoor Fire Proof Paint for Steel - KAIDA PAINT\u00ae Manufacturer | Supplier\",\"isPartOf\":{\"@id\":\"https:\/\/www.jinyupaint.com\/#website\"},\"primaryImageOfPage\":{\"@id\":\"https:\/\/www.jinyupaint.com\/product\/kd-nsf-fp-jy-sg-indoor-non-expandive-steel-structure-fire-retardant-coating#primaryimage\"},\"image\":{\"@id\":\"https:\/\/www.jinyupaint.com\/product\/kd-nsf-fp-jy-sg-indoor-non-expandive-steel-structure-fire-retardant-coating#primaryimage\"},\"thumbnailUrl\":\"https:\/\/www.jinyupaint.com\/wp-content\/uploads\/2023\/10\/GT-NSF-FP-JY-SG-Indoor-Non-intumescent-Steel-Structure-Fire-Retardant-Paint-1.jpg\",\"datePublished\":\"2023-10-17T06:18:19+00:00\",\"dateModified\":\"2025-07-24T04:45:34+00:00\",\"description\":\"JY-SG non-intumescent fire proof paint provides 1.5-4h fire protection (GB14907 certified) for indoor steel structures. Low smoke (AQ1), single-application, and eco-friendly. CCCF approved.\",\"breadcrumb\":{\"@id\":\"https:\/\/www.jinyupaint.com\/product\/kd-nsf-fp-jy-sg-indoor-non-expandive-steel-structure-fire-retardant-coating#breadcrumb\"},\"inLanguage\":\"pt-PT\",\"potentialAction\":[{\"@type\":\"ReadAction\",\"target\":[\"https:\/\/www.jinyupaint.com\/product\/kd-nsf-fp-jy-sg-indoor-non-expandive-steel-structure-fire-retardant-coating\"]}]},{\"@type\":\"ImageObject\",\"inLanguage\":\"pt-PT\",\"@id\":\"https:\/\/www.jinyupaint.com\/product\/kd-nsf-fp-jy-sg-indoor-non-expandive-steel-structure-fire-retardant-coating#primaryimage\",\"url\":\"https:\/\/www.jinyupaint.com\/wp-content\/uploads\/2023\/10\/GT-NSF-FP-JY-SG-Indoor-Non-intumescent-Steel-Structure-Fire-Retardant-Paint-1.jpg\",\"contentUrl\":\"https:\/\/www.jinyupaint.com\/wp-content\/uploads\/2023\/10\/GT-NSF-FP-JY-SG-Indoor-Non-intumescent-Steel-Structure-Fire-Retardant-Paint-1.jpg\",\"width\":800,\"height\":800,\"caption\":\"GT NSF FP JY SG Indoor Non intumescent steel Structure Fire Retardant Paint\"},{\"@type\":\"BreadcrumbList\",\"@id\":\"https:\/\/www.jinyupaint.com\/product\/kd-nsf-fp-jy-sg-indoor-non-expandive-steel-structure-fire-retardant-coating#breadcrumb\",\"itemListElement\":[{\"@type\":\"ListItem\",\"position\":1,\"name\":\"Home\",\"item\":\"https:\/\/www.jinyupaint.com\/\"},{\"@type\":\"ListItem\",\"position\":2,\"name\":\"Shop\",\"item\":\"https:\/\/www.jinyupaint.com\/shop.html\"},{\"@type\":\"ListItem\",\"position\":3,\"name\":\"KD-NSF-FP-JY-SG Indoor Non-intumescent Steel Structure Fire Proof Paint\"}]},{\"@type\":\"WebSite\",\"@id\":\"https:\/\/www.jinyupaint.com\/#website\",\"url\":\"https:\/\/www.jinyupaint.com\/\",\"name\":\"JINYU\u00ae PAINT\",\"description\":\"JINYU PAINT\u00ae Manufacturer\",\"potentialAction\":[{\"@type\":\"SearchAction\",\"target\":{\"@type\":\"EntryPoint\",\"urlTemplate\":\"https:\/\/www.jinyupaint.com\/?s={search_term_string}\"},\"query-input\":{\"@type\":\"PropertyValueSpecification\",\"valueRequired\":true,\"valueName\":\"search_term_string\"}}],\"inLanguage\":\"pt-PT\"}]}<\/script>\n<!-- \/ Yoast SEO Premium plugin. -->","yoast_head_json":{"title":"JY-SG Indoor Fire Proof Paint for Steel - KAIDA PAINT\u00ae Manufacturer | Supplier","description":"A tinta \u00e0 prova de fogo n\u00e3o intumescente JY-SG proporciona uma prote\u00e7\u00e3o contra o fogo de 1,5-4h (certifica\u00e7\u00e3o GB14907) para estruturas de a\u00e7o interiores. Pouco fumo (AQ1), aplica\u00e7\u00e3o \u00fanica e amiga do ambiente. Aprovado pelo CCCF.","robots":{"index":"index","follow":"follow","max-snippet":"max-snippet:-1","max-image-preview":"max-image-preview:large","max-video-preview":"max-video-preview:-1"},"canonical":"https:\/\/www.jinyupaint.com\/pt\/produto\/kd-nsf-fp-jy-sg-indoor-non-expandive-steel-structure-fire-retardant-coating\/","og_locale":"pt_PT","og_type":"article","og_title":"KD-NSF-FP-JY-SG Indoor Non-intumescent Steel Structure Fire Proof Paint","og_description":"JY-SG non-intumescent fire proof paint provides 1.5-4h fire protection (GB14907 certified) for indoor steel structures. Low smoke (AQ1), single-application, and eco-friendly. CCCF approved.","og_url":"https:\/\/www.jinyupaint.com\/pt\/produto\/kd-nsf-fp-jy-sg-indoor-non-expandive-steel-structure-fire-retardant-coating\/","og_site_name":"KAIDA PAINT\u00ae","article_modified_time":"2025-07-24T04:45:34+00:00","og_image":[{"width":800,"height":800,"url":"https:\/\/www.jinyupaint.com\/wp-content\/uploads\/2023\/10\/GT-NSF-FP-JY-SG-Indoor-Non-intumescent-Steel-Structure-Fire-Retardant-Paint-1.jpg","type":"image\/jpeg"}],"twitter_card":"summary_large_image","twitter_misc":{"Tempo estimado de leitura":"3 minutos"},"schema":{"@context":"https:\/\/schema.org","@graph":[{"@type":"WebPage","@id":"https:\/\/www.jinyupaint.com\/product\/kd-nsf-fp-jy-sg-indoor-non-expandive-steel-structure-fire-retardant-coating","url":"https:\/\/www.jinyupaint.com\/product\/kd-nsf-fp-jy-sg-indoor-non-expandive-steel-structure-fire-retardant-coating","name":"JY-SG Indoor Fire Proof Paint for Steel - KAIDA PAINT\u00ae Manufacturer | Supplier","isPartOf":{"@id":"https:\/\/www.jinyupaint.com\/#website"},"primaryImageOfPage":{"@id":"https:\/\/www.jinyupaint.com\/product\/kd-nsf-fp-jy-sg-indoor-non-expandive-steel-structure-fire-retardant-coating#primaryimage"},"image":{"@id":"https:\/\/www.jinyupaint.com\/product\/kd-nsf-fp-jy-sg-indoor-non-expandive-steel-structure-fire-retardant-coating#primaryimage"},"thumbnailUrl":"https:\/\/www.jinyupaint.com\/wp-content\/uploads\/2023\/10\/GT-NSF-FP-JY-SG-Indoor-Non-intumescent-Steel-Structure-Fire-Retardant-Paint-1.jpg","datePublished":"2023-10-17T06:18:19+00:00","dateModified":"2025-07-24T04:45:34+00:00","description":"A tinta \u00e0 prova de fogo n\u00e3o intumescente JY-SG proporciona uma prote\u00e7\u00e3o contra o fogo de 1,5-4h (certifica\u00e7\u00e3o GB14907) para estruturas de a\u00e7o interiores. Pouco fumo (AQ1), aplica\u00e7\u00e3o \u00fanica e amiga do ambiente. Aprovado pelo CCCF.","breadcrumb":{"@id":"https:\/\/www.jinyupaint.com\/product\/kd-nsf-fp-jy-sg-indoor-non-expandive-steel-structure-fire-retardant-coating#breadcrumb"},"inLanguage":"pt-PT","potentialAction":[{"@type":"ReadAction","target":["https:\/\/www.jinyupaint.com\/product\/kd-nsf-fp-jy-sg-indoor-non-expandive-steel-structure-fire-retardant-coating"]}]},{"@type":"ImageObject","inLanguage":"pt-PT","@id":"https:\/\/www.jinyupaint.com\/product\/kd-nsf-fp-jy-sg-indoor-non-expandive-steel-structure-fire-retardant-coating#primaryimage","url":"https:\/\/www.jinyupaint.com\/wp-content\/uploads\/2023\/10\/GT-NSF-FP-JY-SG-Indoor-Non-intumescent-Steel-Structure-Fire-Retardant-Paint-1.jpg","contentUrl":"https:\/\/www.jinyupaint.com\/wp-content\/uploads\/2023\/10\/GT-NSF-FP-JY-SG-Indoor-Non-intumescent-Steel-Structure-Fire-Retardant-Paint-1.jpg","width":800,"height":800,"caption":"GT NSF FP JY SG Indoor Non intumescent steel Structure Fire Retardant Paint"},{"@type":"BreadcrumbList","@id":"https:\/\/www.jinyupaint.com\/product\/kd-nsf-fp-jy-sg-indoor-non-expandive-steel-structure-fire-retardant-coating#breadcrumb","itemListElement":[{"@type":"ListItem","position":1,"name":"Home","item":"https:\/\/www.jinyupaint.com\/"},{"@type":"ListItem","position":2,"name":"Shop","item":"https:\/\/www.jinyupaint.com\/shop.html"},{"@type":"ListItem","position":3,"name":"KD-NSF-FP-JY-SG Indoor Non-intumescent Steel Structure Fire Proof Paint"}]},{"@type":"WebSite","@id":"https:\/\/www.jinyupaint.com\/#website","url":"https:\/\/www.jinyupaint.com\/","name":"PINTURA JINYU","description":"JINYU PAINT\u00ae Fabricante","potentialAction":[{"@type":"SearchAction","target":{"@type":"EntryPoint","urlTemplate":"https:\/\/www.jinyupaint.com\/?s={search_term_string}"},"query-input":{"@type":"PropertyValueSpecification","valueRequired":true,"valueName":"search_term_string"}}],"inLanguage":"pt-PT"}]}},"_links":{"self":[{"href":"https:\/\/www.jinyupaint.com\/pt\/wp-json\/wp\/v2\/product\/1520","targetHints":{"allow":["GET"]}}],"collection":[{"href":"https:\/\/www.jinyupaint.com\/pt\/wp-json\/wp\/v2\/product"}],"about":[{"href":"https:\/\/www.jinyupaint.com\/pt\/wp-json\/wp\/v2\/types\/product"}],"wp:featuredmedia":[{"embeddable":true,"href":"https:\/\/www.jinyupaint.com\/pt\/wp-json\/wp\/v2\/media\/5372"}],"wp:attachment":[{"href":"https:\/\/www.jinyupaint.com\/pt\/wp-json\/wp\/v2\/media?parent=1520"}],"wp:term":[{"taxonomy":"product_brand","embeddable":true,"href":"https:\/\/www.jinyupaint.com\/pt\/wp-json\/wp\/v2\/product_brand?post=1520"},{"taxonomy":"product_cat","embeddable":true,"href":"https:\/\/www.jinyupaint.com\/pt\/wp-json\/wp\/v2\/product_cat?post=1520"},{"taxonomy":"product_tag","embeddable":true,"href":"https:\/\/www.jinyupaint.com\/pt\/wp-json\/wp\/v2\/product_tag?post=1520"}],"curies":[{"name":"wp","href":"https:\/\/api.w.org\/{rel}","templated":true}]}}