{"id":1493,"date":"2023-10-17T03:44:03","date_gmt":"2023-10-17T03:44:03","guid":{"rendered":"http:\/\/www.jinyupaint.com\/?post_type=product&#038;p=1493"},"modified":"2025-05-15T09:37:02","modified_gmt":"2025-05-15T09:37:02","slug":"bggf-10-epoxy-glass-flake-paint","status":"publish","type":"product","link":"https:\/\/www.jinyupaint.com\/pt\/produto\/bggf-10-epoxy-glass-flake-paint","title":{"rendered":"BGGF-10 Tinta ep\u00f3xi em flocos de vidro"},"content":{"rendered":"<h2><strong>Descri\u00e7\u00e3o do produto:<\/strong><\/h2>\n<p>Este produto \u00e9 um revestimento epox\u00eddico de dois componentes, com elevado teor de s\u00f3lidos, refor\u00e7ado com pigmentos de flocos de vidro, que oferece uma durabilidade e resist\u00eancia \u00e0 corros\u00e3o excepcionais.<\/p>\n<p>&nbsp;<\/p>\n<h2><strong>Carater\u00edsticas principais:<\/strong><\/h2>\n<p>Este produto \u00e9 adequado para estruturas de a\u00e7o expostas a ambientes severos com corros\u00e3o atmosf\u00e9rica e desgaste mec\u00e2nico. Oferece excelentes propriedades anti-corros\u00e3o e de resist\u00eancia ao desgaste. \u00c9 utilizado para a prote\u00e7\u00e3o de estruturas de a\u00e7o em v\u00e1rios ambientes corrosivos, incluindo zonas de salpicos de estruturas offshore, conv\u00e9s e \u00e1reas \u00e0 beira-mar, estruturas de estacas, f\u00e1bricas de pasta de papel, pontes e f\u00e1bricas de produtos qu\u00edmicos.<\/p>\n<p>&nbsp;<\/p>\n<h2><strong>Par\u00e2metros f\u00edsicos:<\/strong><\/h2>\n<ul>\n<li><strong>Cor:<\/strong> Limitada<\/li>\n<li><strong>Volume S\u00f3lidos:<\/strong> 75\u00b12%<\/li>\n<li><strong>Espessura padr\u00e3o da pel\u00edcula seca:<\/strong> Pel\u00edcula seca: 200 microns Pel\u00edcula h\u00famida: 267 microns<\/li>\n<li><strong>Taxa de cobertura te\u00f3rica:<\/strong> 2,6 m\u00b2\/kg, 3,75 m\u00b2\/L (com base numa pel\u00edcula seca de 200 microns)<\/li>\n<li><strong>Taxa de cobertura efectiva:<\/strong> Considerando um fator de perda adequado<\/li>\n<li><strong>Ponto de inflama\u00e7\u00e3o:<\/strong> 28\u00b12\u00b0C<\/li>\n<li><\/li>\n<\/ul>\n<h2><strong>Instru\u00e7\u00f5es de candidatura:<\/strong><\/h2>\n<p><strong>Prepara\u00e7\u00e3o da superf\u00edcie:<\/strong><\/p>\n<p>O desempenho deste produto depende do grau de prepara\u00e7\u00e3o da superf\u00edcie. A superf\u00edcie a ser pintada deve estar limpa, seca e isenta de contaminantes. Antes de aplicar a tinta, todas as superf\u00edcies devem ser avaliadas e tratadas de acordo com as normas ISO 8504:2000. A sujidade acumulada e os sais sol\u00faveis devem ser removidos. A sujidade pode normalmente ser removida com uma escova seca. Os sais sol\u00faveis devem ser removidos atrav\u00e9s de uma lavagem com \u00e1gua doce.<\/p>\n<p>O \u00f3leo e a gordura devem ser removidos em conformidade com a norma de limpeza com solvente SSPC-SP1.<\/p>\n<p>O jato de areia deve ser efectuado de acordo com as normas Sa2.5 (ISO 8501-1:2007) ou SSPC-SP6. Se ocorrer oxida\u00e7\u00e3o na superf\u00edcie entre a decapagem com jato de areia e a aplica\u00e7\u00e3o deste produto, a superf\u00edcie deve ser novamente decapada para cumprir as normas especificadas.<\/p>\n<p>Os defeitos de superf\u00edcie expostos durante a decapagem com jato de areia devem ser lixados, preenchidos ou tratados atrav\u00e9s de m\u00e9todos adequados. Recomenda-se uma rugosidade superficial de 50-70 microns.<\/p>\n<p>A temperatura do substrato n\u00e3o deve ser inferior a 10\u00b0C e deve ser pelo menos 3\u00b0C superior \u00e0 temperatura do ponto de orvalho.<\/p>\n<p><strong>Mistura:<\/strong><\/p>\n<p>Este produto \u00e9 fornecido em dois recipientes, formando uma unidade. Deve ser misturado em pares de acordo com a propor\u00e7\u00e3o especificada de cada vez e utilizado dentro do per\u00edodo de mistura e utiliza\u00e7\u00e3o prescrito.<\/p>\n<ol>\n<li>Misturar a base (Componente A) com um agitador mec\u00e2nico.<\/li>\n<li>Misturar cuidadosamente todo o agente de cura (Componente B) com a base (Componente A) utilizando um agitador mec\u00e2nico.<\/li>\n<\/ol>\n<p><strong>Per\u00edodo de mistura e utiliza\u00e7\u00e3o:<\/strong><\/p>\n<ul>\n<li>\n<table>\n<tbody>\n<tr>\n<td style=\"text-align: center;\" width=\"142\">15\u2103<\/td>\n<td style=\"text-align: center;\" width=\"142\">25\u2103<\/td>\n<td width=\"142\">\n<p style=\"text-align: center;\">35\u2103<\/p>\n<\/td>\n<\/tr>\n<tr>\n<td style=\"text-align: center;\" width=\"142\">4H<\/td>\n<td style=\"text-align: center;\" width=\"142\">2H<\/td>\n<td width=\"142\">\n<p style=\"text-align: center;\">1H<\/p>\n<\/td>\n<\/tr>\n<\/tbody>\n<\/table>\n<\/li>\n<\/ul>\n<p><strong>Mais fino:<\/strong> Diluente BTE<\/p>\n<p><strong>M\u00e9todos de aplica\u00e7\u00e3o:<\/strong> Pulveriza\u00e7\u00e3o sem ar Pulveriza\u00e7\u00e3o a ar (com um recipiente de press\u00e3o) Aplica\u00e7\u00e3o com pincel \/ aplica\u00e7\u00e3o com rolo (apenas para pequenas \u00e1reas)<\/p>\n<p><strong>R\u00e1cio de desbaste:<\/strong><\/p>\n<ul>\n<li>\n<table>\n<tbody>\n<tr>\n<td width=\"142\">\n<p style=\"text-align: center;\">M\u00e9todo de constru\u00e7\u00e3o:<\/p>\n<\/td>\n<td style=\"text-align: center;\" width=\"142\">pulveriza\u00e7\u00e3o sem ar<\/td>\n<td style=\"text-align: center;\" width=\"142\">pulveriza\u00e7\u00e3o de ar (com reservat\u00f3rio de press\u00e3o)<\/td>\n<td style=\"text-align: center;\" width=\"142\">escova\/rolo<\/td>\n<\/tr>\n<tr>\n<td style=\"text-align: center;\" width=\"142\">R\u00e1cio de dilui\u00e7\u00e3o:<\/td>\n<td style=\"text-align: center;\" width=\"142\">0-5%<\/td>\n<td style=\"text-align: center;\" width=\"142\">5-20%<\/td>\n<td width=\"142\">\n<p style=\"text-align: center;\">0-10%<\/p>\n<\/td>\n<\/tr>\n<\/tbody>\n<\/table>\n<\/li>\n<\/ul>\n<p><strong>Pulveriza\u00e7\u00e3o sem ar:<\/strong><\/p>\n<p>Tamanho do bico: 0,63-1,09 mm Press\u00e3o de pulveriza\u00e7\u00e3o: 15 MPa<\/p>\n<p><strong>Tempos de secagem:<\/strong><\/p>\n<table>\n<tbody>\n<tr>\n<td width=\"124\">\n<p style=\"text-align: center;\">(Espessura da pel\u00edcula h\u00famida 260\u03bcm, humidade relativa 50%)<\/p>\n<\/td>\n<td style=\"text-align: center;\" width=\"66\">15\u2103<\/td>\n<td style=\"text-align: center;\" width=\"105\">25\u2103<\/td>\n<td style=\"text-align: center;\" width=\"122\">35\u2103<\/td>\n<\/tr>\n<tr>\n<td width=\"124\">\n<p style=\"text-align: center;\">Dedos secos ao toque<\/p>\n<\/td>\n<td style=\"text-align: center;\" width=\"66\">6H<\/td>\n<td style=\"text-align: center;\" width=\"105\">3H<\/td>\n<td style=\"text-align: center;\" width=\"122\">2H<\/td>\n<\/tr>\n<tr>\n<td style=\"text-align: center;\" width=\"124\">Transport\u00e1vel<\/td>\n<td style=\"text-align: center;\" width=\"66\">24H<\/td>\n<td style=\"text-align: center;\" width=\"105\">12H<\/td>\n<td width=\"122\">\n<p style=\"text-align: center;\">6H<\/p>\n<\/td>\n<\/tr>\n<tr>\n<td style=\"text-align: center;\" width=\"124\">totalmente curado<\/td>\n<td style=\"text-align: center;\" width=\"66\">14 dias<\/td>\n<td style=\"text-align: center;\" width=\"105\">7 dias<\/td>\n<td width=\"122\">\n<p style=\"text-align: center;\">3 dias<\/p>\n<\/td>\n<\/tr>\n<\/tbody>\n<\/table>\n<p><strong>Intervalo de recobrimento: (com este produto como recobrimento)<\/strong><\/p>\n<table>\n<tbody>\n<tr>\n<td style=\"text-align: center;\" width=\"124\">(Espessura da pel\u00edcula h\u00famida 260\u03bcm, humidade relativa 50%)<\/td>\n<td style=\"text-align: center;\" width=\"102\">15\u2103<\/td>\n<td style=\"text-align: center;\" width=\"89\">25\u2103<\/td>\n<td width=\"158\">\n<p style=\"text-align: center;\">35\u2103<\/p>\n<\/td>\n<\/tr>\n<tr>\n<td style=\"text-align: center;\" width=\"124\">mais curto<\/td>\n<td style=\"text-align: center;\" width=\"102\">24H<\/td>\n<td style=\"text-align: center;\" width=\"89\">12H<\/td>\n<td width=\"158\">\n<p style=\"text-align: center;\">6H<\/p>\n<\/td>\n<\/tr>\n<\/tbody>\n<\/table>\n<p><strong>Nota:<\/strong> Os dados acima indicados servem apenas de orienta\u00e7\u00e3o. Os tempos reais de secagem e de recobrimento podem variar consoante a espessura da pel\u00edcula, a ventila\u00e7\u00e3o, a humidade, a tinta subjacente, os requisitos de carga\/descarga antecipada e a resist\u00eancia mec\u00e2nica, entre outros factores.<\/p>\n<p>Este produto \u00e9 adequado para ambientes atmosf\u00e9ricos subaqu\u00e1ticos e exteriores. Para aplica\u00e7\u00f5es subaqu\u00e1ticas, \u00e9 necess\u00e1ria uma espessura m\u00ednima do sistema de pintura de 450 microns para uma prote\u00e7\u00e3o anticorrosiva duradoura. Para a exposi\u00e7\u00e3o geral \u00e0 atmosfera exterior, \u00e9 necess\u00e1ria uma espessura m\u00ednima do sistema de pintura de 350 microns. A aplica\u00e7\u00e3o por pulveriza\u00e7\u00e3o sem ar proporciona a maior espessura de pel\u00edcula numa \u00fanica dem\u00e3o. Com outros m\u00e9todos de aplica\u00e7\u00e3o, n\u00e3o \u00e9 poss\u00edvel atingir a espessura de pel\u00edcula necess\u00e1ria. Para que a aplica\u00e7\u00e3o por pulveriza\u00e7\u00e3o de ar atinja a espessura m\u00e1xima da pel\u00edcula, s\u00e3o necess\u00e1rias v\u00e1rias camadas cruzadas. Ao aplicar este produto com pincel ou rolo, s\u00e3o necess\u00e1rias v\u00e1rias camadas de revestimento para atingir a espessura total especificada da pel\u00edcula seca.<\/p>\n<p><strong>Limpeza de ferramentas:<\/strong> Limpar todas as ferramentas com BTE Thinner ap\u00f3s a utiliza\u00e7\u00e3o.<\/p>\n<p>&nbsp;<\/p>\n<h2><strong>Especifica\u00e7\u00f5es da embalagem:<\/strong><\/h2>\n<p>25 kg por s\u00e9rie<\/p>\n<p>&nbsp;<\/p>\n<h2><strong>Per\u00edodo de armazenamento:<\/strong><\/h2>\n<p>Num local fresco, seco e \u00e0 sombra, o prazo de conserva\u00e7\u00e3o fechado \u00e9 de um ano (a 25\u00b0C).<\/p>\n<p>&nbsp;<\/p>\n<p>&nbsp;<\/p>","protected":false},"excerpt":{"rendered":"<p>O revestimento ep\u00f3xi de escamas de vidro \u00e9 um tipo de revestimento protetor formulado principalmente com resinas org\u00e2nicas, utilizando a resina ep\u00f3xi vinil \u00e9ster como principal componente formador de pel\u00edcula. Incorpora pigmentos de flocos de vidro, conhecidos pela sua excecional resist\u00eancia qu\u00edmica, como o principal elemento anticorrosivo.<\/p>\n<p>&nbsp;<\/p>\n<p>A tinta anti-corrosiva de flocos de vidro \u00e9 amplamente aplicada em cen\u00e1rios exigentes de prote\u00e7\u00e3o contra a corros\u00e3o, incluindo o revestimento interior de tanques de \u00e1cidos qu\u00edmicos, prote\u00e7\u00e3o de embarca\u00e7\u00f5es mar\u00edtimas, anti-corros\u00e3o de engenharia offshore e revestimentos de torres de dessulfura\u00e7\u00e3o. Estes ambientes s\u00e3o altamente corrosivos, necessitando de uma durabilidade superior. A tinta est\u00e1 normalmente dispon\u00edvel em cores limitadas, sendo o verde a mais comum. Outra variante, o revestimento de flocos de vidro de \u00e9ster vin\u00edlico, oferece um desempenho compar\u00e1vel, mas com uma resist\u00eancia melhorada a altas temperaturas, capaz de suportar temperaturas at\u00e9 200\u00b0C. Isto torna-o particularmente adequado para revestimentos de condutas de gases de combust\u00e3o industriais em f\u00e1bricas de produtos qu\u00edmicos.<\/p>","protected":false},"featured_media":1501,"template":"","meta":{"om_disable_all_campaigns":false,"_monsterinsights_skip_tracking":false,"_monsterinsights_sitenote_active":false,"_monsterinsights_sitenote_note":"","_monsterinsights_sitenote_category":0,"_uf_show_specific_survey":0,"_uf_disable_surveys":false},"product_brand":[],"product_cat":[79],"product_tag":[89,268,267,81,82],"class_list":{"0":"post-1493","1":"product","2":"type-product","3":"status-publish","4":"has-post-thumbnail","6":"product_cat-industrial-coating","7":"product_tag-epoxy-glass-flake-paint","8":"product_tag-glass-flake-epoxy-coating","9":"product_tag-glass-flake-paint","10":"product_tag-industrial-coating","11":"product_tag-industrial-paint","13":"first","14":"instock","15":"shipping-taxable","16":"product-type-simple"},"yoast_head":"<!-- This site is optimized with the Yoast SEO Premium plugin v26.2 (Yoast SEO v26.5) - https:\/\/yoast.com\/wordpress\/plugins\/seo\/ -->\n<title>BGGF-10 Epoxy Glass Flake Paint - KAIDA PAINT\u00ae<\/title>\n<meta name=\"description\" content=\"Enhance your industrial assets with our \u200b\u200bGlass Flake Epoxy Coating\u200b\u200b, a superior protective solution designed for extreme corrosion resistance and long-term durability. Ideal for marine, chemical, and oil &amp; gas industries, this coating combines epoxy resin with glass flakes to create a barrier against abrasion, chemicals, and UV degradation. Trusted for pipelines, tanks, and offshore structures.\" \/>\n<meta name=\"robots\" content=\"index, follow, max-snippet:-1, max-image-preview:large, max-video-preview:-1\" \/>\n<link rel=\"canonical\" href=\"https:\/\/www.jinyupaint.com\/pt\/produto\/bggf-10-epoxy-glass-flake-paint\/\" \/>\n<meta property=\"og:locale\" content=\"pt_PT\" \/>\n<meta property=\"og:type\" content=\"article\" \/>\n<meta property=\"og:title\" content=\"BGGF-10 Epoxy Glass Flake Paint\" \/>\n<meta property=\"og:description\" content=\"Enhance your industrial assets with our \u200b\u200bGlass Flake Epoxy Coating\u200b\u200b, a superior protective solution designed for extreme corrosion resistance and long-term durability. Ideal for marine, chemical, and oil &amp; gas industries, this coating combines epoxy resin with glass flakes to create a barrier against abrasion, chemicals, and UV degradation. Trusted for pipelines, tanks, and offshore structures.\" \/>\n<meta property=\"og:url\" content=\"https:\/\/www.jinyupaint.com\/pt\/produto\/bggf-10-epoxy-glass-flake-paint\/\" \/>\n<meta property=\"og:site_name\" content=\"KAIDA PAINT\u00ae\" \/>\n<meta property=\"article:modified_time\" content=\"2025-05-15T09:37:02+00:00\" \/>\n<meta property=\"og:image\" content=\"https:\/\/www.jinyupaint.com\/wp-content\/uploads\/2023\/10\/Industrial-Paint-8.jpg\" \/>\n\t<meta property=\"og:image:width\" content=\"750\" \/>\n\t<meta property=\"og:image:height\" content=\"750\" \/>\n\t<meta property=\"og:image:type\" content=\"image\/jpeg\" \/>\n<meta name=\"twitter:card\" content=\"summary_large_image\" \/>\n<meta name=\"twitter:label1\" content=\"Tempo estimado de leitura\" \/>\n\t<meta name=\"twitter:data1\" content=\"3 minutos\" \/>\n<script type=\"application\/ld+json\" class=\"yoast-schema-graph\">{\"@context\":\"https:\/\/schema.org\",\"@graph\":[{\"@type\":\"WebPage\",\"@id\":\"https:\/\/www.jinyupaint.com\/product\/bggf-10-epoxy-glass-flake-paint\",\"url\":\"https:\/\/www.jinyupaint.com\/product\/bggf-10-epoxy-glass-flake-paint\",\"name\":\"BGGF-10 Epoxy Glass Flake Paint - KAIDA PAINT\u00ae\",\"isPartOf\":{\"@id\":\"https:\/\/www.jinyupaint.com\/#website\"},\"primaryImageOfPage\":{\"@id\":\"https:\/\/www.jinyupaint.com\/product\/bggf-10-epoxy-glass-flake-paint#primaryimage\"},\"image\":{\"@id\":\"https:\/\/www.jinyupaint.com\/product\/bggf-10-epoxy-glass-flake-paint#primaryimage\"},\"thumbnailUrl\":\"https:\/\/www.jinyupaint.com\/wp-content\/uploads\/2023\/10\/Industrial-Paint-8.jpg\",\"datePublished\":\"2023-10-17T03:44:03+00:00\",\"dateModified\":\"2025-05-15T09:37:02+00:00\",\"description\":\"Enhance your industrial assets with our \u200b\u200bGlass Flake Epoxy Coating\u200b\u200b, a superior protective solution designed for extreme corrosion resistance and long-term durability. Ideal for marine, chemical, and oil & gas industries, this coating combines epoxy resin with glass flakes to create a barrier against abrasion, chemicals, and UV degradation. Trusted for pipelines, tanks, and offshore structures.\",\"breadcrumb\":{\"@id\":\"https:\/\/www.jinyupaint.com\/product\/bggf-10-epoxy-glass-flake-paint#breadcrumb\"},\"inLanguage\":\"pt-PT\",\"potentialAction\":[{\"@type\":\"ReadAction\",\"target\":[\"https:\/\/www.jinyupaint.com\/product\/bggf-10-epoxy-glass-flake-paint\"]}]},{\"@type\":\"ImageObject\",\"inLanguage\":\"pt-PT\",\"@id\":\"https:\/\/www.jinyupaint.com\/product\/bggf-10-epoxy-glass-flake-paint#primaryimage\",\"url\":\"https:\/\/www.jinyupaint.com\/wp-content\/uploads\/2023\/10\/Industrial-Paint-8.jpg\",\"contentUrl\":\"https:\/\/www.jinyupaint.com\/wp-content\/uploads\/2023\/10\/Industrial-Paint-8.jpg\",\"width\":750,\"height\":750,\"caption\":\"Industrial-Paint\"},{\"@type\":\"BreadcrumbList\",\"@id\":\"https:\/\/www.jinyupaint.com\/product\/bggf-10-epoxy-glass-flake-paint#breadcrumb\",\"itemListElement\":[{\"@type\":\"ListItem\",\"position\":1,\"name\":\"Home\",\"item\":\"https:\/\/www.jinyupaint.com\/\"},{\"@type\":\"ListItem\",\"position\":2,\"name\":\"Shop\",\"item\":\"https:\/\/www.jinyupaint.com\/shop.html\"},{\"@type\":\"ListItem\",\"position\":3,\"name\":\"BGGF-10 Epoxy Glass Flake Paint\"}]},{\"@type\":\"WebSite\",\"@id\":\"https:\/\/www.jinyupaint.com\/#website\",\"url\":\"https:\/\/www.jinyupaint.com\/\",\"name\":\"JINYU\u00ae PAINT\",\"description\":\"JINYU PAINT\u00ae Manufacturer\",\"potentialAction\":[{\"@type\":\"SearchAction\",\"target\":{\"@type\":\"EntryPoint\",\"urlTemplate\":\"https:\/\/www.jinyupaint.com\/?s={search_term_string}\"},\"query-input\":{\"@type\":\"PropertyValueSpecification\",\"valueRequired\":true,\"valueName\":\"search_term_string\"}}],\"inLanguage\":\"pt-PT\"}]}<\/script>\n<!-- \/ Yoast SEO Premium plugin. -->","yoast_head_json":{"title":"BGGF-10 Epoxy Glass Flake Paint - KAIDA PAINT\u00ae","description":"Melhore os seus bens industriais com o nosso revestimento ep\u00f3xi de flocos de vidro, uma solu\u00e7\u00e3o de prote\u00e7\u00e3o superior concebida para uma resist\u00eancia extrema \u00e0 corros\u00e3o e uma durabilidade a longo prazo. Ideal para as ind\u00fastrias mar\u00edtima, qu\u00edmica e de petr\u00f3leo e g\u00e1s, este revestimento combina resina ep\u00f3xi com flocos de vidro para criar uma barreira contra a abras\u00e3o, produtos qu\u00edmicos e degrada\u00e7\u00e3o UV. Confi\u00e1vel para tubagens, tanques e estruturas offshore.","robots":{"index":"index","follow":"follow","max-snippet":"max-snippet:-1","max-image-preview":"max-image-preview:large","max-video-preview":"max-video-preview:-1"},"canonical":"https:\/\/www.jinyupaint.com\/pt\/produto\/bggf-10-epoxy-glass-flake-paint\/","og_locale":"pt_PT","og_type":"article","og_title":"BGGF-10 Epoxy Glass Flake Paint","og_description":"Enhance your industrial assets with our \u200b\u200bGlass Flake Epoxy Coating\u200b\u200b, a superior protective solution designed for extreme corrosion resistance and long-term durability. Ideal for marine, chemical, and oil & gas industries, this coating combines epoxy resin with glass flakes to create a barrier against abrasion, chemicals, and UV degradation. Trusted for pipelines, tanks, and offshore structures.","og_url":"https:\/\/www.jinyupaint.com\/pt\/produto\/bggf-10-epoxy-glass-flake-paint\/","og_site_name":"KAIDA PAINT\u00ae","article_modified_time":"2025-05-15T09:37:02+00:00","og_image":[{"width":750,"height":750,"url":"https:\/\/www.jinyupaint.com\/wp-content\/uploads\/2023\/10\/Industrial-Paint-8.jpg","type":"image\/jpeg"}],"twitter_card":"summary_large_image","twitter_misc":{"Tempo estimado de leitura":"3 minutos"},"schema":{"@context":"https:\/\/schema.org","@graph":[{"@type":"WebPage","@id":"https:\/\/www.jinyupaint.com\/product\/bggf-10-epoxy-glass-flake-paint","url":"https:\/\/www.jinyupaint.com\/product\/bggf-10-epoxy-glass-flake-paint","name":"BGGF-10 Epoxy Glass Flake Paint - KAIDA PAINT\u00ae","isPartOf":{"@id":"https:\/\/www.jinyupaint.com\/#website"},"primaryImageOfPage":{"@id":"https:\/\/www.jinyupaint.com\/product\/bggf-10-epoxy-glass-flake-paint#primaryimage"},"image":{"@id":"https:\/\/www.jinyupaint.com\/product\/bggf-10-epoxy-glass-flake-paint#primaryimage"},"thumbnailUrl":"https:\/\/www.jinyupaint.com\/wp-content\/uploads\/2023\/10\/Industrial-Paint-8.jpg","datePublished":"2023-10-17T03:44:03+00:00","dateModified":"2025-05-15T09:37:02+00:00","description":"Melhore os seus bens industriais com o nosso revestimento ep\u00f3xi de flocos de vidro, uma solu\u00e7\u00e3o de prote\u00e7\u00e3o superior concebida para uma resist\u00eancia extrema \u00e0 corros\u00e3o e uma durabilidade a longo prazo. Ideal para as ind\u00fastrias mar\u00edtima, qu\u00edmica e de petr\u00f3leo e g\u00e1s, este revestimento combina resina ep\u00f3xi com flocos de vidro para criar uma barreira contra a abras\u00e3o, produtos qu\u00edmicos e degrada\u00e7\u00e3o UV. Confi\u00e1vel para tubagens, tanques e estruturas offshore.","breadcrumb":{"@id":"https:\/\/www.jinyupaint.com\/product\/bggf-10-epoxy-glass-flake-paint#breadcrumb"},"inLanguage":"pt-PT","potentialAction":[{"@type":"ReadAction","target":["https:\/\/www.jinyupaint.com\/product\/bggf-10-epoxy-glass-flake-paint"]}]},{"@type":"ImageObject","inLanguage":"pt-PT","@id":"https:\/\/www.jinyupaint.com\/product\/bggf-10-epoxy-glass-flake-paint#primaryimage","url":"https:\/\/www.jinyupaint.com\/wp-content\/uploads\/2023\/10\/Industrial-Paint-8.jpg","contentUrl":"https:\/\/www.jinyupaint.com\/wp-content\/uploads\/2023\/10\/Industrial-Paint-8.jpg","width":750,"height":750,"caption":"Industrial-Paint"},{"@type":"BreadcrumbList","@id":"https:\/\/www.jinyupaint.com\/product\/bggf-10-epoxy-glass-flake-paint#breadcrumb","itemListElement":[{"@type":"ListItem","position":1,"name":"Home","item":"https:\/\/www.jinyupaint.com\/"},{"@type":"ListItem","position":2,"name":"Shop","item":"https:\/\/www.jinyupaint.com\/shop.html"},{"@type":"ListItem","position":3,"name":"BGGF-10 Epoxy Glass Flake Paint"}]},{"@type":"WebSite","@id":"https:\/\/www.jinyupaint.com\/#website","url":"https:\/\/www.jinyupaint.com\/","name":"PINTURA JINYU","description":"JINYU PAINT\u00ae Fabricante","potentialAction":[{"@type":"SearchAction","target":{"@type":"EntryPoint","urlTemplate":"https:\/\/www.jinyupaint.com\/?s={search_term_string}"},"query-input":{"@type":"PropertyValueSpecification","valueRequired":true,"valueName":"search_term_string"}}],"inLanguage":"pt-PT"}]}},"_links":{"self":[{"href":"https:\/\/www.jinyupaint.com\/pt\/wp-json\/wp\/v2\/product\/1493","targetHints":{"allow":["GET"]}}],"collection":[{"href":"https:\/\/www.jinyupaint.com\/pt\/wp-json\/wp\/v2\/product"}],"about":[{"href":"https:\/\/www.jinyupaint.com\/pt\/wp-json\/wp\/v2\/types\/product"}],"wp:featuredmedia":[{"embeddable":true,"href":"https:\/\/www.jinyupaint.com\/pt\/wp-json\/wp\/v2\/media\/1501"}],"wp:attachment":[{"href":"https:\/\/www.jinyupaint.com\/pt\/wp-json\/wp\/v2\/media?parent=1493"}],"wp:term":[{"taxonomy":"product_brand","embeddable":true,"href":"https:\/\/www.jinyupaint.com\/pt\/wp-json\/wp\/v2\/product_brand?post=1493"},{"taxonomy":"product_cat","embeddable":true,"href":"https:\/\/www.jinyupaint.com\/pt\/wp-json\/wp\/v2\/product_cat?post=1493"},{"taxonomy":"product_tag","embeddable":true,"href":"https:\/\/www.jinyupaint.com\/pt\/wp-json\/wp\/v2\/product_tag?post=1493"}],"curies":[{"name":"wp","href":"https:\/\/api.w.org\/{rel}","templated":true}]}}