{"id":1489,"date":"2023-10-17T03:26:59","date_gmt":"2023-10-17T03:26:59","guid":{"rendered":"http:\/\/www.jinyupaint.com\/?post_type=product&#038;p=1489"},"modified":"2025-07-22T08:51:44","modified_gmt":"2025-07-22T08:51:44","slug":"bgez-60-epoxy-zinc-rich-primer","status":"publish","type":"product","link":"https:\/\/www.jinyupaint.com\/pt\/produto\/bgez-60-epoxy-zinc-rich-primer","title":{"rendered":"BGEZ-60 Prim\u00e1rio ep\u00f3xi rico em zinco"},"content":{"rendered":"<h2><strong>1. Introdu\u00e7\u00e3o ao produto<\/strong><\/h2>\n<p class=\"ds-markdown-paragraph\">O BGEZ-60 \u00e9 um prim\u00e1rio ep\u00f3xi rico em zinco de elevado desempenho, concebido para proporcionar uma prote\u00e7\u00e3o anticorrosiva superior a estruturas de a\u00e7o em ambientes moderadamente agressivos. Sendo um sistema de revestimento de dois componentes, combina uma base de resina ep\u00f3xi com um agente de cura de poliamida e p\u00f3 de zinco de elevada pureza (60% em peso) para proporcionar uma prote\u00e7\u00e3o cat\u00f3dica excecional. Este prim\u00e1rio rico em zinco para a\u00e7o foi especificamente formulado para aplica\u00e7\u00f5es industriais, mar\u00edtimas e de infra-estruturas em que a durabilidade a longo prazo \u00e9 fundamental.<\/p>\n<p class=\"ds-markdown-paragraph\">O prim\u00e1rio oferece tr\u00eas propriedades protectoras fundamentais: prote\u00e7\u00e3o galv\u00e2nica atrav\u00e9s do seu elevado teor de zinco, forte ader\u00eancia a superf\u00edcies de a\u00e7o devidamente preparadas e excelente resist\u00eancia mec\u00e2nica contra o impacto e a abras\u00e3o. Cumpre as normas HG\/T 3668-2020 para revestimentos ricos em zinco e apresenta um elevado teor de s\u00f3lidos em volume (58%) para uma cobertura eficiente com emiss\u00f5es reduzidas de COV. O produto serve como uma base ideal para sistemas multi-camadas, compat\u00edvel com a maioria dos revestimentos de ep\u00f3xi, poliuretano e acr\u00edlico.<\/p>\n<p class=\"ds-markdown-paragraph\">Recomendado para estruturas de a\u00e7o, tanques de armazenamento, equipamento industrial e instala\u00e7\u00f5es mar\u00edtimas, o BGEZ-60 tem um melhor desempenho quando aplicado em a\u00e7o limpo com jato de areia (Sa2\u00bd) sob condi\u00e7\u00f5es controladas. Quando utilizado conforme especificado, este prim\u00e1rio epox\u00eddico com elevado teor de zinco prolonga significativamente a vida \u00fatil dos bens de a\u00e7o em ambientes corrosivos, tornando-o uma escolha fi\u00e1vel para sistemas anticorros\u00e3o profissionais.<\/p>\n<h2><strong>2. Carater\u00edsticas do produto<\/strong><\/h2>\n<ul style=\"list-style: inside;\">\n<li>Proporciona prote\u00e7\u00e3o cat\u00f3dica<\/li>\n<li>Excelente desempenho anti-corros\u00e3o<\/li>\n<li>Forte ader\u00eancia e resist\u00eancia ao impacto<\/li>\n<\/ul>\n<h2><strong>3. Norma de conformidade<\/strong><\/h2>\n<p class=\"ds-markdown-paragraph\">HG\/T 3668-2020\u00a0<em>Revestimentos ricos em zinco<\/em><\/p>\n<h2><strong>4. Dados t\u00e9cnicos<\/strong><\/h2>\n<div class=\"markdown-table-wrapper\">\n<table>\n<thead>\n<tr>\n<th>N\u00e3o.<\/th>\n<th>Item de teste<\/th>\n<th>Requisitos t\u00e9cnicos<\/th>\n<th>Valor padr\u00e3o<\/th>\n<th>Resultado do teste<\/th>\n<\/tr>\n<\/thead>\n<tbody>\n<tr>\n<td>1<\/td>\n<td>Estado do contentor<\/td>\n<td>Uniforme ap\u00f3s a mistura, sem grumos duros<\/td>\n<td>Uniforme ap\u00f3s a mistura, sem grumos duros<\/td>\n<\/tr>\n<tr>\n<td>2<\/td>\n<td>Volume de s\u00f3lidos (%)<\/td>\n<td>-<\/td>\n<td>58<\/td>\n<\/tr>\n<tr>\n<td>3<\/td>\n<td>Pel\u00edcula seca padr\u00e3o (\u00b5m)<\/td>\n<td>-<\/td>\n<td>50<\/td>\n<\/tr>\n<tr>\n<td>4<\/td>\n<td>Taxa de cobertura<\/td>\n<td>-<\/td>\n<td>5 m\u00b2\/kg, 11,5 m\u00b2\/L (a 50\u00b5m de pel\u00edcula seca)<\/td>\n<\/tr>\n<tr>\n<td>5<\/td>\n<td>Superf\u00edcie seca (\u226425\u00b0C)<\/td>\n<td>2h<\/td>\n<td>0.5h<\/td>\n<\/tr>\n<tr>\n<td>6<\/td>\n<td>Seco (\u226425\u00b0C)<\/td>\n<td>24h<\/td>\n<td>3h<\/td>\n<\/tr>\n<tr>\n<td>7<\/td>\n<td>Resist\u00eancia ao impacto (cm)<\/td>\n<td>\u226550<\/td>\n<td>50<\/td>\n<\/tr>\n<tr>\n<td>8<\/td>\n<td>Ades\u00e3o (MPa)<\/td>\n<td>\u22656<\/td>\n<td>6<\/td>\n<\/tr>\n<tr>\n<td>9<\/td>\n<td>Resist\u00eancia \u00e0 n\u00e9voa salina (m\u00e9todo de marca\u00e7\u00e3o)<\/td>\n<td>\u2265200h, corte inferior \u22642mm<\/td>\n<td>230h, corte inferior \u22642mm<\/td>\n<\/tr>\n<tr>\n<td>10<\/td>\n<td>Ponto de inflama\u00e7\u00e3o (\u00b0C)<\/td>\n<td>-<\/td>\n<td>29<\/td>\n<\/tr>\n<\/tbody>\n<\/table>\n<\/div>\n<h2><strong>5. \u00c2mbito de aplica\u00e7\u00e3o<\/strong><\/h2>\n<p class=\"ds-markdown-paragraph\">Este produto de alto desempenho\u00a0<strong>prim\u00e1rio rico em zinco para a\u00e7o<\/strong>\u00a0faz parte de um sistema de revestimento anti-corros\u00e3o, proporcionando prote\u00e7\u00e3o ao a\u00e7o em ambientes moderadamente corrosivos.<\/p>\n<h2><strong>6. Precau\u00e7\u00f5es<\/strong><\/h2>\n<h4><strong>6.1 Instru\u00e7\u00f5es de aplica\u00e7\u00e3o<\/strong><\/h4>\n<p class=\"ds-markdown-paragraph\"><strong>Prepara\u00e7\u00e3o da superf\u00edcie:<\/strong><\/p>\n<ul style=\"list-style: inside;\">\n<li>\nTodas as superf\u00edcies devem estar limpas, secas e isentas de contamina\u00e7\u00e3o.\n<\/li>\n<li>Superf\u00edcies de a\u00e7o novo: Limpeza com jato de areia de acordo com Sa2 (ISO 8501-1:2007, GB\/T 8923-2011) ou SSPC-SP6. Se ocorrer ferrugem antes do revestimento, efetuar uma nova limpeza com jato de areia de acordo com as normas exigidas.<\/li>\n<li>Estruturas de a\u00e7o antigas: Limpeza com ferramentas manuais at\u00e9 St3.<\/li>\n<li>Rugosidade m\u00ednima da superf\u00edcie: 50\u00b5m.<\/li>\n<li>A temperatura do substrato deve ser \u22655\u00b0C e pelo menos 3\u00b0C acima do ponto de orvalho.<\/li>\n<\/ul>\n<p class=\"ds-markdown-paragraph\"><strong>Mistura:<\/strong><\/p>\n<ul>\n<li>Sistema de dois componentes (A + B). Misturar na propor\u00e7\u00e3o\u00a0<strong>30:3 (A:B)<\/strong>.<\/li>\n<\/ul>\n<ol start=\"1\">\n<li>Agitar o componente de base (A) com um misturador mec\u00e2nico.<\/li>\n<li>Adicionar todo o agente de cura (B) a (A) e misturar bem.<\/li>\n<\/ol>\n<p class=\"ds-markdown-paragraph\"><strong>Vida de panela:<\/strong><\/p>\n<ul>\n<li>\n<p class=\"ds-markdown-paragraph\">15\u00b0C: 3h | 25\u00b0C: 2h | 35\u00b0C: 1h<\/p>\n<\/li>\n<\/ul>\n<p class=\"ds-markdown-paragraph\"><strong>Mais fino:<\/strong>\u00a0Diluente JinYu No.1<\/p>\n<p class=\"ds-markdown-paragraph\"><strong>M\u00e9todos de aplica\u00e7\u00e3o:<\/strong><\/p>\n<ul style=\"list-style: inside;\">\n<li>Pulveriza\u00e7\u00e3o sem ar: Tamanho do bico 0,38-0,53mm, press\u00e3o 15MPa<\/li>\n<li>Pulveriza\u00e7\u00e3o convencional: Diluente 5-15%<\/li>\n<li>Pincel\/rolo: 0-5% diluente<\/li>\n<\/ul>\n<p class=\"ds-markdown-paragraph\"><strong>Tempo de secagem (50% RH, pel\u00edcula h\u00famida 86\u00b5m):<\/strong><\/p>\n<div class=\"markdown-table-wrapper\">\n<table>\n<thead>\n<tr>\n<th>Temperatura<\/th>\n<th>Toque seco<\/th>\n<th>Manuseamento de secos<\/th>\n<th>Cura completa<\/th>\n<\/tr>\n<\/thead>\n<tbody>\n<tr>\n<td>15\u00b0C<\/td>\n<td>1h<\/td>\n<td>4h<\/td>\n<td>7 dias<\/td>\n<\/tr>\n<tr>\n<td>25\u00b0C<\/td>\n<td>0.5h<\/td>\n<td>3h<\/td>\n<td>5 dias<\/td>\n<\/tr>\n<tr>\n<td>35\u00b0C<\/td>\n<td>0.4h<\/td>\n<td>2h<\/td>\n<td>2 dias<\/td>\n<\/tr>\n<\/tbody>\n<\/table>\n<\/div>\n<p class=\"ds-markdown-paragraph\"><strong>Intervalo de recobrimento (50% RH, pel\u00edcula h\u00famida 86\u00b5m):<\/strong><\/p>\n<div class=\"markdown-table-wrapper\">\n<table>\n<thead>\n<tr>\n<th>Temperatura<\/th>\n<th>Intervalo m\u00ednimo<\/th>\n<\/tr>\n<\/thead>\n<tbody>\n<tr>\n<td>15\u00b0C<\/td>\n<td>6h<\/td>\n<\/tr>\n<tr>\n<td>25\u00b0C<\/td>\n<td>4h<\/td>\n<\/tr>\n<tr>\n<td>35\u00b0C<\/td>\n<td>2h<\/td>\n<\/tr>\n<\/tbody>\n<\/table>\n<\/div>\n<p class=\"ds-markdown-paragraph\"><em>Nota: O tempo de secagem varia consoante a espessura da pel\u00edcula, a ventila\u00e7\u00e3o, a humidade, etc.<\/em><\/p>\n<p class=\"ds-markdown-paragraph\"><strong>Limpeza de ferramentas:<\/strong>\u00a0Limpar os utens\u00edlios com JinYu No.1 Thinner ap\u00f3s a utiliza\u00e7\u00e3o.<\/p>\n<h4><strong>6.2 Seguran\u00e7a<\/strong><\/h4>\n<ul style=\"list-style: inside;\">\n<li>\nEvitar a inala\u00e7\u00e3o de vapores e o contacto com a pele\/olhos.\n<\/li>\n<li>\nUtilizar EPI (luvas, \u00f3culos de prote\u00e7\u00e3o, m\u00e1scara respirat\u00f3ria).\n<\/li>\n<li>\nAssegurar uma boa ventila\u00e7\u00e3o em espa\u00e7os confinados.\n<\/li>\n<li>\nPerigo de inc\u00eandio: Manter afastado de fontes de igni\u00e7\u00e3o.\n<\/li>\n<\/ul>\n<h4><strong>6.3 Notas adicionais<\/strong><\/h4>\n<ul style=\"list-style: inside;\">\n<li>\nAplicar a &gt;10\u00b0C, temperatura do substrato &gt;15\u00b0C.\n<\/li>\n<li>\nHumidade m\u00e1xima durante a cura: 80% (ideal: 40-60%).\n<\/li>\n<li>\nN\u00e3o aplicar em superf\u00edcies molhadas ou contaminadas.\n<\/li>\n<li>\nConservar num local fresco e seco, ao abrigo da luz solar.\n<\/li>\n<li>\nPrazo de validade: 1 ano (fechado).\n<\/li>\n<\/ul>","protected":false},"excerpt":{"rendered":"<p>Um prim\u00e1rio premium rico em zinco que cont\u00e9m zinco 60% para uma prote\u00e7\u00e3o cat\u00f3dica superior de estruturas de a\u00e7o. Este revestimento epox\u00eddico de dois componentes proporciona uma resist\u00eancia excecional \u00e0 corros\u00e3o, uma forte ader\u00eancia e um desempenho duradouro em ambientes agressivos.<\/p>\n<p>Ideal para instala\u00e7\u00f5es industriais, estruturas mar\u00edtimas, pontes e equipamento pesado, forma uma camada de base protetora que aumenta significativamente a vida \u00fatil dos bens.<\/p>\n<p><strong>Principais vantagens:<\/strong><br \/>\nTeor de zinco 60% para uma prote\u00e7\u00e3o ativa contra a corros\u00e3o<br \/>\nExcelente ader\u00eancia e resist\u00eancia ao impacto<br \/>\nCompat\u00edvel com a maioria dos sistemas de acabamento<br \/>\nCumpre as normas HG\/T 3668-2020<\/p>\n<p>A derradeira solu\u00e7\u00e3o anti-corros\u00e3o para a\u00e7o em aplica\u00e7\u00f5es exigentes.<\/p>","protected":false},"featured_media":1504,"template":"","meta":{"om_disable_all_campaigns":false,"_monsterinsights_skip_tracking":false,"_monsterinsights_sitenote_active":false,"_monsterinsights_sitenote_note":"","_monsterinsights_sitenote_category":0,"_uf_show_specific_survey":0,"_uf_disable_surveys":false},"product_brand":[],"product_cat":[79,530],"product_tag":[555,560,554,80,557,81,82,558,559,562,556,561,553],"class_list":{"0":"post-1489","1":"product","2":"type-product","3":"status-publish","4":"has-post-thumbnail","6":"product_cat-industrial-coating","7":"product_cat-zinc-rich-paint-coating","8":"product_tag-anti-corrosion-coating","9":"product_tag-cathodic-protection-primer","10":"product_tag-epoxy-zinc-primer","11":"product_tag-epoxy-zinc-rich-primer","12":"product_tag-high-zinc-coating","13":"product_tag-industrial-coating","14":"product_tag-industrial-paint","15":"product_tag-industrial-primer","16":"product_tag-marine-coating","17":"product_tag-protective-coating-for-steel","18":"product_tag-steel-primer","19":"product_tag-zinc-epoxy-paint","20":"product_tag-zinc-rich-primer","22":"first","23":"instock","24":"shipping-taxable","25":"product-type-simple"},"yoast_head":"<!-- This site is optimized with the Yoast SEO Premium plugin v26.2 (Yoast SEO v26.5) - https:\/\/yoast.com\/wordpress\/plugins\/seo\/ -->\n<title>BGEZ-60 Epoxy Zinc-rich Primer Anti-Corrosion Coating - KAIDA PAINT\u00ae Manufacturer | Supplier<\/title>\n<meta name=\"description\" content=\"High-performance zinc rich primer for steel with 60% zinc content. Provides cathodic protection, excellent adhesion &amp; corrosion resistance for industrial\/marine applications.\" \/>\n<meta name=\"robots\" content=\"index, follow, max-snippet:-1, max-image-preview:large, max-video-preview:-1\" \/>\n<link rel=\"canonical\" href=\"https:\/\/www.jinyupaint.com\/pt\/produto\/bgez-60-epoxy-zinc-rich-primer\/\" \/>\n<meta property=\"og:locale\" content=\"pt_PT\" \/>\n<meta property=\"og:type\" content=\"article\" \/>\n<meta property=\"og:title\" content=\"BGEZ-60 Epoxy Zinc-rich Primer\" \/>\n<meta property=\"og:description\" content=\"High-performance zinc rich primer for steel with 60% zinc content. Provides cathodic protection, excellent adhesion &amp; corrosion resistance for industrial\/marine applications.\" \/>\n<meta property=\"og:url\" content=\"https:\/\/www.jinyupaint.com\/pt\/produto\/bgez-60-epoxy-zinc-rich-primer\/\" \/>\n<meta property=\"og:site_name\" content=\"KAIDA PAINT\u00ae\" \/>\n<meta property=\"article:modified_time\" content=\"2025-07-22T08:51:44+00:00\" \/>\n<meta property=\"og:image\" content=\"https:\/\/www.jinyupaint.com\/wp-content\/uploads\/2023\/10\/Industrial-Paint-11.jpg\" \/>\n\t<meta property=\"og:image:width\" content=\"750\" \/>\n\t<meta property=\"og:image:height\" content=\"750\" \/>\n\t<meta property=\"og:image:type\" content=\"image\/jpeg\" \/>\n<meta name=\"twitter:card\" content=\"summary_large_image\" \/>\n<meta name=\"twitter:label1\" content=\"Tempo estimado de leitura\" \/>\n\t<meta name=\"twitter:data1\" content=\"3 minutos\" \/>\n<script type=\"application\/ld+json\" class=\"yoast-schema-graph\">{\"@context\":\"https:\/\/schema.org\",\"@graph\":[{\"@type\":\"WebPage\",\"@id\":\"https:\/\/www.jinyupaint.com\/product\/bgez-60-epoxy-zinc-rich-primer\",\"url\":\"https:\/\/www.jinyupaint.com\/product\/bgez-60-epoxy-zinc-rich-primer\",\"name\":\"BGEZ-60 Epoxy Zinc-rich Primer Anti-Corrosion Coating - KAIDA PAINT\u00ae Manufacturer | Supplier\",\"isPartOf\":{\"@id\":\"https:\/\/www.jinyupaint.com\/#website\"},\"primaryImageOfPage\":{\"@id\":\"https:\/\/www.jinyupaint.com\/product\/bgez-60-epoxy-zinc-rich-primer#primaryimage\"},\"image\":{\"@id\":\"https:\/\/www.jinyupaint.com\/product\/bgez-60-epoxy-zinc-rich-primer#primaryimage\"},\"thumbnailUrl\":\"https:\/\/www.jinyupaint.com\/wp-content\/uploads\/2023\/10\/Industrial-Paint-11.jpg\",\"datePublished\":\"2023-10-17T03:26:59+00:00\",\"dateModified\":\"2025-07-22T08:51:44+00:00\",\"description\":\"High-performance zinc rich primer for steel with 60% zinc content. Provides cathodic protection, excellent adhesion & corrosion resistance for industrial\/marine applications.\",\"breadcrumb\":{\"@id\":\"https:\/\/www.jinyupaint.com\/product\/bgez-60-epoxy-zinc-rich-primer#breadcrumb\"},\"inLanguage\":\"pt-PT\",\"potentialAction\":[{\"@type\":\"ReadAction\",\"target\":[\"https:\/\/www.jinyupaint.com\/product\/bgez-60-epoxy-zinc-rich-primer\"]}]},{\"@type\":\"ImageObject\",\"inLanguage\":\"pt-PT\",\"@id\":\"https:\/\/www.jinyupaint.com\/product\/bgez-60-epoxy-zinc-rich-primer#primaryimage\",\"url\":\"https:\/\/www.jinyupaint.com\/wp-content\/uploads\/2023\/10\/Industrial-Paint-11.jpg\",\"contentUrl\":\"https:\/\/www.jinyupaint.com\/wp-content\/uploads\/2023\/10\/Industrial-Paint-11.jpg\",\"width\":750,\"height\":750,\"caption\":\"Industrial-Paint\"},{\"@type\":\"BreadcrumbList\",\"@id\":\"https:\/\/www.jinyupaint.com\/product\/bgez-60-epoxy-zinc-rich-primer#breadcrumb\",\"itemListElement\":[{\"@type\":\"ListItem\",\"position\":1,\"name\":\"Home\",\"item\":\"https:\/\/www.jinyupaint.com\/\"},{\"@type\":\"ListItem\",\"position\":2,\"name\":\"Shop\",\"item\":\"https:\/\/www.jinyupaint.com\/shop.html\"},{\"@type\":\"ListItem\",\"position\":3,\"name\":\"BGEZ-60 Epoxy Zinc-rich Primer\"}]},{\"@type\":\"WebSite\",\"@id\":\"https:\/\/www.jinyupaint.com\/#website\",\"url\":\"https:\/\/www.jinyupaint.com\/\",\"name\":\"JINYU\u00ae PAINT\",\"description\":\"JINYU PAINT\u00ae Manufacturer\",\"potentialAction\":[{\"@type\":\"SearchAction\",\"target\":{\"@type\":\"EntryPoint\",\"urlTemplate\":\"https:\/\/www.jinyupaint.com\/?s={search_term_string}\"},\"query-input\":{\"@type\":\"PropertyValueSpecification\",\"valueRequired\":true,\"valueName\":\"search_term_string\"}}],\"inLanguage\":\"pt-PT\"}]}<\/script>\n<!-- \/ Yoast SEO Premium plugin. -->","yoast_head_json":{"title":"BGEZ-60 Epoxy Zinc-rich Primer Anti-Corrosion Coating - KAIDA PAINT\u00ae Manufacturer | Supplier","description":"Prim\u00e1rio rico em zinco de alto desempenho para a\u00e7o com teor de zinco 60%. Proporciona prote\u00e7\u00e3o cat\u00f3dica, excelente ader\u00eancia e resist\u00eancia \u00e0 corros\u00e3o para aplica\u00e7\u00f5es industriais\/mar\u00edtimas.","robots":{"index":"index","follow":"follow","max-snippet":"max-snippet:-1","max-image-preview":"max-image-preview:large","max-video-preview":"max-video-preview:-1"},"canonical":"https:\/\/www.jinyupaint.com\/pt\/produto\/bgez-60-epoxy-zinc-rich-primer\/","og_locale":"pt_PT","og_type":"article","og_title":"BGEZ-60 Epoxy Zinc-rich Primer","og_description":"High-performance zinc rich primer for steel with 60% zinc content. Provides cathodic protection, excellent adhesion & corrosion resistance for industrial\/marine applications.","og_url":"https:\/\/www.jinyupaint.com\/pt\/produto\/bgez-60-epoxy-zinc-rich-primer\/","og_site_name":"KAIDA PAINT\u00ae","article_modified_time":"2025-07-22T08:51:44+00:00","og_image":[{"width":750,"height":750,"url":"https:\/\/www.jinyupaint.com\/wp-content\/uploads\/2023\/10\/Industrial-Paint-11.jpg","type":"image\/jpeg"}],"twitter_card":"summary_large_image","twitter_misc":{"Tempo estimado de leitura":"3 minutos"},"schema":{"@context":"https:\/\/schema.org","@graph":[{"@type":"WebPage","@id":"https:\/\/www.jinyupaint.com\/product\/bgez-60-epoxy-zinc-rich-primer","url":"https:\/\/www.jinyupaint.com\/product\/bgez-60-epoxy-zinc-rich-primer","name":"BGEZ-60 Epoxy Zinc-rich Primer Anti-Corrosion Coating - KAIDA PAINT\u00ae Manufacturer | Supplier","isPartOf":{"@id":"https:\/\/www.jinyupaint.com\/#website"},"primaryImageOfPage":{"@id":"https:\/\/www.jinyupaint.com\/product\/bgez-60-epoxy-zinc-rich-primer#primaryimage"},"image":{"@id":"https:\/\/www.jinyupaint.com\/product\/bgez-60-epoxy-zinc-rich-primer#primaryimage"},"thumbnailUrl":"https:\/\/www.jinyupaint.com\/wp-content\/uploads\/2023\/10\/Industrial-Paint-11.jpg","datePublished":"2023-10-17T03:26:59+00:00","dateModified":"2025-07-22T08:51:44+00:00","description":"Prim\u00e1rio rico em zinco de alto desempenho para a\u00e7o com teor de zinco 60%. Proporciona prote\u00e7\u00e3o cat\u00f3dica, excelente ader\u00eancia e resist\u00eancia \u00e0 corros\u00e3o para aplica\u00e7\u00f5es industriais\/mar\u00edtimas.","breadcrumb":{"@id":"https:\/\/www.jinyupaint.com\/product\/bgez-60-epoxy-zinc-rich-primer#breadcrumb"},"inLanguage":"pt-PT","potentialAction":[{"@type":"ReadAction","target":["https:\/\/www.jinyupaint.com\/product\/bgez-60-epoxy-zinc-rich-primer"]}]},{"@type":"ImageObject","inLanguage":"pt-PT","@id":"https:\/\/www.jinyupaint.com\/product\/bgez-60-epoxy-zinc-rich-primer#primaryimage","url":"https:\/\/www.jinyupaint.com\/wp-content\/uploads\/2023\/10\/Industrial-Paint-11.jpg","contentUrl":"https:\/\/www.jinyupaint.com\/wp-content\/uploads\/2023\/10\/Industrial-Paint-11.jpg","width":750,"height":750,"caption":"Industrial-Paint"},{"@type":"BreadcrumbList","@id":"https:\/\/www.jinyupaint.com\/product\/bgez-60-epoxy-zinc-rich-primer#breadcrumb","itemListElement":[{"@type":"ListItem","position":1,"name":"Home","item":"https:\/\/www.jinyupaint.com\/"},{"@type":"ListItem","position":2,"name":"Shop","item":"https:\/\/www.jinyupaint.com\/shop.html"},{"@type":"ListItem","position":3,"name":"BGEZ-60 Epoxy Zinc-rich Primer"}]},{"@type":"WebSite","@id":"https:\/\/www.jinyupaint.com\/#website","url":"https:\/\/www.jinyupaint.com\/","name":"PINTURA JINYU","description":"JINYU PAINT\u00ae Fabricante","potentialAction":[{"@type":"SearchAction","target":{"@type":"EntryPoint","urlTemplate":"https:\/\/www.jinyupaint.com\/?s={search_term_string}"},"query-input":{"@type":"PropertyValueSpecification","valueRequired":true,"valueName":"search_term_string"}}],"inLanguage":"pt-PT"}]}},"_links":{"self":[{"href":"https:\/\/www.jinyupaint.com\/pt\/wp-json\/wp\/v2\/product\/1489","targetHints":{"allow":["GET"]}}],"collection":[{"href":"https:\/\/www.jinyupaint.com\/pt\/wp-json\/wp\/v2\/product"}],"about":[{"href":"https:\/\/www.jinyupaint.com\/pt\/wp-json\/wp\/v2\/types\/product"}],"wp:featuredmedia":[{"embeddable":true,"href":"https:\/\/www.jinyupaint.com\/pt\/wp-json\/wp\/v2\/media\/1504"}],"wp:attachment":[{"href":"https:\/\/www.jinyupaint.com\/pt\/wp-json\/wp\/v2\/media?parent=1489"}],"wp:term":[{"taxonomy":"product_brand","embeddable":true,"href":"https:\/\/www.jinyupaint.com\/pt\/wp-json\/wp\/v2\/product_brand?post=1489"},{"taxonomy":"product_cat","embeddable":true,"href":"https:\/\/www.jinyupaint.com\/pt\/wp-json\/wp\/v2\/product_cat?post=1489"},{"taxonomy":"product_tag","embeddable":true,"href":"https:\/\/www.jinyupaint.com\/pt\/wp-json\/wp\/v2\/product_tag?post=1489"}],"curies":[{"name":"wp","href":"https:\/\/api.w.org\/{rel}","templated":true}]}}