{"id":1482,"date":"2023-10-17T02:49:22","date_gmt":"2023-10-17T02:49:22","guid":{"rendered":"http:\/\/www.jinyupaint.com\/?post_type=product&#038;p=1482"},"modified":"2025-07-14T08:23:42","modified_gmt":"2025-07-14T08:23:42","slug":"bga-40-acrylic-polyurethane-topcoat","status":"publish","type":"product","link":"https:\/\/www.jinyupaint.com\/pt\/produto\/bga-40-acrylic-polyurethane-topcoat","title":{"rendered":"BGA-40 Revestimento de poliuretano acr\u00edlico"},"content":{"rendered":"<h2><strong>Descri\u00e7\u00e3o do produto.<\/strong><\/h2>\n<p>Este acabamento de poliuretano acr\u00edlico alif\u00e1tico de dois componentes, de elevada constru\u00e7\u00e3o, \u00e9 um acabamento de baixo brilho com uma reten\u00e7\u00e3o de cor excecional, especificamente concebido para estruturas de a\u00e7o expostas a condi\u00e7\u00f5es corrosivas moderadas. Sendo um revestimento de poliuretano alif\u00e1tico de alta qualidade, proporciona uma durabilidade superior, resist\u00eancia aos raios UV e prote\u00e7\u00e3o a longo prazo em compara\u00e7\u00e3o com as op\u00e7\u00f5es normais de acr\u00edlico ou poliuretano. A formula\u00e7\u00e3o da tinta de esmalte de poliuretano acr\u00edlico gordo garante uma excelente resist\u00eancia \u00e0s intemp\u00e9ries, tornando-a ideal tanto para revestimentos de constru\u00e7\u00e3o nova como para aplica\u00e7\u00f5es de pintura de manuten\u00e7\u00e3o em que n\u00e3o \u00e9 desej\u00e1vel uma tinta de poliuretano de alto brilho.<\/p>\n<p>&nbsp;<\/p>\n<h2><strong>Aplica\u00e7\u00e3o do produto.<\/strong><\/h2>\n<p>Concebido para \u00e1reas que requerem uma tinta de esmalte de poliuretano acr\u00edlico mate, este uretano acr\u00edlico alif\u00e1tico tem um desempenho superior ao do esmalte de poliuretano convencional ou da tinta de esmalte de uretano acr\u00edlico em termos de flexibilidade e ader\u00eancia.<\/p>\n<p>&nbsp;<\/p>\n<h2><strong>Par\u00e2metros f\u00edsicos:<\/strong><\/h2>\n<p><strong>Cor:<\/strong> v\u00e1rias cores<\/p>\n<p><strong>Conte\u00fado s\u00f3lido em volume:<\/strong> 58\u00b12%<\/p>\n<p><strong>Espessura standard da pel\u00edcula:<\/strong> Pel\u00edcula seca: 60 microns Pel\u00edcula h\u00famida: 103 microns<\/p>\n<p><strong>Taxa de revestimento te\u00f3rica:<\/strong> 6,9\u33a1\/kg, 9,7\u33a1\/L (com base numa pel\u00edcula seca de 60 microns)<\/p>\n<p><strong>Taxa de cobertura efectiva:<\/strong> Considerar factores de perda adequados<\/p>\n<p><strong>Ponto de inflama\u00e7\u00e3o:<\/strong> 29\u00b12\u2103(ap\u00f3s mistura)<\/p>\n<p>&nbsp;<\/p>\n<h2><strong>Instru\u00e7\u00f5es de candidatura<\/strong><\/h2>\n<h3>Tratamento de superf\u00edcie:<\/h3>\n<p>Todas as superf\u00edcies a revestir devem estar limpas, secas e isentas de contamina\u00e7\u00e3o. Antes da pintura, todas as superf\u00edcies devem ser avaliadas e tratadas de acordo com as normas ISO8504:2000. Este produto deve ser sempre aplicado sobre uma tinta anti-ferrugem recomendada. A superf\u00edcie do prim\u00e1rio deve estar seca e isenta de contamina\u00e7\u00e3o. Este produto deve ser aplicado dentro dos intervalos de recobrimento especificados. As \u00e1reas escamadas e danificadas devem ser tratadas de acordo com a norma especificada Sa2.5 (ISO8501-1:2007) ou SSPC-SP6) e estas \u00e1reas devem ser repintadas antes de aplicar este produto. A temperatura do substrato n\u00e3o deve ser inferior a 10\u2103, e deve ser pelo menos 3\u2103 superior \u00e0 temperatura do ponto de orvalho do ar.<\/p>\n<p><strong>Mistura:<\/strong> Este produto \u00e9 fornecido em duas latas para formar uma unidade. Deve ser misturado aos pares de uma s\u00f3 vez, de acordo com a propor\u00e7\u00e3o prescrita para cada vez, e utilizado dentro do per\u00edodo de mistura prescrito.<\/p>\n<p><strong>Vida \u00fatil da mistura:<\/strong><\/p>\n<table>\n<tbody>\n<tr>\n<td width=\"142\">15\u2103<\/td>\n<td width=\"142\">25\u2103<\/td>\n<td width=\"142\">40\u2103<\/td>\n<\/tr>\n<tr>\n<td width=\"142\">4H<\/td>\n<td width=\"142\">2H<\/td>\n<td width=\"142\">1H<\/td>\n<\/tr>\n<\/tbody>\n<\/table>\n<p><strong>Diluente: JINYU No. 2Thinner<\/strong><\/p>\n<table>\n<tbody>\n<tr>\n<td width=\"142\">M\u00e9todo de constru\u00e7\u00e3o:<\/td>\n<td width=\"142\">pulveriza\u00e7\u00e3o sem ar<\/td>\n<td width=\"142\">pulveriza\u00e7\u00e3o de ar (com reservat\u00f3rio de press\u00e3o)<\/td>\n<td width=\"142\">escova\/rolo<\/td>\n<\/tr>\n<tr>\n<td width=\"142\">R\u00e1cio de dilui\u00e7\u00e3o:<\/td>\n<td width=\"142\">0-5%<\/td>\n<td width=\"142\">5-10%<\/td>\n<td width=\"142\">0-5%<\/td>\n<\/tr>\n<\/tbody>\n<\/table>\n<p><strong><b>Pulveriza\u00e7\u00e3o sem ar:<\/b><\/strong><\/p>\n<p><strong><b>Tamanho do bocal: 0,33-0,46 mm<\/b><\/strong><\/p>\n<p><strong><b>Press\u00e3o de descarga: 15MPa<\/b><\/strong><\/p>\n<p><strong>Tempo de secagem:<\/strong><\/p>\n<table>\n<tbody>\n<tr>\n<td width=\"124\">(Espessura da pel\u00edcula h\u00famida 103\u03bcm, humidade relativa 50%)<\/td>\n<td width=\"66\">15\u2103<\/td>\n<td width=\"105\">25\u2103<\/td>\n<td width=\"122\">35\u2103<\/td>\n<\/tr>\n<tr>\n<td width=\"124\">Dedos secos ao toque<\/td>\n<td width=\"66\">4H<\/td>\n<td width=\"105\">1H<\/td>\n<td width=\"122\">0.5H<\/td>\n<\/tr>\n<tr>\n<td width=\"124\">Transport\u00e1vel<\/td>\n<td width=\"66\">24H<\/td>\n<td width=\"105\">6H<\/td>\n<td width=\"122\">6H<\/td>\n<\/tr>\n<tr>\n<td width=\"124\">totalmente curado<\/td>\n<td width=\"66\">10 dias<\/td>\n<td width=\"105\">7 dias<\/td>\n<td width=\"122\">2 dias<\/td>\n<\/tr>\n<\/tbody>\n<\/table>\n<p><strong>Intervalo de recobrimento:<\/strong><\/p>\n<table>\n<tbody>\n<tr>\n<td width=\"124\">(Espessura da pel\u00edcula h\u00famida 103\u03bcm, humidade relativa 50%)<\/td>\n<td width=\"102\">15\u2103<\/td>\n<td width=\"89\">25\u2103<\/td>\n<td width=\"158\">35\u2103<\/td>\n<\/tr>\n<tr>\n<td width=\"124\">mais curto<\/td>\n<td width=\"102\">5H<\/td>\n<td width=\"89\">4H<\/td>\n<td width=\"158\">1H<\/td>\n<\/tr>\n<\/tbody>\n<\/table>\n<p><strong><b>Especifica\u00e7\u00f5es da embalagem: 25KG\/grupo<\/b><\/strong><\/p>\n<p>&nbsp;<\/p>\n<figure id=\"attachment_4525\" aria-describedby=\"caption-attachment-4525\" style=\"width: 600px\" class=\"wp-caption alignnone\"><a href=\"https:\/\/www.jinyupaint.com\/wp-content\/uploads\/2023\/10\/Acrylic-Polyurethane-Paint-Application.jpg\"><img fetchpriority=\"high\" decoding=\"async\" class=\"wp-image-4525\" src=\"https:\/\/www.jinyupaint.com\/wp-content\/uploads\/2023\/10\/Acrylic-Polyurethane-Paint-Application.jpg\" alt=\"Aplica\u00e7\u00e3o de tinta acr\u00edlica de poliuretano\" width=\"600\" height=\"450\" srcset=\"https:\/\/www.jinyupaint.com\/wp-content\/uploads\/2023\/10\/Acrylic-Polyurethane-Paint-Application.jpg 800w, https:\/\/www.jinyupaint.com\/wp-content\/uploads\/2023\/10\/Acrylic-Polyurethane-Paint-Application-300x225.jpg 300w, https:\/\/www.jinyupaint.com\/wp-content\/uploads\/2023\/10\/Acrylic-Polyurethane-Paint-Application-768x576.jpg 768w, https:\/\/www.jinyupaint.com\/wp-content\/uploads\/2023\/10\/Acrylic-Polyurethane-Paint-Application-600x450.jpg 600w\" sizes=\"(max-width: 600px) 100vw, 600px\" \/><\/a><figcaption id=\"caption-attachment-4525\" class=\"wp-caption-text\">Aplica\u00e7\u00e3o de tinta acr\u00edlica de poliuretano<\/figcaption><\/figure>\n<p>&nbsp;<\/p>\n<h2 style=\"text-align: center;\"><strong>Qual \u00e9 a diferen\u00e7a entre o acabamento acr\u00edlico, o acabamento de poliuretano acr\u00edlico e o acabamento de poliuretano alif\u00e1tico?<\/strong><\/h2>\n<div style=\"position: relative;\">\n<div style=\"content: ''; width: 248px; height: 1px; background: #c8c8c8; display: block; margin: auto;\"><\/div>\n<div style=\"content: ''; width: 37px; height: 3px; background: #d51405; display: block; position: absolute; left: 50%; margin-left: -18px; bottom: 0;\"><\/div>\n<\/div>\n<p>&nbsp;<\/p>\n<p>Os revestimentos acr\u00edlicos s\u00e3o sistemas de componente \u00fanico, enquanto os acabamentos de poliuretano acr\u00edlico e os revestimentos de poliuretano alif\u00e1tico s\u00e3o formula\u00e7\u00f5es de dois componentes. Normalmente, a tinta acr\u00edlica de poliuretano pertence \u00e0 categoria de poliuretano alif\u00e1tico, especificamente concebida para proporcionar uma resist\u00eancia superior \u00e0s intemp\u00e9ries e uma durabilidade a longo prazo.<\/p>\n<p>&nbsp;<\/p>\n<p>As principais diferen\u00e7as entre os revestimentos acr\u00edlicos e os revestimentos de poliuretano v\u00e3o para al\u00e9m dos m\u00e9todos de cura e abrangem factores de desempenho cr\u00edticos, como a resist\u00eancia aos raios UV e a prote\u00e7\u00e3o contra a corros\u00e3o. A tinta acr\u00edlica de esmalte de poliuretano demonstra uma resist\u00eancia \u00e0 corros\u00e3o significativamente mais elevada em compara\u00e7\u00e3o com as op\u00e7\u00f5es acr\u00edlicas normais. Quando se consideram os sistemas de revestimento de poliuretano alif\u00e1tico, estes s\u00e3o especificamente formulados para uma excecional resist\u00eancia \u00e0s intemp\u00e9ries no exterior e prote\u00e7\u00e3o UV, superando os acr\u00edlicos tanto na dureza da superf\u00edcie como na reten\u00e7\u00e3o do brilho.<\/p>\n<p>&nbsp;<\/p>\n<p>Para projectos que requerem qualidades de prote\u00e7\u00e3o e apelo decorativo, os acabamentos de poliuretano acr\u00edlico alif\u00e1tico oferecem vantagens distintas em rela\u00e7\u00e3o \u00e0s alternativas convencionais de tinta acr\u00edlica de poliuretano. A resist\u00eancia qu\u00edmica melhorada e a reten\u00e7\u00e3o de cor superior destas tintas de esmalte de poliuretano tornam-nas ideais para aplica\u00e7\u00f5es industriais exigentes em que tanto a durabilidade como a est\u00e9tica s\u00e3o fundamentais.<\/p>\n<p>&nbsp;<\/p>\n<h2 style=\"text-align: center;\"><strong>Perguntas frequentes sobre o acabamento em poliuretano acr\u00edlico<\/strong><\/h2>\n<div style=\"position: relative;\">\n<div style=\"content: ''; width: 248px; height: 1px; background: #c8c8c8; display: block; margin: auto;\"><\/div>\n<div style=\"content: ''; width: 37px; height: 3px; background: #d51405; display: block; position: absolute; left: 50%; margin-left: -18px; bottom: 0;\"><\/div>\n<\/div>\n<p>&nbsp;<\/p>\n<ul>\n<li><a href=\"https:\/\/www.jinyupaint.com\/pt\/how-to-choose-the-compatible-primer-for-acrylic-polyurethane-finish.html\/\">Como escolher o prim\u00e1rio compat\u00edvel com o acabamento de poliuretano acr\u00edlico?<\/a><\/li>\n<\/ul>","protected":false},"excerpt":{"rendered":"<p>O acabamento de poliuretano acr\u00edlico, tamb\u00e9m conhecido como tinta de esmalte de poliuretano acr\u00edlico, \u00e9 um sistema de revestimento de dois componentes de elevado desempenho que proporciona uma durabilidade e um aspeto est\u00e9tico excepcionais. Este revestimento de poliuretano alif\u00e1tico oferece uma excelente resist\u00eancia \u00e0s intemp\u00e9ries, prote\u00e7\u00e3o UV e resist\u00eancia a solventes, tornando-o ideal para aplica\u00e7\u00f5es exigentes no exterior. Com o seu acabamento de alto brilho e qualidades decorativas superiores, a tinta acr\u00edlica de poliuretano tornou-se a escolha preferida para grandes infra-estruturas e projectos industriais em todo o mundo.<\/p>\n<p>&nbsp;<\/p>\n<p>Especificamente formulada para aplica\u00e7\u00f5es industriais anti-corros\u00e3o de gama m\u00e9dia a alta, esta tinta de esmalte de poliuretano proporciona uma excelente prote\u00e7\u00e3o para: estruturas de a\u00e7o, revestimentos de pontes, superf\u00edcies de bet\u00e3o, exteriores de edif\u00edcios, equipamento mec\u00e2nico, instala\u00e7\u00f5es costeiras e prote\u00e7\u00e3o de condutas. Em compara\u00e7\u00e3o com as op\u00e7\u00f5es padr\u00e3o de acr\u00edlico ou poliuretano, este sistema de revestimento de poliuretano acr\u00edlico alif\u00e1tico oferece uma resist\u00eancia qu\u00edmica melhorada e uma reten\u00e7\u00e3o de cor a longo prazo, superando as tintas de poliuretano convencionais at\u00e9 5 vezes em termos de vida \u00fatil.<\/p>","protected":false},"featured_media":5095,"template":"","meta":{"om_disable_all_campaigns":false,"_monsterinsights_skip_tracking":false,"_monsterinsights_sitenote_active":false,"_monsterinsights_sitenote_note":"","_monsterinsights_sitenote_category":0,"_uf_show_specific_survey":0,"_uf_disable_surveys":false},"product_brand":[],"product_cat":[79,505],"product_tag":[84,81,82],"class_list":{"0":"post-1482","1":"product","2":"type-product","3":"status-publish","4":"has-post-thumbnail","6":"product_cat-industrial-coating","7":"product_cat-polyurethane-paint","8":"product_tag-acrylic-polyurethane-topcoat","9":"product_tag-industrial-coating","10":"product_tag-industrial-paint","12":"first","13":"instock","14":"shipping-taxable","15":"product-type-simple"},"yoast_head":"<!-- This site is optimized with the Yoast SEO Premium plugin v26.2 (Yoast SEO v26.5) - https:\/\/yoast.com\/wordpress\/plugins\/seo\/ -->\n<title>BGA-40 Acrylic Polyurethane Topcoat - KAIDA PAINT\u00ae Manufacturer | Supplier<\/title>\n<meta name=\"description\" content=\"High-performance \u200b\u200baliphatic acrylic polyurethane finish\u200b\u200b with superior UV resistance &amp; color retention. Ideal for steel structures in corrosive environments. Low-sheen, durable \u200b\u200bpolyurethane enamel paint\u200b\u200b.\" \/>\n<meta name=\"robots\" content=\"index, follow, max-snippet:-1, max-image-preview:large, max-video-preview:-1\" \/>\n<link rel=\"canonical\" href=\"https:\/\/www.jinyupaint.com\/pt\/produto\/bga-40-acrylic-polyurethane-topcoat\/\" \/>\n<meta property=\"og:locale\" content=\"pt_PT\" \/>\n<meta property=\"og:type\" content=\"article\" \/>\n<meta property=\"og:title\" content=\"BGA-40 Acrylic Polyurethane Topcoat\" \/>\n<meta property=\"og:description\" content=\"High-performance \u200b\u200baliphatic acrylic polyurethane finish\u200b\u200b with superior UV resistance &amp; color retention. Ideal for steel structures in corrosive environments. Low-sheen, durable \u200b\u200bpolyurethane enamel paint\u200b\u200b.\" \/>\n<meta property=\"og:url\" content=\"https:\/\/www.jinyupaint.com\/pt\/produto\/bga-40-acrylic-polyurethane-topcoat\/\" \/>\n<meta property=\"og:site_name\" content=\"KAIDA PAINT\u00ae\" \/>\n<meta property=\"article:modified_time\" content=\"2025-07-14T08:23:42+00:00\" \/>\n<meta property=\"og:image\" content=\"https:\/\/www.jinyupaint.com\/wp-content\/uploads\/2023\/10\/Acrylic-Polyurethane-Finish.jpg\" \/>\n\t<meta property=\"og:image:width\" content=\"750\" \/>\n\t<meta property=\"og:image:height\" content=\"750\" \/>\n\t<meta property=\"og:image:type\" content=\"image\/jpeg\" \/>\n<meta name=\"twitter:card\" content=\"summary_large_image\" \/>\n<meta name=\"twitter:label1\" content=\"Tempo estimado de leitura\" \/>\n\t<meta name=\"twitter:data1\" content=\"3 minutos\" \/>\n<script type=\"application\/ld+json\" class=\"yoast-schema-graph\">{\"@context\":\"https:\/\/schema.org\",\"@graph\":[{\"@type\":\"WebPage\",\"@id\":\"https:\/\/www.jinyupaint.com\/product\/bga-40-acrylic-polyurethane-topcoat\",\"url\":\"https:\/\/www.jinyupaint.com\/product\/bga-40-acrylic-polyurethane-topcoat\",\"name\":\"BGA-40 Acrylic Polyurethane Topcoat - KAIDA PAINT\u00ae Manufacturer | Supplier\",\"isPartOf\":{\"@id\":\"https:\/\/www.jinyupaint.com\/#website\"},\"primaryImageOfPage\":{\"@id\":\"https:\/\/www.jinyupaint.com\/product\/bga-40-acrylic-polyurethane-topcoat#primaryimage\"},\"image\":{\"@id\":\"https:\/\/www.jinyupaint.com\/product\/bga-40-acrylic-polyurethane-topcoat#primaryimage\"},\"thumbnailUrl\":\"https:\/\/www.jinyupaint.com\/wp-content\/uploads\/2023\/10\/Acrylic-Polyurethane-Finish.jpg\",\"datePublished\":\"2023-10-17T02:49:22+00:00\",\"dateModified\":\"2025-07-14T08:23:42+00:00\",\"description\":\"High-performance \u200b\u200baliphatic acrylic polyurethane finish\u200b\u200b with superior UV resistance & color retention. Ideal for steel structures in corrosive environments. Low-sheen, durable \u200b\u200bpolyurethane enamel paint\u200b\u200b.\",\"breadcrumb\":{\"@id\":\"https:\/\/www.jinyupaint.com\/product\/bga-40-acrylic-polyurethane-topcoat#breadcrumb\"},\"inLanguage\":\"pt-PT\",\"potentialAction\":[{\"@type\":\"ReadAction\",\"target\":[\"https:\/\/www.jinyupaint.com\/product\/bga-40-acrylic-polyurethane-topcoat\"]}]},{\"@type\":\"ImageObject\",\"inLanguage\":\"pt-PT\",\"@id\":\"https:\/\/www.jinyupaint.com\/product\/bga-40-acrylic-polyurethane-topcoat#primaryimage\",\"url\":\"https:\/\/www.jinyupaint.com\/wp-content\/uploads\/2023\/10\/Acrylic-Polyurethane-Finish.jpg\",\"contentUrl\":\"https:\/\/www.jinyupaint.com\/wp-content\/uploads\/2023\/10\/Acrylic-Polyurethane-Finish.jpg\",\"width\":750,\"height\":750,\"caption\":\"Acrylic Polyurethane Finish\"},{\"@type\":\"BreadcrumbList\",\"@id\":\"https:\/\/www.jinyupaint.com\/product\/bga-40-acrylic-polyurethane-topcoat#breadcrumb\",\"itemListElement\":[{\"@type\":\"ListItem\",\"position\":1,\"name\":\"Home\",\"item\":\"https:\/\/www.jinyupaint.com\/\"},{\"@type\":\"ListItem\",\"position\":2,\"name\":\"Shop\",\"item\":\"https:\/\/www.jinyupaint.com\/shop.html\"},{\"@type\":\"ListItem\",\"position\":3,\"name\":\"BGA-40 Acrylic Polyurethane Topcoat\"}]},{\"@type\":\"WebSite\",\"@id\":\"https:\/\/www.jinyupaint.com\/#website\",\"url\":\"https:\/\/www.jinyupaint.com\/\",\"name\":\"JINYU\u00ae PAINT\",\"description\":\"JINYU PAINT\u00ae Manufacturer\",\"potentialAction\":[{\"@type\":\"SearchAction\",\"target\":{\"@type\":\"EntryPoint\",\"urlTemplate\":\"https:\/\/www.jinyupaint.com\/?s={search_term_string}\"},\"query-input\":{\"@type\":\"PropertyValueSpecification\",\"valueRequired\":true,\"valueName\":\"search_term_string\"}}],\"inLanguage\":\"pt-PT\"}]}<\/script>\n<!-- \/ Yoast SEO Premium plugin. -->","yoast_head_json":{"title":"BGA-40 Acr\u00edlico Poliuretano Topcoat - KAIDA PAINT\u00ae Fabricante | Fornecedor","description":"Acabamento de poliuretano acr\u00edlico alif\u00e1tico de alto desempenho com resist\u00eancia superior aos raios UV e reten\u00e7\u00e3o de cor. Ideal para estruturas de a\u00e7o em ambientes corrosivos. Tinta de esmalte de poliuretano de baixo brilho e duradoura.","robots":{"index":"index","follow":"follow","max-snippet":"max-snippet:-1","max-image-preview":"max-image-preview:large","max-video-preview":"max-video-preview:-1"},"canonical":"https:\/\/www.jinyupaint.com\/pt\/produto\/bga-40-acrylic-polyurethane-topcoat\/","og_locale":"pt_PT","og_type":"article","og_title":"BGA-40 Acrylic Polyurethane Topcoat","og_description":"High-performance \u200b\u200baliphatic acrylic polyurethane finish\u200b\u200b with superior UV resistance & color retention. Ideal for steel structures in corrosive environments. Low-sheen, durable \u200b\u200bpolyurethane enamel paint\u200b\u200b.","og_url":"https:\/\/www.jinyupaint.com\/pt\/produto\/bga-40-acrylic-polyurethane-topcoat\/","og_site_name":"KAIDA PAINT\u00ae","article_modified_time":"2025-07-14T08:23:42+00:00","og_image":[{"width":750,"height":750,"url":"https:\/\/www.jinyupaint.com\/wp-content\/uploads\/2023\/10\/Acrylic-Polyurethane-Finish.jpg","type":"image\/jpeg"}],"twitter_card":"summary_large_image","twitter_misc":{"Tempo estimado de leitura":"3 minutos"},"schema":{"@context":"https:\/\/schema.org","@graph":[{"@type":"WebPage","@id":"https:\/\/www.jinyupaint.com\/product\/bga-40-acrylic-polyurethane-topcoat","url":"https:\/\/www.jinyupaint.com\/product\/bga-40-acrylic-polyurethane-topcoat","name":"BGA-40 Acr\u00edlico Poliuretano Topcoat - KAIDA PAINT\u00ae Fabricante | Fornecedor","isPartOf":{"@id":"https:\/\/www.jinyupaint.com\/#website"},"primaryImageOfPage":{"@id":"https:\/\/www.jinyupaint.com\/product\/bga-40-acrylic-polyurethane-topcoat#primaryimage"},"image":{"@id":"https:\/\/www.jinyupaint.com\/product\/bga-40-acrylic-polyurethane-topcoat#primaryimage"},"thumbnailUrl":"https:\/\/www.jinyupaint.com\/wp-content\/uploads\/2023\/10\/Acrylic-Polyurethane-Finish.jpg","datePublished":"2023-10-17T02:49:22+00:00","dateModified":"2025-07-14T08:23:42+00:00","description":"Acabamento de poliuretano acr\u00edlico alif\u00e1tico de alto desempenho com resist\u00eancia superior aos raios UV e reten\u00e7\u00e3o de cor. Ideal para estruturas de a\u00e7o em ambientes corrosivos. Tinta de esmalte de poliuretano de baixo brilho e duradoura.","breadcrumb":{"@id":"https:\/\/www.jinyupaint.com\/product\/bga-40-acrylic-polyurethane-topcoat#breadcrumb"},"inLanguage":"pt-PT","potentialAction":[{"@type":"ReadAction","target":["https:\/\/www.jinyupaint.com\/product\/bga-40-acrylic-polyurethane-topcoat"]}]},{"@type":"ImageObject","inLanguage":"pt-PT","@id":"https:\/\/www.jinyupaint.com\/product\/bga-40-acrylic-polyurethane-topcoat#primaryimage","url":"https:\/\/www.jinyupaint.com\/wp-content\/uploads\/2023\/10\/Acrylic-Polyurethane-Finish.jpg","contentUrl":"https:\/\/www.jinyupaint.com\/wp-content\/uploads\/2023\/10\/Acrylic-Polyurethane-Finish.jpg","width":750,"height":750,"caption":"Acrylic Polyurethane Finish"},{"@type":"BreadcrumbList","@id":"https:\/\/www.jinyupaint.com\/product\/bga-40-acrylic-polyurethane-topcoat#breadcrumb","itemListElement":[{"@type":"ListItem","position":1,"name":"Home","item":"https:\/\/www.jinyupaint.com\/"},{"@type":"ListItem","position":2,"name":"Shop","item":"https:\/\/www.jinyupaint.com\/shop.html"},{"@type":"ListItem","position":3,"name":"BGA-40 Acrylic Polyurethane Topcoat"}]},{"@type":"WebSite","@id":"https:\/\/www.jinyupaint.com\/#website","url":"https:\/\/www.jinyupaint.com\/","name":"PINTURA JINYU","description":"JINYU PAINT\u00ae Fabricante","potentialAction":[{"@type":"SearchAction","target":{"@type":"EntryPoint","urlTemplate":"https:\/\/www.jinyupaint.com\/?s={search_term_string}"},"query-input":{"@type":"PropertyValueSpecification","valueRequired":true,"valueName":"search_term_string"}}],"inLanguage":"pt-PT"}]}},"_links":{"self":[{"href":"https:\/\/www.jinyupaint.com\/pt\/wp-json\/wp\/v2\/product\/1482","targetHints":{"allow":["GET"]}}],"collection":[{"href":"https:\/\/www.jinyupaint.com\/pt\/wp-json\/wp\/v2\/product"}],"about":[{"href":"https:\/\/www.jinyupaint.com\/pt\/wp-json\/wp\/v2\/types\/product"}],"wp:featuredmedia":[{"embeddable":true,"href":"https:\/\/www.jinyupaint.com\/pt\/wp-json\/wp\/v2\/media\/5095"}],"wp:attachment":[{"href":"https:\/\/www.jinyupaint.com\/pt\/wp-json\/wp\/v2\/media?parent=1482"}],"wp:term":[{"taxonomy":"product_brand","embeddable":true,"href":"https:\/\/www.jinyupaint.com\/pt\/wp-json\/wp\/v2\/product_brand?post=1482"},{"taxonomy":"product_cat","embeddable":true,"href":"https:\/\/www.jinyupaint.com\/pt\/wp-json\/wp\/v2\/product_cat?post=1482"},{"taxonomy":"product_tag","embeddable":true,"href":"https:\/\/www.jinyupaint.com\/pt\/wp-json\/wp\/v2\/product_tag?post=1482"}],"curies":[{"name":"wp","href":"https:\/\/api.w.org\/{rel}","templated":true}]}}