{"id":3262,"date":"2025-02-21T05:06:22","date_gmt":"2025-02-21T05:06:22","guid":{"rendered":"https:\/\/www.jinyupaint.com\/?page_id=3262"},"modified":"2025-02-21T06:25:25","modified_gmt":"2025-02-21T06:25:25","slug":"company-profile","status":"publish","type":"page","link":"https:\/\/www.jinyupaint.com\/pt\/company-profile.html","title":{"rendered":"Perfil da empresa"},"content":{"rendered":"<div data-elementor-type=\"wp-page\" data-elementor-id=\"3262\" class=\"elementor elementor-3262\" data-elementor-post-type=\"page\">\n\t\t\t\t\t\t<section class=\"elementor-section elementor-top-section elementor-element elementor-element-78cbbd6e elementor-section-boxed elementor-section-height-default elementor-section-height-default\" data-id=\"78cbbd6e\" data-element_type=\"section\" data-settings=\"{&quot;background_background&quot;:&quot;classic&quot;}\">\n\t\t\t\t\t\t<div class=\"elementor-container elementor-column-gap-default\">\n\t\t\t\t\t<div class=\"elementor-column elementor-col-100 elementor-top-column elementor-element elementor-element-7278eecc\" data-id=\"7278eecc\" data-element_type=\"column\">\n\t\t\t<div class=\"elementor-widget-wrap elementor-element-populated\">\n\t\t\t\t\t\t<div class=\"elementor-element elementor-element-75424838 elementor-widget__width-initial elementor-widget elementor-widget-woocommerce-breadcrumb\" data-id=\"75424838\" data-element_type=\"widget\" data-widget_type=\"woocommerce-breadcrumb.default\">\n\t\t\t\t<div class=\"elementor-widget-container\">\n\t\t\t\t\t<nav class=\"woocommerce-breadcrumb\" aria-label=\"Breadcrumb\" data-no-translation=\"\" data-trp-gettext=\"\">In\u00edcio<\/nav>\t\t\t\t<\/div>\n\t\t\t\t<\/div>\n\t\t\t\t\t<\/div>\n\t\t<\/div>\n\t\t\t\t\t<\/div>\n\t\t<\/section>\n\t\t\t\t<section class=\"elementor-section elementor-top-section elementor-element elementor-element-fac1bb7 elementor-section-boxed elementor-section-height-default elementor-section-height-default\" data-id=\"fac1bb7\" data-element_type=\"section\">\n\t\t\t\t\t\t<div class=\"elementor-container elementor-column-gap-default\">\n\t\t\t\t\t<div class=\"elementor-column elementor-col-100 elementor-top-column elementor-element elementor-element-7508b19\" data-id=\"7508b19\" data-element_type=\"column\">\n\t\t\t<div class=\"elementor-widget-wrap elementor-element-populated\">\n\t\t\t\t\t\t<div class=\"elementor-element elementor-element-2b90ca6 elementor-widget elementor-widget-spacer\" data-id=\"2b90ca6\" data-element_type=\"widget\" data-widget_type=\"spacer.default\">\n\t\t\t\t<div class=\"elementor-widget-container\">\n\t\t\t\t\t\t\t<div class=\"elementor-spacer\">\n\t\t\t<div class=\"elementor-spacer-inner\"><\/div>\n\t\t<\/div>\n\t\t\t\t\t\t<\/div>\n\t\t\t\t<\/div>\n\t\t\t\t\t<\/div>\n\t\t<\/div>\n\t\t\t\t\t<\/div>\n\t\t<\/section>\n\t\t\t\t<section class=\"elementor-section elementor-top-section elementor-element elementor-element-42a23ab elementor-section-boxed elementor-section-height-default elementor-section-height-default\" data-id=\"42a23ab\" data-element_type=\"section\">\n\t\t\t\t\t\t<div class=\"elementor-container elementor-column-gap-default\">\n\t\t\t\t\t<div class=\"elementor-column elementor-col-100 elementor-top-column elementor-element elementor-element-d184d18\" data-id=\"d184d18\" data-element_type=\"column\">\n\t\t\t<div class=\"elementor-widget-wrap elementor-element-populated\">\n\t\t\t\t\t\t<div class=\"elementor-element elementor-element-bcdc0d7 elementor-widget elementor-widget-image\" data-id=\"bcdc0d7\" data-element_type=\"widget\" data-widget_type=\"image.default\">\n\t\t\t\t<div class=\"elementor-widget-container\">\n\t\t\t\t\t\t\t\t\t\t\t\t\t\t\t<img fetchpriority=\"high\" decoding=\"async\" width=\"1604\" height=\"902\" src=\"https:\/\/www.jinyupaint.com\/wp-content\/uploads\/2025\/02\/JINYU-PAINT-Display-Hall.jpg\" class=\"attachment-full size-full wp-image-3338\" alt=\"JINYU-PAINT-Display-Hall\" srcset=\"https:\/\/www.jinyupaint.com\/wp-content\/uploads\/2025\/02\/JINYU-PAINT-Display-Hall.jpg 1604w, https:\/\/www.jinyupaint.com\/wp-content\/uploads\/2025\/02\/JINYU-PAINT-Display-Hall-300x169.jpg 300w, https:\/\/www.jinyupaint.com\/wp-content\/uploads\/2025\/02\/JINYU-PAINT-Display-Hall-1024x576.jpg 1024w, https:\/\/www.jinyupaint.com\/wp-content\/uploads\/2025\/02\/JINYU-PAINT-Display-Hall-768x432.jpg 768w, https:\/\/www.jinyupaint.com\/wp-content\/uploads\/2025\/02\/JINYU-PAINT-Display-Hall-1536x864.jpg 1536w, https:\/\/www.jinyupaint.com\/wp-content\/uploads\/2025\/02\/JINYU-PAINT-Display-Hall-600x337.jpg 600w\" sizes=\"(max-width: 1604px) 100vw, 1604px\" \/>\t\t\t\t\t\t\t\t\t\t\t\t\t\t\t<\/div>\n\t\t\t\t<\/div>\n\t\t\t\t\t<\/div>\n\t\t<\/div>\n\t\t\t\t\t<\/div>\n\t\t<\/section>\n\t\t\t\t<section class=\"elementor-section elementor-top-section elementor-element elementor-element-9f3e6c8 elementor-section-boxed elementor-section-height-default elementor-section-height-default\" data-id=\"9f3e6c8\" data-element_type=\"section\">\n\t\t\t\t\t\t<div class=\"elementor-container elementor-column-gap-default\">\n\t\t\t\t\t<div class=\"elementor-column elementor-col-100 elementor-top-column elementor-element elementor-element-0227a96\" data-id=\"0227a96\" data-element_type=\"column\">\n\t\t\t<div class=\"elementor-widget-wrap elementor-element-populated\">\n\t\t\t\t\t\t<div class=\"elementor-element elementor-element-db5eec4 elementor-widget elementor-widget-text-editor\" data-id=\"db5eec4\" data-element_type=\"widget\" data-widget_type=\"text-editor.default\">\n\t\t\t\t<div class=\"elementor-widget-container\">\n\t\t\t\t\t\t\t\t\t<div class=\"auto-hide-last-sibling-br paragraph-JOTKXA paragraph-element br-paragraph-space\">A JINYU PAINT est\u00e1 afiliada ao Grupo Jinyu, um dos maiores grupos de materiais de constru\u00e7\u00e3o da China. \u00c9 uma empresa de revestimento profissional com uma hist\u00f3ria de quase 40 anos e \u00e9 l\u00edder em revestimentos \u00e0 prova de fogo na China. A empresa possui uma moderna linha de produ\u00e7\u00e3o de revestimentos com uma capacidade anual de 100.000 toneladas e uma linha de produ\u00e7\u00e3o de adesivos com uma capacidade anual de 50.000 toneladas. Baseando-se no laborat\u00f3rio de n\u00edvel nacional - o Centro de Tecnologia do Grupo Jinyu, dedica-se \u00e0 investiga\u00e7\u00e3o e desenvolvimento t\u00e9cnico, produ\u00e7\u00e3o e servi\u00e7os de vendas de revestimentos \u00e0 prova de fogo, revestimentos decorativos arquitect\u00f3nicos, tintas para pavimentos, tintas industriais, tintas para madeira \u00e0 base de \u00e1gua e adesivos ecol\u00f3gicos. Os seus produtos foram amplamente aplicados em in\u00fameros projectos importantes, incluindo o Est\u00e1dio Nacional (Ninho de P\u00e1ssaro), o Centro Nacional de Artes Performativas, os locais da Cimeira do G20, o Subcentro Urbano de Pequim, o Aeroporto Internacional de Pequim Daxing e o Universal Beijing Resort. A qualidade consistentemente excelente e o servi\u00e7o de primeira linha mereceram o aplauso un\u00e2nime dos propriet\u00e1rios dos im\u00f3veis.<\/div><div class=\"auto-hide-last-sibling-br paragraph-JOTKXA paragraph-element br-paragraph-space\">\u00a0<\/div><p>\u00a0<\/p><div class=\"auto-hide-last-sibling-br paragraph-JOTKXA paragraph-element br-paragraph-space\">Como uma empresa de revestimento profissional em grande escala, JINYU PAINT emprega principalmente equipamentos importados para produ\u00e7\u00e3o e testes. A empresa estabeleceu parcerias de coopera\u00e7\u00e3o est\u00e1veis e de longo prazo com empresas qu\u00edmicas de renome mundial, como a Dow Chemical, BASF, Bayer e DuPont. A empresa obteve com \u00eaxito a certifica\u00e7\u00e3o nacional de produtos com r\u00f3tulo ambiental (Ten Rings), a certifica\u00e7\u00e3o de produtos ecol\u00f3gicos, a certifica\u00e7\u00e3o do sistema de gest\u00e3o da qualidade ISO9001, a certifica\u00e7\u00e3o do sistema de gest\u00e3o ambiental ISO14001 e a certifica\u00e7\u00e3o do sistema de gest\u00e3o da sa\u00fade e seguran\u00e7a no trabalho. A empresa est\u00e1 equipada com uma equipa profissional de gest\u00e3o e opera\u00e7\u00e3o, e os membros principais das suas equipas de I&amp;D e vendas acumularam todos mais de 15 anos de experi\u00eancia na ind\u00fastria qu\u00edmica e de revestimentos.<br \/><br \/><\/div><p>\u00a0<\/p><div class=\"auto-hide-last-sibling-br paragraph-JOTKXA paragraph-element br-paragraph-space\">Os funcion\u00e1rios da JINYU PAINT defendem os valores fundamentais de \"Cr\u00e9dito, Responsabilidade e Respeito\" e a filosofia de gest\u00e3o de \"Rigor, Meticulosidade, Praticidade, Inova\u00e7\u00e3o e Rapidez\". Eles se esfor\u00e7am para estabelecer JINYU PAINT como uma empresa de revestimento nacional l\u00edder na China e realizar a vis\u00e3o magn\u00edfica de \"JINYU Paint, Beautifying the World\"<\/div>\t\t\t\t\t\t\t\t<\/div>\n\t\t\t\t<\/div>\n\t\t\t\t\t<\/div>\n\t\t<\/div>\n\t\t\t\t\t<\/div>\n\t\t<\/section>\n\t\t\t\t<section class=\"elementor-section elementor-top-section elementor-element elementor-element-b1a81f8 elementor-section-boxed elementor-section-height-default elementor-section-height-default\" data-id=\"b1a81f8\" data-element_type=\"section\">\n\t\t\t\t\t\t<div class=\"elementor-container elementor-column-gap-default\">\n\t\t\t\t\t<div class=\"elementor-column elementor-col-100 elementor-top-column elementor-element elementor-element-c474a74\" data-id=\"c474a74\" data-element_type=\"column\">\n\t\t\t<div class=\"elementor-widget-wrap elementor-element-populated\">\n\t\t\t\t\t\t<div class=\"elementor-element elementor-element-758d320 elementor-widget elementor-widget-image\" data-id=\"758d320\" data-element_type=\"widget\" data-widget_type=\"image.default\">\n\t\t\t\t<div class=\"elementor-widget-container\">\n\t\t\t\t\t\t\t\t\t\t\t\t\t\t\t<img decoding=\"async\" width=\"1604\" height=\"902\" src=\"https:\/\/www.jinyupaint.com\/wp-content\/uploads\/2025\/02\/JINYU-PAINT-Display-Hall-2.jpg\" class=\"attachment-full size-full wp-image-3339\" alt=\"JINYU-PAINT-Display-Hall-2\" srcset=\"https:\/\/www.jinyupaint.com\/wp-content\/uploads\/2025\/02\/JINYU-PAINT-Display-Hall-2.jpg 1604w, https:\/\/www.jinyupaint.com\/wp-content\/uploads\/2025\/02\/JINYU-PAINT-Display-Hall-2-300x169.jpg 300w, https:\/\/www.jinyupaint.com\/wp-content\/uploads\/2025\/02\/JINYU-PAINT-Display-Hall-2-1024x576.jpg 1024w, https:\/\/www.jinyupaint.com\/wp-content\/uploads\/2025\/02\/JINYU-PAINT-Display-Hall-2-768x432.jpg 768w, https:\/\/www.jinyupaint.com\/wp-content\/uploads\/2025\/02\/JINYU-PAINT-Display-Hall-2-1536x864.jpg 1536w, https:\/\/www.jinyupaint.com\/wp-content\/uploads\/2025\/02\/JINYU-PAINT-Display-Hall-2-600x337.jpg 600w\" sizes=\"(max-width: 1604px) 100vw, 1604px\" \/>\t\t\t\t\t\t\t\t\t\t\t\t\t\t\t<\/div>\n\t\t\t\t<\/div>\n\t\t\t\t\t<\/div>\n\t\t<\/div>\n\t\t\t\t\t<\/div>\n\t\t<\/section>\n\t\t\t\t<section class=\"elementor-section elementor-top-section elementor-element elementor-element-2ba4f53 elementor-section-boxed elementor-section-height-default elementor-section-height-default\" data-id=\"2ba4f53\" data-element_type=\"section\">\n\t\t\t\t\t\t<div class=\"elementor-container elementor-column-gap-default\">\n\t\t\t\t\t<div class=\"elementor-column elementor-col-100 elementor-top-column elementor-element elementor-element-73494f9\" data-id=\"73494f9\" data-element_type=\"column\">\n\t\t\t<div class=\"elementor-widget-wrap elementor-element-populated\">\n\t\t\t\t\t\t<div class=\"elementor-element elementor-element-3e26def elementor-widget elementor-widget-text-editor\" data-id=\"3e26def\" data-element_type=\"widget\" data-widget_type=\"text-editor.default\">\n\t\t\t\t<div class=\"elementor-widget-container\">\n\t\t\t\t\t\t\t\t\t<p>Uma marca l\u00edder de revestimentos \u00e0 prova de fogo na China\u00a0<\/p><p>Uma marca l\u00edder na ind\u00fastria de revestimentos arquitect\u00f3nicos na regi\u00e3o de Bohai Rim\u00a0<\/p><p>O chefe de reda\u00e7\u00e3o e a unidade de reda\u00e7\u00e3o participante de v\u00e1rias normas de revestimento\u00a0<\/p><p>O criador de revestimentos de COV ultra-baixos, um novo produto fundamental a n\u00edvel nacional\u00a0<\/p><p>Um fornecedor de solu\u00e7\u00f5es de pavimentos de alta qualidade e servi\u00e7os integrados\u00a0<\/p><p>Um fornecedor nacional bem conhecido de adesivos ecol\u00f3gicos de alta qualidade<\/p>\t\t\t\t\t\t\t\t<\/div>\n\t\t\t\t<\/div>\n\t\t\t\t\t<\/div>\n\t\t<\/div>\n\t\t\t\t\t<\/div>\n\t\t<\/section>\n\t\t\t\t<section class=\"elementor-section elementor-top-section elementor-element elementor-element-2723bea elementor-section-boxed elementor-section-height-default elementor-section-height-default\" data-id=\"2723bea\" data-element_type=\"section\">\n\t\t\t\t\t\t<div class=\"elementor-container elementor-column-gap-default\">\n\t\t\t\t\t<div class=\"elementor-column elementor-col-100 elementor-top-column elementor-element elementor-element-16309d6\" data-id=\"16309d6\" data-element_type=\"column\">\n\t\t\t<div class=\"elementor-widget-wrap elementor-element-populated\">\n\t\t\t\t\t\t<div class=\"elementor-element elementor-element-b3514f1 elementor-widget elementor-widget-image\" data-id=\"b3514f1\" data-element_type=\"widget\" data-widget_type=\"image.default\">\n\t\t\t\t<div class=\"elementor-widget-container\">\n\t\t\t\t\t\t\t\t\t\t\t\t\t\t\t<img decoding=\"async\" width=\"595\" height=\"459\" src=\"https:\/\/www.jinyupaint.com\/wp-content\/uploads\/2025\/02\/JINYU-PAINT-Product-Display-Hall.jpg\" class=\"attachment-full size-full wp-image-3278\" alt=\"Sal\u00e3o de exposi\u00e7\u00e3o de produtos JINYU PAINT\" srcset=\"https:\/\/www.jinyupaint.com\/wp-content\/uploads\/2025\/02\/JINYU-PAINT-Product-Display-Hall.jpg 595w, https:\/\/www.jinyupaint.com\/wp-content\/uploads\/2025\/02\/JINYU-PAINT-Product-Display-Hall-300x231.jpg 300w\" sizes=\"(max-width: 595px) 100vw, 595px\" \/>\t\t\t\t\t\t\t\t\t\t\t\t\t\t\t<\/div>\n\t\t\t\t<\/div>\n\t\t\t\t\t<\/div>\n\t\t<\/div>\n\t\t\t\t\t<\/div>\n\t\t<\/section>\n\t\t\t\t<section class=\"elementor-section elementor-top-section elementor-element elementor-element-37039a0 elementor-section-boxed elementor-section-height-default elementor-section-height-default\" data-id=\"37039a0\" data-element_type=\"section\">\n\t\t\t\t\t\t<div class=\"elementor-container elementor-column-gap-default\">\n\t\t\t\t\t<div class=\"elementor-column elementor-col-100 elementor-top-column elementor-element elementor-element-2475117\" data-id=\"2475117\" data-element_type=\"column\">\n\t\t\t<div class=\"elementor-widget-wrap elementor-element-populated\">\n\t\t\t\t\t\t<div class=\"elementor-element elementor-element-a8302eb elementor-widget elementor-widget-spacer\" data-id=\"a8302eb\" data-element_type=\"widget\" data-widget_type=\"spacer.default\">\n\t\t\t\t<div class=\"elementor-widget-container\">\n\t\t\t\t\t\t\t<div class=\"elementor-spacer\">\n\t\t\t<div class=\"elementor-spacer-inner\"><\/div>\n\t\t<\/div>\n\t\t\t\t\t\t<\/div>\n\t\t\t\t<\/div>\n\t\t\t\t\t<\/div>\n\t\t<\/div>\n\t\t\t\t\t<\/div>\n\t\t<\/section>\n\t\t\t\t<section class=\"elementor-section elementor-top-section elementor-element elementor-element-64bdd073 elementor-section-full_width elementor-section-height-min-height elementor-section-height-default elementor-section-items-middle\" data-id=\"64bdd073\" data-element_type=\"section\" data-settings=\"{&quot;background_background&quot;:&quot;classic&quot;}\">\n\t\t\t\t\t\t\t<div class=\"elementor-background-overlay\"><\/div>\n\t\t\t\t\t\t\t<div class=\"elementor-container elementor-column-gap-default\">\n\t\t\t\t\t<div class=\"elementor-column elementor-col-100 elementor-top-column elementor-element elementor-element-346b9d7a\" data-id=\"346b9d7a\" data-element_type=\"column\">\n\t\t\t<div class=\"elementor-widget-wrap elementor-element-populated\">\n\t\t\t\t\t\t<div class=\"elementor-element elementor-element-23cdd267 elementor-widget elementor-widget-heading\" data-id=\"23cdd267\" data-element_type=\"widget\" data-widget_type=\"heading.default\">\n\t\t\t\t<div class=\"elementor-widget-container\">\n\t\t\t\t\t<div class=\"elementor-heading-title elementor-size-default\">REVESTIMENTOS JINYU PAINT\u00ae, A SUA MELHOR ESCOLHA<\/div>\t\t\t\t<\/div>\n\t\t\t\t<\/div>\n\t\t\t\t<div class=\"elementor-element elementor-element-6b384dae elementor-align-center elementor-widget elementor-widget-button\" data-id=\"6b384dae\" data-element_type=\"widget\" data-widget_type=\"button.default\">\n\t\t\t\t<div class=\"elementor-widget-container\">\n\t\t\t\t\t\t\t\t\t<div class=\"elementor-button-wrapper\">\n\t\t\t\t\t<a class=\"elementor-button elementor-button-link elementor-size-sm\" href=\"https:\/\/www.jinyupaint.com\/pt\/contact-us.html\/\">\n\t\t\t\t\t\t<span class=\"elementor-button-content-wrapper\">\n\t\t\t\t\t\t\t\t\t<span class=\"elementor-button-text\">Contactar-nos<\/span>\n\t\t\t\t\t<\/span>\n\t\t\t\t\t<\/a>\n\t\t\t\t<\/div>\n\t\t\t\t\t\t\t\t<\/div>\n\t\t\t\t<\/div>\n\t\t\t\t\t<\/div>\n\t\t<\/div>\n\t\t\t\t\t<\/div>\n\t\t<\/section>\n\t\t\t\t<\/div>","protected":false},"excerpt":{"rendered":"<p>JINYU PAINT is affiliated to Jinyu Group, one of the largest building materials groups in [&hellip;]<\/p>\n","protected":false},"author":1,"featured_media":0,"parent":0,"menu_order":0,"comment_status":"closed","ping_status":"closed","template":"elementor_header_footer","meta":{"om_disable_all_campaigns":false,"_monsterinsights_skip_tracking":false,"_monsterinsights_sitenote_active":false,"_monsterinsights_sitenote_note":"","_monsterinsights_sitenote_category":0,"_uf_show_specific_survey":0,"_uf_disable_surveys":false,"footnotes":""},"categories":[],"tags":[],"class_list":["post-3262","page","type-page","status-publish","hentry"],"yoast_head":"<!-- This site is optimized with the Yoast SEO Premium plugin v26.2 (Yoast SEO v26.5) - https:\/\/yoast.com\/wordpress\/plugins\/seo\/ -->\n<title>Company Profile - KAIDA PAINT\u00ae<\/title>\n<meta name=\"robots\" content=\"index, follow, max-snippet:-1, max-image-preview:large, max-video-preview:-1\" \/>\n<link rel=\"canonical\" href=\"https:\/\/www.jinyupaint.com\/pt\/company-profile.html\/\" \/>\n<meta property=\"og:locale\" content=\"pt_PT\" \/>\n<meta property=\"og:type\" content=\"article\" \/>\n<meta property=\"og:title\" content=\"Company Profile\" \/>\n<meta property=\"og:description\" content=\"JINYU PAINT is affiliated to Jinyu Group, one of the largest building materials groups in [&hellip;]\" \/>\n<meta property=\"og:url\" content=\"https:\/\/www.jinyupaint.com\/pt\/company-profile.html\/\" \/>\n<meta property=\"og:site_name\" content=\"KAIDA PAINT\u00ae\" \/>\n<meta property=\"article:modified_time\" content=\"2025-02-21T06:25:25+00:00\" \/>\n<meta property=\"og:image\" content=\"https:\/\/www.jinyupaint.com\/wp-content\/uploads\/2025\/02\/JINYU-PAINT-Display-Hall.jpg\" \/>\n\t<meta property=\"og:image:width\" content=\"1604\" \/>\n\t<meta property=\"og:image:height\" content=\"902\" \/>\n\t<meta property=\"og:image:type\" content=\"image\/jpeg\" \/>\n<meta name=\"twitter:card\" content=\"summary_large_image\" \/>\n<meta name=\"twitter:label1\" content=\"Tempo estimado de leitura\" \/>\n\t<meta name=\"twitter:data1\" content=\"3 minutos\" \/>\n<script type=\"application\/ld+json\" class=\"yoast-schema-graph\">{\"@context\":\"https:\/\/schema.org\",\"@graph\":[{\"@type\":\"WebPage\",\"@id\":\"https:\/\/www.jinyupaint.com\/company-profile.html\",\"url\":\"https:\/\/www.jinyupaint.com\/company-profile.html\",\"name\":\"Company Profile - KAIDA PAINT\u00ae\",\"isPartOf\":{\"@id\":\"https:\/\/www.jinyupaint.com\/#website\"},\"primaryImageOfPage\":{\"@id\":\"https:\/\/www.jinyupaint.com\/company-profile.html#primaryimage\"},\"image\":{\"@id\":\"https:\/\/www.jinyupaint.com\/company-profile.html#primaryimage\"},\"thumbnailUrl\":\"https:\/\/www.jinyupaint.com\/wp-content\/uploads\/2025\/02\/JINYU-PAINT-Display-Hall.jpg\",\"datePublished\":\"2025-02-21T05:06:22+00:00\",\"dateModified\":\"2025-02-21T06:25:25+00:00\",\"breadcrumb\":{\"@id\":\"https:\/\/www.jinyupaint.com\/company-profile.html#breadcrumb\"},\"inLanguage\":\"pt-PT\",\"potentialAction\":[{\"@type\":\"ReadAction\",\"target\":[\"https:\/\/www.jinyupaint.com\/company-profile.html\"]}]},{\"@type\":\"ImageObject\",\"inLanguage\":\"pt-PT\",\"@id\":\"https:\/\/www.jinyupaint.com\/company-profile.html#primaryimage\",\"url\":\"https:\/\/www.jinyupaint.com\/wp-content\/uploads\/2025\/02\/JINYU-PAINT-Display-Hall.jpg\",\"contentUrl\":\"https:\/\/www.jinyupaint.com\/wp-content\/uploads\/2025\/02\/JINYU-PAINT-Display-Hall.jpg\"},{\"@type\":\"BreadcrumbList\",\"@id\":\"https:\/\/www.jinyupaint.com\/company-profile.html#breadcrumb\",\"itemListElement\":[{\"@type\":\"ListItem\",\"position\":1,\"name\":\"Home\",\"item\":\"https:\/\/www.jinyupaint.com\/\"},{\"@type\":\"ListItem\",\"position\":2,\"name\":\"Company Profile\"}]},{\"@type\":\"WebSite\",\"@id\":\"https:\/\/www.jinyupaint.com\/#website\",\"url\":\"https:\/\/www.jinyupaint.com\/\",\"name\":\"JINYU\u00ae PAINT\",\"description\":\"JINYU PAINT\u00ae Manufacturer\",\"potentialAction\":[{\"@type\":\"SearchAction\",\"target\":{\"@type\":\"EntryPoint\",\"urlTemplate\":\"https:\/\/www.jinyupaint.com\/?s={search_term_string}\"},\"query-input\":{\"@type\":\"PropertyValueSpecification\",\"valueRequired\":true,\"valueName\":\"search_term_string\"}}],\"inLanguage\":\"pt-PT\"}]}<\/script>\n<!-- \/ Yoast SEO Premium plugin. -->","yoast_head_json":{"title":"Company Profile - KAIDA PAINT\u00ae","robots":{"index":"index","follow":"follow","max-snippet":"max-snippet:-1","max-image-preview":"max-image-preview:large","max-video-preview":"max-video-preview:-1"},"canonical":"https:\/\/www.jinyupaint.com\/pt\/company-profile.html\/","og_locale":"pt_PT","og_type":"article","og_title":"Company Profile","og_description":"JINYU PAINT is affiliated to Jinyu Group, one of the largest building materials groups in [&hellip;]","og_url":"https:\/\/www.jinyupaint.com\/pt\/company-profile.html\/","og_site_name":"KAIDA PAINT\u00ae","article_modified_time":"2025-02-21T06:25:25+00:00","og_image":[{"width":1604,"height":902,"url":"https:\/\/www.jinyupaint.com\/wp-content\/uploads\/2025\/02\/JINYU-PAINT-Display-Hall.jpg","type":"image\/jpeg"}],"twitter_card":"summary_large_image","twitter_misc":{"Tempo estimado de leitura":"3 minutos"},"schema":{"@context":"https:\/\/schema.org","@graph":[{"@type":"WebPage","@id":"https:\/\/www.jinyupaint.com\/company-profile.html","url":"https:\/\/www.jinyupaint.com\/company-profile.html","name":"Company Profile - KAIDA PAINT\u00ae","isPartOf":{"@id":"https:\/\/www.jinyupaint.com\/#website"},"primaryImageOfPage":{"@id":"https:\/\/www.jinyupaint.com\/company-profile.html#primaryimage"},"image":{"@id":"https:\/\/www.jinyupaint.com\/company-profile.html#primaryimage"},"thumbnailUrl":"https:\/\/www.jinyupaint.com\/wp-content\/uploads\/2025\/02\/JINYU-PAINT-Display-Hall.jpg","datePublished":"2025-02-21T05:06:22+00:00","dateModified":"2025-02-21T06:25:25+00:00","breadcrumb":{"@id":"https:\/\/www.jinyupaint.com\/company-profile.html#breadcrumb"},"inLanguage":"pt-PT","potentialAction":[{"@type":"ReadAction","target":["https:\/\/www.jinyupaint.com\/company-profile.html"]}]},{"@type":"ImageObject","inLanguage":"pt-PT","@id":"https:\/\/www.jinyupaint.com\/company-profile.html#primaryimage","url":"https:\/\/www.jinyupaint.com\/wp-content\/uploads\/2025\/02\/JINYU-PAINT-Display-Hall.jpg","contentUrl":"https:\/\/www.jinyupaint.com\/wp-content\/uploads\/2025\/02\/JINYU-PAINT-Display-Hall.jpg"},{"@type":"BreadcrumbList","@id":"https:\/\/www.jinyupaint.com\/company-profile.html#breadcrumb","itemListElement":[{"@type":"ListItem","position":1,"name":"Home","item":"https:\/\/www.jinyupaint.com\/"},{"@type":"ListItem","position":2,"name":"Company Profile"}]},{"@type":"WebSite","@id":"https:\/\/www.jinyupaint.com\/#website","url":"https:\/\/www.jinyupaint.com\/","name":"PINTURA JINYU","description":"JINYU PAINT\u00ae Fabricante","potentialAction":[{"@type":"SearchAction","target":{"@type":"EntryPoint","urlTemplate":"https:\/\/www.jinyupaint.com\/?s={search_term_string}"},"query-input":{"@type":"PropertyValueSpecification","valueRequired":true,"valueName":"search_term_string"}}],"inLanguage":"pt-PT"}]}},"_links":{"self":[{"href":"https:\/\/www.jinyupaint.com\/pt\/wp-json\/wp\/v2\/pages\/3262","targetHints":{"allow":["GET"]}}],"collection":[{"href":"https:\/\/www.jinyupaint.com\/pt\/wp-json\/wp\/v2\/pages"}],"about":[{"href":"https:\/\/www.jinyupaint.com\/pt\/wp-json\/wp\/v2\/types\/page"}],"author":[{"embeddable":true,"href":"https:\/\/www.jinyupaint.com\/pt\/wp-json\/wp\/v2\/users\/1"}],"replies":[{"embeddable":true,"href":"https:\/\/www.jinyupaint.com\/pt\/wp-json\/wp\/v2\/comments?post=3262"}],"version-history":[{"count":0,"href":"https:\/\/www.jinyupaint.com\/pt\/wp-json\/wp\/v2\/pages\/3262\/revisions"}],"wp:attachment":[{"href":"https:\/\/www.jinyupaint.com\/pt\/wp-json\/wp\/v2\/media?parent=3262"}],"wp:term":[{"taxonomy":"category","embeddable":true,"href":"https:\/\/www.jinyupaint.com\/pt\/wp-json\/wp\/v2\/categories?post=3262"},{"taxonomy":"post_tag","embeddable":true,"href":"https:\/\/www.jinyupaint.com\/pt\/wp-json\/wp\/v2\/tags?post=3262"}],"curies":[{"name":"wp","href":"https:\/\/api.w.org\/{rel}","templated":true}]}}