{"id":6207,"date":"2025-11-07T05:54:01","date_gmt":"2025-11-07T05:54:01","guid":{"rendered":"https:\/\/www.jinyupaint.com\/?post_type=product&#038;p=6207"},"modified":"2025-12-01T03:46:58","modified_gmt":"2025-12-01T03:46:58","slug":"fortiflex-s-polyaspartic-solid-colored-fast-cure-seamless-flooring-system","status":"publish","type":"product","link":"https:\/\/www.jinyupaint.com\/it\/prodotto\/fortiflex-s-polyaspartic-solid-colored-fast-cure-seamless-flooring-system","title":{"rendered":"Sistema di pavimentazione senza giunzioni FortiFlex S Polyaspartic a tinta unita e a polimerizzazione rapida"},"content":{"rendered":"<p class=\"ds-markdown-paragraph\">Stanchi di lunghe installazioni a pavimento che interrompono le vostre attivit\u00e0? FortiFlex S \u00e8 la risposta. Come sistema di pavimentazione poliaspartico a indurimento rapido, offre una finitura uniforme, lucida e a tinta unita che non solo ha un aspetto professionale, ma \u00e8 progettata per resistere agli ambienti industriali pi\u00f9 difficili. I tempi di inattivit\u00e0 sono minimi: questo sistema a due strati pu\u00f2 essere installato e pronto per il traffico pedonale in un solo giorno, il che lo rende una scelta intelligente per strutture attive 24 ore su 24, 7 giorni su 7, come le camere bianche farmaceutiche, i laboratori sanitari e le aree di produzione di prodotti secchi.<\/p>\n<h2 class=\"ds-markdown-paragraph\"><strong>Perch\u00e9 scegliere il nostro sistema di pavimentazione senza giunti?<\/strong><\/h2>\n<h3 class=\"ds-markdown-paragraph\"><strong>\u00a0\ud83d\ude80 Massimizzare i tempi di attivit\u00e0 con velocit\u00e0 di polimerizzazione rapida<\/strong><\/h3>\n<ul>\n<li>Smettete di perdere denaro a causa di un'installazione prolungata. FortiFlex S indurisce al traffico pedonale in sole 3-4 ore per mano a 70\u00b0F. Questa tempistica accelerata significa che la struttura pu\u00f2 tornare in piena attivit\u00e0 in circa 24 ore, riducendo drasticamente le interruzioni operative rispetto ai rivestimenti epossidici standard.<\/li>\n<\/ul>\n<h3 class=\"ds-markdown-paragraph\"><strong>\ud83d\udee1\ufe0f Costruito per durare nel tempo con una resistenza superiore<\/strong><\/h3>\n<ul>\n<li>Siete preoccupati per l'usura? Il nostro sistema di pavimentazione \u00e8 progettato per durare a lungo. Vanta un'eccezionale resistenza all'abrasione e pu\u00f2 sopportare il traffico pesante di pedoni e ruote senza mostrare segni di affaticamento. Con un'elevata resistenza alla compressione di 18.000 psi, resiste ai danni causati dalle attrezzature pesanti, garantendo una pavimentazione di lunga durata con una manutenzione minima.<\/li>\n<\/ul>\n<h3 class=\"ds-markdown-paragraph\"><strong>\u2623\ufe0f Totale tranquillit\u00e0 con la resistenza agli agenti chimici<\/strong><\/h3>\n<ul>\n<li>Le fuoriuscite possono capitare. Ma con FortiFlex S, non devono significare danni permanenti. Il sistema \u00e8 formulato per offrire un'eccellente resistenza chimica a un'ampia gamma di sostanze, proteggendo il substrato e mantenendone l'integrit\u00e0 per anni. Per informazioni sulle esposizioni chimiche specifiche, consultare la nostra Guida alla resistenza chimica.<\/li>\n<\/ul>\n<h3 class=\"ds-markdown-paragraph\"><strong>\ud83c\udf1e Una finitura che rimane brillante e a basso odore<\/strong><\/h3>\n<ul>\n<li>A differenza di alcune pavimentazioni che ingialliscono o si degradano ai raggi UV, FortiFlex S \u00e8 stabile ai raggi UV e conserva il suo colore e la sua brillantezza. Inoltre, la sua formulazione a basso odore consente una pi\u00f9 facile installazione in ambienti sensibili o occupati, un vantaggio significativo rispetto alle vernici epossidiche ad alto contenuto di COV.<\/li>\n<\/ul>\n<h2 class=\"ds-markdown-paragraph\"><strong>\u00a0Panoramica delle specifiche tecniche di FortiFlex S<\/strong><\/h2>\n<div class=\"ds-scroll-area _1210dd7 c03cafe9\">\n<table>\n<thead>\n<tr>\n<th>Propriet\u00e0<\/th>\n<th>Valore<\/th>\n<th>Metodo di prova<\/th>\n<\/tr>\n<\/thead>\n<tbody>\n<tr>\n<td><strong>Composti organici volatili (COV)<\/strong><\/td>\n<td>33 g\/L<\/td>\n<td>-<\/td>\n<\/tr>\n<tr>\n<td><strong>Prontezza di servizio completa<\/strong><\/td>\n<td>24 ore<\/td>\n<td>@70\u00b0F\/50% RH<\/td>\n<\/tr>\n<tr>\n<td><strong>Temperatura di servizio<\/strong><\/td>\n<td>Fino a 200\u00b0F<\/td>\n<td>-<\/td>\n<\/tr>\n<tr>\n<td><strong>Lucido (60\u00b0)<\/strong><\/td>\n<td>91<\/td>\n<td>ASTM D-523<\/td>\n<\/tr>\n<tr>\n<td><strong>Resistenza all'abrasione Taber<\/strong><\/td>\n<td>25 mg<\/td>\n<td>ASTM D-4060<\/td>\n<\/tr>\n<\/tbody>\n<\/table>\n<\/div>\n<h2 class=\"ds-markdown-paragraph\"><strong>Applicazioni ideali per il vostro pavimento senza saldatura<\/strong><\/h2>\n<p class=\"ds-markdown-paragraph\">FortiFlex S \u00e8 la soluzione giusta per il vostro spazio? \u00c8 stato progettato specificamente per gli ambienti in cui igiene, durata e velocit\u00e0 sono fondamentali.<\/p>\n<ul>\n<li>Camere bianche farmaceutiche e biotecnologiche<\/li>\n<li>Strutture sanitarie e di laboratorio<\/li>\n<li>Impianti di lavorazione di alimenti e bevande<\/li>\n<li>Produzione di elettronica e articoli secchi<\/li>\n<li>Strutture per l'industria automobilistica e generale<\/li>\n<\/ul>\n<h2 class=\"ds-markdown-paragraph\"><strong>La differenza di KAIDA PAINT: Pi\u00f9 di un semplice pavimento<\/strong><\/h2>\n<p class=\"ds-markdown-paragraph\">Il vostro investimento \u00e8 protetto dalla nostra impareggiabile esperienza. Scegliendo KAIDA PAINT, avrete accesso a:<\/p>\n<ul>\n<li><strong>Supporto alle specifiche di livello mondiale:<\/strong>\u00a0I nostri esperti di pavimentazione vi aiutano a scegliere il sistema perfetto per le condizioni della vostra struttura.<\/li>\n<li><strong>Prestazioni comprovate:<\/strong> Sostenuti dalla reputazione e dalle risorse globali di The KAIDA PAINT Company.<\/li>\n<li><strong>Servizio tecnico regionale:<\/strong>\u00a0Ottenete un supporto locale e pratico dal nostro team commerciale.<\/li>\n<\/ul>\n<h2 class=\"ds-markdown-paragraph\"><strong>Pronti a trasformare il vostro pavimento? (I prossimi passi)<\/strong><\/h2>\n<p class=\"ds-markdown-paragraph\">Avete visto le specifiche e i vantaggi. Ora immaginate questo pavimento ad alte prestazioni e senza giunzioni nella vostra struttura.<\/p>\n<ol start=\"1\">\n<li>\n<p class=\"ds-markdown-paragraph\"><strong>Visualizzatelo:<\/strong>\u00a0Utilizzate il nostro strumento di visualizzazione dei pavimenti per vedere come sono i nostri colori in evidenza.\u00a0<em>Stealth, bianco o cromato<\/em>\u00a0nel vostro spazio.<\/p>\n<\/li>\n<li>\n<p class=\"ds-markdown-paragraph\"><strong>Ottenere la consulenza di un esperto:<\/strong> Mettetevi in contatto con uno specialista di pavimenti KAIDA PAINT per discutere le specifiche del vostro progetto e ottenere un preventivo dettagliato.<\/p>\n<\/li>\n<li>\n<p class=\"ds-markdown-paragraph\"><strong>Vedere un esempio:<\/strong>\u00a0Si consiglia di testare un campione nella propria struttura per confermare le prestazioni e l'aspetto.<\/p>\n<\/li>\n<\/ol>\n<p><a href=\"https:\/\/www.jinyupaint.com\/wp-content\/uploads\/2025\/10\/standard-color-chart-tornado-white-stealth.jpg\"><img fetchpriority=\"high\" decoding=\"async\" class=\"alignnone size-full wp-image-6217\" src=\"https:\/\/www.jinyupaint.com\/wp-content\/uploads\/2025\/10\/standard-color-chart-tornado-white-stealth.jpg\" alt=\"Tabella dei colori standard per i pavimenti al quarzo FortiFlex B, con opzioni popolari come Tornado, White e Stealth per spazi industriali e commerciali.\" width=\"1200\" height=\"284\" srcset=\"https:\/\/www.jinyupaint.com\/wp-content\/uploads\/2025\/10\/standard-color-chart-tornado-white-stealth.jpg 1200w, https:\/\/www.jinyupaint.com\/wp-content\/uploads\/2025\/10\/standard-color-chart-tornado-white-stealth-300x71.jpg 300w, https:\/\/www.jinyupaint.com\/wp-content\/uploads\/2025\/10\/standard-color-chart-tornado-white-stealth-1024x242.jpg 1024w, https:\/\/www.jinyupaint.com\/wp-content\/uploads\/2025\/10\/standard-color-chart-tornado-white-stealth-768x182.jpg 768w, https:\/\/www.jinyupaint.com\/wp-content\/uploads\/2025\/10\/standard-color-chart-tornado-white-stealth-18x4.jpg 18w, https:\/\/www.jinyupaint.com\/wp-content\/uploads\/2025\/10\/standard-color-chart-tornado-white-stealth-600x142.jpg 600w\" sizes=\"(max-width: 1200px) 100vw, 1200px\" \/><\/a><\/p>","protected":false},"excerpt":{"rendered":"<p class=\"ds-markdown-paragraph\">Siete alla ricerca di una soluzione di pavimentazione che combini velocit\u00e0, durata e un aspetto impeccabile? Ecco FortiFlex S.<\/p>\n<p class=\"ds-markdown-paragraph\">Questo sistema di pavimentazione avanzato e privo di giunture \u00e8 caratterizzato da una formula a indurimento rapido che consente un'installazione completa in sole 24 ore, riducendo al minimo le interruzioni delle attivit\u00e0. Crea una finitura a tinta unita e lucida che non \u00e8 solo visivamente impressionante, ma anche incredibilmente resistente.<\/p>\n<p class=\"ds-markdown-paragraph\">Progettato per garantire prestazioni elevate, FortiFlex S offre una resistenza superiore agli agenti chimici, all'abrasione e ai raggi UV, che lo rendono la scelta ideale per ambienti difficili come le camere bianche farmaceutiche, gli impianti di lavorazione degli alimenti e le strutture sanitarie. La sua formulazione a basso odore \u00e8 un vantaggio per i siti sensibili o occupati.<\/p>\n<p class=\"ds-markdown-paragraph\"><strong>In breve: ottenere un pavimento di lunga durata, a bassa manutenzione e resistente agli agenti chimici, con una finitura brillante, in tempi che consentano alla vostra azienda di essere sempre in movimento.<\/strong><\/p>","protected":false},"featured_media":6208,"template":"","meta":{"om_disable_all_campaigns":false,"_monsterinsights_skip_tracking":false,"_monsterinsights_sitenote_active":false,"_monsterinsights_sitenote_note":"","_monsterinsights_sitenote_category":0,"_uf_show_specific_survey":0,"_uf_disable_surveys":false},"product_brand":[],"product_cat":[128,801],"product_tag":[640,830,843,870,827,868,869],"class_list":{"0":"post-6207","1":"product","2":"type-product","3":"status-publish","4":"has-post-thumbnail","6":"product_cat-flooring-system","7":"product_cat-polyaspartic-and-polyurea-coatings","8":"product_tag-chemical-resistant-flooring","9":"product_tag-commercial-flooring","10":"product_tag-fast-cure-floor-coating","11":"product_tag-industrial-floor-systems","12":"product_tag-polyaspartic-flooring","13":"product_tag-seamless-flooring-systems","14":"product_tag-solid-colored-epoxy-floor","16":"first","17":"instock","18":"shipping-taxable","19":"product-type-simple"},"yoast_head":"<!-- This site is optimized with the Yoast SEO Premium plugin v26.2 (Yoast SEO v26.5) - https:\/\/yoast.com\/wordpress\/plugins\/seo\/ -->\n<title>FortiFlex S Polyaspartic Solid-Colored Fast-Cure Seamless Flooring System - KAIDA PAINT\u00ae<\/title>\n<meta name=\"description\" content=\"FortiFlex S is a fast-curing, polyaspartic seamless flooring system. Achieve a durable, solid-colored, high-gloss finish in just 24 hours. Ideal for pharmaceutical, cleanroom &amp; industrial use. Request a quote today.\" \/>\n<meta name=\"robots\" content=\"index, follow, max-snippet:-1, max-image-preview:large, max-video-preview:-1\" \/>\n<link rel=\"canonical\" href=\"https:\/\/www.jinyupaint.com\/it\/prodotto\/fortiflex-s-polyaspartic-solid-colored-fast-cure-seamless-flooring-system\/\" \/>\n<meta property=\"og:locale\" content=\"it_IT\" \/>\n<meta property=\"og:type\" content=\"article\" \/>\n<meta property=\"og:title\" content=\"FortiFlex S Polyaspartic Solid-Colored Fast-Cure Seamless Flooring System\" \/>\n<meta property=\"og:description\" content=\"FortiFlex S is a fast-curing, polyaspartic seamless flooring system. Achieve a durable, solid-colored, high-gloss finish in just 24 hours. Ideal for pharmaceutical, cleanroom &amp; industrial use. Request a quote today.\" \/>\n<meta property=\"og:url\" content=\"https:\/\/www.jinyupaint.com\/it\/prodotto\/fortiflex-s-polyaspartic-solid-colored-fast-cure-seamless-flooring-system\/\" \/>\n<meta property=\"og:site_name\" content=\"KAIDA PAINT\u00ae\" \/>\n<meta property=\"article:modified_time\" content=\"2025-12-01T03:46:58+00:00\" \/>\n<meta property=\"og:image\" content=\"https:\/\/www.jinyupaint.com\/wp-content\/uploads\/2025\/11\/FortiFlex-S-Polyaspartic-Solid-Colored-Fast-Cure-Seamless-Flooring-System.jpg\" \/>\n\t<meta property=\"og:image:width\" content=\"800\" \/>\n\t<meta property=\"og:image:height\" content=\"800\" \/>\n\t<meta property=\"og:image:type\" content=\"image\/jpeg\" \/>\n<meta name=\"twitter:card\" content=\"summary_large_image\" \/>\n<meta name=\"twitter:label1\" content=\"Tempo di lettura stimato\" \/>\n\t<meta name=\"twitter:data1\" content=\"3 minuti\" \/>\n<script type=\"application\/ld+json\" class=\"yoast-schema-graph\">{\"@context\":\"https:\/\/schema.org\",\"@graph\":[{\"@type\":\"WebPage\",\"@id\":\"https:\/\/www.jinyupaint.com\/product\/fortiflex-s-polyaspartic-solid-colored-fast-cure-seamless-flooring-system\",\"url\":\"https:\/\/www.jinyupaint.com\/product\/fortiflex-s-polyaspartic-solid-colored-fast-cure-seamless-flooring-system\",\"name\":\"FortiFlex S Polyaspartic Solid-Colored Fast-Cure Seamless Flooring System - KAIDA PAINT\u00ae\",\"isPartOf\":{\"@id\":\"https:\/\/www.jinyupaint.com\/#website\"},\"primaryImageOfPage\":{\"@id\":\"https:\/\/www.jinyupaint.com\/product\/fortiflex-s-polyaspartic-solid-colored-fast-cure-seamless-flooring-system#primaryimage\"},\"image\":{\"@id\":\"https:\/\/www.jinyupaint.com\/product\/fortiflex-s-polyaspartic-solid-colored-fast-cure-seamless-flooring-system#primaryimage\"},\"thumbnailUrl\":\"https:\/\/www.jinyupaint.com\/wp-content\/uploads\/2025\/11\/FortiFlex-S-Polyaspartic-Solid-Colored-Fast-Cure-Seamless-Flooring-System.jpg\",\"datePublished\":\"2025-11-07T05:54:01+00:00\",\"dateModified\":\"2025-12-01T03:46:58+00:00\",\"description\":\"FortiFlex S is a fast-curing, polyaspartic seamless flooring system. Achieve a durable, solid-colored, high-gloss finish in just 24 hours. Ideal for pharmaceutical, cleanroom & industrial use. Request a quote today.\",\"breadcrumb\":{\"@id\":\"https:\/\/www.jinyupaint.com\/product\/fortiflex-s-polyaspartic-solid-colored-fast-cure-seamless-flooring-system#breadcrumb\"},\"inLanguage\":\"it-IT\",\"potentialAction\":[{\"@type\":\"ReadAction\",\"target\":[\"https:\/\/www.jinyupaint.com\/product\/fortiflex-s-polyaspartic-solid-colored-fast-cure-seamless-flooring-system\"]}]},{\"@type\":\"ImageObject\",\"inLanguage\":\"it-IT\",\"@id\":\"https:\/\/www.jinyupaint.com\/product\/fortiflex-s-polyaspartic-solid-colored-fast-cure-seamless-flooring-system#primaryimage\",\"url\":\"https:\/\/www.jinyupaint.com\/wp-content\/uploads\/2025\/11\/FortiFlex-S-Polyaspartic-Solid-Colored-Fast-Cure-Seamless-Flooring-System.jpg\",\"contentUrl\":\"https:\/\/www.jinyupaint.com\/wp-content\/uploads\/2025\/11\/FortiFlex-S-Polyaspartic-Solid-Colored-Fast-Cure-Seamless-Flooring-System.jpg\",\"width\":800,\"height\":800,\"caption\":\"FortiFlex S Polyaspartic Solid-Colored Fast-Cure Seamless Flooring System\"},{\"@type\":\"BreadcrumbList\",\"@id\":\"https:\/\/www.jinyupaint.com\/product\/fortiflex-s-polyaspartic-solid-colored-fast-cure-seamless-flooring-system#breadcrumb\",\"itemListElement\":[{\"@type\":\"ListItem\",\"position\":1,\"name\":\"Home\",\"item\":\"https:\/\/www.jinyupaint.com\/\"},{\"@type\":\"ListItem\",\"position\":2,\"name\":\"Shop\",\"item\":\"https:\/\/www.jinyupaint.com\/shop.html\"},{\"@type\":\"ListItem\",\"position\":3,\"name\":\"FortiFlex S Polyaspartic Solid-Colored Fast-Cure Seamless Flooring System\"}]},{\"@type\":\"WebSite\",\"@id\":\"https:\/\/www.jinyupaint.com\/#website\",\"url\":\"https:\/\/www.jinyupaint.com\/\",\"name\":\"JINYU\u00ae PAINT\",\"description\":\"JINYU PAINT\u00ae Manufacturer\",\"potentialAction\":[{\"@type\":\"SearchAction\",\"target\":{\"@type\":\"EntryPoint\",\"urlTemplate\":\"https:\/\/www.jinyupaint.com\/?s={search_term_string}\"},\"query-input\":{\"@type\":\"PropertyValueSpecification\",\"valueRequired\":true,\"valueName\":\"search_term_string\"}}],\"inLanguage\":\"it-IT\"}]}<\/script>\n<!-- \/ Yoast SEO Premium plugin. -->","yoast_head_json":{"title":"FortiFlex S Sistema di pavimentazione senza giunture a tinta unita polisemantico a polimerizzazione rapida - KAIDA PAINT","description":"FortiFlex S \u00e8 un sistema di pavimentazione senza giunzioni poliaspartico a indurimento rapido. Consente di ottenere una finitura durevole, colorata e lucida in sole 24 ore. Ideale per uso farmaceutico, camera bianca e industriale. Richiedete un preventivo oggi stesso.","robots":{"index":"index","follow":"follow","max-snippet":"max-snippet:-1","max-image-preview":"max-image-preview:large","max-video-preview":"max-video-preview:-1"},"canonical":"https:\/\/www.jinyupaint.com\/it\/prodotto\/fortiflex-s-polyaspartic-solid-colored-fast-cure-seamless-flooring-system\/","og_locale":"it_IT","og_type":"article","og_title":"FortiFlex S Polyaspartic Solid-Colored Fast-Cure Seamless Flooring System","og_description":"FortiFlex S is a fast-curing, polyaspartic seamless flooring system. Achieve a durable, solid-colored, high-gloss finish in just 24 hours. Ideal for pharmaceutical, cleanroom & industrial use. Request a quote today.","og_url":"https:\/\/www.jinyupaint.com\/it\/prodotto\/fortiflex-s-polyaspartic-solid-colored-fast-cure-seamless-flooring-system\/","og_site_name":"KAIDA PAINT\u00ae","article_modified_time":"2025-12-01T03:46:58+00:00","og_image":[{"width":800,"height":800,"url":"https:\/\/www.jinyupaint.com\/wp-content\/uploads\/2025\/11\/FortiFlex-S-Polyaspartic-Solid-Colored-Fast-Cure-Seamless-Flooring-System.jpg","type":"image\/jpeg"}],"twitter_card":"summary_large_image","twitter_misc":{"Tempo di lettura stimato":"3 minuti"},"schema":{"@context":"https:\/\/schema.org","@graph":[{"@type":"WebPage","@id":"https:\/\/www.jinyupaint.com\/product\/fortiflex-s-polyaspartic-solid-colored-fast-cure-seamless-flooring-system","url":"https:\/\/www.jinyupaint.com\/product\/fortiflex-s-polyaspartic-solid-colored-fast-cure-seamless-flooring-system","name":"FortiFlex S Sistema di pavimentazione senza giunture a tinta unita polisemantico a polimerizzazione rapida - KAIDA PAINT","isPartOf":{"@id":"https:\/\/www.jinyupaint.com\/#website"},"primaryImageOfPage":{"@id":"https:\/\/www.jinyupaint.com\/product\/fortiflex-s-polyaspartic-solid-colored-fast-cure-seamless-flooring-system#primaryimage"},"image":{"@id":"https:\/\/www.jinyupaint.com\/product\/fortiflex-s-polyaspartic-solid-colored-fast-cure-seamless-flooring-system#primaryimage"},"thumbnailUrl":"https:\/\/www.jinyupaint.com\/wp-content\/uploads\/2025\/11\/FortiFlex-S-Polyaspartic-Solid-Colored-Fast-Cure-Seamless-Flooring-System.jpg","datePublished":"2025-11-07T05:54:01+00:00","dateModified":"2025-12-01T03:46:58+00:00","description":"FortiFlex S \u00e8 un sistema di pavimentazione senza giunzioni poliaspartico a indurimento rapido. Consente di ottenere una finitura durevole, colorata e lucida in sole 24 ore. Ideale per uso farmaceutico, camera bianca e industriale. Richiedete un preventivo oggi stesso.","breadcrumb":{"@id":"https:\/\/www.jinyupaint.com\/product\/fortiflex-s-polyaspartic-solid-colored-fast-cure-seamless-flooring-system#breadcrumb"},"inLanguage":"it-IT","potentialAction":[{"@type":"ReadAction","target":["https:\/\/www.jinyupaint.com\/product\/fortiflex-s-polyaspartic-solid-colored-fast-cure-seamless-flooring-system"]}]},{"@type":"ImageObject","inLanguage":"it-IT","@id":"https:\/\/www.jinyupaint.com\/product\/fortiflex-s-polyaspartic-solid-colored-fast-cure-seamless-flooring-system#primaryimage","url":"https:\/\/www.jinyupaint.com\/wp-content\/uploads\/2025\/11\/FortiFlex-S-Polyaspartic-Solid-Colored-Fast-Cure-Seamless-Flooring-System.jpg","contentUrl":"https:\/\/www.jinyupaint.com\/wp-content\/uploads\/2025\/11\/FortiFlex-S-Polyaspartic-Solid-Colored-Fast-Cure-Seamless-Flooring-System.jpg","width":800,"height":800,"caption":"FortiFlex S Polyaspartic Solid-Colored Fast-Cure Seamless Flooring System"},{"@type":"BreadcrumbList","@id":"https:\/\/www.jinyupaint.com\/product\/fortiflex-s-polyaspartic-solid-colored-fast-cure-seamless-flooring-system#breadcrumb","itemListElement":[{"@type":"ListItem","position":1,"name":"Home","item":"https:\/\/www.jinyupaint.com\/"},{"@type":"ListItem","position":2,"name":"Shop","item":"https:\/\/www.jinyupaint.com\/shop.html"},{"@type":"ListItem","position":3,"name":"FortiFlex S Polyaspartic Solid-Colored Fast-Cure Seamless Flooring System"}]},{"@type":"WebSite","@id":"https:\/\/www.jinyupaint.com\/#website","url":"https:\/\/www.jinyupaint.com\/","name":"VERNICE JINYU","description":"JINYU PAINT\u00ae Produttore","potentialAction":[{"@type":"SearchAction","target":{"@type":"EntryPoint","urlTemplate":"https:\/\/www.jinyupaint.com\/?s={search_term_string}"},"query-input":{"@type":"PropertyValueSpecification","valueRequired":true,"valueName":"search_term_string"}}],"inLanguage":"it-IT"}]}},"_links":{"self":[{"href":"https:\/\/www.jinyupaint.com\/it\/wp-json\/wp\/v2\/product\/6207","targetHints":{"allow":["GET"]}}],"collection":[{"href":"https:\/\/www.jinyupaint.com\/it\/wp-json\/wp\/v2\/product"}],"about":[{"href":"https:\/\/www.jinyupaint.com\/it\/wp-json\/wp\/v2\/types\/product"}],"wp:featuredmedia":[{"embeddable":true,"href":"https:\/\/www.jinyupaint.com\/it\/wp-json\/wp\/v2\/media\/6208"}],"wp:attachment":[{"href":"https:\/\/www.jinyupaint.com\/it\/wp-json\/wp\/v2\/media?parent=6207"}],"wp:term":[{"taxonomy":"product_brand","embeddable":true,"href":"https:\/\/www.jinyupaint.com\/it\/wp-json\/wp\/v2\/product_brand?post=6207"},{"taxonomy":"product_cat","embeddable":true,"href":"https:\/\/www.jinyupaint.com\/it\/wp-json\/wp\/v2\/product_cat?post=6207"},{"taxonomy":"product_tag","embeddable":true,"href":"https:\/\/www.jinyupaint.com\/it\/wp-json\/wp\/v2\/product_tag?post=6207"}],"curies":[{"name":"wp","href":"https:\/\/api.w.org\/{rel}","templated":true}]}}