{"id":6192,"date":"2025-10-27T05:15:33","date_gmt":"2025-10-27T05:15:33","guid":{"rendered":"https:\/\/www.jinyupaint.com\/?post_type=product&#038;p=6192"},"modified":"2025-11-11T11:07:57","modified_gmt":"2025-11-11T11:07:57","slug":"fortiflex-hb-fast-curing-resinous-floor-system-with-urethane-cement-base-coat","status":"publish","type":"product","link":"https:\/\/www.jinyupaint.com\/it\/prodotto\/fortiflex-hb-fast-curing-resinous-floor-system-with-urethane-cement-base-coat","title":{"rendered":"Sistema per pavimenti resinosi a indurimento rapido FortiFlex HB con rivestimento di base in cemento uretanico"},"content":{"rendered":"<h3>FortiFlex HB: La soluzione di pavimentazione rapida e ad alte prestazioni<\/h3>\n<p class=\"ds-markdown-paragraph\">Cercate un sistema di pavimentazione in uretano cementizio che combini durata e rapidit\u00e0 di installazione? Ecco il sistema di pavimentazione ibrido a base di solidi FortiFlex HB-a 100%, progettato per ambienti esigenti che non possono permettersi tempi morti.<\/p>\n<p class=\"ds-markdown-paragraph\">Che si tratti di ristrutturare un negozio di alimentari molto frequentato, un laboratorio farmaceutico o uno spogliatoio ad alto traffico, FortiFlex HB offre una soluzione senza soluzione di continuit\u00e0, a basso odore e a rapida polimerizzazione, in grado di garantire il funzionamento delle vostre attivit\u00e0.<\/p>\n<h3>Perch\u00e9 scegliere un sistema di pavimentazione uretanica cementizia?<\/h3>\n<p class=\"ds-markdown-paragraph\">A differenza dei tradizionali pavimenti epossidici o vinilici, un sistema di pavimentazione in uretano cementizio offre:<\/p>\n<ul>\n<li>\n<p class=\"ds-markdown-paragraph\"><strong>Tolleranza all'umidit\u00e0<\/strong>\u00a0- adatto per applicazioni sotto il piano di calpestio e su soletta<\/p>\n<\/li>\n<li>\n<p class=\"ds-markdown-paragraph\"><strong>Resistenza agli shock termici<\/strong>\u00a0- Gestisce sbalzi di temperatura estremi<\/p>\n<\/li>\n<li>\n<p class=\"ds-markdown-paragraph\"><strong>Tempi di polimerizzazione rapidi<\/strong>\u00a0- solo 2 ore per mano<\/p>\n<\/li>\n<li>\n<p class=\"ds-markdown-paragraph\"><strong>Superficie igienica e senza giunture<\/strong>\u00a0- Nessuna linea di stuccatura o giuntura che possa intrappolare i batteri.<\/p>\n<\/li>\n<\/ul>\n<p class=\"ds-markdown-paragraph\">FortiFlex HB porta avanti questi vantaggi con una formulazione ibrida che include una trasmissione di quarzo selciforme per una maggiore durata e una finitura pigmentata per una bellezza duratura.<\/p>\n<h3>Come funziona il sistema FortiFlex HB<\/h3>\n<p class=\"ds-markdown-paragraph\">Il sistema comprende quattro strati chiave per ottenere le massime prestazioni:<\/p>\n<ol start=\"1\">\n<li>\n<p class=\"ds-markdown-paragraph\"><strong>Primer (opzionale)<\/strong>\u00a0- Assicura l'adesione al substrato<\/p>\n<\/li>\n<li>\n<p class=\"ds-markdown-paragraph\"><strong>Base + Diffusione<\/strong>\u00a0- Uretano cementizio autolivellante con quarzo selcifero<\/p>\n<\/li>\n<li>\n<p class=\"ds-markdown-paragraph\"><strong>Seconda trasmissione<\/strong>\u00a0- Quarzo pigmentato per garantire consistenza e colore<\/p>\n<\/li>\n<li>\n<p class=\"ds-markdown-paragraph\"><strong>Topcoat<\/strong> - Finitura FortiFlex pigmentata per la resistenza ai raggi UV e agli agenti chimici<\/p>\n<\/li>\n<\/ol>\n<p class=\"ds-markdown-paragraph\">Questo approccio multistrato crea un sistema di pavimentazione resinosa senza soluzione di continuit\u00e0 che resiste al traffico pedonale intenso, alle fuoriuscite di sostanze chimiche e alle pulizie frequenti.<\/p>\n<h3>Applicazioni ideali per FortiFlex HB<\/h3>\n<p class=\"ds-markdown-paragraph\">Questo sistema di pavimentazione industriale \u00e8 perfetto per:<\/p>\n<ul>\n<li>\n<p class=\"ds-markdown-paragraph\">Ristoranti e cucine commerciali<\/p>\n<\/li>\n<li>\n<p class=\"ds-markdown-paragraph\">Negozi di alimentari e spazi commerciali<\/p>\n<\/li>\n<li>\n<p class=\"ds-markdown-paragraph\">Strutture sanitarie e farmacie<\/p>\n<\/li>\n<li>\n<p class=\"ds-markdown-paragraph\">Spogliatoi e bagni<\/p>\n<\/li>\n<li>\n<p class=\"ds-markdown-paragraph\">Canili e strutture per la cura degli animali<\/p>\n<\/li>\n<li>\n<p class=\"ds-markdown-paragraph\">Impianti farmaceutici e di trasformazione alimentare<\/p>\n<\/li>\n<\/ul>\n<h3>Prestazioni tecniche in sintesi<\/h3>\n<div class=\"ds-scroll-area _1210dd7\">\n<div class=\"ds-scroll-area__gutters\">\n<div class=\"ds-scroll-area__horizontal-gutter\"><\/div>\n<div class=\"ds-scroll-area__vertical-gutter\"><\/div>\n<\/div>\n<table>\n<thead>\n<tr>\n<th>Propriet\u00e0<\/th>\n<th>Valore<\/th>\n<\/tr>\n<\/thead>\n<tbody>\n<tr>\n<td>Resistenza alla compressione (ASTM C-379)<\/td>\n<td>12.500 psi<\/td>\n<\/tr>\n<tr>\n<td>Resistenza alla trazione (ASTM D-638)<\/td>\n<td>4.000 psi<\/td>\n<\/tr>\n<tr>\n<td>Resistenza all'abrasione Taber (ASTM D-4060)<\/td>\n<td>25 mg<\/td>\n<\/tr>\n<tr>\n<td>Temperatura di servizio<\/td>\n<td>Fino a 200\u00b0F<\/td>\n<\/tr>\n<tr>\n<td>Contenuto di VOC<\/td>\n<td>33 g\/L<\/td>\n<\/tr>\n<tr>\n<td>Durata del vaso a 70\u00b0F<\/td>\n<td>10-15 minuti<\/td>\n<\/tr>\n<tr>\n<td>Pronto per il traffico pedonale<\/td>\n<td>Fino a 2,5-3 ore<\/td>\n<\/tr>\n<tr>\n<td>Resistenza chimica completa<\/td>\n<td>7 giorni<\/td>\n<\/tr>\n<\/tbody>\n<\/table>\n<\/div>\n<h3>Vantaggi principali di FortiFlex HB<\/h3>\n<h4>\u00a0Autolivellante per una finitura impeccabile<\/h4>\n<p class=\"ds-markdown-paragraph\">Niente pi\u00f9 superfici irregolari. Il fondo autolivellante per pavimenti in uretano crea un substrato liscio e uniforme, facile da pulire e da mantenere.<\/p>\n<h4>\u00a0Tempi di polimerizzazione rapidi per mantenere l'operativit\u00e0<\/h4>\n<p class=\"ds-markdown-paragraph\">Con il traffico pedonale pronto in appena 2,5 ore, FortiFlex HB riduce al minimo le interruzioni, rendendolo ideale per gli ambienti 24 ore su 24, 7 giorni su 7.<\/p>\n<h4>Resistenza superiore agli agenti chimici e alle macchie<\/h4>\n<p class=\"ds-markdown-paragraph\">Dai disinfettanti agli oli, dagli acidi agli alcali, questo sistema di pavimentazione resistente alle sostanze chimiche \u00e8 in grado di resistere alle sostanze pi\u00f9 aggressive senza degradarsi.<\/p>\n<h4>Stabile ai raggi UV e resistente ai colori<\/h4>\n<p class=\"ds-markdown-paragraph\">A differenza di alcuni sistemi epossidici, FortiFlex HB non ingiallisce e non sbiadisce con l'esposizione ai raggi UV: \u00e8 quindi perfetto per gli spazi commerciali con grandi finestre o vetrine.<\/p>\n<h4>Installazione a basso odore<\/h4>\n<p class=\"ds-markdown-paragraph\">Installate con fiducia negli spazi occupati. FortiFlex HB emette un basso odore durante l'applicazione, per cui non \u00e8 necessario chiudere intere sezioni della struttura.<\/p>\n<h3>\u00a0Opzioni di colore e personalizzazione<\/h3>\n<p class=\"ds-markdown-paragraph\">Scegliete tra i colori pi\u00f9 diffusi come:<\/p>\n<ul>\n<li>\n<p class=\"ds-markdown-paragraph\">Tornado<\/p>\n<\/li>\n<li>\n<p class=\"ds-markdown-paragraph\">Momento<\/p>\n<\/li>\n<li>\n<p class=\"ds-markdown-paragraph\">Asteroide<\/p>\n<\/li>\n<li>\n<p class=\"ds-markdown-paragraph\">Bianco<\/p>\n<\/li>\n<li>\n<p class=\"ds-markdown-paragraph\">Furtivit\u00e0<\/p>\n<\/li>\n<\/ul>\n<p class=\"ds-markdown-paragraph\">Sono disponibili anche colori personalizzati. Utilizzate il nostro strumento di visualizzazione dei pavimenti per vedere come FortiFlex HB si inserisce nel vostro spazio.<\/p>\n<p><a href=\"https:\/\/www.jinyupaint.com\/wp-content\/uploads\/2025\/10\/standard-color-chart-tornado-white-stealth.jpg\"><img fetchpriority=\"high\" decoding=\"async\" class=\"alignnone size-full wp-image-6217\" src=\"https:\/\/www.jinyupaint.com\/wp-content\/uploads\/2025\/10\/standard-color-chart-tornado-white-stealth.jpg\" alt=\"Tabella dei colori standard per i pavimenti al quarzo FortiFlex B, con opzioni popolari come Tornado, White e Stealth per spazi industriali e commerciali.\" width=\"1200\" height=\"284\" srcset=\"https:\/\/www.jinyupaint.com\/wp-content\/uploads\/2025\/10\/standard-color-chart-tornado-white-stealth.jpg 1200w, https:\/\/www.jinyupaint.com\/wp-content\/uploads\/2025\/10\/standard-color-chart-tornado-white-stealth-300x71.jpg 300w, https:\/\/www.jinyupaint.com\/wp-content\/uploads\/2025\/10\/standard-color-chart-tornado-white-stealth-1024x242.jpg 1024w, https:\/\/www.jinyupaint.com\/wp-content\/uploads\/2025\/10\/standard-color-chart-tornado-white-stealth-768x182.jpg 768w, https:\/\/www.jinyupaint.com\/wp-content\/uploads\/2025\/10\/standard-color-chart-tornado-white-stealth-18x4.jpg 18w, https:\/\/www.jinyupaint.com\/wp-content\/uploads\/2025\/10\/standard-color-chart-tornado-white-stealth-600x142.jpg 600w\" sizes=\"(max-width: 1200px) 100vw, 1200px\" \/><\/a><\/p>\n<h3>FortiFlex HB \u00e8 adatto alla vostra struttura?<\/h3>\n<p class=\"ds-markdown-paragraph\">Se avete bisogno di un:<\/p>\n<ul>\n<li>\n<p class=\"ds-markdown-paragraph\">Sistema a pavimento a installazione rapida<\/p>\n<\/li>\n<li>\n<p class=\"ds-markdown-paragraph\">Superficie resistente e senza giunzioni<\/p>\n<\/li>\n<li>\n<p class=\"ds-markdown-paragraph\">Soluzione a basso odore e a basso VOC<\/p>\n<\/li>\n<li>\n<p class=\"ds-markdown-paragraph\">Finitura resistente agli agenti chimici<\/p>\n<\/li>\n<\/ul>\n<p class=\"ds-markdown-paragraph\">... allora FortiFlex HB \u00e8 il sistema di pavimentazione uretanica cementizia ideale per voi.<\/p>\n<p>FortiFlex HB \u00e8 pi\u00f9 di un semplice pavimento: \u00e8 un sistema di pavimentazione ibrido ad alte prestazioni, a indurimento rapido, costruito per le moderne esigenze commerciali e industriali. Grazie all'eccezionale durata, alla resistenza chimica e alla velocit\u00e0 di installazione, \u00e8 la scelta intelligente per le strutture che non possono permettersi tempi morti.<\/p>","protected":false},"excerpt":{"rendered":"<p>Ecco FortiFlex HB, l'avanzato sistema di pavimentazione in uretano cementizio progettato per gli ambienti pi\u00f9 esigenti che non possono permettersi tempi di inattivit\u00e0 prolungati. Questo pavimento ibrido senza giunture offre una combinazione unica di tempi di indurimento rapidi e durata eccezionale. Il suo strato di base autolivellante crea una superficie perfettamente uniforme che resiste al traffico pesante, alle fuoriuscite di sostanze chimiche e agli shock termici, rendendolo ideale per le operazioni 24 ore su 24 e 7 giorni su 7 nei settori della sanit\u00e0, della vendita al dettaglio e della lavorazione degli alimenti. Con un'installazione a basso odore e pronto per il traffico pedonale in poche ore, FortiFlex HB riduce al minimo le interruzioni, fornendo una superficie stabile ai raggi UV e facile da pulire, costruita per garantire prestazioni ed estetica di lunga durata. \u00c8 pi\u00f9 di un semplice pavimento: \u00e8 una soluzione rapida, resistente e igienica per gli spazi pi\u00f9 difficili.<\/p>","protected":false},"featured_media":6193,"template":"","meta":{"om_disable_all_campaigns":false,"_monsterinsights_skip_tracking":false,"_monsterinsights_sitenote_active":false,"_monsterinsights_sitenote_note":"","_monsterinsights_sitenote_category":0,"_uf_show_specific_survey":0,"_uf_disable_surveys":false},"product_brand":[],"product_cat":[128,801],"product_tag":[856,640,858,859,676,860,857],"class_list":{"0":"post-6192","1":"product","2":"type-product","3":"status-publish","4":"has-post-thumbnail","6":"product_cat-flooring-system","7":"product_cat-polyaspartic-and-polyurea-coatings","8":"product_tag-cementitious-urethane-flooring-system","9":"product_tag-chemical-resistant-flooring","10":"product_tag-fast-curing-floor-system","11":"product_tag-hybrid-flooring-system","12":"product_tag-industrial-flooring","13":"product_tag-seamless-resinous-flooring","14":"product_tag-self-leveling-urethane-flooring","16":"first","17":"instock","18":"shipping-taxable","19":"product-type-simple"},"yoast_head":"<!-- This site is optimized with the Yoast SEO Premium plugin v26.2 (Yoast SEO v26.5) - https:\/\/yoast.com\/wordpress\/plugins\/seo\/ -->\n<title>FortiFlex HB Fast-Curing Resinous Floor System with Urethane Cement Base Coat - KAIDA PAINT\u00ae<\/title>\n<meta name=\"description\" content=\"FortiFlex HB is a fast-curing, self-leveling cementitious urethane flooring system for industrial &amp; commercial use. Offers 2.5-hour foot traffic, UV stability, and superior chemical resistance. Ideal for healthcare, retail, and food processing facilities. Request a quote today.\" \/>\n<meta name=\"robots\" content=\"index, follow, max-snippet:-1, max-image-preview:large, max-video-preview:-1\" \/>\n<link rel=\"canonical\" href=\"https:\/\/www.jinyupaint.com\/it\/prodotto\/fortiflex-hb-fast-curing-resinous-floor-system-with-urethane-cement-base-coat\/\" \/>\n<meta property=\"og:locale\" content=\"it_IT\" \/>\n<meta property=\"og:type\" content=\"article\" \/>\n<meta property=\"og:title\" content=\"FortiFlex HB Fast-Curing Resinous Floor System with Urethane Cement Base Coat\" \/>\n<meta property=\"og:description\" content=\"FortiFlex HB is a fast-curing, self-leveling cementitious urethane flooring system for industrial &amp; commercial use. Offers 2.5-hour foot traffic, UV stability, and superior chemical resistance. Ideal for healthcare, retail, and food processing facilities. Request a quote today.\" \/>\n<meta property=\"og:url\" content=\"https:\/\/www.jinyupaint.com\/it\/prodotto\/fortiflex-hb-fast-curing-resinous-floor-system-with-urethane-cement-base-coat\/\" \/>\n<meta property=\"og:site_name\" content=\"KAIDA PAINT\u00ae\" \/>\n<meta property=\"article:modified_time\" content=\"2025-11-11T11:07:57+00:00\" \/>\n<meta property=\"og:image\" content=\"https:\/\/www.jinyupaint.com\/wp-content\/uploads\/2025\/10\/FortiFlex-HB-Fast-Curing-Resinous-Floor-System.jpg\" \/>\n\t<meta property=\"og:image:width\" content=\"800\" \/>\n\t<meta property=\"og:image:height\" content=\"800\" \/>\n\t<meta property=\"og:image:type\" content=\"image\/jpeg\" \/>\n<meta name=\"twitter:card\" content=\"summary_large_image\" \/>\n<meta name=\"twitter:label1\" content=\"Tempo di lettura stimato\" \/>\n\t<meta name=\"twitter:data1\" content=\"3 minuti\" \/>\n<script type=\"application\/ld+json\" class=\"yoast-schema-graph\">{\"@context\":\"https:\/\/schema.org\",\"@graph\":[{\"@type\":\"WebPage\",\"@id\":\"https:\/\/www.jinyupaint.com\/product\/fortiflex-hb-fast-curing-resinous-floor-system-with-urethane-cement-base-coat\",\"url\":\"https:\/\/www.jinyupaint.com\/product\/fortiflex-hb-fast-curing-resinous-floor-system-with-urethane-cement-base-coat\",\"name\":\"FortiFlex HB Fast-Curing Resinous Floor System with Urethane Cement Base Coat - KAIDA PAINT\u00ae\",\"isPartOf\":{\"@id\":\"https:\/\/www.jinyupaint.com\/#website\"},\"primaryImageOfPage\":{\"@id\":\"https:\/\/www.jinyupaint.com\/product\/fortiflex-hb-fast-curing-resinous-floor-system-with-urethane-cement-base-coat#primaryimage\"},\"image\":{\"@id\":\"https:\/\/www.jinyupaint.com\/product\/fortiflex-hb-fast-curing-resinous-floor-system-with-urethane-cement-base-coat#primaryimage\"},\"thumbnailUrl\":\"https:\/\/www.jinyupaint.com\/wp-content\/uploads\/2025\/10\/FortiFlex-HB-Fast-Curing-Resinous-Floor-System.jpg\",\"datePublished\":\"2025-10-27T05:15:33+00:00\",\"dateModified\":\"2025-11-11T11:07:57+00:00\",\"description\":\"FortiFlex HB is a fast-curing, self-leveling cementitious urethane flooring system for industrial & commercial use. Offers 2.5-hour foot traffic, UV stability, and superior chemical resistance. Ideal for healthcare, retail, and food processing facilities. Request a quote today.\",\"breadcrumb\":{\"@id\":\"https:\/\/www.jinyupaint.com\/product\/fortiflex-hb-fast-curing-resinous-floor-system-with-urethane-cement-base-coat#breadcrumb\"},\"inLanguage\":\"it-IT\",\"potentialAction\":[{\"@type\":\"ReadAction\",\"target\":[\"https:\/\/www.jinyupaint.com\/product\/fortiflex-hb-fast-curing-resinous-floor-system-with-urethane-cement-base-coat\"]}]},{\"@type\":\"ImageObject\",\"inLanguage\":\"it-IT\",\"@id\":\"https:\/\/www.jinyupaint.com\/product\/fortiflex-hb-fast-curing-resinous-floor-system-with-urethane-cement-base-coat#primaryimage\",\"url\":\"https:\/\/www.jinyupaint.com\/wp-content\/uploads\/2025\/10\/FortiFlex-HB-Fast-Curing-Resinous-Floor-System.jpg\",\"contentUrl\":\"https:\/\/www.jinyupaint.com\/wp-content\/uploads\/2025\/10\/FortiFlex-HB-Fast-Curing-Resinous-Floor-System.jpg\",\"width\":800,\"height\":800,\"caption\":\"FortiFlex HB Fast-Curing Resinous Floor System\"},{\"@type\":\"BreadcrumbList\",\"@id\":\"https:\/\/www.jinyupaint.com\/product\/fortiflex-hb-fast-curing-resinous-floor-system-with-urethane-cement-base-coat#breadcrumb\",\"itemListElement\":[{\"@type\":\"ListItem\",\"position\":1,\"name\":\"Home\",\"item\":\"https:\/\/www.jinyupaint.com\/\"},{\"@type\":\"ListItem\",\"position\":2,\"name\":\"Shop\",\"item\":\"https:\/\/www.jinyupaint.com\/shop.html\"},{\"@type\":\"ListItem\",\"position\":3,\"name\":\"FortiFlex HB Fast-Curing Resinous Floor System with Urethane Cement Base Coat\"}]},{\"@type\":\"WebSite\",\"@id\":\"https:\/\/www.jinyupaint.com\/#website\",\"url\":\"https:\/\/www.jinyupaint.com\/\",\"name\":\"JINYU\u00ae PAINT\",\"description\":\"JINYU PAINT\u00ae Manufacturer\",\"potentialAction\":[{\"@type\":\"SearchAction\",\"target\":{\"@type\":\"EntryPoint\",\"urlTemplate\":\"https:\/\/www.jinyupaint.com\/?s={search_term_string}\"},\"query-input\":{\"@type\":\"PropertyValueSpecification\",\"valueRequired\":true,\"valueName\":\"search_term_string\"}}],\"inLanguage\":\"it-IT\"}]}<\/script>\n<!-- \/ Yoast SEO Premium plugin. -->","yoast_head_json":{"title":"FortiFlex HB Fast-Curing Resinous Floor System with Urethane Cement Base Coat - KAIDA PAINT\u00ae","description":"FortiFlex HB is a fast-curing, self-leveling cementitious urethane flooring system for industrial & commercial use. Offers 2.5-hour foot traffic, UV stability, and superior chemical resistance. Ideal for healthcare, retail, and food processing facilities. Request a quote today.","robots":{"index":"index","follow":"follow","max-snippet":"max-snippet:-1","max-image-preview":"max-image-preview:large","max-video-preview":"max-video-preview:-1"},"canonical":"https:\/\/www.jinyupaint.com\/it\/prodotto\/fortiflex-hb-fast-curing-resinous-floor-system-with-urethane-cement-base-coat\/","og_locale":"it_IT","og_type":"article","og_title":"FortiFlex HB Fast-Curing Resinous Floor System with Urethane Cement Base Coat","og_description":"FortiFlex HB is a fast-curing, self-leveling cementitious urethane flooring system for industrial & commercial use. Offers 2.5-hour foot traffic, UV stability, and superior chemical resistance. Ideal for healthcare, retail, and food processing facilities. Request a quote today.","og_url":"https:\/\/www.jinyupaint.com\/it\/prodotto\/fortiflex-hb-fast-curing-resinous-floor-system-with-urethane-cement-base-coat\/","og_site_name":"KAIDA PAINT\u00ae","article_modified_time":"2025-11-11T11:07:57+00:00","og_image":[{"width":800,"height":800,"url":"https:\/\/www.jinyupaint.com\/wp-content\/uploads\/2025\/10\/FortiFlex-HB-Fast-Curing-Resinous-Floor-System.jpg","type":"image\/jpeg"}],"twitter_card":"summary_large_image","twitter_misc":{"Tempo di lettura stimato":"3 minuti"},"schema":{"@context":"https:\/\/schema.org","@graph":[{"@type":"WebPage","@id":"https:\/\/www.jinyupaint.com\/product\/fortiflex-hb-fast-curing-resinous-floor-system-with-urethane-cement-base-coat","url":"https:\/\/www.jinyupaint.com\/product\/fortiflex-hb-fast-curing-resinous-floor-system-with-urethane-cement-base-coat","name":"FortiFlex HB Fast-Curing Resinous Floor System with Urethane Cement Base Coat - KAIDA PAINT\u00ae","isPartOf":{"@id":"https:\/\/www.jinyupaint.com\/#website"},"primaryImageOfPage":{"@id":"https:\/\/www.jinyupaint.com\/product\/fortiflex-hb-fast-curing-resinous-floor-system-with-urethane-cement-base-coat#primaryimage"},"image":{"@id":"https:\/\/www.jinyupaint.com\/product\/fortiflex-hb-fast-curing-resinous-floor-system-with-urethane-cement-base-coat#primaryimage"},"thumbnailUrl":"https:\/\/www.jinyupaint.com\/wp-content\/uploads\/2025\/10\/FortiFlex-HB-Fast-Curing-Resinous-Floor-System.jpg","datePublished":"2025-10-27T05:15:33+00:00","dateModified":"2025-11-11T11:07:57+00:00","description":"FortiFlex HB is a fast-curing, self-leveling cementitious urethane flooring system for industrial & commercial use. Offers 2.5-hour foot traffic, UV stability, and superior chemical resistance. Ideal for healthcare, retail, and food processing facilities. Request a quote today.","breadcrumb":{"@id":"https:\/\/www.jinyupaint.com\/product\/fortiflex-hb-fast-curing-resinous-floor-system-with-urethane-cement-base-coat#breadcrumb"},"inLanguage":"it-IT","potentialAction":[{"@type":"ReadAction","target":["https:\/\/www.jinyupaint.com\/product\/fortiflex-hb-fast-curing-resinous-floor-system-with-urethane-cement-base-coat"]}]},{"@type":"ImageObject","inLanguage":"it-IT","@id":"https:\/\/www.jinyupaint.com\/product\/fortiflex-hb-fast-curing-resinous-floor-system-with-urethane-cement-base-coat#primaryimage","url":"https:\/\/www.jinyupaint.com\/wp-content\/uploads\/2025\/10\/FortiFlex-HB-Fast-Curing-Resinous-Floor-System.jpg","contentUrl":"https:\/\/www.jinyupaint.com\/wp-content\/uploads\/2025\/10\/FortiFlex-HB-Fast-Curing-Resinous-Floor-System.jpg","width":800,"height":800,"caption":"FortiFlex HB Fast-Curing Resinous Floor System"},{"@type":"BreadcrumbList","@id":"https:\/\/www.jinyupaint.com\/product\/fortiflex-hb-fast-curing-resinous-floor-system-with-urethane-cement-base-coat#breadcrumb","itemListElement":[{"@type":"ListItem","position":1,"name":"Home","item":"https:\/\/www.jinyupaint.com\/"},{"@type":"ListItem","position":2,"name":"Shop","item":"https:\/\/www.jinyupaint.com\/shop.html"},{"@type":"ListItem","position":3,"name":"FortiFlex HB Fast-Curing Resinous Floor System with Urethane Cement Base Coat"}]},{"@type":"WebSite","@id":"https:\/\/www.jinyupaint.com\/#website","url":"https:\/\/www.jinyupaint.com\/","name":"VERNICE JINYU","description":"JINYU PAINT\u00ae Produttore","potentialAction":[{"@type":"SearchAction","target":{"@type":"EntryPoint","urlTemplate":"https:\/\/www.jinyupaint.com\/?s={search_term_string}"},"query-input":{"@type":"PropertyValueSpecification","valueRequired":true,"valueName":"search_term_string"}}],"inLanguage":"it-IT"}]}},"_links":{"self":[{"href":"https:\/\/www.jinyupaint.com\/it\/wp-json\/wp\/v2\/product\/6192","targetHints":{"allow":["GET"]}}],"collection":[{"href":"https:\/\/www.jinyupaint.com\/it\/wp-json\/wp\/v2\/product"}],"about":[{"href":"https:\/\/www.jinyupaint.com\/it\/wp-json\/wp\/v2\/types\/product"}],"wp:featuredmedia":[{"embeddable":true,"href":"https:\/\/www.jinyupaint.com\/it\/wp-json\/wp\/v2\/media\/6193"}],"wp:attachment":[{"href":"https:\/\/www.jinyupaint.com\/it\/wp-json\/wp\/v2\/media?parent=6192"}],"wp:term":[{"taxonomy":"product_brand","embeddable":true,"href":"https:\/\/www.jinyupaint.com\/it\/wp-json\/wp\/v2\/product_brand?post=6192"},{"taxonomy":"product_cat","embeddable":true,"href":"https:\/\/www.jinyupaint.com\/it\/wp-json\/wp\/v2\/product_cat?post=6192"},{"taxonomy":"product_tag","embeddable":true,"href":"https:\/\/www.jinyupaint.com\/it\/wp-json\/wp\/v2\/product_tag?post=6192"}],"curies":[{"name":"wp","href":"https:\/\/api.w.org\/{rel}","templated":true}]}}