{"id":6085,"date":"2025-10-14T05:58:51","date_gmt":"2025-10-14T05:58:51","guid":{"rendered":"https:\/\/www.jinyupaint.com\/?post_type=product&#038;p=6085"},"modified":"2025-12-01T06:00:04","modified_gmt":"2025-12-01T06:00:04","slug":"100-solids-epoxy-resin-garage-floor-coating-kit","status":"publish","type":"product","link":"https:\/\/www.jinyupaint.com\/it\/prodotto\/100-solids-epoxy-resin-garage-floor-coating-kit","title":{"rendered":"100% Kit di rivestimento del pavimento del garage in resina epossidica solida"},"content":{"rendered":"<h2><strong>Il rivestimento del pavimento del garage in resina epossidica fai-da-te per eccellenza - Risultati professionali, resi semplici<\/strong><\/h2>\n<p class=\"ds-markdown-paragraph\">Siete stanchi di rivestimenti per garage generici e annacquati che si staccano sotto pressione? Ecco il sistema di rivestimento del pavimento del garage a base di resina epossidica di cui si fidano sia gli amanti del fai-da-te che i professionisti. La nostra formula ad alto contenuto di solidi, 100%, offre una durata di livello industriale con una facilit\u00e0 di applicazione senza pari.<\/p>\n<p class=\"ds-markdown-paragraph\"><strong>Perch\u00e9 accontentarsi di poco?<\/strong><br \/>\nA differenza delle epossidiche dei grandi magazzini, i nostri kit sono progettati per garantire prestazioni reali. Che si tratti di rivestire un garage residenziale, un'officina o uno spazio commerciale, questo sistema resiste agli agenti chimici, agli urti e al calore degli pneumatici, mantenendo un aspetto impeccabile per anni.<\/p>\n<h2><strong>Cosa c'\u00e8 nel kit di rivestimento epossidico?<\/strong><\/h2>\n<p class=\"ds-markdown-paragraph\">Abbiamo eliminato le congetture sull'epossidicit\u00e0 del pavimento del garage. Ogni kit comprende tutto ci\u00f2 che serve per ottenere una finitura professionale e uniforme:<\/p>\n<h4>\u2705\u00a0<strong>Kit epossidico senza scaglie<\/strong><\/h4>\n<ul>\n<li>\n<p class=\"ds-markdown-paragraph\">(1) Primer epossidico<\/p>\n<\/li>\n<li>\n<p class=\"ds-markdown-paragraph\">(2) Rivestimento epossidico in colore a scelta<\/p>\n<\/li>\n<li>\n<p class=\"ds-markdown-paragraph\">(3) Coprirullo da 9\u2033 x 3\/8\u2033<\/p>\n<\/li>\n<li>\n<p class=\"ds-markdown-paragraph\">(4) Telaio a rulli<\/p>\n<\/li>\n<li>\n<p class=\"ds-markdown-paragraph\">(5) Paia di guanti in vinile<\/p>\n<\/li>\n<li>\n<p class=\"ds-markdown-paragraph\">(6) Miscelatore da un gallone<\/p>\n<\/li>\n<li>\n<p class=\"ds-markdown-paragraph\">(7) Spazzole per trucioli da 3\u2033<\/p>\n<\/li>\n<li>\n<p class=\"ds-markdown-paragraph\">(8) Secchio di plastica da 6 galloni<\/p>\n<\/li>\n<\/ul>\n<h4>\u2705\u00a0<strong>Kit epossidico con fiocco e finitura<\/strong><\/h4>\n<ul>\n<li>\n<p class=\"ds-markdown-paragraph\">(1) Primer epossidico<\/p>\n<\/li>\n<li>\n<p class=\"ds-markdown-paragraph\">(2) Rivestimento epossidico in colore a scelta<\/p>\n<\/li>\n<li>\n<p class=\"ds-markdown-paragraph\">(3) (2,5-5) libbre di fiocco decorativo<\/p>\n<\/li>\n<li>\n<p class=\"ds-markdown-paragraph\">(4) Finitura alifatica a base di uretano<\/p>\n<\/li>\n<li>\n<p class=\"ds-markdown-paragraph\">Tutti gli strumenti e gli accessori standard sono inclusi<\/p>\n<\/li>\n<\/ul>\n<h4>\u2705\u00a0<strong>Kit epossidico a diffusione completa con finitura<\/strong><\/h4>\n<ul>\n<li>\n<p class=\"ds-markdown-paragraph\">(1) Primer epossidico<\/p>\n<\/li>\n<li>\n<p class=\"ds-markdown-paragraph\">(2) Rivestimento epossidico in colore a scelta<\/p>\n<\/li>\n<li>\n<p class=\"ds-markdown-paragraph\">(3) (40-80) libbre di fiocco per una copertura completa<\/p>\n<\/li>\n<li>\n<p class=\"ds-markdown-paragraph\">(4) Finiture alifatiche uretaniche per la massima protezione<\/p>\n<\/li>\n<li>\n<p class=\"ds-markdown-paragraph\">Tutti gli strumenti applicativi essenziali<\/p>\n<\/li>\n<\/ul>\n<h2><strong>Perch\u00e9 il nostro rivestimento epossidico del pavimento del garage supera gli altri<\/strong><\/h2>\n<h4>\ud83d\udd2c\u00a0<strong>Solidi alti vs. solidi 100%: la verit\u00e0 spiegata<\/strong><\/h4>\n<p class=\"ds-markdown-paragraph\">Molti marchi commercializzano l'epossidica \"100% solidi\", ma la realt\u00e0 \u00e8 pi\u00f9 sfumata. Il nostro sistema \u00e8 caratterizzato da un\u00a0<strong>100% resina solida (parte A)<\/strong>\u00a0e un indurente (Parte B) con un minimo di solventi per facilitare l'applicazione. Il risultato? A\u00a0<strong>93% miscela di solidi per peso<\/strong>\u00a0che offre l'equilibrio ideale tra spessore, durata e facilit\u00e0 d'uso. Non lasciatevi ingannare dal marketing: scegliete le prestazioni piuttosto che le promesse.<\/p>\n<h4>\ud83d\udee1\ufe0f\u00a0<strong>Finitura alifatica monocomponente a base di uretano<\/strong><\/h4>\n<p class=\"ds-markdown-paragraph\">State pensando di saltare la finitura? Non fatelo. La nostra finitura uretanica:<\/p>\n<ul>\n<li>Potenziamenti\u00a0<strong>Resistenza ai raggi UV<\/strong>\u00a0per prevenire l'ingiallimento<\/li>\n<li>Migliora\u00a0<strong>resistenza agli agenti chimici e agli pneumatici<\/strong><\/li>\n<li>Aggiunge una splendida finitura lucida che dura nel tempo<\/li>\n<\/ul>\n<p class=\"ds-markdown-paragraph\"><em>Conforme ai VOC in tutti gli Stati tranne che in California.<\/em><\/p>\n<h4>\ud83e\uddf1\u00a0<strong>Primer: il segreto per un finish impeccabile<\/strong><\/h4>\n<p class=\"ds-markdown-paragraph\">Il primer non \u00e8 facoltativo, \u00e8 essenziale. Assicura:<\/p>\n<ul>\n<li>Adesione pi\u00f9 forte<\/li>\n<li>Meno bolle e problemi di installazione<\/li>\n<li>Protezione contro il ritiro dei pneumatici caldi<\/li>\n<\/ul>\n<p class=\"ds-markdown-paragraph\"><em>Incluso in ogni kit, perch\u00e9 crediamo nel fare le cose per bene la prima volta.<\/em><\/p>\n<h2><strong>Resistenza chimica di cui ci si pu\u00f2 fidare<\/strong><\/h2>\n<p class=\"ds-markdown-paragraph\">Il nostro\u00a0<strong>Pavimenti rivestiti TL356<\/strong>\u00a0resistere agli ambienti difficili del garage:<\/p>\n<div class=\"ds-scroll-area _1210dd7\">\n<div class=\"ds-scroll-area__gutters\">\n<div class=\"ds-scroll-area__horizontal-gutter\"><\/div>\n<div class=\"ds-scroll-area__vertical-gutter\"><\/div>\n<\/div>\n<table>\n<thead>\n<tr>\n<th>Chimica<\/th>\n<th>Valutazione della resistenza<\/th>\n<\/tr>\n<\/thead>\n<tbody>\n<tr>\n<td>Benzina<\/td>\n<td>D (immersione per 72 ore)<\/td>\n<\/tr>\n<tr>\n<td>Xilene<\/td>\n<td>E (immersione a lungo termine)<\/td>\n<\/tr>\n<tr>\n<td>10% Idrossido di sodio<\/td>\n<td>E (immersione a lungo termine)<\/td>\n<\/tr>\n<tr>\n<td>10% Acido cloridrico<\/td>\n<td>D (immersione per 72 ore)<\/td>\n<\/tr>\n<\/tbody>\n<\/table>\n<\/div>\n<p class=\"ds-markdown-paragraph\"><em>Chiave di valutazione: A (non consigliato) \u2192 E (immersione a lungo termine)<\/em><br \/>\n<em>I dati completi sulla resistenza chimica sono disponibili su richiesta.<\/em><\/p>\n<h2><strong>Come installare il rivestimento epossidico del pavimento del garage<\/strong><\/h2>\n<h4>1.\u00a0<strong>Preparazione della superficie<\/strong><\/h4>\n<ul>\n<li><strong>Mordenzare o smerigliare:<\/strong>\u00a0Utilizzate il nostro\u00a0<strong>Ghostshield Eco-Etch 1001<\/strong>\u00a0o una smerigliatrice Diamabrush.<\/li>\n<li><strong>Non \u00e8 necessario l'uso di acido muriatico:<\/strong>\u00a0Sicuro, efficace e facile da usare.<\/li>\n<\/ul>\n<h4>2.\u00a0<strong>Applicazione di primer e resina epossidica<\/strong><\/h4>\n<ul>\n<li>Applicare il primer e attendere\u00a0<strong>7-10 ore<\/strong>.<\/li>\n<li>Applicare il rivestimento epossidico entro\u00a0<strong>24 ore<\/strong>.<\/li>\n<\/ul>\n<h4>3.\u00a0<strong>Aggiungere fiocchi e topcoat<\/strong><\/h4>\n<ul>\n<li>Diffondere le scaglie mentre l'epossidica \u00e8 bagnata.<\/li>\n<li>Applicare la finitura uretanica alifatica dopo\u00a0<strong>8-12 ore<\/strong>.<\/li>\n<\/ul>\n<h4>\u23f1\u00a0<strong>Tempi di ricopertura (a 70\u00b0F)<\/strong><\/h4>\n<ul>\n<li>Primer \u2192 Epossidico: 7-10 ore<\/li>\n<li>Epossidico \u2192 Finitura: 8-12 ore<\/li>\n<li>Polimerizzazione finale: 24 ore (traffico leggero) | 7 giorni (pieno utilizzo)<\/li>\n<\/ul>\n<h2><strong>Cosa vi serve ancora<\/strong><\/h2>\n<ul>\n<li><strong>Materiali di preparazione:<\/strong>\u00a0Soluzione mordenzante o smerigliante<\/li>\n<li><strong>Respiratori approvati da NIOSH<\/strong><\/li>\n<li><strong>Nastro da imbianchino<\/strong>\u00a0(rimuoverlo mentre il rivestimento \u00e8 bagnato!)<\/li>\n<li>Vecchi abiti, copriscarpe, Xilene\/alcool minerale per la pulizia<\/li>\n<\/ul>\n<h2><strong>Avete ancora domande?<\/strong><\/h2>\n<p class=\"ds-markdown-paragraph\">Abbiamo aiutato migliaia di persone a installare il pavimento del garage dei loro sogni. Che si tratti di un confronto tra epossidica e poliurea o di una stima del costo del pavimento epossidico per garage, il nostro team \u00e8 qui per guidarvi.<\/p>\n<h2><strong>Siete pronti a trasformare il vostro garage?<\/strong><\/h2>\n<p class=\"ds-markdown-paragraph\">Non scendete a compromessi sulla qualit\u00e0. I nostri kit di rivestimento del pavimento del garage in resina epossidica offrono risultati di livello professionale senza il prezzo professionale.<\/p>","protected":false},"excerpt":{"rendered":"<p>Trasformate il vostro garage con il nostro rivestimento per pavimenti di garage in resina epossidica fai da te di livello professionale. Non si tratta del solito kit da grande magazzino. Abbiamo studiato una formula ad alto contenuto di solidi che offre una resistenza di livello commerciale e una finitura straordinaria e duratura, ma con un processo di applicazione facile e perfetto per gli amanti del fai-da-te. Il nostro sistema completo comprende un primer fondamentale per un'adesione a prova di bomba, una scelta di colori ricchi e scaglie decorative e una finitura protettiva in uretano alifatico che resiste agli agenti chimici, all'ingiallimento da raggi UV e ai segni degli pneumatici. Smettete di scendere a compromessi sulla qualit\u00e0 e ottenete una finitura da showroom che resiste alla vita reale, il tutto senza il prezzo professionale.<\/p>\n<h2><strong>Scegliete il vostro stile: Colori e scaglie<\/strong><\/h2>\n<p class=\"ds-markdown-paragraph\"><strong>Colori base:<\/strong><br \/>\nRosso Piastrella | Beige | Grigio medio | Grigio chiaro | Bianco sporco | Grigio antracite | Grigio scuro | Azzurro | Tan | Marrone | Blu | Verde | Fazor Tan | SE Cammello | Bianco | Nero | Trasparente<\/p>\n<p class=\"ds-markdown-paragraph\"><strong>Miscele di fiocchi (1\/4\"):<\/strong><br \/>\nDomino #1 | Wombat #2 | Nightfall #3 | Gravel #4 | Orbit #5 | Tidal Wave #7 | Creekbed #8A | Cabin Fever #9 | Shoreline #10 | Outback #11 | No Flake<\/p>","protected":false},"featured_media":6087,"template":"","meta":{"om_disable_all_campaigns":false,"_monsterinsights_skip_tracking":false,"_monsterinsights_sitenote_active":false,"_monsterinsights_sitenote_note":"","_monsterinsights_sitenote_category":0,"_uf_show_specific_survey":0,"_uf_disable_surveys":false},"product_brand":[],"product_cat":[128,724],"product_tag":[763,730,769,767,752,765,753,768,766],"class_list":{"0":"post-6085","1":"product","2":"type-product","3":"status-publish","4":"has-post-thumbnail","6":"product_cat-flooring-system","7":"product_cat-garage-floor-coating","8":"product_tag-100-solids-epoxy","9":"product_tag-best-garage-floor-coating","10":"product_tag-epoxy-flakes","11":"product_tag-epoxy-floor-installers","12":"product_tag-epoxy-garage-floor","13":"product_tag-epoxy-resin-garage-floor","14":"product_tag-garage-floor-coating","15":"product_tag-garage-floor-cost","16":"product_tag-garage-floor-epoxy-contractors","18":"first","19":"instock","20":"shipping-taxable","21":"product-type-simple"},"yoast_head":"<!-- This site is optimized with the Yoast SEO Premium plugin v26.2 (Yoast SEO v26.5) - https:\/\/yoast.com\/wordpress\/plugins\/seo\/ -->\n<title>100% Solids Epoxy Resin Garage Floor Coating Kit - KAIDA PAINT\u00ae<\/title>\n<meta name=\"description\" content=\"Transform your garage with our professional 100% solids epoxy resin floor coating kit. Easy DIY installation, commercial-grade durability, includes primer &amp; topcoat. Resists chemicals, stains &amp; tire marks.\" \/>\n<meta name=\"robots\" content=\"index, follow, max-snippet:-1, max-image-preview:large, max-video-preview:-1\" \/>\n<link rel=\"canonical\" href=\"https:\/\/www.jinyupaint.com\/it\/prodotto\/100-solids-epoxy-resin-garage-floor-coating-kit\/\" \/>\n<meta property=\"og:locale\" content=\"it_IT\" \/>\n<meta property=\"og:type\" content=\"article\" \/>\n<meta property=\"og:title\" content=\"100% Solids Epoxy Resin Garage Floor Coating Kit\" \/>\n<meta property=\"og:description\" content=\"Transform your garage with our professional 100% solids epoxy resin floor coating kit. Easy DIY installation, commercial-grade durability, includes primer &amp; topcoat. Resists chemicals, stains &amp; tire marks.\" \/>\n<meta property=\"og:url\" content=\"https:\/\/www.jinyupaint.com\/it\/prodotto\/100-solids-epoxy-resin-garage-floor-coating-kit\/\" \/>\n<meta property=\"og:site_name\" content=\"KAIDA PAINT\u00ae\" \/>\n<meta property=\"article:modified_time\" content=\"2025-12-01T06:00:04+00:00\" \/>\n<meta property=\"og:image\" content=\"https:\/\/www.jinyupaint.com\/wp-content\/uploads\/2025\/10\/solid-black-epoxy-garage-floor-coating-glossy-finish.jpg\" \/>\n\t<meta property=\"og:image:width\" content=\"800\" \/>\n\t<meta property=\"og:image:height\" content=\"800\" \/>\n\t<meta property=\"og:image:type\" content=\"image\/jpeg\" \/>\n<meta name=\"twitter:card\" content=\"summary_large_image\" \/>\n<meta name=\"twitter:label1\" content=\"Tempo di lettura stimato\" \/>\n\t<meta name=\"twitter:data1\" content=\"3 minuti\" \/>\n<script type=\"application\/ld+json\" class=\"yoast-schema-graph\">{\"@context\":\"https:\/\/schema.org\",\"@graph\":[{\"@type\":\"WebPage\",\"@id\":\"https:\/\/www.jinyupaint.com\/product\/100-solids-epoxy-resin-garage-floor-coating-kit\",\"url\":\"https:\/\/www.jinyupaint.com\/product\/100-solids-epoxy-resin-garage-floor-coating-kit\",\"name\":\"100% Solids Epoxy Resin Garage Floor Coating Kit - KAIDA PAINT\u00ae\",\"isPartOf\":{\"@id\":\"https:\/\/www.jinyupaint.com\/#website\"},\"primaryImageOfPage\":{\"@id\":\"https:\/\/www.jinyupaint.com\/product\/100-solids-epoxy-resin-garage-floor-coating-kit#primaryimage\"},\"image\":{\"@id\":\"https:\/\/www.jinyupaint.com\/product\/100-solids-epoxy-resin-garage-floor-coating-kit#primaryimage\"},\"thumbnailUrl\":\"https:\/\/www.jinyupaint.com\/wp-content\/uploads\/2025\/10\/solid-black-epoxy-garage-floor-coating-glossy-finish.jpg\",\"datePublished\":\"2025-10-14T05:58:51+00:00\",\"dateModified\":\"2025-12-01T06:00:04+00:00\",\"description\":\"Transform your garage with our professional 100% solids epoxy resin floor coating kit. Easy DIY installation, commercial-grade durability, includes primer & topcoat. Resists chemicals, stains & tire marks.\",\"breadcrumb\":{\"@id\":\"https:\/\/www.jinyupaint.com\/product\/100-solids-epoxy-resin-garage-floor-coating-kit#breadcrumb\"},\"inLanguage\":\"it-IT\",\"potentialAction\":[{\"@type\":\"ReadAction\",\"target\":[\"https:\/\/www.jinyupaint.com\/product\/100-solids-epoxy-resin-garage-floor-coating-kit\"]}]},{\"@type\":\"ImageObject\",\"inLanguage\":\"it-IT\",\"@id\":\"https:\/\/www.jinyupaint.com\/product\/100-solids-epoxy-resin-garage-floor-coating-kit#primaryimage\",\"url\":\"https:\/\/www.jinyupaint.com\/wp-content\/uploads\/2025\/10\/solid-black-epoxy-garage-floor-coating-glossy-finish.jpg\",\"contentUrl\":\"https:\/\/www.jinyupaint.com\/wp-content\/uploads\/2025\/10\/solid-black-epoxy-garage-floor-coating-glossy-finish.jpg\",\"width\":800,\"height\":800,\"caption\":\"High-gloss solid black epoxy resin garage floor, demonstrating the smooth, durable finish achieved with a DIY 100% solids epoxy kit.\"},{\"@type\":\"BreadcrumbList\",\"@id\":\"https:\/\/www.jinyupaint.com\/product\/100-solids-epoxy-resin-garage-floor-coating-kit#breadcrumb\",\"itemListElement\":[{\"@type\":\"ListItem\",\"position\":1,\"name\":\"Home\",\"item\":\"https:\/\/www.jinyupaint.com\/\"},{\"@type\":\"ListItem\",\"position\":2,\"name\":\"Shop\",\"item\":\"https:\/\/www.jinyupaint.com\/shop.html\"},{\"@type\":\"ListItem\",\"position\":3,\"name\":\"100% Solids Epoxy Resin Garage Floor Coating Kit\"}]},{\"@type\":\"WebSite\",\"@id\":\"https:\/\/www.jinyupaint.com\/#website\",\"url\":\"https:\/\/www.jinyupaint.com\/\",\"name\":\"JINYU\u00ae PAINT\",\"description\":\"JINYU PAINT\u00ae Manufacturer\",\"potentialAction\":[{\"@type\":\"SearchAction\",\"target\":{\"@type\":\"EntryPoint\",\"urlTemplate\":\"https:\/\/www.jinyupaint.com\/?s={search_term_string}\"},\"query-input\":{\"@type\":\"PropertyValueSpecification\",\"valueRequired\":true,\"valueName\":\"search_term_string\"}}],\"inLanguage\":\"it-IT\"}]}<\/script>\n<!-- \/ Yoast SEO Premium plugin. -->","yoast_head_json":{"title":"100% Kit di rivestimento del pavimento del garage a base di resina epossidica - KAIDA PAINT","description":"Trasformate il vostro garage con il nostro kit professionale di rivestimento per pavimenti in resina epossidica 100%. Facile installazione fai-da-te, durata di livello commerciale, include primer e finitura. Resiste a prodotti chimici, macchie e segni di pneumatici.","robots":{"index":"index","follow":"follow","max-snippet":"max-snippet:-1","max-image-preview":"max-image-preview:large","max-video-preview":"max-video-preview:-1"},"canonical":"https:\/\/www.jinyupaint.com\/it\/prodotto\/100-solids-epoxy-resin-garage-floor-coating-kit\/","og_locale":"it_IT","og_type":"article","og_title":"100% Solids Epoxy Resin Garage Floor Coating Kit","og_description":"Transform your garage with our professional 100% solids epoxy resin floor coating kit. Easy DIY installation, commercial-grade durability, includes primer & topcoat. Resists chemicals, stains & tire marks.","og_url":"https:\/\/www.jinyupaint.com\/it\/prodotto\/100-solids-epoxy-resin-garage-floor-coating-kit\/","og_site_name":"KAIDA PAINT\u00ae","article_modified_time":"2025-12-01T06:00:04+00:00","og_image":[{"width":800,"height":800,"url":"https:\/\/www.jinyupaint.com\/wp-content\/uploads\/2025\/10\/solid-black-epoxy-garage-floor-coating-glossy-finish.jpg","type":"image\/jpeg"}],"twitter_card":"summary_large_image","twitter_misc":{"Tempo di lettura stimato":"3 minuti"},"schema":{"@context":"https:\/\/schema.org","@graph":[{"@type":"WebPage","@id":"https:\/\/www.jinyupaint.com\/product\/100-solids-epoxy-resin-garage-floor-coating-kit","url":"https:\/\/www.jinyupaint.com\/product\/100-solids-epoxy-resin-garage-floor-coating-kit","name":"100% Kit di rivestimento del pavimento del garage a base di resina epossidica - KAIDA PAINT","isPartOf":{"@id":"https:\/\/www.jinyupaint.com\/#website"},"primaryImageOfPage":{"@id":"https:\/\/www.jinyupaint.com\/product\/100-solids-epoxy-resin-garage-floor-coating-kit#primaryimage"},"image":{"@id":"https:\/\/www.jinyupaint.com\/product\/100-solids-epoxy-resin-garage-floor-coating-kit#primaryimage"},"thumbnailUrl":"https:\/\/www.jinyupaint.com\/wp-content\/uploads\/2025\/10\/solid-black-epoxy-garage-floor-coating-glossy-finish.jpg","datePublished":"2025-10-14T05:58:51+00:00","dateModified":"2025-12-01T06:00:04+00:00","description":"Trasformate il vostro garage con il nostro kit professionale di rivestimento per pavimenti in resina epossidica 100%. Facile installazione fai-da-te, durata di livello commerciale, include primer e finitura. Resiste a prodotti chimici, macchie e segni di pneumatici.","breadcrumb":{"@id":"https:\/\/www.jinyupaint.com\/product\/100-solids-epoxy-resin-garage-floor-coating-kit#breadcrumb"},"inLanguage":"it-IT","potentialAction":[{"@type":"ReadAction","target":["https:\/\/www.jinyupaint.com\/product\/100-solids-epoxy-resin-garage-floor-coating-kit"]}]},{"@type":"ImageObject","inLanguage":"it-IT","@id":"https:\/\/www.jinyupaint.com\/product\/100-solids-epoxy-resin-garage-floor-coating-kit#primaryimage","url":"https:\/\/www.jinyupaint.com\/wp-content\/uploads\/2025\/10\/solid-black-epoxy-garage-floor-coating-glossy-finish.jpg","contentUrl":"https:\/\/www.jinyupaint.com\/wp-content\/uploads\/2025\/10\/solid-black-epoxy-garage-floor-coating-glossy-finish.jpg","width":800,"height":800,"caption":"High-gloss solid black epoxy resin garage floor, demonstrating the smooth, durable finish achieved with a DIY 100% solids epoxy kit."},{"@type":"BreadcrumbList","@id":"https:\/\/www.jinyupaint.com\/product\/100-solids-epoxy-resin-garage-floor-coating-kit#breadcrumb","itemListElement":[{"@type":"ListItem","position":1,"name":"Home","item":"https:\/\/www.jinyupaint.com\/"},{"@type":"ListItem","position":2,"name":"Shop","item":"https:\/\/www.jinyupaint.com\/shop.html"},{"@type":"ListItem","position":3,"name":"100% Solids Epoxy Resin Garage Floor Coating Kit"}]},{"@type":"WebSite","@id":"https:\/\/www.jinyupaint.com\/#website","url":"https:\/\/www.jinyupaint.com\/","name":"VERNICE JINYU","description":"JINYU PAINT\u00ae Produttore","potentialAction":[{"@type":"SearchAction","target":{"@type":"EntryPoint","urlTemplate":"https:\/\/www.jinyupaint.com\/?s={search_term_string}"},"query-input":{"@type":"PropertyValueSpecification","valueRequired":true,"valueName":"search_term_string"}}],"inLanguage":"it-IT"}]}},"_links":{"self":[{"href":"https:\/\/www.jinyupaint.com\/it\/wp-json\/wp\/v2\/product\/6085","targetHints":{"allow":["GET"]}}],"collection":[{"href":"https:\/\/www.jinyupaint.com\/it\/wp-json\/wp\/v2\/product"}],"about":[{"href":"https:\/\/www.jinyupaint.com\/it\/wp-json\/wp\/v2\/types\/product"}],"wp:featuredmedia":[{"embeddable":true,"href":"https:\/\/www.jinyupaint.com\/it\/wp-json\/wp\/v2\/media\/6087"}],"wp:attachment":[{"href":"https:\/\/www.jinyupaint.com\/it\/wp-json\/wp\/v2\/media?parent=6085"}],"wp:term":[{"taxonomy":"product_brand","embeddable":true,"href":"https:\/\/www.jinyupaint.com\/it\/wp-json\/wp\/v2\/product_brand?post=6085"},{"taxonomy":"product_cat","embeddable":true,"href":"https:\/\/www.jinyupaint.com\/it\/wp-json\/wp\/v2\/product_cat?post=6085"},{"taxonomy":"product_tag","embeddable":true,"href":"https:\/\/www.jinyupaint.com\/it\/wp-json\/wp\/v2\/product_tag?post=6085"}],"curies":[{"name":"wp","href":"https:\/\/api.w.org\/{rel}","templated":true}]}}