{"id":5783,"date":"2025-09-05T02:34:04","date_gmt":"2025-09-05T02:34:04","guid":{"rendered":"https:\/\/www.jinyupaint.com\/?post_type=product&#038;p=5783"},"modified":"2025-09-05T02:48:17","modified_gmt":"2025-09-05T02:48:17","slug":"jinyu-dt-abrasion-resistant-pu-topcoat","status":"publish","type":"product","link":"https:\/\/www.jinyupaint.com\/it\/prodotto\/jinyu-dt-abrasion-resistant-pu-topcoat","title":{"rendered":"Finitura in PU resistente all'abrasione JINYU\u00ae DT"},"content":{"rendered":"<p>JINYU\u00ae DT \u00e8 una finitura protettiva poliuretanica ad alta solidit\u00e0, realizzata con aggregati di corindone bianco ultraduri. Offre un'eccezionale resistenza ai graffi e all'abrasione, vantando una durezza superficiale superiore a 5H. Progettato per applicazioni di rivestimento di pavimenti industriali che richiedono la massima durata, \u00e8 la soluzione ideale per magazzini, banchine di carico e aree ad alto traffico. La sua formula contiene aggregati di corindone bianco ad alta durezza, con una durezza superficiale superiore a 5H, ed \u00e8 comunemente utilizzata nelle aree a traffico intenso che richiedono un'elevata resistenza all'usura.<\/p>\n<p>JINYU\u00ae DT deve essere utilizzato in combinazione con il pavimento autolivellante JINYU\u00ae MF1\/2 per applicazioni di copertura protettiva.<\/p>\n<h2 class=\"ds-markdown-paragraph\">Applicazioni del nostro rivestimento in PU per impieghi gravosi<\/h2>\n<p class=\"ds-markdown-paragraph\">JINYU\u00ae DT \u00e8 stato formulato per proteggere i pavimenti negli ambienti pi\u00f9 difficili. Le sue prestazioni superiori lo rendono il rivestimento perfetto per magazzini e baie di carico, dove l'abrasione costante da parte di carrelli elevatori e merci pesanti \u00e8 una sfida quotidiana.<\/p>\n<p class=\"ds-markdown-paragraph\">Oltre che per la logistica, \u00e8 una scelta eccellente per:<\/p>\n<ul>\n<li>\n<p class=\"ds-markdown-paragraph\"><strong>Rivestimento del pavimento del garage<\/strong>: Resiste ai segni dei pneumatici, all'abrasione e all'esposizione a oli e sostanze chimiche.<\/p>\n<\/li>\n<li>\n<p class=\"ds-markdown-paragraph\"><strong>Pavimenti per supermercati e negozi<\/strong>: Resiste a un elevato traffico pedonale e di carrelli, mantenendo un'attraente finitura semi-opaca.<\/p>\n<\/li>\n<li>\n<p class=\"ds-markdown-paragraph\"><strong>Impianti industriali e di produzione<\/strong>: Offre un'eccezionale resistenza chimica a oli, acidi e solventi, proteggendo da fuoriuscite e macchie.<\/p>\n<\/li>\n<li>\n<p class=\"ds-markdown-paragraph\"><em>Consultare il team di soluzioni JINYU\u00ae per altri scenari specializzati, compresi i requisiti di applicazione antistatica.<\/em><\/p>\n<\/li>\n<\/ul>\n<h2 class=\"ds-markdown-paragraph\">Caratteristiche principali del nostro rivestimento resistente all'abrasione<\/h2>\n<ul>\n<li>\n<p class=\"ds-markdown-paragraph\"><strong>Durata ineguagliabile<\/strong>: Raggiunge un grado di durezza 5H per un'eccezionale resistenza ai graffi, superando i rivestimenti epossidici e PU standard.<\/p>\n<\/li>\n<li>\n<p class=\"ds-markdown-paragraph\"><strong>Resistenza superiore all'abrasione<\/strong>: L'aggregato di corindone bianco integrato garantisce un'usura minima, anche nelle condizioni di traffico pesante pi\u00f9 intenso.<\/p>\n<\/li>\n<li>\n<p class=\"ds-markdown-paragraph\"><strong>Estetica di lunga durata<\/strong>: La formula stabile ai raggi UV previene l'ingiallimento e lo scolorimento, mantenendo un aspetto brillante e pulito per anni.<\/p>\n<\/li>\n<li>\n<p class=\"ds-markdown-paragraph\"><strong>Eccellente resistenza chimica<\/strong>: Protegge da un'ampia gamma di prodotti chimici industriali, oli e solventi, diventando un vero e proprio rivestimento per pavimenti resistente alle sostanze chimiche.<\/p>\n<\/li>\n<li>\n<p class=\"ds-markdown-paragraph\"><strong>Sicurezza e comfort<\/strong>: Fornisce una finitura semi-opaca che riduce i riflessi della luce e offre un coefficiente di attrito sufficiente per la sicurezza.<\/p>\n<\/li>\n<li>\n<p class=\"ds-markdown-paragraph\"><strong>Soluzioni personalizzabili<\/strong>: Pu\u00f2 essere formulato per supportare applicazioni di rivestimento antistatico in PU per la produzione di elettronica e altri ambienti sensibili.<\/p>\n<\/li>\n<\/ul>\n<h2>Colore<\/h2>\n<p>Sono disponibili cinque colori standard (approssimativi):<br \/>\ngiallo, beige, gules, blu, verde, grigio chiaro, grigio scuro<br \/>\nI colori personalizzati possono essere ordinati in base al MOQ.<\/p>\n<h2>Imballaggio<\/h2>\n<p>JINYU\u00ae DT \u00e8 un prodotto preconfezionato a tre componenti.<br \/>\ncon un singolo set del peso di 10 kg:<br \/>\nComponente A: 5 kg\/ secchio;<br \/>\nComponente B: 2 kg\/ secchio;<br \/>\nComponente C: 3 kg\/confezione.<\/p>\n<h2>Parametri tecnici<\/h2>\n<p>I dati riportati di seguito sono stati misurati in condizioni standard di laboratorio e possono presentare leggere differenze rispetto ai dati reali in loco.<\/p>\n<table>\n<thead>\n<tr>\n<th>Articolo<\/th>\n<th>Parametro<\/th>\n<\/tr>\n<\/thead>\n<tbody>\n<tr>\n<td>Aspetto<\/td>\n<td>Dopo aver mescolato, il composto \u00e8 uniforme e privo di grumi.<\/td>\n<\/tr>\n<tr>\n<td>Durezza della matita (resistenza ai graffi)<\/td>\n<td>5H<\/td>\n<\/tr>\n<tr>\n<td>Resistenza agli urti (palla d'acciaio da 1000 g)<\/td>\n<td>Nessuna crepa o sbucciatura<\/td>\n<\/tr>\n<tr>\n<td>Forza di adesione alla trazione (standard)<\/td>\n<td>2,7 N\/mm\u00b2<\/td>\n<\/tr>\n<tr>\n<td>Forza di adesione alla trazione (immersione in acqua)<\/td>\n<td>2,0 N\/mm\u00b2<\/td>\n<\/tr>\n<tr>\n<td>Resistenza all'abrasione (750g\/500r)<\/td>\n<td>0.011g<\/td>\n<\/tr>\n<tr>\n<td>Resistenza all'acqua (7D)<\/td>\n<td>Nessuna bolla, nessuna sbucciatura, nessuna decolorazione.<\/td>\n<\/tr>\n<tr>\n<td>Resistenza all'olio (benzina 120#, 7D)<\/td>\n<td>Nessuna bolla, nessuna sbucciatura, nessuna decolorazione.<\/td>\n<\/tr>\n<tr>\n<td>Resistenza all'acido (10% H\u2082SO\u2084, 48h)<\/td>\n<td>Nessuna bolla, nessuna sbucciatura, nessuna decolorazione.<\/td>\n<\/tr>\n<tr>\n<td>Resistenza alla base (30% NaOH, 48h)<\/td>\n<td>Nessuna bolla, nessuna sbucciatura, nessuna decolorazione.<\/td>\n<\/tr>\n<tr>\n<td>Resistenza al sale (3% NaCl, 7D)<\/td>\n<td>Nessuna bolla, nessuna sbucciatura, nessuna decolorazione.<\/td>\n<\/tr>\n<tr>\n<td>Antiscivolo (coefficiente di attrito a secco)<\/td>\n<td>0.55<\/td>\n<\/tr>\n<\/tbody>\n<\/table>\n<h2>Standard<\/h2>\n<p>JINYU\u00ae DT \u00e8 conforme ai requisiti pertinenti dello standard GB\/T22374-2018 \"Materiali di rivestimento per pavimenti\".<\/p>\n<figure id=\"attachment_5616\" aria-describedby=\"caption-attachment-5616\" style=\"width: 570px\" class=\"wp-caption alignnone\"><a href=\"https:\/\/www.jinyupaint.com\/wp-content\/uploads\/2025\/02\/high-gloss-polyurethane-factory-flooring-surface.jpg\"><img fetchpriority=\"high\" decoding=\"async\" class=\"wp-image-5616 size-full\" src=\"https:\/\/www.jinyupaint.com\/wp-content\/uploads\/2025\/02\/high-gloss-polyurethane-factory-flooring-surface.jpg\" alt=\"Finitura lucida della pavimentazione industriale in poliuretano con propriet\u00e0 antiscivolo e senza giunture\" width=\"570\" height=\"360\" srcset=\"https:\/\/www.jinyupaint.com\/wp-content\/uploads\/2025\/02\/high-gloss-polyurethane-factory-flooring-surface.jpg 570w, https:\/\/www.jinyupaint.com\/wp-content\/uploads\/2025\/02\/high-gloss-polyurethane-factory-flooring-surface-300x189.jpg 300w, https:\/\/www.jinyupaint.com\/wp-content\/uploads\/2025\/02\/high-gloss-polyurethane-factory-flooring-surface-18x12.jpg 18w\" sizes=\"(max-width: 570px) 100vw, 570px\" \/><\/a><figcaption id=\"caption-attachment-5616\" class=\"wp-caption-text\">Finitura lucida della pavimentazione industriale in poliuretano con propriet\u00e0 antiscivolo e senza giunture<\/figcaption><\/figure>\n<figure id=\"attachment_5619\" aria-describedby=\"caption-attachment-5619\" style=\"width: 570px\" class=\"wp-caption alignnone\"><a href=\"https:\/\/www.jinyupaint.com\/wp-content\/uploads\/2025\/02\/polyurethane-ultra-wear-resistant-factory-flooring-application.jpg\"><img decoding=\"async\" class=\"wp-image-5619 size-full\" src=\"https:\/\/www.jinyupaint.com\/wp-content\/uploads\/2025\/02\/polyurethane-ultra-wear-resistant-factory-flooring-application.jpg\" alt=\"Pavimenti ultraresistenti in poliuretano applicati in uno stabilimento industriale per garantirne la durata.\" width=\"570\" height=\"360\" srcset=\"https:\/\/www.jinyupaint.com\/wp-content\/uploads\/2025\/02\/polyurethane-ultra-wear-resistant-factory-flooring-application.jpg 570w, https:\/\/www.jinyupaint.com\/wp-content\/uploads\/2025\/02\/polyurethane-ultra-wear-resistant-factory-flooring-application-300x189.jpg 300w, https:\/\/www.jinyupaint.com\/wp-content\/uploads\/2025\/02\/polyurethane-ultra-wear-resistant-factory-flooring-application-18x12.jpg 18w\" sizes=\"(max-width: 570px) 100vw, 570px\" \/><\/a><figcaption id=\"caption-attachment-5619\" class=\"wp-caption-text\">Pavimenti ultraresistenti in poliuretano applicati in uno stabilimento industriale per garantirne la durata.<\/figcaption><\/figure>\n<h2>Istruzioni per l'installazione<\/h2>\n<h3>Miscelazione<\/h3>\n<p>Prima della miscelazione, mescolare accuratamente il componente A (resina) e, in condizioni di miscelazione a bassa velocit\u00e0 (300-400 giri\/min), aggiungere la percentuale specificata di componente B (indurente) e mescolare continuamente per circa 30 secondi. Quindi, aggiungere lentamente il componente C (aggregato) e mescolare per 1 minuto fino a ottenere una miscela uniforme.<\/p>\n<p>Nota: il componente C \u00e8 un componente necessario e deve essere aggiunto durante l'agitazione.<\/p>\n<h3>Applicazione - Rivestimento superiore<\/h3>\n<p>La quantit\u00e0 di consumo consigliata per il materiale di rivestimento superficiale \u00e8 di circa 0,1-0,12 kg\/m2 . Utilizzare una spatola metallica piatta per applicare uniformemente il materiale di rivestimento sul terreno. Utilizzare un pennello per trattare le parti di bordo. Lo spessore del film umido (WFT) deve essere controllato a circa 0,1 mm (lo spessore del film secco (DFT) \u00e8 di circa 0,09 mm). Utilizzare immediatamente un rullo a pelo corto per stendere e rivestire uniformemente, incrociando una volta le direzioni verticale e orizzontale. In questo modo si otterr\u00e0 una maggiore uniformit\u00e0 e un effetto di rivestimento superficiale pi\u00f9 gradevole.<\/p>\n<h3>Pulizia<\/h3>\n<p>Pulire gli strumenti immediatamente dopo l'applicazione utilizzando solventi. Assorbire i materiali versati con sabbia asciutta o altri materiali assorbenti e pulire con un panno.<\/p>\n<h3>Consumo teorico<\/h3>\n<p>0,1\uff5e0,12 kg\/m2<\/p>\n<p>Qualsiasi aggiunta o riduzione irragionevole nell'applicazione del materiale pu\u00f2 influire sulla qualit\u00e0 dell'interfaccia, sulle prestazioni di tenuta, sulle prestazioni di incollaggio, sullo spessore del rivestimento, ecc. Pertanto, il consumo del prodotto dovrebbe seguire l'uso raccomandato e regolarsi in base alla situazione reale in loco per ottenere prestazioni ideali.<\/p>\n<h2>Durata di conservazione<\/h2>\n<p>12 mesi dalla data di produzione, se conservato correttamente nella confezione originale sigillata, non aperta e non danneggiata, in condizioni asciutte e a temperature comprese tra +10 \u00b0C e +25 \u00b0C.<br \/>\nLa parte A deve essere protetta dal gelo.<br \/>\nLa parte B deve essere protetta dal gelo.<br \/>\nLa parte C deve essere protetta dall'umidit\u00e0.<\/p>\n<h2>Rapporto di miscelazione<\/h2>\n<p>Miscelazione di tutte le materie prime dal set completo di pacchetti di fabbrica.<\/p>\n<h2>Tempo di polimerizzazione<\/h2>\n<div class=\"ds-scroll-area _1210dd7\">\n<table>\n<thead>\n<tr>\n<th>Temperatura<\/th>\n<th>Superficie asciutta<\/th>\n<th>Traffico leggero<\/th>\n<th>Cura completa<\/th>\n<\/tr>\n<\/thead>\n<tbody>\n<tr>\n<td>+10\u00b0C<\/td>\n<td>~30h<\/td>\n<td>~48h<\/td>\n<td>~6d<\/td>\n<\/tr>\n<tr>\n<td>+20\u00b0C<\/td>\n<td>~16h<\/td>\n<td>~24h<\/td>\n<td>~4d<\/td>\n<\/tr>\n<tr>\n<td>+30\u00b0C<\/td>\n<td>~12h<\/td>\n<td>~18h<\/td>\n<td>~3d<\/td>\n<\/tr>\n<\/tbody>\n<\/table>\n<\/div>\n<h2 class=\"ds-markdown-paragraph\">Colore<\/h2>\n<p class=\"ds-markdown-paragraph\">Sono disponibili cinque colori standard (approssimativi)<\/p>\n<ul>\n<li>\n<p class=\"ds-markdown-paragraph\">Giallo: RAL 1006<\/p>\n<\/li>\n<li>\n<p class=\"ds-markdown-paragraph\">Rosso: RAL 3002<\/p>\n<\/li>\n<li>\n<p class=\"ds-markdown-paragraph\">Blu: RAL 5015<\/p>\n<\/li>\n<li>\n<p class=\"ds-markdown-paragraph\">Verde: RAL 6001<\/p>\n<\/li>\n<li>\n<p class=\"ds-markdown-paragraph\">Grigio: RAL 7037<\/p>\n<\/li>\n<li>\n<p class=\"ds-markdown-paragraph\">I colori personalizzati possono essere ordinati in base alla quantit\u00e0 minima d'ordine (MOQ).<\/p>\n<\/li>\n<\/ul>","protected":false},"excerpt":{"rendered":"<p>JINYU\u00ae DT \u00e8 una finitura poliuretanica avanzata ad alto solido, formulata specificamente per ambienti industriali estremi, che incorpora aggregati di corindone bianco ultraduri che creano una superficie eccezionalmente durevole con durezza 5H e un'eccezionale resistenza all'abrasione. Questo innovativo sistema di rivestimento offre una protezione superiore contro i forti impatti meccanici, le fuoriuscite di sostanze chimiche, il degrado dei raggi UV e l'usura quotidiana in aree ad alto traffico come magazzini, impianti di produzione, banchine di carico e parcheggi commerciali, mantenendo al contempo un'attraente finitura semi-opaca che resiste all'ingiallimento e conserva il suo fascino estetico nel tempo. Il sistema tricomponente garantisce una facile applicazione e un'eccellente adesione a vari substrati, offrendo una soluzione di pavimentazione economica e duratura che soddisfa gli standard GB\/T 22374-2018 e pu\u00f2 essere personalizzata con propriet\u00e0 antistatiche per applicazioni specializzate.<\/p>","protected":false},"featured_media":5785,"template":"","meta":{"om_disable_all_campaigns":false,"_monsterinsights_skip_tracking":false,"_monsterinsights_sitenote_active":false,"_monsterinsights_sitenote_note":"","_monsterinsights_sitenote_category":0,"_uf_show_specific_survey":0,"_uf_disable_surveys":false},"product_brand":[],"product_cat":[109],"product_tag":[656,654,658,641,660,661,655,659,657,662],"class_list":{"0":"post-5783","1":"product","2":"type-product","3":"status-publish","4":"has-post-thumbnail","6":"product_cat-polyurethane-floor-coating","7":"product_tag-5h-hardness-floor-coating","8":"product_tag-abrasion-resistant-floor-coating","9":"product_tag-chemical-resistant-floor-coating","10":"product_tag-industrial-floor-coating","11":"product_tag-loading-bay-floor-solution","12":"product_tag-polyurethane-top-coat","13":"product_tag-pu-floor-coating","14":"product_tag-scratch-resistant-coating","15":"product_tag-warehouse-floor-coating","16":"product_tag-white-corundum-flooring","18":"first","19":"instock","20":"shipping-taxable","21":"product-type-simple"},"yoast_head":"<!-- This site is optimized with the Yoast SEO Premium plugin v26.2 (Yoast SEO v26.5) - https:\/\/yoast.com\/wordpress\/plugins\/seo\/ -->\n<title>JINYU\u00ae DT: Abrasion-Resistant PU Floor Coating for Warehouses &amp; Industry<\/title>\n<meta name=\"description\" content=\"JINYU\u00ae DT is a high-hardness (5H) polyurethane top coat with white corundum for extreme abrasion &amp; scratch resistance. Ideal for warehouse floors, loading bays, &amp; industrial areas. Resists chemicals, UV yellowing, &amp; heavy traffic. Download TDS.\" \/>\n<meta name=\"robots\" content=\"index, follow, max-snippet:-1, max-image-preview:large, max-video-preview:-1\" \/>\n<link rel=\"canonical\" href=\"https:\/\/www.jinyupaint.com\/it\/prodotto\/jinyu-dt-abrasion-resistant-pu-topcoat\/\" \/>\n<meta property=\"og:locale\" content=\"it_IT\" \/>\n<meta property=\"og:type\" content=\"article\" \/>\n<meta property=\"og:title\" content=\"JINYU\u00ae DT Abrasion-Resistant PU Topcoat\" \/>\n<meta property=\"og:description\" content=\"JINYU\u00ae DT is a high-hardness (5H) polyurethane top coat with white corundum for extreme abrasion &amp; scratch resistance. Ideal for warehouse floors, loading bays, &amp; industrial areas. Resists chemicals, UV yellowing, &amp; heavy traffic. Download TDS.\" \/>\n<meta property=\"og:url\" content=\"https:\/\/www.jinyupaint.com\/it\/prodotto\/jinyu-dt-abrasion-resistant-pu-topcoat\/\" \/>\n<meta property=\"og:site_name\" content=\"KAIDA PAINT\u00ae\" \/>\n<meta property=\"article:modified_time\" content=\"2025-09-05T02:48:17+00:00\" \/>\n<meta property=\"og:image\" content=\"https:\/\/www.jinyupaint.com\/wp-content\/uploads\/2025\/09\/JINYU\u00ae-DT-Abrasion-Resistant-PU-Topcoat.jpg\" \/>\n\t<meta property=\"og:image:width\" content=\"750\" \/>\n\t<meta property=\"og:image:height\" content=\"750\" \/>\n\t<meta property=\"og:image:type\" content=\"image\/jpeg\" \/>\n<meta name=\"twitter:card\" content=\"summary_large_image\" \/>\n<meta name=\"twitter:label1\" content=\"Tempo di lettura stimato\" \/>\n\t<meta name=\"twitter:data1\" content=\"5 minuti\" \/>\n<script type=\"application\/ld+json\" class=\"yoast-schema-graph\">{\"@context\":\"https:\/\/schema.org\",\"@graph\":[{\"@type\":\"WebPage\",\"@id\":\"https:\/\/www.jinyupaint.com\/product\/jinyu-dt-abrasion-resistant-pu-topcoat\",\"url\":\"https:\/\/www.jinyupaint.com\/product\/jinyu-dt-abrasion-resistant-pu-topcoat\",\"name\":\"JINYU\u00ae DT: Abrasion-Resistant PU Floor Coating for Warehouses & Industry\",\"isPartOf\":{\"@id\":\"https:\/\/www.jinyupaint.com\/#website\"},\"primaryImageOfPage\":{\"@id\":\"https:\/\/www.jinyupaint.com\/product\/jinyu-dt-abrasion-resistant-pu-topcoat#primaryimage\"},\"image\":{\"@id\":\"https:\/\/www.jinyupaint.com\/product\/jinyu-dt-abrasion-resistant-pu-topcoat#primaryimage\"},\"thumbnailUrl\":\"https:\/\/www.jinyupaint.com\/wp-content\/uploads\/2025\/09\/JINYU\u00ae-DT-Abrasion-Resistant-PU-Topcoat.jpg\",\"datePublished\":\"2025-09-05T02:34:04+00:00\",\"dateModified\":\"2025-09-05T02:48:17+00:00\",\"description\":\"JINYU\u00ae DT is a high-hardness (5H) polyurethane top coat with white corundum for extreme abrasion & scratch resistance. Ideal for warehouse floors, loading bays, & industrial areas. Resists chemicals, UV yellowing, & heavy traffic. Download TDS.\",\"breadcrumb\":{\"@id\":\"https:\/\/www.jinyupaint.com\/product\/jinyu-dt-abrasion-resistant-pu-topcoat#breadcrumb\"},\"inLanguage\":\"it-IT\",\"potentialAction\":[{\"@type\":\"ReadAction\",\"target\":[\"https:\/\/www.jinyupaint.com\/product\/jinyu-dt-abrasion-resistant-pu-topcoat\"]}]},{\"@type\":\"ImageObject\",\"inLanguage\":\"it-IT\",\"@id\":\"https:\/\/www.jinyupaint.com\/product\/jinyu-dt-abrasion-resistant-pu-topcoat#primaryimage\",\"url\":\"https:\/\/www.jinyupaint.com\/wp-content\/uploads\/2025\/09\/JINYU\u00ae-DT-Abrasion-Resistant-PU-Topcoat.jpg\",\"contentUrl\":\"https:\/\/www.jinyupaint.com\/wp-content\/uploads\/2025\/09\/JINYU\u00ae-DT-Abrasion-Resistant-PU-Topcoat.jpg\",\"width\":750,\"height\":750,\"caption\":\"JINYU\u00ae DT Abrasion Resistant PU Topcoat\"},{\"@type\":\"BreadcrumbList\",\"@id\":\"https:\/\/www.jinyupaint.com\/product\/jinyu-dt-abrasion-resistant-pu-topcoat#breadcrumb\",\"itemListElement\":[{\"@type\":\"ListItem\",\"position\":1,\"name\":\"Home\",\"item\":\"https:\/\/www.jinyupaint.com\/\"},{\"@type\":\"ListItem\",\"position\":2,\"name\":\"Shop\",\"item\":\"https:\/\/www.jinyupaint.com\/shop.html\"},{\"@type\":\"ListItem\",\"position\":3,\"name\":\"JINYU\u00ae DT Abrasion-Resistant PU Topcoat\"}]},{\"@type\":\"WebSite\",\"@id\":\"https:\/\/www.jinyupaint.com\/#website\",\"url\":\"https:\/\/www.jinyupaint.com\/\",\"name\":\"JINYU\u00ae PAINT\",\"description\":\"JINYU PAINT\u00ae Manufacturer\",\"potentialAction\":[{\"@type\":\"SearchAction\",\"target\":{\"@type\":\"EntryPoint\",\"urlTemplate\":\"https:\/\/www.jinyupaint.com\/?s={search_term_string}\"},\"query-input\":{\"@type\":\"PropertyValueSpecification\",\"valueRequired\":true,\"valueName\":\"search_term_string\"}}],\"inLanguage\":\"it-IT\"}]}<\/script>\n<!-- \/ Yoast SEO Premium plugin. -->","yoast_head_json":{"title":"JINYU\u00ae DT: Rivestimento per pavimenti in PU resistente all'abrasione per magazzini e industrie","description":"JINYU\u00ae DT \u00e8 una finitura poliuretanica ad alta durezza (5H) con corindone bianco per un'estrema resistenza all'abrasione e ai graffi. Ideale per pavimenti di magazzini, baie di carico e aree industriali. Resiste agli agenti chimici, all'ingiallimento da raggi UV e al traffico pesante. Scarica le TDS.","robots":{"index":"index","follow":"follow","max-snippet":"max-snippet:-1","max-image-preview":"max-image-preview:large","max-video-preview":"max-video-preview:-1"},"canonical":"https:\/\/www.jinyupaint.com\/it\/prodotto\/jinyu-dt-abrasion-resistant-pu-topcoat\/","og_locale":"it_IT","og_type":"article","og_title":"JINYU\u00ae DT Abrasion-Resistant PU Topcoat","og_description":"JINYU\u00ae DT is a high-hardness (5H) polyurethane top coat with white corundum for extreme abrasion & scratch resistance. Ideal for warehouse floors, loading bays, & industrial areas. Resists chemicals, UV yellowing, & heavy traffic. Download TDS.","og_url":"https:\/\/www.jinyupaint.com\/it\/prodotto\/jinyu-dt-abrasion-resistant-pu-topcoat\/","og_site_name":"KAIDA PAINT\u00ae","article_modified_time":"2025-09-05T02:48:17+00:00","og_image":[{"width":750,"height":750,"url":"https:\/\/www.jinyupaint.com\/wp-content\/uploads\/2025\/09\/JINYU\u00ae-DT-Abrasion-Resistant-PU-Topcoat.jpg","type":"image\/jpeg"}],"twitter_card":"summary_large_image","twitter_misc":{"Tempo di lettura stimato":"5 minuti"},"schema":{"@context":"https:\/\/schema.org","@graph":[{"@type":"WebPage","@id":"https:\/\/www.jinyupaint.com\/product\/jinyu-dt-abrasion-resistant-pu-topcoat","url":"https:\/\/www.jinyupaint.com\/product\/jinyu-dt-abrasion-resistant-pu-topcoat","name":"JINYU\u00ae DT: Rivestimento per pavimenti in PU resistente all'abrasione per magazzini e industrie","isPartOf":{"@id":"https:\/\/www.jinyupaint.com\/#website"},"primaryImageOfPage":{"@id":"https:\/\/www.jinyupaint.com\/product\/jinyu-dt-abrasion-resistant-pu-topcoat#primaryimage"},"image":{"@id":"https:\/\/www.jinyupaint.com\/product\/jinyu-dt-abrasion-resistant-pu-topcoat#primaryimage"},"thumbnailUrl":"https:\/\/www.jinyupaint.com\/wp-content\/uploads\/2025\/09\/JINYU\u00ae-DT-Abrasion-Resistant-PU-Topcoat.jpg","datePublished":"2025-09-05T02:34:04+00:00","dateModified":"2025-09-05T02:48:17+00:00","description":"JINYU\u00ae DT \u00e8 una finitura poliuretanica ad alta durezza (5H) con corindone bianco per un'estrema resistenza all'abrasione e ai graffi. Ideale per pavimenti di magazzini, baie di carico e aree industriali. Resiste agli agenti chimici, all'ingiallimento da raggi UV e al traffico pesante. Scarica le TDS.","breadcrumb":{"@id":"https:\/\/www.jinyupaint.com\/product\/jinyu-dt-abrasion-resistant-pu-topcoat#breadcrumb"},"inLanguage":"it-IT","potentialAction":[{"@type":"ReadAction","target":["https:\/\/www.jinyupaint.com\/product\/jinyu-dt-abrasion-resistant-pu-topcoat"]}]},{"@type":"ImageObject","inLanguage":"it-IT","@id":"https:\/\/www.jinyupaint.com\/product\/jinyu-dt-abrasion-resistant-pu-topcoat#primaryimage","url":"https:\/\/www.jinyupaint.com\/wp-content\/uploads\/2025\/09\/JINYU\u00ae-DT-Abrasion-Resistant-PU-Topcoat.jpg","contentUrl":"https:\/\/www.jinyupaint.com\/wp-content\/uploads\/2025\/09\/JINYU\u00ae-DT-Abrasion-Resistant-PU-Topcoat.jpg","width":750,"height":750,"caption":"JINYU\u00ae DT Abrasion Resistant PU Topcoat"},{"@type":"BreadcrumbList","@id":"https:\/\/www.jinyupaint.com\/product\/jinyu-dt-abrasion-resistant-pu-topcoat#breadcrumb","itemListElement":[{"@type":"ListItem","position":1,"name":"Home","item":"https:\/\/www.jinyupaint.com\/"},{"@type":"ListItem","position":2,"name":"Shop","item":"https:\/\/www.jinyupaint.com\/shop.html"},{"@type":"ListItem","position":3,"name":"JINYU\u00ae DT Abrasion-Resistant PU Topcoat"}]},{"@type":"WebSite","@id":"https:\/\/www.jinyupaint.com\/#website","url":"https:\/\/www.jinyupaint.com\/","name":"VERNICE JINYU","description":"JINYU PAINT\u00ae Produttore","potentialAction":[{"@type":"SearchAction","target":{"@type":"EntryPoint","urlTemplate":"https:\/\/www.jinyupaint.com\/?s={search_term_string}"},"query-input":{"@type":"PropertyValueSpecification","valueRequired":true,"valueName":"search_term_string"}}],"inLanguage":"it-IT"}]}},"_links":{"self":[{"href":"https:\/\/www.jinyupaint.com\/it\/wp-json\/wp\/v2\/product\/5783","targetHints":{"allow":["GET"]}}],"collection":[{"href":"https:\/\/www.jinyupaint.com\/it\/wp-json\/wp\/v2\/product"}],"about":[{"href":"https:\/\/www.jinyupaint.com\/it\/wp-json\/wp\/v2\/types\/product"}],"wp:featuredmedia":[{"embeddable":true,"href":"https:\/\/www.jinyupaint.com\/it\/wp-json\/wp\/v2\/media\/5785"}],"wp:attachment":[{"href":"https:\/\/www.jinyupaint.com\/it\/wp-json\/wp\/v2\/media?parent=5783"}],"wp:term":[{"taxonomy":"product_brand","embeddable":true,"href":"https:\/\/www.jinyupaint.com\/it\/wp-json\/wp\/v2\/product_brand?post=5783"},{"taxonomy":"product_cat","embeddable":true,"href":"https:\/\/www.jinyupaint.com\/it\/wp-json\/wp\/v2\/product_cat?post=5783"},{"taxonomy":"product_tag","embeddable":true,"href":"https:\/\/www.jinyupaint.com\/it\/wp-json\/wp\/v2\/product_tag?post=5783"}],"curies":[{"name":"wp","href":"https:\/\/api.w.org\/{rel}","templated":true}]}}