{"id":5117,"date":"2025-07-10T09:51:38","date_gmt":"2025-07-10T09:51:38","guid":{"rendered":"https:\/\/www.jinyupaint.com\/?post_type=product&#038;p=5117"},"modified":"2025-07-14T08:21:48","modified_gmt":"2025-07-14T08:21:48","slug":"high-performance-spray-polyurethane-finish","status":"publish","type":"product","link":"https:\/\/www.jinyupaint.com\/it\/prodotto\/high-performance-spray-polyurethane-finish","title":{"rendered":"Finitura poliuretanica spray ad alte prestazioni"},"content":{"rendered":"<p class=\"ds-markdown-paragraph\">Finitura poliuretanica a spruzzo ad alte prestazioni che offre un'eccezionale brillantezza, resistenza chimica e protezione di lunga durata? La nostra finitura poliuretanica bicomponente \u00e8 progettata per superfici interne in metallo, legno e calcestruzzo e fornisce una finitura liscia e lucida con una durata superiore.<\/p>\n<h2>Vantaggi della nostra finitura poliuretanica a spruzzo<\/h2>\n<p class=\"ds-markdown-paragraph\">Alta lucentezza ed estetica - Migliora le superfici con una finitura liscia e lucida, ideale per metallo decorativo, mobili e attrezzature industriali.<br \/>\nEccellente resistenza agli agenti chimici - Resiste ad acidi, alcali, oli e solventi, rendendolo perfetto per gli ambienti pi\u00f9 difficili.<br \/>\nForte adesione e flessibilit\u00e0 - Si lega saldamente ad acciaio, alluminio, legno e cemento senza creparsi.<br \/>\nAsciugatura rapida e facile applicazione - Compatibile con le pistole a spruzzo (HVLP\/airless), con la spazzolatura o con la laminazione per una verniciatura efficace.<br \/>\nResistenza ai raggi UV e alle intemperie (uso interno) - Mantiene il colore e la brillantezza per anni senza sbiadire.<\/p>\n<h2>Specifiche tecniche:<\/h2>\n<table>\n<thead>\n<tr>\n<th><strong>Propriet\u00e0<\/strong><\/th>\n<th><strong>Specifiche<\/strong><\/th>\n<\/tr>\n<\/thead>\n<tbody>\n<tr>\n<td><strong>Tipo<\/strong><\/td>\n<td>Bicomponente (resina poliuretanica + indurente)<\/td>\n<\/tr>\n<tr>\n<td><strong>Opzioni di finitura<\/strong><\/td>\n<td>Alta lucentezza \/ semilucido (personalizzabile)<\/td>\n<\/tr>\n<tr>\n<td><strong>Contenuto solido<\/strong><\/td>\n<td>50-52%<\/td>\n<\/tr>\n<tr>\n<td><strong>Copertura<\/strong><\/td>\n<td>0,122 kg\/m\u00b2 a 50\u03bcm DFT<\/td>\n<\/tr>\n<tr>\n<td><strong>Spessore del film secco<\/strong><\/td>\n<td>30-50\u03bcm per strato<\/td>\n<\/tr>\n<tr>\n<td><strong>Punto di infiammabilit\u00e0<\/strong><\/td>\n<td>&gt;23\u00b0C<\/td>\n<\/tr>\n<tr>\n<td><strong>Rapporto di miscelazione<\/strong><\/td>\n<td>10:1 (Base : Indurente)<\/td>\n<\/tr>\n<tr>\n<td><strong>Vita da vaso<\/strong><\/td>\n<td>3-8 ore (a seconda della temperatura)<\/td>\n<\/tr>\n<tr>\n<td><strong>Tempo di essiccazione a 20\u00b0C<\/strong><\/td>\n<td><\/td>\n<\/tr>\n<tr>\n<td>- Tocco secco<\/td>\n<td>1 ora<\/td>\n<\/tr>\n<tr>\n<td>- Tempo di ricopertura<\/td>\n<td>16-24 ore<\/td>\n<\/tr>\n<tr>\n<td>- Cura completa<\/td>\n<td>7 giorni<\/td>\n<\/tr>\n<\/tbody>\n<\/table>\n<h2>Le migliori applicazioni:<\/h2>\n<ul>\n<li>\n<p class=\"ds-markdown-paragraph\">Superfici metalliche: Strutture in acciaio, macchinari, parti di automobili<\/p>\n<\/li>\n<li>\n<p class=\"ds-markdown-paragraph\">Finitura del legno: mobili, armadi, pavimenti<\/p>\n<\/li>\n<li>\n<p class=\"ds-markdown-paragraph\">Rivestimento in calcestruzzo: Pavimenti industriali, pareti decorative<\/p>\n<\/li>\n<li>\n<p class=\"ds-markdown-paragraph\">Uso industriale: Serbatoi chimici, condutture, protezione delle attrezzature<\/p>\n<\/li>\n<\/ul>\n<h2>Sistemi di primer consigliati:<\/h2>\n<ul>\n<li>\n<p class=\"ds-markdown-paragraph\">Strutture in acciaio: Primer epossidico allo zinco + finitura poliuretanica<\/p>\n<\/li>\n<li>\n<p class=\"ds-markdown-paragraph\">Alluminio\/Metalli non ferrosi: Primer epossidico per metalli + finitura poliuretanica<\/p>\n<\/li>\n<li>\n<p class=\"ds-markdown-paragraph\">Legno\/Calcestruzzo: Sigillante epossidico + rivestimento poliuretanico<\/p>\n<\/li>\n<\/ul>\n<h2><strong>Metodo di costruzione<\/strong><\/h2>\n<h4><strong>Processo di costruzione:<\/strong>\u00a0TCC-40YC<\/h4>\n<p class=\"ds-markdown-paragraph\"><strong>Lista di controllo:<\/strong>\u00a0Distribuzione uniforme di ogni numero di strumenti di costruzione con strumenti limitati<br \/>\n<strong>Lista di controllo Rapporto:<\/strong>\u00a0Metodo principale (10 ripetizioni per ciclo)<\/p>\n<div class=\"markdown-table-wrapper\">\n<table>\n<thead>\n<tr>\n<th><strong>Nome dell'articolo<\/strong><\/th>\n<th><strong>TCC<\/strong><\/th>\n<th><strong>20\u00b0C<\/strong><\/th>\n<th><strong>20\u00b0C<\/strong><\/th>\n<\/tr>\n<\/thead>\n<tbody>\n<tr>\n<td><\/td>\n<td><strong>BDA<\/strong><\/td>\n<td><strong>BDA<\/strong><\/td>\n<td><strong>BDA<\/strong><\/td>\n<\/tr>\n<\/tbody>\n<\/table>\n<\/div>\n<p class=\"ds-markdown-paragraph\"><strong>Metodi di costruzione:<\/strong>\u00a0Versamento solido, versamento ad aria, protezione dal gelo (specializzata)<\/p>\n<div class=\"markdown-table-wrapper\">\n<table>\n<thead>\n<tr>\n<th><strong>Metodo di costruzione<\/strong><\/th>\n<th><strong>Dimensione del modello<\/strong><\/th>\n<th><strong>Diametro totale\/h<\/strong><\/th>\n<th><strong>Peso del modello (calcestruzzo)<\/strong><\/th>\n<\/tr>\n<\/thead>\n<tbody>\n<tr>\n<td>Colata solida<\/td>\n<td>6,4 mm \u00d7 3,5 mm<\/td>\n<td>18,1 MPa<\/td>\n<td>0<\/td>\n<\/tr>\n<tr>\n<td>Versamento dell'aria<\/td>\n<td>-<\/td>\n<td>-<\/td>\n<td>0,1 MPa<\/td>\n<\/tr>\n<tr>\n<td>BDA, Miscelazione di sabbia<\/td>\n<td>-<\/td>\n<td>-<\/td>\n<td>0<\/td>\n<\/tr>\n<\/tbody>\n<\/table>\n<\/div>\n<p class=\"ds-markdown-paragraph\"><strong>Tempi di costruzione e di completamento<\/strong><\/p>\n<p class=\"ds-markdown-paragraph\"><strong>Ciclo umido-asciutto:<\/strong><\/p>\n<div class=\"markdown-table-wrapper\">\n<table>\n<thead>\n<tr>\n<th><strong>Temperatura<\/strong><\/th>\n<th><strong>20\u00b0C<\/strong><\/th>\n<th><strong>10\u00b0C<\/strong><\/th>\n<th><strong>20\u00b0C<\/strong><\/th>\n<th><strong>20\u00b0C<\/strong><\/th>\n<\/tr>\n<\/thead>\n<tbody>\n<tr>\n<td>Asciugatura a caldo<\/td>\n<td>45 min<\/td>\n<td>1,5 min<\/td>\n<td>15 min<\/td>\n<td>15 min<\/td>\n<\/tr>\n<tr>\n<td>Asciugatura ad aria<\/td>\n<td>25 min<\/td>\n<td>15 min<\/td>\n<td>15 min<\/td>\n<td>15 min<\/td>\n<\/tr>\n<tr>\n<td>Stabilit\u00e0 statica<\/td>\n<td>30 min<\/td>\n<td>20 min<\/td>\n<td>15 min<\/td>\n<td>15 min<\/td>\n<\/tr>\n<\/tbody>\n<\/table>\n<\/div>\n<p class=\"ds-markdown-paragraph\"><strong>Applicabilit\u00e0:<\/strong>\u00a0Analisi necessaria per altre condizioni<\/p>\n<p class=\"ds-markdown-paragraph\"><strong>Misure di sicurezza<\/strong><\/p>\n<ol start=\"1\">\n<li>\n<p class=\"ds-markdown-paragraph\">Pulire tempestivamente il sito dopo il lavoro.<\/p>\n<\/li>\n<li>\n<p class=\"ds-markdown-paragraph\">Utilizzare dispositivi di protezione ed evitare l'esposizione a calore estremo o a contaminazione da gelo. Non collocare gli indumenti protettivi, gli imballaggi o gli oggetti correlati sulle superfici dei ristoranti.<\/p>\n<\/li>\n<li>\n<p class=\"ds-markdown-paragraph\">Per i prodotti conformi, verificare l'aspetto e l'accuratezza del colore.<\/p>\n<\/li>\n<li>\n<p class=\"ds-markdown-paragraph\">Contattare immediatamente la nostra azienda in caso di problemi.<\/p>\n<p><strong>Immagazzinamento<\/strong><\/li>\n<\/ol>\n<ul>\n<li>\n<p class=\"ds-markdown-paragraph\">Conservare in un luogo fresco e asciutto con una conservazione regolare in un ambiente ben curato.<\/p>\n<\/li>\n<li><\/li>\n<li>\n<p class=\"ds-markdown-paragraph\"><strong>Durata di conservazione:<\/strong>\u00a012 mesi dalla data di produzione (a 24\u00b0C).<\/p>\n<\/li>\n<li><\/li>\n<li><strong>Requisiti di costruzione<\/strong><\/li>\n<\/ul>\n<p class=\"ds-markdown-paragraph\">A causa delle strutture di fabbrica irregolari e complesse, l'installazione impropria dei componenti pu\u00f2 causare carenze nella costruzione. Qualsiasi instabilit\u00e0 causata da difetti di progettazione pu\u00f2 comportare rischi per il progetto; modifiche o demolizioni non autorizzate sono severamente vietate.<br \/>\nLa decorazione interna, il trasporto e la manutenzione devono essere conformi agli standard di ispezione delle apparecchiature.<\/p>","protected":false},"excerpt":{"rendered":"<p>Proteggete e abbellite le superfici con la nostra finitura poliuretanica spray. Questo rivestimento lucido resiste agli agenti chimici e funziona su metallo, legno e cemento. Utilizzatelo su attrezzature industriali, strutture in acciaio, mobili, armadi e pavimenti. Si asciuga rapidamente e dura a lungo. Perfetto sia per la protezione che per la decorazione. Ottiene sempre una finitura liscia e professionale.<\/p>","protected":false},"featured_media":5118,"template":"","meta":{"om_disable_all_campaigns":false,"_monsterinsights_skip_tracking":false,"_monsterinsights_sitenote_active":false,"_monsterinsights_sitenote_note":"","_monsterinsights_sitenote_category":0,"_uf_show_specific_survey":0,"_uf_disable_surveys":false},"product_brand":[],"product_cat":[79,505],"product_tag":[503,502,501,500,499],"class_list":{"0":"post-5117","1":"product","2":"type-product","3":"status-publish","4":"has-post-thumbnail","6":"product_cat-industrial-coating","7":"product_cat-polyurethane-paint","8":"product_tag-chemical-resistant-polyurethane-spray","9":"product_tag-high-gloss-polyurethane-coating","10":"product_tag-polyurethane-topcoat-spray","11":"product_tag-spray-polyurethane-finish","12":"product_tag-two-component-polyurethane-paint","14":"first","15":"instock","16":"shipping-taxable","17":"product-type-simple"},"yoast_head":"<!-- This site is optimized with the Yoast SEO Premium plugin v26.2 (Yoast SEO v26.5) - https:\/\/yoast.com\/wordpress\/plugins\/seo\/ -->\n<title>High Performance Spray Polyurethane Finish - KAIDA PAINT\u00ae Manufacturer | Supplier<\/title>\n<meta name=\"description\" content=\"Professional spray polyurethane finish for metal, wood &amp; concrete. High gloss, chemical-resistant, and fast-drying. Ideal for industrial &amp; decorative use. Shop now!\" \/>\n<meta name=\"robots\" content=\"index, follow, max-snippet:-1, max-image-preview:large, max-video-preview:-1\" \/>\n<link rel=\"canonical\" href=\"https:\/\/www.jinyupaint.com\/it\/prodotto\/high-performance-spray-polyurethane-finish\/\" \/>\n<meta property=\"og:locale\" content=\"it_IT\" \/>\n<meta property=\"og:type\" content=\"article\" \/>\n<meta property=\"og:title\" content=\"High Performance Spray Polyurethane Finish\" \/>\n<meta property=\"og:description\" content=\"Professional spray polyurethane finish for metal, wood &amp; concrete. High gloss, chemical-resistant, and fast-drying. Ideal for industrial &amp; decorative use. Shop now!\" \/>\n<meta property=\"og:url\" content=\"https:\/\/www.jinyupaint.com\/it\/prodotto\/high-performance-spray-polyurethane-finish\/\" \/>\n<meta property=\"og:site_name\" content=\"KAIDA PAINT\u00ae\" \/>\n<meta property=\"article:modified_time\" content=\"2025-07-14T08:21:48+00:00\" \/>\n<meta property=\"og:image\" content=\"https:\/\/www.jinyupaint.com\/wp-content\/uploads\/2025\/07\/High-Performance-Spray-Polyurethane-Finish.jpg\" \/>\n\t<meta property=\"og:image:width\" content=\"750\" \/>\n\t<meta property=\"og:image:height\" content=\"750\" \/>\n\t<meta property=\"og:image:type\" content=\"image\/jpeg\" \/>\n<meta name=\"twitter:card\" content=\"summary_large_image\" \/>\n<meta name=\"twitter:label1\" content=\"Tempo di lettura stimato\" \/>\n\t<meta name=\"twitter:data1\" content=\"3 minuti\" \/>\n<script type=\"application\/ld+json\" class=\"yoast-schema-graph\">{\"@context\":\"https:\/\/schema.org\",\"@graph\":[{\"@type\":\"WebPage\",\"@id\":\"https:\/\/www.jinyupaint.com\/product\/high-performance-spray-polyurethane-finish\",\"url\":\"https:\/\/www.jinyupaint.com\/product\/high-performance-spray-polyurethane-finish\",\"name\":\"High Performance Spray Polyurethane Finish - KAIDA PAINT\u00ae Manufacturer | Supplier\",\"isPartOf\":{\"@id\":\"https:\/\/www.jinyupaint.com\/#website\"},\"primaryImageOfPage\":{\"@id\":\"https:\/\/www.jinyupaint.com\/product\/high-performance-spray-polyurethane-finish#primaryimage\"},\"image\":{\"@id\":\"https:\/\/www.jinyupaint.com\/product\/high-performance-spray-polyurethane-finish#primaryimage\"},\"thumbnailUrl\":\"https:\/\/www.jinyupaint.com\/wp-content\/uploads\/2025\/07\/High-Performance-Spray-Polyurethane-Finish.jpg\",\"datePublished\":\"2025-07-10T09:51:38+00:00\",\"dateModified\":\"2025-07-14T08:21:48+00:00\",\"description\":\"Professional spray polyurethane finish for metal, wood & concrete. High gloss, chemical-resistant, and fast-drying. Ideal for industrial & decorative use. Shop now!\",\"breadcrumb\":{\"@id\":\"https:\/\/www.jinyupaint.com\/product\/high-performance-spray-polyurethane-finish#breadcrumb\"},\"inLanguage\":\"it-IT\",\"potentialAction\":[{\"@type\":\"ReadAction\",\"target\":[\"https:\/\/www.jinyupaint.com\/product\/high-performance-spray-polyurethane-finish\"]}]},{\"@type\":\"ImageObject\",\"inLanguage\":\"it-IT\",\"@id\":\"https:\/\/www.jinyupaint.com\/product\/high-performance-spray-polyurethane-finish#primaryimage\",\"url\":\"https:\/\/www.jinyupaint.com\/wp-content\/uploads\/2025\/07\/High-Performance-Spray-Polyurethane-Finish.jpg\",\"contentUrl\":\"https:\/\/www.jinyupaint.com\/wp-content\/uploads\/2025\/07\/High-Performance-Spray-Polyurethane-Finish.jpg\",\"width\":750,\"height\":750,\"caption\":\"High Performance Spray Polyurethane Finish\"},{\"@type\":\"BreadcrumbList\",\"@id\":\"https:\/\/www.jinyupaint.com\/product\/high-performance-spray-polyurethane-finish#breadcrumb\",\"itemListElement\":[{\"@type\":\"ListItem\",\"position\":1,\"name\":\"Home\",\"item\":\"https:\/\/www.jinyupaint.com\/\"},{\"@type\":\"ListItem\",\"position\":2,\"name\":\"Shop\",\"item\":\"https:\/\/www.jinyupaint.com\/shop.html\"},{\"@type\":\"ListItem\",\"position\":3,\"name\":\"High Performance Spray Polyurethane Finish\"}]},{\"@type\":\"WebSite\",\"@id\":\"https:\/\/www.jinyupaint.com\/#website\",\"url\":\"https:\/\/www.jinyupaint.com\/\",\"name\":\"JINYU\u00ae PAINT\",\"description\":\"JINYU PAINT\u00ae Manufacturer\",\"potentialAction\":[{\"@type\":\"SearchAction\",\"target\":{\"@type\":\"EntryPoint\",\"urlTemplate\":\"https:\/\/www.jinyupaint.com\/?s={search_term_string}\"},\"query-input\":{\"@type\":\"PropertyValueSpecification\",\"valueRequired\":true,\"valueName\":\"search_term_string\"}}],\"inLanguage\":\"it-IT\"}]}<\/script>\n<!-- \/ Yoast SEO Premium plugin. -->","yoast_head_json":{"title":"Finitura poliuretanica a spruzzo ad alte prestazioni - KAIDA PAINT\u00ae Produttore | Fornitore","description":"Finitura poliuretanica professionale a spruzzo per metallo, legno e cemento. Alta lucentezza, resistenza agli agenti chimici e asciugatura rapida. Ideale per uso industriale e decorativo. Acquista ora!","robots":{"index":"index","follow":"follow","max-snippet":"max-snippet:-1","max-image-preview":"max-image-preview:large","max-video-preview":"max-video-preview:-1"},"canonical":"https:\/\/www.jinyupaint.com\/it\/prodotto\/high-performance-spray-polyurethane-finish\/","og_locale":"it_IT","og_type":"article","og_title":"High Performance Spray Polyurethane Finish","og_description":"Professional spray polyurethane finish for metal, wood & concrete. High gloss, chemical-resistant, and fast-drying. Ideal for industrial & decorative use. Shop now!","og_url":"https:\/\/www.jinyupaint.com\/it\/prodotto\/high-performance-spray-polyurethane-finish\/","og_site_name":"KAIDA PAINT\u00ae","article_modified_time":"2025-07-14T08:21:48+00:00","og_image":[{"width":750,"height":750,"url":"https:\/\/www.jinyupaint.com\/wp-content\/uploads\/2025\/07\/High-Performance-Spray-Polyurethane-Finish.jpg","type":"image\/jpeg"}],"twitter_card":"summary_large_image","twitter_misc":{"Tempo di lettura stimato":"3 minuti"},"schema":{"@context":"https:\/\/schema.org","@graph":[{"@type":"WebPage","@id":"https:\/\/www.jinyupaint.com\/product\/high-performance-spray-polyurethane-finish","url":"https:\/\/www.jinyupaint.com\/product\/high-performance-spray-polyurethane-finish","name":"Finitura poliuretanica a spruzzo ad alte prestazioni - KAIDA PAINT\u00ae Produttore | Fornitore","isPartOf":{"@id":"https:\/\/www.jinyupaint.com\/#website"},"primaryImageOfPage":{"@id":"https:\/\/www.jinyupaint.com\/product\/high-performance-spray-polyurethane-finish#primaryimage"},"image":{"@id":"https:\/\/www.jinyupaint.com\/product\/high-performance-spray-polyurethane-finish#primaryimage"},"thumbnailUrl":"https:\/\/www.jinyupaint.com\/wp-content\/uploads\/2025\/07\/High-Performance-Spray-Polyurethane-Finish.jpg","datePublished":"2025-07-10T09:51:38+00:00","dateModified":"2025-07-14T08:21:48+00:00","description":"Finitura poliuretanica professionale a spruzzo per metallo, legno e cemento. Alta lucentezza, resistenza agli agenti chimici e asciugatura rapida. Ideale per uso industriale e decorativo. Acquista ora!","breadcrumb":{"@id":"https:\/\/www.jinyupaint.com\/product\/high-performance-spray-polyurethane-finish#breadcrumb"},"inLanguage":"it-IT","potentialAction":[{"@type":"ReadAction","target":["https:\/\/www.jinyupaint.com\/product\/high-performance-spray-polyurethane-finish"]}]},{"@type":"ImageObject","inLanguage":"it-IT","@id":"https:\/\/www.jinyupaint.com\/product\/high-performance-spray-polyurethane-finish#primaryimage","url":"https:\/\/www.jinyupaint.com\/wp-content\/uploads\/2025\/07\/High-Performance-Spray-Polyurethane-Finish.jpg","contentUrl":"https:\/\/www.jinyupaint.com\/wp-content\/uploads\/2025\/07\/High-Performance-Spray-Polyurethane-Finish.jpg","width":750,"height":750,"caption":"High Performance Spray Polyurethane Finish"},{"@type":"BreadcrumbList","@id":"https:\/\/www.jinyupaint.com\/product\/high-performance-spray-polyurethane-finish#breadcrumb","itemListElement":[{"@type":"ListItem","position":1,"name":"Home","item":"https:\/\/www.jinyupaint.com\/"},{"@type":"ListItem","position":2,"name":"Shop","item":"https:\/\/www.jinyupaint.com\/shop.html"},{"@type":"ListItem","position":3,"name":"High Performance Spray Polyurethane Finish"}]},{"@type":"WebSite","@id":"https:\/\/www.jinyupaint.com\/#website","url":"https:\/\/www.jinyupaint.com\/","name":"VERNICE JINYU","description":"JINYU PAINT\u00ae Produttore","potentialAction":[{"@type":"SearchAction","target":{"@type":"EntryPoint","urlTemplate":"https:\/\/www.jinyupaint.com\/?s={search_term_string}"},"query-input":{"@type":"PropertyValueSpecification","valueRequired":true,"valueName":"search_term_string"}}],"inLanguage":"it-IT"}]}},"_links":{"self":[{"href":"https:\/\/www.jinyupaint.com\/it\/wp-json\/wp\/v2\/product\/5117","targetHints":{"allow":["GET"]}}],"collection":[{"href":"https:\/\/www.jinyupaint.com\/it\/wp-json\/wp\/v2\/product"}],"about":[{"href":"https:\/\/www.jinyupaint.com\/it\/wp-json\/wp\/v2\/types\/product"}],"wp:featuredmedia":[{"embeddable":true,"href":"https:\/\/www.jinyupaint.com\/it\/wp-json\/wp\/v2\/media\/5118"}],"wp:attachment":[{"href":"https:\/\/www.jinyupaint.com\/it\/wp-json\/wp\/v2\/media?parent=5117"}],"wp:term":[{"taxonomy":"product_brand","embeddable":true,"href":"https:\/\/www.jinyupaint.com\/it\/wp-json\/wp\/v2\/product_brand?post=5117"},{"taxonomy":"product_cat","embeddable":true,"href":"https:\/\/www.jinyupaint.com\/it\/wp-json\/wp\/v2\/product_cat?post=5117"},{"taxonomy":"product_tag","embeddable":true,"href":"https:\/\/www.jinyupaint.com\/it\/wp-json\/wp\/v2\/product_tag?post=5117"}],"curies":[{"name":"wp","href":"https:\/\/api.w.org\/{rel}","templated":true}]}}