{"id":3244,"date":"2025-02-20T07:51:27","date_gmt":"2025-02-20T07:51:27","guid":{"rendered":"https:\/\/www.jinyupaint.com\/?post_type=product&#038;p=3244"},"modified":"2025-08-19T01:34:41","modified_gmt":"2025-08-19T01:34:41","slug":"pu3600-polyurethane-super-wear-resistant-topcoat","status":"publish","type":"product","link":"https:\/\/www.jinyupaint.com\/it\/prodotto\/pu3600-polyurethane-super-wear-resistant-topcoat","title":{"rendered":"PU3600 Finitura poliuretanica ultra resistente all'abrasione"},"content":{"rendered":"<h2><strong class=\"\">Introduzione al prodotto<\/strong><\/h2>\n<div class=\"paragraph\">La finitura poliuretanica ultra resistente all'abrasione PU3600 \u00e8 un rivestimento tricomponente ad alte prestazioni, autoasciugante e a polimerizzazione reattiva, progettato per garantire un'estrema durata e una protezione duratura. Questa finitura poliuretanica avanzata per pavimenti offre un indurimento rapido, una forte adesione e una resistenza all'usura superiore, che la rendono ideale per officine industriali, parcheggi interni e magazzini. Che si tratti di migliorare la durata dei pavimenti in calcestruzzo o di proteggere aree ad alto traffico, PU3600 offre una finitura liscia e duratura che riduce al minimo la manutenzione e massimizza le prestazioni.<\/div>\n<h2><strong class=\"\">Caratteristiche del prodotto<\/strong><\/h2>\n<ol start=\"1\">\n<li>\n<div class=\"paragraph\"><strong class=\"\">Polimerizzazione rapida a bassa temperatura:<\/strong> PU3600 polimerizza rapidamente anche a basse temperature, riducendo i tempi di inattivit\u00e0 e rendendo i pavimenti pronti all'uso.<\/div>\n<\/li>\n<li>\n<div class=\"paragraph\"><strong class=\"\">Resistenza superiore all'abrasione:<\/strong> Con una texture superficiale ruvida, questa finitura poliuretanica per calcestruzzo offre un'eccezionale durata e convenienza, rendendola la scelta perfetta per le aree ad alto traffico.<\/div>\n<\/li>\n<li>\n<div class=\"paragraph\"><strong class=\"\">Forte adesione:<\/strong> Compatibile con diversi substrati, compresi quelli epossidici a base di solventi e quelli privi di solventi, PU3600 assicura un processo di applicazione senza soluzione di continuit\u00e0 e una protezione di lunga durata.<\/div>\n<\/li>\n<\/ol>\n<p><a href=\"https:\/\/www.jinyupaint.com\/wp-content\/uploads\/2025\/02\/polyurethane-ultra-wear-resistant-flooring-layer-structure.jpg\"><img fetchpriority=\"high\" decoding=\"async\" class=\"alignnone size-full wp-image-5632\" src=\"https:\/\/www.jinyupaint.com\/wp-content\/uploads\/2025\/02\/polyurethane-ultra-wear-resistant-flooring-layer-structure.jpg\" alt=\"Struttura dello strato di pavimentazione in poliuretano ultra resistente all&#039;usura\" width=\"750\" height=\"291\" srcset=\"https:\/\/www.jinyupaint.com\/wp-content\/uploads\/2025\/02\/polyurethane-ultra-wear-resistant-flooring-layer-structure.jpg 750w, https:\/\/www.jinyupaint.com\/wp-content\/uploads\/2025\/02\/polyurethane-ultra-wear-resistant-flooring-layer-structure-300x116.jpg 300w, https:\/\/www.jinyupaint.com\/wp-content\/uploads\/2025\/02\/polyurethane-ultra-wear-resistant-flooring-layer-structure-18x7.jpg 18w, https:\/\/www.jinyupaint.com\/wp-content\/uploads\/2025\/02\/polyurethane-ultra-wear-resistant-flooring-layer-structure-600x233.jpg 600w\" sizes=\"(max-width: 750px) 100vw, 750px\" \/><\/a> <a href=\"https:\/\/www.jinyupaint.com\/wp-content\/uploads\/2025\/02\/Sample-for-Polyurethane-Ultra-Abrasion-Resistant-Finish.jpg\"><img decoding=\"async\" class=\"alignnone size-full wp-image-5633\" src=\"https:\/\/www.jinyupaint.com\/wp-content\/uploads\/2025\/02\/Sample-for-Polyurethane-Ultra-Abrasion-Resistant-Finish.jpg\" alt=\"Campione per la finitura poliuretanica ultra resistente all&#039;abrasione\" width=\"750\" height=\"493\" srcset=\"https:\/\/www.jinyupaint.com\/wp-content\/uploads\/2025\/02\/Sample-for-Polyurethane-Ultra-Abrasion-Resistant-Finish.jpg 750w, https:\/\/www.jinyupaint.com\/wp-content\/uploads\/2025\/02\/Sample-for-Polyurethane-Ultra-Abrasion-Resistant-Finish-300x197.jpg 300w, https:\/\/www.jinyupaint.com\/wp-content\/uploads\/2025\/02\/Sample-for-Polyurethane-Ultra-Abrasion-Resistant-Finish-18x12.jpg 18w, https:\/\/www.jinyupaint.com\/wp-content\/uploads\/2025\/02\/Sample-for-Polyurethane-Ultra-Abrasion-Resistant-Finish-600x394.jpg 600w\" sizes=\"(max-width: 750px) 100vw, 750px\" \/><\/a><\/p>\n<h2><strong>Parametri tecnici<\/strong><\/h2>\n<div class=\"table-container\">\n<table>\n<thead>\n<tr>\n<th>No.<\/th>\n<th>Elemento di ispezione<\/th>\n<th>Indice tecnico<\/th>\n<th>Valore standard<\/th>\n<th class=\"\">Valore misurato<\/th>\n<\/tr>\n<\/thead>\n<tbody>\n<tr>\n<td class=\"\">1<\/td>\n<td class=\"\">Stato<\/td>\n<td class=\"\">Uniforme senza grumi dopo l'agitazione<\/td>\n<td class=\"\">Uniforme senza grumi<\/td>\n<td class=\"\">Uniforme senza grumi<\/td>\n<\/tr>\n<tr>\n<td class=\"\">2<\/td>\n<td class=\"\">Aspetto del rivestimento<\/td>\n<td class=\"\">Assenza di bolle, restringimento dell'olio, colore fluttuante o chiazze; sabbia resistente all'usura distribuita in modo uniforme<\/td>\n<td class=\"\">Buon aspetto<\/td>\n<td class=\"\">Buon aspetto<\/td>\n<\/tr>\n<tr>\n<td class=\"\">3<\/td>\n<td class=\"\">Superficie asciutta<\/td>\n<td class=\"\">\u22644h<\/td>\n<td class=\"\">\u22644h<\/td>\n<td class=\"\">3h<\/td>\n<\/tr>\n<tr>\n<td class=\"\">4<\/td>\n<td class=\"\">Secco duro<\/td>\n<td class=\"\">\u226424h<\/td>\n<td class=\"\">\u226424h<\/td>\n<td class=\"\">20h<\/td>\n<\/tr>\n<\/tbody>\n<\/table>\n<\/div>\n<h2><strong class=\"\">Ambito di applicazione<\/strong><\/h2>\n<div class=\"paragraph\">PU3600 \u00e8 ideale per tutte le aree in cui \u00e8 richiesta una maggiore resistenza all'usura. \u00c8 ampiamente utilizzato in officine industriali, parcheggi interni, magazzini e altri ambienti ad alto traffico. Che si tratti di proteggere i pavimenti in calcestruzzo da macchinari pesanti o di migliorare la durata dei passaggi pedonali, PU3600 offre una protezione impareggiabile e una finitura liscia e duratura.<\/div>\n<div>\n<figure id=\"attachment_5615\" aria-describedby=\"caption-attachment-5615\" style=\"width: 570px\" class=\"wp-caption alignnone\"><a href=\"https:\/\/www.jinyupaint.com\/wp-content\/uploads\/2025\/02\/heavy-duty-polyurethane-flooring-for-warehouses.jpg\"><img decoding=\"async\" class=\"wp-image-5615 size-full\" src=\"https:\/\/www.jinyupaint.com\/wp-content\/uploads\/2025\/02\/heavy-duty-polyurethane-flooring-for-warehouses.jpg\" alt=\"Pavimentazione in poliuretano per impieghi gravosi, resistente agli agenti chimici e all&#039;abrasione in ambienti di magazzino\" width=\"570\" height=\"360\" srcset=\"https:\/\/www.jinyupaint.com\/wp-content\/uploads\/2025\/02\/heavy-duty-polyurethane-flooring-for-warehouses.jpg 570w, https:\/\/www.jinyupaint.com\/wp-content\/uploads\/2025\/02\/heavy-duty-polyurethane-flooring-for-warehouses-300x189.jpg 300w, https:\/\/www.jinyupaint.com\/wp-content\/uploads\/2025\/02\/heavy-duty-polyurethane-flooring-for-warehouses-18x12.jpg 18w\" sizes=\"(max-width: 570px) 100vw, 570px\" \/><\/a><figcaption id=\"caption-attachment-5615\" class=\"wp-caption-text\">Pavimentazione in poliuretano per impieghi gravosi, resistente agli agenti chimici e all'abrasione in ambienti di magazzino<\/figcaption><\/figure>\n<figure id=\"attachment_5616\" aria-describedby=\"caption-attachment-5616\" style=\"width: 570px\" class=\"wp-caption alignnone\"><a href=\"https:\/\/www.jinyupaint.com\/wp-content\/uploads\/2025\/02\/high-gloss-polyurethane-factory-flooring-surface.jpg\"><img loading=\"lazy\" decoding=\"async\" class=\"wp-image-5616 size-full\" src=\"https:\/\/www.jinyupaint.com\/wp-content\/uploads\/2025\/02\/high-gloss-polyurethane-factory-flooring-surface.jpg\" alt=\"Finitura lucida della pavimentazione industriale in poliuretano con propriet\u00e0 antiscivolo e senza giunture\" width=\"570\" height=\"360\" srcset=\"https:\/\/www.jinyupaint.com\/wp-content\/uploads\/2025\/02\/high-gloss-polyurethane-factory-flooring-surface.jpg 570w, https:\/\/www.jinyupaint.com\/wp-content\/uploads\/2025\/02\/high-gloss-polyurethane-factory-flooring-surface-300x189.jpg 300w, https:\/\/www.jinyupaint.com\/wp-content\/uploads\/2025\/02\/high-gloss-polyurethane-factory-flooring-surface-18x12.jpg 18w\" sizes=\"(max-width: 570px) 100vw, 570px\" \/><\/a><figcaption id=\"caption-attachment-5616\" class=\"wp-caption-text\">Finitura lucida della pavimentazione industriale in poliuretano con propriet\u00e0 antiscivolo e senza giunture<\/figcaption><\/figure>\n<\/div>\n<h2><strong class=\"\">Precauzioni<\/strong><\/h2>\n<ol start=\"1\">\n<li>\n<div class=\"paragraph\"><strong class=\"\">Requisiti ambientali:<\/strong> Il pavimento in calcestruzzo deve avere una resistenza alla compressione di \u226520MPa e una resistenza alla trazione di \u22651,5MPa. La superficie deve essere piana (\u00b14mm\/2m straightedge), asciutta, pulita e priva di olio e altri contaminanti.<\/div>\n<\/li>\n<li>\n<div class=\"paragraph\"><strong>Condizioni di applicazione:<\/strong><\/div>\n<ul>\n<li>\n<div class=\"paragraph\">Temperatura di base del terreno: 0-35\u2103<\/div>\n<\/li>\n<li>\n<div class=\"paragraph\">Temperatura ambiente di applicazione: 0-35\u2103<\/div>\n<\/li>\n<li>\n<div class=\"paragraph\">Contenuto di umidit\u00e0 del terreno di base: &lt;8%<\/div>\n<\/li>\n<li>\n<div class=\"paragraph\">Umidit\u00e0 relativa dell'ambiente di applicazione: &lt;80%<\/div>\n<\/li>\n<\/ul>\n<\/li>\n<li>\n<div class=\"paragraph\"><strong class=\"\">Preparazione della superficie:<\/strong> Prima dell'applicazione, rimuovere polvere, sabbia, grasso e vecchi rivestimenti dalla superficie di base. Riempire le fessure e i fori con stucco per ottenere una superficie liscia. Sigillare la superficie di base con un primer, applicare un rivestimento intermedio per livellare e spennellare con uno strato intermedio dello stesso colore dello strato di finitura.<\/div>\n<\/li>\n<li>\n<div class=\"paragraph\"><strong class=\"\">Consumo teorico:<\/strong> Circa 0,1 kg per metro quadro (per una mano).<\/div>\n<\/li>\n<li>\n<div class=\"paragraph\"><strong class=\"\">Metodo di utilizzo:<\/strong> Miscelare i componenti A:B:C in un rapporto di peso di 5:2:3. Mescolare accuratamente e utilizzare rigorosamente secondo il rapporto. Dopo la raschiatura, utilizzare un rullo per uniformare la superficie. Per garantire l'uniformit\u00e0 del colore dello strato di finitura, \u00e8 necessario applicare una mano intermedia del colore dello strato di finitura. La mano intermedia pu\u00f2 essere epossidica a base di solventi o epossidica senza solventi.<\/div>\n<\/li>\n<\/ol>\n<h2><strong class=\"\">Durata di conservazione<\/strong><\/h2>\n<div class=\"paragraph\">12 mesi<\/div>\n<div>\n<figure id=\"attachment_5617\" aria-describedby=\"caption-attachment-5617\" style=\"width: 570px\" class=\"wp-caption alignnone\"><a href=\"https:\/\/www.jinyupaint.com\/wp-content\/uploads\/2025\/02\/industrial-polyurethane-flooring-with-safety-markings.jpg\"><img loading=\"lazy\" decoding=\"async\" class=\"wp-image-5617 size-full\" src=\"https:\/\/www.jinyupaint.com\/wp-content\/uploads\/2025\/02\/industrial-polyurethane-flooring-with-safety-markings.jpg\" alt=\"Pavimentazione di fabbrica in poliuretano su misura con marcature di sicurezza gialle e texture antiscivolo\" width=\"570\" height=\"360\" srcset=\"https:\/\/www.jinyupaint.com\/wp-content\/uploads\/2025\/02\/industrial-polyurethane-flooring-with-safety-markings.jpg 570w, https:\/\/www.jinyupaint.com\/wp-content\/uploads\/2025\/02\/industrial-polyurethane-flooring-with-safety-markings-300x189.jpg 300w, https:\/\/www.jinyupaint.com\/wp-content\/uploads\/2025\/02\/industrial-polyurethane-flooring-with-safety-markings-18x12.jpg 18w\" sizes=\"(max-width: 570px) 100vw, 570px\" \/><\/a><figcaption id=\"caption-attachment-5617\" class=\"wp-caption-text\">Pavimentazione di fabbrica in poliuretano su misura con marcature di sicurezza gialle e texture antiscivolo<\/figcaption><\/figure>\n<\/div>\n<div>\n<figure id=\"attachment_5618\" aria-describedby=\"caption-attachment-5618\" style=\"width: 570px\" class=\"wp-caption alignnone\"><a href=\"https:\/\/www.jinyupaint.com\/wp-content\/uploads\/2025\/02\/polyurethane-flooring-installation-with-roller.jpg\"><img loading=\"lazy\" decoding=\"async\" class=\"wp-image-5618 size-full\" src=\"https:\/\/www.jinyupaint.com\/wp-content\/uploads\/2025\/02\/polyurethane-flooring-installation-with-roller.jpg\" alt=\"Installazione professionale del poliuretano a rullo per un rivestimento uniforme\" width=\"570\" height=\"360\" srcset=\"https:\/\/www.jinyupaint.com\/wp-content\/uploads\/2025\/02\/polyurethane-flooring-installation-with-roller.jpg 570w, https:\/\/www.jinyupaint.com\/wp-content\/uploads\/2025\/02\/polyurethane-flooring-installation-with-roller-300x189.jpg 300w, https:\/\/www.jinyupaint.com\/wp-content\/uploads\/2025\/02\/polyurethane-flooring-installation-with-roller-18x12.jpg 18w\" sizes=\"(max-width: 570px) 100vw, 570px\" \/><\/a><figcaption id=\"caption-attachment-5618\" class=\"wp-caption-text\">Installazione professionale del poliuretano a rullo per un rivestimento uniforme<\/figcaption><\/figure>\n<\/div>\n<div>\n<figure id=\"attachment_5619\" aria-describedby=\"caption-attachment-5619\" style=\"width: 570px\" class=\"wp-caption alignnone\"><a href=\"https:\/\/www.jinyupaint.com\/wp-content\/uploads\/2025\/02\/polyurethane-ultra-wear-resistant-factory-flooring-application.jpg\"><img loading=\"lazy\" decoding=\"async\" class=\"wp-image-5619 size-full\" src=\"https:\/\/www.jinyupaint.com\/wp-content\/uploads\/2025\/02\/polyurethane-ultra-wear-resistant-factory-flooring-application.jpg\" alt=\"Pavimenti ultraresistenti in poliuretano applicati in uno stabilimento industriale per garantirne la durata.\" width=\"570\" height=\"360\" srcset=\"https:\/\/www.jinyupaint.com\/wp-content\/uploads\/2025\/02\/polyurethane-ultra-wear-resistant-factory-flooring-application.jpg 570w, https:\/\/www.jinyupaint.com\/wp-content\/uploads\/2025\/02\/polyurethane-ultra-wear-resistant-factory-flooring-application-300x189.jpg 300w, https:\/\/www.jinyupaint.com\/wp-content\/uploads\/2025\/02\/polyurethane-ultra-wear-resistant-factory-flooring-application-18x12.jpg 18w\" sizes=\"(max-width: 570px) 100vw, 570px\" \/><\/a><figcaption id=\"caption-attachment-5619\" class=\"wp-caption-text\">Pavimenti ultraresistenti in poliuretano applicati in uno stabilimento industriale per garantirne la durata.<\/figcaption><\/figure>\n<\/div>","protected":false},"excerpt":{"rendered":"<p>PU3600 \u00e8 un rivestimento poliuretanico tricomponente ad alte prestazioni, progettato per garantire un'estrema durata e una protezione duratura. Questa finitura super resistente all'usura offre un indurimento rapido, una forte adesione e una resistenza superiore all'usura e all'esposizione chimica. \u00c8 ideale per officine industriali, parcheggi interni e magazzini in cui il traffico elevato e i macchinari pesanti richiedono una finitura robusta del pavimento. Con un aspetto liscio e lucido, PU3600 migliora l'estetica di qualsiasi superficie, garantendo al contempo una manutenzione minima e prestazioni massime.<\/p>","protected":false},"featured_media":5621,"template":"","meta":{"om_disable_all_campaigns":false,"_monsterinsights_skip_tracking":false,"_monsterinsights_sitenote_active":false,"_monsterinsights_sitenote_note":"","_monsterinsights_sitenote_category":0,"_uf_show_specific_survey":0,"_uf_disable_surveys":false},"product_brand":[],"product_cat":[128,505,109],"product_tag":[139,145,144,609,607],"class_list":{"0":"post-3244","1":"product","2":"type-product","3":"status-publish","4":"has-post-thumbnail","6":"product_cat-flooring-system","7":"product_cat-polyurethane-paint","8":"product_cat-polyurethane-floor-coating","9":"product_tag-epoxy-floor-system","10":"product_tag-flooring-solutions","11":"product_tag-polyurethane-coating","12":"product_tag-polyurethane-floor-finish","13":"product_tag-polyurethane-ultra-abrasion-resistant-finish","15":"first","16":"instock","17":"shipping-taxable","18":"product-type-simple"},"yoast_head":"<!-- This site is optimized with the Yoast SEO Premium plugin v26.2 (Yoast SEO v26.5) - https:\/\/yoast.com\/wordpress\/plugins\/seo\/ -->\n<title>PU3600 Polyurethane Polyurethane Ultra Abrasion Resistant Finish- KAIDA PAINT\u00ae<\/title>\n<meta name=\"description\" content=\"PU3600 Polyurethane Polyurethane ultra abrasion resistant finish, a high-performance floor finish designed for extreme durability and long-lasting protection. Ideal for industrial and commercial floors, this polyurethane coating offers superior wear resistance, fast curing, and strong adhesion. Enhance your floor&#039;s lifespan with our high-quality polyurethane floor finish.\" \/>\n<meta name=\"robots\" content=\"index, follow, max-snippet:-1, max-image-preview:large, max-video-preview:-1\" \/>\n<link rel=\"canonical\" href=\"https:\/\/www.jinyupaint.com\/it\/prodotto\/pu3600-polyurethane-super-wear-resistant-topcoat\/\" \/>\n<meta property=\"og:locale\" content=\"it_IT\" \/>\n<meta property=\"og:type\" content=\"article\" \/>\n<meta property=\"og:title\" content=\"PU3600 Polyurethane Ultra Abrasion Resistant Finish\" \/>\n<meta property=\"og:description\" content=\"PU3600 Polyurethane Polyurethane ultra abrasion resistant finish, a high-performance floor finish designed for extreme durability and long-lasting protection. Ideal for industrial and commercial floors, this polyurethane coating offers superior wear resistance, fast curing, and strong adhesion. Enhance your floor&#039;s lifespan with our high-quality polyurethane floor finish.\" \/>\n<meta property=\"og:url\" content=\"https:\/\/www.jinyupaint.com\/it\/prodotto\/pu3600-polyurethane-super-wear-resistant-topcoat\/\" \/>\n<meta property=\"og:site_name\" content=\"KAIDA PAINT\u00ae\" \/>\n<meta property=\"article:modified_time\" content=\"2025-08-19T01:34:41+00:00\" \/>\n<meta property=\"og:image\" content=\"https:\/\/www.jinyupaint.com\/wp-content\/uploads\/2025\/02\/PU3600-Polyurethane-Ultra-Abrasion-Resistant-Finish.jpg\" \/>\n\t<meta property=\"og:image:width\" content=\"750\" \/>\n\t<meta property=\"og:image:height\" content=\"750\" \/>\n\t<meta property=\"og:image:type\" content=\"image\/jpeg\" \/>\n<meta name=\"twitter:card\" content=\"summary_large_image\" \/>\n<meta name=\"twitter:label1\" content=\"Tempo di lettura stimato\" \/>\n\t<meta name=\"twitter:data1\" content=\"4 minuti\" \/>\n<script type=\"application\/ld+json\" class=\"yoast-schema-graph\">{\"@context\":\"https:\/\/schema.org\",\"@graph\":[{\"@type\":\"WebPage\",\"@id\":\"https:\/\/www.jinyupaint.com\/product\/pu3600-polyurethane-super-wear-resistant-topcoat\",\"url\":\"https:\/\/www.jinyupaint.com\/product\/pu3600-polyurethane-super-wear-resistant-topcoat\",\"name\":\"PU3600 Polyurethane Polyurethane Ultra Abrasion Resistant Finish- KAIDA PAINT\u00ae\",\"isPartOf\":{\"@id\":\"https:\/\/www.jinyupaint.com\/#website\"},\"primaryImageOfPage\":{\"@id\":\"https:\/\/www.jinyupaint.com\/product\/pu3600-polyurethane-super-wear-resistant-topcoat#primaryimage\"},\"image\":{\"@id\":\"https:\/\/www.jinyupaint.com\/product\/pu3600-polyurethane-super-wear-resistant-topcoat#primaryimage\"},\"thumbnailUrl\":\"https:\/\/www.jinyupaint.com\/wp-content\/uploads\/2025\/02\/PU3600-Polyurethane-Ultra-Abrasion-Resistant-Finish.jpg\",\"datePublished\":\"2025-02-20T07:51:27+00:00\",\"dateModified\":\"2025-08-19T01:34:41+00:00\",\"description\":\"PU3600 Polyurethane Polyurethane ultra abrasion resistant finish, a high-performance floor finish designed for extreme durability and long-lasting protection. Ideal for industrial and commercial floors, this polyurethane coating offers superior wear resistance, fast curing, and strong adhesion. Enhance your floor's lifespan with our high-quality polyurethane floor finish.\",\"breadcrumb\":{\"@id\":\"https:\/\/www.jinyupaint.com\/product\/pu3600-polyurethane-super-wear-resistant-topcoat#breadcrumb\"},\"inLanguage\":\"it-IT\",\"potentialAction\":[{\"@type\":\"ReadAction\",\"target\":[\"https:\/\/www.jinyupaint.com\/product\/pu3600-polyurethane-super-wear-resistant-topcoat\"]}]},{\"@type\":\"ImageObject\",\"inLanguage\":\"it-IT\",\"@id\":\"https:\/\/www.jinyupaint.com\/product\/pu3600-polyurethane-super-wear-resistant-topcoat#primaryimage\",\"url\":\"https:\/\/www.jinyupaint.com\/wp-content\/uploads\/2025\/02\/PU3600-Polyurethane-Ultra-Abrasion-Resistant-Finish.jpg\",\"contentUrl\":\"https:\/\/www.jinyupaint.com\/wp-content\/uploads\/2025\/02\/PU3600-Polyurethane-Ultra-Abrasion-Resistant-Finish.jpg\",\"width\":750,\"height\":750,\"caption\":\"PU3600 Polyurethane Ultra Abrasion Resistant Finish\"},{\"@type\":\"BreadcrumbList\",\"@id\":\"https:\/\/www.jinyupaint.com\/product\/pu3600-polyurethane-super-wear-resistant-topcoat#breadcrumb\",\"itemListElement\":[{\"@type\":\"ListItem\",\"position\":1,\"name\":\"Home\",\"item\":\"https:\/\/www.jinyupaint.com\/\"},{\"@type\":\"ListItem\",\"position\":2,\"name\":\"Shop\",\"item\":\"https:\/\/www.jinyupaint.com\/shop.html\"},{\"@type\":\"ListItem\",\"position\":3,\"name\":\"PU3600 Polyurethane Ultra Abrasion Resistant Finish\"}]},{\"@type\":\"WebSite\",\"@id\":\"https:\/\/www.jinyupaint.com\/#website\",\"url\":\"https:\/\/www.jinyupaint.com\/\",\"name\":\"JINYU\u00ae PAINT\",\"description\":\"JINYU PAINT\u00ae Manufacturer\",\"potentialAction\":[{\"@type\":\"SearchAction\",\"target\":{\"@type\":\"EntryPoint\",\"urlTemplate\":\"https:\/\/www.jinyupaint.com\/?s={search_term_string}\"},\"query-input\":{\"@type\":\"PropertyValueSpecification\",\"valueRequired\":true,\"valueName\":\"search_term_string\"}}],\"inLanguage\":\"it-IT\"}]}<\/script>\n<!-- \/ Yoast SEO Premium plugin. -->","yoast_head_json":{"title":"PU3600 Finitura poliuretanica ultraresistente all'abrasione - KAIDA PAINT\u00ae","description":"PU3600 Poliuretano Finitura poliuretanica ultra resistente all'abrasione, una finitura per pavimenti ad alte prestazioni progettata per una durata estrema e una protezione duratura. Ideale per pavimenti industriali e commerciali, questo rivestimento poliuretanico offre una resistenza superiore all'usura, una rapida polimerizzazione e una forte adesione. Migliorate la durata del vostro pavimento con la nostra finitura poliuretanica di alta qualit\u00e0.","robots":{"index":"index","follow":"follow","max-snippet":"max-snippet:-1","max-image-preview":"max-image-preview:large","max-video-preview":"max-video-preview:-1"},"canonical":"https:\/\/www.jinyupaint.com\/it\/prodotto\/pu3600-polyurethane-super-wear-resistant-topcoat\/","og_locale":"it_IT","og_type":"article","og_title":"PU3600 Polyurethane Ultra Abrasion Resistant Finish","og_description":"PU3600 Polyurethane Polyurethane ultra abrasion resistant finish, a high-performance floor finish designed for extreme durability and long-lasting protection. Ideal for industrial and commercial floors, this polyurethane coating offers superior wear resistance, fast curing, and strong adhesion. Enhance your floor's lifespan with our high-quality polyurethane floor finish.","og_url":"https:\/\/www.jinyupaint.com\/it\/prodotto\/pu3600-polyurethane-super-wear-resistant-topcoat\/","og_site_name":"KAIDA PAINT\u00ae","article_modified_time":"2025-08-19T01:34:41+00:00","og_image":[{"width":750,"height":750,"url":"https:\/\/www.jinyupaint.com\/wp-content\/uploads\/2025\/02\/PU3600-Polyurethane-Ultra-Abrasion-Resistant-Finish.jpg","type":"image\/jpeg"}],"twitter_card":"summary_large_image","twitter_misc":{"Tempo di lettura stimato":"4 minuti"},"schema":{"@context":"https:\/\/schema.org","@graph":[{"@type":"WebPage","@id":"https:\/\/www.jinyupaint.com\/product\/pu3600-polyurethane-super-wear-resistant-topcoat","url":"https:\/\/www.jinyupaint.com\/product\/pu3600-polyurethane-super-wear-resistant-topcoat","name":"PU3600 Finitura poliuretanica ultraresistente all'abrasione - KAIDA PAINT\u00ae","isPartOf":{"@id":"https:\/\/www.jinyupaint.com\/#website"},"primaryImageOfPage":{"@id":"https:\/\/www.jinyupaint.com\/product\/pu3600-polyurethane-super-wear-resistant-topcoat#primaryimage"},"image":{"@id":"https:\/\/www.jinyupaint.com\/product\/pu3600-polyurethane-super-wear-resistant-topcoat#primaryimage"},"thumbnailUrl":"https:\/\/www.jinyupaint.com\/wp-content\/uploads\/2025\/02\/PU3600-Polyurethane-Ultra-Abrasion-Resistant-Finish.jpg","datePublished":"2025-02-20T07:51:27+00:00","dateModified":"2025-08-19T01:34:41+00:00","description":"PU3600 Poliuretano Finitura poliuretanica ultra resistente all'abrasione, una finitura per pavimenti ad alte prestazioni progettata per una durata estrema e una protezione duratura. Ideale per pavimenti industriali e commerciali, questo rivestimento poliuretanico offre una resistenza superiore all'usura, una rapida polimerizzazione e una forte adesione. Migliorate la durata del vostro pavimento con la nostra finitura poliuretanica di alta qualit\u00e0.","breadcrumb":{"@id":"https:\/\/www.jinyupaint.com\/product\/pu3600-polyurethane-super-wear-resistant-topcoat#breadcrumb"},"inLanguage":"it-IT","potentialAction":[{"@type":"ReadAction","target":["https:\/\/www.jinyupaint.com\/product\/pu3600-polyurethane-super-wear-resistant-topcoat"]}]},{"@type":"ImageObject","inLanguage":"it-IT","@id":"https:\/\/www.jinyupaint.com\/product\/pu3600-polyurethane-super-wear-resistant-topcoat#primaryimage","url":"https:\/\/www.jinyupaint.com\/wp-content\/uploads\/2025\/02\/PU3600-Polyurethane-Ultra-Abrasion-Resistant-Finish.jpg","contentUrl":"https:\/\/www.jinyupaint.com\/wp-content\/uploads\/2025\/02\/PU3600-Polyurethane-Ultra-Abrasion-Resistant-Finish.jpg","width":750,"height":750,"caption":"PU3600 Polyurethane Ultra Abrasion Resistant Finish"},{"@type":"BreadcrumbList","@id":"https:\/\/www.jinyupaint.com\/product\/pu3600-polyurethane-super-wear-resistant-topcoat#breadcrumb","itemListElement":[{"@type":"ListItem","position":1,"name":"Home","item":"https:\/\/www.jinyupaint.com\/"},{"@type":"ListItem","position":2,"name":"Shop","item":"https:\/\/www.jinyupaint.com\/shop.html"},{"@type":"ListItem","position":3,"name":"PU3600 Polyurethane Ultra Abrasion Resistant Finish"}]},{"@type":"WebSite","@id":"https:\/\/www.jinyupaint.com\/#website","url":"https:\/\/www.jinyupaint.com\/","name":"VERNICE JINYU","description":"JINYU PAINT\u00ae Produttore","potentialAction":[{"@type":"SearchAction","target":{"@type":"EntryPoint","urlTemplate":"https:\/\/www.jinyupaint.com\/?s={search_term_string}"},"query-input":{"@type":"PropertyValueSpecification","valueRequired":true,"valueName":"search_term_string"}}],"inLanguage":"it-IT"}]}},"_links":{"self":[{"href":"https:\/\/www.jinyupaint.com\/it\/wp-json\/wp\/v2\/product\/3244","targetHints":{"allow":["GET"]}}],"collection":[{"href":"https:\/\/www.jinyupaint.com\/it\/wp-json\/wp\/v2\/product"}],"about":[{"href":"https:\/\/www.jinyupaint.com\/it\/wp-json\/wp\/v2\/types\/product"}],"wp:featuredmedia":[{"embeddable":true,"href":"https:\/\/www.jinyupaint.com\/it\/wp-json\/wp\/v2\/media\/5621"}],"wp:attachment":[{"href":"https:\/\/www.jinyupaint.com\/it\/wp-json\/wp\/v2\/media?parent=3244"}],"wp:term":[{"taxonomy":"product_brand","embeddable":true,"href":"https:\/\/www.jinyupaint.com\/it\/wp-json\/wp\/v2\/product_brand?post=3244"},{"taxonomy":"product_cat","embeddable":true,"href":"https:\/\/www.jinyupaint.com\/it\/wp-json\/wp\/v2\/product_cat?post=3244"},{"taxonomy":"product_tag","embeddable":true,"href":"https:\/\/www.jinyupaint.com\/it\/wp-json\/wp\/v2\/product_tag?post=3244"}],"curies":[{"name":"wp","href":"https:\/\/api.w.org\/{rel}","templated":true}]}}