{"id":3242,"date":"2025-02-20T06:49:28","date_gmt":"2025-02-20T06:49:28","guid":{"rendered":"https:\/\/www.jinyupaint.com\/?post_type=product&#038;p=3242"},"modified":"2025-02-20T06:50:33","modified_gmt":"2025-02-20T06:50:33","slug":"epoxy-anti-static-floor-coating-primer","status":"publish","type":"product","link":"https:\/\/www.jinyupaint.com\/it\/prodotto\/epoxy-anti-static-floor-coating-primer","title":{"rendered":"Primer di rivestimento epossidico antistatico per pavimenti"},"content":{"rendered":"<h2><strong class=\"\">Introduzione al prodotto<\/strong><\/h2>\n<div class=\"paragraph\">Il primer epossidico antistatico per pavimenti \u00e8 un rivestimento in resina epossidica bicomponente ad alte prestazioni, a base di solventi, specificamente progettato per garantire un'efficace dissipazione statica nelle applicazioni di pavimentazione industriale e commerciale. Abbinato alla finitura epossidica autolivellante E552, questo primer forma un sistema completo di pavimento antistatico, garantendo una superficie sicura e affidabile per gli ambienti in cui il controllo delle cariche elettrostatiche \u00e8 essenziale. Che si tratti di prevenire l'accumulo di elettricit\u00e0 statica in mulini, fabbriche di profumi o impianti di produzione elettronica, la nostra vernice epossidica antistatica per pavimenti offre un'asciugatura rapida, una lunga durata e una conduttivit\u00e0 elettrica superiore, che la rendono la scelta ideale per le vostre esigenze di rivestimento antistatico per pavimenti.<\/div>\n<h2><strong class=\"\"> Caratteristiche del prodotto<\/strong><\/h2>\n<ol start=\"1\">\n<li>\n<div class=\"paragraph\"><strong class=\"\">Conducibilit\u00e0 elettrica superiore:<\/strong> Il nostro primer vanta eccellenti capacit\u00e0 di dissipazione statica, con una resistenza tipica di 1\u00d710<sup>4<\/sup> ohm. Ci\u00f2 garantisce che le cariche statiche vengano efficacemente allontanate dalla superficie, riducendo il rischio di incidenti dovuti all'elettricit\u00e0 statica.<\/div>\n<\/li>\n<li>\n<div class=\"paragraph\"><strong class=\"\">Applicazione facile:<\/strong> Il rivestimento \u00e8 stato progettato per un'applicazione senza soluzione di continuit\u00e0, garantendo un rivestimento omogeneo in rotoli senza ostacoli. Questa caratteristica lo rende la scelta ideale per progetti di verniciatura antistatica di pavimenti su larga scala.<\/div>\n<\/li>\n<li>\n<div class=\"paragraph\"><strong class=\"\">Durata e asciugatura rapida:<\/strong> Con un tempo di asciugatura della superficie di sole 2 ore e un tempo di asciugatura prolungato di 12 ore, il nostro rivestimento antistatico per pavimenti epossidici \u00e8 perfetto per gli ambienti industriali pi\u00f9 affollati, dove i tempi di inattivit\u00e0 devono essere ridotti al minimo.<\/div>\n<\/li>\n<\/ol>\n<h2><strong class=\"\">Standard<\/strong><\/h2>\n<div class=\"paragraph\">Il nostro primer antistatico per pavimenti \u00e8 conforme allo standard industriale HG\/T3829-2006, assicurando alta qualit\u00e0 e affidabilit\u00e0 per tutte le applicazioni di rivestimento antistatico per pavimenti epossidici. Questa standardizzazione garantisce che i nostri prodotti soddisfino i criteri di prestazione pi\u00f9 elevati, offrendo una soluzione sicura e duratura per le vostre esigenze di pavimentazione.<\/div>\n<h2><strong> Parametri tecnici<\/strong><\/h2>\n<div class=\"table-container\">\n<table>\n<thead>\n<tr>\n<th>No.<\/th>\n<th>Elemento di ispezione<\/th>\n<th>Indice tecnico<\/th>\n<th>Valore standard<\/th>\n<th class=\"\">Valore misurato<\/th>\n<\/tr>\n<\/thead>\n<tbody>\n<tr>\n<td class=\"\">1<\/td>\n<td class=\"\">Stato<\/td>\n<td class=\"\">Uniforme senza grumi dopo l'agitazione<\/td>\n<td class=\"\">Uniforme senza grumi<\/td>\n<td class=\"\">Uniforme senza grumi<\/td>\n<\/tr>\n<tr>\n<td class=\"\">2<\/td>\n<td class=\"\">Applicazione<\/td>\n<td class=\"\">Verniciatura a rullo senza ostacoli<\/td>\n<td class=\"\">Verniciatura a rullo senza ostacoli<\/td>\n<td class=\"\">Buona applicazione<\/td>\n<\/tr>\n<tr>\n<td class=\"\">3<\/td>\n<td class=\"\">Superficie asciutta<\/td>\n<td class=\"\">\u22646h<\/td>\n<td class=\"\">\u22646h<\/td>\n<td class=\"\">2h<\/td>\n<\/tr>\n<tr>\n<td class=\"\">4<\/td>\n<td class=\"\">Secco duro<\/td>\n<td class=\"\">\u226424h<\/td>\n<td class=\"\">\u226424h<\/td>\n<td class=\"\">12h<\/td>\n<\/tr>\n<\/tbody>\n<\/table>\n<\/div>\n<h2><strong class=\"\">Ambito di applicazione<\/strong><\/h2>\n<ol start=\"1\">\n<li>\n<div class=\"paragraph\"><strong>Dissipazione statica e protezione:<\/strong> Il nostro primer antistatico per pavimenti scarica efficacemente le cariche statiche per prevenire gli incidenti causati dall'accumulo di elettricit\u00e0 statica. Inoltre, protegge dalle interferenze elettromagnetiche e previene l'adesione della polvere, rendendolo ideale per diverse applicazioni di rivestimento antistatico per pavimenti.<\/div>\n<\/li>\n<li>\n<div class=\"paragraph\"><strong class=\"\">Adatto agli ambienti industriali:<\/strong> \u00c8 ampiamente utilizzato nelle officine elettroniche, nelle fabbriche di prodotti pirotecnici, nei mulini a farina e in altre aree in cui il controllo statico \u00e8 fondamentale.<\/div>\n<\/li>\n<\/ol>\n<h2><strong class=\"\">Precauzioni<\/strong><\/h2>\n<ol start=\"1\">\n<li>\n<div class=\"paragraph\"><strong class=\"\">Requisiti ambientali:<\/strong> Il pavimento in calcestruzzo deve avere una resistenza alla compressione di \u226520MPa e una resistenza alla trazione di \u22651,5MPa. La superficie deve essere piana (\u00b14mm\/2m straightedge), asciutta, pulita e priva di olio e altri contaminanti.<\/div>\n<\/li>\n<li>\n<div class=\"paragraph\"><strong class=\"\">Condizioni di applicazione:<\/strong> La temperatura di base del terreno deve essere compresa tra 5-35\u2103, con una temperatura dell'ambiente di applicazione di 5-35\u2103. Il contenuto di umidit\u00e0 del terreno di base deve essere &lt;8% e l&#039;umidit\u00e0 relativa dell&#039;ambiente di applicazione deve essere &lt;80%.<\/div>\n<\/li>\n<li>\n<div class=\"paragraph\"><strong class=\"\">Preparazione della superficie:<\/strong> Prima dell'applicazione, rimuovere polvere, sabbia, feccia di cemento, olio e vecchi rivestimenti dalla superficie del fondo. Smerigliare per creare una superficie ruvida per aprire i capillari della superficie del fondo.<\/div>\n<\/li>\n<li>\n<div class=\"paragraph\"><strong>Consumo teorico:<\/strong> Circa 0,2 kg per metro quadro.<\/div>\n<\/li>\n<li>\n<div class=\"paragraph\"><strong class=\"\">Metodo di utilizzo:<\/strong> Miscelare l'agente principale e l'agente indurente in un rapporto di massa di 5:1. Dopo aver miscelato e mescolato uniformemente, applicare il rivestimento. La miscela dei componenti A e B deve essere utilizzata entro 60 minuti. Se la viscosit\u00e0 del materiale aumenta significativamente, non deve essere utilizzato e deve essere scartato.<\/div>\n<\/li>\n<li>\n<div class=\"paragraph\"><strong class=\"\">Condizioni di conservazione:<\/strong> Conservare a una temperatura di 5-35\u2103 in un magazzino fresco, ventilato e asciutto, lontano da fonti di accensione e di calore, evitando l'esposizione diretta alla luce solare.<\/div>\n<\/li>\n<\/ol>\n<h2><strong class=\"\">Durata di conservazione<\/strong><\/h2>\n<div class=\"paragraph\">12 mesi<\/div>","protected":false},"excerpt":{"rendered":"<p>Primer epossidico a base di solventi ad alte prestazioni, progettato per fornire un'efficace dissipazione statica per i pavimenti industriali. Questo primer funziona perfettamente con il nostro E552 Anti-Static Epoxy Self-Leveling Topcoat per creare un sistema completo di pavimento antistatico. \u00c8 ideale per gli ambienti in cui il controllo delle cariche elettrostatiche \u00e8 fondamentale, come gli impianti di produzione elettronica, i mulini e le fabbriche di profumi. Grazie ai tempi di asciugatura rapidi, alla conducibilit\u00e0 elettrica superiore e alla durata, la nostra vernice antistatica per pavimenti garantisce una superficie sicura e affidabile, riducendo al minimo i tempi di inattivit\u00e0. Conforme agli standard HG\/T3829-2006.<\/p>","protected":false},"featured_media":3243,"template":"","meta":{"om_disable_all_campaigns":false,"_monsterinsights_skip_tracking":false,"_monsterinsights_sitenote_active":false,"_monsterinsights_sitenote_note":"","_monsterinsights_sitenote_category":0,"_uf_show_specific_survey":0,"_uf_disable_surveys":false},"product_brand":[],"product_cat":[107,43,101,128,98],"product_tag":[140,94,139,47,145,104],"class_list":{"0":"post-3242","1":"product","2":"type-product","3":"status-publish","4":"has-post-thumbnail","6":"product_cat-anti-static-epoxy-floor","7":"product_cat-epoxy-floor-coating","8":"product_cat-epoxy-primer","9":"product_cat-flooring-system","10":"product_cat-solvent-based-coating","11":"product_tag-anti-static-floor-paint","12":"product_tag-epoxy-floor-coating","13":"product_tag-epoxy-floor-system","14":"product_tag-epoxy-primer","15":"product_tag-flooring-solutions","16":"product_tag-solvent-based-coating","18":"first","19":"instock","20":"shipping-taxable","21":"product-type-simple"},"yoast_head":"<!-- This site is optimized with the Yoast SEO Premium plugin v26.2 (Yoast SEO v26.5) - https:\/\/yoast.com\/wordpress\/plugins\/seo\/ -->\n<title>Epoxy Anti-Static Floor Coating Primer - KAIDA PAINT\u00ae Floor Paint<\/title>\n<meta name=\"description\" content=\"Our high-performance Epoxy Anti-Static Floor Coating Primer, designed to prevent static accumulation in industrial environments. Ideal for electronic factories, flour mills, and more. Fast-drying, durable, and easy to apply. Complies with HG\/T3829-2006 standards. Enhance safety and reduce downtime with our superior anti-static floor paint solutions.\" \/>\n<meta name=\"robots\" content=\"index, follow, max-snippet:-1, max-image-preview:large, max-video-preview:-1\" \/>\n<link rel=\"canonical\" href=\"https:\/\/www.jinyupaint.com\/it\/prodotto\/epoxy-anti-static-floor-coating-primer\/\" \/>\n<meta property=\"og:locale\" content=\"it_IT\" \/>\n<meta property=\"og:type\" content=\"article\" \/>\n<meta property=\"og:title\" content=\"Epoxy Anti-Static Floor Coating Primer\" \/>\n<meta property=\"og:description\" content=\"Our high-performance Epoxy Anti-Static Floor Coating Primer, designed to prevent static accumulation in industrial environments. Ideal for electronic factories, flour mills, and more. Fast-drying, durable, and easy to apply. Complies with HG\/T3829-2006 standards. Enhance safety and reduce downtime with our superior anti-static floor paint solutions.\" \/>\n<meta property=\"og:url\" content=\"https:\/\/www.jinyupaint.com\/it\/prodotto\/epoxy-anti-static-floor-coating-primer\/\" \/>\n<meta property=\"og:site_name\" content=\"KAIDA PAINT\u00ae\" \/>\n<meta property=\"article:modified_time\" content=\"2025-02-20T06:50:33+00:00\" \/>\n<meta property=\"og:image\" content=\"https:\/\/www.jinyupaint.com\/wp-content\/uploads\/2025\/02\/Epoxy-Anti-Static-Floor-Coating-Primer.jpg\" \/>\n\t<meta property=\"og:image:width\" content=\"750\" \/>\n\t<meta property=\"og:image:height\" content=\"750\" \/>\n\t<meta property=\"og:image:type\" content=\"image\/jpeg\" \/>\n<meta name=\"twitter:card\" content=\"summary_large_image\" \/>\n<meta name=\"twitter:label1\" content=\"Tempo di lettura stimato\" \/>\n\t<meta name=\"twitter:data1\" content=\"3 minuti\" \/>\n<script type=\"application\/ld+json\" class=\"yoast-schema-graph\">{\"@context\":\"https:\/\/schema.org\",\"@graph\":[{\"@type\":\"WebPage\",\"@id\":\"https:\/\/www.jinyupaint.com\/product\/epoxy-anti-static-floor-coating-primer\",\"url\":\"https:\/\/www.jinyupaint.com\/product\/epoxy-anti-static-floor-coating-primer\",\"name\":\"Epoxy Anti-Static Floor Coating Primer - KAIDA PAINT\u00ae Floor Paint\",\"isPartOf\":{\"@id\":\"https:\/\/www.jinyupaint.com\/#website\"},\"primaryImageOfPage\":{\"@id\":\"https:\/\/www.jinyupaint.com\/product\/epoxy-anti-static-floor-coating-primer#primaryimage\"},\"image\":{\"@id\":\"https:\/\/www.jinyupaint.com\/product\/epoxy-anti-static-floor-coating-primer#primaryimage\"},\"thumbnailUrl\":\"https:\/\/www.jinyupaint.com\/wp-content\/uploads\/2025\/02\/Epoxy-Anti-Static-Floor-Coating-Primer.jpg\",\"datePublished\":\"2025-02-20T06:49:28+00:00\",\"dateModified\":\"2025-02-20T06:50:33+00:00\",\"description\":\"Our high-performance Epoxy Anti-Static Floor Coating Primer, designed to prevent static accumulation in industrial environments. Ideal for electronic factories, flour mills, and more. Fast-drying, durable, and easy to apply. Complies with HG\/T3829-2006 standards. Enhance safety and reduce downtime with our superior anti-static floor paint solutions.\",\"breadcrumb\":{\"@id\":\"https:\/\/www.jinyupaint.com\/product\/epoxy-anti-static-floor-coating-primer#breadcrumb\"},\"inLanguage\":\"it-IT\",\"potentialAction\":[{\"@type\":\"ReadAction\",\"target\":[\"https:\/\/www.jinyupaint.com\/product\/epoxy-anti-static-floor-coating-primer\"]}]},{\"@type\":\"ImageObject\",\"inLanguage\":\"it-IT\",\"@id\":\"https:\/\/www.jinyupaint.com\/product\/epoxy-anti-static-floor-coating-primer#primaryimage\",\"url\":\"https:\/\/www.jinyupaint.com\/wp-content\/uploads\/2025\/02\/Epoxy-Anti-Static-Floor-Coating-Primer.jpg\",\"contentUrl\":\"https:\/\/www.jinyupaint.com\/wp-content\/uploads\/2025\/02\/Epoxy-Anti-Static-Floor-Coating-Primer.jpg\",\"width\":750,\"height\":750,\"caption\":\"Epoxy Anti Static Floor Coating Primer\"},{\"@type\":\"BreadcrumbList\",\"@id\":\"https:\/\/www.jinyupaint.com\/product\/epoxy-anti-static-floor-coating-primer#breadcrumb\",\"itemListElement\":[{\"@type\":\"ListItem\",\"position\":1,\"name\":\"Home\",\"item\":\"https:\/\/www.jinyupaint.com\/\"},{\"@type\":\"ListItem\",\"position\":2,\"name\":\"Shop\",\"item\":\"https:\/\/www.jinyupaint.com\/shop.html\"},{\"@type\":\"ListItem\",\"position\":3,\"name\":\"Epoxy Anti-Static Floor Coating Primer\"}]},{\"@type\":\"WebSite\",\"@id\":\"https:\/\/www.jinyupaint.com\/#website\",\"url\":\"https:\/\/www.jinyupaint.com\/\",\"name\":\"JINYU\u00ae PAINT\",\"description\":\"JINYU PAINT\u00ae Manufacturer\",\"potentialAction\":[{\"@type\":\"SearchAction\",\"target\":{\"@type\":\"EntryPoint\",\"urlTemplate\":\"https:\/\/www.jinyupaint.com\/?s={search_term_string}\"},\"query-input\":{\"@type\":\"PropertyValueSpecification\",\"valueRequired\":true,\"valueName\":\"search_term_string\"}}],\"inLanguage\":\"it-IT\"}]}<\/script>\n<!-- \/ Yoast SEO Premium plugin. -->","yoast_head_json":{"title":"Epoxy Anti-Static Floor Coating Primer - KAIDA PAINT\u00ae Floor Paint","description":"Il nostro fondo di rivestimento antistatico epossidico ad alte prestazioni, progettato per prevenire l'accumulo di elettricit\u00e0 statica negli ambienti industriali. Ideale per fabbriche di elettronica, mulini e altro ancora. Ad asciugatura rapida, resistente e facile da applicare. Conforme agli standard HG\/T3829-2006. Migliorate la sicurezza e riducete i tempi di inattivit\u00e0 con le nostre soluzioni superiori di verniciatura antistatica per pavimenti.","robots":{"index":"index","follow":"follow","max-snippet":"max-snippet:-1","max-image-preview":"max-image-preview:large","max-video-preview":"max-video-preview:-1"},"canonical":"https:\/\/www.jinyupaint.com\/it\/prodotto\/epoxy-anti-static-floor-coating-primer\/","og_locale":"it_IT","og_type":"article","og_title":"Epoxy Anti-Static Floor Coating Primer","og_description":"Our high-performance Epoxy Anti-Static Floor Coating Primer, designed to prevent static accumulation in industrial environments. Ideal for electronic factories, flour mills, and more. Fast-drying, durable, and easy to apply. Complies with HG\/T3829-2006 standards. Enhance safety and reduce downtime with our superior anti-static floor paint solutions.","og_url":"https:\/\/www.jinyupaint.com\/it\/prodotto\/epoxy-anti-static-floor-coating-primer\/","og_site_name":"KAIDA PAINT\u00ae","article_modified_time":"2025-02-20T06:50:33+00:00","og_image":[{"width":750,"height":750,"url":"https:\/\/www.jinyupaint.com\/wp-content\/uploads\/2025\/02\/Epoxy-Anti-Static-Floor-Coating-Primer.jpg","type":"image\/jpeg"}],"twitter_card":"summary_large_image","twitter_misc":{"Tempo di lettura stimato":"3 minuti"},"schema":{"@context":"https:\/\/schema.org","@graph":[{"@type":"WebPage","@id":"https:\/\/www.jinyupaint.com\/product\/epoxy-anti-static-floor-coating-primer","url":"https:\/\/www.jinyupaint.com\/product\/epoxy-anti-static-floor-coating-primer","name":"Epoxy Anti-Static Floor Coating Primer - KAIDA PAINT\u00ae Floor Paint","isPartOf":{"@id":"https:\/\/www.jinyupaint.com\/#website"},"primaryImageOfPage":{"@id":"https:\/\/www.jinyupaint.com\/product\/epoxy-anti-static-floor-coating-primer#primaryimage"},"image":{"@id":"https:\/\/www.jinyupaint.com\/product\/epoxy-anti-static-floor-coating-primer#primaryimage"},"thumbnailUrl":"https:\/\/www.jinyupaint.com\/wp-content\/uploads\/2025\/02\/Epoxy-Anti-Static-Floor-Coating-Primer.jpg","datePublished":"2025-02-20T06:49:28+00:00","dateModified":"2025-02-20T06:50:33+00:00","description":"Il nostro fondo di rivestimento antistatico epossidico ad alte prestazioni, progettato per prevenire l'accumulo di elettricit\u00e0 statica negli ambienti industriali. Ideale per fabbriche di elettronica, mulini e altro ancora. Ad asciugatura rapida, resistente e facile da applicare. Conforme agli standard HG\/T3829-2006. Migliorate la sicurezza e riducete i tempi di inattivit\u00e0 con le nostre soluzioni superiori di verniciatura antistatica per pavimenti.","breadcrumb":{"@id":"https:\/\/www.jinyupaint.com\/product\/epoxy-anti-static-floor-coating-primer#breadcrumb"},"inLanguage":"it-IT","potentialAction":[{"@type":"ReadAction","target":["https:\/\/www.jinyupaint.com\/product\/epoxy-anti-static-floor-coating-primer"]}]},{"@type":"ImageObject","inLanguage":"it-IT","@id":"https:\/\/www.jinyupaint.com\/product\/epoxy-anti-static-floor-coating-primer#primaryimage","url":"https:\/\/www.jinyupaint.com\/wp-content\/uploads\/2025\/02\/Epoxy-Anti-Static-Floor-Coating-Primer.jpg","contentUrl":"https:\/\/www.jinyupaint.com\/wp-content\/uploads\/2025\/02\/Epoxy-Anti-Static-Floor-Coating-Primer.jpg","width":750,"height":750,"caption":"Epoxy Anti Static Floor Coating Primer"},{"@type":"BreadcrumbList","@id":"https:\/\/www.jinyupaint.com\/product\/epoxy-anti-static-floor-coating-primer#breadcrumb","itemListElement":[{"@type":"ListItem","position":1,"name":"Home","item":"https:\/\/www.jinyupaint.com\/"},{"@type":"ListItem","position":2,"name":"Shop","item":"https:\/\/www.jinyupaint.com\/shop.html"},{"@type":"ListItem","position":3,"name":"Epoxy Anti-Static Floor Coating Primer"}]},{"@type":"WebSite","@id":"https:\/\/www.jinyupaint.com\/#website","url":"https:\/\/www.jinyupaint.com\/","name":"VERNICE JINYU","description":"JINYU PAINT\u00ae Produttore","potentialAction":[{"@type":"SearchAction","target":{"@type":"EntryPoint","urlTemplate":"https:\/\/www.jinyupaint.com\/?s={search_term_string}"},"query-input":{"@type":"PropertyValueSpecification","valueRequired":true,"valueName":"search_term_string"}}],"inLanguage":"it-IT"}]}},"_links":{"self":[{"href":"https:\/\/www.jinyupaint.com\/it\/wp-json\/wp\/v2\/product\/3242","targetHints":{"allow":["GET"]}}],"collection":[{"href":"https:\/\/www.jinyupaint.com\/it\/wp-json\/wp\/v2\/product"}],"about":[{"href":"https:\/\/www.jinyupaint.com\/it\/wp-json\/wp\/v2\/types\/product"}],"wp:featuredmedia":[{"embeddable":true,"href":"https:\/\/www.jinyupaint.com\/it\/wp-json\/wp\/v2\/media\/3243"}],"wp:attachment":[{"href":"https:\/\/www.jinyupaint.com\/it\/wp-json\/wp\/v2\/media?parent=3242"}],"wp:term":[{"taxonomy":"product_brand","embeddable":true,"href":"https:\/\/www.jinyupaint.com\/it\/wp-json\/wp\/v2\/product_brand?post=3242"},{"taxonomy":"product_cat","embeddable":true,"href":"https:\/\/www.jinyupaint.com\/it\/wp-json\/wp\/v2\/product_cat?post=3242"},{"taxonomy":"product_tag","embeddable":true,"href":"https:\/\/www.jinyupaint.com\/it\/wp-json\/wp\/v2\/product_tag?post=3242"}],"curies":[{"name":"wp","href":"https:\/\/api.w.org\/{rel}","templated":true}]}}