{"id":3238,"date":"2025-02-19T09:06:03","date_gmt":"2025-02-19T09:06:03","guid":{"rendered":"https:\/\/www.jinyupaint.com\/?post_type=product&#038;p=3238"},"modified":"2025-02-19T09:06:04","modified_gmt":"2025-02-19T09:06:04","slug":"e820-epoxy-self-leveling-intermediate-floor-coat","status":"publish","type":"product","link":"https:\/\/www.jinyupaint.com\/it\/prodotto\/e820-epoxy-self-leveling-intermediate-floor-coat","title":{"rendered":"E820 Rivestimento intermedio epossidico autolivellante per pavimenti"},"content":{"rendered":"<h2 data-start=\"204\" data-end=\"740\"><strong data-start=\"204\" data-end=\"221\">Introduzione:<\/strong><\/h2>\n<p data-start=\"204\" data-end=\"740\">La vernice intermedia epossidica autolivellante E820 \u00e8 una vernice intermedia epossidica bicomponente di alta qualit\u00e0, progettata per applicazioni di rivestimento di pavimenti impegnative. Realizzato con resina epossidica liquida a bassa viscosit\u00e0, additivi importati, cariche resistenti all'usura e agenti indurenti, questo prodotto offre prestazioni eccellenti con basse emissioni di COV. \u00c8 facile da applicare e fornisce una superficie liscia ed esteticamente gradevole, che lo rende ideale per le applicazioni di rivestimento intermedio epossidico per pavimenti in spazi industriali e commerciali.<\/p>\n<h2 data-start=\"742\" data-end=\"765\"><strong data-start=\"742\" data-end=\"763\">Caratteristiche del prodotto:<\/strong><\/h2>\n<ol data-start=\"766\" data-end=\"1411\">\n<li data-start=\"766\" data-end=\"957\"><strong data-start=\"769\" data-end=\"787\">Facile da applicare:<\/strong> Questo strato intermedio epossidico \u00e8 semplice da miscelare e applicare. Dopo aver miscelato il componente di base e l'agente indurente nel rapporto specificato, pu\u00f2 essere applicato direttamente sulla superficie.<\/li>\n<li data-start=\"958\" data-end=\"1085\"><strong data-start=\"961\" data-end=\"987\">Rivestimento resistente e spesso:<\/strong> Lo spesso rivestimento garantisce prestazioni durature e aumenta la longevit\u00e0 della pavimentazione.<\/li>\n<li data-start=\"1086\" data-end=\"1243\"><strong data-start=\"1089\" data-end=\"1130\">Elevata resistenza all'impatto e alla compressione:<\/strong> Ideale per le aree che richiedono una pavimentazione robusta e resiliente, che offra un'eccellente resistenza agli urti e alla pressione.<\/li>\n<li data-start=\"1244\" data-end=\"1411\"><strong data-start=\"1247\" data-end=\"1276\">Superficie liscia e senza giunzioni:<\/strong> Lo strato intermedio epossidico offre una superficie liscia e piana, eliminando le giunture e migliorando l'estetica della pavimentazione.<\/li>\n<\/ol>\n<h2 data-start=\"1413\" data-end=\"1605\"><strong data-start=\"1413\" data-end=\"1437\">Applicazione del prodotto:<\/strong><\/h2>\n<p data-start=\"1413\" data-end=\"1605\">La vernice intermedia epossidica autolivellante E820 \u00e8 compatibile con fondi e finiture a base di solventi e senza solventi. Alcuni abbinamenti consigliati sono:<\/p>\n<ul data-start=\"1606\" data-end=\"1827\">\n<li data-start=\"1606\" data-end=\"1651\"><strong data-start=\"1608\" data-end=\"1630\">Primer epossidico E159X<\/strong> (tipo penetrante)<\/li>\n<li data-start=\"1652\" data-end=\"1690\"><strong data-start=\"1654\" data-end=\"1688\">Primer epossidico senza solventi E811<\/strong><\/li>\n<li data-start=\"1691\" data-end=\"1726\"><strong data-start=\"1693\" data-end=\"1724\">E860 Finitura epossidica scorrevole<\/strong><\/li>\n<li data-start=\"1727\" data-end=\"1768\"><strong data-start=\"1729\" data-end=\"1766\">E8300 Finitura epossidica autolivellante<\/strong><\/li>\n<li data-start=\"1769\" data-end=\"1827\"><strong data-start=\"1771\" data-end=\"1821\">E8302 Finitura autolivellante epossidica senza solventi<\/strong>, ecc.<\/li>\n<\/ul>\n<p data-start=\"1829\" data-end=\"1988\">Questo prodotto \u00e8 stato progettato per applicazioni di rivestimenti intermedi epossidici ad alte prestazioni in aree quali pavimenti industriali, magazzini, officine e spazi commerciali.<\/p>\n<h2 data-start=\"1990\" data-end=\"2017\"><strong data-start=\"1990\" data-end=\"2015\">Parametri tecnici:<\/strong><\/h2>\n<table data-start=\"2018\" data-end=\"2698\">\n<thead data-start=\"2018\" data-end=\"2125\">\n<tr data-start=\"2018\" data-end=\"2125\">\n<th data-start=\"2018\" data-end=\"2035\"><strong data-start=\"2020\" data-end=\"2034\">Numero di serie<\/strong><\/th>\n<th data-start=\"2035\" data-end=\"2054\"><strong data-start=\"2037\" data-end=\"2050\">Articolo di prova<\/strong><\/th>\n<th data-start=\"2054\" data-end=\"2081\"><strong data-start=\"2056\" data-end=\"2075\">Indice tecnico<\/strong><\/th>\n<th data-start=\"2081\" data-end=\"2102\"><strong data-start=\"2083\" data-end=\"2101\">Valore standard<\/strong><\/th>\n<th data-start=\"2102\" data-end=\"2125\"><strong data-start=\"2104\" data-end=\"2122\">Valore misurato<\/strong><\/th>\n<\/tr>\n<\/thead>\n<tbody data-start=\"2234\" data-end=\"2698\">\n<tr data-start=\"2234\" data-end=\"2368\">\n<td>1<\/td>\n<td>Stato<\/td>\n<td>Omogeneo e privo di grumi dopo la miscelazione<\/td>\n<td>Omogeneo e privo di grumi<\/td>\n<td>Omogeneo e privo di grumi<\/td>\n<\/tr>\n<tr data-start=\"2369\" data-end=\"2482\">\n<td>2<\/td>\n<td>Applicabilit\u00e0<\/td>\n<td>Nessun ostacolo durante l'applicazione<\/td>\n<td>Buona applicabilit\u00e0<\/td>\n<td>Buona applicabilit\u00e0<\/td>\n<\/tr>\n<tr data-start=\"2483\" data-end=\"2590\">\n<td>3<\/td>\n<td>Asciutto al tatto<\/td>\n<td>\u2264 6 ore<\/td>\n<td>4 ore<\/td>\n<td>4 ore<\/td>\n<\/tr>\n<tr data-start=\"2591\" data-end=\"2698\">\n<td>4<\/td>\n<td>Completamente stagionato<\/td>\n<td>\u2264 48 ore<\/td>\n<td>28 ore<\/td>\n<td>28 ore<\/td>\n<\/tr>\n<\/tbody>\n<\/table>\n<h2 data-start=\"2700\" data-end=\"2907\"><strong data-start=\"2700\" data-end=\"2722\">Ambito di applicazione:<\/strong><\/h2>\n<p data-start=\"2700\" data-end=\"2907\">Questa vernice epossidica intermedia per pavimenti \u00e8 adatta per rivestimenti di alto livello in spazi commerciali e industriali, tra cui pavimenti di produzione, parcheggi e magazzini.<\/p>\n<h2 data-start=\"2909\" data-end=\"2964\"><strong data-start=\"2909\" data-end=\"2962\">Istruzioni per la candidatura:<\/strong><\/h2>\n<ol data-start=\"2965\" data-end=\"3910\">\n<li data-start=\"2965\" data-end=\"3234\"><strong data-start=\"2968\" data-end=\"2999\">Requisiti ambientali:<\/strong> Resistenza alla compressione del pavimento in calcestruzzo \u2265 20MPa, resistenza alla trazione \u2265 1,5MPa, planarit\u00e0 \u00b1 4mm\/2m righello. Assicurarsi che il substrato sia asciutto, pulito e privo di oli e contaminanti. L'umidit\u00e0 ideale per la costruzione \u00e8 35%-80% (umidit\u00e0 relativa).<\/li>\n<li data-start=\"3235\" data-end=\"3386\"><strong data-start=\"3238\" data-end=\"3266\">Condizioni di costruzione:<\/strong> Temperatura del substrato: 5-35\u00b0C, temperatura ambiente: 5-35\u00b0C, contenuto di umidit\u00e0 del substrato: &lt;8%, umidit\u00e0 relativa: &lt;80%.<\/li>\n<li data-start=\"3387\" data-end=\"3567\"><strong data-start=\"3390\" data-end=\"3412\">Trattamento della superficie:<\/strong> Prima dell'applicazione, rimuovere polvere, sabbia, grasso e vecchi rivestimenti dalla superficie. Riempire le fessure e i buchi con lo stucco e sigillare il substrato con il primer.<\/li>\n<li data-start=\"3568\" data-end=\"3627\"><strong data-start=\"3571\" data-end=\"3596\">Copertura teorica:<\/strong> Circa 0,8-1,0 kg\/m\u00b2.<\/li>\n<li data-start=\"3628\" data-end=\"3910\"><strong data-start=\"3631\" data-end=\"3654\">Metodo di applicazione:<\/strong> Miscelare il componente di base e l'agente indurente in un rapporto di peso 5:1. Applicare con una spatola dentata e utilizzare un rullo di schiuma per eliminare le bolle. Una volta miscelato, il prodotto deve essere utilizzato entro 30 minuti. Se la viscosit\u00e0 aumenta significativamente, scartare la miscela.<\/li>\n<\/ol>\n<h2 data-start=\"3912\" data-end=\"3969\"><strong data-start=\"3912\" data-end=\"3927\">Durata di conservazione:<\/strong><\/h2>\n<p data-start=\"3912\" data-end=\"3969\">12 mesi dalla data di produzione.<\/p>","protected":false},"excerpt":{"rendered":"<p>Il rivestimento intermedio autolivellante epossidico E820 \u00e8 un rivestimento intermedio epossidico bicomponente di alta qualit\u00e0, progettato per fornire soluzioni di pavimentazione durature e ad alte prestazioni. \u00c8 composto da resina epossidica liquida a bassa viscosit\u00e0, additivi importati, cariche antiusura e agenti indurenti. Questo prodotto offre un'eccellente adesione, una superficie liscia e senza giunture e un'elevata resistenza agli urti e alla compressione. Ideale per applicazioni di medio livello, \u00e8 perfetto per aree come pavimenti industriali, magazzini, officine e spazi commerciali. Facile da applicare, con una formula a basso contenuto di VOC, garantisce una durata superiore e un'estetica di alto livello in ambienti difficili.<\/p>","protected":false},"featured_media":3239,"template":"","meta":{"om_disable_all_campaigns":false,"_monsterinsights_skip_tracking":false,"_monsterinsights_sitenote_active":false,"_monsterinsights_sitenote_note":"","_monsterinsights_sitenote_category":0,"_uf_show_specific_survey":0,"_uf_disable_surveys":false},"product_brand":[],"product_cat":[43,97,108,98],"product_tag":[94,139,138,131,104],"class_list":{"0":"post-3238","1":"product","2":"type-product","3":"status-publish","4":"has-post-thumbnail","6":"product_cat-epoxy-floor-coating","7":"product_cat-epoxy-middle-coating","8":"product_cat-self-leveling-epoxy-floor-coating","9":"product_cat-solvent-based-coating","10":"product_tag-epoxy-floor-coating","11":"product_tag-epoxy-floor-system","12":"product_tag-epoxy-intermediate-coat","13":"product_tag-self-leveling-floor-coating","14":"product_tag-solvent-based-coating","16":"first","17":"instock","18":"shipping-taxable","19":"product-type-simple"},"yoast_head":"<!-- This site is optimized with the Yoast SEO Premium plugin v26.2 (Yoast SEO v26.5) - https:\/\/yoast.com\/wordpress\/plugins\/seo\/ -->\n<title>E820 Epoxy Self-Leveling Intermediate Floor Coat - Mid Coating - KAIDA PAINT\u00ae<\/title>\n<meta name=\"description\" content=\"The E820 Epoxy Self-Leveling Intermediate Paint is a high-performance two-component epoxy intermediate coat, designed for commercial and industrial flooring. This product provides a smooth, durable surface with high impact and compressive strength. Ideal for use in warehouses, workshops, and manufacturing facilities, it is easy to apply, with excellent results and a long-lasting finish. The epoxy mid coat offers excellent adhesion and can be paired with both solvent-based and solvent-free primers and topcoats.\" \/>\n<meta name=\"robots\" content=\"index, follow, max-snippet:-1, max-image-preview:large, max-video-preview:-1\" \/>\n<link rel=\"canonical\" href=\"https:\/\/www.jinyupaint.com\/it\/prodotto\/e820-epoxy-self-leveling-intermediate-floor-coat\/\" \/>\n<meta property=\"og:locale\" content=\"it_IT\" \/>\n<meta property=\"og:type\" content=\"article\" \/>\n<meta property=\"og:title\" content=\"E820 Epoxy Self-Leveling Intermediate Floor Coat\" \/>\n<meta property=\"og:description\" content=\"The E820 Epoxy Self-Leveling Intermediate Paint is a high-performance two-component epoxy intermediate coat, designed for commercial and industrial flooring. This product provides a smooth, durable surface with high impact and compressive strength. Ideal for use in warehouses, workshops, and manufacturing facilities, it is easy to apply, with excellent results and a long-lasting finish. The epoxy mid coat offers excellent adhesion and can be paired with both solvent-based and solvent-free primers and topcoats.\" \/>\n<meta property=\"og:url\" content=\"https:\/\/www.jinyupaint.com\/it\/prodotto\/e820-epoxy-self-leveling-intermediate-floor-coat\/\" \/>\n<meta property=\"og:site_name\" content=\"KAIDA PAINT\u00ae\" \/>\n<meta property=\"article:modified_time\" content=\"2025-02-19T09:06:04+00:00\" \/>\n<meta property=\"og:image\" content=\"https:\/\/www.jinyupaint.com\/wp-content\/uploads\/2025\/02\/E820-Self-Leveling-Epoxy-Floor-Intermediate-Coating.jpg\" \/>\n\t<meta property=\"og:image:width\" content=\"750\" \/>\n\t<meta property=\"og:image:height\" content=\"750\" \/>\n\t<meta property=\"og:image:type\" content=\"image\/jpeg\" \/>\n<meta name=\"twitter:card\" content=\"summary_large_image\" \/>\n<meta name=\"twitter:label1\" content=\"Tempo di lettura stimato\" \/>\n\t<meta name=\"twitter:data1\" content=\"3 minuti\" \/>\n<script type=\"application\/ld+json\" class=\"yoast-schema-graph\">{\"@context\":\"https:\/\/schema.org\",\"@graph\":[{\"@type\":\"WebPage\",\"@id\":\"https:\/\/www.jinyupaint.com\/product\/e820-epoxy-self-leveling-intermediate-floor-coat\",\"url\":\"https:\/\/www.jinyupaint.com\/product\/e820-epoxy-self-leveling-intermediate-floor-coat\",\"name\":\"E820 Epoxy Self-Leveling Intermediate Floor Coat - Mid Coating - KAIDA PAINT\u00ae\",\"isPartOf\":{\"@id\":\"https:\/\/www.jinyupaint.com\/#website\"},\"primaryImageOfPage\":{\"@id\":\"https:\/\/www.jinyupaint.com\/product\/e820-epoxy-self-leveling-intermediate-floor-coat#primaryimage\"},\"image\":{\"@id\":\"https:\/\/www.jinyupaint.com\/product\/e820-epoxy-self-leveling-intermediate-floor-coat#primaryimage\"},\"thumbnailUrl\":\"https:\/\/www.jinyupaint.com\/wp-content\/uploads\/2025\/02\/E820-Self-Leveling-Epoxy-Floor-Intermediate-Coating.jpg\",\"datePublished\":\"2025-02-19T09:06:03+00:00\",\"dateModified\":\"2025-02-19T09:06:04+00:00\",\"description\":\"The E820 Epoxy Self-Leveling Intermediate Paint is a high-performance two-component epoxy intermediate coat, designed for commercial and industrial flooring. This product provides a smooth, durable surface with high impact and compressive strength. Ideal for use in warehouses, workshops, and manufacturing facilities, it is easy to apply, with excellent results and a long-lasting finish. The epoxy mid coat offers excellent adhesion and can be paired with both solvent-based and solvent-free primers and topcoats.\",\"breadcrumb\":{\"@id\":\"https:\/\/www.jinyupaint.com\/product\/e820-epoxy-self-leveling-intermediate-floor-coat#breadcrumb\"},\"inLanguage\":\"it-IT\",\"potentialAction\":[{\"@type\":\"ReadAction\",\"target\":[\"https:\/\/www.jinyupaint.com\/product\/e820-epoxy-self-leveling-intermediate-floor-coat\"]}]},{\"@type\":\"ImageObject\",\"inLanguage\":\"it-IT\",\"@id\":\"https:\/\/www.jinyupaint.com\/product\/e820-epoxy-self-leveling-intermediate-floor-coat#primaryimage\",\"url\":\"https:\/\/www.jinyupaint.com\/wp-content\/uploads\/2025\/02\/E820-Self-Leveling-Epoxy-Floor-Intermediate-Coating.jpg\",\"contentUrl\":\"https:\/\/www.jinyupaint.com\/wp-content\/uploads\/2025\/02\/E820-Self-Leveling-Epoxy-Floor-Intermediate-Coating.jpg\",\"width\":750,\"height\":750,\"caption\":\"E820 Epoxy Self-Leveling Intermediate Coat\"},{\"@type\":\"BreadcrumbList\",\"@id\":\"https:\/\/www.jinyupaint.com\/product\/e820-epoxy-self-leveling-intermediate-floor-coat#breadcrumb\",\"itemListElement\":[{\"@type\":\"ListItem\",\"position\":1,\"name\":\"Home\",\"item\":\"https:\/\/www.jinyupaint.com\/\"},{\"@type\":\"ListItem\",\"position\":2,\"name\":\"Shop\",\"item\":\"https:\/\/www.jinyupaint.com\/shop.html\"},{\"@type\":\"ListItem\",\"position\":3,\"name\":\"E820 Epoxy Self-Leveling Intermediate Floor Coat\"}]},{\"@type\":\"WebSite\",\"@id\":\"https:\/\/www.jinyupaint.com\/#website\",\"url\":\"https:\/\/www.jinyupaint.com\/\",\"name\":\"JINYU\u00ae PAINT\",\"description\":\"JINYU PAINT\u00ae Manufacturer\",\"potentialAction\":[{\"@type\":\"SearchAction\",\"target\":{\"@type\":\"EntryPoint\",\"urlTemplate\":\"https:\/\/www.jinyupaint.com\/?s={search_term_string}\"},\"query-input\":{\"@type\":\"PropertyValueSpecification\",\"valueRequired\":true,\"valueName\":\"search_term_string\"}}],\"inLanguage\":\"it-IT\"}]}<\/script>\n<!-- \/ Yoast SEO Premium plugin. -->","yoast_head_json":{"title":"E820 Epoxy Self-Leveling Intermediate Floor Coat - Mid Coating - KAIDA PAINT\u00ae","description":"L'E820 Epoxy Self-Leveling Intermediate Paint \u00e8 una vernice intermedia epossidica bicomponente ad alte prestazioni, progettata per pavimentazioni commerciali e industriali. Questo prodotto offre una superficie liscia e durevole con un'elevata resistenza agli urti e alla compressione. Ideale per l'uso in magazzini, officine e impianti di produzione, \u00e8 facile da applicare, con risultati eccellenti e una finitura di lunga durata. Lo strato intermedio epossidico offre un'eccellente adesione e pu\u00f2 essere abbinato a primer e finiture a base di solventi e senza solventi.","robots":{"index":"index","follow":"follow","max-snippet":"max-snippet:-1","max-image-preview":"max-image-preview:large","max-video-preview":"max-video-preview:-1"},"canonical":"https:\/\/www.jinyupaint.com\/it\/prodotto\/e820-epoxy-self-leveling-intermediate-floor-coat\/","og_locale":"it_IT","og_type":"article","og_title":"E820 Epoxy Self-Leveling Intermediate Floor Coat","og_description":"The E820 Epoxy Self-Leveling Intermediate Paint is a high-performance two-component epoxy intermediate coat, designed for commercial and industrial flooring. This product provides a smooth, durable surface with high impact and compressive strength. Ideal for use in warehouses, workshops, and manufacturing facilities, it is easy to apply, with excellent results and a long-lasting finish. The epoxy mid coat offers excellent adhesion and can be paired with both solvent-based and solvent-free primers and topcoats.","og_url":"https:\/\/www.jinyupaint.com\/it\/prodotto\/e820-epoxy-self-leveling-intermediate-floor-coat\/","og_site_name":"KAIDA PAINT\u00ae","article_modified_time":"2025-02-19T09:06:04+00:00","og_image":[{"width":750,"height":750,"url":"https:\/\/www.jinyupaint.com\/wp-content\/uploads\/2025\/02\/E820-Self-Leveling-Epoxy-Floor-Intermediate-Coating.jpg","type":"image\/jpeg"}],"twitter_card":"summary_large_image","twitter_misc":{"Tempo di lettura stimato":"3 minuti"},"schema":{"@context":"https:\/\/schema.org","@graph":[{"@type":"WebPage","@id":"https:\/\/www.jinyupaint.com\/product\/e820-epoxy-self-leveling-intermediate-floor-coat","url":"https:\/\/www.jinyupaint.com\/product\/e820-epoxy-self-leveling-intermediate-floor-coat","name":"E820 Epoxy Self-Leveling Intermediate Floor Coat - Mid Coating - KAIDA PAINT\u00ae","isPartOf":{"@id":"https:\/\/www.jinyupaint.com\/#website"},"primaryImageOfPage":{"@id":"https:\/\/www.jinyupaint.com\/product\/e820-epoxy-self-leveling-intermediate-floor-coat#primaryimage"},"image":{"@id":"https:\/\/www.jinyupaint.com\/product\/e820-epoxy-self-leveling-intermediate-floor-coat#primaryimage"},"thumbnailUrl":"https:\/\/www.jinyupaint.com\/wp-content\/uploads\/2025\/02\/E820-Self-Leveling-Epoxy-Floor-Intermediate-Coating.jpg","datePublished":"2025-02-19T09:06:03+00:00","dateModified":"2025-02-19T09:06:04+00:00","description":"L'E820 Epoxy Self-Leveling Intermediate Paint \u00e8 una vernice intermedia epossidica bicomponente ad alte prestazioni, progettata per pavimentazioni commerciali e industriali. Questo prodotto offre una superficie liscia e durevole con un'elevata resistenza agli urti e alla compressione. Ideale per l'uso in magazzini, officine e impianti di produzione, \u00e8 facile da applicare, con risultati eccellenti e una finitura di lunga durata. Lo strato intermedio epossidico offre un'eccellente adesione e pu\u00f2 essere abbinato a primer e finiture a base di solventi e senza solventi.","breadcrumb":{"@id":"https:\/\/www.jinyupaint.com\/product\/e820-epoxy-self-leveling-intermediate-floor-coat#breadcrumb"},"inLanguage":"it-IT","potentialAction":[{"@type":"ReadAction","target":["https:\/\/www.jinyupaint.com\/product\/e820-epoxy-self-leveling-intermediate-floor-coat"]}]},{"@type":"ImageObject","inLanguage":"it-IT","@id":"https:\/\/www.jinyupaint.com\/product\/e820-epoxy-self-leveling-intermediate-floor-coat#primaryimage","url":"https:\/\/www.jinyupaint.com\/wp-content\/uploads\/2025\/02\/E820-Self-Leveling-Epoxy-Floor-Intermediate-Coating.jpg","contentUrl":"https:\/\/www.jinyupaint.com\/wp-content\/uploads\/2025\/02\/E820-Self-Leveling-Epoxy-Floor-Intermediate-Coating.jpg","width":750,"height":750,"caption":"E820 Epoxy Self-Leveling Intermediate Coat"},{"@type":"BreadcrumbList","@id":"https:\/\/www.jinyupaint.com\/product\/e820-epoxy-self-leveling-intermediate-floor-coat#breadcrumb","itemListElement":[{"@type":"ListItem","position":1,"name":"Home","item":"https:\/\/www.jinyupaint.com\/"},{"@type":"ListItem","position":2,"name":"Shop","item":"https:\/\/www.jinyupaint.com\/shop.html"},{"@type":"ListItem","position":3,"name":"E820 Epoxy Self-Leveling Intermediate Floor Coat"}]},{"@type":"WebSite","@id":"https:\/\/www.jinyupaint.com\/#website","url":"https:\/\/www.jinyupaint.com\/","name":"VERNICE JINYU","description":"JINYU PAINT\u00ae Produttore","potentialAction":[{"@type":"SearchAction","target":{"@type":"EntryPoint","urlTemplate":"https:\/\/www.jinyupaint.com\/?s={search_term_string}"},"query-input":{"@type":"PropertyValueSpecification","valueRequired":true,"valueName":"search_term_string"}}],"inLanguage":"it-IT"}]}},"_links":{"self":[{"href":"https:\/\/www.jinyupaint.com\/it\/wp-json\/wp\/v2\/product\/3238","targetHints":{"allow":["GET"]}}],"collection":[{"href":"https:\/\/www.jinyupaint.com\/it\/wp-json\/wp\/v2\/product"}],"about":[{"href":"https:\/\/www.jinyupaint.com\/it\/wp-json\/wp\/v2\/types\/product"}],"wp:featuredmedia":[{"embeddable":true,"href":"https:\/\/www.jinyupaint.com\/it\/wp-json\/wp\/v2\/media\/3239"}],"wp:attachment":[{"href":"https:\/\/www.jinyupaint.com\/it\/wp-json\/wp\/v2\/media?parent=3238"}],"wp:term":[{"taxonomy":"product_brand","embeddable":true,"href":"https:\/\/www.jinyupaint.com\/it\/wp-json\/wp\/v2\/product_brand?post=3238"},{"taxonomy":"product_cat","embeddable":true,"href":"https:\/\/www.jinyupaint.com\/it\/wp-json\/wp\/v2\/product_cat?post=3238"},{"taxonomy":"product_tag","embeddable":true,"href":"https:\/\/www.jinyupaint.com\/it\/wp-json\/wp\/v2\/product_tag?post=3238"}],"curies":[{"name":"wp","href":"https:\/\/api.w.org\/{rel}","templated":true}]}}