{"id":3235,"date":"2025-02-19T08:21:39","date_gmt":"2025-02-19T08:21:39","guid":{"rendered":"https:\/\/www.jinyupaint.com\/?post_type=product&#038;p=3235"},"modified":"2025-02-19T08:43:36","modified_gmt":"2025-02-19T08:43:36","slug":"e850-epoxy-orange-peel-floor-finish","status":"publish","type":"product","link":"https:\/\/www.jinyupaint.com\/it\/prodotto\/e850-epoxy-orange-peel-floor-finish","title":{"rendered":"E850 Finitura epossidica per pavimenti a buccia d'arancia"},"content":{"rendered":"<h2 data-start=\"166\" data-end=\"764\"><strong data-start=\"166\" data-end=\"183\">Introduzione:<\/strong><\/h2>\n<p data-start=\"166\" data-end=\"764\">La finitura epossidica per pavimenti a buccia d'arancia E850 \u00e8 una finitura epossidica bicomponente ad alte prestazioni progettata per fornire una soluzione di pavimentazione durevole, visivamente attraente e funzionale. Composta da resina epossidica liquida a bassa viscosit\u00e0, additivi importati, pigmenti, riempitivi resistenti all'usura e agenti indurenti, questa finitura epossidica per calcestruzzo offre prestazioni eccellenti con un basso odore, una facile applicazione e una gamma di colori attraenti. Il rivestimento a buccia d'arancia valorizza la superficie, fornendo una finitura unica ed esteticamente gradevole, adatta a vari ambienti.<\/p>\n<h2 data-start=\"766\" data-end=\"789\"><strong data-start=\"766\" data-end=\"787\">Caratteristiche del prodotto:<\/strong><\/h2>\n<ol data-start=\"790\" data-end=\"1391\">\n<li data-start=\"790\" data-end=\"929\"><strong data-start=\"793\" data-end=\"822\">Colori brillanti e vivaci<\/strong>: La finitura epossidica del pavimento crea una pellicola ricca e piena che aggiunge durata e bellezza a qualsiasi spazio.<\/li>\n<li data-start=\"930\" data-end=\"1072\"><strong data-start=\"933\" data-end=\"963\">Effetto texture a buccia d'arancia<\/strong>: Il caratteristico rivestimento a buccia d'arancia offre una superficie visivamente accattivante e tridimensionale.<\/li>\n<li data-start=\"1073\" data-end=\"1238\"><strong data-start=\"1076\" data-end=\"1127\">Elevata resistenza agli urti e alla compressione<\/strong>: Questa finitura epossidica per pavimenti in calcestruzzo offre una protezione superiore ed \u00e8 ideale per le aree ad alto traffico.<\/li>\n<li data-start=\"1239\" data-end=\"1391\"><strong data-start=\"1242\" data-end=\"1272\">A basso odore e facile da applicare<\/strong>: Adatto sia per applicazioni residenziali che commerciali, compresa la finitura epossidica di garage e ambienti industriali.<\/li>\n<\/ol>\n<h2 data-start=\"1393\" data-end=\"1553\"><strong data-start=\"1393\" data-end=\"1417\">Applicazione del prodotto:<\/strong><\/h2>\n<p data-start=\"1393\" data-end=\"1553\">Questa finitura epossidica per pavimenti \u00e8 compatibile con primer e mani intermedie a base di solventi o senza solventi. Funziona bene con:<\/p>\n<ul data-start=\"1554\" data-end=\"1688\">\n<li data-start=\"1554\" data-end=\"1599\"><strong data-start=\"1556\" data-end=\"1578\">Primer epossidico E159X<\/strong> (tipo penetrante)<\/li>\n<li data-start=\"1600\" data-end=\"1638\"><strong data-start=\"1602\" data-end=\"1636\">Primer epossidico senza solventi E811<\/strong><\/li>\n<li data-start=\"1639\" data-end=\"1688\"><strong data-start=\"1641\" data-end=\"1682\">E337 Vernice intermedia colorata epossidica<\/strong>, ecc.<\/li>\n<\/ul>\n<h2 data-start=\"875\" data-end=\"909\"><strong data-start=\"875\" data-end=\"892\">Standard:<\/strong><\/h2>\n<p data-start=\"875\" data-end=\"909\">GB\/T22374-2018<\/p>\n<h2 data-start=\"911\" data-end=\"941\"><strong data-start=\"911\" data-end=\"939\">Parametri tecnici:<\/strong><\/h2>\n<table data-start=\"942\" data-end=\"1798\">\n<thead data-start=\"942\" data-end=\"1049\">\n<tr data-start=\"942\" data-end=\"1049\">\n<th data-start=\"942\" data-end=\"959\"><strong data-start=\"944\" data-end=\"958\">Numero di serie<\/strong><\/th>\n<th data-start=\"959\" data-end=\"978\"><strong data-start=\"961\" data-end=\"974\">Articolo di prova<\/strong><\/th>\n<th data-start=\"978\" data-end=\"1005\"><strong data-start=\"980\" data-end=\"999\">Indice tecnico<\/strong><\/th>\n<th data-start=\"1005\" data-end=\"1026\"><strong data-start=\"1007\" data-end=\"1025\">Valore standard<\/strong><\/th>\n<th data-start=\"1026\" data-end=\"1049\"><strong data-start=\"1028\" data-end=\"1046\">Valore misurato<\/strong><\/th>\n<\/tr>\n<\/thead>\n<tbody data-start=\"1158\" data-end=\"1798\">\n<tr data-start=\"1158\" data-end=\"1292\">\n<td>1<\/td>\n<td>Stato<\/td>\n<td>Omogeneo e privo di grumi dopo la miscelazione<\/td>\n<td>Omogeneo e privo di grumi<\/td>\n<td>Omogeneo e privo di grumi<\/td>\n<\/tr>\n<tr data-start=\"1293\" data-end=\"1435\">\n<td>2<\/td>\n<td>Colore<\/td>\n<td>Colore uniforme, nessun colore fluttuante<\/td>\n<td>Colore uniforme, nessun colore fluttuante<\/td>\n<td>Colore uniforme, nessun colore fluttuante<\/td>\n<\/tr>\n<tr data-start=\"1436\" data-end=\"1582\">\n<td>3<\/td>\n<td>Apparizione del film<\/td>\n<td>Struttura chiara a buccia d'arancia, senza cedimenti, senza bolle, fori di spillo o crepe<\/td>\n<td>Buon aspetto<\/td>\n<td>Buon aspetto<\/td>\n<\/tr>\n<tr data-start=\"1583\" data-end=\"1690\">\n<td>4<\/td>\n<td>Asciutto al tatto<\/td>\n<td>\u2264 8 ore<\/td>\n<td>4 ore<\/td>\n<td>4 ore<\/td>\n<\/tr>\n<tr data-start=\"1691\" data-end=\"1798\">\n<td>5<\/td>\n<td>Completamente stagionato<\/td>\n<td>\u2264 48 ore<\/td>\n<td>26 ore<\/td>\n<td>26 ore<\/td>\n<\/tr>\n<\/tbody>\n<\/table>\n<p data-start=\"1690\" data-end=\"1912\">\u00c8 progettato per l'uso in parcheggi sotterranei, officine di produzione, magazzini e altro ancora, offrendo non solo finiture epossidiche per garage, ma anche una superficie funzionale e attraente per vari ambienti industriali.<\/p>\n<h2 data-start=\"1914\" data-end=\"2178\"><strong data-start=\"1914\" data-end=\"1938\">Preparazione della superficie:<\/strong><\/h2>\n<p data-start=\"1914\" data-end=\"2178\">Prima dell'applicazione, il substrato deve essere pulito, asciutto e privo di qualsiasi contaminante. Assicurarsi che la superficie sia liscia e piana, priva di olio, grasso o detriti. \u00c8 importante preparare correttamente il substrato per ottenere risultati ottimali.<\/p>\n<h2 data-start=\"2180\" data-end=\"2211\"><strong data-start=\"2180\" data-end=\"2209\">Istruzioni per la candidatura:<\/strong><\/h2>\n<ol data-start=\"2212\" data-end=\"2620\">\n<li data-start=\"2212\" data-end=\"2363\"><strong data-start=\"2215\" data-end=\"2231\">Rapporto di miscelazione<\/strong>: Il componente di base e l'agente indurente devono essere mescolati in un rapporto di peso di 5:1. Mescolare accuratamente la miscela per garantire una consistenza uniforme.<\/li>\n<li data-start=\"2364\" data-end=\"2620\"><strong data-start=\"2367\" data-end=\"2389\">Metodo di applicazione<\/strong>: Con una spatola dentata applicare il prodotto miscelato sul supporto con la finitura epossidica per pavimenti o lo strato intermedio dello stesso colore. Rifinire con un rullo a buccia d'arancia a fiore piccolo per ottenere l'effetto desiderato.<\/li>\n<\/ol>\n<h2 data-start=\"2622\" data-end=\"2890\"><strong data-start=\"2622\" data-end=\"2648\">Durata e finitura:<\/strong><\/h2>\n<p data-start=\"2622\" data-end=\"2890\">La finitura epossidica offre un'eccellente protezione a lungo termine, fornendo una superficie liscia ed esteticamente gradevole, resistente all'usura e agli urti. Ideale per aree che richiedono una lunga durata, come garage, officine e spazi commerciali.<\/p>\n<h2 data-start=\"2892\" data-end=\"2921\"><strong data-start=\"2892\" data-end=\"2921\">Specifiche tecniche:<\/strong><\/h2>\n<ul data-start=\"2922\" data-end=\"3085\">\n<li data-start=\"2922\" data-end=\"2953\"><strong data-start=\"2924\" data-end=\"2940\">Asciutto al tatto<\/strong>\u2264 8 ore<\/li>\n<li data-start=\"2954\" data-end=\"2985\"><strong data-start=\"2956\" data-end=\"2971\">Completamente stagionato<\/strong>\u2264 48 ore<\/li>\n<li data-start=\"2986\" data-end=\"3085\"><strong data-start=\"2988\" data-end=\"3012\">Copertura dell'applicazione<\/strong>: 0,4-0,6 kg\/m\u00b2 (a seconda dell'effetto - tessitura floreale piccola o grande)<\/li>\n<\/ul>\n<h2 data-start=\"3087\" data-end=\"3144\"><strong data-start=\"3087\" data-end=\"3102\">Durata di conservazione:<\/strong><\/h2>\n<p data-start=\"3087\" data-end=\"3144\">12 mesi dalla data di produzione.<\/p>\n<h2 data-start=\"3146\" data-end=\"3631\"><strong data-start=\"3146\" data-end=\"3197\">Perch\u00e9 scegliere la finitura per pavimenti epossidica E850 a buccia d'arancia?<\/strong><\/h2>\n<p data-start=\"3146\" data-end=\"3631\">Se siete alla ricerca di una finitura per pavimenti epossidici che combini bellezza e durata, la finitura per pavimenti epossidici a buccia d'arancia E850 \u00e8 la soluzione perfetta. Questo prodotto di alta qualit\u00e0 \u00e8 ideale per l'uso in ambienti residenziali e industriali, comprese le finiture epossidiche per garage e le finiture epossidiche per pavimenti in calcestruzzo. La facilit\u00e0 di applicazione, il basso odore e la bella finitura ne fanno la scelta migliore per il vostro prossimo progetto di pavimentazione.<\/p>","protected":false},"excerpt":{"rendered":"<p>E850 Epoxy Orange Peel Floor Finish \u00e8 una finitura epossidica bicomponente di alta qualit\u00e0 progettata per applicazioni di pavimentazione sia industriali che residenziali. Questo prodotto \u00e8 formulato con resina epossidica liquida a bassa viscosit\u00e0, additivi importati, pigmenti e agenti indurenti per creare una superficie durevole ed esteticamente gradevole. L'esclusiva texture a buccia d'arancia offre una finitura tridimensionale distintiva, funzionale e decorativa. Grazie all'elevata resistenza agli urti, alla forza di compressione e al basso odore, \u00e8 perfetto per aree come garage, magazzini e officine di produzione. Facile da applicare e disponibile in una variet\u00e0 di colori, rappresenta una soluzione duratura per i pavimenti in calcestruzzo.<\/p>","protected":false},"featured_media":3236,"template":"","meta":{"om_disable_all_campaigns":false,"_monsterinsights_skip_tracking":false,"_monsterinsights_sitenote_active":false,"_monsterinsights_sitenote_note":"","_monsterinsights_sitenote_category":0,"_uf_show_specific_survey":0,"_uf_disable_surveys":false},"product_brand":[],"product_cat":[43,96,98],"product_tag":[94,137,104],"class_list":{"0":"post-3235","1":"product","2":"type-product","3":"status-publish","4":"has-post-thumbnail","6":"product_cat-epoxy-floor-coating","7":"product_cat-epoxy-top-coat","8":"product_cat-solvent-based-coating","9":"product_tag-epoxy-floor-coating","10":"product_tag-epoxy-top-coat","11":"product_tag-solvent-based-coating","13":"first","14":"instock","15":"shipping-taxable","16":"product-type-simple"},"yoast_head":"<!-- This site is optimized with the Yoast SEO Premium plugin v26.2 (Yoast SEO v26.5) - https:\/\/yoast.com\/wordpress\/plugins\/seo\/ -->\n<title>E850 Epoxy Orange Peel Floor Finish - Texture Coat - KAIDA PAINT\u00ae<\/title>\n<meta name=\"description\" content=\"The E850 Epoxy Orange Peel Floor Finish is a durable two-component epoxy topcoat that delivers a stunning orange peel texture effect. Ideal for concrete floors in garages, warehouses, and production environments, it offers excellent impact resistance, compressive strength, and vibrant color. Easy to apply with low odor, providing a functional and aesthetic solution for both residential and industrial flooring projects.\" \/>\n<meta name=\"robots\" content=\"index, follow, max-snippet:-1, max-image-preview:large, max-video-preview:-1\" \/>\n<link rel=\"canonical\" href=\"https:\/\/www.jinyupaint.com\/it\/prodotto\/e850-epoxy-orange-peel-floor-finish\/\" \/>\n<meta property=\"og:locale\" content=\"it_IT\" \/>\n<meta property=\"og:type\" content=\"article\" \/>\n<meta property=\"og:title\" content=\"E850 Epoxy Orange Peel Floor Finish\" \/>\n<meta property=\"og:description\" content=\"The E850 Epoxy Orange Peel Floor Finish is a durable two-component epoxy topcoat that delivers a stunning orange peel texture effect. Ideal for concrete floors in garages, warehouses, and production environments, it offers excellent impact resistance, compressive strength, and vibrant color. Easy to apply with low odor, providing a functional and aesthetic solution for both residential and industrial flooring projects.\" \/>\n<meta property=\"og:url\" content=\"https:\/\/www.jinyupaint.com\/it\/prodotto\/e850-epoxy-orange-peel-floor-finish\/\" \/>\n<meta property=\"og:site_name\" content=\"KAIDA PAINT\u00ae\" \/>\n<meta property=\"article:modified_time\" content=\"2025-02-19T08:43:36+00:00\" \/>\n<meta property=\"og:image\" content=\"https:\/\/www.jinyupaint.com\/wp-content\/uploads\/2025\/02\/E850-Epoxy-Orange-Peel-Finish.jpg\" \/>\n\t<meta property=\"og:image:width\" content=\"750\" \/>\n\t<meta property=\"og:image:height\" content=\"750\" \/>\n\t<meta property=\"og:image:type\" content=\"image\/jpeg\" \/>\n<meta name=\"twitter:card\" content=\"summary_large_image\" \/>\n<meta name=\"twitter:label1\" content=\"Tempo di lettura stimato\" \/>\n\t<meta name=\"twitter:data1\" content=\"3 minuti\" \/>\n<script type=\"application\/ld+json\" class=\"yoast-schema-graph\">{\"@context\":\"https:\/\/schema.org\",\"@graph\":[{\"@type\":\"WebPage\",\"@id\":\"https:\/\/www.jinyupaint.com\/product\/e850-epoxy-orange-peel-floor-finish\",\"url\":\"https:\/\/www.jinyupaint.com\/product\/e850-epoxy-orange-peel-floor-finish\",\"name\":\"E850 Epoxy Orange Peel Floor Finish - Texture Coat - KAIDA PAINT\u00ae\",\"isPartOf\":{\"@id\":\"https:\/\/www.jinyupaint.com\/#website\"},\"primaryImageOfPage\":{\"@id\":\"https:\/\/www.jinyupaint.com\/product\/e850-epoxy-orange-peel-floor-finish#primaryimage\"},\"image\":{\"@id\":\"https:\/\/www.jinyupaint.com\/product\/e850-epoxy-orange-peel-floor-finish#primaryimage\"},\"thumbnailUrl\":\"https:\/\/www.jinyupaint.com\/wp-content\/uploads\/2025\/02\/E850-Epoxy-Orange-Peel-Finish.jpg\",\"datePublished\":\"2025-02-19T08:21:39+00:00\",\"dateModified\":\"2025-02-19T08:43:36+00:00\",\"description\":\"The E850 Epoxy Orange Peel Floor Finish is a durable two-component epoxy topcoat that delivers a stunning orange peel texture effect. Ideal for concrete floors in garages, warehouses, and production environments, it offers excellent impact resistance, compressive strength, and vibrant color. Easy to apply with low odor, providing a functional and aesthetic solution for both residential and industrial flooring projects.\",\"breadcrumb\":{\"@id\":\"https:\/\/www.jinyupaint.com\/product\/e850-epoxy-orange-peel-floor-finish#breadcrumb\"},\"inLanguage\":\"it-IT\",\"potentialAction\":[{\"@type\":\"ReadAction\",\"target\":[\"https:\/\/www.jinyupaint.com\/product\/e850-epoxy-orange-peel-floor-finish\"]}]},{\"@type\":\"ImageObject\",\"inLanguage\":\"it-IT\",\"@id\":\"https:\/\/www.jinyupaint.com\/product\/e850-epoxy-orange-peel-floor-finish#primaryimage\",\"url\":\"https:\/\/www.jinyupaint.com\/wp-content\/uploads\/2025\/02\/E850-Epoxy-Orange-Peel-Finish.jpg\",\"contentUrl\":\"https:\/\/www.jinyupaint.com\/wp-content\/uploads\/2025\/02\/E850-Epoxy-Orange-Peel-Finish.jpg\",\"width\":750,\"height\":750,\"caption\":\"E850 Epoxy Orange Peel Finish\"},{\"@type\":\"BreadcrumbList\",\"@id\":\"https:\/\/www.jinyupaint.com\/product\/e850-epoxy-orange-peel-floor-finish#breadcrumb\",\"itemListElement\":[{\"@type\":\"ListItem\",\"position\":1,\"name\":\"Home\",\"item\":\"https:\/\/www.jinyupaint.com\/\"},{\"@type\":\"ListItem\",\"position\":2,\"name\":\"Shop\",\"item\":\"https:\/\/www.jinyupaint.com\/shop.html\"},{\"@type\":\"ListItem\",\"position\":3,\"name\":\"E850 Epoxy Orange Peel Floor Finish\"}]},{\"@type\":\"WebSite\",\"@id\":\"https:\/\/www.jinyupaint.com\/#website\",\"url\":\"https:\/\/www.jinyupaint.com\/\",\"name\":\"JINYU\u00ae PAINT\",\"description\":\"JINYU PAINT\u00ae Manufacturer\",\"potentialAction\":[{\"@type\":\"SearchAction\",\"target\":{\"@type\":\"EntryPoint\",\"urlTemplate\":\"https:\/\/www.jinyupaint.com\/?s={search_term_string}\"},\"query-input\":{\"@type\":\"PropertyValueSpecification\",\"valueRequired\":true,\"valueName\":\"search_term_string\"}}],\"inLanguage\":\"it-IT\"}]}<\/script>\n<!-- \/ Yoast SEO Premium plugin. -->","yoast_head_json":{"title":"E850 Finitura per pavimenti epossidica a buccia d'arancia - Finitura per texture - KAIDA PAINT","description":"La finitura per pavimenti a buccia d'arancia E850 Epoxy \u00e8 una finitura epossidica bicomponente di lunga durata che offre uno straordinario effetto a buccia d'arancia. Ideale per pavimenti in calcestruzzo di garage, magazzini e ambienti produttivi, offre un'eccellente resistenza agli urti, alla compressione e un colore vivace. Facile da applicare e a basso odore, rappresenta una soluzione funzionale ed estetica per progetti di pavimentazione sia residenziali che industriali.","robots":{"index":"index","follow":"follow","max-snippet":"max-snippet:-1","max-image-preview":"max-image-preview:large","max-video-preview":"max-video-preview:-1"},"canonical":"https:\/\/www.jinyupaint.com\/it\/prodotto\/e850-epoxy-orange-peel-floor-finish\/","og_locale":"it_IT","og_type":"article","og_title":"E850 Epoxy Orange Peel Floor Finish","og_description":"The E850 Epoxy Orange Peel Floor Finish is a durable two-component epoxy topcoat that delivers a stunning orange peel texture effect. Ideal for concrete floors in garages, warehouses, and production environments, it offers excellent impact resistance, compressive strength, and vibrant color. Easy to apply with low odor, providing a functional and aesthetic solution for both residential and industrial flooring projects.","og_url":"https:\/\/www.jinyupaint.com\/it\/prodotto\/e850-epoxy-orange-peel-floor-finish\/","og_site_name":"KAIDA PAINT\u00ae","article_modified_time":"2025-02-19T08:43:36+00:00","og_image":[{"width":750,"height":750,"url":"https:\/\/www.jinyupaint.com\/wp-content\/uploads\/2025\/02\/E850-Epoxy-Orange-Peel-Finish.jpg","type":"image\/jpeg"}],"twitter_card":"summary_large_image","twitter_misc":{"Tempo di lettura stimato":"3 minuti"},"schema":{"@context":"https:\/\/schema.org","@graph":[{"@type":"WebPage","@id":"https:\/\/www.jinyupaint.com\/product\/e850-epoxy-orange-peel-floor-finish","url":"https:\/\/www.jinyupaint.com\/product\/e850-epoxy-orange-peel-floor-finish","name":"E850 Finitura per pavimenti epossidica a buccia d'arancia - Finitura per texture - KAIDA PAINT","isPartOf":{"@id":"https:\/\/www.jinyupaint.com\/#website"},"primaryImageOfPage":{"@id":"https:\/\/www.jinyupaint.com\/product\/e850-epoxy-orange-peel-floor-finish#primaryimage"},"image":{"@id":"https:\/\/www.jinyupaint.com\/product\/e850-epoxy-orange-peel-floor-finish#primaryimage"},"thumbnailUrl":"https:\/\/www.jinyupaint.com\/wp-content\/uploads\/2025\/02\/E850-Epoxy-Orange-Peel-Finish.jpg","datePublished":"2025-02-19T08:21:39+00:00","dateModified":"2025-02-19T08:43:36+00:00","description":"La finitura per pavimenti a buccia d'arancia E850 Epoxy \u00e8 una finitura epossidica bicomponente di lunga durata che offre uno straordinario effetto a buccia d'arancia. Ideale per pavimenti in calcestruzzo di garage, magazzini e ambienti produttivi, offre un'eccellente resistenza agli urti, alla compressione e un colore vivace. Facile da applicare e a basso odore, rappresenta una soluzione funzionale ed estetica per progetti di pavimentazione sia residenziali che industriali.","breadcrumb":{"@id":"https:\/\/www.jinyupaint.com\/product\/e850-epoxy-orange-peel-floor-finish#breadcrumb"},"inLanguage":"it-IT","potentialAction":[{"@type":"ReadAction","target":["https:\/\/www.jinyupaint.com\/product\/e850-epoxy-orange-peel-floor-finish"]}]},{"@type":"ImageObject","inLanguage":"it-IT","@id":"https:\/\/www.jinyupaint.com\/product\/e850-epoxy-orange-peel-floor-finish#primaryimage","url":"https:\/\/www.jinyupaint.com\/wp-content\/uploads\/2025\/02\/E850-Epoxy-Orange-Peel-Finish.jpg","contentUrl":"https:\/\/www.jinyupaint.com\/wp-content\/uploads\/2025\/02\/E850-Epoxy-Orange-Peel-Finish.jpg","width":750,"height":750,"caption":"E850 Epoxy Orange Peel Finish"},{"@type":"BreadcrumbList","@id":"https:\/\/www.jinyupaint.com\/product\/e850-epoxy-orange-peel-floor-finish#breadcrumb","itemListElement":[{"@type":"ListItem","position":1,"name":"Home","item":"https:\/\/www.jinyupaint.com\/"},{"@type":"ListItem","position":2,"name":"Shop","item":"https:\/\/www.jinyupaint.com\/shop.html"},{"@type":"ListItem","position":3,"name":"E850 Epoxy Orange Peel Floor Finish"}]},{"@type":"WebSite","@id":"https:\/\/www.jinyupaint.com\/#website","url":"https:\/\/www.jinyupaint.com\/","name":"VERNICE JINYU","description":"JINYU PAINT\u00ae Produttore","potentialAction":[{"@type":"SearchAction","target":{"@type":"EntryPoint","urlTemplate":"https:\/\/www.jinyupaint.com\/?s={search_term_string}"},"query-input":{"@type":"PropertyValueSpecification","valueRequired":true,"valueName":"search_term_string"}}],"inLanguage":"it-IT"}]}},"_links":{"self":[{"href":"https:\/\/www.jinyupaint.com\/it\/wp-json\/wp\/v2\/product\/3235","targetHints":{"allow":["GET"]}}],"collection":[{"href":"https:\/\/www.jinyupaint.com\/it\/wp-json\/wp\/v2\/product"}],"about":[{"href":"https:\/\/www.jinyupaint.com\/it\/wp-json\/wp\/v2\/types\/product"}],"wp:featuredmedia":[{"embeddable":true,"href":"https:\/\/www.jinyupaint.com\/it\/wp-json\/wp\/v2\/media\/3236"}],"wp:attachment":[{"href":"https:\/\/www.jinyupaint.com\/it\/wp-json\/wp\/v2\/media?parent=3235"}],"wp:term":[{"taxonomy":"product_brand","embeddable":true,"href":"https:\/\/www.jinyupaint.com\/it\/wp-json\/wp\/v2\/product_brand?post=3235"},{"taxonomy":"product_cat","embeddable":true,"href":"https:\/\/www.jinyupaint.com\/it\/wp-json\/wp\/v2\/product_cat?post=3235"},{"taxonomy":"product_tag","embeddable":true,"href":"https:\/\/www.jinyupaint.com\/it\/wp-json\/wp\/v2\/product_tag?post=3235"}],"curies":[{"name":"wp","href":"https:\/\/api.w.org\/{rel}","templated":true}]}}