{"id":2739,"date":"2025-01-26T02:13:27","date_gmt":"2025-01-26T02:13:27","guid":{"rendered":"https:\/\/www.jinyupaint.com\/?post_type=product&#038;p=2739"},"modified":"2025-12-01T03:33:30","modified_gmt":"2025-12-01T03:33:30","slug":"anti-slip-self-leveling-polyurethane-floor-paint","status":"publish","type":"product","link":"https:\/\/www.jinyupaint.com\/it\/prodotto\/anti-slip-self-leveling-polyurethane-floor-paint","title":{"rendered":"Vernice per pavimenti in calcestruzzo antisdrucciolo autolivellante anticorrosiva portante in poliuretano"},"content":{"rendered":"<p>Il vostro pavimento in calcestruzzo \u00e8 sottoposto a continui abusi da parte di macchinari pesanti, fuoriuscite di sostanze chimiche, traffico intenso e rischi per la sicurezza? Le epossidiche e le vernici standard si screpolano, si spellano e diventano scivolose sotto pressione. \u00c8 ora di passare a una soluzione superiore.<\/p>\n<p class=\"ds-markdown-paragraph\">Introduzione\u00a0<strong>ProShield Ultimate<\/strong>\u00e8 un rivestimento poliuretanico per pavimenti in calcestruzzo all'avanguardia e multifunzionale, progettato per ambienti in cui il fallimento non \u00e8 un'opzione. Non si tratta di un semplice rivestimento, ma di uno scudo resistente e senza soluzione di continuit\u00e0 che combina una durata impareggiabile con caratteristiche di sicurezza fondamentali.<\/p>\n<h2><strong>Che cos'\u00e8 ProShield Ultimate?<\/strong><\/h2>\n<p class=\"ds-markdown-paragraph\">ProShield Ultimate \u00e8 una formulazione uretanica autolivellante ad alte prestazioni, progettata per creare una superficie spessa, continua e incredibilmente resistente sul calcestruzzo. A differenza dei film sottili, penetra in profondit\u00e0 e polimerizza in uno strato ibrido che \u00e8 in parte rivestimento e in parte superficie di usura. La sua esclusiva tecnologia poliuretanica per pavimenti in calcestruzzo offre flessibilit\u00e0, resistenza agli urti e durata superiori rispetto ai sistemi epossidici rigidi.<\/p>\n<h2><strong>Caratteristiche e vantaggi principali<\/strong><\/h2>\n<ul>\n<li><strong>Eccezionale durata e resistenza al carico:<\/strong>\n<ul>\n<li>Resiste all'impatto incessante del traffico pesante con ruote d'acciaio, dei transpallet e dei carrelli elevatori senza scheggiarsi o incrinarsi.<\/li>\n<li>Il nostro sistema di pavimentazione in calcestruzzo uretanico \u00e8 progettato per garantire un'elevata resistenza alla compressione, che lo rende ideale per gli impianti di produzione e i centri di distribuzione.<\/li>\n<\/ul>\n<\/li>\n<li><strong>Sicurezza superiore con propriet\u00e0 antiscivolo permanenti:<\/strong>\n<ul>\n<li>Il nostro rivestimento antiscivolo in poliuretano contiene aggregati abrasivi permanenti che sono sospesi nell'intero strato, non solo spruzzati sopra. Questo garantisce un rivestimento per pavimenti in poliuretano altamente antiscivolo che rimane efficace anche quando la superficie si usura nel corso degli anni.<\/li>\n<li>Un must per il poliuretano per applicazioni antiscivolo su scale e aree soggette a fuoriuscite.<\/li>\n<\/ul>\n<\/li>\n<li><strong>Perfezione senza soluzione di continuit\u00e0 e autolivellante:<\/strong>\n<ul>\n<li>La formula del pavimento poliuretanico autolivellante scorre dolcemente per eliminare buche, crepe e superfici irregolari, creando una finitura perfettamente livellata, facile da pulire e che evita il rischio di inciampare.<\/li>\n<li>Ideale per gli impianti di ristorazione, farmaceutici e automobilistici in cui l'igiene \u00e8 fondamentale.<\/li>\n<\/ul>\n<\/li>\n<li><strong>Potente resistenza agli agenti chimici e alla corrosione:<\/strong>\n<ul style=\"list-style: inside;\">\n<li>Agisce come un potente poliuretano per sigillare il calcestruzzo, creando una barriera non porosa che respinge oli, grassi, solventi e sostanze chimiche aggressive che causano corrosione e macchie.<\/li>\n<li>Protegge il substrato in calcestruzzo dall'interno, diventando una soluzione anticorrosiva di prim'ordine.<\/li>\n<\/ul>\n<\/li>\n<li><strong>Applicazione e protezione versatili:<\/strong>\n<ul style=\"list-style: inside;\">\n<li>Pu\u00f2 essere utilizzato come vernice poliuretanica durevole per pavimenti in calcestruzzo per ottenere una finitura colorata o come vernice trasparente poliuretanica protettiva per calcestruzzo per migliorare e sigillare i pavimenti esistenti.<\/li>\n<li>La tecnologia alla base dei pavimenti in calcestruzzo pu garantisce una superficie robusta, nota nel settore come pavimenti in poliuretano o calcestruzzo pu.<\/li>\n<\/ul>\n<\/li>\n<\/ul>\n<h2><strong>Prodotti Applicazioni<\/strong><\/h2>\n<p><strong>ProShield Ultimate<\/strong> \u00e8 il principale rivestimento per pavimenti in calcestruzzo uretanico progettato per gli ambienti pi\u00f9 difficili. La sua miscela unica di durata, sicurezza e resistenza chimica lo rende la soluzione perfetta per qualsiasi ambiente commerciale, industriale o istituzionale che richieda un pavimento tanto resistente quanto facile da mantenere.<\/p>\n<p>\u00c8 particolarmente adatto per magazzini e centri logistici dove il traffico intenso e la resistenza agli urti sono fondamentali, nonch\u00e9 per impianti di produzione e lavorazione che devono affrontare un'usura costante e l'esposizione a sostanze chimiche. Le propriet\u00e0 antiscivolo e la facilit\u00e0 di pulizia del sistema sono fondamentali per le strutture di lavorazione di alimenti e bevande (con opzioni conformi a USDA e FDA), birrerie, distillerie, cucine commerciali, laboratori e strutture farmaceutiche in cui l'igiene e la sicurezza sono irrinunciabili.<\/p>\n<p>Inoltre, la sua robusta capacit\u00e0 di carico protegge i pavimenti delle officine automobilistiche, delle officine di riparazione e degli hangar degli aerei da olio, carburante e attrezzature pesanti. Offre anche una finitura durevole e attraente per le aree pubbliche ad alto traffico, come i parcheggi, gli spazi di lavoro pubblici e gli showroom, dimostrando che le prestazioni pi\u00f9 elevate non devono necessariamente sacrificare l'estetica.<\/p>\n<h2><strong>Specifiche tecniche<\/strong><\/h2>\n<table>\n<tbody>\n<tr>\n<td width=\"153\">Articolo<\/td>\n<td width=\"193\">Pavimento autolivellante in poliuretano anticorrosione e portante<\/td>\n<td width=\"250\">Pavimento autolivellante in poliuretano anticorrosione e portante - versione antiscivolo<\/td>\n<\/tr>\n<tr>\n<td width=\"153\">Modello di prodotto<\/td>\n<td width=\"193\">CK96<\/td>\n<td width=\"250\">CK97<\/td>\n<\/tr>\n<tr>\n<td width=\"153\">Resistenza alla compressione<\/td>\n<td width=\"193\">45MPa<\/td>\n<td width=\"250\">45MPa<\/td>\n<\/tr>\n<tr>\n<td width=\"153\">Struttura<\/td>\n<td width=\"193\">Superficie lucida e brillante<\/td>\n<td width=\"250\">Opaco<\/td>\n<\/tr>\n<tr>\n<td width=\"153\">Costituente<\/td>\n<td width=\"193\">Quattro<\/td>\n<td width=\"250\">Tre<\/td>\n<\/tr>\n<tr>\n<td width=\"153\">Resistenza alla flessione<\/td>\n<td width=\"193\">15MPa<\/td>\n<td width=\"250\">15MPa<\/td>\n<\/tr>\n<tr>\n<td width=\"153\">Forza di legame<\/td>\n<td width=\"193\">\u00a0&gt;1,7MPa<\/td>\n<td width=\"250\">&gt;1,7MPa<\/td>\n<\/tr>\n<tr>\n<td width=\"153\">Tempo di polimerizzazione completo<\/td>\n<td width=\"193\">7 giorni<\/td>\n<td width=\"250\">7 giorni<\/td>\n<\/tr>\n<tr>\n<td width=\"153\">Imballaggio<\/td>\n<td width=\"193\">26,1 kg<\/td>\n<td width=\"250\">35,5 kg<\/td>\n<\/tr>\n<tr>\n<td width=\"153\">Tempo di funzionamento (20\u2103)<\/td>\n<td width=\"193\">25min<\/td>\n<td width=\"250\">25 minuti<\/td>\n<\/tr>\n<tr>\n<td width=\"153\">Passeggiata aperta (20\u2103)<\/td>\n<td width=\"193\">36h<\/td>\n<td width=\"250\">\u00a024 ore<\/td>\n<\/tr>\n<\/tbody>\n<\/table>\n<h2><strong>Perch\u00e9 scegliere un vero rivestimento in poliuretano per calcestruzzo?<\/strong><\/h2>\n<p>Mentre l'epossidico \u00e8 comune, i rivestimenti poliuretanici per calcestruzzo rappresentano la nuova evoluzione nella protezione dei pavimenti. La differenza fondamentale \u00e8 la flessibilit\u00e0. Il poliuretano (PU) pu\u00f2 flettersi con il movimento naturale e le microfessurazioni del calcestruzzo sottostante, mentre l'epossidico \u00e8 rigido e pu\u00f2 creparsi. Ci\u00f2 rende le applicazioni del rivestimento poliuretanico per pavimenti in calcestruzzo molto pi\u00f9 durevoli in ambienti con cicli termici o lievi movimenti del substrato.<\/p>\n<h2><strong>KAIDA JINYU PAINT Progetto di pavimentazione in poliuretano di Motar in calcestruzzo<\/strong><\/h2>\n<figure id=\"attachment_5650\" aria-describedby=\"caption-attachment-5650\" style=\"width: 570px\" class=\"wp-caption alignnone\"><a href=\"https:\/\/www.jinyupaint.com\/wp-content\/uploads\/2025\/01\/Food-Processing-Plant-PU-Mortar-Flooring-Dairy-Facility.jpg\"><img fetchpriority=\"high\" decoding=\"async\" class=\"size-full wp-image-5650\" src=\"https:\/\/www.jinyupaint.com\/wp-content\/uploads\/2025\/01\/Food-Processing-Plant-PU-Mortar-Flooring-Dairy-Facility.jpg\" alt=\"Impianto di trasformazione alimentare Pavimentazione in malta di poliuretano Impianto lattiero-caseario\" width=\"570\" height=\"360\" srcset=\"https:\/\/www.jinyupaint.com\/wp-content\/uploads\/2025\/01\/Food-Processing-Plant-PU-Mortar-Flooring-Dairy-Facility.jpg 570w, https:\/\/www.jinyupaint.com\/wp-content\/uploads\/2025\/01\/Food-Processing-Plant-PU-Mortar-Flooring-Dairy-Facility-300x189.jpg 300w, https:\/\/www.jinyupaint.com\/wp-content\/uploads\/2025\/01\/Food-Processing-Plant-PU-Mortar-Flooring-Dairy-Facility-18x12.jpg 18w\" sizes=\"(max-width: 570px) 100vw, 570px\" \/><\/a><figcaption id=\"caption-attachment-5650\" class=\"wp-caption-text\">Installazione di una pavimentazione in malta poliuretanica senza giunture in un caseificio o in uno stabilimento di trasformazione alimentare. La superficie gialla e igienica \u00e8 facile da pulire e resistente agli shock termici, agli acidi e ai grassi, garantendo la conformit\u00e0 ai severi standard di sicurezza alimentare.<\/figcaption><\/figure>\n<figure id=\"attachment_5652\" aria-describedby=\"caption-attachment-5652\" style=\"width: 570px\" class=\"wp-caption alignnone\"><a href=\"https:\/\/www.jinyupaint.com\/wp-content\/uploads\/2025\/01\/Pharmaceutical-Cleanroom-Polyurethane-Mortar-Floor-Jointless.jpg\"><img decoding=\"async\" class=\"size-full wp-image-5652\" src=\"https:\/\/www.jinyupaint.com\/wp-content\/uploads\/2025\/01\/Pharmaceutical-Cleanroom-Polyurethane-Mortar-Floor-Jointless.jpg\" alt=\"Pavimento in malta di poliuretano per camera bianca farmaceutica senza giunzioni\" width=\"570\" height=\"360\" srcset=\"https:\/\/www.jinyupaint.com\/wp-content\/uploads\/2025\/01\/Pharmaceutical-Cleanroom-Polyurethane-Mortar-Floor-Jointless.jpg 570w, https:\/\/www.jinyupaint.com\/wp-content\/uploads\/2025\/01\/Pharmaceutical-Cleanroom-Polyurethane-Mortar-Floor-Jointless-300x189.jpg 300w, https:\/\/www.jinyupaint.com\/wp-content\/uploads\/2025\/01\/Pharmaceutical-Cleanroom-Polyurethane-Mortar-Floor-Jointless-18x12.jpg 18w\" sizes=\"(max-width: 570px) 100vw, 570px\" \/><\/a><figcaption id=\"caption-attachment-5652\" class=\"wp-caption-text\">Un pavimento in malta poliuretanica senza giunzioni e con copertura in una camera bianca per la produzione farmaceutica. La superficie senza giunture e non porosa impedisce la crescita microbica, consente una facile sterilizzazione e soddisfa i rigorosi requisiti GMP.<\/figcaption><\/figure>\n<figure id=\"attachment_5653\" aria-describedby=\"caption-attachment-5653\" style=\"width: 570px\" class=\"wp-caption alignnone\"><a href=\"https:\/\/www.jinyupaint.com\/wp-content\/uploads\/2025\/01\/Warehouse-Industrial-Polyurethane-Mortar-Flooring-High-Traffic.jpg\"><img decoding=\"async\" class=\"size-full wp-image-5653\" src=\"https:\/\/www.jinyupaint.com\/wp-content\/uploads\/2025\/01\/Warehouse-Industrial-Polyurethane-Mortar-Flooring-High-Traffic.jpg\" alt=\"Pavimentazione industriale di malta del poliuretano del magazzino ad alto traffico\" width=\"570\" height=\"360\" srcset=\"https:\/\/www.jinyupaint.com\/wp-content\/uploads\/2025\/01\/Warehouse-Industrial-Polyurethane-Mortar-Flooring-High-Traffic.jpg 570w, https:\/\/www.jinyupaint.com\/wp-content\/uploads\/2025\/01\/Warehouse-Industrial-Polyurethane-Mortar-Flooring-High-Traffic-300x189.jpg 300w, https:\/\/www.jinyupaint.com\/wp-content\/uploads\/2025\/01\/Warehouse-Industrial-Polyurethane-Mortar-Flooring-High-Traffic-18x12.jpg 18w\" sizes=\"(max-width: 570px) 100vw, 570px\" \/><\/a><figcaption id=\"caption-attachment-5653\" class=\"wp-caption-text\">Pavimento in malta poliuretanica ad alte prestazioni in un magazzino o centro di distribuzione molto frequentato. La superficie \u00e8 altamente resistente all'abrasione e pu\u00f2 sopportare il traffico intenso di carrelli elevatori e transpallet senza spolverarsi o degradarsi.<\/figcaption><\/figure>","protected":false},"excerpt":{"rendered":"<p>La nostra vernice poliuretanica autolivellante antiscivolo per pavimenti \u00e8 progettata per applicazioni di pavimentazione industriale e commerciale ad alto carico. Con propriet\u00e0 antiscivolo superiori, migliora la sicurezza del pavimento, garantendo al contempo un'eccezionale durata e resistenza alle forti pressioni, alla corrosione e agli agenti chimici. Questa vernice poliuretanica autolivellante per pavimenti offre un'applicazione senza soluzione di continuit\u00e0, una superficie strutturata antiscivolo e un'elevata resistenza all'usura, che la rendono ideale per magazzini, impianti di produzione, garage e officine. Disponibile in 4 colori standard per soddisfare diverse esigenze estetiche e funzionali.<\/p>","protected":false},"featured_media":5647,"template":"","meta":{"om_disable_all_campaigns":false,"_monsterinsights_skip_tracking":false,"_monsterinsights_sitenote_active":false,"_monsterinsights_sitenote_note":"","_monsterinsights_sitenote_category":0,"_uf_show_specific_survey":0,"_uf_disable_surveys":false},"product_brand":[],"product_cat":[128,505,109],"product_tag":[145,144,616,131,613],"class_list":{"0":"post-2739","1":"product","2":"type-product","3":"status-publish","4":"has-post-thumbnail","6":"product_cat-flooring-system","7":"product_cat-polyurethane-paint","8":"product_cat-polyurethane-floor-coating","9":"product_tag-flooring-solutions","10":"product_tag-polyurethane-coating","11":"product_tag-polyurethane-concrete-floor-coating","12":"product_tag-self-leveling-floor-coating","13":"product_tag-self-leveling-polyurethane-floor","15":"first","16":"instock","17":"shipping-taxable","18":"product-type-simple"},"yoast_head":"<!-- This site is optimized with the Yoast SEO Premium plugin v26.2 (Yoast SEO v26.5) - https:\/\/yoast.com\/wordpress\/plugins\/seo\/ -->\n<title>Anti-Slip Self-Leveling Polyurethane Concrete Floor paint - KAIDA PAINT\u00ae<\/title>\n<meta name=\"description\" content=\"Professional-grade polyurethane concrete floor paint. Our self-leveling, anti-slip system provides heavy-duty, anticorrosive protection for warehouses, factories, &amp; commercial kitchens. Resists chemicals, impacts, and wear. Get a free quote!\" \/>\n<meta name=\"robots\" content=\"index, follow, max-snippet:-1, max-image-preview:large, max-video-preview:-1\" \/>\n<link rel=\"canonical\" href=\"https:\/\/www.jinyupaint.com\/it\/prodotto\/anti-slip-self-leveling-polyurethane-floor-paint\/\" \/>\n<meta property=\"og:locale\" content=\"it_IT\" \/>\n<meta property=\"og:type\" content=\"article\" \/>\n<meta property=\"og:title\" content=\"Anti-slip Self-leveling Anticorrosive Load-bearing Polyurethane Concrete Floor Paint\" \/>\n<meta property=\"og:description\" content=\"Professional-grade polyurethane concrete floor paint. Our self-leveling, anti-slip system provides heavy-duty, anticorrosive protection for warehouses, factories, &amp; commercial kitchens. Resists chemicals, impacts, and wear. Get a free quote!\" \/>\n<meta property=\"og:url\" content=\"https:\/\/www.jinyupaint.com\/it\/prodotto\/anti-slip-self-leveling-polyurethane-floor-paint\/\" \/>\n<meta property=\"og:site_name\" content=\"KAIDA PAINT\u00ae\" \/>\n<meta property=\"article:modified_time\" content=\"2025-12-01T03:33:30+00:00\" \/>\n<meta property=\"og:image\" content=\"https:\/\/www.jinyupaint.com\/wp-content\/uploads\/2025\/01\/Anti-slip-Self-leveling-Anticorrosive-Load-bearing-Polyurethane-Concrete-Floor-paint.jpg\" \/>\n\t<meta property=\"og:image:width\" content=\"750\" \/>\n\t<meta property=\"og:image:height\" content=\"750\" \/>\n\t<meta property=\"og:image:type\" content=\"image\/jpeg\" \/>\n<meta name=\"twitter:card\" content=\"summary_large_image\" \/>\n<meta name=\"twitter:label1\" content=\"Tempo di lettura stimato\" \/>\n\t<meta name=\"twitter:data1\" content=\"5 minuti\" \/>\n<script type=\"application\/ld+json\" class=\"yoast-schema-graph\">{\"@context\":\"https:\/\/schema.org\",\"@graph\":[{\"@type\":\"WebPage\",\"@id\":\"https:\/\/www.jinyupaint.com\/product\/anti-slip-self-leveling-polyurethane-floor-paint\",\"url\":\"https:\/\/www.jinyupaint.com\/product\/anti-slip-self-leveling-polyurethane-floor-paint\",\"name\":\"Anti-Slip Self-Leveling Polyurethane Concrete Floor paint - KAIDA PAINT\u00ae\",\"isPartOf\":{\"@id\":\"https:\/\/www.jinyupaint.com\/#website\"},\"primaryImageOfPage\":{\"@id\":\"https:\/\/www.jinyupaint.com\/product\/anti-slip-self-leveling-polyurethane-floor-paint#primaryimage\"},\"image\":{\"@id\":\"https:\/\/www.jinyupaint.com\/product\/anti-slip-self-leveling-polyurethane-floor-paint#primaryimage\"},\"thumbnailUrl\":\"https:\/\/www.jinyupaint.com\/wp-content\/uploads\/2025\/01\/Anti-slip-Self-leveling-Anticorrosive-Load-bearing-Polyurethane-Concrete-Floor-paint.jpg\",\"datePublished\":\"2025-01-26T02:13:27+00:00\",\"dateModified\":\"2025-12-01T03:33:30+00:00\",\"description\":\"Professional-grade polyurethane concrete floor paint. Our self-leveling, anti-slip system provides heavy-duty, anticorrosive protection for warehouses, factories, & commercial kitchens. Resists chemicals, impacts, and wear. Get a free quote!\",\"breadcrumb\":{\"@id\":\"https:\/\/www.jinyupaint.com\/product\/anti-slip-self-leveling-polyurethane-floor-paint#breadcrumb\"},\"inLanguage\":\"it-IT\",\"potentialAction\":[{\"@type\":\"ReadAction\",\"target\":[\"https:\/\/www.jinyupaint.com\/product\/anti-slip-self-leveling-polyurethane-floor-paint\"]}]},{\"@type\":\"ImageObject\",\"inLanguage\":\"it-IT\",\"@id\":\"https:\/\/www.jinyupaint.com\/product\/anti-slip-self-leveling-polyurethane-floor-paint#primaryimage\",\"url\":\"https:\/\/www.jinyupaint.com\/wp-content\/uploads\/2025\/01\/Anti-slip-Self-leveling-Anticorrosive-Load-bearing-Polyurethane-Concrete-Floor-paint.jpg\",\"contentUrl\":\"https:\/\/www.jinyupaint.com\/wp-content\/uploads\/2025\/01\/Anti-slip-Self-leveling-Anticorrosive-Load-bearing-Polyurethane-Concrete-Floor-paint.jpg\",\"width\":750,\"height\":750,\"caption\":\"Anti-slip Self-leveling Anticorrosive Load-bearing Polyurethane Concrete Floor paint\"},{\"@type\":\"BreadcrumbList\",\"@id\":\"https:\/\/www.jinyupaint.com\/product\/anti-slip-self-leveling-polyurethane-floor-paint#breadcrumb\",\"itemListElement\":[{\"@type\":\"ListItem\",\"position\":1,\"name\":\"Home\",\"item\":\"https:\/\/www.jinyupaint.com\/\"},{\"@type\":\"ListItem\",\"position\":2,\"name\":\"Shop\",\"item\":\"https:\/\/www.jinyupaint.com\/shop.html\"},{\"@type\":\"ListItem\",\"position\":3,\"name\":\"Anti-slip Self-leveling Anticorrosive Load-bearing Polyurethane Concrete Floor Paint\"}]},{\"@type\":\"WebSite\",\"@id\":\"https:\/\/www.jinyupaint.com\/#website\",\"url\":\"https:\/\/www.jinyupaint.com\/\",\"name\":\"JINYU\u00ae PAINT\",\"description\":\"JINYU PAINT\u00ae Manufacturer\",\"potentialAction\":[{\"@type\":\"SearchAction\",\"target\":{\"@type\":\"EntryPoint\",\"urlTemplate\":\"https:\/\/www.jinyupaint.com\/?s={search_term_string}\"},\"query-input\":{\"@type\":\"PropertyValueSpecification\",\"valueRequired\":true,\"valueName\":\"search_term_string\"}}],\"inLanguage\":\"it-IT\"}]}<\/script>\n<!-- \/ Yoast SEO Premium plugin. -->","yoast_head_json":{"title":"Vernice poliuretanica autolivellante antisdrucciolo per pavimenti in calcestruzzo - KAIDA PAINT","description":"Vernice poliuretanica professionale per pavimenti in calcestruzzo. Il nostro sistema autolivellante e antiscivolo offre una protezione anticorrosiva per magazzini, fabbriche e cucine commerciali. Resiste agli agenti chimici, agli urti e all'usura. Richiedete un preventivo gratuito!","robots":{"index":"index","follow":"follow","max-snippet":"max-snippet:-1","max-image-preview":"max-image-preview:large","max-video-preview":"max-video-preview:-1"},"canonical":"https:\/\/www.jinyupaint.com\/it\/prodotto\/anti-slip-self-leveling-polyurethane-floor-paint\/","og_locale":"it_IT","og_type":"article","og_title":"Anti-slip Self-leveling Anticorrosive Load-bearing Polyurethane Concrete Floor Paint","og_description":"Professional-grade polyurethane concrete floor paint. Our self-leveling, anti-slip system provides heavy-duty, anticorrosive protection for warehouses, factories, & commercial kitchens. Resists chemicals, impacts, and wear. Get a free quote!","og_url":"https:\/\/www.jinyupaint.com\/it\/prodotto\/anti-slip-self-leveling-polyurethane-floor-paint\/","og_site_name":"KAIDA PAINT\u00ae","article_modified_time":"2025-12-01T03:33:30+00:00","og_image":[{"width":750,"height":750,"url":"https:\/\/www.jinyupaint.com\/wp-content\/uploads\/2025\/01\/Anti-slip-Self-leveling-Anticorrosive-Load-bearing-Polyurethane-Concrete-Floor-paint.jpg","type":"image\/jpeg"}],"twitter_card":"summary_large_image","twitter_misc":{"Tempo di lettura stimato":"5 minuti"},"schema":{"@context":"https:\/\/schema.org","@graph":[{"@type":"WebPage","@id":"https:\/\/www.jinyupaint.com\/product\/anti-slip-self-leveling-polyurethane-floor-paint","url":"https:\/\/www.jinyupaint.com\/product\/anti-slip-self-leveling-polyurethane-floor-paint","name":"Vernice poliuretanica autolivellante antisdrucciolo per pavimenti in calcestruzzo - KAIDA PAINT","isPartOf":{"@id":"https:\/\/www.jinyupaint.com\/#website"},"primaryImageOfPage":{"@id":"https:\/\/www.jinyupaint.com\/product\/anti-slip-self-leveling-polyurethane-floor-paint#primaryimage"},"image":{"@id":"https:\/\/www.jinyupaint.com\/product\/anti-slip-self-leveling-polyurethane-floor-paint#primaryimage"},"thumbnailUrl":"https:\/\/www.jinyupaint.com\/wp-content\/uploads\/2025\/01\/Anti-slip-Self-leveling-Anticorrosive-Load-bearing-Polyurethane-Concrete-Floor-paint.jpg","datePublished":"2025-01-26T02:13:27+00:00","dateModified":"2025-12-01T03:33:30+00:00","description":"Vernice poliuretanica professionale per pavimenti in calcestruzzo. Il nostro sistema autolivellante e antiscivolo offre una protezione anticorrosiva per magazzini, fabbriche e cucine commerciali. Resiste agli agenti chimici, agli urti e all'usura. Richiedete un preventivo gratuito!","breadcrumb":{"@id":"https:\/\/www.jinyupaint.com\/product\/anti-slip-self-leveling-polyurethane-floor-paint#breadcrumb"},"inLanguage":"it-IT","potentialAction":[{"@type":"ReadAction","target":["https:\/\/www.jinyupaint.com\/product\/anti-slip-self-leveling-polyurethane-floor-paint"]}]},{"@type":"ImageObject","inLanguage":"it-IT","@id":"https:\/\/www.jinyupaint.com\/product\/anti-slip-self-leveling-polyurethane-floor-paint#primaryimage","url":"https:\/\/www.jinyupaint.com\/wp-content\/uploads\/2025\/01\/Anti-slip-Self-leveling-Anticorrosive-Load-bearing-Polyurethane-Concrete-Floor-paint.jpg","contentUrl":"https:\/\/www.jinyupaint.com\/wp-content\/uploads\/2025\/01\/Anti-slip-Self-leveling-Anticorrosive-Load-bearing-Polyurethane-Concrete-Floor-paint.jpg","width":750,"height":750,"caption":"Anti-slip Self-leveling Anticorrosive Load-bearing Polyurethane Concrete Floor paint"},{"@type":"BreadcrumbList","@id":"https:\/\/www.jinyupaint.com\/product\/anti-slip-self-leveling-polyurethane-floor-paint#breadcrumb","itemListElement":[{"@type":"ListItem","position":1,"name":"Home","item":"https:\/\/www.jinyupaint.com\/"},{"@type":"ListItem","position":2,"name":"Shop","item":"https:\/\/www.jinyupaint.com\/shop.html"},{"@type":"ListItem","position":3,"name":"Anti-slip Self-leveling Anticorrosive Load-bearing Polyurethane Concrete Floor Paint"}]},{"@type":"WebSite","@id":"https:\/\/www.jinyupaint.com\/#website","url":"https:\/\/www.jinyupaint.com\/","name":"VERNICE JINYU","description":"JINYU PAINT\u00ae Produttore","potentialAction":[{"@type":"SearchAction","target":{"@type":"EntryPoint","urlTemplate":"https:\/\/www.jinyupaint.com\/?s={search_term_string}"},"query-input":{"@type":"PropertyValueSpecification","valueRequired":true,"valueName":"search_term_string"}}],"inLanguage":"it-IT"}]}},"_links":{"self":[{"href":"https:\/\/www.jinyupaint.com\/it\/wp-json\/wp\/v2\/product\/2739","targetHints":{"allow":["GET"]}}],"collection":[{"href":"https:\/\/www.jinyupaint.com\/it\/wp-json\/wp\/v2\/product"}],"about":[{"href":"https:\/\/www.jinyupaint.com\/it\/wp-json\/wp\/v2\/types\/product"}],"wp:featuredmedia":[{"embeddable":true,"href":"https:\/\/www.jinyupaint.com\/it\/wp-json\/wp\/v2\/media\/5647"}],"wp:attachment":[{"href":"https:\/\/www.jinyupaint.com\/it\/wp-json\/wp\/v2\/media?parent=2739"}],"wp:term":[{"taxonomy":"product_brand","embeddable":true,"href":"https:\/\/www.jinyupaint.com\/it\/wp-json\/wp\/v2\/product_brand?post=2739"},{"taxonomy":"product_cat","embeddable":true,"href":"https:\/\/www.jinyupaint.com\/it\/wp-json\/wp\/v2\/product_cat?post=2739"},{"taxonomy":"product_tag","embeddable":true,"href":"https:\/\/www.jinyupaint.com\/it\/wp-json\/wp\/v2\/product_tag?post=2739"}],"curies":[{"name":"wp","href":"https:\/\/api.w.org\/{rel}","templated":true}]}}