{"id":2734,"date":"2025-01-26T02:00:13","date_gmt":"2025-01-26T02:00:13","guid":{"rendered":"https:\/\/www.jinyupaint.com\/?post_type=product&#038;p=2734"},"modified":"2025-12-01T03:34:47","modified_gmt":"2025-12-01T03:34:47","slug":"self-leveling-polyurethane-anti-slip-coating","status":"publish","type":"product","link":"https:\/\/www.jinyupaint.com\/it\/prodotto\/self-leveling-polyurethane-anti-slip-coating","title":{"rendered":"Rivestimento poliuretanico anticorrosivo per pavimenti in calcestruzzo autolivellante per impieghi gravosi"},"content":{"rendered":"<p class=\"ds-markdown-paragraph\">Il vostro pavimento in calcestruzzo sta cedendo sotto pressione? Si \u00e8 crepato a causa di urti, si \u00e8 macchiato a causa di fuoriuscite di sostanze chimiche o \u00e8 diventato un pericolo per la sicurezza? I rivestimenti e le vernici epossidiche standard non sono sufficienti. Passate alla protezione avanzata di ProLevel HD, un rivestimento poliuretanico per pavimenti in calcestruzzo all'avanguardia, progettato per gli ambienti pi\u00f9 difficili.<\/p>\n<p class=\"ds-markdown-paragraph\">ProLevel HD \u00e8 un sistema uretanico autolivellante senza giunture che crea una superficie incredibilmente resistente, lucida e facile da pulire. Combina un'eccezionale resistenza meccanica con un'eccezionale resistenza chimica, garantendo una protezione senza precedenti per le strutture.<\/p>\n<h2><strong>Perch\u00e9 scegliere un rivestimento poliuretanico per calcestruzzo rispetto a uno epossidico?<\/strong><\/h2>\n<p class=\"ds-markdown-paragraph\">Sebbene l'epossidico sia un buon prodotto, il poliuretano \u00e8 la scelta superiore e moderna per i pavimenti ad alte prestazioni.<\/p>\n<ul>\n<li><strong>Flessibilit\u00e0 superiore:<\/strong>\u00a0A differenza dell'epossidico rigido, la nostra formula di pavimentazione in calcestruzzo uretanico rimane flessibile dopo l'indurimento. Ci\u00f2 consente di assorbire l'impatto e le sollecitazioni di macchinari pesanti e l'espansione termica senza incrinarsi.<\/li>\n<li><strong>Resistenza chimica migliorata:<\/strong>\u00a0Altamente resistente a un'ampia gamma di sostanze chimiche, oli, solventi e acidi, protegge il substrato in calcestruzzo dalla corrosione e dal degrado.<\/li>\n<li><strong>Eccellente stabilit\u00e0 ai raggi UV:<\/strong>\u00a0La vernice trasparente poliuretanica per lo strato superiore del calcestruzzo \u00e8 stabile ai raggi UV, il che significa che non ingiallisce o sfarina se esposta alla luce del sole, a differenza della maggior parte delle vernici epossidiche.<\/li>\n<li><strong>Guarigione completa pi\u00f9 rapida:<\/strong>\u00a0Ritorna in funzione pi\u00f9 rapidamente. I sistemi poliuretanici spesso raggiungono la piena resistenza chimica pi\u00f9 rapidamente di quelli epossidici.<\/li>\n<\/ul>\n<h2><strong>Caratteristiche e vantaggi principali di ProLevel HD<\/strong><\/h2>\n<ul>\n<li><strong>Eccezionale durata e resistenza all'abrasione:<\/strong><br \/>\nProgettato come rivestimento poliuretanico per pavimenti in calcestruzzo per impieghi gravosi, resiste al costante traffico pedonale, ai pesanti carrelli con ruote d'acciaio e agli urti degli attrezzi caduti. \u00c8 il rivestimento uretanico per pavimenti in calcestruzzo di lunga durata.<\/li>\n<li><strong>Autolivellante per una finitura perfetta:<\/strong><br \/>\nLa nostra formula poliuretanica autolivellante a base d'acqua scorre senza sforzo per creare una superficie liscia, uniforme e dall'aspetto professionale che elimina i rischi di inciampo ed \u00e8 incredibilmente facile da pulire.<\/li>\n<li><strong>Potente protezione anticorrosiva:<\/strong><br \/>\nLa formulazione anticorrosiva del calcestruzzo poliuretanico crea una barriera impermeabile, proteggendo il pavimento da sostanze corrosive come oli, grassi, solventi e acidi, comuni negli impianti automobilistici, manifatturieri e alimentari.<\/li>\n<li><strong>Sicurezza integrata con tecnologia antiscivolo:<\/strong><br \/>\nLa sicurezza \u00e8 fondamentale. Offriamo un rivestimento poliuretanico antiscivolo additivato per creare una finitura strutturata e antiscivolo. Questo lo rende il poliuretano ideale per le applicazioni antiscivolo sulle scale e per le aree umide ad alto traffico come magazzini e spogliatoi.<\/li>\n<li><strong>Applicazione versatile:<\/strong><br \/>\nPerfetto per le nuove costruzioni o per la ristrutturazione del vecchio calcestruzzo. Si pu\u00f2 utilizzare per fabbriche, magazzini, garage, showroom, spazi commerciali e persino come poliuretano per pavimenti in calcestruzzo in scantinati e cucine residenziali.<\/li>\n<\/ul>\n<table>\n<tbody>\n<tr>\n<td width=\"153\">Articolo<\/td>\n<td width=\"193\">Pavimento autolivellante in poliuretano anticorrosione e portante<\/td>\n<td width=\"250\">Pavimento autolivellante in poliuretano anticorrosione e portante - versione antiscivolo<\/td>\n<\/tr>\n<tr>\n<td width=\"153\">Modello di prodotto<\/td>\n<td width=\"193\">CK96<\/td>\n<td width=\"250\">CK97<\/td>\n<\/tr>\n<tr>\n<td width=\"153\">Resistenza alla compressione<\/td>\n<td width=\"193\">45MPa<\/td>\n<td width=\"250\">45MPa<\/td>\n<\/tr>\n<tr>\n<td width=\"153\">Struttura<\/td>\n<td width=\"193\">Superficie luminosa<\/td>\n<td width=\"250\">Opaco<\/td>\n<\/tr>\n<tr>\n<td width=\"153\">Costituente<\/td>\n<td width=\"193\">Quattro<\/td>\n<td width=\"250\">Tre<\/td>\n<\/tr>\n<tr>\n<td width=\"153\">Resistenza alla flessione<\/td>\n<td width=\"193\">15MPa<\/td>\n<td width=\"250\">15MPa<\/td>\n<\/tr>\n<tr>\n<td width=\"153\">Forza di legame<\/td>\n<td width=\"193\">\u00a0&gt;1,7MPa<\/td>\n<td width=\"250\">&gt;1,7MPa<\/td>\n<\/tr>\n<tr>\n<td width=\"153\">Tempo di polimerizzazione completo<\/td>\n<td width=\"193\">7 giorni<\/td>\n<td width=\"250\">7 giorni<\/td>\n<\/tr>\n<tr>\n<td width=\"153\">Imballaggio<\/td>\n<td width=\"193\">26,1 kg<\/td>\n<td width=\"250\">35,5 kg<\/td>\n<\/tr>\n<tr>\n<td width=\"153\">Tempo di funzionamento (20\u2103)<\/td>\n<td width=\"193\">25min<\/td>\n<td width=\"250\">25 minuti<\/td>\n<\/tr>\n<tr>\n<td width=\"153\">Passeggiata aperta (20\u2103)<\/td>\n<td width=\"193\">36h<\/td>\n<td width=\"250\">\u00a024 ore<\/td>\n<\/tr>\n<\/tbody>\n<\/table>\n<h2><strong>Applicazioni consigliate:<\/strong><\/h2>\n<ul>\n<li><strong>Strutture industriali:<\/strong>\u00a0Impianti di produzione, aree di lavorazione chimica, magazzini.<\/li>\n<li><strong>Spazi commerciali:<\/strong>\u00a0Autofficine, hangar per aerei, showroom.<\/li>\n<li><strong>Cibo e bevande:<\/strong>\u00a0Birrerie, caseifici, cucine commerciali (facili da pulire e igienizzare).<\/li>\n<li><strong>Edifici pubblici:<\/strong>\u00a0Scuole, ospedali, laboratori, parcheggi.<\/li>\n<li><strong>Residenziale:<\/strong>\u00a0Garage, cantine e laboratori di alto livello.<\/li>\n<\/ul>\n<h2><strong>KAIDA JINYU PAINT Progetto di pavimentazione in poliuretano di Motar in calcestruzzo<\/strong><\/h2>\n<figure id=\"attachment_5649\" aria-describedby=\"caption-attachment-5649\" style=\"width: 570px\" class=\"wp-caption alignnone\"><a href=\"https:\/\/www.jinyupaint.com\/wp-content\/uploads\/2025\/01\/Electronics-Manufacturing-ESD-PU-Mortar-Flooring-Cleanroom.jpg\"><img fetchpriority=\"high\" decoding=\"async\" class=\"size-full wp-image-5649\" src=\"https:\/\/www.jinyupaint.com\/wp-content\/uploads\/2025\/01\/Electronics-Manufacturing-ESD-PU-Mortar-Flooring-Cleanroom.jpg\" alt=\"Produzione elettronica ESD Pavimentazione in malta PU Camera bianca\" width=\"570\" height=\"360\" srcset=\"https:\/\/www.jinyupaint.com\/wp-content\/uploads\/2025\/01\/Electronics-Manufacturing-ESD-PU-Mortar-Flooring-Cleanroom.jpg 570w, https:\/\/www.jinyupaint.com\/wp-content\/uploads\/2025\/01\/Electronics-Manufacturing-ESD-PU-Mortar-Flooring-Cleanroom-300x189.jpg 300w, https:\/\/www.jinyupaint.com\/wp-content\/uploads\/2025\/01\/Electronics-Manufacturing-ESD-PU-Mortar-Flooring-Cleanroom-18x12.jpg 18w\" sizes=\"(max-width: 570px) 100vw, 570px\" \/><\/a><figcaption id=\"caption-attachment-5649\" class=\"wp-caption-text\">Pavimentazione in malta poliuretanica antistatica (ESD) in un'area di assemblaggio di componenti elettronici. Il pavimento conduttivo e senza giunture protegge i componenti sensibili dalle scariche elettrostatiche, offrendo al contempo durata e pulibilit\u00e0.<\/figcaption><\/figure>\n<figure id=\"attachment_5651\" aria-describedby=\"caption-attachment-5651\" style=\"width: 570px\" class=\"wp-caption alignnone\"><a href=\"https:\/\/www.jinyupaint.com\/wp-content\/uploads\/2025\/01\/Meat-Plant-Freezer-PU-Mortar-Floor-Thermal-Shock-Resistance.jpg\"><img decoding=\"async\" class=\"size-full wp-image-5651\" src=\"https:\/\/www.jinyupaint.com\/wp-content\/uploads\/2025\/01\/Meat-Plant-Freezer-PU-Mortar-Floor-Thermal-Shock-Resistance.jpg\" alt=\"Resistenza agli shock termici del pavimento del mortaio dell&#039;unit\u00e0 di elaborazione del congelatore dell&#039;impianto di carne\" width=\"570\" height=\"360\" srcset=\"https:\/\/www.jinyupaint.com\/wp-content\/uploads\/2025\/01\/Meat-Plant-Freezer-PU-Mortar-Floor-Thermal-Shock-Resistance.jpg 570w, https:\/\/www.jinyupaint.com\/wp-content\/uploads\/2025\/01\/Meat-Plant-Freezer-PU-Mortar-Floor-Thermal-Shock-Resistance-300x189.jpg 300w, https:\/\/www.jinyupaint.com\/wp-content\/uploads\/2025\/01\/Meat-Plant-Freezer-PU-Mortar-Floor-Thermal-Shock-Resistance-18x12.jpg 18w\" sizes=\"(max-width: 570px) 100vw, 570px\" \/><\/a><figcaption id=\"caption-attachment-5651\" class=\"wp-caption-text\">Pavimento in malta poliuretanica in un congelatore per la lavorazione della carne (-30\u00b0C). Il pavimento rimane flessibile e resistente alle crepe nonostante il freddo estremo, gli shock termici dovuti ai lavaggi a caldo e i carichi pesanti, fornendo una soluzione durevole e igienica.<\/figcaption><\/figure>\n<figure id=\"attachment_5648\" aria-describedby=\"caption-attachment-5648\" style=\"width: 570px\" class=\"wp-caption alignnone\"><a href=\"https:\/\/www.jinyupaint.com\/wp-content\/uploads\/2025\/01\/Chemical-Plant-PU-Mortar-Floor-Resistant-to-Spills.jpg\"><img decoding=\"async\" class=\"size-full wp-image-5648\" src=\"https:\/\/www.jinyupaint.com\/wp-content\/uploads\/2025\/01\/Chemical-Plant-PU-Mortar-Floor-Resistant-to-Spills.jpg\" alt=\"Pavimento in malta PU per impianti chimici resistente alle fuoriuscite di liquidi\" width=\"570\" height=\"360\" srcset=\"https:\/\/www.jinyupaint.com\/wp-content\/uploads\/2025\/01\/Chemical-Plant-PU-Mortar-Floor-Resistant-to-Spills.jpg 570w, https:\/\/www.jinyupaint.com\/wp-content\/uploads\/2025\/01\/Chemical-Plant-PU-Mortar-Floor-Resistant-to-Spills-300x189.jpg 300w, https:\/\/www.jinyupaint.com\/wp-content\/uploads\/2025\/01\/Chemical-Plant-PU-Mortar-Floor-Resistant-to-Spills-18x12.jpg 18w\" sizes=\"(max-width: 570px) 100vw, 570px\" \/><\/a><figcaption id=\"caption-attachment-5648\" class=\"wp-caption-text\">Pavimento in malta poliuretanica durevole in un'area di lavorazione chimica. Questo pavimento dimostra un'eccezionale resistenza a un'ampia gamma di sostanze chimiche aggressive, solventi e temperature estreme, proteggendo il substrato di cemento.<\/figcaption><\/figure>","protected":false},"excerpt":{"rendered":"<p>Il nostro rivestimento auto-livellante per pavimenti in poliuretano \u00e8 una soluzione ad alte prestazioni per pavimenti pesanti, progettata per ambienti industriali e commerciali. Offre eccellenti propriet\u00e0 antiscivolo, resistenza chimica e durata, rendendolo ideale per fabbriche, magazzini, laboratori e aree ad alto traffico. Questo rivestimento poliuretanico autolivellante per pavimenti assicura una protezione della superficie uniforme, liscia e duratura. Disponibile in 5 colori standard per adattarsi a diverse applicazioni.<\/p>","protected":false},"featured_media":5646,"template":"","meta":{"om_disable_all_campaigns":false,"_monsterinsights_skip_tracking":false,"_monsterinsights_sitenote_active":false,"_monsterinsights_sitenote_note":"","_monsterinsights_sitenote_category":0,"_uf_show_specific_survey":0,"_uf_disable_surveys":false},"product_brand":[],"product_cat":[128,505,108,109],"product_tag":[144,616,126,131],"class_list":{"0":"post-2734","1":"product","2":"type-product","3":"status-publish","4":"has-post-thumbnail","6":"product_cat-flooring-system","7":"product_cat-polyurethane-paint","8":"product_cat-self-leveling-epoxy-floor-coating","9":"product_cat-polyurethane-floor-coating","10":"product_tag-polyurethane-coating","11":"product_tag-polyurethane-concrete-floor-coating","12":"product_tag-polyurethane-mortar-floor","13":"product_tag-self-leveling-floor-coating","15":"first","16":"instock","17":"shipping-taxable","18":"product-type-simple"},"yoast_head":"<!-- This site is optimized with the Yoast SEO Premium plugin v26.2 (Yoast SEO v26.5) - https:\/\/yoast.com\/wordpress\/plugins\/seo\/ -->\n<title>Self Leveling Polyurethane Anti-Slip Coating - KAIDA PAINT\u00ae<\/title>\n<meta name=\"description\" content=\"ProLevel HD is a self-leveling, heavy-duty polyurethane floor coating for concrete. Provides anti-slip, chemical &amp; abrasion resistance for industrial, commercial, &amp; garage floors. Get a quote!\" \/>\n<meta name=\"robots\" content=\"index, follow, max-snippet:-1, max-image-preview:large, max-video-preview:-1\" \/>\n<link rel=\"canonical\" href=\"https:\/\/www.jinyupaint.com\/it\/prodotto\/self-leveling-polyurethane-anti-slip-coating\/\" \/>\n<meta property=\"og:locale\" content=\"it_IT\" \/>\n<meta property=\"og:type\" content=\"article\" \/>\n<meta property=\"og:title\" content=\"Self-leveling Heavy-duty Anticorrosive Polyurethane Concrete Floor Coating\" \/>\n<meta property=\"og:description\" content=\"ProLevel HD is a self-leveling, heavy-duty polyurethane floor coating for concrete. Provides anti-slip, chemical &amp; abrasion resistance for industrial, commercial, &amp; garage floors. Get a quote!\" \/>\n<meta property=\"og:url\" content=\"https:\/\/www.jinyupaint.com\/it\/prodotto\/self-leveling-polyurethane-anti-slip-coating\/\" \/>\n<meta property=\"og:site_name\" content=\"KAIDA PAINT\u00ae\" \/>\n<meta property=\"article:modified_time\" content=\"2025-12-01T03:34:47+00:00\" \/>\n<meta property=\"og:image\" content=\"https:\/\/www.jinyupaint.com\/wp-content\/uploads\/2025\/01\/Self-leveling-Heavy-duty-Anticorrosive-Polyurethane-Concrete-Floor-Coating.jpg\" \/>\n\t<meta property=\"og:image:width\" content=\"750\" \/>\n\t<meta property=\"og:image:height\" content=\"750\" \/>\n\t<meta property=\"og:image:type\" content=\"image\/jpeg\" \/>\n<meta name=\"twitter:card\" content=\"summary_large_image\" \/>\n<meta name=\"twitter:label1\" content=\"Tempo di lettura stimato\" \/>\n\t<meta name=\"twitter:data1\" content=\"4 minuti\" \/>\n<script type=\"application\/ld+json\" class=\"yoast-schema-graph\">{\"@context\":\"https:\/\/schema.org\",\"@graph\":[{\"@type\":\"WebPage\",\"@id\":\"https:\/\/www.jinyupaint.com\/product\/self-leveling-polyurethane-anti-slip-coating\",\"url\":\"https:\/\/www.jinyupaint.com\/product\/self-leveling-polyurethane-anti-slip-coating\",\"name\":\"Self Leveling Polyurethane Anti-Slip Coating - KAIDA PAINT\u00ae\",\"isPartOf\":{\"@id\":\"https:\/\/www.jinyupaint.com\/#website\"},\"primaryImageOfPage\":{\"@id\":\"https:\/\/www.jinyupaint.com\/product\/self-leveling-polyurethane-anti-slip-coating#primaryimage\"},\"image\":{\"@id\":\"https:\/\/www.jinyupaint.com\/product\/self-leveling-polyurethane-anti-slip-coating#primaryimage\"},\"thumbnailUrl\":\"https:\/\/www.jinyupaint.com\/wp-content\/uploads\/2025\/01\/Self-leveling-Heavy-duty-Anticorrosive-Polyurethane-Concrete-Floor-Coating.jpg\",\"datePublished\":\"2025-01-26T02:00:13+00:00\",\"dateModified\":\"2025-12-01T03:34:47+00:00\",\"description\":\"ProLevel HD is a self-leveling, heavy-duty polyurethane floor coating for concrete. Provides anti-slip, chemical & abrasion resistance for industrial, commercial, & garage floors. Get a quote!\",\"breadcrumb\":{\"@id\":\"https:\/\/www.jinyupaint.com\/product\/self-leveling-polyurethane-anti-slip-coating#breadcrumb\"},\"inLanguage\":\"it-IT\",\"potentialAction\":[{\"@type\":\"ReadAction\",\"target\":[\"https:\/\/www.jinyupaint.com\/product\/self-leveling-polyurethane-anti-slip-coating\"]}]},{\"@type\":\"ImageObject\",\"inLanguage\":\"it-IT\",\"@id\":\"https:\/\/www.jinyupaint.com\/product\/self-leveling-polyurethane-anti-slip-coating#primaryimage\",\"url\":\"https:\/\/www.jinyupaint.com\/wp-content\/uploads\/2025\/01\/Self-leveling-Heavy-duty-Anticorrosive-Polyurethane-Concrete-Floor-Coating.jpg\",\"contentUrl\":\"https:\/\/www.jinyupaint.com\/wp-content\/uploads\/2025\/01\/Self-leveling-Heavy-duty-Anticorrosive-Polyurethane-Concrete-Floor-Coating.jpg\",\"width\":750,\"height\":750,\"caption\":\"Self-leveling Heavy-duty Anticorrosive Polyurethane Concrete Floor Coating\"},{\"@type\":\"BreadcrumbList\",\"@id\":\"https:\/\/www.jinyupaint.com\/product\/self-leveling-polyurethane-anti-slip-coating#breadcrumb\",\"itemListElement\":[{\"@type\":\"ListItem\",\"position\":1,\"name\":\"Home\",\"item\":\"https:\/\/www.jinyupaint.com\/\"},{\"@type\":\"ListItem\",\"position\":2,\"name\":\"Shop\",\"item\":\"https:\/\/www.jinyupaint.com\/shop.html\"},{\"@type\":\"ListItem\",\"position\":3,\"name\":\"Self-leveling Heavy-duty Anticorrosive Polyurethane Concrete Floor Coating\"}]},{\"@type\":\"WebSite\",\"@id\":\"https:\/\/www.jinyupaint.com\/#website\",\"url\":\"https:\/\/www.jinyupaint.com\/\",\"name\":\"JINYU\u00ae PAINT\",\"description\":\"JINYU PAINT\u00ae Manufacturer\",\"potentialAction\":[{\"@type\":\"SearchAction\",\"target\":{\"@type\":\"EntryPoint\",\"urlTemplate\":\"https:\/\/www.jinyupaint.com\/?s={search_term_string}\"},\"query-input\":{\"@type\":\"PropertyValueSpecification\",\"valueRequired\":true,\"valueName\":\"search_term_string\"}}],\"inLanguage\":\"it-IT\"}]}<\/script>\n<!-- \/ Yoast SEO Premium plugin. -->","yoast_head_json":{"title":"Self Leveling Polyurethane Anti-Slip Coating - KAIDA PAINT\u00ae","description":"ProLevel HD \u00e8 un rivestimento poliuretanico autolivellante per pavimenti in calcestruzzo. Offre resistenza antiscivolo, chimica e all'abrasione per pavimenti industriali, commerciali e garage. Richiedete un preventivo!","robots":{"index":"index","follow":"follow","max-snippet":"max-snippet:-1","max-image-preview":"max-image-preview:large","max-video-preview":"max-video-preview:-1"},"canonical":"https:\/\/www.jinyupaint.com\/it\/prodotto\/self-leveling-polyurethane-anti-slip-coating\/","og_locale":"it_IT","og_type":"article","og_title":"Self-leveling Heavy-duty Anticorrosive Polyurethane Concrete Floor Coating","og_description":"ProLevel HD is a self-leveling, heavy-duty polyurethane floor coating for concrete. Provides anti-slip, chemical & abrasion resistance for industrial, commercial, & garage floors. Get a quote!","og_url":"https:\/\/www.jinyupaint.com\/it\/prodotto\/self-leveling-polyurethane-anti-slip-coating\/","og_site_name":"KAIDA PAINT\u00ae","article_modified_time":"2025-12-01T03:34:47+00:00","og_image":[{"width":750,"height":750,"url":"https:\/\/www.jinyupaint.com\/wp-content\/uploads\/2025\/01\/Self-leveling-Heavy-duty-Anticorrosive-Polyurethane-Concrete-Floor-Coating.jpg","type":"image\/jpeg"}],"twitter_card":"summary_large_image","twitter_misc":{"Tempo di lettura stimato":"4 minuti"},"schema":{"@context":"https:\/\/schema.org","@graph":[{"@type":"WebPage","@id":"https:\/\/www.jinyupaint.com\/product\/self-leveling-polyurethane-anti-slip-coating","url":"https:\/\/www.jinyupaint.com\/product\/self-leveling-polyurethane-anti-slip-coating","name":"Self Leveling Polyurethane Anti-Slip Coating - KAIDA PAINT\u00ae","isPartOf":{"@id":"https:\/\/www.jinyupaint.com\/#website"},"primaryImageOfPage":{"@id":"https:\/\/www.jinyupaint.com\/product\/self-leveling-polyurethane-anti-slip-coating#primaryimage"},"image":{"@id":"https:\/\/www.jinyupaint.com\/product\/self-leveling-polyurethane-anti-slip-coating#primaryimage"},"thumbnailUrl":"https:\/\/www.jinyupaint.com\/wp-content\/uploads\/2025\/01\/Self-leveling-Heavy-duty-Anticorrosive-Polyurethane-Concrete-Floor-Coating.jpg","datePublished":"2025-01-26T02:00:13+00:00","dateModified":"2025-12-01T03:34:47+00:00","description":"ProLevel HD \u00e8 un rivestimento poliuretanico autolivellante per pavimenti in calcestruzzo. Offre resistenza antiscivolo, chimica e all'abrasione per pavimenti industriali, commerciali e garage. Richiedete un preventivo!","breadcrumb":{"@id":"https:\/\/www.jinyupaint.com\/product\/self-leveling-polyurethane-anti-slip-coating#breadcrumb"},"inLanguage":"it-IT","potentialAction":[{"@type":"ReadAction","target":["https:\/\/www.jinyupaint.com\/product\/self-leveling-polyurethane-anti-slip-coating"]}]},{"@type":"ImageObject","inLanguage":"it-IT","@id":"https:\/\/www.jinyupaint.com\/product\/self-leveling-polyurethane-anti-slip-coating#primaryimage","url":"https:\/\/www.jinyupaint.com\/wp-content\/uploads\/2025\/01\/Self-leveling-Heavy-duty-Anticorrosive-Polyurethane-Concrete-Floor-Coating.jpg","contentUrl":"https:\/\/www.jinyupaint.com\/wp-content\/uploads\/2025\/01\/Self-leveling-Heavy-duty-Anticorrosive-Polyurethane-Concrete-Floor-Coating.jpg","width":750,"height":750,"caption":"Self-leveling Heavy-duty Anticorrosive Polyurethane Concrete Floor Coating"},{"@type":"BreadcrumbList","@id":"https:\/\/www.jinyupaint.com\/product\/self-leveling-polyurethane-anti-slip-coating#breadcrumb","itemListElement":[{"@type":"ListItem","position":1,"name":"Home","item":"https:\/\/www.jinyupaint.com\/"},{"@type":"ListItem","position":2,"name":"Shop","item":"https:\/\/www.jinyupaint.com\/shop.html"},{"@type":"ListItem","position":3,"name":"Self-leveling Heavy-duty Anticorrosive Polyurethane Concrete Floor Coating"}]},{"@type":"WebSite","@id":"https:\/\/www.jinyupaint.com\/#website","url":"https:\/\/www.jinyupaint.com\/","name":"VERNICE JINYU","description":"JINYU PAINT\u00ae Produttore","potentialAction":[{"@type":"SearchAction","target":{"@type":"EntryPoint","urlTemplate":"https:\/\/www.jinyupaint.com\/?s={search_term_string}"},"query-input":{"@type":"PropertyValueSpecification","valueRequired":true,"valueName":"search_term_string"}}],"inLanguage":"it-IT"}]}},"_links":{"self":[{"href":"https:\/\/www.jinyupaint.com\/it\/wp-json\/wp\/v2\/product\/2734","targetHints":{"allow":["GET"]}}],"collection":[{"href":"https:\/\/www.jinyupaint.com\/it\/wp-json\/wp\/v2\/product"}],"about":[{"href":"https:\/\/www.jinyupaint.com\/it\/wp-json\/wp\/v2\/types\/product"}],"wp:featuredmedia":[{"embeddable":true,"href":"https:\/\/www.jinyupaint.com\/it\/wp-json\/wp\/v2\/media\/5646"}],"wp:attachment":[{"href":"https:\/\/www.jinyupaint.com\/it\/wp-json\/wp\/v2\/media?parent=2734"}],"wp:term":[{"taxonomy":"product_brand","embeddable":true,"href":"https:\/\/www.jinyupaint.com\/it\/wp-json\/wp\/v2\/product_brand?post=2734"},{"taxonomy":"product_cat","embeddable":true,"href":"https:\/\/www.jinyupaint.com\/it\/wp-json\/wp\/v2\/product_cat?post=2734"},{"taxonomy":"product_tag","embeddable":true,"href":"https:\/\/www.jinyupaint.com\/it\/wp-json\/wp\/v2\/product_tag?post=2734"}],"curies":[{"name":"wp","href":"https:\/\/api.w.org\/{rel}","templated":true}]}}