{"id":2467,"date":"2025-01-06T11:43:25","date_gmt":"2025-01-06T11:43:25","guid":{"rendered":"https:\/\/www.jinyupaint.com\/?post_type=product&#038;p=2467"},"modified":"2025-04-18T03:22:28","modified_gmt":"2025-04-18T03:22:28","slug":"hooked-end-steel-fiber","status":"publish","type":"product","link":"https:\/\/www.jinyupaint.com\/it\/prodotto\/hooked-end-steel-fiber","title":{"rendered":"Estremit\u00e0 ad uncino Fibra d'acciaio"},"content":{"rendered":"<p>Descrizione del prodotto<br \/>\nLe fibre Steet Hooked End sono tagliate da sottili fili di acciaio di una certa resistenza e diametro, sono dritte al centro e piegate a forma di gancio su entrambi i lati, hanno un aspetto liscio e uniforme e sono il tipo pi\u00f9 comune di sieelfber.<\/p>\n<p>Funzione del prodotto<br \/>\n1. Eccellente resistenza al vento e durata, maggiore resistenza alla fatica e limite di durata2.Elevata dualit\u00e0 e resistenza agli urti.<br \/>\n3. Buona dispersione, le fibre d'acciaio non si impallano nel calcestruzzo e si distribuiscono in modo uniforme.<br \/>\n4. Migliorare le propriet\u00e0 meccaniche del calcestruzzo, come la trazione, la flessione e il taglio.$. La superficie ruvida e pulita dell'acciaio fber pu\u00f2 essere saldamente combinata con il siurry di cemento nel calcestruzzo.6. Rispetto al calcestruzzo rinforzato tradizionale, il calcestruzzo sheel fber \u00e8 costruito direttamente e si collega senza soluzione di continuit\u00e0 alle attrezzature di leweling laser su larga scala, con un conseguente risparmio di costi.7. La procedura di costruzione \u00e8 pi\u00f9 semplice e il periodo di costruzione \u00e8 notevolmente ridotto rispetto alla soluzione con barre d'acciaio.<\/p>\n<p>Dettagli sull'imballaggio<br \/>\nImballaggio: sacchetto di carta da imballaggio carion o composito 25 kg\/scatola o sacchetto, 1,5 tonnellate-2 toms par pallet, pu\u00f2 anche essere prodotto e imballato secondo i regulremenis dell'utente.<\/p>\n<p>Istruzioni<br \/>\nRequisiti tecnici di costruzione:<br \/>\n1. Il rapporto acqua-cemento non deve essere superiore a 0,52. La lunghezza delle particelle ossee grossolane non deve superare i 2\/3 della lunghezza del maschio in fibra d'acciaio. La lunghezza delle particelle di osso grosso non deve superare i 2\/3 della lunghezza del maschio di fibra d'acciaio.3. Il volume di fibra d'acciaio del calcestruzzo di fibra d'acciaio non deve essere inferiore a 0,5%, generalmente tra 0,5-3%. e1,5%-2,5% \u00e8 raccomandato; cio\u00e8, la gamma di dosaggio per metro cubo di calcestruzzo \u00e8 di: 5-30 kg, mentre si consiglia di utilizzare 15-25 kg.<br \/>\n4. La sabbia marina non pu\u00f2 essere mescolata con il calcestruzzo in fibra d'acciaio e il sale di cloro \u00e8 severamente vietato.5. Oltre alle disposizioni di cui sopra, gli altri materiali utilizzati nel calcestruzzo in fibra d'acciaio devono essere conformi alle disposizioni sulle materie prime utilizzate nel calcestruzzo armato delle specifiche attuali.6. La consistenza del calcestruzzo in fibra d'acciaio pu\u00f2 essere determinata facendo riferimento alla consistenza richiesta per il calcestruzzo ordinario in progetti simili. il suo valore di slump pu\u00f2 essere inferiore al corrispondente valore richiesto per il calcestruzzo ordinario.<br \/>\n7. Quando il cuscino in calcestruzzo con fibre d'acciaio e lo strato superficiale con giunti di contrazione della struttura a giunto piatto non sono coperti da uno strato di rinforzo della fondazione, come il terreno di calce sotto il cuscino, e soddisfano contemporaneamente le seguenti condizioni:<br \/>\na. Lo spessore del cuscino e dello strato superficiale prima della riduzione non deve superare i 130 mm.b. Lo spessore dello strato di rinforzo della fondazione \u00e8 maggiore dello spessore dello strato del cuscino. ltsthickness pu\u00f2 essere moltiplicato per il fattore di riduzione 0,75, ma non deve essere inferiore a 50 mmRequisiti di scarico:Fibra d'acciaio e aggregato grosso-+Agitare per 30 secondi, Aggiungere sabbia e cemento-Agitare per 30 secondi-Aggiungere acqua-Agitare per 3 minutiCompattazione:<br \/>\n1. Quando si versa il calcestruzzo in fibra d'acciaio, mescolarlo man mano e versarlo in modo continuo. I giunti di costruzione non devono essere aperti fino al raggiungimento dei giunti divisori. Il calcestruzzo deve essere vibrato e compattato durante il getto.2. Intonacatura: Il calcestruzzo goffrato in fibra d'acciaio ha le caratteristiche di raccolta fine dei materiali grossolani, alto tasso di sabbia e distribuzione casuale delle fibre. Il processo di goffratura con una macchina goffratrice pu\u00f2 anche evitare l'esposizione delle fibre causata dalla trazione. Dopo 24 ore, la manutenzione deve essere effettuata in modo tempestivo secondo la routine. In estate, deve essere coperto con sacchi di paglia e simili, mentre in inverno si deve prestare attenzione alla conservazione del calore.<\/p>\n<p>Campo di applicazione<br \/>\n1. Ingegneria edile: costruzione di case, pali prefabbricati, nodi a telaio, impermeabilizzazione del tetto, impermeabilizzazione del sottosuolo. 2. Pavimenti industriali: pavimenti a fessura, pavimenti non a fessura, pavimenti senza cuciture, pavimenti sostenuti da pali, strato di livellamento per garage, ponte in materiale composito,<br \/>\nzattera, strada di fabbrica, marciapiede.<br \/>\n2. Ingegneria delle condotte: tubi centrifughi, tubi a vibrazione ed estrusione, tubi per pompe, tubi in pressione in fibra di acciaio rivestiti in acciaio.3. Ingegneria dei ponti autostradali: ponti ad arco a cassetta, travi continue a cassetta, impalcati per ponti.4. Ingegneria delle pavimentazioni autostradali e degli impalcati dei ponti aeroportuali: pavimentazioni autostradali, pavimentazioni autostradali in aree di terreno ghiacciato.e pavimentazioni aeroportuali.<br \/>\n5. Ingegneria ferroviaria: traversine ferroviarie precompresse, traversine ferroviarie a doppio blocco.6. Progetti di conservazione dell'acqua e di energia idroelettrica: componenti per l'erosione e l'usura del flusso d'acqua, paratoie, cancelli, attraversamenti e pannelli anti-seepage delle dighe.7. Ingegneria portuale e marina: strato anticorrosione di pali per tubi d'acciaio, strutture portuali e strutture sottomarine in cemento8. Altri progetti: pavimenti di magazzini industriali per impieghi gravosi, silos, progetti di manutenzione e rinforzo di cavi interrati, chiusini di tubi, griglie fognarie.<\/p>","protected":false},"excerpt":{"rendered":"<p>Product Description Hooked End Steet Fiber are cut from thin sieel wires of acertain sirength [&hellip;]<\/p>\n","protected":false},"featured_media":2460,"template":"","meta":{"om_disable_all_campaigns":false,"_monsterinsights_skip_tracking":false,"_monsterinsights_sitenote_active":false,"_monsterinsights_sitenote_note":"","_monsterinsights_sitenote_category":0,"_uf_show_specific_survey":0,"_uf_disable_surveys":false},"product_brand":[],"product_cat":[124],"product_tag":[],"class_list":{"0":"post-2467","1":"product","2":"type-product","3":"status-publish","4":"has-post-thumbnail","6":"product_cat-fiber-reinforcement-materials","8":"first","9":"instock","10":"shipping-taxable","11":"product-type-simple"},"yoast_head":"<!-- This site is optimized with the Yoast SEO Premium plugin v26.2 (Yoast SEO v26.5) - https:\/\/yoast.com\/wordpress\/plugins\/seo\/ -->\n<title>Hooked End Steel Fiber - KAIDA PAINT\u00ae<\/title>\n<meta name=\"robots\" content=\"index, follow, max-snippet:-1, max-image-preview:large, max-video-preview:-1\" \/>\n<link rel=\"canonical\" href=\"https:\/\/www.jinyupaint.com\/it\/prodotto\/hooked-end-steel-fiber\/\" \/>\n<meta property=\"og:locale\" content=\"it_IT\" \/>\n<meta property=\"og:type\" content=\"article\" \/>\n<meta property=\"og:title\" content=\"Hooked End Steel Fiber\" \/>\n<meta property=\"og:description\" content=\"Product Description Hooked End Steet Fiber are cut from thin sieel wires of acertain sirength [&hellip;]\" \/>\n<meta property=\"og:url\" content=\"https:\/\/www.jinyupaint.com\/it\/prodotto\/hooked-end-steel-fiber\/\" \/>\n<meta property=\"og:site_name\" content=\"KAIDA PAINT\u00ae\" \/>\n<meta property=\"article:modified_time\" content=\"2025-04-18T03:22:28+00:00\" \/>\n<meta property=\"og:image\" content=\"https:\/\/www.jinyupaint.com\/wp-content\/uploads\/2025\/01\/\u7aef\u94a9\u94a2\u7ea4\u7ef4.jpg\" \/>\n\t<meta property=\"og:image:width\" content=\"1706\" \/>\n\t<meta property=\"og:image:height\" content=\"1279\" \/>\n\t<meta property=\"og:image:type\" content=\"image\/jpeg\" \/>\n<meta name=\"twitter:card\" content=\"summary_large_image\" \/>\n<meta name=\"twitter:label1\" content=\"Tempo di lettura stimato\" \/>\n\t<meta name=\"twitter:data1\" content=\"3 minuti\" \/>\n<script type=\"application\/ld+json\" class=\"yoast-schema-graph\">{\"@context\":\"https:\/\/schema.org\",\"@graph\":[{\"@type\":\"WebPage\",\"@id\":\"https:\/\/www.jinyupaint.com\/product\/hooked-end-steel-fiber\",\"url\":\"https:\/\/www.jinyupaint.com\/product\/hooked-end-steel-fiber\",\"name\":\"Hooked End Steel Fiber - KAIDA PAINT\u00ae\",\"isPartOf\":{\"@id\":\"https:\/\/www.jinyupaint.com\/#website\"},\"primaryImageOfPage\":{\"@id\":\"https:\/\/www.jinyupaint.com\/product\/hooked-end-steel-fiber#primaryimage\"},\"image\":{\"@id\":\"https:\/\/www.jinyupaint.com\/product\/hooked-end-steel-fiber#primaryimage\"},\"thumbnailUrl\":\"https:\/\/www.jinyupaint.com\/wp-content\/uploads\/2025\/01\/\u7aef\u94a9\u94a2\u7ea4\u7ef4.jpg\",\"datePublished\":\"2025-01-06T11:43:25+00:00\",\"dateModified\":\"2025-04-18T03:22:28+00:00\",\"breadcrumb\":{\"@id\":\"https:\/\/www.jinyupaint.com\/product\/hooked-end-steel-fiber#breadcrumb\"},\"inLanguage\":\"it-IT\",\"potentialAction\":[{\"@type\":\"ReadAction\",\"target\":[\"https:\/\/www.jinyupaint.com\/product\/hooked-end-steel-fiber\"]}]},{\"@type\":\"ImageObject\",\"inLanguage\":\"it-IT\",\"@id\":\"https:\/\/www.jinyupaint.com\/product\/hooked-end-steel-fiber#primaryimage\",\"url\":\"https:\/\/www.jinyupaint.com\/wp-content\/uploads\/2025\/01\/\u7aef\u94a9\u94a2\u7ea4\u7ef4.jpg\",\"contentUrl\":\"https:\/\/www.jinyupaint.com\/wp-content\/uploads\/2025\/01\/\u7aef\u94a9\u94a2\u7ea4\u7ef4.jpg\",\"width\":1706,\"height\":1279},{\"@type\":\"BreadcrumbList\",\"@id\":\"https:\/\/www.jinyupaint.com\/product\/hooked-end-steel-fiber#breadcrumb\",\"itemListElement\":[{\"@type\":\"ListItem\",\"position\":1,\"name\":\"Home\",\"item\":\"https:\/\/www.jinyupaint.com\/\"},{\"@type\":\"ListItem\",\"position\":2,\"name\":\"Shop\",\"item\":\"https:\/\/www.jinyupaint.com\/shop.html\"},{\"@type\":\"ListItem\",\"position\":3,\"name\":\"Hooked End Steel Fiber\"}]},{\"@type\":\"WebSite\",\"@id\":\"https:\/\/www.jinyupaint.com\/#website\",\"url\":\"https:\/\/www.jinyupaint.com\/\",\"name\":\"JINYU\u00ae PAINT\",\"description\":\"JINYU PAINT\u00ae Manufacturer\",\"potentialAction\":[{\"@type\":\"SearchAction\",\"target\":{\"@type\":\"EntryPoint\",\"urlTemplate\":\"https:\/\/www.jinyupaint.com\/?s={search_term_string}\"},\"query-input\":{\"@type\":\"PropertyValueSpecification\",\"valueRequired\":true,\"valueName\":\"search_term_string\"}}],\"inLanguage\":\"it-IT\"}]}<\/script>\n<!-- \/ Yoast SEO Premium plugin. -->","yoast_head_json":{"title":"Hooked End Steel Fiber - KAIDA PAINT\u00ae","robots":{"index":"index","follow":"follow","max-snippet":"max-snippet:-1","max-image-preview":"max-image-preview:large","max-video-preview":"max-video-preview:-1"},"canonical":"https:\/\/www.jinyupaint.com\/it\/prodotto\/hooked-end-steel-fiber\/","og_locale":"it_IT","og_type":"article","og_title":"Hooked End Steel Fiber","og_description":"Product Description Hooked End Steet Fiber are cut from thin sieel wires of acertain sirength [&hellip;]","og_url":"https:\/\/www.jinyupaint.com\/it\/prodotto\/hooked-end-steel-fiber\/","og_site_name":"KAIDA PAINT\u00ae","article_modified_time":"2025-04-18T03:22:28+00:00","og_image":[{"width":1706,"height":1279,"url":"https:\/\/www.jinyupaint.com\/wp-content\/uploads\/2025\/01\/\u7aef\u94a9\u94a2\u7ea4\u7ef4.jpg","type":"image\/jpeg"}],"twitter_card":"summary_large_image","twitter_misc":{"Tempo di lettura stimato":"3 minuti"},"schema":{"@context":"https:\/\/schema.org","@graph":[{"@type":"WebPage","@id":"https:\/\/www.jinyupaint.com\/product\/hooked-end-steel-fiber","url":"https:\/\/www.jinyupaint.com\/product\/hooked-end-steel-fiber","name":"Hooked End Steel Fiber - KAIDA PAINT\u00ae","isPartOf":{"@id":"https:\/\/www.jinyupaint.com\/#website"},"primaryImageOfPage":{"@id":"https:\/\/www.jinyupaint.com\/product\/hooked-end-steel-fiber#primaryimage"},"image":{"@id":"https:\/\/www.jinyupaint.com\/product\/hooked-end-steel-fiber#primaryimage"},"thumbnailUrl":"https:\/\/www.jinyupaint.com\/wp-content\/uploads\/2025\/01\/\u7aef\u94a9\u94a2\u7ea4\u7ef4.jpg","datePublished":"2025-01-06T11:43:25+00:00","dateModified":"2025-04-18T03:22:28+00:00","breadcrumb":{"@id":"https:\/\/www.jinyupaint.com\/product\/hooked-end-steel-fiber#breadcrumb"},"inLanguage":"it-IT","potentialAction":[{"@type":"ReadAction","target":["https:\/\/www.jinyupaint.com\/product\/hooked-end-steel-fiber"]}]},{"@type":"ImageObject","inLanguage":"it-IT","@id":"https:\/\/www.jinyupaint.com\/product\/hooked-end-steel-fiber#primaryimage","url":"https:\/\/www.jinyupaint.com\/wp-content\/uploads\/2025\/01\/\u7aef\u94a9\u94a2\u7ea4\u7ef4.jpg","contentUrl":"https:\/\/www.jinyupaint.com\/wp-content\/uploads\/2025\/01\/\u7aef\u94a9\u94a2\u7ea4\u7ef4.jpg","width":1706,"height":1279},{"@type":"BreadcrumbList","@id":"https:\/\/www.jinyupaint.com\/product\/hooked-end-steel-fiber#breadcrumb","itemListElement":[{"@type":"ListItem","position":1,"name":"Home","item":"https:\/\/www.jinyupaint.com\/"},{"@type":"ListItem","position":2,"name":"Shop","item":"https:\/\/www.jinyupaint.com\/shop.html"},{"@type":"ListItem","position":3,"name":"Hooked End Steel Fiber"}]},{"@type":"WebSite","@id":"https:\/\/www.jinyupaint.com\/#website","url":"https:\/\/www.jinyupaint.com\/","name":"VERNICE JINYU","description":"JINYU PAINT\u00ae Produttore","potentialAction":[{"@type":"SearchAction","target":{"@type":"EntryPoint","urlTemplate":"https:\/\/www.jinyupaint.com\/?s={search_term_string}"},"query-input":{"@type":"PropertyValueSpecification","valueRequired":true,"valueName":"search_term_string"}}],"inLanguage":"it-IT"}]}},"_links":{"self":[{"href":"https:\/\/www.jinyupaint.com\/it\/wp-json\/wp\/v2\/product\/2467","targetHints":{"allow":["GET"]}}],"collection":[{"href":"https:\/\/www.jinyupaint.com\/it\/wp-json\/wp\/v2\/product"}],"about":[{"href":"https:\/\/www.jinyupaint.com\/it\/wp-json\/wp\/v2\/types\/product"}],"wp:featuredmedia":[{"embeddable":true,"href":"https:\/\/www.jinyupaint.com\/it\/wp-json\/wp\/v2\/media\/2460"}],"wp:attachment":[{"href":"https:\/\/www.jinyupaint.com\/it\/wp-json\/wp\/v2\/media?parent=2467"}],"wp:term":[{"taxonomy":"product_brand","embeddable":true,"href":"https:\/\/www.jinyupaint.com\/it\/wp-json\/wp\/v2\/product_brand?post=2467"},{"taxonomy":"product_cat","embeddable":true,"href":"https:\/\/www.jinyupaint.com\/it\/wp-json\/wp\/v2\/product_cat?post=2467"},{"taxonomy":"product_tag","embeddable":true,"href":"https:\/\/www.jinyupaint.com\/it\/wp-json\/wp\/v2\/product_tag?post=2467"}],"curies":[{"name":"wp","href":"https:\/\/api.w.org\/{rel}","templated":true}]}}