{"id":2465,"date":"2025-01-06T11:24:29","date_gmt":"2025-01-06T11:24:29","guid":{"rendered":"https:\/\/www.jinyupaint.com\/?post_type=product&#038;p=2465"},"modified":"2025-04-18T03:22:47","modified_gmt":"2025-04-18T03:22:47","slug":"alkali-resistant-glass-fiber","status":"publish","type":"product","link":"https:\/\/www.jinyupaint.com\/it\/prodotto\/alkali-resistant-glass-fiber","title":{"rendered":"Fibra di vetro resistente agli alcali"},"content":{"rendered":"<p>Descrizione del prodotto<br \/>\nLa fibra di vetro resistente agli alcali \u00e8 una fibra inorganica 100% ed \u00e8 ideale per sostituire l'acciaio e l'amianto nei componenti in cemento non portanti. La fibra di vetro resistente agli alcali ha una buona resistenza agli alcali, pu\u00f2 resistere efficacemente all'erosione delle sostanze ad alto contenuto di alcali nel cemento, ha un'elevata resistenza alla trazione, un'alta resistenza alla flessione, non \u00e8 infiammabile, \u00e8 antigelo e pu\u00f2 cambiare la temperatura e l'umidit\u00e0.<\/p>\n<p>Funzione del prodotto<br \/>\n1.Migliorare le prestazioni di flessione del calcestruzzo indurito.2.Controllare e prevenire la fessurazione del calcestruzzo appena mescolato.Calcestruzzo indurito e malta3.Mescolato in modo uniforme, ad alta efficienza4.Non facile da corrodere.5.Buone prestazioni di pompaggio.6.Basso consumo d'acqua.7.L'uso di dosi elevate non influisce sull'andamento del processo.<\/p>\n<p>Campo di applicazione<br \/>\n1.DAMS, canali, acqua, ecc.2.Tunnel, muro della miniera, tetto.3.Fiume, diga, serbatoio e altri progetti.4.Ingegneria di protezione militare, revetment del molo, bridgepiers, ecc.5.La produzione di componenti in calcestruzzo, tubi, piastre.6.Highway, ingegneria energetica, ecc.7.Building top foor, pareti intemal ed extemal, seminterrato, ecc.<\/p>\n<p>Istruzioni<br \/>\nDosaggio consigliato: Armatura secondaria: 1,5-5 kg\/m*, armatura primaria, pavimento armato: 5-15 kg\/m<br \/>\nProcesso di miscelazione: aggiungere aggregato - aggiungere fibre - aggiungere cemento - aggiungere acqua -*aggiungere acqua, disperdere completamente le fibre.<\/p>\n<p>Dettagli dell'imballaggioImballaggio: Sacchetto di plastica interno 1kg-5kg\/sacco, bagorcarton esterno tessuto10kg-25kg\/bagorcarton, 500kgs per pallet, pu\u00f2 anche essere prodotto e confezionato secondo i requisiti dell'utente.<\/p>","protected":false},"excerpt":{"rendered":"<p>Product Description Alkali resistant glass fiber is 100% inorganic fiber and is idealfor replacing steel [&hellip;]<\/p>\n","protected":false},"featured_media":2463,"template":"","meta":{"om_disable_all_campaigns":false,"_monsterinsights_skip_tracking":false,"_monsterinsights_sitenote_active":false,"_monsterinsights_sitenote_note":"","_monsterinsights_sitenote_category":0,"_uf_show_specific_survey":0,"_uf_disable_surveys":false},"product_brand":[],"product_cat":[124],"product_tag":[],"class_list":{"0":"post-2465","1":"product","2":"type-product","3":"status-publish","4":"has-post-thumbnail","6":"product_cat-fiber-reinforcement-materials","8":"first","9":"instock","10":"shipping-taxable","11":"product-type-simple"},"yoast_head":"<!-- This site is optimized with the Yoast SEO Premium plugin v26.2 (Yoast SEO v26.5) - https:\/\/yoast.com\/wordpress\/plugins\/seo\/ -->\n<title>Alkali Resistant Glass Fiber - KAIDA PAINT\u00ae<\/title>\n<meta name=\"robots\" content=\"index, follow, max-snippet:-1, max-image-preview:large, max-video-preview:-1\" \/>\n<link rel=\"canonical\" href=\"https:\/\/www.jinyupaint.com\/it\/prodotto\/alkali-resistant-glass-fiber\/\" \/>\n<meta property=\"og:locale\" content=\"it_IT\" \/>\n<meta property=\"og:type\" content=\"article\" \/>\n<meta property=\"og:title\" content=\"Alkali Resistant Glass Fiber\" \/>\n<meta property=\"og:description\" content=\"Product Description Alkali resistant glass fiber is 100% inorganic fiber and is idealfor replacing steel [&hellip;]\" \/>\n<meta property=\"og:url\" content=\"https:\/\/www.jinyupaint.com\/it\/prodotto\/alkali-resistant-glass-fiber\/\" \/>\n<meta property=\"og:site_name\" content=\"KAIDA PAINT\u00ae\" \/>\n<meta property=\"article:modified_time\" content=\"2025-04-18T03:22:47+00:00\" \/>\n<meta property=\"og:image\" content=\"https:\/\/www.jinyupaint.com\/wp-content\/uploads\/2025\/01\/\u8010\u78b1\u73bb\u7483\u7ea4\u7ef4.jpg\" \/>\n\t<meta property=\"og:image:width\" content=\"800\" \/>\n\t<meta property=\"og:image:height\" content=\"578\" \/>\n\t<meta property=\"og:image:type\" content=\"image\/jpeg\" \/>\n<meta name=\"twitter:card\" content=\"summary_large_image\" \/>\n<meta name=\"twitter:label1\" content=\"Tempo di lettura stimato\" \/>\n\t<meta name=\"twitter:data1\" content=\"1 minuto\" \/>\n<script type=\"application\/ld+json\" class=\"yoast-schema-graph\">{\"@context\":\"https:\/\/schema.org\",\"@graph\":[{\"@type\":\"WebPage\",\"@id\":\"https:\/\/www.jinyupaint.com\/product\/alkali-resistant-glass-fiber\",\"url\":\"https:\/\/www.jinyupaint.com\/product\/alkali-resistant-glass-fiber\",\"name\":\"Alkali Resistant Glass Fiber - KAIDA PAINT\u00ae\",\"isPartOf\":{\"@id\":\"https:\/\/www.jinyupaint.com\/#website\"},\"primaryImageOfPage\":{\"@id\":\"https:\/\/www.jinyupaint.com\/product\/alkali-resistant-glass-fiber#primaryimage\"},\"image\":{\"@id\":\"https:\/\/www.jinyupaint.com\/product\/alkali-resistant-glass-fiber#primaryimage\"},\"thumbnailUrl\":\"https:\/\/www.jinyupaint.com\/wp-content\/uploads\/2025\/01\/\u8010\u78b1\u73bb\u7483\u7ea4\u7ef4.jpg\",\"datePublished\":\"2025-01-06T11:24:29+00:00\",\"dateModified\":\"2025-04-18T03:22:47+00:00\",\"breadcrumb\":{\"@id\":\"https:\/\/www.jinyupaint.com\/product\/alkali-resistant-glass-fiber#breadcrumb\"},\"inLanguage\":\"it-IT\",\"potentialAction\":[{\"@type\":\"ReadAction\",\"target\":[\"https:\/\/www.jinyupaint.com\/product\/alkali-resistant-glass-fiber\"]}]},{\"@type\":\"ImageObject\",\"inLanguage\":\"it-IT\",\"@id\":\"https:\/\/www.jinyupaint.com\/product\/alkali-resistant-glass-fiber#primaryimage\",\"url\":\"https:\/\/www.jinyupaint.com\/wp-content\/uploads\/2025\/01\/\u8010\u78b1\u73bb\u7483\u7ea4\u7ef4.jpg\",\"contentUrl\":\"https:\/\/www.jinyupaint.com\/wp-content\/uploads\/2025\/01\/\u8010\u78b1\u73bb\u7483\u7ea4\u7ef4.jpg\",\"width\":800,\"height\":578},{\"@type\":\"BreadcrumbList\",\"@id\":\"https:\/\/www.jinyupaint.com\/product\/alkali-resistant-glass-fiber#breadcrumb\",\"itemListElement\":[{\"@type\":\"ListItem\",\"position\":1,\"name\":\"Home\",\"item\":\"https:\/\/www.jinyupaint.com\/\"},{\"@type\":\"ListItem\",\"position\":2,\"name\":\"Shop\",\"item\":\"https:\/\/www.jinyupaint.com\/shop.html\"},{\"@type\":\"ListItem\",\"position\":3,\"name\":\"Alkali Resistant Glass Fiber\"}]},{\"@type\":\"WebSite\",\"@id\":\"https:\/\/www.jinyupaint.com\/#website\",\"url\":\"https:\/\/www.jinyupaint.com\/\",\"name\":\"JINYU\u00ae PAINT\",\"description\":\"JINYU PAINT\u00ae Manufacturer\",\"potentialAction\":[{\"@type\":\"SearchAction\",\"target\":{\"@type\":\"EntryPoint\",\"urlTemplate\":\"https:\/\/www.jinyupaint.com\/?s={search_term_string}\"},\"query-input\":{\"@type\":\"PropertyValueSpecification\",\"valueRequired\":true,\"valueName\":\"search_term_string\"}}],\"inLanguage\":\"it-IT\"}]}<\/script>\n<!-- \/ Yoast SEO Premium plugin. -->","yoast_head_json":{"title":"Fibra di vetro resistente agli alcali - KAIDA PAINT","robots":{"index":"index","follow":"follow","max-snippet":"max-snippet:-1","max-image-preview":"max-image-preview:large","max-video-preview":"max-video-preview:-1"},"canonical":"https:\/\/www.jinyupaint.com\/it\/prodotto\/alkali-resistant-glass-fiber\/","og_locale":"it_IT","og_type":"article","og_title":"Alkali Resistant Glass Fiber","og_description":"Product Description Alkali resistant glass fiber is 100% inorganic fiber and is idealfor replacing steel [&hellip;]","og_url":"https:\/\/www.jinyupaint.com\/it\/prodotto\/alkali-resistant-glass-fiber\/","og_site_name":"KAIDA PAINT\u00ae","article_modified_time":"2025-04-18T03:22:47+00:00","og_image":[{"width":800,"height":578,"url":"https:\/\/www.jinyupaint.com\/wp-content\/uploads\/2025\/01\/\u8010\u78b1\u73bb\u7483\u7ea4\u7ef4.jpg","type":"image\/jpeg"}],"twitter_card":"summary_large_image","twitter_misc":{"Tempo di lettura stimato":"1 minuto"},"schema":{"@context":"https:\/\/schema.org","@graph":[{"@type":"WebPage","@id":"https:\/\/www.jinyupaint.com\/product\/alkali-resistant-glass-fiber","url":"https:\/\/www.jinyupaint.com\/product\/alkali-resistant-glass-fiber","name":"Fibra di vetro resistente agli alcali - KAIDA PAINT","isPartOf":{"@id":"https:\/\/www.jinyupaint.com\/#website"},"primaryImageOfPage":{"@id":"https:\/\/www.jinyupaint.com\/product\/alkali-resistant-glass-fiber#primaryimage"},"image":{"@id":"https:\/\/www.jinyupaint.com\/product\/alkali-resistant-glass-fiber#primaryimage"},"thumbnailUrl":"https:\/\/www.jinyupaint.com\/wp-content\/uploads\/2025\/01\/\u8010\u78b1\u73bb\u7483\u7ea4\u7ef4.jpg","datePublished":"2025-01-06T11:24:29+00:00","dateModified":"2025-04-18T03:22:47+00:00","breadcrumb":{"@id":"https:\/\/www.jinyupaint.com\/product\/alkali-resistant-glass-fiber#breadcrumb"},"inLanguage":"it-IT","potentialAction":[{"@type":"ReadAction","target":["https:\/\/www.jinyupaint.com\/product\/alkali-resistant-glass-fiber"]}]},{"@type":"ImageObject","inLanguage":"it-IT","@id":"https:\/\/www.jinyupaint.com\/product\/alkali-resistant-glass-fiber#primaryimage","url":"https:\/\/www.jinyupaint.com\/wp-content\/uploads\/2025\/01\/\u8010\u78b1\u73bb\u7483\u7ea4\u7ef4.jpg","contentUrl":"https:\/\/www.jinyupaint.com\/wp-content\/uploads\/2025\/01\/\u8010\u78b1\u73bb\u7483\u7ea4\u7ef4.jpg","width":800,"height":578},{"@type":"BreadcrumbList","@id":"https:\/\/www.jinyupaint.com\/product\/alkali-resistant-glass-fiber#breadcrumb","itemListElement":[{"@type":"ListItem","position":1,"name":"Home","item":"https:\/\/www.jinyupaint.com\/"},{"@type":"ListItem","position":2,"name":"Shop","item":"https:\/\/www.jinyupaint.com\/shop.html"},{"@type":"ListItem","position":3,"name":"Alkali Resistant Glass Fiber"}]},{"@type":"WebSite","@id":"https:\/\/www.jinyupaint.com\/#website","url":"https:\/\/www.jinyupaint.com\/","name":"VERNICE JINYU","description":"JINYU PAINT\u00ae Produttore","potentialAction":[{"@type":"SearchAction","target":{"@type":"EntryPoint","urlTemplate":"https:\/\/www.jinyupaint.com\/?s={search_term_string}"},"query-input":{"@type":"PropertyValueSpecification","valueRequired":true,"valueName":"search_term_string"}}],"inLanguage":"it-IT"}]}},"_links":{"self":[{"href":"https:\/\/www.jinyupaint.com\/it\/wp-json\/wp\/v2\/product\/2465","targetHints":{"allow":["GET"]}}],"collection":[{"href":"https:\/\/www.jinyupaint.com\/it\/wp-json\/wp\/v2\/product"}],"about":[{"href":"https:\/\/www.jinyupaint.com\/it\/wp-json\/wp\/v2\/types\/product"}],"wp:featuredmedia":[{"embeddable":true,"href":"https:\/\/www.jinyupaint.com\/it\/wp-json\/wp\/v2\/media\/2463"}],"wp:attachment":[{"href":"https:\/\/www.jinyupaint.com\/it\/wp-json\/wp\/v2\/media?parent=2465"}],"wp:term":[{"taxonomy":"product_brand","embeddable":true,"href":"https:\/\/www.jinyupaint.com\/it\/wp-json\/wp\/v2\/product_brand?post=2465"},{"taxonomy":"product_cat","embeddable":true,"href":"https:\/\/www.jinyupaint.com\/it\/wp-json\/wp\/v2\/product_cat?post=2465"},{"taxonomy":"product_tag","embeddable":true,"href":"https:\/\/www.jinyupaint.com\/it\/wp-json\/wp\/v2\/product_tag?post=2465"}],"curies":[{"name":"wp","href":"https:\/\/api.w.org\/{rel}","templated":true}]}}