{"id":1493,"date":"2023-10-17T03:44:03","date_gmt":"2023-10-17T03:44:03","guid":{"rendered":"http:\/\/www.jinyupaint.com\/?post_type=product&#038;p=1493"},"modified":"2025-05-15T09:37:02","modified_gmt":"2025-05-15T09:37:02","slug":"bggf-10-epoxy-glass-flake-paint","status":"publish","type":"product","link":"https:\/\/www.jinyupaint.com\/it\/prodotto\/bggf-10-epoxy-glass-flake-paint","title":{"rendered":"BGGF-10 Vernice epossidica a scaglie di vetro"},"content":{"rendered":"<h2><strong>Descrizione del prodotto:<\/strong><\/h2>\n<p>Questo prodotto \u00e8 un rivestimento epossidico bicomponente ad alto contenuto di solidi, rinforzato con pigmenti di scaglie di vetro, che offre un'eccezionale durata e resistenza alla corrosione.<\/p>\n<p>&nbsp;<\/p>\n<h2><strong>Caratteristiche principali:<\/strong><\/h2>\n<p>Questo prodotto \u00e8 adatto a strutture in acciaio esposte ad ambienti severi, con corrosione atmosferica e usura meccanica. Offre eccellenti propriet\u00e0 anticorrosione e antiusura. Viene utilizzato per la protezione di strutture in acciaio in vari ambienti corrosivi, tra cui le zone di spruzzi di strutture offshore, ponti e aree di lungomare, strutture di pali, cartiere, ponti e impianti chimici.<\/p>\n<p>&nbsp;<\/p>\n<h2><strong>Parametri fisici:<\/strong><\/h2>\n<ul>\n<li><strong>Colore:<\/strong> Limitato<\/li>\n<li><strong>Volume Solidi:<\/strong> 75\u00b12%<\/li>\n<li><strong>Spessore standard del film secco:<\/strong> Film secco: 200 micron Film umido: 267 micron<\/li>\n<li><strong>Tasso di copertura teorico:<\/strong> 2,6 m\u00b2\/kg, 3,75 m\u00b2\/L (sulla base di un film secco di 200 micron)<\/li>\n<li><strong>Tasso di copertura effettivo:<\/strong> Considerando un fattore di perdita appropriato<\/li>\n<li><strong>Punto di infiammabilit\u00e0:<\/strong> 28\u00b12\u00b0C<\/li>\n<li><\/li>\n<\/ul>\n<h2><strong>Istruzioni per la candidatura:<\/strong><\/h2>\n<p><strong>Preparazione della superficie:<\/strong><\/p>\n<p>Le prestazioni di questo prodotto dipendono dal grado di preparazione della superficie. La superficie da verniciare deve essere pulita, asciutta e priva di contaminanti. Prima di applicare la vernice, tutte le superfici devono essere valutate e trattate in conformit\u00e0 agli standard ISO 8504:2000. Lo sporco accumulato e i sali solubili devono essere rimossi. Lo sporco pu\u00f2 essere rimosso con una spazzola asciutta. I sali solubili devono essere rimossi mediante risciacquo con acqua dolce.<\/p>\n<p>L'olio e il grasso devono essere rimossi secondo lo standard di pulizia con solvente SSPC-SP1.<\/p>\n<p>La sabbiatura deve essere effettuata secondo gli standard Sa2.5 (ISO 8501-1:2007) o SSPC-SP6. Se si verifica un'ossidazione sulla superficie tra la sabbiatura e l'applicazione di questo prodotto, la superficie deve essere nuovamente sabbiata per soddisfare gli standard specificati.<\/p>\n<p>I difetti della superficie esposti durante la sabbiatura devono essere rettificati, riempiti o trattati con metodi appropriati. La rugosit\u00e0 superficiale consigliata \u00e8 di 50-70 micron.<\/p>\n<p>La temperatura del substrato non deve essere inferiore a 10\u00b0C e deve essere superiore di almeno 3\u00b0C alla temperatura del punto di rugiada.<\/p>\n<p><strong>Miscelazione:<\/strong><\/p>\n<p>Questo prodotto \u00e8 fornito in due contenitori che formano un'unit\u00e0. Deve essere miscelato in coppia secondo il rapporto specificato ogni volta e consumato entro il periodo di miscelazione e utilizzo prescritto.<\/p>\n<ol>\n<li>Miscelare la base (componente A) con un agitatore meccanico.<\/li>\n<li>Miscelare accuratamente tutto l'agente indurente (componente B) con la base (componente A) utilizzando un agitatore meccanico.<\/li>\n<\/ol>\n<p><strong>Periodo di miscelazione e utilizzo:<\/strong><\/p>\n<ul>\n<li>\n<table>\n<tbody>\n<tr>\n<td style=\"text-align: center;\" width=\"142\">15\u2103<\/td>\n<td style=\"text-align: center;\" width=\"142\">25\u2103<\/td>\n<td width=\"142\">\n<p style=\"text-align: center;\">35\u2103<\/p>\n<\/td>\n<\/tr>\n<tr>\n<td style=\"text-align: center;\" width=\"142\">4H<\/td>\n<td style=\"text-align: center;\" width=\"142\">2H<\/td>\n<td width=\"142\">\n<p style=\"text-align: center;\">1H<\/p>\n<\/td>\n<\/tr>\n<\/tbody>\n<\/table>\n<\/li>\n<\/ul>\n<p><strong>Diluente:<\/strong> Diluente BTE<\/p>\n<p><strong>Metodi di applicazione:<\/strong> Spruzzo Airless Spruzzo d'aria (con una pentola a pressione) Applicazione a pennello \/ Applicazione a rullo (solo per piccole superfici)<\/p>\n<p><strong>Rapporto di diradamento:<\/strong><\/p>\n<ul>\n<li>\n<table>\n<tbody>\n<tr>\n<td width=\"142\">\n<p style=\"text-align: center;\">Metodo di costruzione:<\/p>\n<\/td>\n<td style=\"text-align: center;\" width=\"142\">spruzzo airless<\/td>\n<td style=\"text-align: center;\" width=\"142\">spruzzo d'aria (con serbatoio a pressione)<\/td>\n<td style=\"text-align: center;\" width=\"142\">spazzola\/rullo<\/td>\n<\/tr>\n<tr>\n<td style=\"text-align: center;\" width=\"142\">Rapporto di diluizione:<\/td>\n<td style=\"text-align: center;\" width=\"142\">0-5%<\/td>\n<td style=\"text-align: center;\" width=\"142\">5-20%<\/td>\n<td width=\"142\">\n<p style=\"text-align: center;\">0-10%<\/p>\n<\/td>\n<\/tr>\n<\/tbody>\n<\/table>\n<\/li>\n<\/ul>\n<p><strong>Spray airless:<\/strong><\/p>\n<p>Dimensione ugello: 0,63-1,09 mm Pressione di spruzzo: 15 MPa<\/p>\n<p><strong>Tempi di asciugatura:<\/strong><\/p>\n<table>\n<tbody>\n<tr>\n<td width=\"124\">\n<p style=\"text-align: center;\">(Spessore del film umido 260\u03bcm, umidit\u00e0 relativa 50%)<\/p>\n<\/td>\n<td style=\"text-align: center;\" width=\"66\">15\u2103<\/td>\n<td style=\"text-align: center;\" width=\"105\">25\u2103<\/td>\n<td style=\"text-align: center;\" width=\"122\">35\u2103<\/td>\n<\/tr>\n<tr>\n<td width=\"124\">\n<p style=\"text-align: center;\">Dita asciutte al tatto<\/p>\n<\/td>\n<td style=\"text-align: center;\" width=\"66\">6H<\/td>\n<td style=\"text-align: center;\" width=\"105\">3H<\/td>\n<td style=\"text-align: center;\" width=\"122\">2H<\/td>\n<\/tr>\n<tr>\n<td style=\"text-align: center;\" width=\"124\">Trasportabile<\/td>\n<td style=\"text-align: center;\" width=\"66\">24H<\/td>\n<td style=\"text-align: center;\" width=\"105\">12H<\/td>\n<td width=\"122\">\n<p style=\"text-align: center;\">6H<\/p>\n<\/td>\n<\/tr>\n<tr>\n<td style=\"text-align: center;\" width=\"124\">completamente stagionato<\/td>\n<td style=\"text-align: center;\" width=\"66\">14 giorni<\/td>\n<td style=\"text-align: center;\" width=\"105\">7 giorni<\/td>\n<td width=\"122\">\n<p style=\"text-align: center;\">3 giorni<\/p>\n<\/td>\n<\/tr>\n<\/tbody>\n<\/table>\n<p><strong>Intervallo di ricopertura: (con questo prodotto come ricopertura)<\/strong><\/p>\n<table>\n<tbody>\n<tr>\n<td style=\"text-align: center;\" width=\"124\">(Spessore del film umido 260\u03bcm, umidit\u00e0 relativa 50%)<\/td>\n<td style=\"text-align: center;\" width=\"102\">15\u2103<\/td>\n<td style=\"text-align: center;\" width=\"89\">25\u2103<\/td>\n<td width=\"158\">\n<p style=\"text-align: center;\">35\u2103<\/p>\n<\/td>\n<\/tr>\n<tr>\n<td style=\"text-align: center;\" width=\"124\">pi\u00f9 breve<\/td>\n<td style=\"text-align: center;\" width=\"102\">24H<\/td>\n<td style=\"text-align: center;\" width=\"89\">12H<\/td>\n<td width=\"158\">\n<p style=\"text-align: center;\">6H<\/p>\n<\/td>\n<\/tr>\n<\/tbody>\n<\/table>\n<p><strong>Nota:<\/strong> I dati sopra riportati sono puramente indicativi. I tempi effettivi di essiccazione e riverniciatura possono variare a seconda dello spessore del film, della ventilazione, dell'umidit\u00e0, della vernice sottostante, dei requisiti di carico\/scarico anticipato e della resistenza meccanica, tra gli altri fattori.<\/p>\n<p>Questo prodotto \u00e8 adatto per ambienti atmosferici esterni e subacquei. Per le applicazioni subacquee, \u00e8 necessario uno spessore minimo del sistema di verniciatura di 450 micron per una protezione anticorrosione di lunga durata. Per l'esposizione generale all'atmosfera esterna, \u00e8 necessario uno spessore minimo del sistema di verniciatura di 350 micron. L'applicazione a spruzzo airless offre il massimo spessore del film in una sola mano. Con altri metodi di applicazione non \u00e8 possibile raggiungere lo spessore richiesto. Affinch\u00e9 l'applicazione a spruzzo ad aria raggiunga il massimo spessore del film, sono necessarie pi\u00f9 mani incrociate. Quando si applica questo prodotto a pennello o a rullo, sono necessari pi\u00f9 strati di rivestimento per raggiungere lo spessore totale del film secco specificato.<\/p>\n<p><strong>Pulizia degli utensili:<\/strong> Dopo l'uso, pulire tutti gli strumenti con il diluente BTE.<\/p>\n<p>&nbsp;<\/p>\n<h2><strong>Specifiche di imballaggio:<\/strong><\/h2>\n<p>25 kg per serie<\/p>\n<p>&nbsp;<\/p>\n<h2><strong>Periodo di conservazione:<\/strong><\/h2>\n<p>In un'area fresca, asciutta e ombreggiata, la durata di conservazione a scatola chiusa \u00e8 di un anno (a 25\u00b0C).<\/p>\n<p>&nbsp;<\/p>\n<p>&nbsp;<\/p>","protected":false},"excerpt":{"rendered":"<p>Il Glass Flake Epoxy Coating \u00e8 un tipo di rivestimento protettivo formulato principalmente con resine organiche, utilizzando la resina epossidica vinilestere come principale componente filmogeno. Il rivestimento incorpora pigmenti di scaglie di vetro, noti per la loro eccezionale resistenza chimica, come elemento chiave anticorrosivo.<\/p>\n<p>&nbsp;<\/p>\n<p>La vernice anticorrosiva a scaglie di vetro \u00e8 ampiamente applicata in scenari impegnativi di protezione dalla corrosione, tra cui il rivestimento interno di serbatoi di acidi chimici, la protezione di imbarcazioni marine, l'anticorrosione di ingegneria offshore e i rivestimenti di torri di desolforazione. Questi ambienti sono altamente corrosivi e richiedono una durata superiore. La vernice \u00e8 tipicamente disponibile in colori limitati, tra cui il verde \u00e8 il pi\u00f9 comune. Un'altra variante, il rivestimento in scaglie di vetro all'estere di vinile, offre prestazioni comparabili, ma con una maggiore resistenza alle alte temperature, in grado di sopportare temperature fino a 200\u00b0C. Ci\u00f2 lo rende particolarmente adatto per i rivestimenti dei condotti industriali dei gas di scarico negli impianti chimici.<\/p>","protected":false},"featured_media":1501,"template":"","meta":{"om_disable_all_campaigns":false,"_monsterinsights_skip_tracking":false,"_monsterinsights_sitenote_active":false,"_monsterinsights_sitenote_note":"","_monsterinsights_sitenote_category":0,"_uf_show_specific_survey":0,"_uf_disable_surveys":false},"product_brand":[],"product_cat":[79],"product_tag":[89,268,267,81,82],"class_list":{"0":"post-1493","1":"product","2":"type-product","3":"status-publish","4":"has-post-thumbnail","6":"product_cat-industrial-coating","7":"product_tag-epoxy-glass-flake-paint","8":"product_tag-glass-flake-epoxy-coating","9":"product_tag-glass-flake-paint","10":"product_tag-industrial-coating","11":"product_tag-industrial-paint","13":"first","14":"instock","15":"shipping-taxable","16":"product-type-simple"},"yoast_head":"<!-- This site is optimized with the Yoast SEO Premium plugin v26.2 (Yoast SEO v26.5) - https:\/\/yoast.com\/wordpress\/plugins\/seo\/ -->\n<title>BGGF-10 Epoxy Glass Flake Paint - KAIDA PAINT\u00ae<\/title>\n<meta name=\"description\" content=\"Enhance your industrial assets with our \u200b\u200bGlass Flake Epoxy Coating\u200b\u200b, a superior protective solution designed for extreme corrosion resistance and long-term durability. Ideal for marine, chemical, and oil &amp; gas industries, this coating combines epoxy resin with glass flakes to create a barrier against abrasion, chemicals, and UV degradation. Trusted for pipelines, tanks, and offshore structures.\" \/>\n<meta name=\"robots\" content=\"index, follow, max-snippet:-1, max-image-preview:large, max-video-preview:-1\" \/>\n<link rel=\"canonical\" href=\"https:\/\/www.jinyupaint.com\/it\/prodotto\/bggf-10-epoxy-glass-flake-paint\/\" \/>\n<meta property=\"og:locale\" content=\"it_IT\" \/>\n<meta property=\"og:type\" content=\"article\" \/>\n<meta property=\"og:title\" content=\"BGGF-10 Epoxy Glass Flake Paint\" \/>\n<meta property=\"og:description\" content=\"Enhance your industrial assets with our \u200b\u200bGlass Flake Epoxy Coating\u200b\u200b, a superior protective solution designed for extreme corrosion resistance and long-term durability. Ideal for marine, chemical, and oil &amp; gas industries, this coating combines epoxy resin with glass flakes to create a barrier against abrasion, chemicals, and UV degradation. Trusted for pipelines, tanks, and offshore structures.\" \/>\n<meta property=\"og:url\" content=\"https:\/\/www.jinyupaint.com\/it\/prodotto\/bggf-10-epoxy-glass-flake-paint\/\" \/>\n<meta property=\"og:site_name\" content=\"KAIDA PAINT\u00ae\" \/>\n<meta property=\"article:modified_time\" content=\"2025-05-15T09:37:02+00:00\" \/>\n<meta property=\"og:image\" content=\"https:\/\/www.jinyupaint.com\/wp-content\/uploads\/2023\/10\/Industrial-Paint-8.jpg\" \/>\n\t<meta property=\"og:image:width\" content=\"750\" \/>\n\t<meta property=\"og:image:height\" content=\"750\" \/>\n\t<meta property=\"og:image:type\" content=\"image\/jpeg\" \/>\n<meta name=\"twitter:card\" content=\"summary_large_image\" \/>\n<meta name=\"twitter:label1\" content=\"Tempo di lettura stimato\" \/>\n\t<meta name=\"twitter:data1\" content=\"3 minuti\" \/>\n<script type=\"application\/ld+json\" class=\"yoast-schema-graph\">{\"@context\":\"https:\/\/schema.org\",\"@graph\":[{\"@type\":\"WebPage\",\"@id\":\"https:\/\/www.jinyupaint.com\/product\/bggf-10-epoxy-glass-flake-paint\",\"url\":\"https:\/\/www.jinyupaint.com\/product\/bggf-10-epoxy-glass-flake-paint\",\"name\":\"BGGF-10 Epoxy Glass Flake Paint - KAIDA PAINT\u00ae\",\"isPartOf\":{\"@id\":\"https:\/\/www.jinyupaint.com\/#website\"},\"primaryImageOfPage\":{\"@id\":\"https:\/\/www.jinyupaint.com\/product\/bggf-10-epoxy-glass-flake-paint#primaryimage\"},\"image\":{\"@id\":\"https:\/\/www.jinyupaint.com\/product\/bggf-10-epoxy-glass-flake-paint#primaryimage\"},\"thumbnailUrl\":\"https:\/\/www.jinyupaint.com\/wp-content\/uploads\/2023\/10\/Industrial-Paint-8.jpg\",\"datePublished\":\"2023-10-17T03:44:03+00:00\",\"dateModified\":\"2025-05-15T09:37:02+00:00\",\"description\":\"Enhance your industrial assets with our \u200b\u200bGlass Flake Epoxy Coating\u200b\u200b, a superior protective solution designed for extreme corrosion resistance and long-term durability. Ideal for marine, chemical, and oil & gas industries, this coating combines epoxy resin with glass flakes to create a barrier against abrasion, chemicals, and UV degradation. Trusted for pipelines, tanks, and offshore structures.\",\"breadcrumb\":{\"@id\":\"https:\/\/www.jinyupaint.com\/product\/bggf-10-epoxy-glass-flake-paint#breadcrumb\"},\"inLanguage\":\"it-IT\",\"potentialAction\":[{\"@type\":\"ReadAction\",\"target\":[\"https:\/\/www.jinyupaint.com\/product\/bggf-10-epoxy-glass-flake-paint\"]}]},{\"@type\":\"ImageObject\",\"inLanguage\":\"it-IT\",\"@id\":\"https:\/\/www.jinyupaint.com\/product\/bggf-10-epoxy-glass-flake-paint#primaryimage\",\"url\":\"https:\/\/www.jinyupaint.com\/wp-content\/uploads\/2023\/10\/Industrial-Paint-8.jpg\",\"contentUrl\":\"https:\/\/www.jinyupaint.com\/wp-content\/uploads\/2023\/10\/Industrial-Paint-8.jpg\",\"width\":750,\"height\":750,\"caption\":\"Industrial-Paint\"},{\"@type\":\"BreadcrumbList\",\"@id\":\"https:\/\/www.jinyupaint.com\/product\/bggf-10-epoxy-glass-flake-paint#breadcrumb\",\"itemListElement\":[{\"@type\":\"ListItem\",\"position\":1,\"name\":\"Home\",\"item\":\"https:\/\/www.jinyupaint.com\/\"},{\"@type\":\"ListItem\",\"position\":2,\"name\":\"Shop\",\"item\":\"https:\/\/www.jinyupaint.com\/shop.html\"},{\"@type\":\"ListItem\",\"position\":3,\"name\":\"BGGF-10 Epoxy Glass Flake Paint\"}]},{\"@type\":\"WebSite\",\"@id\":\"https:\/\/www.jinyupaint.com\/#website\",\"url\":\"https:\/\/www.jinyupaint.com\/\",\"name\":\"JINYU\u00ae PAINT\",\"description\":\"JINYU PAINT\u00ae Manufacturer\",\"potentialAction\":[{\"@type\":\"SearchAction\",\"target\":{\"@type\":\"EntryPoint\",\"urlTemplate\":\"https:\/\/www.jinyupaint.com\/?s={search_term_string}\"},\"query-input\":{\"@type\":\"PropertyValueSpecification\",\"valueRequired\":true,\"valueName\":\"search_term_string\"}}],\"inLanguage\":\"it-IT\"}]}<\/script>\n<!-- \/ Yoast SEO Premium plugin. -->","yoast_head_json":{"title":"BGGF-10 Vernice epossidica a base di scaglie di vetro - KAIDA PAINT","description":"Migliorate i vostri beni industriali con il nostro rivestimento epossidico con scaglie di vetro, una soluzione protettiva superiore progettata per garantire un'estrema resistenza alla corrosione e una lunga durata. Ideale per i settori marino, chimico, petrolifero e del gas, questo rivestimento combina la resina epossidica con scaglie di vetro per creare una barriera contro l'abrasione, le sostanze chimiche e la degradazione dei raggi UV. \u00c8 affidabile per condutture, serbatoi e strutture offshore.","robots":{"index":"index","follow":"follow","max-snippet":"max-snippet:-1","max-image-preview":"max-image-preview:large","max-video-preview":"max-video-preview:-1"},"canonical":"https:\/\/www.jinyupaint.com\/it\/prodotto\/bggf-10-epoxy-glass-flake-paint\/","og_locale":"it_IT","og_type":"article","og_title":"BGGF-10 Epoxy Glass Flake Paint","og_description":"Enhance your industrial assets with our \u200b\u200bGlass Flake Epoxy Coating\u200b\u200b, a superior protective solution designed for extreme corrosion resistance and long-term durability. Ideal for marine, chemical, and oil & gas industries, this coating combines epoxy resin with glass flakes to create a barrier against abrasion, chemicals, and UV degradation. Trusted for pipelines, tanks, and offshore structures.","og_url":"https:\/\/www.jinyupaint.com\/it\/prodotto\/bggf-10-epoxy-glass-flake-paint\/","og_site_name":"KAIDA PAINT\u00ae","article_modified_time":"2025-05-15T09:37:02+00:00","og_image":[{"width":750,"height":750,"url":"https:\/\/www.jinyupaint.com\/wp-content\/uploads\/2023\/10\/Industrial-Paint-8.jpg","type":"image\/jpeg"}],"twitter_card":"summary_large_image","twitter_misc":{"Tempo di lettura stimato":"3 minuti"},"schema":{"@context":"https:\/\/schema.org","@graph":[{"@type":"WebPage","@id":"https:\/\/www.jinyupaint.com\/product\/bggf-10-epoxy-glass-flake-paint","url":"https:\/\/www.jinyupaint.com\/product\/bggf-10-epoxy-glass-flake-paint","name":"BGGF-10 Vernice epossidica a base di scaglie di vetro - KAIDA PAINT","isPartOf":{"@id":"https:\/\/www.jinyupaint.com\/#website"},"primaryImageOfPage":{"@id":"https:\/\/www.jinyupaint.com\/product\/bggf-10-epoxy-glass-flake-paint#primaryimage"},"image":{"@id":"https:\/\/www.jinyupaint.com\/product\/bggf-10-epoxy-glass-flake-paint#primaryimage"},"thumbnailUrl":"https:\/\/www.jinyupaint.com\/wp-content\/uploads\/2023\/10\/Industrial-Paint-8.jpg","datePublished":"2023-10-17T03:44:03+00:00","dateModified":"2025-05-15T09:37:02+00:00","description":"Migliorate i vostri beni industriali con il nostro rivestimento epossidico con scaglie di vetro, una soluzione protettiva superiore progettata per garantire un'estrema resistenza alla corrosione e una lunga durata. Ideale per i settori marino, chimico, petrolifero e del gas, questo rivestimento combina la resina epossidica con scaglie di vetro per creare una barriera contro l'abrasione, le sostanze chimiche e la degradazione dei raggi UV. \u00c8 affidabile per condutture, serbatoi e strutture offshore.","breadcrumb":{"@id":"https:\/\/www.jinyupaint.com\/product\/bggf-10-epoxy-glass-flake-paint#breadcrumb"},"inLanguage":"it-IT","potentialAction":[{"@type":"ReadAction","target":["https:\/\/www.jinyupaint.com\/product\/bggf-10-epoxy-glass-flake-paint"]}]},{"@type":"ImageObject","inLanguage":"it-IT","@id":"https:\/\/www.jinyupaint.com\/product\/bggf-10-epoxy-glass-flake-paint#primaryimage","url":"https:\/\/www.jinyupaint.com\/wp-content\/uploads\/2023\/10\/Industrial-Paint-8.jpg","contentUrl":"https:\/\/www.jinyupaint.com\/wp-content\/uploads\/2023\/10\/Industrial-Paint-8.jpg","width":750,"height":750,"caption":"Industrial-Paint"},{"@type":"BreadcrumbList","@id":"https:\/\/www.jinyupaint.com\/product\/bggf-10-epoxy-glass-flake-paint#breadcrumb","itemListElement":[{"@type":"ListItem","position":1,"name":"Home","item":"https:\/\/www.jinyupaint.com\/"},{"@type":"ListItem","position":2,"name":"Shop","item":"https:\/\/www.jinyupaint.com\/shop.html"},{"@type":"ListItem","position":3,"name":"BGGF-10 Epoxy Glass Flake Paint"}]},{"@type":"WebSite","@id":"https:\/\/www.jinyupaint.com\/#website","url":"https:\/\/www.jinyupaint.com\/","name":"VERNICE JINYU","description":"JINYU PAINT\u00ae Produttore","potentialAction":[{"@type":"SearchAction","target":{"@type":"EntryPoint","urlTemplate":"https:\/\/www.jinyupaint.com\/?s={search_term_string}"},"query-input":{"@type":"PropertyValueSpecification","valueRequired":true,"valueName":"search_term_string"}}],"inLanguage":"it-IT"}]}},"_links":{"self":[{"href":"https:\/\/www.jinyupaint.com\/it\/wp-json\/wp\/v2\/product\/1493","targetHints":{"allow":["GET"]}}],"collection":[{"href":"https:\/\/www.jinyupaint.com\/it\/wp-json\/wp\/v2\/product"}],"about":[{"href":"https:\/\/www.jinyupaint.com\/it\/wp-json\/wp\/v2\/types\/product"}],"wp:featuredmedia":[{"embeddable":true,"href":"https:\/\/www.jinyupaint.com\/it\/wp-json\/wp\/v2\/media\/1501"}],"wp:attachment":[{"href":"https:\/\/www.jinyupaint.com\/it\/wp-json\/wp\/v2\/media?parent=1493"}],"wp:term":[{"taxonomy":"product_brand","embeddable":true,"href":"https:\/\/www.jinyupaint.com\/it\/wp-json\/wp\/v2\/product_brand?post=1493"},{"taxonomy":"product_cat","embeddable":true,"href":"https:\/\/www.jinyupaint.com\/it\/wp-json\/wp\/v2\/product_cat?post=1493"},{"taxonomy":"product_tag","embeddable":true,"href":"https:\/\/www.jinyupaint.com\/it\/wp-json\/wp\/v2\/product_tag?post=1493"}],"curies":[{"name":"wp","href":"https:\/\/api.w.org\/{rel}","templated":true}]}}