{"id":1482,"date":"2023-10-17T02:49:22","date_gmt":"2023-10-17T02:49:22","guid":{"rendered":"http:\/\/www.jinyupaint.com\/?post_type=product&#038;p=1482"},"modified":"2025-07-14T08:23:42","modified_gmt":"2025-07-14T08:23:42","slug":"bga-40-acrylic-polyurethane-topcoat","status":"publish","type":"product","link":"https:\/\/www.jinyupaint.com\/it\/prodotto\/bga-40-acrylic-polyurethane-topcoat","title":{"rendered":"BGA-40 Finitura poliuretanica acrilica"},"content":{"rendered":"<h2><strong>Descrizione del prodotto.<\/strong><\/h2>\n<p>Questa finitura poliuretanica acrilica alifatica bicomponente ad alto potere riempitivo \u00e8 una finitura poco lucida con un'eccezionale ritenzione del colore, specificamente progettata per le strutture in acciaio esposte a condizioni corrosive moderate. Essendo un rivestimento poliuretanico alifatico di qualit\u00e0 superiore, offre una durata superiore, una resistenza ai raggi UV e una protezione a lungo termine rispetto alle opzioni acriliche o poliuretaniche standard. La formulazione dello smalto poliuretanico acrilico grasso garantisce un'eccellente resistenza agli agenti atmosferici, rendendolo ideale sia per i rivestimenti di nuova costruzione che per le applicazioni di manutenzione in cui una vernice poliuretanica ad alta brillantezza non \u00e8 desiderabile.<\/p>\n<p>&nbsp;<\/p>\n<h2><strong>Applicazione del prodotto.<\/strong><\/h2>\n<p>Progettato per le aree che richiedono uno smalto poliuretanico acrilico opaco, questo uretano acrilico alifatico supera lo smalto poliuretanico convenzionale o lo smalto acrilico uretanico in termini di flessibilit\u00e0 e adesione.<\/p>\n<p>&nbsp;<\/p>\n<h2><strong>Parametri fisici:<\/strong><\/h2>\n<p><strong>Colore:<\/strong> vari colori<\/p>\n<p><strong>Contenuto solido in volume:<\/strong> 58\u00b12%<\/p>\n<p><strong>Spessore standard del film:<\/strong> Film secco: 60 micron Film umido: 103 micron<\/p>\n<p><strong>Tasso di rivestimento teorico:<\/strong> 6,9\u33a1\/kg, 9,7\u33a1\/L (sulla base di un film secco di 60 micron)<\/p>\n<p><strong>Tasso di copertura effettivo:<\/strong> Considerare i fattori di perdita appropriati<\/p>\n<p><strong>Punto di infiammabilit\u00e0:<\/strong> 29\u00b12\u2103 (dopo la miscelazione)<\/p>\n<p>&nbsp;<\/p>\n<h2><strong>Istruzioni per l'applicazione<\/strong><\/h2>\n<h3>Trattamento della superficie:<\/h3>\n<p>Tutte le superfici da rivestire devono essere pulite, asciutte e prive di contaminazione. Prima della verniciatura, tutte le superfici devono essere valutate e trattate in conformit\u00e0 agli standard ISO8504:2000. Questo prodotto deve essere sempre applicato sopra una vernice antiruggine raccomandata. La superficie del primer deve essere asciutta e priva di contaminazione. Questo prodotto deve essere applicato entro gli intervalli di ricopertura specificati. Le aree danneggiate e sfaldate devono essere trattate secondo lo standard Sa2.5 (ISO8501-1:2007) o SSPC-SP6) e devono essere riverniciate prima di applicare il prodotto. La temperatura del substrato non deve essere inferiore a 10\u2103 e deve essere superiore di almeno 3\u2103 alla temperatura del punto di rugiada dell'aria.<\/p>\n<p><strong>Miscelazione:<\/strong> Questo prodotto viene fornito in due barattoli per formare un'unit\u00e0. Deve essere miscelato a coppie in una sola volta secondo il rapporto prescritto ogni volta e consumato entro il periodo di miscelazione prescritto.<\/p>\n<p><strong>Durata della miscelazione:<\/strong><\/p>\n<table>\n<tbody>\n<tr>\n<td width=\"142\">15\u2103<\/td>\n<td width=\"142\">25\u2103<\/td>\n<td width=\"142\">40\u2103<\/td>\n<\/tr>\n<tr>\n<td width=\"142\">4H<\/td>\n<td width=\"142\">2H<\/td>\n<td width=\"142\">1H<\/td>\n<\/tr>\n<\/tbody>\n<\/table>\n<p><strong>Diluente: JINYU No. 2Diluente<\/strong><\/p>\n<table>\n<tbody>\n<tr>\n<td width=\"142\">Metodo di costruzione:<\/td>\n<td width=\"142\">spruzzo airless<\/td>\n<td width=\"142\">spruzzo d'aria (con serbatoio a pressione)<\/td>\n<td width=\"142\">spazzola\/rullo<\/td>\n<\/tr>\n<tr>\n<td width=\"142\">Rapporto di diluizione:<\/td>\n<td width=\"142\">0-5%<\/td>\n<td width=\"142\">5-10%<\/td>\n<td width=\"142\">0-5%<\/td>\n<\/tr>\n<\/tbody>\n<\/table>\n<p><strong><b>Spray airless:<\/b><\/strong><\/p>\n<p><strong><b>Dimensione ugello: 0,33-0,46 mm<\/b><\/strong><\/p>\n<p><strong><b>Pressione di scarico: 15MPa<\/b><\/strong><\/p>\n<p><strong>Tempo di asciugatura:<\/strong><\/p>\n<table>\n<tbody>\n<tr>\n<td width=\"124\">(Spessore del film umido 103\u03bcm, umidit\u00e0 relativa 50%)<\/td>\n<td width=\"66\">15\u2103<\/td>\n<td width=\"105\">25\u2103<\/td>\n<td width=\"122\">35\u2103<\/td>\n<\/tr>\n<tr>\n<td width=\"124\">Dita asciutte al tatto<\/td>\n<td width=\"66\">4H<\/td>\n<td width=\"105\">1H<\/td>\n<td width=\"122\">0.5H<\/td>\n<\/tr>\n<tr>\n<td width=\"124\">Trasportabile<\/td>\n<td width=\"66\">24H<\/td>\n<td width=\"105\">6H<\/td>\n<td width=\"122\">6H<\/td>\n<\/tr>\n<tr>\n<td width=\"124\">completamente stagionato<\/td>\n<td width=\"66\">10 giorni<\/td>\n<td width=\"105\">7 giorni<\/td>\n<td width=\"122\">2 giorni<\/td>\n<\/tr>\n<\/tbody>\n<\/table>\n<p><strong>Intervallo di ricopertura:<\/strong><\/p>\n<table>\n<tbody>\n<tr>\n<td width=\"124\">(Spessore del film umido 103\u03bcm, umidit\u00e0 relativa 50%)<\/td>\n<td width=\"102\">15\u2103<\/td>\n<td width=\"89\">25\u2103<\/td>\n<td width=\"158\">35\u2103<\/td>\n<\/tr>\n<tr>\n<td width=\"124\">pi\u00f9 breve<\/td>\n<td width=\"102\">5H<\/td>\n<td width=\"89\">4H<\/td>\n<td width=\"158\">1H<\/td>\n<\/tr>\n<\/tbody>\n<\/table>\n<p><strong><b>Specifiche di imballaggio: 25KG\/gruppo<\/b><\/strong><\/p>\n<p>&nbsp;<\/p>\n<figure id=\"attachment_4525\" aria-describedby=\"caption-attachment-4525\" style=\"width: 600px\" class=\"wp-caption alignnone\"><a href=\"https:\/\/www.jinyupaint.com\/wp-content\/uploads\/2023\/10\/Acrylic-Polyurethane-Paint-Application.jpg\"><img fetchpriority=\"high\" decoding=\"async\" class=\"wp-image-4525\" src=\"https:\/\/www.jinyupaint.com\/wp-content\/uploads\/2023\/10\/Acrylic-Polyurethane-Paint-Application.jpg\" alt=\"Applicazione della vernice poliuretanica acrilica\" width=\"600\" height=\"450\" srcset=\"https:\/\/www.jinyupaint.com\/wp-content\/uploads\/2023\/10\/Acrylic-Polyurethane-Paint-Application.jpg 800w, https:\/\/www.jinyupaint.com\/wp-content\/uploads\/2023\/10\/Acrylic-Polyurethane-Paint-Application-300x225.jpg 300w, https:\/\/www.jinyupaint.com\/wp-content\/uploads\/2023\/10\/Acrylic-Polyurethane-Paint-Application-768x576.jpg 768w, https:\/\/www.jinyupaint.com\/wp-content\/uploads\/2023\/10\/Acrylic-Polyurethane-Paint-Application-600x450.jpg 600w\" sizes=\"(max-width: 600px) 100vw, 600px\" \/><\/a><figcaption id=\"caption-attachment-4525\" class=\"wp-caption-text\">Applicazione della vernice poliuretanica acrilica<\/figcaption><\/figure>\n<p>&nbsp;<\/p>\n<h2 style=\"text-align: center;\"><strong>Qual \u00e8 la differenza tra vernice acrilica, vernice poliuretanica acrilica e vernice poliuretanica alifatica?<\/strong><\/h2>\n<div style=\"position: relative;\">\n<div style=\"content: ''; width: 248px; height: 1px; background: #c8c8c8; display: block; margin: auto;\"><\/div>\n<div style=\"content: ''; width: 37px; height: 3px; background: #d51405; display: block; position: absolute; left: 50%; margin-left: -18px; bottom: 0;\"><\/div>\n<\/div>\n<p>&nbsp;<\/p>\n<p>Le vernici acriliche sono sistemi monocomponenti, mentre le finiture poliuretaniche acriliche e i rivestimenti poliuretanici alifatici sono formulazioni bicomponenti. In genere, le vernici poliuretaniche acriliche appartengono alla categoria delle vernici poliuretaniche alifatiche, specificamente progettate per offrire una resistenza superiore agli agenti atmosferici e una durata a lungo termine.<\/p>\n<p>&nbsp;<\/p>\n<p>Le differenze principali tra vernici acriliche e poliuretaniche vanno oltre i metodi di polimerizzazione e si estendono a fattori di prestazione critici come la resistenza ai raggi UV e la protezione dalla corrosione. Le vernici acriliche a smalto poliuretanico dimostrano una resistenza alla corrosione significativamente superiore rispetto alle opzioni acriliche standard. I sistemi di rivestimento poliuretanici alifatici sono formulati specificamente per garantire un'eccezionale resistenza agli agenti atmosferici esterni e una protezione dai raggi UV, superando gli acrilici sia per quanto riguarda la durezza della superficie sia per la ritenzione della brillantezza.<\/p>\n<p>&nbsp;<\/p>\n<p>Per i progetti che richiedono sia qualit\u00e0 protettive che un aspetto decorativo, le finiture poliuretaniche acriliche alifatiche offrono vantaggi distinti rispetto alle tradizionali vernici acriliche poliuretaniche. La maggiore resistenza chimica e l'eccellente ritenzione del colore rendono queste vernici poliuretaniche ideali per le applicazioni industriali pi\u00f9 esigenti, dove la durata e l'estetica sono fondamentali.<\/p>\n<p>&nbsp;<\/p>\n<h2 style=\"text-align: center;\"><strong>Faq della finitura poliuretanica acrilica<\/strong><\/h2>\n<div style=\"position: relative;\">\n<div style=\"content: ''; width: 248px; height: 1px; background: #c8c8c8; display: block; margin: auto;\"><\/div>\n<div style=\"content: ''; width: 37px; height: 3px; background: #d51405; display: block; position: absolute; left: 50%; margin-left: -18px; bottom: 0;\"><\/div>\n<\/div>\n<p>&nbsp;<\/p>\n<ul>\n<li><a href=\"https:\/\/www.jinyupaint.com\/it\/how-to-choose-the-compatible-primer-for-acrylic-polyurethane-finish.html\/\">Come scegliere il primer compatibile con la finitura acrilica poliuretanica?<\/a><\/li>\n<\/ul>","protected":false},"excerpt":{"rendered":"<p>La finitura poliuretanica acrilica, nota anche come smalto poliuretanico acrilico, \u00e8 un sistema di rivestimento bicomponente ad alte prestazioni che offre una durata e un'estetica eccezionali. Questo rivestimento poliuretanico alifatico offre un'eccezionale resistenza agli agenti atmosferici, ai raggi UV e ai solventi, che lo rendono ideale per le applicazioni esterne pi\u00f9 impegnative. Grazie alla sua finitura lucida e alle sue qualit\u00e0 decorative superiori, la vernice poliuretanica acrilica \u00e8 diventata la scelta preferita per i principali progetti infrastrutturali e industriali in tutto il mondo.<\/p>\n<p>&nbsp;<\/p>\n<p>Specificamente formulato per applicazioni industriali anticorrosione di fascia medio-alta, questo smalto poliuretanico offre un'eccellente protezione per: strutture in acciaio, rivestimenti di ponti, superfici in calcestruzzo, esterni di edifici, attrezzature meccaniche, installazioni costiere e protezione di condutture. Rispetto alle opzioni acriliche o poliuretaniche standard, questo sistema di rivestimento poliuretanico acrilico alifatico offre una maggiore resistenza chimica e un mantenimento del colore a lungo termine, superando le vernici poliuretaniche convenzionali fino a 5 volte in termini di durata.<\/p>","protected":false},"featured_media":5095,"template":"","meta":{"om_disable_all_campaigns":false,"_monsterinsights_skip_tracking":false,"_monsterinsights_sitenote_active":false,"_monsterinsights_sitenote_note":"","_monsterinsights_sitenote_category":0,"_uf_show_specific_survey":0,"_uf_disable_surveys":false},"product_brand":[],"product_cat":[79,505],"product_tag":[84,81,82],"class_list":{"0":"post-1482","1":"product","2":"type-product","3":"status-publish","4":"has-post-thumbnail","6":"product_cat-industrial-coating","7":"product_cat-polyurethane-paint","8":"product_tag-acrylic-polyurethane-topcoat","9":"product_tag-industrial-coating","10":"product_tag-industrial-paint","12":"first","13":"instock","14":"shipping-taxable","15":"product-type-simple"},"yoast_head":"<!-- This site is optimized with the Yoast SEO Premium plugin v26.2 (Yoast SEO v26.5) - https:\/\/yoast.com\/wordpress\/plugins\/seo\/ -->\n<title>BGA-40 Acrylic Polyurethane Topcoat - KAIDA PAINT\u00ae Manufacturer | Supplier<\/title>\n<meta name=\"description\" content=\"High-performance \u200b\u200baliphatic acrylic polyurethane finish\u200b\u200b with superior UV resistance &amp; color retention. Ideal for steel structures in corrosive environments. Low-sheen, durable \u200b\u200bpolyurethane enamel paint\u200b\u200b.\" \/>\n<meta name=\"robots\" content=\"index, follow, max-snippet:-1, max-image-preview:large, max-video-preview:-1\" \/>\n<link rel=\"canonical\" href=\"https:\/\/www.jinyupaint.com\/it\/prodotto\/bga-40-acrylic-polyurethane-topcoat\/\" \/>\n<meta property=\"og:locale\" content=\"it_IT\" \/>\n<meta property=\"og:type\" content=\"article\" \/>\n<meta property=\"og:title\" content=\"BGA-40 Acrylic Polyurethane Topcoat\" \/>\n<meta property=\"og:description\" content=\"High-performance \u200b\u200baliphatic acrylic polyurethane finish\u200b\u200b with superior UV resistance &amp; color retention. Ideal for steel structures in corrosive environments. Low-sheen, durable \u200b\u200bpolyurethane enamel paint\u200b\u200b.\" \/>\n<meta property=\"og:url\" content=\"https:\/\/www.jinyupaint.com\/it\/prodotto\/bga-40-acrylic-polyurethane-topcoat\/\" \/>\n<meta property=\"og:site_name\" content=\"KAIDA PAINT\u00ae\" \/>\n<meta property=\"article:modified_time\" content=\"2025-07-14T08:23:42+00:00\" \/>\n<meta property=\"og:image\" content=\"https:\/\/www.jinyupaint.com\/wp-content\/uploads\/2023\/10\/Acrylic-Polyurethane-Finish.jpg\" \/>\n\t<meta property=\"og:image:width\" content=\"750\" \/>\n\t<meta property=\"og:image:height\" content=\"750\" \/>\n\t<meta property=\"og:image:type\" content=\"image\/jpeg\" \/>\n<meta name=\"twitter:card\" content=\"summary_large_image\" \/>\n<meta name=\"twitter:label1\" content=\"Tempo di lettura stimato\" \/>\n\t<meta name=\"twitter:data1\" content=\"3 minuti\" \/>\n<script type=\"application\/ld+json\" class=\"yoast-schema-graph\">{\"@context\":\"https:\/\/schema.org\",\"@graph\":[{\"@type\":\"WebPage\",\"@id\":\"https:\/\/www.jinyupaint.com\/product\/bga-40-acrylic-polyurethane-topcoat\",\"url\":\"https:\/\/www.jinyupaint.com\/product\/bga-40-acrylic-polyurethane-topcoat\",\"name\":\"BGA-40 Acrylic Polyurethane Topcoat - KAIDA PAINT\u00ae Manufacturer | Supplier\",\"isPartOf\":{\"@id\":\"https:\/\/www.jinyupaint.com\/#website\"},\"primaryImageOfPage\":{\"@id\":\"https:\/\/www.jinyupaint.com\/product\/bga-40-acrylic-polyurethane-topcoat#primaryimage\"},\"image\":{\"@id\":\"https:\/\/www.jinyupaint.com\/product\/bga-40-acrylic-polyurethane-topcoat#primaryimage\"},\"thumbnailUrl\":\"https:\/\/www.jinyupaint.com\/wp-content\/uploads\/2023\/10\/Acrylic-Polyurethane-Finish.jpg\",\"datePublished\":\"2023-10-17T02:49:22+00:00\",\"dateModified\":\"2025-07-14T08:23:42+00:00\",\"description\":\"High-performance \u200b\u200baliphatic acrylic polyurethane finish\u200b\u200b with superior UV resistance & color retention. Ideal for steel structures in corrosive environments. Low-sheen, durable \u200b\u200bpolyurethane enamel paint\u200b\u200b.\",\"breadcrumb\":{\"@id\":\"https:\/\/www.jinyupaint.com\/product\/bga-40-acrylic-polyurethane-topcoat#breadcrumb\"},\"inLanguage\":\"it-IT\",\"potentialAction\":[{\"@type\":\"ReadAction\",\"target\":[\"https:\/\/www.jinyupaint.com\/product\/bga-40-acrylic-polyurethane-topcoat\"]}]},{\"@type\":\"ImageObject\",\"inLanguage\":\"it-IT\",\"@id\":\"https:\/\/www.jinyupaint.com\/product\/bga-40-acrylic-polyurethane-topcoat#primaryimage\",\"url\":\"https:\/\/www.jinyupaint.com\/wp-content\/uploads\/2023\/10\/Acrylic-Polyurethane-Finish.jpg\",\"contentUrl\":\"https:\/\/www.jinyupaint.com\/wp-content\/uploads\/2023\/10\/Acrylic-Polyurethane-Finish.jpg\",\"width\":750,\"height\":750,\"caption\":\"Acrylic Polyurethane Finish\"},{\"@type\":\"BreadcrumbList\",\"@id\":\"https:\/\/www.jinyupaint.com\/product\/bga-40-acrylic-polyurethane-topcoat#breadcrumb\",\"itemListElement\":[{\"@type\":\"ListItem\",\"position\":1,\"name\":\"Home\",\"item\":\"https:\/\/www.jinyupaint.com\/\"},{\"@type\":\"ListItem\",\"position\":2,\"name\":\"Shop\",\"item\":\"https:\/\/www.jinyupaint.com\/shop.html\"},{\"@type\":\"ListItem\",\"position\":3,\"name\":\"BGA-40 Acrylic Polyurethane Topcoat\"}]},{\"@type\":\"WebSite\",\"@id\":\"https:\/\/www.jinyupaint.com\/#website\",\"url\":\"https:\/\/www.jinyupaint.com\/\",\"name\":\"JINYU\u00ae PAINT\",\"description\":\"JINYU PAINT\u00ae Manufacturer\",\"potentialAction\":[{\"@type\":\"SearchAction\",\"target\":{\"@type\":\"EntryPoint\",\"urlTemplate\":\"https:\/\/www.jinyupaint.com\/?s={search_term_string}\"},\"query-input\":{\"@type\":\"PropertyValueSpecification\",\"valueRequired\":true,\"valueName\":\"search_term_string\"}}],\"inLanguage\":\"it-IT\"}]}<\/script>\n<!-- \/ Yoast SEO Premium plugin. -->","yoast_head_json":{"title":"BGA-40 Acrylic Polyurethane Topcoat - KAIDA PAINT\u00ae Manufacturer | Supplier","description":"Finitura poliuretanica acrilica alifatica ad alte prestazioni con resistenza ai raggi UV e ritenzione del colore superiori. Ideale per strutture in acciaio in ambienti corrosivi. Smalto poliuretanico a bassa lucentezza e lunga durata.","robots":{"index":"index","follow":"follow","max-snippet":"max-snippet:-1","max-image-preview":"max-image-preview:large","max-video-preview":"max-video-preview:-1"},"canonical":"https:\/\/www.jinyupaint.com\/it\/prodotto\/bga-40-acrylic-polyurethane-topcoat\/","og_locale":"it_IT","og_type":"article","og_title":"BGA-40 Acrylic Polyurethane Topcoat","og_description":"High-performance \u200b\u200baliphatic acrylic polyurethane finish\u200b\u200b with superior UV resistance & color retention. Ideal for steel structures in corrosive environments. Low-sheen, durable \u200b\u200bpolyurethane enamel paint\u200b\u200b.","og_url":"https:\/\/www.jinyupaint.com\/it\/prodotto\/bga-40-acrylic-polyurethane-topcoat\/","og_site_name":"KAIDA PAINT\u00ae","article_modified_time":"2025-07-14T08:23:42+00:00","og_image":[{"width":750,"height":750,"url":"https:\/\/www.jinyupaint.com\/wp-content\/uploads\/2023\/10\/Acrylic-Polyurethane-Finish.jpg","type":"image\/jpeg"}],"twitter_card":"summary_large_image","twitter_misc":{"Tempo di lettura stimato":"3 minuti"},"schema":{"@context":"https:\/\/schema.org","@graph":[{"@type":"WebPage","@id":"https:\/\/www.jinyupaint.com\/product\/bga-40-acrylic-polyurethane-topcoat","url":"https:\/\/www.jinyupaint.com\/product\/bga-40-acrylic-polyurethane-topcoat","name":"BGA-40 Acrylic Polyurethane Topcoat - KAIDA PAINT\u00ae Manufacturer | Supplier","isPartOf":{"@id":"https:\/\/www.jinyupaint.com\/#website"},"primaryImageOfPage":{"@id":"https:\/\/www.jinyupaint.com\/product\/bga-40-acrylic-polyurethane-topcoat#primaryimage"},"image":{"@id":"https:\/\/www.jinyupaint.com\/product\/bga-40-acrylic-polyurethane-topcoat#primaryimage"},"thumbnailUrl":"https:\/\/www.jinyupaint.com\/wp-content\/uploads\/2023\/10\/Acrylic-Polyurethane-Finish.jpg","datePublished":"2023-10-17T02:49:22+00:00","dateModified":"2025-07-14T08:23:42+00:00","description":"Finitura poliuretanica acrilica alifatica ad alte prestazioni con resistenza ai raggi UV e ritenzione del colore superiori. Ideale per strutture in acciaio in ambienti corrosivi. Smalto poliuretanico a bassa lucentezza e lunga durata.","breadcrumb":{"@id":"https:\/\/www.jinyupaint.com\/product\/bga-40-acrylic-polyurethane-topcoat#breadcrumb"},"inLanguage":"it-IT","potentialAction":[{"@type":"ReadAction","target":["https:\/\/www.jinyupaint.com\/product\/bga-40-acrylic-polyurethane-topcoat"]}]},{"@type":"ImageObject","inLanguage":"it-IT","@id":"https:\/\/www.jinyupaint.com\/product\/bga-40-acrylic-polyurethane-topcoat#primaryimage","url":"https:\/\/www.jinyupaint.com\/wp-content\/uploads\/2023\/10\/Acrylic-Polyurethane-Finish.jpg","contentUrl":"https:\/\/www.jinyupaint.com\/wp-content\/uploads\/2023\/10\/Acrylic-Polyurethane-Finish.jpg","width":750,"height":750,"caption":"Acrylic Polyurethane Finish"},{"@type":"BreadcrumbList","@id":"https:\/\/www.jinyupaint.com\/product\/bga-40-acrylic-polyurethane-topcoat#breadcrumb","itemListElement":[{"@type":"ListItem","position":1,"name":"Home","item":"https:\/\/www.jinyupaint.com\/"},{"@type":"ListItem","position":2,"name":"Shop","item":"https:\/\/www.jinyupaint.com\/shop.html"},{"@type":"ListItem","position":3,"name":"BGA-40 Acrylic Polyurethane Topcoat"}]},{"@type":"WebSite","@id":"https:\/\/www.jinyupaint.com\/#website","url":"https:\/\/www.jinyupaint.com\/","name":"VERNICE JINYU","description":"JINYU PAINT\u00ae Produttore","potentialAction":[{"@type":"SearchAction","target":{"@type":"EntryPoint","urlTemplate":"https:\/\/www.jinyupaint.com\/?s={search_term_string}"},"query-input":{"@type":"PropertyValueSpecification","valueRequired":true,"valueName":"search_term_string"}}],"inLanguage":"it-IT"}]}},"_links":{"self":[{"href":"https:\/\/www.jinyupaint.com\/it\/wp-json\/wp\/v2\/product\/1482","targetHints":{"allow":["GET"]}}],"collection":[{"href":"https:\/\/www.jinyupaint.com\/it\/wp-json\/wp\/v2\/product"}],"about":[{"href":"https:\/\/www.jinyupaint.com\/it\/wp-json\/wp\/v2\/types\/product"}],"wp:featuredmedia":[{"embeddable":true,"href":"https:\/\/www.jinyupaint.com\/it\/wp-json\/wp\/v2\/media\/5095"}],"wp:attachment":[{"href":"https:\/\/www.jinyupaint.com\/it\/wp-json\/wp\/v2\/media?parent=1482"}],"wp:term":[{"taxonomy":"product_brand","embeddable":true,"href":"https:\/\/www.jinyupaint.com\/it\/wp-json\/wp\/v2\/product_brand?post=1482"},{"taxonomy":"product_cat","embeddable":true,"href":"https:\/\/www.jinyupaint.com\/it\/wp-json\/wp\/v2\/product_cat?post=1482"},{"taxonomy":"product_tag","embeddable":true,"href":"https:\/\/www.jinyupaint.com\/it\/wp-json\/wp\/v2\/product_tag?post=1482"}],"curies":[{"name":"wp","href":"https:\/\/api.w.org\/{rel}","templated":true}]}}